{"id":25090,"date":"2025-03-31T00:53:42","date_gmt":"2025-03-30T16:53:42","guid":{"rendered":"https:\/\/fizzyvape.eu\/product\/fizzy-nova-plus-blueberry-coconut-40000-puffow-10-sztuk\/"},"modified":"2025-12-31T14:05:00","modified_gmt":"2025-12-31T06:05:00","slug":"fizzy-nova-plus-blueberry-coconut-40000-puffow-10-sztuk","status":"publish","type":"product","link":"https:\/\/fizzyvape.eu\/pl\/produkt\/fizzy-nova-plus-blueberry-coconut-40000-puffow-10-sztuk\/","title":{"rendered":"Fizzy Nova Plus Blueberry Coconut &#8211; 40000 puff\u00f3w &#8211; 10 sztuk"},"content":{"rendered":"<div>\n<h1><strong>Fizzy Nova Plus Blueberry Coconut 40000 puff\u00f3w &#8211; jednorazowy zestaw Vape Premium Tropical Fusion<\/strong><\/h1>\n<p>Wyrusz w tropikaln\u0105 podr\u00f3\u017c smakow\u0105 z <strong>Fizzy Nova Plus Blueberry Coconut 40,000 Puffs<\/strong>. Ten wysokiej jako\u015bci jednorazowy waporyzator \u0142\u0105czy w sobie soczyste dzikie jagody z kremowym kokosem, zapewniaj\u0105c egzotyczne, aksamitnie g\u0142adkie doznania podczas waporyzacji. Ciesz si\u0119 <strong>40 000 zaci\u0105gni\u0119\u0107<\/strong> t\u0105 doskonale zbalansowan\u0105 tropikaln\u0105 fuzj\u0105, dostarczaj\u0105c\u0105 niezmiennie obfite i satysfakcjonuj\u0105ce chmury przy ka\u017cdym zaci\u0105gni\u0119ciu.  <\/p>\n<h3>Kluczowe cechy:<\/h3>\n<p>\ud83d\udd39 <strong>Bezprecedensowe 40 000 puff\u00f3w<\/strong> &#8211; do\u015bwiadcz wi\u0119kszej satysfakcji dzi\u0119ki naszej wiod\u0105cej w bran\u017cy pojemno\u015bci<br \/>\n\ud83d\udd39 <strong>Du\u017ca pojemno\u015b\u0107 40 ml<\/strong> &#8211; tygodnie nieprzerwanej przyjemno\u015bci z waporyzacji<br \/>\n\ud83d\udd39 <strong>Cewki Dual Mesh nowej generacji<\/strong> &#8211; zaprojektowane z my\u015bl\u0105 o maksymalnej ekstrakcji aromatu i produkcji chmury.<br \/>\n\ud83d\udd39 <strong>Inteligentne, podw\u00f3jne tryby waporyzacji<\/strong> &#8211; zoptymalizuj swoje doznania dzi\u0119ki oszcz\u0119dzaj\u0105cemu bateri\u0119 trybowi <strong>Eco<\/strong> lub poprawiaj\u0105cemu smak trybowi <strong>Turbo<\/strong>.<br \/>\n\ud83d\udd39 <strong>Inteligentne monitorowanie mocy<\/strong> &#8211; wy\u015bwietlacz LED zapewnia natychmiastowe aktualizacje stanu baterii i e-cieczy<br \/>\n\ud83d\udd39 <strong>Ultraszybkie \u0142adowanie przez USB-C<\/strong> &#8211; bateria o pojemno\u015bci 850 mAh w pe\u0142ni na\u0142aduje si\u0119 w zaledwie 120 minut. <\/p>\n<h3><strong>Dlaczego warto wybra\u0107 Fizzy Nova Plus?<\/strong><\/h3>\n<p>\ud83d\udd25 <strong>Niezr\u00f3wnana trwa\u0142o\u015b\u0107<\/strong> &#8211; przewy\u017csza zwyk\u0142e jednoraz\u00f3wki o <strong>300%<\/strong><br \/>\n\ud83d\udc8e <strong>In\u017cynieria premium<\/strong> &#8211; konstrukcja ze stopu lotniczego z ergonomiczn\u0105 elegancj\u0105<br \/>\n\ud83d\udc51 <strong>Perfekcja smaku<\/strong> &#8211; skrupulatnie opracowana przez \u015bwiatowej s\u0142awy rzemie\u015blnik\u00f3w smaku. <\/p>\n<\/div>\n<div>\n<h3><strong>Opcje nikotyny:<\/strong><\/h3>\n<p>&#8211; <strong>2% (20 mg \/ ml)<\/strong> &#8211; idealny do g\u0142adkiej i aromatycznej waporyzacji<br \/>\n&#8211; <strong>5% (50 mg \/ ml)<\/strong> &#8211; Zaprojektowany dla mocniejszego, bardziej satysfakcjonuj\u0105cego uderzenia w gard\u0142o <\/p>\n<h3>Specyfikacja<\/h3>\n<table style=\"height: 449px;\" width=\"1340\">\n<tbody>\n<tr>\n<td>Puffy<\/td>\n<td><strong>40000+ Puffs<\/strong><\/td>\n<\/tr>\n<tr>\n<td>Pojemno\u015b\u0107 e-p\u0142ynu<\/td>\n<td><strong>40ml<\/strong><\/td>\n<\/tr>\n<tr>\n<td>Pojemno\u015b\u0107 baterii<\/td>\n<td><strong>850 mAh<\/strong><\/td>\n<\/tr>\n<tr>\n<td>Rozmiar<\/td>\n<td><strong>52,5*24,5*104,3 mm<\/strong><\/td>\n<\/tr>\n<tr>\n<td>Jednorazowe czy nie?<\/td>\n<td><strong>Jednorazowy<\/strong><\/td>\n<\/tr>\n<tr>\n<td>Metoda \u0142adowania<\/td>\n<td><strong>Kabel<\/strong><\/td>\n<\/tr>\n<tr>\n<td>Metoda aktywacji<\/td>\n<td><strong>Czujnik<\/strong><\/td>\n<\/tr>\n<tr>\n<td>Materia\u0142<\/td>\n<td><strong>PCTG<\/strong><\/td>\n<\/tr>\n<tr>\n<td>Poziom nikotyny<\/td>\n<td><strong>2% (20 mg\/ml) i 5% (50 mg\/ml)<\/strong><\/td>\n<\/tr>\n<tr>\n<td>Smaki<\/td>\n<td><strong>12<\/strong><\/td>\n<\/tr>\n<tr>\n<td>Pakowanie<\/td>\n<td><strong>1 opakowanie<\/strong><\/td>\n<\/tr>\n<tr>\n<td>Czas \u0142adowania<\/td>\n<td><strong>2 godziny<\/strong><\/td>\n<\/tr>\n<tr>\n<td>Przechowywanie<\/td>\n<td><strong>Unika\u0107 \u015brodowiska o wysokiej temperaturze i przechowywa\u0107 w ch\u0142odnym i suchym miejscu.<\/strong><\/td>\n<\/tr>\n<tr>\n<td>Osoby, kt\u00f3rym zabrania si\u0119 stosowania<\/td>\n<td><strong>Osoby niepe\u0142noletnie, kobiety w ci\u0105\u017cy i osoby uczulone na sk\u0142adniki produktu.<\/strong><\/td>\n<\/tr>\n<tr>\n<td>Uwaga<\/td>\n<td><strong>Nie po\u0142yka\u0107 tej substancji. W przypadku po\u0142kni\u0119cia nale\u017cy natychmiast dok\u0142adnie wyp\u0142uka\u0107 usta. W przypadku z\u0142ego samopoczucia nale\u017cy skontaktowa\u0107 si\u0119 z lekarzem.  <\/strong><\/td>\n<\/tr>\n<\/tbody>\n<\/table>\n<h3>Lista smak\u00f3w <strong>Fizzy Nova Plus <\/strong>40000 Puffs:<\/h3>\n<ol>\n<li><a href=\"https:\/\/fizzyvape.eu\/pl\/produkt\/fizzy-nova-plus-strawberry-kiwi-40000-puffow-10-sztuk\/\">Truskawka Kiwi<\/a><\/li>\n<li><a href=\"https:\/\/fizzyvape.eu\/pl\/produkt\/fizzy-nova-plus-blueberry-ice-40000-puffow-10-sztuk\/\">L\u00f3d jagodowy<\/a><\/li>\n<li><a href=\"https:\/\/fizzyvape.eu\/pl\/produkt\/fizzy-nova-plus-watermelon-ice-40000-puffow-10-sztuk\/\">Arbuzowy l\u00f3d<\/a><\/li>\n<li><a href=\"https:\/\/fizzyvape.eu\/pl\/produkt\/fizzy-nova-plus-peach-mango-watermelon-40000-puffow-10-sztuk\/\">Brzoskwinia Mango Arbuz<\/a><\/li>\n<li><a href=\"https:\/\/fizzyvape.eu\/pl\/produkt\/fizzy-nova-plus-kiwi-passion-fruit-guava-40000-puffow-10-sztuk\/\">Kiwi Passion Fruit Guava<\/a><\/li>\n<li><a href=\"https:\/\/fizzyvape.eu\/pl\/produkt\/fizzy-nova-plus-raspberry-lemon-40000-puffow-10-sztuk\/\">Malina z cytryn\u0105<\/a><\/li>\n<li><a href=\"https:\/\/fizzyvape.eu\/pl\/produkt\/fizzy-nova-plus-triple-berry-40000-puffow-10-sztuk\/\">Triple Berry<\/a><\/li>\n<li><a href=\"https:\/\/fizzyvape.eu\/pl\/produkt\/fizzy-nova-plus-peach-ice-40000-puffow-10-sztuk\/\">L\u00f3d brzoskwiniowy<\/a><\/li>\n<li><a href=\"https:\/\/fizzyvape.eu\/pl\/produkt\/fizzy-nova-plus-grape-lime-40000-puffow-10-sztuk\/\">Grape Lime<\/a><\/li>\n<li><a href=\"https:\/\/fizzyvape.eu\/pl\/produkt\/fizzy-nova-plus-blue-razz-lemonade-40000-puffow-10-sztuk\/\">Lemoniada Blue Razz<\/a><\/li>\n<li><a href=\"https:\/\/fizzyvape.eu\/pl\/produkt\/fizzy-nova-plus-strawberry-ice-40000-puffow-10-sztuk\/\">L\u00f3d truskawkowy<\/a><\/li>\n<li><a href=\"https:\/\/fizzyvape.eu\/pl\/produkt\/fizzy-nova-plus-blueberry-coconut-40000-puffow-10-sztuk\/\">Jagoda z kokosem<\/a><\/li>\n<\/ol>\n<h3>Najcz\u0119\u015bciej zadawane pytania dotycz\u0105ce Fizzy Nova Plus Blueberry Coconut 40000 Puffs Vape<\/h3>\n<p><strong>1. Jak d\u0142ugo wystarcza Fizzy Nova Plus Blueberry Coconut?<\/strong><br \/>\nDzi\u0119ki <strong>40 000 zaci\u0105gni\u0119\u0107<\/strong> waporyzator wystarcza na <strong>3 razy d\u0142u\u017cej<\/strong> ni\u017c standardowe jednoraz\u00f3wki, zapewniaj\u0105c d\u0142u\u017csz\u0105 przyjemno\u015b\u0107 bez konieczno\u015bci cz\u0119stej wymiany.<\/p>\n<p><strong>2. Jak smakuje aromat Blueberry Coconut?<\/strong><br \/>\nOferuje <strong>wyj\u0105tkow\u0105 tropikaln\u0105 fuzj\u0119<\/strong>, \u0142\u0105cz\u0105c\u0105 <strong>s\u0142odycz dzikich jag\u00f3d<\/strong> z <strong>g\u0142adk\u0105, kremow\u0105 esencj\u0105 kokosa<\/strong>, zapewniaj\u0105c bogate i egzotyczne doznania podczas waporyzacji.<\/p>\n<p><strong>3. Co sprawia, \u017ce Fizzy Nova Plus r\u00f3\u017cni si\u0119 od innych waporyzator\u00f3w jednorazowych?<\/strong><br \/>\nTo urz\u0105dzenie ma <strong>pojemno\u015b\u0107 40 ml e-liquidu, zaawansowan\u0105 technologi\u0119 podw\u00f3jnej cewki siatkowej, inteligentne dwa tryby waporyzacji (Eco i Turbo) oraz wska\u017anik zasilania LED<\/strong> zaprojektowany w celu zwi\u0119kszenia smaku, trwa\u0142o\u015bci i wygody.<\/p>\n<p><strong>4. Jakie st\u0119\u017cenia nikotyny s\u0105 dost\u0119pne?<\/strong><br \/>\nFizzy Nova Plus Blueberry Coconut jest dost\u0119pny w dw\u00f3ch opcjach:<\/p>\n<ul>\n<li><strong>2% (20 mg\/ml)<\/strong> &#8211; \u0142agodne i aromatyczne doznania<\/li>\n<li><strong>5% (50 mg\/ml)<\/strong> &#8211; mocniejsze uderzenie nikotyny dla bardziej intensywnego uderzenia w gard\u0142o.<\/li>\n<\/ul>\n<\/div>\n","protected":false},"excerpt":{"rendered":"<p>Do\u015bwiadcz luksusowej tropikalnej fuzji z <strong>Fizzy Nova Plus Blueberry Coconut 40,000 Puffs<\/strong>. Ten wysokiej jako\u015bci jednorazowy vape \u0142\u0105czy w sobie s\u0142odycz dzikich jag\u00f3d z kremowym kokosem, zapewniaj\u0105c egzotyczne, aksamitnie g\u0142adkie doznania podczas waporyzacji. <\/p>\n","protected":false},"featured_media":29978,"comment_status":"open","ping_status":"closed","template":"","meta":{"iawp_total_views":1},"product_brand":[],"product_cat":[352],"product_tag":[350],"class_list":{"0":"post-25090","1":"product","2":"type-product","3":"status-publish","4":"has-post-thumbnail","6":"product_cat-nova-plus-jednorazowy-e-papierosy-40000-puffs-pl","7":"product_tag-40000-zaciagniec","9":"first","10":"outofstock","11":"sale","12":"shipping-taxable","13":"purchasable","14":"product-type-variable"},"yoast_head":"<!-- This site is optimized with the Yoast SEO Premium plugin v24.8 (Yoast SEO v24.8) - https:\/\/yoast.com\/wordpress\/plugins\/seo\/ -->\n<title>Fizzy Nova Plus Blueberry Coconut - 40000 puff\u00f3w - 10 sztuk - fizzyvape.eu<\/title>\n<meta name=\"description\" content=\"Fizzy Nova Plus Blueberry Coconut 40,000 Puffs Disposable Vape - Tropikalny smak fusion, 40 ml e-liquidu, podw\u00f3jne cewki siatkowe. Ciesz si\u0119 d\u0142ugotrwa\u0142\u0105 satysfakcj\u0105!\" \/>\n<meta name=\"robots\" content=\"index, follow, max-snippet:-1, max-image-preview:large, max-video-preview:-1\" \/>\n<link rel=\"canonical\" href=\"https:\/\/fizzyvape.eu\/pl\/produkt\/fizzy-nova-plus-blueberry-coconut-40000-puffow-10-sztuk\/\" \/>\n<meta property=\"og:locale\" content=\"pl_PL\" \/>\n<meta property=\"og:type\" content=\"article\" \/>\n<meta property=\"og:title\" content=\"Fizzy Nova Plus Blueberry Coconut - 40000 puff\u00f3w - 10 sztuk\" \/>\n<meta property=\"og:description\" content=\"Fizzy Nova Plus Blueberry Coconut 40,000 Puffs Disposable Vape - Tropikalny smak fusion, 40 ml e-liquidu, podw\u00f3jne cewki siatkowe. Ciesz si\u0119 d\u0142ugotrwa\u0142\u0105 satysfakcj\u0105!\" \/>\n<meta property=\"og:url\" content=\"https:\/\/fizzyvape.eu\/pl\/produkt\/fizzy-nova-plus-blueberry-coconut-40000-puffow-10-sztuk\/\" \/>\n<meta property=\"og:site_name\" content=\"fizzyvape.eu\" \/>\n<meta property=\"article:modified_time\" content=\"2025-12-31T06:05:00+00:00\" \/>\n<meta property=\"og:image\" content=\"https:\/\/fizzyvape.eu\/wp-content\/uploads\/2025\/04\/Fizzy-Nova-Plus-Blueberry-Coconut-40000Puffs-1.webp\" \/>\n\t<meta property=\"og:image:width\" content=\"800\" \/>\n\t<meta property=\"og:image:height\" content=\"800\" \/>\n\t<meta property=\"og:image:type\" content=\"image\/webp\" \/>\n<meta name=\"twitter:card\" content=\"summary_large_image\" \/>\n<meta name=\"twitter:label1\" content=\"Dost\u0119pno\u015b\u0107\" \/>\n\t<meta name=\"twitter:data1\" content=\"Brak w magazynie\" \/>\n<script type=\"application\/ld+json\" class=\"yoast-schema-graph\">{\"@context\":\"https:\/\/schema.org\",\"@graph\":[{\"@type\":\"WebPage\",\"@id\":\"https:\/\/fizzyvape.eu\/pl\/produkt\/fizzy-nova-plus-blueberry-coconut-40000-puffow-10-sztuk\/\",\"url\":\"https:\/\/fizzyvape.eu\/pl\/produkt\/fizzy-nova-plus-blueberry-coconut-40000-puffow-10-sztuk\/\",\"name\":\"Fizzy Nova Plus Blueberry Coconut - 40000 puff\u00f3w - 10 sztuk - fizzyvape.eu\",\"isPartOf\":{\"@id\":\"https:\/\/www.fizzyvape.eu\/pl\/#website\"},\"primaryImageOfPage\":{\"@id\":\"https:\/\/fizzyvape.eu\/pl\/produkt\/fizzy-nova-plus-blueberry-coconut-40000-puffow-10-sztuk\/#primaryimage\"},\"image\":{\"@id\":\"https:\/\/fizzyvape.eu\/pl\/produkt\/fizzy-nova-plus-blueberry-coconut-40000-puffow-10-sztuk\/#primaryimage\"},\"thumbnailUrl\":\"https:\/\/fizzyvape.eu\/wp-content\/uploads\/2025\/03\/Fizzy-Nova-Plus-40000-Puffs-Blueberry-Coconut-10pcs.webp\",\"datePublished\":\"2025-03-30T16:53:42+00:00\",\"dateModified\":\"2025-12-31T06:05:00+00:00\",\"description\":\"Fizzy Nova Plus Blueberry Coconut 40,000 Puffs Disposable Vape - Tropikalny smak fusion, 40 ml e-liquidu, podw\u00f3jne cewki siatkowe. Ciesz si\u0119 d\u0142ugotrwa\u0142\u0105 satysfakcj\u0105!\",\"breadcrumb\":{\"@id\":\"https:\/\/fizzyvape.eu\/pl\/produkt\/fizzy-nova-plus-blueberry-coconut-40000-puffow-10-sztuk\/#breadcrumb\"},\"inLanguage\":\"pl-PL\",\"potentialAction\":[{\"@type\":\"ReadAction\",\"target\":[\"https:\/\/fizzyvape.eu\/pl\/produkt\/fizzy-nova-plus-blueberry-coconut-40000-puffow-10-sztuk\/\"]}]},{\"@type\":\"ImageObject\",\"inLanguage\":\"pl-PL\",\"@id\":\"https:\/\/fizzyvape.eu\/pl\/produkt\/fizzy-nova-plus-blueberry-coconut-40000-puffow-10-sztuk\/#primaryimage\",\"url\":\"https:\/\/fizzyvape.eu\/wp-content\/uploads\/2025\/03\/Fizzy-Nova-Plus-40000-Puffs-Blueberry-Coconut-10pcs.webp\",\"contentUrl\":\"https:\/\/fizzyvape.eu\/wp-content\/uploads\/2025\/03\/Fizzy-Nova-Plus-40000-Puffs-Blueberry-Coconut-10pcs.webp\",\"width\":800,\"height\":800,\"caption\":\"Fizzy Nova Plus 40000 Puffs Blueberry Coconut 10szt\"},{\"@type\":\"BreadcrumbList\",\"@id\":\"https:\/\/fizzyvape.eu\/pl\/produkt\/fizzy-nova-plus-blueberry-coconut-40000-puffow-10-sztuk\/#breadcrumb\",\"itemListElement\":[{\"@type\":\"ListItem\",\"position\":1,\"name\":\"Home\",\"item\":\"https:\/\/fizzyvape.eu\/pl\/\"},{\"@type\":\"ListItem\",\"position\":2,\"name\":\"Sklep\",\"item\":\"https:\/\/fizzyvape.eu\/pl\/sklep\/\"},{\"@type\":\"ListItem\",\"position\":3,\"name\":\"Fizzy Nova Plus Blueberry Coconut &#8211; 40000 puff\u00f3w &#8211; 10 sztuk\"}]},{\"@type\":\"WebSite\",\"@id\":\"https:\/\/www.fizzyvape.eu\/pl\/#website\",\"url\":\"https:\/\/www.fizzyvape.eu\/pl\/\",\"name\":\"fizzyvape.eu\",\"description\":\"Refreshing Vapes. Unforgettable Taste.\",\"publisher\":{\"@id\":\"https:\/\/www.fizzyvape.eu\/pl\/#organization\"},\"potentialAction\":[{\"@type\":\"SearchAction\",\"target\":{\"@type\":\"EntryPoint\",\"urlTemplate\":\"https:\/\/www.fizzyvape.eu\/pl\/?s={search_term_string}\"},\"query-input\":{\"@type\":\"PropertyValueSpecification\",\"valueRequired\":true,\"valueName\":\"search_term_string\"}}],\"inLanguage\":\"pl-PL\"},{\"@type\":\"Organization\",\"@id\":\"https:\/\/www.fizzyvape.eu\/pl\/#organization\",\"name\":\"fizzyvape.eu\",\"url\":\"https:\/\/www.fizzyvape.eu\/pl\/\",\"logo\":{\"@type\":\"ImageObject\",\"inLanguage\":\"pl-PL\",\"@id\":\"https:\/\/www.fizzyvape.eu\/pl\/#\/schema\/logo\/image\/\",\"url\":\"https:\/\/fizzyvape.eu\/wp-content\/uploads\/2019\/06\/print-1.svg\",\"contentUrl\":\"https:\/\/fizzyvape.eu\/wp-content\/uploads\/2019\/06\/print-1.svg\",\"width\":124,\"height\":37,\"caption\":\"fizzyvape.eu\"},\"image\":{\"@id\":\"https:\/\/www.fizzyvape.eu\/pl\/#\/schema\/logo\/image\/\"}}]}<\/script>\n<meta property=\"og:availability\" content=\"out of stock\" \/>\n<meta property=\"product:availability\" content=\"out of stock\" \/>\n<meta property=\"product:condition\" content=\"new\" \/>\n<!-- \/ Yoast SEO Premium plugin. -->","yoast_head_json":{"title":"Fizzy Nova Plus Blueberry Coconut - 40000 puff\u00f3w - 10 sztuk - fizzyvape.eu","description":"Fizzy Nova Plus Blueberry Coconut 40,000 Puffs Disposable Vape - Tropikalny smak fusion, 40 ml e-liquidu, podw\u00f3jne cewki siatkowe. Ciesz si\u0119 d\u0142ugotrwa\u0142\u0105 satysfakcj\u0105!","robots":{"index":"index","follow":"follow","max-snippet":"max-snippet:-1","max-image-preview":"max-image-preview:large","max-video-preview":"max-video-preview:-1"},"canonical":"https:\/\/fizzyvape.eu\/pl\/produkt\/fizzy-nova-plus-blueberry-coconut-40000-puffow-10-sztuk\/","og_locale":"pl_PL","og_type":"article","og_title":"Fizzy Nova Plus Blueberry Coconut - 40000 puff\u00f3w - 10 sztuk","og_description":"Fizzy Nova Plus Blueberry Coconut 40,000 Puffs Disposable Vape - Tropikalny smak fusion, 40 ml e-liquidu, podw\u00f3jne cewki siatkowe. Ciesz si\u0119 d\u0142ugotrwa\u0142\u0105 satysfakcj\u0105!","og_url":"https:\/\/fizzyvape.eu\/pl\/produkt\/fizzy-nova-plus-blueberry-coconut-40000-puffow-10-sztuk\/","og_site_name":"fizzyvape.eu","article_modified_time":"2025-12-31T06:05:00+00:00","og_image":[{"width":800,"height":800,"url":"https:\/\/fizzyvape.eu\/wp-content\/uploads\/2025\/04\/Fizzy-Nova-Plus-Blueberry-Coconut-40000Puffs-1.webp","type":"image\/webp"}],"twitter_card":"summary_large_image","twitter_misc":{"Dost\u0119pno\u015b\u0107":"Brak w magazynie"},"schema":{"@context":"https:\/\/schema.org","@graph":[{"@type":"WebPage","@id":"https:\/\/fizzyvape.eu\/pl\/produkt\/fizzy-nova-plus-blueberry-coconut-40000-puffow-10-sztuk\/","url":"https:\/\/fizzyvape.eu\/pl\/produkt\/fizzy-nova-plus-blueberry-coconut-40000-puffow-10-sztuk\/","name":"Fizzy Nova Plus Blueberry Coconut - 40000 puff\u00f3w - 10 sztuk - fizzyvape.eu","isPartOf":{"@id":"https:\/\/www.fizzyvape.eu\/pl\/#website"},"primaryImageOfPage":{"@id":"https:\/\/fizzyvape.eu\/pl\/produkt\/fizzy-nova-plus-blueberry-coconut-40000-puffow-10-sztuk\/#primaryimage"},"image":{"@id":"https:\/\/fizzyvape.eu\/pl\/produkt\/fizzy-nova-plus-blueberry-coconut-40000-puffow-10-sztuk\/#primaryimage"},"thumbnailUrl":"https:\/\/fizzyvape.eu\/wp-content\/uploads\/2025\/03\/Fizzy-Nova-Plus-40000-Puffs-Blueberry-Coconut-10pcs.webp","datePublished":"2025-03-30T16:53:42+00:00","dateModified":"2025-12-31T06:05:00+00:00","description":"Fizzy Nova Plus Blueberry Coconut 40,000 Puffs Disposable Vape - Tropikalny smak fusion, 40 ml e-liquidu, podw\u00f3jne cewki siatkowe. Ciesz si\u0119 d\u0142ugotrwa\u0142\u0105 satysfakcj\u0105!","breadcrumb":{"@id":"https:\/\/fizzyvape.eu\/pl\/produkt\/fizzy-nova-plus-blueberry-coconut-40000-puffow-10-sztuk\/#breadcrumb"},"inLanguage":"pl-PL","potentialAction":[{"@type":"ReadAction","target":["https:\/\/fizzyvape.eu\/pl\/produkt\/fizzy-nova-plus-blueberry-coconut-40000-puffow-10-sztuk\/"]}]},{"@type":"ImageObject","inLanguage":"pl-PL","@id":"https:\/\/fizzyvape.eu\/pl\/produkt\/fizzy-nova-plus-blueberry-coconut-40000-puffow-10-sztuk\/#primaryimage","url":"https:\/\/fizzyvape.eu\/wp-content\/uploads\/2025\/03\/Fizzy-Nova-Plus-40000-Puffs-Blueberry-Coconut-10pcs.webp","contentUrl":"https:\/\/fizzyvape.eu\/wp-content\/uploads\/2025\/03\/Fizzy-Nova-Plus-40000-Puffs-Blueberry-Coconut-10pcs.webp","width":800,"height":800,"caption":"Fizzy Nova Plus 40000 Puffs Blueberry Coconut 10szt"},{"@type":"BreadcrumbList","@id":"https:\/\/fizzyvape.eu\/pl\/produkt\/fizzy-nova-plus-blueberry-coconut-40000-puffow-10-sztuk\/#breadcrumb","itemListElement":[{"@type":"ListItem","position":1,"name":"Home","item":"https:\/\/fizzyvape.eu\/pl\/"},{"@type":"ListItem","position":2,"name":"Sklep","item":"https:\/\/fizzyvape.eu\/pl\/sklep\/"},{"@type":"ListItem","position":3,"name":"Fizzy Nova Plus Blueberry Coconut &#8211; 40000 puff\u00f3w &#8211; 10 sztuk"}]},{"@type":"WebSite","@id":"https:\/\/www.fizzyvape.eu\/pl\/#website","url":"https:\/\/www.fizzyvape.eu\/pl\/","name":"fizzyvape.eu","description":"Refreshing Vapes. Unforgettable Taste.","publisher":{"@id":"https:\/\/www.fizzyvape.eu\/pl\/#organization"},"potentialAction":[{"@type":"SearchAction","target":{"@type":"EntryPoint","urlTemplate":"https:\/\/www.fizzyvape.eu\/pl\/?s={search_term_string}"},"query-input":{"@type":"PropertyValueSpecification","valueRequired":true,"valueName":"search_term_string"}}],"inLanguage":"pl-PL"},{"@type":"Organization","@id":"https:\/\/www.fizzyvape.eu\/pl\/#organization","name":"fizzyvape.eu","url":"https:\/\/www.fizzyvape.eu\/pl\/","logo":{"@type":"ImageObject","inLanguage":"pl-PL","@id":"https:\/\/www.fizzyvape.eu\/pl\/#\/schema\/logo\/image\/","url":"https:\/\/fizzyvape.eu\/wp-content\/uploads\/2019\/06\/print-1.svg","contentUrl":"https:\/\/fizzyvape.eu\/wp-content\/uploads\/2019\/06\/print-1.svg","width":124,"height":37,"caption":"fizzyvape.eu"},"image":{"@id":"https:\/\/www.fizzyvape.eu\/pl\/#\/schema\/logo\/image\/"}}]},"og_availability":"out of stock","product_availability":"out of stock","product_condition":"new"},"tiered_pricing_type":"fixed","tiered_pricing_fixed_rules":[],"tiered_pricing_product_settings":{"layout":"default","base_unit_name":{"singular":null,"plural":null},"default_variation":null},"tiered_pricing_minimum_quantity":null,"tiered_pricing_roles_data":[],"tiered_pricing_percentage_rules":[],"tiered_pricing_maximum_quantity":null,"tiered_pricing_quantity_step":null,"_links":{"self":[{"href":"https:\/\/fizzyvape.eu\/pl\/wp-json\/wp\/v2\/product\/25090","targetHints":{"allow":["GET"]}}],"collection":[{"href":"https:\/\/fizzyvape.eu\/pl\/wp-json\/wp\/v2\/product"}],"about":[{"href":"https:\/\/fizzyvape.eu\/pl\/wp-json\/wp\/v2\/types\/product"}],"replies":[{"embeddable":true,"href":"https:\/\/fizzyvape.eu\/pl\/wp-json\/wp\/v2\/comments?post=25090"}],"version-history":[{"count":0,"href":"https:\/\/fizzyvape.eu\/pl\/wp-json\/wp\/v2\/product\/25090\/revisions"}],"wp:featuredmedia":[{"embeddable":true,"href":"https:\/\/fizzyvape.eu\/pl\/wp-json\/wp\/v2\/media\/29978"}],"wp:attachment":[{"href":"https:\/\/fizzyvape.eu\/pl\/wp-json\/wp\/v2\/media?parent=25090"}],"wp:term":[{"taxonomy":"product_brand","embeddable":true,"href":"https:\/\/fizzyvape.eu\/pl\/wp-json\/wp\/v2\/product_brand?post=25090"},{"taxonomy":"product_cat","embeddable":true,"href":"https:\/\/fizzyvape.eu\/pl\/wp-json\/wp\/v2\/product_cat?post=25090"},{"taxonomy":"product_tag","embeddable":true,"href":"https:\/\/fizzyvape.eu\/pl\/wp-json\/wp\/v2\/product_tag?post=25090"}],"curies":[{"name":"wp","href":"https:\/\/api.w.org\/{rel}","templated":true}]}}