{"id":25138,"date":"2025-03-31T11:51:27","date_gmt":"2025-03-31T03:51:27","guid":{"rendered":"https:\/\/fizzyvape.eu\/product\/fizzy-twins-watermelon-ice-strawberry-kiwi-50000-puffow-10-sztuk\/"},"modified":"2026-03-26T17:04:27","modified_gmt":"2026-03-26T09:04:27","slug":"fizzy-twins-watermelon-ice-strawberry-kiwi-50000-puffow-10-sztuk","status":"publish","type":"product","link":"https:\/\/fizzyvape.eu\/pl\/produkt\/fizzy-twins-watermelon-ice-strawberry-kiwi-50000-puffow-10-sztuk\/","title":{"rendered":"Fizzy Twins Watermelon Ice &amp; Strawberry Kiwi &#8211; 50000 puff\u00f3w &#8211; 10 sztuk"},"content":{"rendered":"<div>\n<h1>Fizzy Twins Watermelon Ice &amp; Strawberry Kiwi 50000 Puffs &#8211; najwy\u017cszej jako\u015bci akumulator Vape o dw\u00f3ch smakach<\/h1>\n<p>Do\u015bwiadcz najwy\u017cszej wygody waporyzacji dzi\u0119ki <strong>Fizzy Twins Watermelon Ice &amp; Strawberry Kiwi 50000 Puffs<\/strong>. Zaprojektowany z my\u015bl\u0105 o d\u0142ugotrwa\u0142ej przyjemno\u015bci, ten innowacyjny vape z dwoma zbiornikami pozwala bez wysi\u0142ku prze\u0142\u0105cza\u0107 si\u0119 mi\u0119dzy dwoma orze\u017awiaj\u0105cymi smakami. <strong>Soczysty arbuzowy l<\/strong> \u00f3d oferuje ch\u0142odne i orze\u017awiaj\u0105ce doznania, podczas gdy <strong>s\u0142odka i pikantna truskawka kiwi<\/strong> zapewnia zachwycaj\u0105c\u0105 owocow\u0105 mieszank\u0119. Dzi\u0119ki <strong>regulowanemu przep\u0142ywowi powietrza i dw\u00f3m trybom<\/strong> mocy mo\u017cesz dostosowa\u0107 swoje doznania podczas waporyzacji, aby uzyska\u0107 p\u0142ynne lub intensywne uderzenia. Niezale\u017cnie od tego, czy szukasz bogatej pary, czy satysfakcjonuj\u0105cego uderzenia w gard\u0142o, Fizzy Twins zapewni Ci ochron\u0119.    <\/p>\n<h3>Kluczowe cechy:<\/h3>\n<p>\u2705 <strong>Do 50000 zaci\u0105gni\u0119\u0107<\/strong> &#8211; wyj\u0105tkowo d\u0142uga \u017cywotno\u015b\u0107, zapewniaj\u0105ca d\u0142u\u017csz\u0105 przyjemno\u015b\u0107 z waporyzacji.<br \/>\n\u2705 <strong>Akumulator o pojemno\u015bci 850 mAh<\/strong> &#8211; \u0142atwe \u0142adowanie przez <strong>port USB typu C<\/strong> zapewnia d\u0142ugotrwa\u0142e doznania z waporyzacji.<br \/>\n\u2705 <strong>Ogromna pojemno\u015b\u0107 50 ml e-p\u0142ynu<\/strong> &#8211; nie musisz martwi\u0107 si\u0119 o uzupe\u0142nianie &#8211; po prostu wapuj i ciesz si\u0119.<br \/>\n\u2705 <strong>System podw\u00f3jnego smaku<\/strong> &#8211; p\u0142ynne prze\u0142\u0105czanie mi\u0119dzy <strong data-is-only-node=\"\">arbuzowym lodem<\/strong> a <strong>truskawkowym kiwi<\/strong>.<br \/>\n\u2705 <strong>Technologia podw\u00f3jnego zbiornika<\/strong> &#8211; utrzymuje czyste i wyra\u017ane smaki, zapobiegaj\u0105c ich mieszaniu.<br \/>\n\u2705 <strong>Regulowany przep\u0142yw powietrza<\/strong> &#8211; dostosuj wdech, aby uzyska\u0107 \u0142agodniejsze lub mocniejsze zaci\u0105ganie.<br \/>\n\u2705 <strong>Podw\u00f3jny tryb zasilania<\/strong> &#8211; wyb\u00f3r mi\u0119dzy <strong>trybem ECO<\/strong> dla zr\u00f3wnowa\u017conej pary lub <strong>trybem Boost<\/strong> dla bogatszego, bardziej intensywnego uderzenia.<br \/>\n\u2705 <strong>Elegancka i przeno\u015bna konstrukcja<\/strong> &#8211; ergonomiczna konstrukcja zapewnia wygod\u0119 i \u0142atwo\u015b\u0107 przenoszenia.<br \/>\n\u2705 <strong>Metalowa obudowa klasy premium<\/strong> &#8211; stylowa, trwa\u0142a i wygodna do trzymania, zapewniaj\u0105ca luksusowe doznania podczas waporyzacji.<\/p>\n<h3><strong>Dlaczego warto wybra\u0107 Fizzy Twins Dual Flavor Vape 50000 Puffs?<\/strong><\/h3>\n<p>\ud83d\udd25 <strong>Dwa smaki w jednym urz\u0105dzeniu<\/strong> &#8211; nie musisz nosi\u0107 ze sob\u0105 kilku waporyzator\u00f3w; ciesz si\u0119 dwoma smakami bez wysi\u0142ku.<br \/>\n\ud83d\udd25 <strong>Wyd\u0142u\u017cona \u017cywotno\u015b\u0107 baterii<\/strong> &#8211; <strong>akumulator<\/strong> o pojemno\u015bci <strong>850 mAh<\/strong> zapewnia ci\u0105g\u0142e zasilanie.<br \/>\n\ud83d\udd25 <strong>Du\u017ca liczba zaci\u0105gni\u0119\u0107<\/strong> &#8211; do <strong>50000 zaci\u0105gni\u0119\u0107<\/strong>, idealna do d\u0142ugotrwa\u0142ego u\u017cytkowania.<br \/>\n\ud83d\udd25 <strong data-is-only-node=\"\">Wygodny i bezobs\u0142ugowy<\/strong> &#8211; <strong>50 ml wst\u0119pnie nape\u0142nionego e-liquidu<\/strong> nie wymaga uzupe\u0142niania.<br \/>\n\ud83d\udd25 <strong>P\u0142ynne i konfigurowalne wapowanie<\/strong> &#8211; regulowany przep\u0142yw powietrza i tryby mocy pozwalaj\u0105 dostosowa\u0107 doznania.<br \/>\n\ud83d\udd25 <strong>Najwy\u017csza jako\u015b\u0107 smaku<\/strong> &#8211; niezmiennie wyrazisty, g\u0142adki i satysfakcjonuj\u0105cy od pocz\u0105tku do ko\u0144ca.<\/p>\n<\/div>\n<div>\n<h3><strong>Opcje nikotyny:<\/strong><\/h3>\n<p>&#8211; <strong>2% (20 mg \/ ml)<\/strong> &#8211; idealny do g\u0142adkiej i aromatycznej waporyzacji<br \/>\n&#8211; <strong>5% (50 mg \/ ml)<\/strong> &#8211; Zaprojektowany dla mocniejszego, bardziej satysfakcjonuj\u0105cego uderzenia w gard\u0142o <\/p>\n<h3>Specyfikacja<\/h3>\n<table style=\"height: 449px;\" width=\"1340\">\n<tbody>\n<tr>\n<td>Puffy<\/td>\n<td><strong>50000+ Puffs<\/strong><\/td>\n<\/tr>\n<tr>\n<td>Pojemno\u015b\u0107 e-p\u0142ynu<\/td>\n<td><strong>50 ml (25 ml na smak)<\/strong><\/td>\n<\/tr>\n<tr>\n<td>Pojemno\u015b\u0107 baterii<\/td>\n<td><strong>850 mAh<\/strong><\/td>\n<\/tr>\n<tr>\n<td>Rozmiar<\/td>\n<td><strong>55,9*27,3*119,8 mm<\/strong><\/td>\n<\/tr>\n<tr>\n<td>Jednorazowe czy nie?<\/td>\n<td><strong>Jednorazowy<\/strong><\/td>\n<\/tr>\n<tr>\n<td>Regulowana moc<\/td>\n<td><strong>TAK<\/strong><\/td>\n<\/tr>\n<tr>\n<td>Metoda aktywacji<\/td>\n<td><strong>Czujnik<\/strong><\/td>\n<\/tr>\n<tr>\n<td>Materia\u0142<\/td>\n<td><strong>PCTG<\/strong><\/td>\n<\/tr>\n<tr>\n<td>Poziom nikotyny<\/td>\n<td><strong>2% (20 mg\/ml) i 5% (50 mg\/ml)<\/strong><\/td>\n<\/tr>\n<tr>\n<td>Smaki<\/td>\n<td><strong>12<\/strong><\/td>\n<\/tr>\n<tr>\n<td>Pakowanie<\/td>\n<td><strong>1 opakowanie<\/strong><\/td>\n<\/tr>\n<tr>\n<td>Czas \u0142adowania<\/td>\n<td><strong>2 godziny<\/strong><\/td>\n<\/tr>\n<tr>\n<td>Przechowywanie<\/td>\n<td><strong>Unika\u0107 \u015brodowiska o wysokiej temperaturze i przechowywa\u0107 w ch\u0142odnym i suchym miejscu.<\/strong><\/td>\n<\/tr>\n<tr>\n<td>Osoby, kt\u00f3rym zabrania si\u0119 stosowania<\/td>\n<td><strong>Osoby niepe\u0142noletnie, kobiety w ci\u0105\u017cy i osoby uczulone na sk\u0142adniki produktu.<\/strong><\/td>\n<\/tr>\n<tr>\n<td>Uwaga<\/td>\n<td><strong>Nie po\u0142yka\u0107 tej substancji. W przypadku po\u0142kni\u0119cia nale\u017cy natychmiast dok\u0142adnie wyp\u0142uka\u0107 usta. W przypadku z\u0142ego samopoczucia nale\u017cy skontaktowa\u0107 si\u0119 z lekarzem.  <\/strong><\/td>\n<\/tr>\n<\/tbody>\n<\/table>\n<h3>Lista smak\u00f3w <strong>Fizzy Twins <\/strong>50000 Puffs:<\/h3>\n<ol>\n<li><a href=\"https:\/\/fizzyvape.eu\/pl\/produkt\/fizzy-twins-watermelon-ice-strawberry-kiwi-50000-puffow-10-sztuk\/\">Arbuzowy l\u00f3d i truskawkowe kiwi<\/a><\/li>\n<li><a href=\"https:\/\/fizzyvape.eu\/pl\/produkt\/fizzy-twins-strawberry-kiwi-pomegranate-red-bull-50000-puffow-10-sztuk\/\">Truskawka Kiwi Pomegranate &amp; Red Bull<\/a><\/li>\n<li><a href=\"https:\/\/fizzyvape.eu\/pl\/produkt\/fizzy-twins-blueberry-coconut-grape-ice-50000-puffow-10-sztuk\/\">L\u00f3d jagodowo-kokosowy i winogronowy<\/a><\/li>\n<li><a href=\"https:\/\/fizzyvape.eu\/pl\/produkt\/fizzy-twins-blue-razz-lemonade-triple-melon-50000-puffow-10-sztuk\/\">Lemoniada Blue Razz i potr\u00f3jny melon<\/a><\/li>\n<li><a href=\"https:\/\/fizzyvape.eu\/pl\/produkt\/fizzy-twins-strawberry-watermelon-blueberry-ice-50000-puffow-10-sztuk\/\">Truskawkowy arbuz i l\u00f3d jagodowy<\/a><\/li>\n<li><a href=\"https:\/\/fizzyvape.eu\/pl\/produkt\/fizzy-twins-peach-mango-watermelon-strawberry-banana-50000-puffow-10-sztuk\/\">Brzoskwinia Mango Arbuz &amp; Truskawka Banan<\/a><\/li>\n<li><a href=\"\/product\/fizzy-twins-raspberry-watermenlon-kiwi-passion-fruit-guava-50000-puffs-10pcs\/\">Malina, arbuz i kiwi, marakuja, guawa<\/a><\/li>\n<li><a href=\"https:\/\/fizzyvape.eu\/pl\/produkt\/fizzy-twins-pineapple-peach-passion-fruit-blueberry-raspberry-50000-puffow-10-sztuk\/\">Ananas Brzoskwinia Marakuja &amp; Jagoda Malina<\/a><\/li>\n<li><a href=\"https:\/\/fizzyvape.eu\/pl\/produkt\/fizzy-twins-watermelon-ice-lemon-lime-50000-puffow-10-sztuk\/\">L\u00f3d arbuzowy i limonka cytrynowa<\/a><\/li>\n<li><a href=\"https:\/\/fizzyvape.eu\/pl\/produkt\/fizzy-twins-mixed-berry-peach-ice-50000-puffow-10-sztuk\/\">L\u00f3d jagodowo-brzoskwiniowy<\/a><\/li>\n<li><a href=\"https:\/\/fizzyvape.eu\/pl\/produkt\/fizzy-twins-strawberry-ice-fizzy-cherry-50000-puffow-10-sztuk\/\">Strawberry Ice &amp; Fizzy Cherry<\/a><\/li>\n<li><a href=\"https:\/\/fizzyvape.eu\/pl\/produkt\/fizzy-twins-raspberry-lemonade-strawberry-ice-50000-puffow-10-sztuk\/\">Lemoniada malinowa i l\u00f3d truskawkowy<\/a><\/li>\n<\/ol>\n<h3>Najcz\u0119\u015bciej zadawane pytania dotycz\u0105ce Fizzy Twins Watermelon Ice &amp; Strawberry Kiwi 50000 Puffs Vape<\/h3>\n<p><strong>1. Jak prze\u0142\u0105cza\u0107 si\u0119 mi\u0119dzy tymi dwoma smakami?<\/strong><br \/>\n<strong>Fizzy Twins<\/strong> posiada innowacyjny system dw\u00f3ch zbiornik\u00f3w, kt\u00f3ry umo\u017cliwia \u0142atwe prze\u0142\u0105czanie mi\u0119dzy smakami. Wystarczy post\u0119powa\u0107 zgodnie z wyznaczonym mechanizmem prze\u0142\u0105czania, aby prze\u0142\u0105cza\u0107 si\u0119 mi\u0119dzy Watermelon Fizz i Strawberry Kiwi, aby uzyska\u0107 p\u0142ynne wra\u017cenia. <\/p>\n<p><strong>2. Jak mog\u0119 na\u0142adowa\u0107 urz\u0105dzenie i jak d\u0142ugo dzia\u0142a bateria?<\/strong><br \/>\nTen vape jest wyposa\u017cony w akumulator o pojemno\u015bci <strong>850 mAh<\/strong> i mo\u017cna go \u0142atwo na\u0142adowa\u0107 za pomoc\u0105 <strong>kabla USB typu C<\/strong>. \u017bywotno\u015b\u0107 baterii zale\u017cy od u\u017cytkowania, ale pe\u0142ne na\u0142adowanie zwykle wystarcza na <strong>wiele sesji waporyzacji<\/strong> przed konieczno\u015bci\u0105 ponownego na\u0142adowania. <\/p>\n<p><strong>3. Czy mog\u0119 regulowa\u0107 intensywno\u015b\u0107 waporyzacji?<\/strong><br \/>\nTak! Fizzy Twins oferuje <strong>regulowany przep\u0142yw powietrza<\/strong> i <strong>dwa tryby mocy<\/strong>. Mo\u017cesz dostosowa\u0107 swoje wra\u017cenia z waporyzacji, wybieraj\u0105c <strong>tryb standardowy<\/strong> dla zr\u00f3wnowa\u017conej produkcji pary lub <strong>tryb Boost<\/strong> dla silniejszego uderzenia w gard\u0142o i bogatszych chmur.  <\/p>\n<p><strong>4. Czy musz\u0119 uzupe\u0142nia\u0107 vape e-liquidem?<\/strong><br \/>\nNie, Fizzy Twins jest <strong>fabrycznie nape\u0142niony 50 ml wysokiej jako\u015bci e-liquidu<\/strong>, co eliminuje potrzeb\u0119 uzupe\u0142niania. Po ca\u0142kowitym zu\u017cyciu e-liquidu urz\u0105dzenie nale\u017cy wymieni\u0107. <\/p>\n<p><strong>5. Jakie st\u0119\u017cenia nikotyny s\u0105 dost\u0119pne?<\/strong><br \/>\nFizzy Twins jest dost\u0119pny w dw\u00f3ch opcjach nikotynowych:<\/p>\n<ul>\n<li><strong>2% (20 mg \/ ml)<\/strong> &#8211; zapewnia g\u0142adkie i aromatyczne doznania.<\/li>\n<li><strong>5% (50 mg \/ ml)<\/strong> &#8211; oferuje mocniejsze, bardziej intensywne uderzenie w gard\u0142o dla tych, kt\u00f3rzy preferuj\u0105 wy\u017csz\u0105 zawarto\u015b\u0107 nikotyny.<\/li>\n<\/ul>\n<\/div>\n","protected":false},"excerpt":{"rendered":"<p><strong>Fizzy Twins Watermelon Ice &amp; Strawberry Kiwi 50000 Puffs<\/strong> zapewnia niezr\u00f3wnane wra\u017cenia z waporyzacji dzi\u0119ki dw\u00f3m smakom, akumulatorowi <strong>850 mAh<\/strong> i <strong>50 ml<\/strong> e-cieczy dla d\u0142ugotrwa\u0142ej przyjemno\u015bci. P\u0142ynnie prze\u0142\u0105czaj si\u0119 mi\u0119dzy ch\u0142odnym Watermelon Ice i s\u0142odkim Strawberry Kiwi i dostosuj swoje uderzenia dzi\u0119ki regulowanemu przep\u0142ywowi powietrza i dw\u00f3m trybom zasilania. <\/p>\n","protected":false},"featured_media":29790,"comment_status":"open","ping_status":"closed","template":"","meta":{"iawp_total_views":2},"product_brand":[],"product_cat":[253],"product_tag":[247],"class_list":{"0":"post-25138","1":"product","2":"type-product","3":"status-publish","4":"has-post-thumbnail","6":"product_cat-twins-jednorazowy-e-papieros-50k-50000-puffs-pl","7":"product_tag-50000puff","9":"first","10":"outofstock","11":"sale","12":"shipping-taxable","13":"purchasable","14":"product-type-variable"},"yoast_head":"<!-- This site is optimized with the Yoast SEO Premium plugin v24.8 (Yoast SEO v24.8) - https:\/\/yoast.com\/wordpress\/plugins\/seo\/ -->\n<title>Fizzy Twins Watermelon Ice &amp; Strawberry Kiwi - 50000 puff\u00f3w - 10 sztuk - fizzyvape.eu<\/title>\n<meta name=\"description\" content=\"10szt Fizzy Twins Watermelon Ice &amp; Strawberry Kiwi 50K zaci\u0105gni\u0119\u0107 vape! Podw\u00f3jny smak Jednorazowy Vape 50000 zaci\u0105gni\u0119\u0107 Podw\u00f3jne ch\u0142odzenie i owocowe smaki. Kup ju\u017c dzi\u015b!\" \/>\n<meta name=\"robots\" content=\"index, follow, max-snippet:-1, max-image-preview:large, max-video-preview:-1\" \/>\n<link rel=\"canonical\" href=\"https:\/\/fizzyvape.eu\/pl\/produkt\/fizzy-twins-watermelon-ice-strawberry-kiwi-50000-puffow-10-sztuk\/\" \/>\n<meta property=\"og:locale\" content=\"pl_PL\" \/>\n<meta property=\"og:type\" content=\"article\" \/>\n<meta property=\"og:title\" content=\"Fizzy Twins Watermelon Ice &amp; Strawberry Kiwi - 50000 puff\u00f3w - 10 sztuk\" \/>\n<meta property=\"og:description\" content=\"10szt Fizzy Twins Watermelon Ice &amp; Strawberry Kiwi 50K zaci\u0105gni\u0119\u0107 vape! Podw\u00f3jny smak Jednorazowy Vape 50000 zaci\u0105gni\u0119\u0107 Podw\u00f3jne ch\u0142odzenie i owocowe smaki. Kup ju\u017c dzi\u015b!\" \/>\n<meta property=\"og:url\" content=\"https:\/\/fizzyvape.eu\/pl\/produkt\/fizzy-twins-watermelon-ice-strawberry-kiwi-50000-puffow-10-sztuk\/\" \/>\n<meta property=\"og:site_name\" content=\"fizzyvape.eu\" \/>\n<meta property=\"article:modified_time\" content=\"2026-03-26T09:04:27+00:00\" \/>\n<meta property=\"og:image\" content=\"https:\/\/fizzyvape.eu\/wp-content\/uploads\/2025\/04\/fizzy-twins-50000Puffs-watermelon-icestrawberry-kiwi-1.webp\" \/>\n\t<meta property=\"og:image:width\" content=\"800\" \/>\n\t<meta property=\"og:image:height\" content=\"800\" \/>\n\t<meta property=\"og:image:type\" content=\"image\/webp\" \/>\n<meta name=\"twitter:card\" content=\"summary_large_image\" \/>\n<meta name=\"twitter:label1\" content=\"Dost\u0119pno\u015b\u0107\" \/>\n\t<meta name=\"twitter:data1\" content=\"Brak w magazynie\" \/>\n<script type=\"application\/ld+json\" class=\"yoast-schema-graph\">{\"@context\":\"https:\/\/schema.org\",\"@graph\":[{\"@type\":\"WebPage\",\"@id\":\"https:\/\/fizzyvape.eu\/pl\/produkt\/fizzy-twins-watermelon-ice-strawberry-kiwi-50000-puffow-10-sztuk\/\",\"url\":\"https:\/\/fizzyvape.eu\/pl\/produkt\/fizzy-twins-watermelon-ice-strawberry-kiwi-50000-puffow-10-sztuk\/\",\"name\":\"Fizzy Twins Watermelon Ice &amp; Strawberry Kiwi - 50000 puff\u00f3w - 10 sztuk - fizzyvape.eu\",\"isPartOf\":{\"@id\":\"https:\/\/www.fizzyvape.eu\/pl\/#website\"},\"primaryImageOfPage\":{\"@id\":\"https:\/\/fizzyvape.eu\/pl\/produkt\/fizzy-twins-watermelon-ice-strawberry-kiwi-50000-puffow-10-sztuk\/#primaryimage\"},\"image\":{\"@id\":\"https:\/\/fizzyvape.eu\/pl\/produkt\/fizzy-twins-watermelon-ice-strawberry-kiwi-50000-puffow-10-sztuk\/#primaryimage\"},\"thumbnailUrl\":\"https:\/\/fizzyvape.eu\/wp-content\/uploads\/2025\/03\/Fizzy-Twins-50000-Puffs-Disposable-Vape-1.webp\",\"datePublished\":\"2025-03-31T03:51:27+00:00\",\"dateModified\":\"2026-03-26T09:04:27+00:00\",\"description\":\"10szt Fizzy Twins Watermelon Ice & Strawberry Kiwi 50K zaci\u0105gni\u0119\u0107 vape! Podw\u00f3jny smak Jednorazowy Vape 50000 zaci\u0105gni\u0119\u0107 Podw\u00f3jne ch\u0142odzenie i owocowe smaki. Kup ju\u017c dzi\u015b!\",\"breadcrumb\":{\"@id\":\"https:\/\/fizzyvape.eu\/pl\/produkt\/fizzy-twins-watermelon-ice-strawberry-kiwi-50000-puffow-10-sztuk\/#breadcrumb\"},\"inLanguage\":\"pl-PL\",\"potentialAction\":[{\"@type\":\"ReadAction\",\"target\":[\"https:\/\/fizzyvape.eu\/pl\/produkt\/fizzy-twins-watermelon-ice-strawberry-kiwi-50000-puffow-10-sztuk\/\"]}]},{\"@type\":\"ImageObject\",\"inLanguage\":\"pl-PL\",\"@id\":\"https:\/\/fizzyvape.eu\/pl\/produkt\/fizzy-twins-watermelon-ice-strawberry-kiwi-50000-puffow-10-sztuk\/#primaryimage\",\"url\":\"https:\/\/fizzyvape.eu\/wp-content\/uploads\/2025\/03\/Fizzy-Twins-50000-Puffs-Disposable-Vape-1.webp\",\"contentUrl\":\"https:\/\/fizzyvape.eu\/wp-content\/uploads\/2025\/03\/Fizzy-Twins-50000-Puffs-Disposable-Vape-1.webp\",\"width\":800,\"height\":800,\"caption\":\"Fizzy Twins 50000 Puffs Disposable Vape-1\"},{\"@type\":\"BreadcrumbList\",\"@id\":\"https:\/\/fizzyvape.eu\/pl\/produkt\/fizzy-twins-watermelon-ice-strawberry-kiwi-50000-puffow-10-sztuk\/#breadcrumb\",\"itemListElement\":[{\"@type\":\"ListItem\",\"position\":1,\"name\":\"Home\",\"item\":\"https:\/\/fizzyvape.eu\/pl\/\"},{\"@type\":\"ListItem\",\"position\":2,\"name\":\"Sklep\",\"item\":\"https:\/\/fizzyvape.eu\/pl\/sklep\/\"},{\"@type\":\"ListItem\",\"position\":3,\"name\":\"Fizzy Twins Watermelon Ice &amp; Strawberry Kiwi &#8211; 50000 puff\u00f3w &#8211; 10 sztuk\"}]},{\"@type\":\"WebSite\",\"@id\":\"https:\/\/www.fizzyvape.eu\/pl\/#website\",\"url\":\"https:\/\/www.fizzyvape.eu\/pl\/\",\"name\":\"fizzyvape.eu\",\"description\":\"Refreshing Vapes. Unforgettable Taste.\",\"publisher\":{\"@id\":\"https:\/\/www.fizzyvape.eu\/pl\/#organization\"},\"potentialAction\":[{\"@type\":\"SearchAction\",\"target\":{\"@type\":\"EntryPoint\",\"urlTemplate\":\"https:\/\/www.fizzyvape.eu\/pl\/?s={search_term_string}\"},\"query-input\":{\"@type\":\"PropertyValueSpecification\",\"valueRequired\":true,\"valueName\":\"search_term_string\"}}],\"inLanguage\":\"pl-PL\"},{\"@type\":\"Organization\",\"@id\":\"https:\/\/www.fizzyvape.eu\/pl\/#organization\",\"name\":\"fizzyvape.eu\",\"url\":\"https:\/\/www.fizzyvape.eu\/pl\/\",\"logo\":{\"@type\":\"ImageObject\",\"inLanguage\":\"pl-PL\",\"@id\":\"https:\/\/www.fizzyvape.eu\/pl\/#\/schema\/logo\/image\/\",\"url\":\"https:\/\/fizzyvape.eu\/wp-content\/uploads\/2019\/06\/print-1.svg\",\"contentUrl\":\"https:\/\/fizzyvape.eu\/wp-content\/uploads\/2019\/06\/print-1.svg\",\"width\":124,\"height\":37,\"caption\":\"fizzyvape.eu\"},\"image\":{\"@id\":\"https:\/\/www.fizzyvape.eu\/pl\/#\/schema\/logo\/image\/\"}}]}<\/script>\n<meta property=\"og:availability\" content=\"out of stock\" \/>\n<meta property=\"product:availability\" content=\"out of stock\" \/>\n<meta property=\"product:condition\" content=\"new\" \/>\n<!-- \/ Yoast SEO Premium plugin. -->","yoast_head_json":{"title":"Fizzy Twins Watermelon Ice &amp; Strawberry Kiwi - 50000 puff\u00f3w - 10 sztuk - fizzyvape.eu","description":"10szt Fizzy Twins Watermelon Ice & Strawberry Kiwi 50K zaci\u0105gni\u0119\u0107 vape! Podw\u00f3jny smak Jednorazowy Vape 50000 zaci\u0105gni\u0119\u0107 Podw\u00f3jne ch\u0142odzenie i owocowe smaki. Kup ju\u017c dzi\u015b!","robots":{"index":"index","follow":"follow","max-snippet":"max-snippet:-1","max-image-preview":"max-image-preview:large","max-video-preview":"max-video-preview:-1"},"canonical":"https:\/\/fizzyvape.eu\/pl\/produkt\/fizzy-twins-watermelon-ice-strawberry-kiwi-50000-puffow-10-sztuk\/","og_locale":"pl_PL","og_type":"article","og_title":"Fizzy Twins Watermelon Ice &amp; Strawberry Kiwi - 50000 puff\u00f3w - 10 sztuk","og_description":"10szt Fizzy Twins Watermelon Ice & Strawberry Kiwi 50K zaci\u0105gni\u0119\u0107 vape! Podw\u00f3jny smak Jednorazowy Vape 50000 zaci\u0105gni\u0119\u0107 Podw\u00f3jne ch\u0142odzenie i owocowe smaki. Kup ju\u017c dzi\u015b!","og_url":"https:\/\/fizzyvape.eu\/pl\/produkt\/fizzy-twins-watermelon-ice-strawberry-kiwi-50000-puffow-10-sztuk\/","og_site_name":"fizzyvape.eu","article_modified_time":"2026-03-26T09:04:27+00:00","og_image":[{"width":800,"height":800,"url":"https:\/\/fizzyvape.eu\/wp-content\/uploads\/2025\/04\/fizzy-twins-50000Puffs-watermelon-icestrawberry-kiwi-1.webp","type":"image\/webp"}],"twitter_card":"summary_large_image","twitter_misc":{"Dost\u0119pno\u015b\u0107":"Brak w magazynie"},"schema":{"@context":"https:\/\/schema.org","@graph":[{"@type":"WebPage","@id":"https:\/\/fizzyvape.eu\/pl\/produkt\/fizzy-twins-watermelon-ice-strawberry-kiwi-50000-puffow-10-sztuk\/","url":"https:\/\/fizzyvape.eu\/pl\/produkt\/fizzy-twins-watermelon-ice-strawberry-kiwi-50000-puffow-10-sztuk\/","name":"Fizzy Twins Watermelon Ice &amp; Strawberry Kiwi - 50000 puff\u00f3w - 10 sztuk - fizzyvape.eu","isPartOf":{"@id":"https:\/\/www.fizzyvape.eu\/pl\/#website"},"primaryImageOfPage":{"@id":"https:\/\/fizzyvape.eu\/pl\/produkt\/fizzy-twins-watermelon-ice-strawberry-kiwi-50000-puffow-10-sztuk\/#primaryimage"},"image":{"@id":"https:\/\/fizzyvape.eu\/pl\/produkt\/fizzy-twins-watermelon-ice-strawberry-kiwi-50000-puffow-10-sztuk\/#primaryimage"},"thumbnailUrl":"https:\/\/fizzyvape.eu\/wp-content\/uploads\/2025\/03\/Fizzy-Twins-50000-Puffs-Disposable-Vape-1.webp","datePublished":"2025-03-31T03:51:27+00:00","dateModified":"2026-03-26T09:04:27+00:00","description":"10szt Fizzy Twins Watermelon Ice & Strawberry Kiwi 50K zaci\u0105gni\u0119\u0107 vape! Podw\u00f3jny smak Jednorazowy Vape 50000 zaci\u0105gni\u0119\u0107 Podw\u00f3jne ch\u0142odzenie i owocowe smaki. Kup ju\u017c dzi\u015b!","breadcrumb":{"@id":"https:\/\/fizzyvape.eu\/pl\/produkt\/fizzy-twins-watermelon-ice-strawberry-kiwi-50000-puffow-10-sztuk\/#breadcrumb"},"inLanguage":"pl-PL","potentialAction":[{"@type":"ReadAction","target":["https:\/\/fizzyvape.eu\/pl\/produkt\/fizzy-twins-watermelon-ice-strawberry-kiwi-50000-puffow-10-sztuk\/"]}]},{"@type":"ImageObject","inLanguage":"pl-PL","@id":"https:\/\/fizzyvape.eu\/pl\/produkt\/fizzy-twins-watermelon-ice-strawberry-kiwi-50000-puffow-10-sztuk\/#primaryimage","url":"https:\/\/fizzyvape.eu\/wp-content\/uploads\/2025\/03\/Fizzy-Twins-50000-Puffs-Disposable-Vape-1.webp","contentUrl":"https:\/\/fizzyvape.eu\/wp-content\/uploads\/2025\/03\/Fizzy-Twins-50000-Puffs-Disposable-Vape-1.webp","width":800,"height":800,"caption":"Fizzy Twins 50000 Puffs Disposable Vape-1"},{"@type":"BreadcrumbList","@id":"https:\/\/fizzyvape.eu\/pl\/produkt\/fizzy-twins-watermelon-ice-strawberry-kiwi-50000-puffow-10-sztuk\/#breadcrumb","itemListElement":[{"@type":"ListItem","position":1,"name":"Home","item":"https:\/\/fizzyvape.eu\/pl\/"},{"@type":"ListItem","position":2,"name":"Sklep","item":"https:\/\/fizzyvape.eu\/pl\/sklep\/"},{"@type":"ListItem","position":3,"name":"Fizzy Twins Watermelon Ice &amp; Strawberry Kiwi &#8211; 50000 puff\u00f3w &#8211; 10 sztuk"}]},{"@type":"WebSite","@id":"https:\/\/www.fizzyvape.eu\/pl\/#website","url":"https:\/\/www.fizzyvape.eu\/pl\/","name":"fizzyvape.eu","description":"Refreshing Vapes. Unforgettable Taste.","publisher":{"@id":"https:\/\/www.fizzyvape.eu\/pl\/#organization"},"potentialAction":[{"@type":"SearchAction","target":{"@type":"EntryPoint","urlTemplate":"https:\/\/www.fizzyvape.eu\/pl\/?s={search_term_string}"},"query-input":{"@type":"PropertyValueSpecification","valueRequired":true,"valueName":"search_term_string"}}],"inLanguage":"pl-PL"},{"@type":"Organization","@id":"https:\/\/www.fizzyvape.eu\/pl\/#organization","name":"fizzyvape.eu","url":"https:\/\/www.fizzyvape.eu\/pl\/","logo":{"@type":"ImageObject","inLanguage":"pl-PL","@id":"https:\/\/www.fizzyvape.eu\/pl\/#\/schema\/logo\/image\/","url":"https:\/\/fizzyvape.eu\/wp-content\/uploads\/2019\/06\/print-1.svg","contentUrl":"https:\/\/fizzyvape.eu\/wp-content\/uploads\/2019\/06\/print-1.svg","width":124,"height":37,"caption":"fizzyvape.eu"},"image":{"@id":"https:\/\/www.fizzyvape.eu\/pl\/#\/schema\/logo\/image\/"}}]},"og_availability":"out of stock","product_availability":"out of stock","product_condition":"new"},"tiered_pricing_type":"fixed","tiered_pricing_fixed_rules":[],"tiered_pricing_product_settings":{"layout":"default","base_unit_name":{"singular":null,"plural":null},"default_variation":null},"tiered_pricing_minimum_quantity":null,"tiered_pricing_roles_data":[],"tiered_pricing_percentage_rules":[],"tiered_pricing_maximum_quantity":null,"tiered_pricing_quantity_step":null,"_links":{"self":[{"href":"https:\/\/fizzyvape.eu\/pl\/wp-json\/wp\/v2\/product\/25138","targetHints":{"allow":["GET"]}}],"collection":[{"href":"https:\/\/fizzyvape.eu\/pl\/wp-json\/wp\/v2\/product"}],"about":[{"href":"https:\/\/fizzyvape.eu\/pl\/wp-json\/wp\/v2\/types\/product"}],"replies":[{"embeddable":true,"href":"https:\/\/fizzyvape.eu\/pl\/wp-json\/wp\/v2\/comments?post=25138"}],"version-history":[{"count":0,"href":"https:\/\/fizzyvape.eu\/pl\/wp-json\/wp\/v2\/product\/25138\/revisions"}],"wp:featuredmedia":[{"embeddable":true,"href":"https:\/\/fizzyvape.eu\/pl\/wp-json\/wp\/v2\/media\/29790"}],"wp:attachment":[{"href":"https:\/\/fizzyvape.eu\/pl\/wp-json\/wp\/v2\/media?parent=25138"}],"wp:term":[{"taxonomy":"product_brand","embeddable":true,"href":"https:\/\/fizzyvape.eu\/pl\/wp-json\/wp\/v2\/product_brand?post=25138"},{"taxonomy":"product_cat","embeddable":true,"href":"https:\/\/fizzyvape.eu\/pl\/wp-json\/wp\/v2\/product_cat?post=25138"},{"taxonomy":"product_tag","embeddable":true,"href":"https:\/\/fizzyvape.eu\/pl\/wp-json\/wp\/v2\/product_tag?post=25138"}],"curies":[{"name":"wp","href":"https:\/\/api.w.org\/{rel}","templated":true}]}}