{"id":25270,"date":"2025-03-31T00:10:12","date_gmt":"2025-03-30T16:10:12","guid":{"rendered":"https:\/\/fizzyvape.eu\/product\/fizzy-nova-plus-triple-berry-40000-puffow-10-sztuk\/"},"modified":"2025-12-23T14:43:53","modified_gmt":"2025-12-23T06:43:53","slug":"fizzy-nova-plus-triple-berry-40000-puffow-10-sztuk","status":"publish","type":"product","link":"https:\/\/fizzyvape.eu\/pl\/produkt\/fizzy-nova-plus-triple-berry-40000-puffow-10-sztuk\/","title":{"rendered":"Fizzy Nova Plus Triple Berry &#8211; 40000 puff\u00f3w &#8211; 10 sztuk"},"content":{"rendered":"<div>\n<h1><strong>Fizzy Nova Plus Triple Berry 40000 Puffs &#8211; Premium Berry Medley jednorazowe Vape<\/strong><\/h1>\n<p>Wyrusz w jagodow\u0105 podr\u00f3\u017c z <strong>Fizzy Nova Plus Triple Berry 40000 Puffs<\/strong> &#8211; gdzie soczyste truskawki (40%), soczyste jagody (30%) i pikantne maliny (30%) \u0142\u0105cz\u0105 si\u0119 w idealnej harmonii. Ta wysokiej jako\u015bci jednorazowa fajka wodna zapewnia <strong>40 000 ultra g\u0142adkich zaci\u0105gni\u0119\u0107<\/strong> nasz\u0105 najbardziej \u017cyw\u0105 jagodow\u0105 fuzj\u0105, uchwycaj\u0105c esencj\u0119 dojrzewaj\u0105cej w s\u0142o\u0144cu jagodowej grz\u0105dki w ka\u017cdej chmurce. <\/p>\n<h3>Kluczowe cechy:<\/h3>\n<p>\ud83d\udd25 <strong>Bezkonkurencyjna wydajno\u015b\u0107<\/strong> &#8211; 40 000 zaci\u0105gni\u0119\u0107 3x d\u0142u\u017cej ni\u017c standardowe jednoraz\u00f3wki<br \/>\n\ud83d\udc8e <strong>Najwy\u017cszej jako\u015bci konstrukcja<\/strong> &#8211; korpus z PCTG klasy lotniczej z ergonomicznym ustnikiem<br \/>\n\ud83d\udc51 <strong>Flavor Mastery<\/strong> &#8211; opracowany przez wielokrotnie nagradzanych miksolog\u00f3w dla uzyskania autentycznego smaku.<br \/>\n\u26a1 <strong>Technologia Adaptacyjna<\/strong> &#8211; Inteligentny chipset utrzymuje sta\u0142y smak do ostatniego zaci\u0105gni\u0119cia. <\/p>\n<h3>Dlaczego warto wybra\u0107 Fizzy Nova Plus?<\/h3>\n<p>\ud83d\udd25 <strong>Wydajno\u015b\u0107 na nowo zdefiniowana<\/strong> &#8211; do\u015bwiadcz 3-krotnie d\u0142u\u017cszej \u017cywotno\u015bci dzi\u0119ki 40 000 zaci\u0105gni\u0119\u0107, kt\u00f3re przewy\u017cszaj\u0105 zwyk\u0142e jednoraz\u00f3wki.<br \/>\n\ud83d\udc8e <strong>In\u017cynierska doskona\u0142o\u015b\u0107<\/strong> &#8211; najwy\u017cszej jako\u015bci obudowa PCTG klasy lotniczej ze zoptymalizowanym pod k\u0105tem komfortu ustnikiem<br \/>\n\ud83d\udc51 <strong>Masterful Flavor Crafting<\/strong> &#8211; Precyzyjnie opracowany przez elitarnych specjalist\u00f3w od smaku, zapewniaj\u0105cy prawdziwie owocowy smak.<br \/>\n\u26a1 <strong>Inteligentna technologia Vaping<\/strong> &#8211; zaawansowany chipset zapewnia sp\u00f3jno\u015b\u0107 smaku od pierwszego do ostatniego zaci\u0105gni\u0119cia. <\/p>\n<\/div>\n<div>\n<h3><strong>Opcje nikotyny:<\/strong><\/h3>\n<p>&#8211; <strong>2% (20 mg \/ ml)<\/strong> &#8211; idealny do g\u0142adkiej i aromatycznej waporyzacji<br \/>\n&#8211; <strong>5% (50 mg \/ ml)<\/strong> &#8211; Zaprojektowany dla mocniejszego, bardziej satysfakcjonuj\u0105cego uderzenia w gard\u0142o <\/p>\n<h3>Specyfikacja<\/h3>\n<table style=\"height: 449px;\" width=\"1340\">\n<tbody>\n<tr>\n<td>Puffy<\/td>\n<td><strong>40000+ Puffs<\/strong><\/td>\n<\/tr>\n<tr>\n<td>Pojemno\u015b\u0107 e-p\u0142ynu<\/td>\n<td><strong>40ml<\/strong><\/td>\n<\/tr>\n<tr>\n<td>Pojemno\u015b\u0107 baterii<\/td>\n<td><strong>850 mAh<\/strong><\/td>\n<\/tr>\n<tr>\n<td>Rozmiar<\/td>\n<td><strong>52,5*24,5*104,3 mm<\/strong><\/td>\n<\/tr>\n<tr>\n<td>Jednorazowe czy nie?<\/td>\n<td><strong>Jednorazowy<\/strong><\/td>\n<\/tr>\n<tr>\n<td>Metoda \u0142adowania<\/td>\n<td><strong>Kabel<\/strong><\/td>\n<\/tr>\n<tr>\n<td>Metoda aktywacji<\/td>\n<td><strong>Czujnik<\/strong><\/td>\n<\/tr>\n<tr>\n<td>Materia\u0142<\/td>\n<td><strong>PCTG<\/strong><\/td>\n<\/tr>\n<tr>\n<td>Poziom nikotyny<\/td>\n<td><strong>2% (20 mg\/ml) i 5% (50 mg\/ml)<\/strong><\/td>\n<\/tr>\n<tr>\n<td>Smaki<\/td>\n<td><strong>12<\/strong><\/td>\n<\/tr>\n<tr>\n<td>Pakowanie<\/td>\n<td><strong>1 opakowanie<\/strong><\/td>\n<\/tr>\n<tr>\n<td>Czas \u0142adowania<\/td>\n<td><strong>2 godziny<\/strong><\/td>\n<\/tr>\n<tr>\n<td>Przechowywanie<\/td>\n<td><strong>Unika\u0107 \u015brodowiska o wysokiej temperaturze i przechowywa\u0107 w ch\u0142odnym i suchym miejscu.<\/strong><\/td>\n<\/tr>\n<tr>\n<td>Osoby, kt\u00f3rym zabrania si\u0119 stosowania<\/td>\n<td><strong>Osoby niepe\u0142noletnie, kobiety w ci\u0105\u017cy i osoby uczulone na sk\u0142adniki produktu.<\/strong><\/td>\n<\/tr>\n<tr>\n<td>Uwaga<\/td>\n<td><strong>Nie po\u0142yka\u0107 tej substancji. W przypadku po\u0142kni\u0119cia nale\u017cy natychmiast dok\u0142adnie wyp\u0142uka\u0107 usta. W przypadku z\u0142ego samopoczucia nale\u017cy skontaktowa\u0107 si\u0119 z lekarzem.  <\/strong><\/td>\n<\/tr>\n<\/tbody>\n<\/table>\n<h3>Lista smak\u00f3w <strong>Fizzy Nova Plus <\/strong>40000 Puffs:<\/h3>\n<ol>\n<li><a href=\"https:\/\/fizzyvape.eu\/pl\/produkt\/fizzy-nova-plus-strawberry-kiwi-40000-puffow-10-sztuk\/\">Truskawka Kiwi<\/a><\/li>\n<li><a href=\"https:\/\/fizzyvape.eu\/pl\/produkt\/fizzy-nova-plus-blueberry-ice-40000-puffow-10-sztuk\/\">L\u00f3d jagodowy<\/a><\/li>\n<li><a href=\"https:\/\/fizzyvape.eu\/pl\/produkt\/fizzy-nova-plus-watermelon-ice-40000-puffow-10-sztuk\/\">Arbuzowy l\u00f3d<\/a><\/li>\n<li><a href=\"https:\/\/fizzyvape.eu\/pl\/produkt\/fizzy-nova-plus-peach-mango-watermelon-40000-puffow-10-sztuk\/\">Brzoskwinia Mango Arbuz<\/a><\/li>\n<li><a href=\"https:\/\/fizzyvape.eu\/pl\/produkt\/fizzy-nova-plus-kiwi-passion-fruit-guava-40000-puffow-10-sztuk\/\">Kiwi Passion Fruit Guava<\/a><\/li>\n<li><a href=\"https:\/\/fizzyvape.eu\/pl\/produkt\/fizzy-nova-plus-raspberry-lemon-40000-puffow-10-sztuk\/\">Malina z cytryn\u0105<\/a><\/li>\n<li><a href=\"https:\/\/fizzyvape.eu\/pl\/produkt\/fizzy-nova-plus-triple-berry-40000-puffow-10-sztuk\/\">Triple Berry<\/a><\/li>\n<li><a href=\"https:\/\/fizzyvape.eu\/pl\/produkt\/fizzy-nova-plus-peach-ice-40000-puffow-10-sztuk\/\">L\u00f3d brzoskwiniowy<\/a><\/li>\n<li><a href=\"https:\/\/fizzyvape.eu\/pl\/produkt\/fizzy-nova-plus-grape-lime-40000-puffow-10-sztuk\/\">Grape Lime<\/a><\/li>\n<li><a href=\"https:\/\/fizzyvape.eu\/pl\/produkt\/fizzy-nova-plus-blue-razz-lemonade-40000-puffow-10-sztuk\/\">Lemoniada Blue Razz<\/a><\/li>\n<li><a href=\"https:\/\/fizzyvape.eu\/pl\/produkt\/fizzy-nova-plus-strawberry-ice-40000-puffow-10-sztuk\/\">L\u00f3d truskawkowy<\/a><\/li>\n<li><a href=\"https:\/\/fizzyvape.eu\/pl\/produkt\/fizzy-nova-plus-blueberry-coconut-40000-puffow-10-sztuk\/\">Jagoda z kokosem<\/a><\/li>\n<\/ol>\n<h3>Najcz\u0119\u015bciej zadawane pytania dotycz\u0105ce Fizzy Nova Plus Triple Berry 40000 Puffs Vape<\/h3>\n<ol start=\"1\">\n<li><strong>Co sprawia, \u017ce to urz\u0105dzenie mo\u017ce pomie\u015bci\u0107 40 000 puff\u00f3w?<\/strong><br \/>\nDzi\u0119ki naszemu zaawansowanemu systemowi cewek Dual Mesh i pojemno\u015bci 40 ml e-liquidu w po\u0142\u0105czeniu z akumulatorem 850 mAh, osi\u0105gamy 3-krotnie d\u0142u\u017csz\u0105 \u017cywotno\u015b\u0107 ni\u017c w przypadku standardowych jednorazowych papieros\u00f3w. Inteligentny chipset optymalizuje zu\u017cycie energii dla maksymalnej wydajno\u015bci. <\/li>\n<li><strong>Jak prze\u0142\u0105cza\u0107 si\u0119 mi\u0119dzy trybami Eco i Turbo?<\/strong><br \/>\nWystarczy trzykrotnie szybko nacisn\u0105\u0107 przycisk zasilania, aby prze\u0142\u0105cza\u0107 si\u0119 mi\u0119dzy trybami. Tryb Eco zapewnia d\u0142u\u017csz\u0105 \u017cywotno\u015b\u0107 baterii podczas zwyk\u0142ego wapowania, podczas gdy Turbo intensyfikuje smak i produkcj\u0119 pary, zapewniaj\u0105c mocniejsze doznania. <\/li>\n<li><strong>Jak d\u0142ugo wystarcza Fizzy Nova Plus Triple Berry 40,000 Puffs?<\/strong><br \/>\nPojemno\u015b\u0107 <strong>40,000 puff\u00f3w<\/strong> zapewnia <strong>3-krotnie d\u0142u\u017csz\u0105 \u017cywotno\u015b\u0107<\/strong> ni\u017c standardowe jednoraz\u00f3wki, dzi\u0119ki czemu idealnie nadaje si\u0119 do d\u0142ugotrwa\u0142ego u\u017cytkowania bez konieczno\u015bci cz\u0119stej wymiany. Rzeczywisty czas dzia\u0142ania zale\u017cy od nawyk\u00f3w u\u017cytkowania. <\/li>\n<\/ol>\n<\/div>\n","protected":false},"excerpt":{"rendered":"<p><strong>Fizzy Nova Plus Triple Berry 40000 Puffs<\/strong> &#8211; Ciesz si\u0119 bogat\u0105 mieszank\u0105 soczystych truskawek, soczystych jag\u00f3d i pikantnych malin w tym jednorazowym waporyzatorze premium.<\/p>\n","protected":false},"featured_media":30059,"comment_status":"open","ping_status":"closed","template":"","meta":{"iawp_total_views":0},"product_brand":[],"product_cat":[352],"product_tag":[350],"class_list":{"0":"post-25270","1":"product","2":"type-product","3":"status-publish","4":"has-post-thumbnail","6":"product_cat-nova-plus-jednorazowy-e-papierosy-40000-puffs-pl","7":"product_tag-40000-zaciagniec","9":"first","10":"outofstock","11":"sale","12":"shipping-taxable","13":"purchasable","14":"product-type-variable"},"yoast_head":"<!-- This site is optimized with the Yoast SEO Premium plugin v24.8 (Yoast SEO v24.8) - https:\/\/yoast.com\/wordpress\/plugins\/seo\/ -->\n<title>Fizzy Nova Plus Triple Berry - 40000 puff\u00f3w - 10 sztuk - fizzyvape.eu<\/title>\n<meta name=\"description\" content=\"10 sztuk Fizzy Nova Plus Triple Berry 40 tysi\u0119cy zaci\u0105gni\u0119\u0107! Mieszanka truskawek, jag\u00f3d i malin, \u0142adowana przez USB-C. Jednorazowe produkty premium. Kup teraz!\" \/>\n<meta name=\"robots\" content=\"index, follow, max-snippet:-1, max-image-preview:large, max-video-preview:-1\" \/>\n<link rel=\"canonical\" href=\"https:\/\/fizzyvape.eu\/pl\/produkt\/fizzy-nova-plus-triple-berry-40000-puffow-10-sztuk\/\" \/>\n<meta property=\"og:locale\" content=\"pl_PL\" \/>\n<meta property=\"og:type\" content=\"article\" \/>\n<meta property=\"og:title\" content=\"Fizzy Nova Plus Triple Berry - 40000 puff\u00f3w - 10 sztuk\" \/>\n<meta property=\"og:description\" content=\"10 sztuk Fizzy Nova Plus Triple Berry 40 tysi\u0119cy zaci\u0105gni\u0119\u0107! Mieszanka truskawek, jag\u00f3d i malin, \u0142adowana przez USB-C. Jednorazowe produkty premium. Kup teraz!\" \/>\n<meta property=\"og:url\" content=\"https:\/\/fizzyvape.eu\/pl\/produkt\/fizzy-nova-plus-triple-berry-40000-puffow-10-sztuk\/\" \/>\n<meta property=\"og:site_name\" content=\"fizzyvape.eu\" \/>\n<meta property=\"article:modified_time\" content=\"2025-12-23T06:43:53+00:00\" \/>\n<meta property=\"og:image\" content=\"https:\/\/fizzyvape.eu\/wp-content\/uploads\/2025\/04\/Fizzy-Nova-Plus-Triple-Berry-40000Puffs-1.webp\" \/>\n\t<meta property=\"og:image:width\" content=\"800\" \/>\n\t<meta property=\"og:image:height\" content=\"800\" \/>\n\t<meta property=\"og:image:type\" content=\"image\/webp\" \/>\n<meta name=\"twitter:card\" content=\"summary_large_image\" \/>\n<meta name=\"twitter:label1\" content=\"Dost\u0119pno\u015b\u0107\" \/>\n\t<meta name=\"twitter:data1\" content=\"Brak w magazynie\" \/>\n<script type=\"application\/ld+json\" class=\"yoast-schema-graph\">{\"@context\":\"https:\/\/schema.org\",\"@graph\":[{\"@type\":\"WebPage\",\"@id\":\"https:\/\/fizzyvape.eu\/pl\/produkt\/fizzy-nova-plus-triple-berry-40000-puffow-10-sztuk\/\",\"url\":\"https:\/\/fizzyvape.eu\/pl\/produkt\/fizzy-nova-plus-triple-berry-40000-puffow-10-sztuk\/\",\"name\":\"Fizzy Nova Plus Triple Berry - 40000 puff\u00f3w - 10 sztuk - fizzyvape.eu\",\"isPartOf\":{\"@id\":\"https:\/\/www.fizzyvape.eu\/pl\/#website\"},\"primaryImageOfPage\":{\"@id\":\"https:\/\/fizzyvape.eu\/pl\/produkt\/fizzy-nova-plus-triple-berry-40000-puffow-10-sztuk\/#primaryimage\"},\"image\":{\"@id\":\"https:\/\/fizzyvape.eu\/pl\/produkt\/fizzy-nova-plus-triple-berry-40000-puffow-10-sztuk\/#primaryimage\"},\"thumbnailUrl\":\"https:\/\/fizzyvape.eu\/wp-content\/uploads\/2025\/03\/Fizzy-Nova-Plus-40000-Puffs-Triple-Berry-10pcs.webp\",\"datePublished\":\"2025-03-30T16:10:12+00:00\",\"dateModified\":\"2025-12-23T06:43:53+00:00\",\"description\":\"10 sztuk Fizzy Nova Plus Triple Berry 40 tysi\u0119cy zaci\u0105gni\u0119\u0107! Mieszanka truskawek, jag\u00f3d i malin, \u0142adowana przez USB-C. Jednorazowe produkty premium. Kup teraz!\",\"breadcrumb\":{\"@id\":\"https:\/\/fizzyvape.eu\/pl\/produkt\/fizzy-nova-plus-triple-berry-40000-puffow-10-sztuk\/#breadcrumb\"},\"inLanguage\":\"pl-PL\",\"potentialAction\":[{\"@type\":\"ReadAction\",\"target\":[\"https:\/\/fizzyvape.eu\/pl\/produkt\/fizzy-nova-plus-triple-berry-40000-puffow-10-sztuk\/\"]}]},{\"@type\":\"ImageObject\",\"inLanguage\":\"pl-PL\",\"@id\":\"https:\/\/fizzyvape.eu\/pl\/produkt\/fizzy-nova-plus-triple-berry-40000-puffow-10-sztuk\/#primaryimage\",\"url\":\"https:\/\/fizzyvape.eu\/wp-content\/uploads\/2025\/03\/Fizzy-Nova-Plus-40000-Puffs-Triple-Berry-10pcs.webp\",\"contentUrl\":\"https:\/\/fizzyvape.eu\/wp-content\/uploads\/2025\/03\/Fizzy-Nova-Plus-40000-Puffs-Triple-Berry-10pcs.webp\",\"width\":800,\"height\":800,\"caption\":\"Fizzy Nova Plus 40000 Puffs Triple Berry 10szt\"},{\"@type\":\"BreadcrumbList\",\"@id\":\"https:\/\/fizzyvape.eu\/pl\/produkt\/fizzy-nova-plus-triple-berry-40000-puffow-10-sztuk\/#breadcrumb\",\"itemListElement\":[{\"@type\":\"ListItem\",\"position\":1,\"name\":\"Home\",\"item\":\"https:\/\/fizzyvape.eu\/pl\/\"},{\"@type\":\"ListItem\",\"position\":2,\"name\":\"Sklep\",\"item\":\"https:\/\/fizzyvape.eu\/pl\/sklep\/\"},{\"@type\":\"ListItem\",\"position\":3,\"name\":\"Fizzy Nova Plus Triple Berry &#8211; 40000 puff\u00f3w &#8211; 10 sztuk\"}]},{\"@type\":\"WebSite\",\"@id\":\"https:\/\/www.fizzyvape.eu\/pl\/#website\",\"url\":\"https:\/\/www.fizzyvape.eu\/pl\/\",\"name\":\"fizzyvape.eu\",\"description\":\"Refreshing Vapes. Unforgettable Taste.\",\"publisher\":{\"@id\":\"https:\/\/www.fizzyvape.eu\/pl\/#organization\"},\"potentialAction\":[{\"@type\":\"SearchAction\",\"target\":{\"@type\":\"EntryPoint\",\"urlTemplate\":\"https:\/\/www.fizzyvape.eu\/pl\/?s={search_term_string}\"},\"query-input\":{\"@type\":\"PropertyValueSpecification\",\"valueRequired\":true,\"valueName\":\"search_term_string\"}}],\"inLanguage\":\"pl-PL\"},{\"@type\":\"Organization\",\"@id\":\"https:\/\/www.fizzyvape.eu\/pl\/#organization\",\"name\":\"fizzyvape.eu\",\"url\":\"https:\/\/www.fizzyvape.eu\/pl\/\",\"logo\":{\"@type\":\"ImageObject\",\"inLanguage\":\"pl-PL\",\"@id\":\"https:\/\/www.fizzyvape.eu\/pl\/#\/schema\/logo\/image\/\",\"url\":\"https:\/\/fizzyvape.eu\/wp-content\/uploads\/2019\/06\/print-1.svg\",\"contentUrl\":\"https:\/\/fizzyvape.eu\/wp-content\/uploads\/2019\/06\/print-1.svg\",\"width\":124,\"height\":37,\"caption\":\"fizzyvape.eu\"},\"image\":{\"@id\":\"https:\/\/www.fizzyvape.eu\/pl\/#\/schema\/logo\/image\/\"}}]}<\/script>\n<meta property=\"og:availability\" content=\"out of stock\" \/>\n<meta property=\"product:availability\" content=\"out of stock\" \/>\n<meta property=\"product:condition\" content=\"new\" \/>\n<!-- \/ Yoast SEO Premium plugin. -->","yoast_head_json":{"title":"Fizzy Nova Plus Triple Berry - 40000 puff\u00f3w - 10 sztuk - fizzyvape.eu","description":"10 sztuk Fizzy Nova Plus Triple Berry 40 tysi\u0119cy zaci\u0105gni\u0119\u0107! Mieszanka truskawek, jag\u00f3d i malin, \u0142adowana przez USB-C. Jednorazowe produkty premium. Kup teraz!","robots":{"index":"index","follow":"follow","max-snippet":"max-snippet:-1","max-image-preview":"max-image-preview:large","max-video-preview":"max-video-preview:-1"},"canonical":"https:\/\/fizzyvape.eu\/pl\/produkt\/fizzy-nova-plus-triple-berry-40000-puffow-10-sztuk\/","og_locale":"pl_PL","og_type":"article","og_title":"Fizzy Nova Plus Triple Berry - 40000 puff\u00f3w - 10 sztuk","og_description":"10 sztuk Fizzy Nova Plus Triple Berry 40 tysi\u0119cy zaci\u0105gni\u0119\u0107! Mieszanka truskawek, jag\u00f3d i malin, \u0142adowana przez USB-C. Jednorazowe produkty premium. Kup teraz!","og_url":"https:\/\/fizzyvape.eu\/pl\/produkt\/fizzy-nova-plus-triple-berry-40000-puffow-10-sztuk\/","og_site_name":"fizzyvape.eu","article_modified_time":"2025-12-23T06:43:53+00:00","og_image":[{"width":800,"height":800,"url":"https:\/\/fizzyvape.eu\/wp-content\/uploads\/2025\/04\/Fizzy-Nova-Plus-Triple-Berry-40000Puffs-1.webp","type":"image\/webp"}],"twitter_card":"summary_large_image","twitter_misc":{"Dost\u0119pno\u015b\u0107":"Brak w magazynie"},"schema":{"@context":"https:\/\/schema.org","@graph":[{"@type":"WebPage","@id":"https:\/\/fizzyvape.eu\/pl\/produkt\/fizzy-nova-plus-triple-berry-40000-puffow-10-sztuk\/","url":"https:\/\/fizzyvape.eu\/pl\/produkt\/fizzy-nova-plus-triple-berry-40000-puffow-10-sztuk\/","name":"Fizzy Nova Plus Triple Berry - 40000 puff\u00f3w - 10 sztuk - fizzyvape.eu","isPartOf":{"@id":"https:\/\/www.fizzyvape.eu\/pl\/#website"},"primaryImageOfPage":{"@id":"https:\/\/fizzyvape.eu\/pl\/produkt\/fizzy-nova-plus-triple-berry-40000-puffow-10-sztuk\/#primaryimage"},"image":{"@id":"https:\/\/fizzyvape.eu\/pl\/produkt\/fizzy-nova-plus-triple-berry-40000-puffow-10-sztuk\/#primaryimage"},"thumbnailUrl":"https:\/\/fizzyvape.eu\/wp-content\/uploads\/2025\/03\/Fizzy-Nova-Plus-40000-Puffs-Triple-Berry-10pcs.webp","datePublished":"2025-03-30T16:10:12+00:00","dateModified":"2025-12-23T06:43:53+00:00","description":"10 sztuk Fizzy Nova Plus Triple Berry 40 tysi\u0119cy zaci\u0105gni\u0119\u0107! Mieszanka truskawek, jag\u00f3d i malin, \u0142adowana przez USB-C. Jednorazowe produkty premium. Kup teraz!","breadcrumb":{"@id":"https:\/\/fizzyvape.eu\/pl\/produkt\/fizzy-nova-plus-triple-berry-40000-puffow-10-sztuk\/#breadcrumb"},"inLanguage":"pl-PL","potentialAction":[{"@type":"ReadAction","target":["https:\/\/fizzyvape.eu\/pl\/produkt\/fizzy-nova-plus-triple-berry-40000-puffow-10-sztuk\/"]}]},{"@type":"ImageObject","inLanguage":"pl-PL","@id":"https:\/\/fizzyvape.eu\/pl\/produkt\/fizzy-nova-plus-triple-berry-40000-puffow-10-sztuk\/#primaryimage","url":"https:\/\/fizzyvape.eu\/wp-content\/uploads\/2025\/03\/Fizzy-Nova-Plus-40000-Puffs-Triple-Berry-10pcs.webp","contentUrl":"https:\/\/fizzyvape.eu\/wp-content\/uploads\/2025\/03\/Fizzy-Nova-Plus-40000-Puffs-Triple-Berry-10pcs.webp","width":800,"height":800,"caption":"Fizzy Nova Plus 40000 Puffs Triple Berry 10szt"},{"@type":"BreadcrumbList","@id":"https:\/\/fizzyvape.eu\/pl\/produkt\/fizzy-nova-plus-triple-berry-40000-puffow-10-sztuk\/#breadcrumb","itemListElement":[{"@type":"ListItem","position":1,"name":"Home","item":"https:\/\/fizzyvape.eu\/pl\/"},{"@type":"ListItem","position":2,"name":"Sklep","item":"https:\/\/fizzyvape.eu\/pl\/sklep\/"},{"@type":"ListItem","position":3,"name":"Fizzy Nova Plus Triple Berry &#8211; 40000 puff\u00f3w &#8211; 10 sztuk"}]},{"@type":"WebSite","@id":"https:\/\/www.fizzyvape.eu\/pl\/#website","url":"https:\/\/www.fizzyvape.eu\/pl\/","name":"fizzyvape.eu","description":"Refreshing Vapes. Unforgettable Taste.","publisher":{"@id":"https:\/\/www.fizzyvape.eu\/pl\/#organization"},"potentialAction":[{"@type":"SearchAction","target":{"@type":"EntryPoint","urlTemplate":"https:\/\/www.fizzyvape.eu\/pl\/?s={search_term_string}"},"query-input":{"@type":"PropertyValueSpecification","valueRequired":true,"valueName":"search_term_string"}}],"inLanguage":"pl-PL"},{"@type":"Organization","@id":"https:\/\/www.fizzyvape.eu\/pl\/#organization","name":"fizzyvape.eu","url":"https:\/\/www.fizzyvape.eu\/pl\/","logo":{"@type":"ImageObject","inLanguage":"pl-PL","@id":"https:\/\/www.fizzyvape.eu\/pl\/#\/schema\/logo\/image\/","url":"https:\/\/fizzyvape.eu\/wp-content\/uploads\/2019\/06\/print-1.svg","contentUrl":"https:\/\/fizzyvape.eu\/wp-content\/uploads\/2019\/06\/print-1.svg","width":124,"height":37,"caption":"fizzyvape.eu"},"image":{"@id":"https:\/\/www.fizzyvape.eu\/pl\/#\/schema\/logo\/image\/"}}]},"og_availability":"out of stock","product_availability":"out of stock","product_condition":"new"},"tiered_pricing_type":"fixed","tiered_pricing_fixed_rules":[],"tiered_pricing_product_settings":{"layout":"default","base_unit_name":{"singular":null,"plural":null},"default_variation":null},"tiered_pricing_minimum_quantity":null,"tiered_pricing_roles_data":[],"tiered_pricing_percentage_rules":[],"tiered_pricing_maximum_quantity":null,"tiered_pricing_quantity_step":null,"_links":{"self":[{"href":"https:\/\/fizzyvape.eu\/pl\/wp-json\/wp\/v2\/product\/25270","targetHints":{"allow":["GET"]}}],"collection":[{"href":"https:\/\/fizzyvape.eu\/pl\/wp-json\/wp\/v2\/product"}],"about":[{"href":"https:\/\/fizzyvape.eu\/pl\/wp-json\/wp\/v2\/types\/product"}],"replies":[{"embeddable":true,"href":"https:\/\/fizzyvape.eu\/pl\/wp-json\/wp\/v2\/comments?post=25270"}],"version-history":[{"count":0,"href":"https:\/\/fizzyvape.eu\/pl\/wp-json\/wp\/v2\/product\/25270\/revisions"}],"wp:featuredmedia":[{"embeddable":true,"href":"https:\/\/fizzyvape.eu\/pl\/wp-json\/wp\/v2\/media\/30059"}],"wp:attachment":[{"href":"https:\/\/fizzyvape.eu\/pl\/wp-json\/wp\/v2\/media?parent=25270"}],"wp:term":[{"taxonomy":"product_brand","embeddable":true,"href":"https:\/\/fizzyvape.eu\/pl\/wp-json\/wp\/v2\/product_brand?post=25270"},{"taxonomy":"product_cat","embeddable":true,"href":"https:\/\/fizzyvape.eu\/pl\/wp-json\/wp\/v2\/product_cat?post=25270"},{"taxonomy":"product_tag","embeddable":true,"href":"https:\/\/fizzyvape.eu\/pl\/wp-json\/wp\/v2\/product_tag?post=25270"}],"curies":[{"name":"wp","href":"https:\/\/api.w.org\/{rel}","templated":true}]}}