{"id":25349,"date":"2025-03-31T00:28:29","date_gmt":"2025-03-30T16:28:29","guid":{"rendered":"https:\/\/fizzyvape.eu\/product\/fizzy-nova-plus-grape-lime-40000-puffow-10-sztuk\/"},"modified":"2025-12-31T14:06:02","modified_gmt":"2025-12-31T06:06:02","slug":"fizzy-nova-plus-grape-lime-40000-puffow-10-sztuk","status":"publish","type":"product","link":"https:\/\/fizzyvape.eu\/pl\/produkt\/fizzy-nova-plus-grape-lime-40000-puffow-10-sztuk\/","title":{"rendered":"Fizzy Nova Plus Grape Lime &#8211; 40000 puff\u00f3w &#8211; 10 sztuk"},"content":{"rendered":"<div>\n<h1><strong>Fizzy Nova Plus Grape Lime 40000 Puff\u00f3w &#8211; jednorazowy Vape Premium Citrus Fusion<\/strong><\/h1>\n<p>Wyrusz w odwa\u017cn\u0105 podr\u00f3\u017c smakow\u0105 z <strong>Fizzy Nova Plus Grape Lime 40,000 Puffs.<\/strong> Ten innowacyjny waporyzator zapewnia niezwyk\u0142e <strong>40 000 zaci\u0105gni\u0119\u0107<\/strong> nasz\u0105 charakterystyczn\u0105 fuzj\u0105 s\u0142odkich winogron i pikantnej limonki, tworz\u0105c idealnie zbalansowane, pikantno-s\u0142odkie doznanie, kt\u00f3re pozostaje niezmiennie satysfakcjonuj\u0105ce. Dzi\u0119ki wiod\u0105cej w bran\u017cy liczbie zaci\u0105gni\u0119\u0107, <strong>Fizzy Nova Plus Grape Lime<\/strong> gwarantuje wyd\u0142u\u017cone sesje waporyzacji pe\u0142ne \u017cywego, owocowego smaku w ka\u017cdym zaci\u0105gni\u0119ciu. <\/p>\n<h3>Kluczowe cechy:<\/h3>\n<p>\ud83d\udd39 <strong>40 000 zaci\u0105gni\u0119\u0107<\/strong> &#8211; Do\u015bwiadcz d\u0142u\u017cszej satysfakcji z waporyzacji, kt\u00f3ra trwa tygodnie d\u0142u\u017cej ni\u017c w przypadku standardowych jednoraz\u00f3wek.<br \/>\n\ud83d\udd39 <strong>Pojemny zbiornik na e-ciecz o pojemno\u015bci 40 ml<\/strong> &#8211; Ciesz si\u0119 nieprzerwan\u0105 waporyzacj\u0105 dzi\u0119ki naszej ogromnej pojemno\u015bci.<br \/>\n\ud83d\udd39 <strong>Zaawansowana technologia Dual Mesh Coil<\/strong> &#8211; zapewnia bogatszy, bardziej intensywny smak z ka\u017cdym zaci\u0105gni\u0119ciem.<br \/>\n\ud83d\udd39 <strong>Inteligentny system Dual-Mode<\/strong> &#8211; Dostosuj swoje wra\u017cenia dzi\u0119ki opcjom Eco (oszcz\u0119dzanie baterii) lub Turbo (wzmacnianie smaku).<br \/>\n\ud83d\udd39 <strong>Inteligentny wy\u015bwietlacz LED<\/strong> &#8211; sta\u0142y dost\u0119p do informacji dzi\u0119ki monitorowaniu stanu baterii i e-sok\u00f3w w czasie rzeczywistym<br \/>\n\ud83d\udd39 <strong>Szybkie \u0142adowanie typu C<\/strong> &#8211; szybkie zasilanie dzi\u0119ki naszemu wysokowydajnemu systemowi akumulator\u00f3w 850 mAh <\/p>\n<h3>Dlaczego warto wybra\u0107 Fizzy Nova Plus?<\/h3>\n<p>\ud83d\udd25 <strong>Niezr\u00f3wnana wytrzyma\u0142o\u015b\u0107<\/strong> &#8211; 3-krotnie d\u0142u\u017csza \u017cywotno\u015b\u0107 ni\u017c w przypadku zwyk\u0142ych waporyzator\u00f3w jednorazowych<br \/>\n\ud83d\udc8e <strong>Najwy\u017csza jako\u015b\u0107 wykonania<\/strong> &#8211; konstrukcja ze stopu metali klasy lotniczej o ergonomicznym kszta\u0142cie<br \/>\n\ud83d\udc51 <strong>Perfekcja smaku<\/strong> &#8211; mistrzowskie wykonanie przez \u015bwiatowej klasy specjalist\u00f3w ds. smaku zapewnia autentyczny smak. <\/p>\n<\/div>\n<div>\n<h3><strong>Opcje nikotyny:<\/strong><\/h3>\n<p>&#8211; <strong>2% (20 mg \/ ml)<\/strong> &#8211; idealny do g\u0142adkiej i aromatycznej waporyzacji<br \/>\n&#8211; <strong>5% (50 mg \/ ml)<\/strong> &#8211; Zaprojektowany dla mocniejszego, bardziej satysfakcjonuj\u0105cego uderzenia w gard\u0142o <\/p>\n<h3>Specyfikacja<\/h3>\n<table style=\"height: 449px;\" width=\"1340\">\n<tbody>\n<tr>\n<td>Puffy<\/td>\n<td><strong>40000+ Puffs<\/strong><\/td>\n<\/tr>\n<tr>\n<td>Pojemno\u015b\u0107 e-p\u0142ynu<\/td>\n<td><strong>40ml<\/strong><\/td>\n<\/tr>\n<tr>\n<td>Pojemno\u015b\u0107 baterii<\/td>\n<td><strong>850 mAh<\/strong><\/td>\n<\/tr>\n<tr>\n<td>Rozmiar<\/td>\n<td><strong>52,5*24,5*104,3 mm<\/strong><\/td>\n<\/tr>\n<tr>\n<td>Jednorazowe czy nie?<\/td>\n<td><strong>Jednorazowy<\/strong><\/td>\n<\/tr>\n<tr>\n<td>Metoda \u0142adowania<\/td>\n<td><strong>Kabel<\/strong><\/td>\n<\/tr>\n<tr>\n<td>Metoda aktywacji<\/td>\n<td><strong>Czujnik<\/strong><\/td>\n<\/tr>\n<tr>\n<td>Materia\u0142<\/td>\n<td><strong>PCTG<\/strong><\/td>\n<\/tr>\n<tr>\n<td>Poziom nikotyny<\/td>\n<td><strong>2% (20 mg\/ml) i 5% (50 mg\/ml)<\/strong><\/td>\n<\/tr>\n<tr>\n<td>Smaki<\/td>\n<td><strong>12<\/strong><\/td>\n<\/tr>\n<tr>\n<td>Pakowanie<\/td>\n<td><strong>1 opakowanie<\/strong><\/td>\n<\/tr>\n<tr>\n<td>Czas \u0142adowania<\/td>\n<td><strong>2 godziny<\/strong><\/td>\n<\/tr>\n<tr>\n<td>Przechowywanie<\/td>\n<td><strong>Unika\u0107 \u015brodowiska o wysokiej temperaturze i przechowywa\u0107 w ch\u0142odnym i suchym miejscu.<\/strong><\/td>\n<\/tr>\n<tr>\n<td>Osoby, kt\u00f3rym zabrania si\u0119 stosowania<\/td>\n<td><strong>Osoby niepe\u0142noletnie, kobiety w ci\u0105\u017cy i osoby uczulone na sk\u0142adniki produktu.<\/strong><\/td>\n<\/tr>\n<tr>\n<td>Uwaga<\/td>\n<td><strong>Nie po\u0142yka\u0107 tej substancji. W przypadku po\u0142kni\u0119cia nale\u017cy natychmiast dok\u0142adnie wyp\u0142uka\u0107 usta. W przypadku z\u0142ego samopoczucia nale\u017cy skontaktowa\u0107 si\u0119 z lekarzem.  <\/strong><\/td>\n<\/tr>\n<\/tbody>\n<\/table>\n<h3>Lista smak\u00f3w <strong>Fizzy Nova Plus <\/strong>40000 Puffs:<\/h3>\n<ol>\n<li><a href=\"https:\/\/fizzyvape.eu\/pl\/produkt\/fizzy-nova-plus-strawberry-kiwi-40000-puffow-10-sztuk\/\">Truskawka Kiwi<\/a><\/li>\n<li><a href=\"https:\/\/fizzyvape.eu\/pl\/produkt\/fizzy-nova-plus-blueberry-ice-40000-puffow-10-sztuk\/\">L\u00f3d jagodowy<\/a><\/li>\n<li><a href=\"https:\/\/fizzyvape.eu\/pl\/produkt\/fizzy-nova-plus-watermelon-ice-40000-puffow-10-sztuk\/\">Arbuzowy l\u00f3d<\/a><\/li>\n<li><a href=\"https:\/\/fizzyvape.eu\/pl\/produkt\/fizzy-nova-plus-peach-mango-watermelon-40000-puffow-10-sztuk\/\">Brzoskwinia Mango Arbuz<\/a><\/li>\n<li><a href=\"https:\/\/fizzyvape.eu\/pl\/produkt\/fizzy-nova-plus-kiwi-passion-fruit-guava-40000-puffow-10-sztuk\/\">Kiwi Passion Fruit Guava<\/a><\/li>\n<li><a href=\"https:\/\/fizzyvape.eu\/pl\/produkt\/fizzy-nova-plus-raspberry-lemon-40000-puffow-10-sztuk\/\">Malina z cytryn\u0105<\/a><\/li>\n<li><a href=\"https:\/\/fizzyvape.eu\/pl\/produkt\/fizzy-nova-plus-triple-berry-40000-puffow-10-sztuk\/\">Triple Berry<\/a><\/li>\n<li><a href=\"https:\/\/fizzyvape.eu\/pl\/produkt\/fizzy-nova-plus-peach-ice-40000-puffow-10-sztuk\/\">L\u00f3d brzoskwiniowy<\/a><\/li>\n<li><a href=\"https:\/\/fizzyvape.eu\/pl\/produkt\/fizzy-nova-plus-grape-lime-40000-puffow-10-sztuk\/\">Grape Lime<\/a><\/li>\n<li><a href=\"https:\/\/fizzyvape.eu\/pl\/produkt\/fizzy-nova-plus-blue-razz-lemonade-40000-puffow-10-sztuk\/\">Lemoniada Blue Razz<\/a><\/li>\n<li><a href=\"https:\/\/fizzyvape.eu\/pl\/produkt\/fizzy-nova-plus-strawberry-ice-40000-puffow-10-sztuk\/\">L\u00f3d truskawkowy<\/a><\/li>\n<li><a href=\"https:\/\/fizzyvape.eu\/pl\/produkt\/fizzy-nova-plus-blueberry-coconut-40000-puffow-10-sztuk\/\">Jagoda z kokosem<\/a><\/li>\n<\/ol>\n<h3>Najcz\u0119\u015bciej zadawane pytania dotycz\u0105ce Fizzy Nova Plus Grape Lime 40000 Puffs Vape<\/h3>\n<ol start=\"1\">\n<li><strong>Co sprawia, \u017ce smak Grape Lime jest wyj\u0105tkowy w por\u00f3wnaniu z innymi owocowymi waporyzatorami?<\/strong><br \/>\nNasz smak Grape Lime \u0142\u0105czy s\u0142odkie winogrona Concord (60%) z cierpk\u0105 limonk\u0105 (40%), tworz\u0105c doskonale zbalansowany s\u0142odko-cierpki profil, kt\u00f3ry jest zar\u00f3wno orze\u017awiaj\u0105cy, jak i satysfakcjonuj\u0105cy. Smak zosta\u0142 opracowany przez naszych mistrz\u00f3w miksologii, aby zapewni\u0107 autentyczny owocowy smak bez sztucznych posmak\u00f3w. <\/li>\n<li><strong>W jaki spos\u00f3b technologia Dual Mesh Coil poprawia moje wra\u017cenia z waporyzacji?<\/strong><br \/>\nZaawansowane cewki z podw\u00f3jn\u0105 siatk\u0105 jednocze\u015bnie bardziej r\u00f3wnomiernie podgrzewaj\u0105 e-liquid, wytwarzaj\u0105c go:<\/li>\n<\/ol>\n<ul>\n<li>30% wi\u0119ksza obj\u0119to\u015b\u0107 pary<\/li>\n<li>Bogatsza, bardziej zniuansowana ekstrakcja smaku<\/li>\n<li>Sta\u0142a wydajno\u015b\u0107 przez ca\u0142e 40 000 zaci\u0105gni\u0119\u0107<\/li>\n<\/ul>\n<ol start=\"3\">\n<li><strong>Jaka jest rzeczywista \u017cywotno\u015b\u0107 40 000 zaci\u0105gni\u0119\u0107?<\/strong><br \/>\nW przypadku przeci\u0119tnych u\u017cytkownik\u00f3w (oko\u0142o 500 zaci\u0105gni\u0119\u0107 dziennie) wystarcza na oko\u0142o 2-3 miesi\u0105ce. Ci\u0119\u017ccy vaperzy (800+ zaci\u0105gni\u0119\u0107 dziennie) mog\u0105 spodziewa\u0107 si\u0119 6-8 tygodni, podczas gdy zwykli u\u017cytkownicy mog\u0105 cieszy\u0107 si\u0119 nim przez ponad 4 miesi\u0105ce. <\/li>\n<li><strong>Jak prze\u0142\u0105cza\u0107 si\u0119 mi\u0119dzy trybami Eco i Turbo?<\/strong><br \/>\nWystarczy trzykrotnie szybko nacisn\u0105\u0107 przycisk zasilania, aby prze\u0142\u0105cza\u0107 si\u0119 mi\u0119dzy nimi:<\/li>\n<\/ol>\n<ul>\n<li>Tryb Eco: Wyd\u0142u\u017ca \u017cywotno\u015b\u0107 baterii o 25% przy nieco \u0142agodniejszych uderzeniach<\/li>\n<li>Tryb Turbo: Zwi\u0119ksza intensywno\u015b\u0107 smaku i produkcj\u0119 pary o 40%.<\/li>\n<\/ul>\n<\/div>\n","protected":false},"excerpt":{"rendered":"<p><strong>Fizzy Nova Plus Grape Lime 40000 Puffs<\/strong> &#8211; do\u015bwiadcz doskona\u0142ego po\u0142\u0105czenia s\u0142odkich winogron i pikantnej limonki w tym jednorazowym waporyzatorze premium.<\/p>\n","protected":false},"featured_media":29996,"comment_status":"open","ping_status":"closed","template":"","meta":{"iawp_total_views":0},"product_brand":[],"product_cat":[352],"product_tag":[350],"class_list":{"0":"post-25349","1":"product","2":"type-product","3":"status-publish","4":"has-post-thumbnail","6":"product_cat-nova-plus-jednorazowy-e-papierosy-40000-puffs-pl","7":"product_tag-40000-zaciagniec","9":"first","10":"outofstock","11":"sale","12":"shipping-taxable","13":"purchasable","14":"product-type-variable"},"yoast_head":"<!-- This site is optimized with the Yoast SEO Premium plugin v24.8 (Yoast SEO v24.8) - https:\/\/yoast.com\/wordpress\/plugins\/seo\/ -->\n<title>Fizzy Nova Plus Grape Lime - 40000 puff\u00f3w - 10 sztuk - fizzyvape.eu<\/title>\n<meta name=\"description\" content=\"Fizzy Nova Plus Grape Lime 40000 Puffs Vape - fuzja s\u0142odkiego winogrona i ostrej limonki. 40 ml e-liquidu, podw\u00f3jne cewki siatkowe. Rabat hurtowy na 10 sztuk!\" \/>\n<meta name=\"robots\" content=\"index, follow, max-snippet:-1, max-image-preview:large, max-video-preview:-1\" \/>\n<link rel=\"canonical\" href=\"https:\/\/fizzyvape.eu\/pl\/produkt\/fizzy-nova-plus-grape-lime-40000-puffow-10-sztuk\/\" \/>\n<meta property=\"og:locale\" content=\"pl_PL\" \/>\n<meta property=\"og:type\" content=\"article\" \/>\n<meta property=\"og:title\" content=\"Fizzy Nova Plus Grape Lime - 40000 puff\u00f3w - 10 sztuk\" \/>\n<meta property=\"og:description\" content=\"Fizzy Nova Plus Grape Lime 40000 Puffs Vape - fuzja s\u0142odkiego winogrona i ostrej limonki. 40 ml e-liquidu, podw\u00f3jne cewki siatkowe. Rabat hurtowy na 10 sztuk!\" \/>\n<meta property=\"og:url\" content=\"https:\/\/fizzyvape.eu\/pl\/produkt\/fizzy-nova-plus-grape-lime-40000-puffow-10-sztuk\/\" \/>\n<meta property=\"og:site_name\" content=\"fizzyvape.eu\" \/>\n<meta property=\"article:modified_time\" content=\"2025-12-31T06:06:02+00:00\" \/>\n<meta property=\"og:image\" content=\"https:\/\/fizzyvape.eu\/wp-content\/uploads\/2025\/04\/Fizzy-Nova-Plus-Grape-Lime-40000Puffs-1.webp\" \/>\n\t<meta property=\"og:image:width\" content=\"800\" \/>\n\t<meta property=\"og:image:height\" content=\"800\" \/>\n\t<meta property=\"og:image:type\" content=\"image\/webp\" \/>\n<meta name=\"twitter:card\" content=\"summary_large_image\" \/>\n<meta name=\"twitter:label1\" content=\"Dost\u0119pno\u015b\u0107\" \/>\n\t<meta name=\"twitter:data1\" content=\"Brak w magazynie\" \/>\n<script type=\"application\/ld+json\" class=\"yoast-schema-graph\">{\"@context\":\"https:\/\/schema.org\",\"@graph\":[{\"@type\":\"WebPage\",\"@id\":\"https:\/\/fizzyvape.eu\/pl\/produkt\/fizzy-nova-plus-grape-lime-40000-puffow-10-sztuk\/\",\"url\":\"https:\/\/fizzyvape.eu\/pl\/produkt\/fizzy-nova-plus-grape-lime-40000-puffow-10-sztuk\/\",\"name\":\"Fizzy Nova Plus Grape Lime - 40000 puff\u00f3w - 10 sztuk - fizzyvape.eu\",\"isPartOf\":{\"@id\":\"https:\/\/www.fizzyvape.eu\/pl\/#website\"},\"primaryImageOfPage\":{\"@id\":\"https:\/\/fizzyvape.eu\/pl\/produkt\/fizzy-nova-plus-grape-lime-40000-puffow-10-sztuk\/#primaryimage\"},\"image\":{\"@id\":\"https:\/\/fizzyvape.eu\/pl\/produkt\/fizzy-nova-plus-grape-lime-40000-puffow-10-sztuk\/#primaryimage\"},\"thumbnailUrl\":\"https:\/\/fizzyvape.eu\/wp-content\/uploads\/2025\/03\/Fizzy-Nova-Plus-40000-Puffs-Grape-Lime-10pcs.webp\",\"datePublished\":\"2025-03-30T16:28:29+00:00\",\"dateModified\":\"2025-12-31T06:06:02+00:00\",\"description\":\"Fizzy Nova Plus Grape Lime 40000 Puffs Vape - fuzja s\u0142odkiego winogrona i ostrej limonki. 40 ml e-liquidu, podw\u00f3jne cewki siatkowe. Rabat hurtowy na 10 sztuk!\",\"breadcrumb\":{\"@id\":\"https:\/\/fizzyvape.eu\/pl\/produkt\/fizzy-nova-plus-grape-lime-40000-puffow-10-sztuk\/#breadcrumb\"},\"inLanguage\":\"pl-PL\",\"potentialAction\":[{\"@type\":\"ReadAction\",\"target\":[\"https:\/\/fizzyvape.eu\/pl\/produkt\/fizzy-nova-plus-grape-lime-40000-puffow-10-sztuk\/\"]}]},{\"@type\":\"ImageObject\",\"inLanguage\":\"pl-PL\",\"@id\":\"https:\/\/fizzyvape.eu\/pl\/produkt\/fizzy-nova-plus-grape-lime-40000-puffow-10-sztuk\/#primaryimage\",\"url\":\"https:\/\/fizzyvape.eu\/wp-content\/uploads\/2025\/03\/Fizzy-Nova-Plus-40000-Puffs-Grape-Lime-10pcs.webp\",\"contentUrl\":\"https:\/\/fizzyvape.eu\/wp-content\/uploads\/2025\/03\/Fizzy-Nova-Plus-40000-Puffs-Grape-Lime-10pcs.webp\",\"width\":800,\"height\":800,\"caption\":\"Fizzy Nova Plus 40000 Puff Grape Lime 10szt\"},{\"@type\":\"BreadcrumbList\",\"@id\":\"https:\/\/fizzyvape.eu\/pl\/produkt\/fizzy-nova-plus-grape-lime-40000-puffow-10-sztuk\/#breadcrumb\",\"itemListElement\":[{\"@type\":\"ListItem\",\"position\":1,\"name\":\"Home\",\"item\":\"https:\/\/fizzyvape.eu\/pl\/\"},{\"@type\":\"ListItem\",\"position\":2,\"name\":\"Sklep\",\"item\":\"https:\/\/fizzyvape.eu\/pl\/sklep\/\"},{\"@type\":\"ListItem\",\"position\":3,\"name\":\"Fizzy Nova Plus Grape Lime &#8211; 40000 puff\u00f3w &#8211; 10 sztuk\"}]},{\"@type\":\"WebSite\",\"@id\":\"https:\/\/www.fizzyvape.eu\/pl\/#website\",\"url\":\"https:\/\/www.fizzyvape.eu\/pl\/\",\"name\":\"fizzyvape.eu\",\"description\":\"Refreshing Vapes. Unforgettable Taste.\",\"publisher\":{\"@id\":\"https:\/\/www.fizzyvape.eu\/pl\/#organization\"},\"potentialAction\":[{\"@type\":\"SearchAction\",\"target\":{\"@type\":\"EntryPoint\",\"urlTemplate\":\"https:\/\/www.fizzyvape.eu\/pl\/?s={search_term_string}\"},\"query-input\":{\"@type\":\"PropertyValueSpecification\",\"valueRequired\":true,\"valueName\":\"search_term_string\"}}],\"inLanguage\":\"pl-PL\"},{\"@type\":\"Organization\",\"@id\":\"https:\/\/www.fizzyvape.eu\/pl\/#organization\",\"name\":\"fizzyvape.eu\",\"url\":\"https:\/\/www.fizzyvape.eu\/pl\/\",\"logo\":{\"@type\":\"ImageObject\",\"inLanguage\":\"pl-PL\",\"@id\":\"https:\/\/www.fizzyvape.eu\/pl\/#\/schema\/logo\/image\/\",\"url\":\"https:\/\/fizzyvape.eu\/wp-content\/uploads\/2019\/06\/print-1.svg\",\"contentUrl\":\"https:\/\/fizzyvape.eu\/wp-content\/uploads\/2019\/06\/print-1.svg\",\"width\":124,\"height\":37,\"caption\":\"fizzyvape.eu\"},\"image\":{\"@id\":\"https:\/\/www.fizzyvape.eu\/pl\/#\/schema\/logo\/image\/\"}}]}<\/script>\n<meta property=\"og:availability\" content=\"out of stock\" \/>\n<meta property=\"product:availability\" content=\"out of stock\" \/>\n<meta property=\"product:condition\" content=\"new\" \/>\n<!-- \/ Yoast SEO Premium plugin. -->","yoast_head_json":{"title":"Fizzy Nova Plus Grape Lime - 40000 puff\u00f3w - 10 sztuk - fizzyvape.eu","description":"Fizzy Nova Plus Grape Lime 40000 Puffs Vape - fuzja s\u0142odkiego winogrona i ostrej limonki. 40 ml e-liquidu, podw\u00f3jne cewki siatkowe. Rabat hurtowy na 10 sztuk!","robots":{"index":"index","follow":"follow","max-snippet":"max-snippet:-1","max-image-preview":"max-image-preview:large","max-video-preview":"max-video-preview:-1"},"canonical":"https:\/\/fizzyvape.eu\/pl\/produkt\/fizzy-nova-plus-grape-lime-40000-puffow-10-sztuk\/","og_locale":"pl_PL","og_type":"article","og_title":"Fizzy Nova Plus Grape Lime - 40000 puff\u00f3w - 10 sztuk","og_description":"Fizzy Nova Plus Grape Lime 40000 Puffs Vape - fuzja s\u0142odkiego winogrona i ostrej limonki. 40 ml e-liquidu, podw\u00f3jne cewki siatkowe. Rabat hurtowy na 10 sztuk!","og_url":"https:\/\/fizzyvape.eu\/pl\/produkt\/fizzy-nova-plus-grape-lime-40000-puffow-10-sztuk\/","og_site_name":"fizzyvape.eu","article_modified_time":"2025-12-31T06:06:02+00:00","og_image":[{"width":800,"height":800,"url":"https:\/\/fizzyvape.eu\/wp-content\/uploads\/2025\/04\/Fizzy-Nova-Plus-Grape-Lime-40000Puffs-1.webp","type":"image\/webp"}],"twitter_card":"summary_large_image","twitter_misc":{"Dost\u0119pno\u015b\u0107":"Brak w magazynie"},"schema":{"@context":"https:\/\/schema.org","@graph":[{"@type":"WebPage","@id":"https:\/\/fizzyvape.eu\/pl\/produkt\/fizzy-nova-plus-grape-lime-40000-puffow-10-sztuk\/","url":"https:\/\/fizzyvape.eu\/pl\/produkt\/fizzy-nova-plus-grape-lime-40000-puffow-10-sztuk\/","name":"Fizzy Nova Plus Grape Lime - 40000 puff\u00f3w - 10 sztuk - fizzyvape.eu","isPartOf":{"@id":"https:\/\/www.fizzyvape.eu\/pl\/#website"},"primaryImageOfPage":{"@id":"https:\/\/fizzyvape.eu\/pl\/produkt\/fizzy-nova-plus-grape-lime-40000-puffow-10-sztuk\/#primaryimage"},"image":{"@id":"https:\/\/fizzyvape.eu\/pl\/produkt\/fizzy-nova-plus-grape-lime-40000-puffow-10-sztuk\/#primaryimage"},"thumbnailUrl":"https:\/\/fizzyvape.eu\/wp-content\/uploads\/2025\/03\/Fizzy-Nova-Plus-40000-Puffs-Grape-Lime-10pcs.webp","datePublished":"2025-03-30T16:28:29+00:00","dateModified":"2025-12-31T06:06:02+00:00","description":"Fizzy Nova Plus Grape Lime 40000 Puffs Vape - fuzja s\u0142odkiego winogrona i ostrej limonki. 40 ml e-liquidu, podw\u00f3jne cewki siatkowe. Rabat hurtowy na 10 sztuk!","breadcrumb":{"@id":"https:\/\/fizzyvape.eu\/pl\/produkt\/fizzy-nova-plus-grape-lime-40000-puffow-10-sztuk\/#breadcrumb"},"inLanguage":"pl-PL","potentialAction":[{"@type":"ReadAction","target":["https:\/\/fizzyvape.eu\/pl\/produkt\/fizzy-nova-plus-grape-lime-40000-puffow-10-sztuk\/"]}]},{"@type":"ImageObject","inLanguage":"pl-PL","@id":"https:\/\/fizzyvape.eu\/pl\/produkt\/fizzy-nova-plus-grape-lime-40000-puffow-10-sztuk\/#primaryimage","url":"https:\/\/fizzyvape.eu\/wp-content\/uploads\/2025\/03\/Fizzy-Nova-Plus-40000-Puffs-Grape-Lime-10pcs.webp","contentUrl":"https:\/\/fizzyvape.eu\/wp-content\/uploads\/2025\/03\/Fizzy-Nova-Plus-40000-Puffs-Grape-Lime-10pcs.webp","width":800,"height":800,"caption":"Fizzy Nova Plus 40000 Puff Grape Lime 10szt"},{"@type":"BreadcrumbList","@id":"https:\/\/fizzyvape.eu\/pl\/produkt\/fizzy-nova-plus-grape-lime-40000-puffow-10-sztuk\/#breadcrumb","itemListElement":[{"@type":"ListItem","position":1,"name":"Home","item":"https:\/\/fizzyvape.eu\/pl\/"},{"@type":"ListItem","position":2,"name":"Sklep","item":"https:\/\/fizzyvape.eu\/pl\/sklep\/"},{"@type":"ListItem","position":3,"name":"Fizzy Nova Plus Grape Lime &#8211; 40000 puff\u00f3w &#8211; 10 sztuk"}]},{"@type":"WebSite","@id":"https:\/\/www.fizzyvape.eu\/pl\/#website","url":"https:\/\/www.fizzyvape.eu\/pl\/","name":"fizzyvape.eu","description":"Refreshing Vapes. Unforgettable Taste.","publisher":{"@id":"https:\/\/www.fizzyvape.eu\/pl\/#organization"},"potentialAction":[{"@type":"SearchAction","target":{"@type":"EntryPoint","urlTemplate":"https:\/\/www.fizzyvape.eu\/pl\/?s={search_term_string}"},"query-input":{"@type":"PropertyValueSpecification","valueRequired":true,"valueName":"search_term_string"}}],"inLanguage":"pl-PL"},{"@type":"Organization","@id":"https:\/\/www.fizzyvape.eu\/pl\/#organization","name":"fizzyvape.eu","url":"https:\/\/www.fizzyvape.eu\/pl\/","logo":{"@type":"ImageObject","inLanguage":"pl-PL","@id":"https:\/\/www.fizzyvape.eu\/pl\/#\/schema\/logo\/image\/","url":"https:\/\/fizzyvape.eu\/wp-content\/uploads\/2019\/06\/print-1.svg","contentUrl":"https:\/\/fizzyvape.eu\/wp-content\/uploads\/2019\/06\/print-1.svg","width":124,"height":37,"caption":"fizzyvape.eu"},"image":{"@id":"https:\/\/www.fizzyvape.eu\/pl\/#\/schema\/logo\/image\/"}}]},"og_availability":"out of stock","product_availability":"out of stock","product_condition":"new"},"tiered_pricing_type":"fixed","tiered_pricing_fixed_rules":[],"tiered_pricing_product_settings":{"layout":"default","base_unit_name":{"singular":null,"plural":null},"default_variation":null},"tiered_pricing_minimum_quantity":null,"tiered_pricing_roles_data":[],"tiered_pricing_percentage_rules":[],"tiered_pricing_maximum_quantity":null,"tiered_pricing_quantity_step":null,"_links":{"self":[{"href":"https:\/\/fizzyvape.eu\/pl\/wp-json\/wp\/v2\/product\/25349","targetHints":{"allow":["GET"]}}],"collection":[{"href":"https:\/\/fizzyvape.eu\/pl\/wp-json\/wp\/v2\/product"}],"about":[{"href":"https:\/\/fizzyvape.eu\/pl\/wp-json\/wp\/v2\/types\/product"}],"replies":[{"embeddable":true,"href":"https:\/\/fizzyvape.eu\/pl\/wp-json\/wp\/v2\/comments?post=25349"}],"version-history":[{"count":0,"href":"https:\/\/fizzyvape.eu\/pl\/wp-json\/wp\/v2\/product\/25349\/revisions"}],"wp:featuredmedia":[{"embeddable":true,"href":"https:\/\/fizzyvape.eu\/pl\/wp-json\/wp\/v2\/media\/29996"}],"wp:attachment":[{"href":"https:\/\/fizzyvape.eu\/pl\/wp-json\/wp\/v2\/media?parent=25349"}],"wp:term":[{"taxonomy":"product_brand","embeddable":true,"href":"https:\/\/fizzyvape.eu\/pl\/wp-json\/wp\/v2\/product_brand?post=25349"},{"taxonomy":"product_cat","embeddable":true,"href":"https:\/\/fizzyvape.eu\/pl\/wp-json\/wp\/v2\/product_cat?post=25349"},{"taxonomy":"product_tag","embeddable":true,"href":"https:\/\/fizzyvape.eu\/pl\/wp-json\/wp\/v2\/product_tag?post=25349"}],"curies":[{"name":"wp","href":"https:\/\/api.w.org\/{rel}","templated":true}]}}