{"id":25463,"date":"2025-03-28T18:42:05","date_gmt":"2025-03-28T10:42:05","guid":{"rendered":"https:\/\/fizzyvape.eu\/product\/fizzy-luxury-kiwi-passion-fruit-guava-15000-puffow\/"},"modified":"2025-03-28T18:42:05","modified_gmt":"2025-03-28T10:42:05","slug":"fizzy-luxury-kiwi-passion-fruit-guava-15000-puffow","status":"publish","type":"product","link":"https:\/\/fizzyvape.eu\/pl\/produkt\/fizzy-luxury-kiwi-passion-fruit-guava-15000-puffow\/","title":{"rendered":"Fizzy Luxury Kiwi Passion Fruit Guava &#8211; 15000 puff\u00f3w"},"content":{"rendered":"<div>\n<h2 data-start=\"0\" data-end=\"82\"><strong>Fizzy Luxury Kiwi Passion Fruit Guava 15000 Puffs &#8211; jednorazowy zestaw Vape Premium Tropical Trio<\/strong><\/h2>\n<p>Zanurz si\u0119 w tropikalnym raju dzi\u0119ki Fizzy Luxury Kiwi Passion Fruit Guava 15000 Puffs &#8211; gdzie cierpko\u015b\u0107 kiwi (6\/10) spotyka si\u0119 z aromatyczn\u0105 s\u0142odycz\u0105 marakui (5\/10) i kremow\u0105 g\u0142adko\u015bci\u0105 guawy (4\/10), a wszystko to zamkni\u0119te w naszym wysokiej jako\u015bci szmaragdowozielonym metalowym korpusie z precyzyjn\u0105 kontrol\u0105 przep\u0142ywu powietrza. Ten elitarny tyto\u0144 jednorazowego u\u017cytku zapewnia <strong>15 000 ultra-g\u0142adkich zaci\u0105gni\u0119\u0107<\/strong> o idealnie zbalansowanym smaku, wyposa\u017cony w nasz rewolucyjny <strong>system cewek kwarcowych Dual-Mesh<\/strong> zapewniaj\u0105cy \u017cywy smak i aksamitn\u0105 par\u0119. <\/p>\n<h3><strong>Dlaczego warto wybra\u0107 Fizzy Luxury Kiwi Passion Fruit Guava 15000 Puffs Vape?<\/strong><\/h3>\n<p>\ud83e\udd5d <strong>Tropical Flavor Mastery<\/strong> &#8211; 50% pikantnego kiwi, 30% s\u0142odkiej marakui, 20% kremowej guawy dla egzotycznej harmonii.<br \/>\n\ud83c\udf9b\ufe0f <strong>Inteligentna kontrola przep\u0142ywu powietrza<\/strong> &#8211; 5-stopniowa regulacja od ciasnego MTL do p\u0142ynnego RDL<br \/>\n\ud83d\udc8e <strong>Luksusowy szmaragdowy metal<\/strong> &#8211; obrabiane CNC aluminium lotnicze z wyko\u0144czeniem w kolorze klejnot\u00f3w<br \/>\n\u26a1 <strong>Wyd\u0142u\u017cone 15 000 zaci\u0105gni\u0119\u0107<\/strong> &#8211; pojemno\u015b\u0107 22 ml e-liquidu wystarcza na 25% d\u0142u\u017cej ni\u017c w przypadku konkurencji.<br \/>\n\ud83e\uddca <strong>Technologia SilkFlow<\/strong> &#8211; cewki kwarcowe zapewniaj\u0105 o 50% g\u0142adsz\u0105 par\u0119 ni\u017c standardowa siatka. <\/p>\n<p><strong>Opcje nikotyny:<\/strong><\/p>\n<h3><strong>Opcje nikotyny:<\/strong><\/h3>\n<p>&#8211; <strong data-start=\"1200\" data-end=\"1216\">2% (20 mg \/ ml)<\/strong> &#8211; idealny do g\u0142adkiej i aromatycznej waporyzacji <br data-start=\"1269\" data-end=\"1272\">&#8211; <strong data-start=\"1274\" data-end=\"1290\">5% (50 mg \/ ml)<\/strong> &#8211; Zaprojektowany dla mocniejszego, bardziej satysfakcjonuj\u0105cego uderzenia w gard\u0142o <\/p>\n<\/div>\n<div>\n<h3>Specyfikacja<\/h3>\n<table style=\"height: 449px;\" width=\"1340\">\n<tbody>\n<tr>\n<td>Puffy<\/td>\n<td><strong>15000+ Puffs<\/strong><\/td>\n<\/tr>\n<tr>\n<td>Pojemno\u015b\u0107 e-p\u0142ynu<\/td>\n<td><strong>22ml<\/strong><\/td>\n<\/tr>\n<tr>\n<td>Pojemno\u015b\u0107 baterii<\/td>\n<td><strong>650 mAh<\/strong><\/td>\n<\/tr>\n<tr>\n<td>Siatkowa cewka<\/td>\n<td><strong>1.4\u03a9<\/strong><\/td>\n<\/tr>\n<tr>\n<td>Rozmiar<\/td>\n<td><strong>53*30*85.3mm<\/strong><\/td>\n<\/tr>\n<tr>\n<td>Jednorazowe czy nie?<\/td>\n<td><strong>Jednorazowy<\/strong><\/td>\n<\/tr>\n<tr>\n<td>Metoda \u0142adowania<\/td>\n<td><strong>Kabel<\/strong><\/td>\n<\/tr>\n<tr>\n<td>Metoda aktywacji<\/td>\n<td><strong>Czujnik<\/strong><\/td>\n<\/tr>\n<tr>\n<td>Materia\u0142<\/td>\n<td><strong>Metal<\/strong><\/td>\n<\/tr>\n<tr>\n<td>Poziom nikotyny<\/td>\n<td><strong>2% (20 mg\/ml) i 5% (50 mg\/ml)<\/strong><\/td>\n<\/tr>\n<tr>\n<td>Smaki<\/td>\n<td><strong>15<\/strong><\/td>\n<\/tr>\n<tr>\n<td>Pakowanie<\/td>\n<td><strong>1 opakowanie<\/strong><\/td>\n<\/tr>\n<tr>\n<td>Czas \u0142adowania<\/td>\n<td><strong>2 godziny<\/strong><\/td>\n<\/tr>\n<tr>\n<td>Przechowywanie<\/td>\n<td><strong>Unika\u0107 \u015brodowiska o wysokiej temperaturze i przechowywa\u0107 w ch\u0142odnym i suchym miejscu.<\/strong><\/td>\n<\/tr>\n<tr>\n<td>Osoby, kt\u00f3rym zabrania si\u0119 stosowania<\/td>\n<td><strong>Osoby niepe\u0142noletnie, kobiety w ci\u0105\u017cy i osoby uczulone na sk\u0142adniki produktu.<\/strong><\/td>\n<\/tr>\n<tr>\n<td>Uwaga<\/td>\n<td><strong>Nie po\u0142yka\u0107 tej substancji. W przypadku po\u0142kni\u0119cia nale\u017cy natychmiast dok\u0142adnie wyp\u0142uka\u0107 usta. W przypadku z\u0142ego samopoczucia nale\u017cy skontaktowa\u0107 si\u0119 z lekarzem.  <\/strong><\/td>\n<\/tr>\n<\/tbody>\n<\/table>\n<h3>Lista smak\u00f3w <strong>Fizzy Luxury <\/strong>15000 Puffs:<\/h3>\n<ol>\n<li><a href=\"https:\/\/fizzyvape.eu\/product\/fizzy-luxury-blueberry-raspberry-15000-puffs\/\">Bor\u00f3wka Malina<\/a><\/li>\n<li><a href=\"https:\/\/fizzyvape.eu\/product\/fizzy-luxury-peach-15000-puffs\/\">Brzoskwinia<\/a><\/li>\n<li><a href=\"https:\/\/fizzyvape.eu\/product\/fizzy-luxury-grape-15000-puffs\/\">Winogrono<\/a><\/li>\n<li><a href=\"https:\/\/fizzyvape.eu\/product\/fizzy-luxury-blueberry-15000-puffs\/\">Jagoda<\/a><\/li>\n<li><a href=\"https:\/\/fizzyvape.eu\/product\/fizzy-luxury-strawberry-15000-puffs\/\">Truskawka<\/a><\/li>\n<li><a href=\"https:\/\/fizzyvape.eu\/product\/fizzy-luxury-fizzy-cherry-15000-puffs\/\">Fizzy Cherry<\/a><\/li>\n<li><a href=\"https:\/\/fizzyvape.eu\/product\/fizzy-luxury-raspberry-lemonade-15000-puffs\/\">Lemoniada malinowa<\/a><\/li>\n<li><a href=\"https:\/\/fizzyvape.eu\/product\/fizzy-luxury-sour-apple-15000-puffs\/\">Kwa\u015bne jab\u0142ko<\/a><\/li>\n<li><a href=\"https:\/\/fizzyvape.eu\/product\/fizzy-luxury-strawberry-kiwi-pomegranate-15000-puffs\/\">Truskawka Kiwi Granat<\/a><\/li>\n<li><a href=\"https:\/\/fizzyvape.eu\/product\/fizzy-luxury-lemon-lime-15000-puffs\/\">Lemon Lime<\/a><\/li>\n<li><a href=\"https:\/\/fizzyvape.eu\/product\/fizzy-luxury-strawberry-banana-15000-puffs\/\">Banan truskawkowy<\/a><\/li>\n<li><a href=\"https:\/\/fizzyvape.eu\/product\/fizzy-luxury-orange-mango-watermelon-15000-puffs\/\">Pomara\u0144cza Mango Arbuz<\/a><\/li>\n<li><a href=\"https:\/\/fizzyvape.eu\/pl\/produkt\/fizzy-luxury-red-bull-15000-puffow\/\">Red Bull<\/a><\/li>\n<li><a href=\"https:\/\/fizzyvape.eu\/pl\/produkt\/fizzy-luxury-pink-lemonade-15000-puffow\/\">R\u00f3\u017cowa Lemoniada<\/a><\/li>\n<li><a href=\"https:\/\/fizzyvape.eu\/pl\/produkt\/fizzy-luxury-kiwi-passion-fruit-guava-15000-puffow\/\">Kiwi Passion Fruit Guava<\/a><\/li>\n<\/ol>\n<h3>Najcz\u0119\u015bciej zadawane pytania dotycz\u0105ce Fizzy Luxury Kiwi Passion Fruit Guava 15000 Puffs Vape<\/h3>\n<ul>\n<li class=\"\" data-start=\"74\" data-end=\"378\">\n<p class=\"\" data-start=\"77\" data-end=\"378\"><strong data-start=\"77\" data-end=\"163\">Jaki smak oferuje waporyzator<\/strong> <strong data-start=\"173\" data-end=\"226\">Fizzy Luxury Kiwi Passion Fruit Guava 15000 Puffs<\/strong> <strong data-start=\"77\" data-end=\"163\">?<\/strong><br data-start=\"163\" data-end=\"166\"><strong data-start=\"173\" data-end=\"226\">Fizzy<\/strong> <strong data-start=\"77\" data-end=\"163\">Luxury Kiwi<\/strong> <strong data-start=\"173\" data-end=\"226\">Passion Fruit Guava<\/strong> <strong data-start=\"77\" data-end=\"163\">15000<\/strong> <strong data-start=\"173\" data-end=\"226\">Puffs<\/strong> to tropikalne po\u0142\u0105czenie <strong data-start=\"257\" data-end=\"271\">s\u0142odkiego kiwi<\/strong>, <strong data-start=\"273\" data-end=\"297\">egzotycznej marakui<\/strong> i <strong data-start=\"303\" data-end=\"319\">g\u0142adkiej guawy<\/strong>, tworz\u0105ce idealn\u0105 r\u00f3wnowag\u0119 orze\u017awiaj\u0105cych, owocowych smak\u00f3w.<\/p>\n<\/li>\n<li class=\"\" data-start=\"380\" data-end=\"642\">\n<p class=\"\" data-start=\"383\" data-end=\"642\"><strong data-start=\"383\" data-end=\"460\">Jak d\u0142ugo wystarcza Fizzy Luxury Kiwi Passion Fruit Guava 15000 Puffs?<\/strong><br data-start=\"460\" data-end=\"463\"><strong data-start=\"475\" data-end=\"501\">Pojemno\u015b\u0107 22 ml e-liquidu<\/strong> zapewnia <strong data-start=\"522\" data-end=\"539\">ponad 15 000 zaci\u0105gni\u0119\u0107<\/strong>, co wystarcza na oko\u0142o <strong data-start=\"563\" data-end=\"576\">4-5 tygodni<\/strong>, w zale\u017cno\u015bci od u\u017cytkowania, zapewniaj\u0105c d\u0142ugotrwa\u0142e tropikalne doznania.<\/p>\n<\/li>\n<li data-start=\"380\" data-end=\"642\">\n<p data-start=\"598\" data-end=\"699\"><strong data-start=\"605\" data-end=\"699\">Kt\u00f3ra moc nikotyny jest dla mnie odpowiednia?<\/strong><\/p>\n<p class=\"\" data-start=\"703\" data-end=\"771\">&#8211; <strong>2% (20mg\/mL):<\/strong> Idealny dla ca\u0142odziennego wapowania i koneser\u00f3w smaku<br \/>\n&#8211; <strong>5% (50mg\/mL):<\/strong> Idealny dla by\u0142ych palaczy potrzebuj\u0105cych silniejszej satysfakcji<\/p>\n<\/li>\n<\/ul>\n<\/div>\n","protected":false},"excerpt":{"rendered":"<p>Ucieczka do tropikalnego raju z <strong data-start=\"68\" data-end=\"121\" data-is-only-node=\"\">Fizzy Luxury Kiwi Passion Fruit Guava 15000 Puffs<\/strong>. Ten jednorazowy produkt premium oferuje idealne po\u0142\u0105czenie <strong data-start=\"173\" data-end=\"190\">cierpko\u015bci kiwi<\/strong>, <strong data-start=\"192\" data-end=\"219\">s\u0142odyczy marakui<\/strong> i <strong data-start=\"225\" data-end=\"245\">kremowej konsystencji guawy<\/strong>, dostarczaj\u0105c <strong data-start=\"258\" data-end=\"281\">15 000 g\u0142adkich zaci\u0105gni\u0119\u0107<\/strong> o \u017cywym smaku w eleganckim <strong data-start=\"311\" data-end=\"339\">szmaragdowozielonym metalowym korpusie<\/strong>. <\/p>\n","protected":false},"featured_media":21246,"comment_status":"open","ping_status":"closed","template":"","meta":{"iawp_total_views":0},"product_brand":[],"product_cat":[320],"product_tag":[321],"class_list":{"0":"post-25463","1":"product","2":"type-product","3":"status-publish","4":"has-post-thumbnail","6":"product_cat-luxury-pl","7":"product_tag-15000-zaciagniec","9":"first","10":"outofstock","11":"shipping-taxable","12":"purchasable","13":"product-type-variable"},"yoast_head":"<!-- This site is optimized with the Yoast SEO Premium plugin v24.8 (Yoast SEO v24.8) - https:\/\/yoast.com\/wordpress\/plugins\/seo\/ -->\n<title>Fizzy Luxury Kiwi Passion Fruit Guava - 15000 puff\u00f3w - fizzyvape.eu<\/title>\n<meta name=\"robots\" content=\"index, follow, max-snippet:-1, max-image-preview:large, max-video-preview:-1\" \/>\n<link rel=\"canonical\" href=\"https:\/\/fizzyvape.eu\/pl\/produkt\/fizzy-luxury-kiwi-passion-fruit-guava-15000-puffow\/\" \/>\n<meta property=\"og:locale\" content=\"pl_PL\" \/>\n<meta property=\"og:type\" content=\"article\" \/>\n<meta property=\"og:title\" content=\"Fizzy Luxury Kiwi Passion Fruit Guava - 15000 puff\u00f3w\" \/>\n<meta property=\"og:description\" content=\"Ucieczka do tropikalnego raju z Fizzy Luxury Kiwi Passion Fruit Guava 15000 Puffs. Ten jednorazowy produkt premium oferuje idealne po\u0142\u0105czenie cierpko\u015bci kiwi, s\u0142odyczy marakui i kremowej konsystencji guawy, dostarczaj\u0105c 15 000 g\u0142adkich zaci\u0105gni\u0119\u0107 o \u017cywym smaku w eleganckim szmaragdowozielonym metalowym korpusie.\" \/>\n<meta property=\"og:url\" content=\"https:\/\/fizzyvape.eu\/pl\/produkt\/fizzy-luxury-kiwi-passion-fruit-guava-15000-puffow\/\" \/>\n<meta property=\"og:site_name\" content=\"fizzyvape.eu\" \/>\n<meta property=\"og:image\" content=\"https:\/\/fizzyvape.eu\/wp-content\/uploads\/2025\/03\/Fizzy-Luxury-Kiwi-Passion-Fruit-Guava-15000puff.jpg\" \/>\n\t<meta property=\"og:image:width\" content=\"1500\" \/>\n\t<meta property=\"og:image:height\" content=\"1500\" \/>\n\t<meta property=\"og:image:type\" content=\"image\/jpeg\" \/>\n<meta name=\"twitter:card\" content=\"summary_large_image\" \/>\n<meta name=\"twitter:label1\" content=\"Dost\u0119pno\u015b\u0107\" \/>\n\t<meta name=\"twitter:data1\" content=\"Brak w magazynie\" \/>\n<script type=\"application\/ld+json\" class=\"yoast-schema-graph\">{\"@context\":\"https:\/\/schema.org\",\"@graph\":[{\"@type\":\"WebPage\",\"@id\":\"https:\/\/fizzyvape.eu\/pl\/produkt\/fizzy-luxury-kiwi-passion-fruit-guava-15000-puffow\/\",\"url\":\"https:\/\/fizzyvape.eu\/pl\/produkt\/fizzy-luxury-kiwi-passion-fruit-guava-15000-puffow\/\",\"name\":\"Fizzy Luxury Kiwi Passion Fruit Guava - 15000 puff\u00f3w - fizzyvape.eu\",\"isPartOf\":{\"@id\":\"https:\/\/www.fizzyvape.eu\/pl\/#website\"},\"primaryImageOfPage\":{\"@id\":\"https:\/\/fizzyvape.eu\/pl\/produkt\/fizzy-luxury-kiwi-passion-fruit-guava-15000-puffow\/#primaryimage\"},\"image\":{\"@id\":\"https:\/\/fizzyvape.eu\/pl\/produkt\/fizzy-luxury-kiwi-passion-fruit-guava-15000-puffow\/#primaryimage\"},\"thumbnailUrl\":\"https:\/\/fizzyvape.eu\/wp-content\/uploads\/2025\/03\/Fizzy-Luxury-Kiwi-Passion-Fruit-Guava-15000puff.jpg\",\"datePublished\":\"2025-03-28T10:42:05+00:00\",\"breadcrumb\":{\"@id\":\"https:\/\/fizzyvape.eu\/pl\/produkt\/fizzy-luxury-kiwi-passion-fruit-guava-15000-puffow\/#breadcrumb\"},\"inLanguage\":\"pl-PL\",\"potentialAction\":[{\"@type\":\"ReadAction\",\"target\":[\"https:\/\/fizzyvape.eu\/pl\/produkt\/fizzy-luxury-kiwi-passion-fruit-guava-15000-puffow\/\"]}]},{\"@type\":\"ImageObject\",\"inLanguage\":\"pl-PL\",\"@id\":\"https:\/\/fizzyvape.eu\/pl\/produkt\/fizzy-luxury-kiwi-passion-fruit-guava-15000-puffow\/#primaryimage\",\"url\":\"https:\/\/fizzyvape.eu\/wp-content\/uploads\/2025\/03\/Fizzy-Luxury-Kiwi-Passion-Fruit-Guava-15000puff.jpg\",\"contentUrl\":\"https:\/\/fizzyvape.eu\/wp-content\/uploads\/2025\/03\/Fizzy-Luxury-Kiwi-Passion-Fruit-Guava-15000puff.jpg\",\"width\":1500,\"height\":1500,\"caption\":\"Fizzy-Luxury-Kiwi-Passion-Fruit-Guava-15000puff\"},{\"@type\":\"BreadcrumbList\",\"@id\":\"https:\/\/fizzyvape.eu\/pl\/produkt\/fizzy-luxury-kiwi-passion-fruit-guava-15000-puffow\/#breadcrumb\",\"itemListElement\":[{\"@type\":\"ListItem\",\"position\":1,\"name\":\"Home\",\"item\":\"https:\/\/fizzyvape.eu\/pl\/\"},{\"@type\":\"ListItem\",\"position\":2,\"name\":\"Sklep\",\"item\":\"https:\/\/fizzyvape.eu\/pl\/sklep\/\"},{\"@type\":\"ListItem\",\"position\":3,\"name\":\"Fizzy Luxury Kiwi Passion Fruit Guava &#8211; 15000 puff\u00f3w\"}]},{\"@type\":\"WebSite\",\"@id\":\"https:\/\/www.fizzyvape.eu\/pl\/#website\",\"url\":\"https:\/\/www.fizzyvape.eu\/pl\/\",\"name\":\"fizzyvape.eu\",\"description\":\"Refreshing Vapes. Unforgettable Taste.\",\"publisher\":{\"@id\":\"https:\/\/www.fizzyvape.eu\/pl\/#organization\"},\"potentialAction\":[{\"@type\":\"SearchAction\",\"target\":{\"@type\":\"EntryPoint\",\"urlTemplate\":\"https:\/\/www.fizzyvape.eu\/pl\/?s={search_term_string}\"},\"query-input\":{\"@type\":\"PropertyValueSpecification\",\"valueRequired\":true,\"valueName\":\"search_term_string\"}}],\"inLanguage\":\"pl-PL\"},{\"@type\":\"Organization\",\"@id\":\"https:\/\/www.fizzyvape.eu\/pl\/#organization\",\"name\":\"fizzyvape.eu\",\"url\":\"https:\/\/www.fizzyvape.eu\/pl\/\",\"logo\":{\"@type\":\"ImageObject\",\"inLanguage\":\"pl-PL\",\"@id\":\"https:\/\/www.fizzyvape.eu\/pl\/#\/schema\/logo\/image\/\",\"url\":\"https:\/\/fizzyvape.eu\/wp-content\/uploads\/2019\/06\/print-1.svg\",\"contentUrl\":\"https:\/\/fizzyvape.eu\/wp-content\/uploads\/2019\/06\/print-1.svg\",\"width\":124,\"height\":37,\"caption\":\"fizzyvape.eu\"},\"image\":{\"@id\":\"https:\/\/www.fizzyvape.eu\/pl\/#\/schema\/logo\/image\/\"}}]}<\/script>\n<meta property=\"og:availability\" content=\"out of stock\" \/>\n<meta property=\"product:availability\" content=\"out of stock\" \/>\n<meta property=\"product:condition\" content=\"new\" \/>\n<!-- \/ Yoast SEO Premium plugin. -->","yoast_head_json":{"title":"Fizzy Luxury Kiwi Passion Fruit Guava - 15000 puff\u00f3w - fizzyvape.eu","robots":{"index":"index","follow":"follow","max-snippet":"max-snippet:-1","max-image-preview":"max-image-preview:large","max-video-preview":"max-video-preview:-1"},"canonical":"https:\/\/fizzyvape.eu\/pl\/produkt\/fizzy-luxury-kiwi-passion-fruit-guava-15000-puffow\/","og_locale":"pl_PL","og_type":"article","og_title":"Fizzy Luxury Kiwi Passion Fruit Guava - 15000 puff\u00f3w","og_description":"Ucieczka do tropikalnego raju z Fizzy Luxury Kiwi Passion Fruit Guava 15000 Puffs. Ten jednorazowy produkt premium oferuje idealne po\u0142\u0105czenie cierpko\u015bci kiwi, s\u0142odyczy marakui i kremowej konsystencji guawy, dostarczaj\u0105c 15 000 g\u0142adkich zaci\u0105gni\u0119\u0107 o \u017cywym smaku w eleganckim szmaragdowozielonym metalowym korpusie.","og_url":"https:\/\/fizzyvape.eu\/pl\/produkt\/fizzy-luxury-kiwi-passion-fruit-guava-15000-puffow\/","og_site_name":"fizzyvape.eu","og_image":[{"width":1500,"height":1500,"url":"https:\/\/fizzyvape.eu\/wp-content\/uploads\/2025\/03\/Fizzy-Luxury-Kiwi-Passion-Fruit-Guava-15000puff.jpg","type":"image\/jpeg"}],"twitter_card":"summary_large_image","twitter_misc":{"Dost\u0119pno\u015b\u0107":"Brak w magazynie"},"schema":{"@context":"https:\/\/schema.org","@graph":[{"@type":"WebPage","@id":"https:\/\/fizzyvape.eu\/pl\/produkt\/fizzy-luxury-kiwi-passion-fruit-guava-15000-puffow\/","url":"https:\/\/fizzyvape.eu\/pl\/produkt\/fizzy-luxury-kiwi-passion-fruit-guava-15000-puffow\/","name":"Fizzy Luxury Kiwi Passion Fruit Guava - 15000 puff\u00f3w - fizzyvape.eu","isPartOf":{"@id":"https:\/\/www.fizzyvape.eu\/pl\/#website"},"primaryImageOfPage":{"@id":"https:\/\/fizzyvape.eu\/pl\/produkt\/fizzy-luxury-kiwi-passion-fruit-guava-15000-puffow\/#primaryimage"},"image":{"@id":"https:\/\/fizzyvape.eu\/pl\/produkt\/fizzy-luxury-kiwi-passion-fruit-guava-15000-puffow\/#primaryimage"},"thumbnailUrl":"https:\/\/fizzyvape.eu\/wp-content\/uploads\/2025\/03\/Fizzy-Luxury-Kiwi-Passion-Fruit-Guava-15000puff.jpg","datePublished":"2025-03-28T10:42:05+00:00","breadcrumb":{"@id":"https:\/\/fizzyvape.eu\/pl\/produkt\/fizzy-luxury-kiwi-passion-fruit-guava-15000-puffow\/#breadcrumb"},"inLanguage":"pl-PL","potentialAction":[{"@type":"ReadAction","target":["https:\/\/fizzyvape.eu\/pl\/produkt\/fizzy-luxury-kiwi-passion-fruit-guava-15000-puffow\/"]}]},{"@type":"ImageObject","inLanguage":"pl-PL","@id":"https:\/\/fizzyvape.eu\/pl\/produkt\/fizzy-luxury-kiwi-passion-fruit-guava-15000-puffow\/#primaryimage","url":"https:\/\/fizzyvape.eu\/wp-content\/uploads\/2025\/03\/Fizzy-Luxury-Kiwi-Passion-Fruit-Guava-15000puff.jpg","contentUrl":"https:\/\/fizzyvape.eu\/wp-content\/uploads\/2025\/03\/Fizzy-Luxury-Kiwi-Passion-Fruit-Guava-15000puff.jpg","width":1500,"height":1500,"caption":"Fizzy-Luxury-Kiwi-Passion-Fruit-Guava-15000puff"},{"@type":"BreadcrumbList","@id":"https:\/\/fizzyvape.eu\/pl\/produkt\/fizzy-luxury-kiwi-passion-fruit-guava-15000-puffow\/#breadcrumb","itemListElement":[{"@type":"ListItem","position":1,"name":"Home","item":"https:\/\/fizzyvape.eu\/pl\/"},{"@type":"ListItem","position":2,"name":"Sklep","item":"https:\/\/fizzyvape.eu\/pl\/sklep\/"},{"@type":"ListItem","position":3,"name":"Fizzy Luxury Kiwi Passion Fruit Guava &#8211; 15000 puff\u00f3w"}]},{"@type":"WebSite","@id":"https:\/\/www.fizzyvape.eu\/pl\/#website","url":"https:\/\/www.fizzyvape.eu\/pl\/","name":"fizzyvape.eu","description":"Refreshing Vapes. Unforgettable Taste.","publisher":{"@id":"https:\/\/www.fizzyvape.eu\/pl\/#organization"},"potentialAction":[{"@type":"SearchAction","target":{"@type":"EntryPoint","urlTemplate":"https:\/\/www.fizzyvape.eu\/pl\/?s={search_term_string}"},"query-input":{"@type":"PropertyValueSpecification","valueRequired":true,"valueName":"search_term_string"}}],"inLanguage":"pl-PL"},{"@type":"Organization","@id":"https:\/\/www.fizzyvape.eu\/pl\/#organization","name":"fizzyvape.eu","url":"https:\/\/www.fizzyvape.eu\/pl\/","logo":{"@type":"ImageObject","inLanguage":"pl-PL","@id":"https:\/\/www.fizzyvape.eu\/pl\/#\/schema\/logo\/image\/","url":"https:\/\/fizzyvape.eu\/wp-content\/uploads\/2019\/06\/print-1.svg","contentUrl":"https:\/\/fizzyvape.eu\/wp-content\/uploads\/2019\/06\/print-1.svg","width":124,"height":37,"caption":"fizzyvape.eu"},"image":{"@id":"https:\/\/www.fizzyvape.eu\/pl\/#\/schema\/logo\/image\/"}}]},"og_availability":"out of stock","product_availability":"out of stock","product_condition":"new"},"tiered_pricing_type":"fixed","tiered_pricing_fixed_rules":[],"tiered_pricing_product_settings":{"layout":"default","base_unit_name":{"singular":null,"plural":null},"default_variation":null},"tiered_pricing_minimum_quantity":null,"tiered_pricing_roles_data":[],"tiered_pricing_percentage_rules":[],"tiered_pricing_maximum_quantity":null,"tiered_pricing_quantity_step":null,"_links":{"self":[{"href":"https:\/\/fizzyvape.eu\/pl\/wp-json\/wp\/v2\/product\/25463","targetHints":{"allow":["GET"]}}],"collection":[{"href":"https:\/\/fizzyvape.eu\/pl\/wp-json\/wp\/v2\/product"}],"about":[{"href":"https:\/\/fizzyvape.eu\/pl\/wp-json\/wp\/v2\/types\/product"}],"replies":[{"embeddable":true,"href":"https:\/\/fizzyvape.eu\/pl\/wp-json\/wp\/v2\/comments?post=25463"}],"version-history":[{"count":0,"href":"https:\/\/fizzyvape.eu\/pl\/wp-json\/wp\/v2\/product\/25463\/revisions"}],"wp:featuredmedia":[{"embeddable":true,"href":"https:\/\/fizzyvape.eu\/pl\/wp-json\/wp\/v2\/media\/21246"}],"wp:attachment":[{"href":"https:\/\/fizzyvape.eu\/pl\/wp-json\/wp\/v2\/media?parent=25463"}],"wp:term":[{"taxonomy":"product_brand","embeddable":true,"href":"https:\/\/fizzyvape.eu\/pl\/wp-json\/wp\/v2\/product_brand?post=25463"},{"taxonomy":"product_cat","embeddable":true,"href":"https:\/\/fizzyvape.eu\/pl\/wp-json\/wp\/v2\/product_cat?post=25463"},{"taxonomy":"product_tag","embeddable":true,"href":"https:\/\/fizzyvape.eu\/pl\/wp-json\/wp\/v2\/product_tag?post=25463"}],"curies":[{"name":"wp","href":"https:\/\/api.w.org\/{rel}","templated":true}]}}