{"id":25500,"date":"2025-03-29T16:24:20","date_gmt":"2025-03-29T08:24:20","guid":{"rendered":"https:\/\/fizzyvape.eu\/product\/fizzy-nova-plus-strawberry-kiwi-40000-puffow-10-sztuk\/"},"modified":"2025-12-23T14:43:28","modified_gmt":"2025-12-23T06:43:28","slug":"fizzy-nova-plus-strawberry-kiwi-40000-puffow-10-sztuk","status":"publish","type":"product","link":"https:\/\/fizzyvape.eu\/pl\/produkt\/fizzy-nova-plus-strawberry-kiwi-40000-puffow-10-sztuk\/","title":{"rendered":"Fizzy Nova Plus Strawberry Kiwi &#8211; 40000 puff\u00f3w &#8211; 10 sztuk"},"content":{"rendered":"<div>\n<h2>Fizzy Nova Plus Strawberry Kiwi 40000 puff\u00f3w &#8211; jednorazowy zestaw Vape Premium Tropical Fusion<\/h2>\n<p>Rozpocznij d\u0142ugotrwa\u0142\u0105 przygod\u0119 smakow\u0105 z <strong>Fizzy Nova Plus Strawberry Kiwi 40000 Puffs<\/strong>. Ten zaawansowany waporyzator dostarcza a\u017c <strong>40 000 zaci\u0105gni\u0119\u0107<\/strong> rozkosznie s\u0142odkim i pikantnym po\u0142\u0105czeniem dojrza\u0142ych truskawek i egzotycznego kiwi, zapewniaj\u0105c niezmiennie orze\u017awiaj\u0105ce i satysfakcjonuj\u0105ce doznania. Dzi\u0119ki imponuj\u0105cej liczbie zaci\u0105gni\u0119\u0107, <strong>Fizzy Nova Plus Strawberry Ki<\/strong> wi zapewnia przed\u0142u\u017con\u0105 sesj\u0119 waporyzacji wype\u0142nion\u0105 \u017cywym, owocowym smakiem za ka\u017cdym razem.  <\/p>\n<h3>Kluczowe cechy:<\/h3>\n<p>\ud83d\udd39 <strong>40 000 zaci\u0105gni\u0119\u0107 &#8211; <\/strong>wyj\u0105tkowo d\u0142ugotrwa\u0142a przyjemno\u015b\u0107.<br \/>\n\ud83d\udd39 <strong>Wst\u0119pnie nape\u0142niona pojemno\u015b\u0107 40 ml &#8211; <\/strong>wystarcza na tygodnie regularnego u\u017cytkowania<br \/>\n\ud83d\udd39 <strong>Podw\u00f3jny system cewek &#8211; <\/strong>dla maksymalnej produkcji aromatu<br \/>\n\ud83d\udd39<strong> Tryby Eco i Turbo &#8211; <\/strong>mo\u017cliwo\u015b\u0107 dostosowania intensywno\u015bci wapowania i \u017cywotno\u015bci baterii.<br \/>\n\ud83d\udd39 <strong>Ekran LED &#8211; <\/strong>wy\u015bwietla \u017cywotno\u015b\u0107 baterii i poziom e-juice.<br \/>\n\ud83d\udd39 <strong>Szybkie \u0142adowanie typu C &#8211; <\/strong>bateria 850 mAh z mo\u017cliwo\u015bci\u0105 szybkiego \u0142adowania <\/p>\n<h3>Dlaczego warto wybra\u0107 Fizzy Nova Plus?<\/h3>\n<p>\ud83d\udd25 Najd\u0142u\u017csza \u017cywotno\u015b\u0107 &#8211; 40 000 zaci\u0105gni\u0119\u0107 przewy\u017csza konkurencj\u0119<br \/>\n\ud83d\udc8e Wysokiej jako\u015bci konstrukcja &#8211; wytrzyma\u0142a metalowa obudowa o eleganckim wygl\u0105dzie<br \/>\n\ud83d\udc51 Flavor Mastery &#8211; seria NOVA PLUS opracowana przez do\u015bwiadczonych miksolog\u00f3w<\/p>\n<\/div>\n<div>\n<h3><strong>Opcje nikotyny:<\/strong><\/h3>\n<p>&#8211; <strong>2% (20 mg \/ ml)<\/strong> &#8211; idealny do g\u0142adkiej i aromatycznej waporyzacji<br \/>\n&#8211; <strong>5% (50 mg \/ ml)<\/strong> &#8211; Zaprojektowany dla mocniejszego, bardziej satysfakcjonuj\u0105cego uderzenia w gard\u0142o <\/p>\n<h3>Specyfikacja<\/h3>\n<table style=\"height: 449px;\" width=\"1340\">\n<tbody>\n<tr>\n<td>Puffy<\/td>\n<td><strong>40000+ Puffs<\/strong><\/td>\n<\/tr>\n<tr>\n<td>Pojemno\u015b\u0107 e-p\u0142ynu<\/td>\n<td><strong>40ml<\/strong><\/td>\n<\/tr>\n<tr>\n<td>Pojemno\u015b\u0107 baterii<\/td>\n<td><strong>850 mAh<\/strong><\/td>\n<\/tr>\n<tr>\n<td>Rozmiar<\/td>\n<td><strong>52,5*24,5*104,3 mm<\/strong><\/td>\n<\/tr>\n<tr>\n<td>Jednorazowe czy nie?<\/td>\n<td><strong>Jednorazowy<\/strong><\/td>\n<\/tr>\n<tr>\n<td>Metoda \u0142adowania<\/td>\n<td><strong>Kabel<\/strong><\/td>\n<\/tr>\n<tr>\n<td>Metoda aktywacji<\/td>\n<td><strong>Czujnik<\/strong><\/td>\n<\/tr>\n<tr>\n<td>Materia\u0142<\/td>\n<td><strong>PCTG<\/strong><\/td>\n<\/tr>\n<tr>\n<td>Poziom nikotyny<\/td>\n<td><strong>2% (20 mg\/ml) i 5% (50 mg\/ml)<\/strong><\/td>\n<\/tr>\n<tr>\n<td>Smaki<\/td>\n<td><strong>12<\/strong><\/td>\n<\/tr>\n<tr>\n<td>Pakowanie<\/td>\n<td><strong>1 opakowanie<\/strong><\/td>\n<\/tr>\n<tr>\n<td>Czas \u0142adowania<\/td>\n<td><strong>2 godziny<\/strong><\/td>\n<\/tr>\n<tr>\n<td>Przechowywanie<\/td>\n<td><strong>Unika\u0107 \u015brodowiska o wysokiej temperaturze i przechowywa\u0107 w ch\u0142odnym i suchym miejscu.<\/strong><\/td>\n<\/tr>\n<tr>\n<td>Osoby, kt\u00f3rym zabrania si\u0119 stosowania<\/td>\n<td><strong>Osoby niepe\u0142noletnie, kobiety w ci\u0105\u017cy i osoby uczulone na sk\u0142adniki produktu.<\/strong><\/td>\n<\/tr>\n<tr>\n<td>Uwaga<\/td>\n<td><strong>Nie po\u0142yka\u0107 tej substancji. W przypadku po\u0142kni\u0119cia nale\u017cy natychmiast dok\u0142adnie wyp\u0142uka\u0107 usta. W przypadku z\u0142ego samopoczucia nale\u017cy skontaktowa\u0107 si\u0119 z lekarzem.  <\/strong><\/td>\n<\/tr>\n<\/tbody>\n<\/table>\n<h3>Lista smak\u00f3w <strong>Fizzy Nova Plus <\/strong>40000 Puffs:<\/h3>\n<ol>\n<li><a href=\"https:\/\/fizzyvape.eu\/pl\/produkt\/fizzy-nova-plus-strawberry-kiwi-40000-puffow-10-sztuk\/\">Truskawka Kiwi<\/a><\/li>\n<li><a href=\"https:\/\/fizzyvape.eu\/pl\/produkt\/fizzy-nova-plus-blueberry-ice-40000-puffow-10-sztuk\/\">L\u00f3d jagodowy<\/a><\/li>\n<li><a href=\"https:\/\/fizzyvape.eu\/pl\/produkt\/fizzy-nova-plus-watermelon-ice-40000-puffow-10-sztuk\/\">Arbuzowy l\u00f3d<\/a><\/li>\n<li><a href=\"https:\/\/fizzyvape.eu\/pl\/produkt\/fizzy-nova-plus-peach-mango-watermelon-40000-puffow-10-sztuk\/\">Brzoskwinia Mango Arbuz<\/a><\/li>\n<li><a href=\"https:\/\/fizzyvape.eu\/pl\/produkt\/fizzy-nova-plus-kiwi-passion-fruit-guava-40000-puffow-10-sztuk\/\">Kiwi Passion Fruit Guava<\/a><\/li>\n<li><a href=\"https:\/\/fizzyvape.eu\/pl\/produkt\/fizzy-nova-plus-raspberry-lemon-40000-puffow-10-sztuk\/\">Malina z cytryn\u0105<\/a><\/li>\n<li><a href=\"https:\/\/fizzyvape.eu\/pl\/produkt\/fizzy-nova-plus-triple-berry-40000-puffow-10-sztuk\/\">Triple Berry<\/a><\/li>\n<li><a href=\"https:\/\/fizzyvape.eu\/pl\/produkt\/fizzy-nova-plus-peach-ice-40000-puffow-10-sztuk\/\">L\u00f3d brzoskwiniowy<\/a><\/li>\n<li><a href=\"https:\/\/fizzyvape.eu\/pl\/produkt\/fizzy-nova-plus-grape-lime-40000-puffow-10-sztuk\/\">Grape Lime<\/a><\/li>\n<li><a href=\"https:\/\/fizzyvape.eu\/pl\/produkt\/fizzy-nova-plus-blue-razz-lemonade-40000-puffow-10-sztuk\/\">Lemoniada Blue Razz<\/a><\/li>\n<li><a href=\"https:\/\/fizzyvape.eu\/pl\/produkt\/fizzy-nova-plus-strawberry-ice-40000-puffow-10-sztuk\/\">L\u00f3d truskawkowy<\/a><\/li>\n<li><a href=\"https:\/\/fizzyvape.eu\/pl\/produkt\/fizzy-nova-plus-blueberry-coconut-40000-puffow-10-sztuk\/\">Jagoda z kokosem<\/a><\/li>\n<\/ol>\n<h3>Najcz\u0119\u015bciej zadawane pytania dotycz\u0105ce Fizzy Nova Plus Strawberry Kiwi 40000 Puffs Vape<\/h3>\n<ul>\n<li><strong>Ile zaci\u0105gni\u0119\u0107 mog\u0119 uzyska\u0107 z Fizzy Nova<\/strong> <strong>Plus Strawberry Kiwi<\/strong> <strong>?<\/strong><br \/>\n<strong>Fizzy<\/strong> <strong>Nova Plus<\/strong> <strong>Strawberry Ki<\/strong> wi oferuje imponuj\u0105ce <strong>40 000 zaci\u0105gni\u0119\u0107<\/strong>, zapewniaj\u0105c d\u0142ugotrwa\u0142\u0105 waporyzacj\u0119 bez konieczno\u015bci cz\u0119stej wymiany.<\/li>\n<li><strong>Jaki jest smak<\/strong> <strong>Fizzy Nova Plus Strawberry Kiwi<\/strong> <strong>?<\/strong><br \/>\n<strong>Fizzy<\/strong> <strong>Nova Plus<\/strong> <strong>Strawberry Kiwi<\/strong> to pyszna mieszanka <strong>dojrza\u0142ych truskawek<\/strong> i <strong>egzotycznego kiwi<\/strong>, zapewniaj\u0105ca orze\u017awiaj\u0105cy, s\u0142odki i pikantny smak z ka\u017cdym zaci\u0105gni\u0119ciem.<\/li>\n<li><strong>Kt\u00f3ra moc nikotyny jest dla mnie odpowiednia?<\/strong><br \/>\n&#8211; <strong>2% (20mg\/mL):<\/strong> Idealny do ca\u0142odziennego wapowania i dla koneser\u00f3w smaku<br \/>\n&#8211; <strong>5% (50mg\/mL):<\/strong> Idealny dla by\u0142ych palaczy potrzebuj\u0105cych wi\u0119kszej satysfakcji<\/li>\n<li><strong>Co sprawia, \u017ce Fizzy Nova Plus<\/strong> <strong>Strawberry Kiwi<\/strong> <strong>jest wyj\u0105tkowy?<\/strong><br \/>\n<strong>Fizzy Nova Plus Strawberry Ki<\/strong> wi wyr\u00f3\u017cnia si\u0119 <strong>technologi\u0105 Dual Mesh Coil<\/strong>, kt\u00f3ra zapewnia p\u0142ynne i intensywne dostarczanie smaku. Posiada r\u00f3wnie\u017c wysokiej klasy metalowe malowanie, zapewniaj\u0105ce eleganckie i trwa\u0142e wyko\u0144czenie. <\/li>\n<\/ul>\n<\/div>\n","protected":false},"excerpt":{"rendered":"<p>Do\u015bwiadcz ostatecznej tropikalnej fuzji z <strong>jednorazowym waporyzatorem Fizzy Nova Plus Strawberry Kiwi 40000 Puffs<\/strong>. Ciesz si\u0119 <strong>40 000 zaci\u0105gni\u0119\u0107<\/strong> o smaku s\u0142odkiej truskawki i pikantnego kiwi, zasilanych przez podw\u00f3jne cewki siatkowe i akumulator o pojemno\u015bci <strong>850 mAh<\/strong>. Posiada <strong>tryby Eco\/Turbo<\/strong>, <strong>ekran LED<\/strong> i szybkie \u0142adowanie Type-C dla najwy\u017cszej wydajno\u015bci. Dost\u0119pny w wersjach o zawarto\u015bci nikotyny 2% (20 mg) i 5% (50 mg).   <\/p>\n","protected":false},"featured_media":30050,"comment_status":"open","ping_status":"closed","template":"","meta":{"iawp_total_views":0},"product_brand":[],"product_cat":[352],"product_tag":[350],"class_list":{"0":"post-25500","1":"product","2":"type-product","3":"status-publish","4":"has-post-thumbnail","6":"product_cat-nova-plus-jednorazowy-e-papierosy-40000-puffs-pl","7":"product_tag-40000-zaciagniec","9":"first","10":"outofstock","11":"sale","12":"shipping-taxable","13":"purchasable","14":"product-type-variable"},"yoast_head":"<!-- This site is optimized with the Yoast SEO Premium plugin v24.8 (Yoast SEO v24.8) - https:\/\/yoast.com\/wordpress\/plugins\/seo\/ -->\n<title>Fizzy Nova Plus Strawberry Kiwi - 40000 puff\u00f3w - 10 sztuk - fizzyvape.eu<\/title>\n<meta name=\"description\" content=\"Zdob\u0105d\u017a 10 sztuk Fizzy Nova Strawberry Kiwi - 40 000 zaci\u0105gni\u0119\u0107 s\u0142odkim i pikantnym tropikalnym smakiem w trwa\u0142ym, jednorazowym waporyzatorze klasy premium.\" \/>\n<meta name=\"robots\" content=\"index, follow, max-snippet:-1, max-image-preview:large, max-video-preview:-1\" \/>\n<link rel=\"canonical\" href=\"https:\/\/fizzyvape.eu\/pl\/produkt\/fizzy-nova-plus-strawberry-kiwi-40000-puffow-10-sztuk\/\" \/>\n<meta property=\"og:locale\" content=\"pl_PL\" \/>\n<meta property=\"og:type\" content=\"article\" \/>\n<meta property=\"og:title\" content=\"Fizzy Nova Plus Strawberry Kiwi - 40000 puff\u00f3w - 10 sztuk\" \/>\n<meta property=\"og:description\" content=\"Zdob\u0105d\u017a 10 sztuk Fizzy Nova Strawberry Kiwi - 40 000 zaci\u0105gni\u0119\u0107 s\u0142odkim i pikantnym tropikalnym smakiem w trwa\u0142ym, jednorazowym waporyzatorze klasy premium.\" \/>\n<meta property=\"og:url\" content=\"https:\/\/fizzyvape.eu\/pl\/produkt\/fizzy-nova-plus-strawberry-kiwi-40000-puffow-10-sztuk\/\" \/>\n<meta property=\"og:site_name\" content=\"fizzyvape.eu\" \/>\n<meta property=\"article:modified_time\" content=\"2025-12-23T06:43:28+00:00\" \/>\n<meta property=\"og:image\" content=\"https:\/\/fizzyvape.eu\/wp-content\/uploads\/2025\/04\/Fizzy-Nova-Plus-Strawberry-Kiwi-40000Puffs-1.webp\" \/>\n\t<meta property=\"og:image:width\" content=\"800\" \/>\n\t<meta property=\"og:image:height\" content=\"800\" \/>\n\t<meta property=\"og:image:type\" content=\"image\/webp\" \/>\n<meta name=\"twitter:card\" content=\"summary_large_image\" \/>\n<meta name=\"twitter:label1\" content=\"Dost\u0119pno\u015b\u0107\" \/>\n\t<meta name=\"twitter:data1\" content=\"Brak w magazynie\" \/>\n<script type=\"application\/ld+json\" class=\"yoast-schema-graph\">{\"@context\":\"https:\/\/schema.org\",\"@graph\":[{\"@type\":\"WebPage\",\"@id\":\"https:\/\/fizzyvape.eu\/pl\/produkt\/fizzy-nova-plus-strawberry-kiwi-40000-puffow-10-sztuk\/\",\"url\":\"https:\/\/fizzyvape.eu\/pl\/produkt\/fizzy-nova-plus-strawberry-kiwi-40000-puffow-10-sztuk\/\",\"name\":\"Fizzy Nova Plus Strawberry Kiwi - 40000 puff\u00f3w - 10 sztuk - fizzyvape.eu\",\"isPartOf\":{\"@id\":\"https:\/\/www.fizzyvape.eu\/pl\/#website\"},\"primaryImageOfPage\":{\"@id\":\"https:\/\/fizzyvape.eu\/pl\/produkt\/fizzy-nova-plus-strawberry-kiwi-40000-puffow-10-sztuk\/#primaryimage\"},\"image\":{\"@id\":\"https:\/\/fizzyvape.eu\/pl\/produkt\/fizzy-nova-plus-strawberry-kiwi-40000-puffow-10-sztuk\/#primaryimage\"},\"thumbnailUrl\":\"https:\/\/fizzyvape.eu\/wp-content\/uploads\/2025\/03\/Fizzy-Nova-Plus-40000-Puffs-Strawberry-Kiwi-10pcs.webp\",\"datePublished\":\"2025-03-29T08:24:20+00:00\",\"dateModified\":\"2025-12-23T06:43:28+00:00\",\"description\":\"Zdob\u0105d\u017a 10 sztuk Fizzy Nova Strawberry Kiwi - 40 000 zaci\u0105gni\u0119\u0107 s\u0142odkim i pikantnym tropikalnym smakiem w trwa\u0142ym, jednorazowym waporyzatorze klasy premium.\",\"breadcrumb\":{\"@id\":\"https:\/\/fizzyvape.eu\/pl\/produkt\/fizzy-nova-plus-strawberry-kiwi-40000-puffow-10-sztuk\/#breadcrumb\"},\"inLanguage\":\"pl-PL\",\"potentialAction\":[{\"@type\":\"ReadAction\",\"target\":[\"https:\/\/fizzyvape.eu\/pl\/produkt\/fizzy-nova-plus-strawberry-kiwi-40000-puffow-10-sztuk\/\"]}]},{\"@type\":\"ImageObject\",\"inLanguage\":\"pl-PL\",\"@id\":\"https:\/\/fizzyvape.eu\/pl\/produkt\/fizzy-nova-plus-strawberry-kiwi-40000-puffow-10-sztuk\/#primaryimage\",\"url\":\"https:\/\/fizzyvape.eu\/wp-content\/uploads\/2025\/03\/Fizzy-Nova-Plus-40000-Puffs-Strawberry-Kiwi-10pcs.webp\",\"contentUrl\":\"https:\/\/fizzyvape.eu\/wp-content\/uploads\/2025\/03\/Fizzy-Nova-Plus-40000-Puffs-Strawberry-Kiwi-10pcs.webp\",\"width\":800,\"height\":800,\"caption\":\"Fizzy Nova Plus 40000 Puff Truskawka Kiwi 10szt\"},{\"@type\":\"BreadcrumbList\",\"@id\":\"https:\/\/fizzyvape.eu\/pl\/produkt\/fizzy-nova-plus-strawberry-kiwi-40000-puffow-10-sztuk\/#breadcrumb\",\"itemListElement\":[{\"@type\":\"ListItem\",\"position\":1,\"name\":\"Home\",\"item\":\"https:\/\/fizzyvape.eu\/pl\/\"},{\"@type\":\"ListItem\",\"position\":2,\"name\":\"Sklep\",\"item\":\"https:\/\/fizzyvape.eu\/pl\/sklep\/\"},{\"@type\":\"ListItem\",\"position\":3,\"name\":\"Fizzy Nova Plus Strawberry Kiwi &#8211; 40000 puff\u00f3w &#8211; 10 sztuk\"}]},{\"@type\":\"WebSite\",\"@id\":\"https:\/\/www.fizzyvape.eu\/pl\/#website\",\"url\":\"https:\/\/www.fizzyvape.eu\/pl\/\",\"name\":\"fizzyvape.eu\",\"description\":\"Refreshing Vapes. Unforgettable Taste.\",\"publisher\":{\"@id\":\"https:\/\/www.fizzyvape.eu\/pl\/#organization\"},\"potentialAction\":[{\"@type\":\"SearchAction\",\"target\":{\"@type\":\"EntryPoint\",\"urlTemplate\":\"https:\/\/www.fizzyvape.eu\/pl\/?s={search_term_string}\"},\"query-input\":{\"@type\":\"PropertyValueSpecification\",\"valueRequired\":true,\"valueName\":\"search_term_string\"}}],\"inLanguage\":\"pl-PL\"},{\"@type\":\"Organization\",\"@id\":\"https:\/\/www.fizzyvape.eu\/pl\/#organization\",\"name\":\"fizzyvape.eu\",\"url\":\"https:\/\/www.fizzyvape.eu\/pl\/\",\"logo\":{\"@type\":\"ImageObject\",\"inLanguage\":\"pl-PL\",\"@id\":\"https:\/\/www.fizzyvape.eu\/pl\/#\/schema\/logo\/image\/\",\"url\":\"https:\/\/fizzyvape.eu\/wp-content\/uploads\/2019\/06\/print-1.svg\",\"contentUrl\":\"https:\/\/fizzyvape.eu\/wp-content\/uploads\/2019\/06\/print-1.svg\",\"width\":124,\"height\":37,\"caption\":\"fizzyvape.eu\"},\"image\":{\"@id\":\"https:\/\/www.fizzyvape.eu\/pl\/#\/schema\/logo\/image\/\"}}]}<\/script>\n<meta property=\"og:availability\" content=\"out of stock\" \/>\n<meta property=\"product:availability\" content=\"out of stock\" \/>\n<meta property=\"product:condition\" content=\"new\" \/>\n<!-- \/ Yoast SEO Premium plugin. -->","yoast_head_json":{"title":"Fizzy Nova Plus Strawberry Kiwi - 40000 puff\u00f3w - 10 sztuk - fizzyvape.eu","description":"Zdob\u0105d\u017a 10 sztuk Fizzy Nova Strawberry Kiwi - 40 000 zaci\u0105gni\u0119\u0107 s\u0142odkim i pikantnym tropikalnym smakiem w trwa\u0142ym, jednorazowym waporyzatorze klasy premium.","robots":{"index":"index","follow":"follow","max-snippet":"max-snippet:-1","max-image-preview":"max-image-preview:large","max-video-preview":"max-video-preview:-1"},"canonical":"https:\/\/fizzyvape.eu\/pl\/produkt\/fizzy-nova-plus-strawberry-kiwi-40000-puffow-10-sztuk\/","og_locale":"pl_PL","og_type":"article","og_title":"Fizzy Nova Plus Strawberry Kiwi - 40000 puff\u00f3w - 10 sztuk","og_description":"Zdob\u0105d\u017a 10 sztuk Fizzy Nova Strawberry Kiwi - 40 000 zaci\u0105gni\u0119\u0107 s\u0142odkim i pikantnym tropikalnym smakiem w trwa\u0142ym, jednorazowym waporyzatorze klasy premium.","og_url":"https:\/\/fizzyvape.eu\/pl\/produkt\/fizzy-nova-plus-strawberry-kiwi-40000-puffow-10-sztuk\/","og_site_name":"fizzyvape.eu","article_modified_time":"2025-12-23T06:43:28+00:00","og_image":[{"width":800,"height":800,"url":"https:\/\/fizzyvape.eu\/wp-content\/uploads\/2025\/04\/Fizzy-Nova-Plus-Strawberry-Kiwi-40000Puffs-1.webp","type":"image\/webp"}],"twitter_card":"summary_large_image","twitter_misc":{"Dost\u0119pno\u015b\u0107":"Brak w magazynie"},"schema":{"@context":"https:\/\/schema.org","@graph":[{"@type":"WebPage","@id":"https:\/\/fizzyvape.eu\/pl\/produkt\/fizzy-nova-plus-strawberry-kiwi-40000-puffow-10-sztuk\/","url":"https:\/\/fizzyvape.eu\/pl\/produkt\/fizzy-nova-plus-strawberry-kiwi-40000-puffow-10-sztuk\/","name":"Fizzy Nova Plus Strawberry Kiwi - 40000 puff\u00f3w - 10 sztuk - fizzyvape.eu","isPartOf":{"@id":"https:\/\/www.fizzyvape.eu\/pl\/#website"},"primaryImageOfPage":{"@id":"https:\/\/fizzyvape.eu\/pl\/produkt\/fizzy-nova-plus-strawberry-kiwi-40000-puffow-10-sztuk\/#primaryimage"},"image":{"@id":"https:\/\/fizzyvape.eu\/pl\/produkt\/fizzy-nova-plus-strawberry-kiwi-40000-puffow-10-sztuk\/#primaryimage"},"thumbnailUrl":"https:\/\/fizzyvape.eu\/wp-content\/uploads\/2025\/03\/Fizzy-Nova-Plus-40000-Puffs-Strawberry-Kiwi-10pcs.webp","datePublished":"2025-03-29T08:24:20+00:00","dateModified":"2025-12-23T06:43:28+00:00","description":"Zdob\u0105d\u017a 10 sztuk Fizzy Nova Strawberry Kiwi - 40 000 zaci\u0105gni\u0119\u0107 s\u0142odkim i pikantnym tropikalnym smakiem w trwa\u0142ym, jednorazowym waporyzatorze klasy premium.","breadcrumb":{"@id":"https:\/\/fizzyvape.eu\/pl\/produkt\/fizzy-nova-plus-strawberry-kiwi-40000-puffow-10-sztuk\/#breadcrumb"},"inLanguage":"pl-PL","potentialAction":[{"@type":"ReadAction","target":["https:\/\/fizzyvape.eu\/pl\/produkt\/fizzy-nova-plus-strawberry-kiwi-40000-puffow-10-sztuk\/"]}]},{"@type":"ImageObject","inLanguage":"pl-PL","@id":"https:\/\/fizzyvape.eu\/pl\/produkt\/fizzy-nova-plus-strawberry-kiwi-40000-puffow-10-sztuk\/#primaryimage","url":"https:\/\/fizzyvape.eu\/wp-content\/uploads\/2025\/03\/Fizzy-Nova-Plus-40000-Puffs-Strawberry-Kiwi-10pcs.webp","contentUrl":"https:\/\/fizzyvape.eu\/wp-content\/uploads\/2025\/03\/Fizzy-Nova-Plus-40000-Puffs-Strawberry-Kiwi-10pcs.webp","width":800,"height":800,"caption":"Fizzy Nova Plus 40000 Puff Truskawka Kiwi 10szt"},{"@type":"BreadcrumbList","@id":"https:\/\/fizzyvape.eu\/pl\/produkt\/fizzy-nova-plus-strawberry-kiwi-40000-puffow-10-sztuk\/#breadcrumb","itemListElement":[{"@type":"ListItem","position":1,"name":"Home","item":"https:\/\/fizzyvape.eu\/pl\/"},{"@type":"ListItem","position":2,"name":"Sklep","item":"https:\/\/fizzyvape.eu\/pl\/sklep\/"},{"@type":"ListItem","position":3,"name":"Fizzy Nova Plus Strawberry Kiwi &#8211; 40000 puff\u00f3w &#8211; 10 sztuk"}]},{"@type":"WebSite","@id":"https:\/\/www.fizzyvape.eu\/pl\/#website","url":"https:\/\/www.fizzyvape.eu\/pl\/","name":"fizzyvape.eu","description":"Refreshing Vapes. Unforgettable Taste.","publisher":{"@id":"https:\/\/www.fizzyvape.eu\/pl\/#organization"},"potentialAction":[{"@type":"SearchAction","target":{"@type":"EntryPoint","urlTemplate":"https:\/\/www.fizzyvape.eu\/pl\/?s={search_term_string}"},"query-input":{"@type":"PropertyValueSpecification","valueRequired":true,"valueName":"search_term_string"}}],"inLanguage":"pl-PL"},{"@type":"Organization","@id":"https:\/\/www.fizzyvape.eu\/pl\/#organization","name":"fizzyvape.eu","url":"https:\/\/www.fizzyvape.eu\/pl\/","logo":{"@type":"ImageObject","inLanguage":"pl-PL","@id":"https:\/\/www.fizzyvape.eu\/pl\/#\/schema\/logo\/image\/","url":"https:\/\/fizzyvape.eu\/wp-content\/uploads\/2019\/06\/print-1.svg","contentUrl":"https:\/\/fizzyvape.eu\/wp-content\/uploads\/2019\/06\/print-1.svg","width":124,"height":37,"caption":"fizzyvape.eu"},"image":{"@id":"https:\/\/www.fizzyvape.eu\/pl\/#\/schema\/logo\/image\/"}}]},"og_availability":"out of stock","product_availability":"out of stock","product_condition":"new"},"tiered_pricing_type":"fixed","tiered_pricing_fixed_rules":[],"tiered_pricing_product_settings":{"layout":"default","base_unit_name":{"singular":null,"plural":null},"default_variation":null},"tiered_pricing_minimum_quantity":null,"tiered_pricing_roles_data":[],"tiered_pricing_percentage_rules":[],"tiered_pricing_maximum_quantity":null,"tiered_pricing_quantity_step":null,"_links":{"self":[{"href":"https:\/\/fizzyvape.eu\/pl\/wp-json\/wp\/v2\/product\/25500","targetHints":{"allow":["GET"]}}],"collection":[{"href":"https:\/\/fizzyvape.eu\/pl\/wp-json\/wp\/v2\/product"}],"about":[{"href":"https:\/\/fizzyvape.eu\/pl\/wp-json\/wp\/v2\/types\/product"}],"replies":[{"embeddable":true,"href":"https:\/\/fizzyvape.eu\/pl\/wp-json\/wp\/v2\/comments?post=25500"}],"version-history":[{"count":0,"href":"https:\/\/fizzyvape.eu\/pl\/wp-json\/wp\/v2\/product\/25500\/revisions"}],"wp:featuredmedia":[{"embeddable":true,"href":"https:\/\/fizzyvape.eu\/pl\/wp-json\/wp\/v2\/media\/30050"}],"wp:attachment":[{"href":"https:\/\/fizzyvape.eu\/pl\/wp-json\/wp\/v2\/media?parent=25500"}],"wp:term":[{"taxonomy":"product_brand","embeddable":true,"href":"https:\/\/fizzyvape.eu\/pl\/wp-json\/wp\/v2\/product_brand?post=25500"},{"taxonomy":"product_cat","embeddable":true,"href":"https:\/\/fizzyvape.eu\/pl\/wp-json\/wp\/v2\/product_cat?post=25500"},{"taxonomy":"product_tag","embeddable":true,"href":"https:\/\/fizzyvape.eu\/pl\/wp-json\/wp\/v2\/product_tag?post=25500"}],"curies":[{"name":"wp","href":"https:\/\/api.w.org\/{rel}","templated":true}]}}