{"id":25690,"date":"2025-03-28T16:36:50","date_gmt":"2025-03-28T08:36:50","guid":{"rendered":"https:\/\/fizzyvape.eu\/product\/fizzy-luxury-blueberry-15000-puffow\/"},"modified":"2025-03-28T16:36:50","modified_gmt":"2025-03-28T08:36:50","slug":"fizzy-luxury-blueberry-15000-puffow","status":"publish","type":"product","link":"https:\/\/fizzyvape.eu\/pl\/produkt\/fizzy-luxury-blueberry-15000-puffow\/","title":{"rendered":"Fizzy Luxury Blueberry &#8211; 15000 puff\u00f3w"},"content":{"rendered":"<div>\n<h2>Fizzy Luxury Blueberry 15000 Puffs &#8211; Ultimate Blueberry Burst jednorazowy Vape<\/h2>\n<p>Zanurz si\u0119 w najlepszych jagodowych doznaniach dzi\u0119ki <strong>Fizzy Luxury Blueberry 15000 Puffs<\/strong> &#8211; gdzie pulchna, soczysta s\u0142odycz jag\u00f3d (8\/10) spotyka si\u0119 z subtelnym cierpkim wyko\u0144czeniem (2\/10), a wszystko to zamkni\u0119te w naszym wysokiej jako\u015bci metalowym korpusie z precyzyjn\u0105 kontrol\u0105 przep\u0142ywu powietrza. Ta elitarna jednoraz\u00f3wka zapewnia <strong>15 000 ultra g\u0142adkich zaci\u0105gni\u0119\u0107<\/strong> o wy\u015bmienitym smaku, wykorzystuj\u0105c rewolucyjn\u0105 <strong>technologi\u0119 cewki kwarcowej<\/strong> dla niezr\u00f3wnanej g\u0142adko\u015bci i wyrazisto\u015bci smaku. <\/p>\n<h3><strong>Dlaczego warto wybra\u0107 Fizzy Luxury Blueberry 15000 Puffs?<\/strong><\/h3>\n<p>\ud83e\uded0 <strong>Mistrzowski smak jag\u00f3d<\/strong> &#8211; 80% bogactwa s\u0142odkich jag\u00f3d zr\u00f3wnowa\u017cone 20% naturaln\u0105 cierpko\u015bci\u0105 dla autentycznej jagodowej \u015bwie\u017co\u015bci.<br \/>\n\ud83c\udf9b\ufe0f <strong>Inteligentny system przep\u0142ywu powietrza<\/strong> &#8211; regulacja od ciasnego MTL do ograniczonego DTL za pomoc\u0105 precyzyjnego metalowego pokr\u0119t\u0142a<br \/>\n\ud83d\udd36 <strong>Luksusowa aluminiowa obudowa<\/strong> &#8211; obrabiane CNC aluminium klasy lotniczej z satynowym wyko\u0144czeniem<br \/>\n\u26a1 <strong>Wiod\u0105ce w bran\u017cy 15 000 zaci\u0105gni\u0119\u0107<\/strong> &#8211; o 25% wi\u0119cej ni\u017c w przypadku standardowych jednoraz\u00f3wek premium<br \/>\n\ud83e\uddca <strong>Technologia Velvet Vapor<\/strong> &#8211; cewka kwarcowa zapewnia o 45% \u0142agodniejsze uderzenia ni\u017c konwencjonalna siatka. <\/p>\n<h3><strong>Opcje nikotyny:<\/strong><\/h3>\n<p>&#8211; <strong data-start=\"1200\" data-end=\"1216\">2% (20 mg \/ ml)<\/strong> &#8211; idealny do g\u0142adkiej i aromatycznej waporyzacji <br data-start=\"1269\" data-end=\"1272\">&#8211; <strong data-start=\"1274\" data-end=\"1290\">5% (50 mg \/ ml)<\/strong> &#8211; Zaprojektowany dla mocniejszego, bardziej satysfakcjonuj\u0105cego uderzenia w gard\u0142o <\/p>\n<\/div>\n<div>\n<h3>Specyfikacja<\/h3>\n<table style=\"height: 449px;\" width=\"1340\">\n<tbody>\n<tr>\n<td>Puffy<\/td>\n<td><strong>15000+ Puffs<\/strong><\/td>\n<\/tr>\n<tr>\n<td>Pojemno\u015b\u0107 e-p\u0142ynu<\/td>\n<td><strong>22ml<\/strong><\/td>\n<\/tr>\n<tr>\n<td>Pojemno\u015b\u0107 baterii<\/td>\n<td><strong>650 mAh<\/strong><\/td>\n<\/tr>\n<tr>\n<td>Siatkowa cewka<\/td>\n<td><strong>1.4\u03a9<\/strong><\/td>\n<\/tr>\n<tr>\n<td>Rozmiar<\/td>\n<td><strong>53*30*85.3mm<\/strong><\/td>\n<\/tr>\n<tr>\n<td>Jednorazowe czy nie?<\/td>\n<td><strong>Jednorazowy<\/strong><\/td>\n<\/tr>\n<tr>\n<td>Metoda \u0142adowania<\/td>\n<td><strong>Kabel<\/strong><\/td>\n<\/tr>\n<tr>\n<td>Metoda aktywacji<\/td>\n<td><strong>Czujnik<\/strong><\/td>\n<\/tr>\n<tr>\n<td>Materia\u0142<\/td>\n<td><strong>Metal<\/strong><\/td>\n<\/tr>\n<tr>\n<td>Poziom nikotyny<\/td>\n<td><strong>2% (20 mg\/ml) i 5% (50 mg\/ml)<\/strong><\/td>\n<\/tr>\n<tr>\n<td>Smaki<\/td>\n<td><strong>15<\/strong><\/td>\n<\/tr>\n<tr>\n<td>Pakowanie<\/td>\n<td><strong>1 opakowanie<\/strong><\/td>\n<\/tr>\n<tr>\n<td>Czas \u0142adowania<\/td>\n<td><strong>2 godziny<\/strong><\/td>\n<\/tr>\n<tr>\n<td>Przechowywanie<\/td>\n<td><strong>Unika\u0107 \u015brodowiska o wysokiej temperaturze i przechowywa\u0107 w ch\u0142odnym i suchym miejscu.<\/strong><\/td>\n<\/tr>\n<tr>\n<td>Osoby, kt\u00f3rym zabrania si\u0119 stosowania<\/td>\n<td><strong>Osoby niepe\u0142noletnie, kobiety w ci\u0105\u017cy i osoby uczulone na sk\u0142adniki produktu.<\/strong><\/td>\n<\/tr>\n<tr>\n<td>Uwaga<\/td>\n<td><strong>Nie po\u0142yka\u0107 tej substancji. W przypadku po\u0142kni\u0119cia nale\u017cy natychmiast dok\u0142adnie wyp\u0142uka\u0107 usta. W przypadku z\u0142ego samopoczucia nale\u017cy skontaktowa\u0107 si\u0119 z lekarzem.  <\/strong><\/td>\n<\/tr>\n<\/tbody>\n<\/table>\n<h3>Lista smak\u00f3w <strong>Fizzy Luxury <\/strong>15000 Puffs:<\/h3>\n<ol>\n<li><a href=\"https:\/\/fizzyvape.eu\/product\/fizzy-luxury-blueberry-raspberry-15000-puffs\/\">Bor\u00f3wka Malina<\/a><\/li>\n<li><a href=\"https:\/\/fizzyvape.eu\/product\/fizzy-luxury-peach-15000-puffs\/\">Brzoskwinia<\/a><\/li>\n<li><a href=\"https:\/\/fizzyvape.eu\/pl\/produkt\/fizzy-luxury-grape-15000-puffow\/\">Winogrono<\/a><\/li>\n<li><a href=\"https:\/\/fizzyvape.eu\/pl\/produkt\/fizzy-luxury-blueberry-15000-puffow\/\">Jagoda<\/a><\/li>\n<li><a href=\"https:\/\/fizzyvape.eu\/product\/fizzy-luxury-strawberry-15000-puffs\/\">Truskawka<\/a><\/li>\n<li><a href=\"https:\/\/fizzyvape.eu\/product\/fizzy-luxury-fizzy-cherry-15000-puffs\/\">Fizzy Cherry<\/a><\/li>\n<li><a href=\"https:\/\/fizzyvape.eu\/product\/fizzy-luxury-raspberry-lemonade-15000-puffs\/\">Lemoniada malinowa<\/a><\/li>\n<li><a href=\"https:\/\/fizzyvape.eu\/product\/fizzy-luxury-sour-apple-15000-puffs\/\">Kwa\u015bne jab\u0142ko<\/a><\/li>\n<li><a href=\"https:\/\/fizzyvape.eu\/product\/fizzy-luxury-strawberry-kiwi-pomegranate-15000-puffs\/\">Truskawka Kiwi Granat<\/a><\/li>\n<li><a href=\"https:\/\/fizzyvape.eu\/pl\/produkt\/fizzy-luxury-lemon-lime-15000-puffow\/\">Lemon Lime<\/a><\/li>\n<li><a href=\"https:\/\/fizzyvape.eu\/product\/fizzy-luxury-strawberry-banana-15000-puffs\/\">Banan truskawkowy<\/a><\/li>\n<li><a href=\"https:\/\/fizzyvape.eu\/product\/fizzy-luxury-orange-mango-watermelon-15000-puffs\/\">Pomara\u0144cza Mango Arbuz<\/a><\/li>\n<li><a href=\"https:\/\/fizzyvape.eu\/pl\/produkt\/fizzy-luxury-red-bull-15000-puffow\/\">Red Bull<\/a><\/li>\n<li><a href=\"https:\/\/fizzyvape.eu\/pl\/produkt\/fizzy-luxury-pink-lemonade-15000-puffow\/\">R\u00f3\u017cowa Lemoniada<\/a><\/li>\n<li><a href=\"https:\/\/fizzyvape.eu\/pl\/produkt\/fizzy-luxury-kiwi-passion-fruit-guava-15000-puffow\/\">Kiwi Passion Fruit Guava<\/a><\/li>\n<\/ol>\n<h3>Najcz\u0119\u015bciej zadawane pytania dotycz\u0105ce Fizzy Luxury Blueberry 15000 Puffs Vape<\/h3>\n<p class=\"\" data-start=\"2471\" data-end=\"2677\"><strong data-start=\"2471\" data-end=\"2542\">Jaki smak oferuje Fizzy Luxury Blueberry 15000 Puffs Vape?<\/strong><br data-start=\"2542\" data-end=\"2545\">Zapewnia <strong data-start=\"2559\" data-end=\"2583\">bogaty, jagodowy smak<\/strong> z idealn\u0105 r\u00f3wnowag\u0105 naturalnej s\u0142odyczy i subtelnym cierpkim wyko\u0144czeniem dla orze\u017awiaj\u0105cego smaku.<\/p>\n<p class=\"\" data-start=\"2679\" data-end=\"2841\"><strong data-start=\"2679\" data-end=\"2734\">Jak d\u0142ugo wystarcza waporyzator Fizzy Luxury Blueberry Vape?<\/strong><br data-start=\"2734\" data-end=\"2737\">Przy <strong data-start=\"2742\" data-end=\"2759\">ponad 15 000 zaci\u0105gni\u0119\u0107<\/strong> waporyzator wystarcza na oko\u0142o <strong data-start=\"2805\" data-end=\"2818\">4-5 tygodni<\/strong>, w zale\u017cno\u015bci od sposobu u\u017cytkowania.<\/p>\n<p class=\"\" data-start=\"2843\" data-end=\"3032\"><strong data-start=\"2843\" data-end=\"2907\">Czy Fizzy Luxury Blueberry 15000 Puffs Vape mo\u017cna \u0142adowa\u0107?<\/strong><br data-start=\"2907\" data-end=\"2910\">Tak! Jest on wyposa\u017cony w funkcj\u0119 <strong data-start=\"2927\" data-end=\"2950\">szybkiego \u0142adowania przez USB-C<\/strong>, dzi\u0119ki czemu mo\u017cesz cieszy\u0107 si\u0119 ka\u017cd\u0105 kropl\u0105 <strong data-start=\"2989\" data-end=\"3015\">p\u0142ynu o pojemno\u015bci 22 ml<\/strong> bez marnowania. <\/p>\n<p class=\"\" data-start=\"3034\" data-end=\"3183\"><strong data-start=\"3034\" data-end=\"3076\">Jakie st\u0119\u017cenia nikotyny s\u0105 dost\u0119pne?<\/strong><br data-start=\"3076\" data-end=\"3079\">Wybierz pomi\u0119dzy <strong data-start=\"3094\" data-end=\"3134\">2%<\/strong> <strong data-start=\"3138\" data-end=\"3180\">(<\/strong> <strong data-start=\"3094\" data-end=\"3134\">20<\/strong> <strong data-start=\"3138\" data-end=\"3180\">mg\/ml<\/strong> <strong data-start=\"3094\" data-end=\"3134\">) dla \u0142agodnych dozna\u0144<\/strong> lub <strong data-start=\"3138\" data-end=\"3180\">5% (50 mg\/ml) dla mocniejszego uderzenia w gard\u0142o<\/strong>.<\/p>\n<p class=\"\" data-start=\"3185\" data-end=\"3452\"><strong data-start=\"3185\" data-end=\"3251\">Dlaczego warto wybra\u0107 Fizzy Luxury Blueberry zamiast innych waporyzator\u00f3w jednorazowych?<\/strong><br data-start=\"3251\" data-end=\"3254\">Wyr\u00f3\u017cnia si\u0119 on <strong data-start=\"3273\" data-end=\"3403\">technologi\u0105 cewki kwarcowej zapewniaj\u0105c\u0105 niezwykle g\u0142adk\u0105 par\u0119, precyzyjn\u0105 kontrol\u0105 przep\u0142ywu powietrza, eleganck\u0105 metalow\u0105 konstrukcj\u0105 i trwa\u0142o\u015bci\u0105 ponad 15 000 zaci\u0105gni\u0119\u0107 &#8211; oferuj\u0105c<\/strong>niezr\u00f3wnane wra\u017cenia z waporyzacji klasy premium.<\/p>\n<\/div>\n","protected":false},"excerpt":{"rendered":"<p><strong>Fizzy Luxury Blueberry 15000 Puffs<\/strong>: Intensywna s\u0142odycz jag\u00f3d z subtelnym cierpkim wyko\u0144czeniem, ultra-g\u0142adka cewka kwarcowa, regulowany przep\u0142yw powietrza i wysokiej jako\u015bci metalowa konstrukcja. 2% i 5% nikotyny. <\/p>\n","protected":false},"featured_media":21366,"comment_status":"open","ping_status":"closed","template":"","meta":{"iawp_total_views":2},"product_brand":[],"product_cat":[320],"product_tag":[321],"class_list":{"0":"post-25690","1":"product","2":"type-product","3":"status-publish","4":"has-post-thumbnail","6":"product_cat-luxury-pl","7":"product_tag-15000-zaciagniec","9":"first","10":"outofstock","11":"shipping-taxable","12":"purchasable","13":"product-type-variable"},"yoast_head":"<!-- This site is optimized with the Yoast SEO Premium plugin v24.8 (Yoast SEO v24.8) - https:\/\/yoast.com\/wordpress\/plugins\/seo\/ -->\n<title>Fizzy Luxury Blueberry - 15000 puff\u00f3w - fizzyvape.eu<\/title>\n<meta name=\"robots\" content=\"index, follow, max-snippet:-1, max-image-preview:large, max-video-preview:-1\" \/>\n<link rel=\"canonical\" href=\"https:\/\/fizzyvape.eu\/pl\/produkt\/fizzy-luxury-blueberry-15000-puffow\/\" \/>\n<meta property=\"og:locale\" content=\"pl_PL\" \/>\n<meta property=\"og:type\" content=\"article\" \/>\n<meta property=\"og:title\" content=\"Fizzy Luxury Blueberry - 15000 puff\u00f3w\" \/>\n<meta property=\"og:description\" content=\"Fizzy Luxury Blueberry 15000 Puffs: Intensywna s\u0142odycz jag\u00f3d z subtelnym cierpkim wyko\u0144czeniem, ultra-g\u0142adka cewka kwarcowa, regulowany przep\u0142yw powietrza i wysokiej jako\u015bci metalowa konstrukcja. 2% i 5% nikotyny.\" \/>\n<meta property=\"og:url\" content=\"https:\/\/fizzyvape.eu\/pl\/produkt\/fizzy-luxury-blueberry-15000-puffow\/\" \/>\n<meta property=\"og:site_name\" content=\"fizzyvape.eu\" \/>\n<meta property=\"og:image\" content=\"https:\/\/www.fizzyvape.eu\/wp-content\/uploads\/2025\/03\/Fizzy-Luxury-Blueberry-15000puff-1.jpg\" \/>\n\t<meta property=\"og:image:width\" content=\"1500\" \/>\n\t<meta property=\"og:image:height\" content=\"1500\" \/>\n\t<meta property=\"og:image:type\" content=\"image\/jpeg\" \/>\n<meta name=\"twitter:card\" content=\"summary_large_image\" \/>\n<meta name=\"twitter:label1\" content=\"Dost\u0119pno\u015b\u0107\" \/>\n\t<meta name=\"twitter:data1\" content=\"Brak w magazynie\" \/>\n<script type=\"application\/ld+json\" class=\"yoast-schema-graph\">{\"@context\":\"https:\/\/schema.org\",\"@graph\":[{\"@type\":\"WebPage\",\"@id\":\"https:\/\/fizzyvape.eu\/pl\/produkt\/fizzy-luxury-blueberry-15000-puffow\/\",\"url\":\"https:\/\/fizzyvape.eu\/pl\/produkt\/fizzy-luxury-blueberry-15000-puffow\/\",\"name\":\"Fizzy Luxury Blueberry - 15000 puff\u00f3w - fizzyvape.eu\",\"isPartOf\":{\"@id\":\"https:\/\/www.fizzyvape.eu\/pl\/#website\"},\"primaryImageOfPage\":{\"@id\":\"https:\/\/fizzyvape.eu\/pl\/produkt\/fizzy-luxury-blueberry-15000-puffow\/#primaryimage\"},\"image\":{\"@id\":\"https:\/\/fizzyvape.eu\/pl\/produkt\/fizzy-luxury-blueberry-15000-puffow\/#primaryimage\"},\"thumbnailUrl\":\"https:\/\/fizzyvape.eu\/wp-content\/uploads\/2025\/03\/Fizzy-Luxury-Blueberry-15000puff-1.jpg\",\"datePublished\":\"2025-03-28T08:36:50+00:00\",\"breadcrumb\":{\"@id\":\"https:\/\/fizzyvape.eu\/pl\/produkt\/fizzy-luxury-blueberry-15000-puffow\/#breadcrumb\"},\"inLanguage\":\"pl-PL\",\"potentialAction\":[{\"@type\":\"ReadAction\",\"target\":[\"https:\/\/fizzyvape.eu\/pl\/produkt\/fizzy-luxury-blueberry-15000-puffow\/\"]}]},{\"@type\":\"ImageObject\",\"inLanguage\":\"pl-PL\",\"@id\":\"https:\/\/fizzyvape.eu\/pl\/produkt\/fizzy-luxury-blueberry-15000-puffow\/#primaryimage\",\"url\":\"https:\/\/fizzyvape.eu\/wp-content\/uploads\/2025\/03\/Fizzy-Luxury-Blueberry-15000puff-1.jpg\",\"contentUrl\":\"https:\/\/fizzyvape.eu\/wp-content\/uploads\/2025\/03\/Fizzy-Luxury-Blueberry-15000puff-1.jpg\",\"width\":1500,\"height\":1500,\"caption\":\"Fizzy-Luxury-Blueberry-15000puff\"},{\"@type\":\"BreadcrumbList\",\"@id\":\"https:\/\/fizzyvape.eu\/pl\/produkt\/fizzy-luxury-blueberry-15000-puffow\/#breadcrumb\",\"itemListElement\":[{\"@type\":\"ListItem\",\"position\":1,\"name\":\"Home\",\"item\":\"https:\/\/fizzyvape.eu\/pl\/\"},{\"@type\":\"ListItem\",\"position\":2,\"name\":\"Sklep\",\"item\":\"https:\/\/fizzyvape.eu\/pl\/sklep\/\"},{\"@type\":\"ListItem\",\"position\":3,\"name\":\"Fizzy Luxury Blueberry &#8211; 15000 puff\u00f3w\"}]},{\"@type\":\"WebSite\",\"@id\":\"https:\/\/www.fizzyvape.eu\/pl\/#website\",\"url\":\"https:\/\/www.fizzyvape.eu\/pl\/\",\"name\":\"fizzyvape.eu\",\"description\":\"Refreshing Vapes. Unforgettable Taste.\",\"publisher\":{\"@id\":\"https:\/\/www.fizzyvape.eu\/pl\/#organization\"},\"potentialAction\":[{\"@type\":\"SearchAction\",\"target\":{\"@type\":\"EntryPoint\",\"urlTemplate\":\"https:\/\/www.fizzyvape.eu\/pl\/?s={search_term_string}\"},\"query-input\":{\"@type\":\"PropertyValueSpecification\",\"valueRequired\":true,\"valueName\":\"search_term_string\"}}],\"inLanguage\":\"pl-PL\"},{\"@type\":\"Organization\",\"@id\":\"https:\/\/www.fizzyvape.eu\/pl\/#organization\",\"name\":\"fizzyvape.eu\",\"url\":\"https:\/\/www.fizzyvape.eu\/pl\/\",\"logo\":{\"@type\":\"ImageObject\",\"inLanguage\":\"pl-PL\",\"@id\":\"https:\/\/www.fizzyvape.eu\/pl\/#\/schema\/logo\/image\/\",\"url\":\"https:\/\/fizzyvape.eu\/wp-content\/uploads\/2019\/06\/print-1.svg\",\"contentUrl\":\"https:\/\/fizzyvape.eu\/wp-content\/uploads\/2019\/06\/print-1.svg\",\"width\":124,\"height\":37,\"caption\":\"fizzyvape.eu\"},\"image\":{\"@id\":\"https:\/\/www.fizzyvape.eu\/pl\/#\/schema\/logo\/image\/\"}}]}<\/script>\n<meta property=\"og:availability\" content=\"out of stock\" \/>\n<meta property=\"product:availability\" content=\"out of stock\" \/>\n<meta property=\"product:condition\" content=\"new\" \/>\n<!-- \/ Yoast SEO Premium plugin. -->","yoast_head_json":{"title":"Fizzy Luxury Blueberry - 15000 puff\u00f3w - fizzyvape.eu","robots":{"index":"index","follow":"follow","max-snippet":"max-snippet:-1","max-image-preview":"max-image-preview:large","max-video-preview":"max-video-preview:-1"},"canonical":"https:\/\/fizzyvape.eu\/pl\/produkt\/fizzy-luxury-blueberry-15000-puffow\/","og_locale":"pl_PL","og_type":"article","og_title":"Fizzy Luxury Blueberry - 15000 puff\u00f3w","og_description":"Fizzy Luxury Blueberry 15000 Puffs: Intensywna s\u0142odycz jag\u00f3d z subtelnym cierpkim wyko\u0144czeniem, ultra-g\u0142adka cewka kwarcowa, regulowany przep\u0142yw powietrza i wysokiej jako\u015bci metalowa konstrukcja. 2% i 5% nikotyny.","og_url":"https:\/\/fizzyvape.eu\/pl\/produkt\/fizzy-luxury-blueberry-15000-puffow\/","og_site_name":"fizzyvape.eu","og_image":[{"width":1500,"height":1500,"url":"https:\/\/www.fizzyvape.eu\/wp-content\/uploads\/2025\/03\/Fizzy-Luxury-Blueberry-15000puff-1.jpg","type":"image\/jpeg"}],"twitter_card":"summary_large_image","twitter_misc":{"Dost\u0119pno\u015b\u0107":"Brak w magazynie"},"schema":{"@context":"https:\/\/schema.org","@graph":[{"@type":"WebPage","@id":"https:\/\/fizzyvape.eu\/pl\/produkt\/fizzy-luxury-blueberry-15000-puffow\/","url":"https:\/\/fizzyvape.eu\/pl\/produkt\/fizzy-luxury-blueberry-15000-puffow\/","name":"Fizzy Luxury Blueberry - 15000 puff\u00f3w - fizzyvape.eu","isPartOf":{"@id":"https:\/\/www.fizzyvape.eu\/pl\/#website"},"primaryImageOfPage":{"@id":"https:\/\/fizzyvape.eu\/pl\/produkt\/fizzy-luxury-blueberry-15000-puffow\/#primaryimage"},"image":{"@id":"https:\/\/fizzyvape.eu\/pl\/produkt\/fizzy-luxury-blueberry-15000-puffow\/#primaryimage"},"thumbnailUrl":"https:\/\/fizzyvape.eu\/wp-content\/uploads\/2025\/03\/Fizzy-Luxury-Blueberry-15000puff-1.jpg","datePublished":"2025-03-28T08:36:50+00:00","breadcrumb":{"@id":"https:\/\/fizzyvape.eu\/pl\/produkt\/fizzy-luxury-blueberry-15000-puffow\/#breadcrumb"},"inLanguage":"pl-PL","potentialAction":[{"@type":"ReadAction","target":["https:\/\/fizzyvape.eu\/pl\/produkt\/fizzy-luxury-blueberry-15000-puffow\/"]}]},{"@type":"ImageObject","inLanguage":"pl-PL","@id":"https:\/\/fizzyvape.eu\/pl\/produkt\/fizzy-luxury-blueberry-15000-puffow\/#primaryimage","url":"https:\/\/fizzyvape.eu\/wp-content\/uploads\/2025\/03\/Fizzy-Luxury-Blueberry-15000puff-1.jpg","contentUrl":"https:\/\/fizzyvape.eu\/wp-content\/uploads\/2025\/03\/Fizzy-Luxury-Blueberry-15000puff-1.jpg","width":1500,"height":1500,"caption":"Fizzy-Luxury-Blueberry-15000puff"},{"@type":"BreadcrumbList","@id":"https:\/\/fizzyvape.eu\/pl\/produkt\/fizzy-luxury-blueberry-15000-puffow\/#breadcrumb","itemListElement":[{"@type":"ListItem","position":1,"name":"Home","item":"https:\/\/fizzyvape.eu\/pl\/"},{"@type":"ListItem","position":2,"name":"Sklep","item":"https:\/\/fizzyvape.eu\/pl\/sklep\/"},{"@type":"ListItem","position":3,"name":"Fizzy Luxury Blueberry &#8211; 15000 puff\u00f3w"}]},{"@type":"WebSite","@id":"https:\/\/www.fizzyvape.eu\/pl\/#website","url":"https:\/\/www.fizzyvape.eu\/pl\/","name":"fizzyvape.eu","description":"Refreshing Vapes. Unforgettable Taste.","publisher":{"@id":"https:\/\/www.fizzyvape.eu\/pl\/#organization"},"potentialAction":[{"@type":"SearchAction","target":{"@type":"EntryPoint","urlTemplate":"https:\/\/www.fizzyvape.eu\/pl\/?s={search_term_string}"},"query-input":{"@type":"PropertyValueSpecification","valueRequired":true,"valueName":"search_term_string"}}],"inLanguage":"pl-PL"},{"@type":"Organization","@id":"https:\/\/www.fizzyvape.eu\/pl\/#organization","name":"fizzyvape.eu","url":"https:\/\/www.fizzyvape.eu\/pl\/","logo":{"@type":"ImageObject","inLanguage":"pl-PL","@id":"https:\/\/www.fizzyvape.eu\/pl\/#\/schema\/logo\/image\/","url":"https:\/\/fizzyvape.eu\/wp-content\/uploads\/2019\/06\/print-1.svg","contentUrl":"https:\/\/fizzyvape.eu\/wp-content\/uploads\/2019\/06\/print-1.svg","width":124,"height":37,"caption":"fizzyvape.eu"},"image":{"@id":"https:\/\/www.fizzyvape.eu\/pl\/#\/schema\/logo\/image\/"}}]},"og_availability":"out of stock","product_availability":"out of stock","product_condition":"new"},"tiered_pricing_type":"fixed","tiered_pricing_fixed_rules":[],"tiered_pricing_product_settings":{"layout":"default","base_unit_name":{"singular":null,"plural":null},"default_variation":null},"tiered_pricing_minimum_quantity":null,"tiered_pricing_roles_data":[],"tiered_pricing_percentage_rules":[],"tiered_pricing_maximum_quantity":null,"tiered_pricing_quantity_step":null,"_links":{"self":[{"href":"https:\/\/fizzyvape.eu\/pl\/wp-json\/wp\/v2\/product\/25690","targetHints":{"allow":["GET"]}}],"collection":[{"href":"https:\/\/fizzyvape.eu\/pl\/wp-json\/wp\/v2\/product"}],"about":[{"href":"https:\/\/fizzyvape.eu\/pl\/wp-json\/wp\/v2\/types\/product"}],"replies":[{"embeddable":true,"href":"https:\/\/fizzyvape.eu\/pl\/wp-json\/wp\/v2\/comments?post=25690"}],"version-history":[{"count":0,"href":"https:\/\/fizzyvape.eu\/pl\/wp-json\/wp\/v2\/product\/25690\/revisions"}],"wp:featuredmedia":[{"embeddable":true,"href":"https:\/\/fizzyvape.eu\/pl\/wp-json\/wp\/v2\/media\/21366"}],"wp:attachment":[{"href":"https:\/\/fizzyvape.eu\/pl\/wp-json\/wp\/v2\/media?parent=25690"}],"wp:term":[{"taxonomy":"product_brand","embeddable":true,"href":"https:\/\/fizzyvape.eu\/pl\/wp-json\/wp\/v2\/product_brand?post=25690"},{"taxonomy":"product_cat","embeddable":true,"href":"https:\/\/fizzyvape.eu\/pl\/wp-json\/wp\/v2\/product_cat?post=25690"},{"taxonomy":"product_tag","embeddable":true,"href":"https:\/\/fizzyvape.eu\/pl\/wp-json\/wp\/v2\/product_tag?post=25690"}],"curies":[{"name":"wp","href":"https:\/\/api.w.org\/{rel}","templated":true}]}}