{"id":25813,"date":"2025-03-28T17:45:02","date_gmt":"2025-03-28T09:45:02","guid":{"rendered":"https:\/\/fizzyvape.eu\/product\/fizzy-luxury-strawberry-kiwi-pomegranate-15000-puffow\/"},"modified":"2025-03-28T17:45:02","modified_gmt":"2025-03-28T09:45:02","slug":"fizzy-luxury-strawberry-kiwi-pomegranate-15000-puffow","status":"publish","type":"product","link":"https:\/\/fizzyvape.eu\/pl\/produkt\/fizzy-luxury-strawberry-kiwi-pomegranate-15000-puffow\/","title":{"rendered":"Fizzy Luxury Strawberry Kiwi Pomegranate &#8211; 15000 puff\u00f3w"},"content":{"rendered":"<div>\n<h2 data-start=\"0\" data-end=\"82\"><strong>Fizzy Luxury Strawberry Kiwi Pomegranate 15000 Puffs &#8211; jednorazowe vape Premium z potr\u00f3jn\u0105 mieszank\u0105 owoc\u00f3w<\/strong><\/h2>\n<p><strong>Fizzy Luxury Strawberry Kiwi Pomegranate 15000 Puffs<\/strong> to idealne tropikalne trio, w kt\u00f3rym soczysta s\u0142odycz truskawek (6\/10) spotyka si\u0119 z cierpko\u015bci\u0105 kiwi (5\/10) i bogat\u0105 g\u0142\u0119bi\u0105 granatu (4\/10), a wszystko to zamkni\u0119te w naszym wysokiej jako\u015bci metalowym korpusie z precyzyjn\u0105 kontrol\u0105 przep\u0142ywu powietrza. Ten elitarny papieros jednorazowy zapewnia <strong>15 000 ultra-g\u0142adkich zaci\u0105gni\u0119\u0107<\/strong> o idealnie zbalansowanym smaku, wyposa\u017cony w nasz rewolucyjny <strong>system cewek kwarcowych Dual-Mesh<\/strong>, zapewniaj\u0105cy niezr\u00f3wnan\u0105 czysto\u015b\u0107 i aksamitn\u0105 par\u0119. <\/p>\n<h3><strong>Dlaczego warto wybra\u0107 Fizzy Luxury Strawberry Kiwi Pomegranate 15000 Puffs Vape?<\/strong><\/h3>\n<p>\ud83c\udf53 <strong>Potr\u00f3jna owocowa harmonia<\/strong> &#8211; 60% truskawek, 25% kiwi i 15% granatu dla wielowarstwowej z\u0142o\u017cono\u015bci.<br \/>\n\ud83c\udf9b\ufe0f <strong>Inteligentna kontrola przep\u0142ywu powietrza<\/strong> &#8211; 5-stopniowa regulacja od ciasnego MTL do p\u0142ynnego RDL<br \/>\n\ud83d\udd36 <strong>Luksusowa metalowa konstrukcja<\/strong> &#8211; obrabiane CNC aluminium lotnicze ze szczotkowanym wyko\u0144czeniem<br \/>\n\u26a1 <strong>Wyd\u0142u\u017cone 15 000 zaci\u0105gni\u0119\u0107<\/strong> &#8211; pojemno\u015b\u0107 22 ml e-liquidu wystarcza na 25% d\u0142u\u017cej ni\u017c w przypadku konkurencji.<br \/>\n\ud83e\uddca <strong>Technologia SilkFlow<\/strong> &#8211; cewki kwarcowe zapewniaj\u0105 o 50% g\u0142adsz\u0105 par\u0119 ni\u017c standardowa siatka. <\/p>\n<h3><strong>Opcje nikotyny:<\/strong><\/h3>\n<p>&#8211; <strong data-start=\"1200\" data-end=\"1216\">2% (20 mg \/ ml)<\/strong> &#8211; idealny do g\u0142adkiej i aromatycznej waporyzacji <br data-start=\"1269\" data-end=\"1272\">&#8211; <strong data-start=\"1274\" data-end=\"1290\">5% (50 mg \/ ml)<\/strong> &#8211; Zaprojektowany dla mocniejszego, bardziej satysfakcjonuj\u0105cego uderzenia w gard\u0142o <\/p>\n<\/div>\n<div>\n<h3>Specyfikacja<\/h3>\n<table style=\"height: 449px;\" width=\"1340\">\n<tbody>\n<tr>\n<td>Puffy<\/td>\n<td><strong>15000+ Puffs<\/strong><\/td>\n<\/tr>\n<tr>\n<td>Pojemno\u015b\u0107 e-p\u0142ynu<\/td>\n<td><strong>22ml<\/strong><\/td>\n<\/tr>\n<tr>\n<td>Pojemno\u015b\u0107 baterii<\/td>\n<td><strong>650 mAh<\/strong><\/td>\n<\/tr>\n<tr>\n<td>Siatkowa cewka<\/td>\n<td><strong>1.4\u03a9<\/strong><\/td>\n<\/tr>\n<tr>\n<td>Rozmiar<\/td>\n<td><strong>53*30*85.3mm<\/strong><\/td>\n<\/tr>\n<tr>\n<td>Jednorazowe czy nie?<\/td>\n<td><strong>Jednorazowy<\/strong><\/td>\n<\/tr>\n<tr>\n<td>Metoda \u0142adowania<\/td>\n<td><strong>Kabel<\/strong><\/td>\n<\/tr>\n<tr>\n<td>Metoda aktywacji<\/td>\n<td><strong>Czujnik<\/strong><\/td>\n<\/tr>\n<tr>\n<td>Materia\u0142<\/td>\n<td><strong>Metal<\/strong><\/td>\n<\/tr>\n<tr>\n<td>Poziom nikotyny<\/td>\n<td><strong>2% (20 mg\/ml) i 5% (50 mg\/ml)<\/strong><\/td>\n<\/tr>\n<tr>\n<td>Smaki<\/td>\n<td><strong>15<\/strong><\/td>\n<\/tr>\n<tr>\n<td>Pakowanie<\/td>\n<td><strong>1 opakowanie<\/strong><\/td>\n<\/tr>\n<tr>\n<td>Czas \u0142adowania<\/td>\n<td><strong>2 godziny<\/strong><\/td>\n<\/tr>\n<tr>\n<td>Przechowywanie<\/td>\n<td><strong>Unika\u0107 \u015brodowiska o wysokiej temperaturze i przechowywa\u0107 w ch\u0142odnym i suchym miejscu.<\/strong><\/td>\n<\/tr>\n<tr>\n<td>Osoby, kt\u00f3rym zabrania si\u0119 stosowania<\/td>\n<td><strong>Osoby niepe\u0142noletnie, kobiety w ci\u0105\u017cy i osoby uczulone na sk\u0142adniki produktu.<\/strong><\/td>\n<\/tr>\n<tr>\n<td>Uwaga<\/td>\n<td><strong>Nie po\u0142yka\u0107 tej substancji. W przypadku po\u0142kni\u0119cia nale\u017cy natychmiast dok\u0142adnie wyp\u0142uka\u0107 usta. W przypadku z\u0142ego samopoczucia nale\u017cy skontaktowa\u0107 si\u0119 z lekarzem.  <\/strong><\/td>\n<\/tr>\n<\/tbody>\n<\/table>\n<h3>Lista smak\u00f3w <strong>Fizzy Luxury <\/strong>15000 Puffs:<\/h3>\n<ol>\n<li><a href=\"https:\/\/fizzyvape.eu\/product\/fizzy-luxury-blueberry-raspberry-15000-puffs\/\">Bor\u00f3wka Malina<\/a><\/li>\n<li><a href=\"https:\/\/fizzyvape.eu\/product\/fizzy-luxury-peach-15000-puffs\/\">Brzoskwinia<\/a><\/li>\n<li><a href=\"https:\/\/fizzyvape.eu\/pl\/produkt\/fizzy-luxury-grape-15000-puffow\/\">Winogrono<\/a><\/li>\n<li><a href=\"https:\/\/fizzyvape.eu\/pl\/produkt\/fizzy-luxury-blueberry-15000-puffow\/\">Jagoda<\/a><\/li>\n<li><a href=\"https:\/\/fizzyvape.eu\/pl\/produkt\/fizzy-luxury-strawberry-15000-puffow\/\">Truskawka<\/a><\/li>\n<li><a href=\"https:\/\/fizzyvape.eu\/pl\/produkt\/fizzy-luxury-fizzy-cherry-15000-puffow\/\">Fizzy Cherry<\/a><\/li>\n<li><a href=\"https:\/\/fizzyvape.eu\/pl\/produkt\/fizzy-luxury-raspberry-lemonade-15000-puffow\/\">Lemoniada malinowa<\/a><\/li>\n<li><a href=\"https:\/\/fizzyvape.eu\/pl\/produkt\/fizzy-luxury-sour-apple-15000-puffow\/\">Kwa\u015bne jab\u0142ko<\/a><\/li>\n<li><a href=\"https:\/\/fizzyvape.eu\/pl\/produkt\/fizzy-luxury-strawberry-kiwi-pomegranate-15000-puffow\/\">Truskawka Kiwi Granat<\/a><\/li>\n<li><a href=\"https:\/\/fizzyvape.eu\/pl\/produkt\/fizzy-luxury-lemon-lime-15000-puffow\/\">Lemon Lime<\/a><\/li>\n<li><a href=\"https:\/\/fizzyvape.eu\/product\/fizzy-luxury-strawberry-banana-15000-puffs\/\">Banan truskawkowy<\/a><\/li>\n<li><a href=\"https:\/\/fizzyvape.eu\/product\/fizzy-luxury-orange-mango-watermelon-15000-puffs\/\">Pomara\u0144cza Mango Arbuz<\/a><\/li>\n<li><a href=\"https:\/\/fizzyvape.eu\/pl\/produkt\/fizzy-luxury-red-bull-15000-puffow\/\">Red Bull<\/a><\/li>\n<li><a href=\"https:\/\/fizzyvape.eu\/pl\/produkt\/fizzy-luxury-pink-lemonade-15000-puffow\/\">R\u00f3\u017cowa Lemoniada<\/a><\/li>\n<li><a href=\"https:\/\/fizzyvape.eu\/pl\/produkt\/fizzy-luxury-kiwi-passion-fruit-guava-15000-puffow\/\">Kiwi Passion Fruit Guava<\/a><\/li>\n<\/ol>\n<h3>Najcz\u0119\u015bciej zadawane pytania dotycz\u0105ce Fizzy Luxury Strawberry Kiwi Pomegranate 15000 Puffs Vape<\/h3>\n<ol start=\"1\">\n<li class=\"\" data-start=\"77\" data-end=\"417\">\n<p class=\"\" data-start=\"80\" data-end=\"417\"><strong data-start=\"80\" data-end=\"166\">Jakie smaki zawiera produkt<\/strong> <strong data-start=\"176\" data-end=\"232\">Fizzy Luxury Strawberry Kiwi Pomegranate 15000 P<\/strong> <strong data-start=\"80\" data-end=\"166\">uffs?<\/strong><br data-start=\"166\" data-end=\"169\"><strong data-start=\"176\" data-end=\"232\">Fizzy<\/strong> <strong data-start=\"80\" data-end=\"166\">Luxury Strawberry Kiwi<\/strong> <strong data-start=\"176\" data-end=\"232\">Pomegranate 15000 Puffs<\/strong> oferuje <strong data-start=\"242\" data-end=\"260\">tropikaln\u0105 mieszank\u0119<\/strong> <strong data-start=\"264\" data-end=\"298\">s\u0142odkich truskawek, pikantnego kiwi<\/strong> i <strong data-start=\"304\" data-end=\"330\">orze\u017awiaj\u0105cego granatu<\/strong>, zapewniaj\u0105c <strong data-start=\"337\" data-end=\"364\">owocowy, zr\u00f3wnowa\u017cony smak<\/strong>, kt\u00f3ry jest zar\u00f3wno s\u0142odki, jak i lekko cierpki z ka\u017cdym zaci\u0105gni\u0119ciem.<\/p>\n<\/li>\n<li class=\"\" data-start=\"419\" data-end=\"713\">\n<p class=\"\" data-start=\"422\" data-end=\"713\"><strong data-start=\"422\" data-end=\"502\">Jak d\u0142ugo wystarcza<\/strong> <strong data-start=\"549\" data-end=\"593\">Fizzy Luxury Strawberry Kiwi Pom<\/strong> egranate <strong data-start=\"422\" data-end=\"502\">15000 Puffs?<\/strong><br data-start=\"502\" data-end=\"505\">Dzi\u0119ki <strong data-start=\"517\" data-end=\"543\">pojemno\u015bci 22 ml e-liquidu<\/strong>, waporyzator <strong data-start=\"549\" data-end=\"593\">Fizzy Luxury Strawberry Ki<\/strong> <strong data-start=\"422\" data-end=\"502\">wi Pom<\/strong>egranate zapewnia imponuj\u0105ce <strong data-start=\"622\" data-end=\"639\">15 000+ zaci\u0105gni\u0119\u0107<\/strong>, zapewniaj\u0105c trwa\u0142o\u015b\u0107 na oko\u0142o <strong data-start=\"666\" data-end=\"679\">4-5 tygodni<\/strong>, w zale\u017cno\u015bci od cz\u0119stotliwo\u015bci waporyzacji.<\/p>\n<\/li>\n<li><strong>Jak wybra\u0107 pomi\u0119dzy nikotyn\u0105 2% a 5%?<\/strong><br \/>\n&#8211; <strong>2% (20mg\/mL):<\/strong> Idealny do wapowania skoncentrowanego na smaku lub dla zwyk\u0142ych u\u017cytkownik\u00f3w<br \/>\n&#8211; <strong>5% (50 mg \/ ml):<\/strong> Zalecany dla by\u0142ych palaczy potrzebuj\u0105cych wi\u0119kszej satysfakcji<br \/>\nObie moce zapewniaj\u0105 ten sam wyj\u0105tkowy wi\u015bniowy smak dzi\u0119ki naszym podw\u00f3jnym cewkom kwarcowym.<\/li>\n<\/ol>\n<\/div>\n","protected":false},"excerpt":{"rendered":"<p><strong>Fizzy Luxury Strawberry Kiwi Pomegranate 15000 Puffs<\/strong> to po\u0142\u0105czenie s\u0142odkiej truskawki (6\/10), pikantnego kiwi (5\/10) i bogatego granatu (4\/10) w wysokiej jako\u015bci metalowym korpusie. Ciesz si\u0119 15 000 ultra g\u0142adkich zaci\u0105gni\u0119\u0107 dzi\u0119ki regulowanemu przep\u0142ywowi powietrza i cewkom kwarcowym. Wybierz 2% lub 5% nikotyny, aby uzyska\u0107 idealn\u0105 owocow\u0105 fuzj\u0119.  <\/p>\n","protected":false},"featured_media":21326,"comment_status":"open","ping_status":"closed","template":"","meta":{"iawp_total_views":1},"product_brand":[],"product_cat":[320],"product_tag":[321],"class_list":{"0":"post-25813","1":"product","2":"type-product","3":"status-publish","4":"has-post-thumbnail","6":"product_cat-luxury-pl","7":"product_tag-15000-zaciagniec","9":"first","10":"outofstock","11":"shipping-taxable","12":"purchasable","13":"product-type-variable"},"yoast_head":"<!-- This site is optimized with the Yoast SEO Premium plugin v24.8 (Yoast SEO v24.8) - https:\/\/yoast.com\/wordpress\/plugins\/seo\/ -->\n<title>Fizzy Luxury Strawberry Kiwi Pomegranate - 15000 puff\u00f3w - fizzyvape.eu<\/title>\n<meta name=\"robots\" content=\"index, follow, max-snippet:-1, max-image-preview:large, max-video-preview:-1\" \/>\n<link rel=\"canonical\" href=\"https:\/\/fizzyvape.eu\/pl\/produkt\/fizzy-luxury-strawberry-kiwi-pomegranate-15000-puffow\/\" \/>\n<meta property=\"og:locale\" content=\"pl_PL\" \/>\n<meta property=\"og:type\" content=\"article\" \/>\n<meta property=\"og:title\" content=\"Fizzy Luxury Strawberry Kiwi Pomegranate - 15000 puff\u00f3w\" \/>\n<meta property=\"og:description\" content=\"Fizzy Luxury Strawberry Kiwi Pomegranate 15000 Puffs to po\u0142\u0105czenie s\u0142odkiej truskawki (6\/10), pikantnego kiwi (5\/10) i bogatego granatu (4\/10) w wysokiej jako\u015bci metalowym korpusie. Ciesz si\u0119 15 000 ultra g\u0142adkich zaci\u0105gni\u0119\u0107 dzi\u0119ki regulowanemu przep\u0142ywowi powietrza i cewkom kwarcowym. Wybierz 2% lub 5% nikotyny, aby uzyska\u0107 idealn\u0105 owocow\u0105 fuzj\u0119.\" \/>\n<meta property=\"og:url\" content=\"https:\/\/fizzyvape.eu\/pl\/produkt\/fizzy-luxury-strawberry-kiwi-pomegranate-15000-puffow\/\" \/>\n<meta property=\"og:site_name\" content=\"fizzyvape.eu\" \/>\n<meta property=\"og:image\" content=\"https:\/\/www.fizzyvape.eu\/wp-content\/uploads\/2025\/03\/Fizzy-Luxury-Strawberry-Kiwi-Pomegranate-15000puff.jpg\" \/>\n\t<meta property=\"og:image:width\" content=\"1500\" \/>\n\t<meta property=\"og:image:height\" content=\"1500\" \/>\n\t<meta property=\"og:image:type\" content=\"image\/jpeg\" \/>\n<meta name=\"twitter:card\" content=\"summary_large_image\" \/>\n<meta name=\"twitter:label1\" content=\"Dost\u0119pno\u015b\u0107\" \/>\n\t<meta name=\"twitter:data1\" content=\"Brak w magazynie\" \/>\n<script type=\"application\/ld+json\" class=\"yoast-schema-graph\">{\"@context\":\"https:\/\/schema.org\",\"@graph\":[{\"@type\":\"WebPage\",\"@id\":\"https:\/\/fizzyvape.eu\/pl\/produkt\/fizzy-luxury-strawberry-kiwi-pomegranate-15000-puffow\/\",\"url\":\"https:\/\/fizzyvape.eu\/pl\/produkt\/fizzy-luxury-strawberry-kiwi-pomegranate-15000-puffow\/\",\"name\":\"Fizzy Luxury Strawberry Kiwi Pomegranate - 15000 puff\u00f3w - fizzyvape.eu\",\"isPartOf\":{\"@id\":\"https:\/\/www.fizzyvape.eu\/pl\/#website\"},\"primaryImageOfPage\":{\"@id\":\"https:\/\/fizzyvape.eu\/pl\/produkt\/fizzy-luxury-strawberry-kiwi-pomegranate-15000-puffow\/#primaryimage\"},\"image\":{\"@id\":\"https:\/\/fizzyvape.eu\/pl\/produkt\/fizzy-luxury-strawberry-kiwi-pomegranate-15000-puffow\/#primaryimage\"},\"thumbnailUrl\":\"https:\/\/fizzyvape.eu\/wp-content\/uploads\/2025\/03\/Fizzy-Luxury-Strawberry-Kiwi-Pomegranate-15000puff.jpg\",\"datePublished\":\"2025-03-28T09:45:02+00:00\",\"breadcrumb\":{\"@id\":\"https:\/\/fizzyvape.eu\/pl\/produkt\/fizzy-luxury-strawberry-kiwi-pomegranate-15000-puffow\/#breadcrumb\"},\"inLanguage\":\"pl-PL\",\"potentialAction\":[{\"@type\":\"ReadAction\",\"target\":[\"https:\/\/fizzyvape.eu\/pl\/produkt\/fizzy-luxury-strawberry-kiwi-pomegranate-15000-puffow\/\"]}]},{\"@type\":\"ImageObject\",\"inLanguage\":\"pl-PL\",\"@id\":\"https:\/\/fizzyvape.eu\/pl\/produkt\/fizzy-luxury-strawberry-kiwi-pomegranate-15000-puffow\/#primaryimage\",\"url\":\"https:\/\/fizzyvape.eu\/wp-content\/uploads\/2025\/03\/Fizzy-Luxury-Strawberry-Kiwi-Pomegranate-15000puff.jpg\",\"contentUrl\":\"https:\/\/fizzyvape.eu\/wp-content\/uploads\/2025\/03\/Fizzy-Luxury-Strawberry-Kiwi-Pomegranate-15000puff.jpg\",\"width\":1500,\"height\":1500,\"caption\":\"Fizzy-Luxury-Strawberry-Kiwi-Pomegranate-15000puff\"},{\"@type\":\"BreadcrumbList\",\"@id\":\"https:\/\/fizzyvape.eu\/pl\/produkt\/fizzy-luxury-strawberry-kiwi-pomegranate-15000-puffow\/#breadcrumb\",\"itemListElement\":[{\"@type\":\"ListItem\",\"position\":1,\"name\":\"Home\",\"item\":\"https:\/\/fizzyvape.eu\/pl\/\"},{\"@type\":\"ListItem\",\"position\":2,\"name\":\"Sklep\",\"item\":\"https:\/\/fizzyvape.eu\/pl\/sklep\/\"},{\"@type\":\"ListItem\",\"position\":3,\"name\":\"Fizzy Luxury Strawberry Kiwi Pomegranate &#8211; 15000 puff\u00f3w\"}]},{\"@type\":\"WebSite\",\"@id\":\"https:\/\/www.fizzyvape.eu\/pl\/#website\",\"url\":\"https:\/\/www.fizzyvape.eu\/pl\/\",\"name\":\"fizzyvape.eu\",\"description\":\"Refreshing Vapes. Unforgettable Taste.\",\"publisher\":{\"@id\":\"https:\/\/www.fizzyvape.eu\/pl\/#organization\"},\"potentialAction\":[{\"@type\":\"SearchAction\",\"target\":{\"@type\":\"EntryPoint\",\"urlTemplate\":\"https:\/\/www.fizzyvape.eu\/pl\/?s={search_term_string}\"},\"query-input\":{\"@type\":\"PropertyValueSpecification\",\"valueRequired\":true,\"valueName\":\"search_term_string\"}}],\"inLanguage\":\"pl-PL\"},{\"@type\":\"Organization\",\"@id\":\"https:\/\/www.fizzyvape.eu\/pl\/#organization\",\"name\":\"fizzyvape.eu\",\"url\":\"https:\/\/www.fizzyvape.eu\/pl\/\",\"logo\":{\"@type\":\"ImageObject\",\"inLanguage\":\"pl-PL\",\"@id\":\"https:\/\/www.fizzyvape.eu\/pl\/#\/schema\/logo\/image\/\",\"url\":\"https:\/\/fizzyvape.eu\/wp-content\/uploads\/2019\/06\/print-1.svg\",\"contentUrl\":\"https:\/\/fizzyvape.eu\/wp-content\/uploads\/2019\/06\/print-1.svg\",\"width\":124,\"height\":37,\"caption\":\"fizzyvape.eu\"},\"image\":{\"@id\":\"https:\/\/www.fizzyvape.eu\/pl\/#\/schema\/logo\/image\/\"}}]}<\/script>\n<meta property=\"og:availability\" content=\"out of stock\" \/>\n<meta property=\"product:availability\" content=\"out of stock\" \/>\n<meta property=\"product:condition\" content=\"new\" \/>\n<!-- \/ Yoast SEO Premium plugin. -->","yoast_head_json":{"title":"Fizzy Luxury Strawberry Kiwi Pomegranate - 15000 puff\u00f3w - fizzyvape.eu","robots":{"index":"index","follow":"follow","max-snippet":"max-snippet:-1","max-image-preview":"max-image-preview:large","max-video-preview":"max-video-preview:-1"},"canonical":"https:\/\/fizzyvape.eu\/pl\/produkt\/fizzy-luxury-strawberry-kiwi-pomegranate-15000-puffow\/","og_locale":"pl_PL","og_type":"article","og_title":"Fizzy Luxury Strawberry Kiwi Pomegranate - 15000 puff\u00f3w","og_description":"Fizzy Luxury Strawberry Kiwi Pomegranate 15000 Puffs to po\u0142\u0105czenie s\u0142odkiej truskawki (6\/10), pikantnego kiwi (5\/10) i bogatego granatu (4\/10) w wysokiej jako\u015bci metalowym korpusie. Ciesz si\u0119 15 000 ultra g\u0142adkich zaci\u0105gni\u0119\u0107 dzi\u0119ki regulowanemu przep\u0142ywowi powietrza i cewkom kwarcowym. Wybierz 2% lub 5% nikotyny, aby uzyska\u0107 idealn\u0105 owocow\u0105 fuzj\u0119.","og_url":"https:\/\/fizzyvape.eu\/pl\/produkt\/fizzy-luxury-strawberry-kiwi-pomegranate-15000-puffow\/","og_site_name":"fizzyvape.eu","og_image":[{"width":1500,"height":1500,"url":"https:\/\/www.fizzyvape.eu\/wp-content\/uploads\/2025\/03\/Fizzy-Luxury-Strawberry-Kiwi-Pomegranate-15000puff.jpg","type":"image\/jpeg"}],"twitter_card":"summary_large_image","twitter_misc":{"Dost\u0119pno\u015b\u0107":"Brak w magazynie"},"schema":{"@context":"https:\/\/schema.org","@graph":[{"@type":"WebPage","@id":"https:\/\/fizzyvape.eu\/pl\/produkt\/fizzy-luxury-strawberry-kiwi-pomegranate-15000-puffow\/","url":"https:\/\/fizzyvape.eu\/pl\/produkt\/fizzy-luxury-strawberry-kiwi-pomegranate-15000-puffow\/","name":"Fizzy Luxury Strawberry Kiwi Pomegranate - 15000 puff\u00f3w - fizzyvape.eu","isPartOf":{"@id":"https:\/\/www.fizzyvape.eu\/pl\/#website"},"primaryImageOfPage":{"@id":"https:\/\/fizzyvape.eu\/pl\/produkt\/fizzy-luxury-strawberry-kiwi-pomegranate-15000-puffow\/#primaryimage"},"image":{"@id":"https:\/\/fizzyvape.eu\/pl\/produkt\/fizzy-luxury-strawberry-kiwi-pomegranate-15000-puffow\/#primaryimage"},"thumbnailUrl":"https:\/\/fizzyvape.eu\/wp-content\/uploads\/2025\/03\/Fizzy-Luxury-Strawberry-Kiwi-Pomegranate-15000puff.jpg","datePublished":"2025-03-28T09:45:02+00:00","breadcrumb":{"@id":"https:\/\/fizzyvape.eu\/pl\/produkt\/fizzy-luxury-strawberry-kiwi-pomegranate-15000-puffow\/#breadcrumb"},"inLanguage":"pl-PL","potentialAction":[{"@type":"ReadAction","target":["https:\/\/fizzyvape.eu\/pl\/produkt\/fizzy-luxury-strawberry-kiwi-pomegranate-15000-puffow\/"]}]},{"@type":"ImageObject","inLanguage":"pl-PL","@id":"https:\/\/fizzyvape.eu\/pl\/produkt\/fizzy-luxury-strawberry-kiwi-pomegranate-15000-puffow\/#primaryimage","url":"https:\/\/fizzyvape.eu\/wp-content\/uploads\/2025\/03\/Fizzy-Luxury-Strawberry-Kiwi-Pomegranate-15000puff.jpg","contentUrl":"https:\/\/fizzyvape.eu\/wp-content\/uploads\/2025\/03\/Fizzy-Luxury-Strawberry-Kiwi-Pomegranate-15000puff.jpg","width":1500,"height":1500,"caption":"Fizzy-Luxury-Strawberry-Kiwi-Pomegranate-15000puff"},{"@type":"BreadcrumbList","@id":"https:\/\/fizzyvape.eu\/pl\/produkt\/fizzy-luxury-strawberry-kiwi-pomegranate-15000-puffow\/#breadcrumb","itemListElement":[{"@type":"ListItem","position":1,"name":"Home","item":"https:\/\/fizzyvape.eu\/pl\/"},{"@type":"ListItem","position":2,"name":"Sklep","item":"https:\/\/fizzyvape.eu\/pl\/sklep\/"},{"@type":"ListItem","position":3,"name":"Fizzy Luxury Strawberry Kiwi Pomegranate &#8211; 15000 puff\u00f3w"}]},{"@type":"WebSite","@id":"https:\/\/www.fizzyvape.eu\/pl\/#website","url":"https:\/\/www.fizzyvape.eu\/pl\/","name":"fizzyvape.eu","description":"Refreshing Vapes. Unforgettable Taste.","publisher":{"@id":"https:\/\/www.fizzyvape.eu\/pl\/#organization"},"potentialAction":[{"@type":"SearchAction","target":{"@type":"EntryPoint","urlTemplate":"https:\/\/www.fizzyvape.eu\/pl\/?s={search_term_string}"},"query-input":{"@type":"PropertyValueSpecification","valueRequired":true,"valueName":"search_term_string"}}],"inLanguage":"pl-PL"},{"@type":"Organization","@id":"https:\/\/www.fizzyvape.eu\/pl\/#organization","name":"fizzyvape.eu","url":"https:\/\/www.fizzyvape.eu\/pl\/","logo":{"@type":"ImageObject","inLanguage":"pl-PL","@id":"https:\/\/www.fizzyvape.eu\/pl\/#\/schema\/logo\/image\/","url":"https:\/\/fizzyvape.eu\/wp-content\/uploads\/2019\/06\/print-1.svg","contentUrl":"https:\/\/fizzyvape.eu\/wp-content\/uploads\/2019\/06\/print-1.svg","width":124,"height":37,"caption":"fizzyvape.eu"},"image":{"@id":"https:\/\/www.fizzyvape.eu\/pl\/#\/schema\/logo\/image\/"}}]},"og_availability":"out of stock","product_availability":"out of stock","product_condition":"new"},"tiered_pricing_type":"fixed","tiered_pricing_fixed_rules":[],"tiered_pricing_product_settings":{"layout":"default","base_unit_name":{"singular":null,"plural":null},"default_variation":null},"tiered_pricing_minimum_quantity":null,"tiered_pricing_roles_data":[],"tiered_pricing_percentage_rules":[],"tiered_pricing_maximum_quantity":null,"tiered_pricing_quantity_step":null,"_links":{"self":[{"href":"https:\/\/fizzyvape.eu\/pl\/wp-json\/wp\/v2\/product\/25813","targetHints":{"allow":["GET"]}}],"collection":[{"href":"https:\/\/fizzyvape.eu\/pl\/wp-json\/wp\/v2\/product"}],"about":[{"href":"https:\/\/fizzyvape.eu\/pl\/wp-json\/wp\/v2\/types\/product"}],"replies":[{"embeddable":true,"href":"https:\/\/fizzyvape.eu\/pl\/wp-json\/wp\/v2\/comments?post=25813"}],"version-history":[{"count":0,"href":"https:\/\/fizzyvape.eu\/pl\/wp-json\/wp\/v2\/product\/25813\/revisions"}],"wp:featuredmedia":[{"embeddable":true,"href":"https:\/\/fizzyvape.eu\/pl\/wp-json\/wp\/v2\/media\/21326"}],"wp:attachment":[{"href":"https:\/\/fizzyvape.eu\/pl\/wp-json\/wp\/v2\/media?parent=25813"}],"wp:term":[{"taxonomy":"product_brand","embeddable":true,"href":"https:\/\/fizzyvape.eu\/pl\/wp-json\/wp\/v2\/product_brand?post=25813"},{"taxonomy":"product_cat","embeddable":true,"href":"https:\/\/fizzyvape.eu\/pl\/wp-json\/wp\/v2\/product_cat?post=25813"},{"taxonomy":"product_tag","embeddable":true,"href":"https:\/\/fizzyvape.eu\/pl\/wp-json\/wp\/v2\/product_tag?post=25813"}],"curies":[{"name":"wp","href":"https:\/\/api.w.org\/{rel}","templated":true}]}}