{"id":26138,"date":"2025-03-28T14:06:27","date_gmt":"2025-03-28T06:06:27","guid":{"rendered":"https:\/\/fizzyvape.eu\/product\/fizzy-boom-strawberry-watermelon-pomegranate-13000-puffow\/"},"modified":"2025-03-28T14:06:27","modified_gmt":"2025-03-28T06:06:27","slug":"fizzy-boom-strawberry-watermelon-pomegranate-13000-puffow","status":"publish","type":"product","link":"https:\/\/fizzyvape.eu\/pl\/produkt\/fizzy-boom-strawberry-watermelon-pomegranate-13000-puffow\/","title":{"rendered":"Fizzy Boom Strawberry Watermelon Pomegranate &#8211; 13000 puff\u00f3w"},"content":{"rendered":"<div>\n<h2><strong>Fizzy Boom Strawberry Watermelon Pomegranate 13000 Puffs &#8211; jednorazowe Vape Premium Triple Fruit Fusion<\/strong><\/h2>\n<p><strong>Fizzy Boom Strawberry Watermelon Pomegranate 13000 Puffs<\/strong> to wyj\u0105tkowa mieszanka owoc\u00f3w, w kt\u00f3rej soczysta s\u0142odycz truskawek (7\/10) \u0142\u0105czy si\u0119 z orze\u017awiaj\u0105cym arbuzem (6,5\/10) i egzotyczn\u0105 cierpko\u015bci\u0105 granatu (5,5\/10), idealnie zbalansowana z ch\u0142odz\u0105cym wyko\u0144czeniem 5\/10. Ten jednorazowy papieros klasy premium zapewnia <strong>13 000 ultra-g\u0142adkich zaci\u0105gni\u0119\u0107<\/strong> o idealnie wymieszanym smaku w naszej charakterystycznej <strong>, eleganckiej, matowej<\/strong> konstrukcji <strong>z podw\u00f3jnymi cewkami siatkowymi<\/strong> dla maksymalnego smaku i produkcji chmury. <\/p>\n<h3><strong>Dlaczego warto wybra\u0107 Fizzy Boom Strawberry Watermelon Pomegranate 13000 Puffs?<\/strong><\/h3>\n<p>\ud83c\udf53 <strong>Triple Fruit Harmony<\/strong> &#8211; 45% s\u0142odyczy truskawki, 35% orze\u017awienia arbuza, 20% wyrafinowania granatu (bez sztucznego posmaku)<br \/>\n\ud83c\udf49 <strong>Subtelna mro\u017cona doskona\u0142o\u015b\u0107<\/strong> &#8211; poziom sch\u0142odzenia 5\/10 wzmacnia mieszank\u0119 owocow\u0105, nie przyt\u0142aczaj\u0105c jej.<br \/>\n\u26a1 <strong>Wyd\u0142u\u017cony czas dzia\u0142ania 13 000 zaci\u0105gni\u0119\u0107<\/strong> &#8211; wystarcza na 3-4 tygodnie (w por\u00f3wnaniu ze standardowymi urz\u0105dzeniami z 8 000 zaci\u0105gni\u0119ciami).<br \/>\n\ud83d\udd0b <strong>Inteligentne \u0142adowanie USB-C<\/strong> &#8211; w pe\u0142ni na\u0142adowany, aby cieszy\u0107 si\u0119 wszystkimi 21 ml e-liquidu<br \/>\n\ud83d\udc8e <strong>Najwy\u017csza jako\u015b\u0107 wykonania<\/strong> &#8211; szczelna konstrukcja z ergonomicznym ustnikiem <\/p>\n<h3><strong>Opcje nikotyny:<\/strong><\/h3>\n<p>&#8211; 2% (20 mg\/ml) &#8211; P\u0142ynne doznania dla zwyk\u0142ych waper\u00f3w<br \/>\n&#8211; 5% (50 mg\/ml) &#8211; satysfakcjonuj\u0105ce uderzenie w gard\u0142o dla by\u0142ych palaczy<\/p>\n<\/div>\n<div>\n<h3>Specyfikacja<\/h3>\n<table>\n<tbody>\n<tr>\n<td>Puffy<\/td>\n<td><strong>13000+ Puffs<\/strong><\/td>\n<\/tr>\n<tr>\n<td>Pojemno\u015b\u0107 e-p\u0142ynu<\/td>\n<td><strong>21ml<\/strong><\/td>\n<\/tr>\n<tr>\n<td>Pojemno\u015b\u0107 baterii<\/td>\n<td><strong>650 mAh<\/strong><\/td>\n<\/tr>\n<tr>\n<td>Siatkowa cewka<\/td>\n<td><strong>1.4\u03a9<\/strong><\/td>\n<\/tr>\n<tr>\n<td>Rozmiar<\/td>\n<td><strong>52,8*76,5*25 mm<\/strong><\/td>\n<\/tr>\n<tr>\n<td>Jednorazowe czy nie?<\/td>\n<td><strong>Jednorazowy<\/strong><\/td>\n<\/tr>\n<tr>\n<td>Metoda \u0142adowania<\/td>\n<td><strong>Kabel<\/strong><\/td>\n<\/tr>\n<tr>\n<td>Metoda aktywacji<\/td>\n<td><strong>Czujnik<\/strong><\/td>\n<\/tr>\n<tr>\n<td>Poziom nikotyny<\/td>\n<td><strong>2% (20 mg\/ml) i 5% (50 mg\/ml)<\/strong><\/td>\n<\/tr>\n<tr>\n<td>Smaki<\/td>\n<td><strong>12<\/strong><\/td>\n<\/tr>\n<tr>\n<td>Pakowanie<\/td>\n<td><strong>1 opakowanie<\/strong><\/td>\n<\/tr>\n<tr>\n<td>Czas \u0142adowania<\/td>\n<td><strong>2 godziny<\/strong><\/td>\n<\/tr>\n<tr>\n<td>Przechowywanie<\/td>\n<td><strong>Unika\u0107 \u015brodowiska o wysokiej temperaturze i przechowywa\u0107 w ch\u0142odnym i suchym miejscu.<\/strong><\/td>\n<\/tr>\n<tr>\n<td>Osoby, kt\u00f3rym zabrania si\u0119 stosowania<\/td>\n<td><strong>Osoby niepe\u0142noletnie, kobiety w ci\u0105\u017cy i osoby uczulone na sk\u0142adniki produktu.<\/strong><\/td>\n<\/tr>\n<tr>\n<td>Uwaga<\/td>\n<td><strong>Nie po\u0142yka\u0107 tej substancji. W przypadku po\u0142kni\u0119cia nale\u017cy natychmiast dok\u0142adnie wyp\u0142uka\u0107 usta. W przypadku z\u0142ego samopoczucia nale\u017cy skontaktowa\u0107 si\u0119 z lekarzem.  <\/strong><\/td>\n<\/tr>\n<\/tbody>\n<\/table>\n<h3>Lista smak\u00f3w <strong>Fizzy Boom <\/strong>13000 Puffs:<\/h3>\n<ol>\n<li><a href=\"https:\/\/fizzyvape.eu\/product\/fizzy-boom-peach-13000-puffs\/\">Brzoskwinia<\/a><\/li>\n<li><a href=\"https:\/\/fizzyvape.eu\/pl\/produkt\/fizzy-boom-blueberry-ice-13000-puffow\/\">L\u00f3d jagodowy<\/a><\/li>\n<li><a href=\"https:\/\/fizzyvape.eu\/pl\/produkt\/fizzy-boom-grape-ice-13000-puffow\/\">L\u00f3d winogronowy<\/a><\/li>\n<li><a href=\"https:\/\/fizzyvape.eu\/pl\/produkt\/fizzy-boom-strawberry-13000-puffow\/\">Truskawka<\/a><\/li>\n<li><a href=\"https:\/\/fizzyvape.eu\/pl\/produkt\/fizzy-boom-watermelon-ice-13000-puffow\/\">Arbuzowy l\u00f3d<\/a><\/li>\n<li><a href=\"https:\/\/fizzyvape.eu\/product\/fizzy-boom-blueberry-watermelon-bubblegum-13000-puffs\/\">Blueberry Watermelon Bubblegum<\/a><\/li>\n<li><a href=\"https:\/\/fizzyvape.eu\/pl\/produkt\/fizzy-boom-sour-apple-13000-puffow\/\">Kwa\u015bne jab\u0142ko<\/a><\/li>\n<li><a href=\"https:\/\/fizzyvape.eu\/pl\/produkt\/fizzy-boom-watermelon-cherry-13000-puffow\/\">Arbuz Wi\u015bnia<\/a><\/li>\n<li><a href=\"https:\/\/fizzyvape.eu\/pl\/produkt\/fizzy-boom-blueberry-melon-13000-puffow\/\">Melon jagodowy<\/a><\/li>\n<li><a href=\"https:\/\/fizzyvape.eu\/pl\/produkt\/fizzy-boom-kiwi-berry-ice-13000-puffow\/\">Kiwi Berry Ice<\/a><\/li>\n<li><a href=\"https:\/\/fizzyvape.eu\/pl\/produkt\/fizzy-boom-blueberry-raspberry-lemon-13000-puffow\/\">Jagoda Malina Cytryna<\/a><\/li>\n<li><a href=\"https:\/\/fizzyvape.eu\/pl\/produkt\/fizzy-boom-strawberry-watermelon-pomegranate-13000-puffow\/\">Truskawka Arbuz Granat<\/a><\/li>\n<\/ol>\n<h3>Najcz\u0119\u015bciej zadawane pytania dotycz\u0105ce Fizzy Boom Strawberry Watermelon Pomegranate Vape<\/h3>\n<p><strong>  1.Jak smak kiwi wypada w por\u00f3wnaniu z innymi owocowymi waporyzatorami?<\/strong><\/p>\n<p>Nasza wyj\u0105tkowa mieszanka zapewnia <strong>70% autentycznej cierpko\u015bci kiwi<\/strong> zr\u00f3wnowa\u017conej <strong>30% s\u0142odycz\u0105 mieszanych jag\u00f3d<\/strong> &#8211; o wiele bardziej z\u0142o\u017con\u0105 ni\u017c smaki pojedynczych owoc\u00f3w. Ch\u0142odzenie 7\/10 wzmacnia, ale nie przyt\u0142acza. <\/p>\n<p><strong>2. czy efekt ch\u0142odzenia jest zbyt silny?<\/strong><\/p>\n<p>Z poziomem sch\u0142odzenia 7\/10 (w por\u00f3wnaniu do 8\/10 Watermelon Ice), jest orze\u017awiaj\u0105cy, ale nie znieczula podniebienia. 89% tester\u00f3w uzna\u0142o go za idealnie zbalansowany do ca\u0142odziennej waporyzacji. <\/p>\n<p><strong>  3.Jak\u0105 moc nikotyny powinienem wybra\u0107?<\/strong><\/p>\n<p><strong>2% (20 mg \/ ml)<\/strong> jest idealny dla pocz\u0105tkuj\u0105cych lub zwyk\u0142ych vaper\u00f3w, kt\u00f3rzy chc\u0105 \u0142agodniejszych wra\u017ce\u0144. <strong>5% (50 mg \/ ml)<\/strong> lepiej zaspokaja apetyt by\u0142ych palaczy. W obu przypadkach zastosowano wysokiej jako\u015bci sole nikotyny. <\/p>\n<p><strong>4.Czy smak jest sp\u00f3jny przez ca\u0142y czas u\u017cytkowania?<\/strong><\/p>\n<p>Tak! Nasza technologia podw\u00f3jnej cewki siatkowej utrzymuje integralno\u015b\u0107 smaku przez wszystkie 13 000 zaci\u0105gni\u0119\u0107, a 94% tester\u00f3w nie zg\u0142asza smaku spalenizny. <\/p>\n<\/div>\n","protected":false},"excerpt":{"rendered":"<p><strong>Fizzy Boom Strawberry Watermelon Pomegranate 13000 Puffs<\/strong>: Do\u015bwiadcz najwy\u017cszej potr\u00f3jnej mieszanki owoc\u00f3w! Ciesz si\u0119 idealn\u0105 r\u00f3wnowag\u0105 s\u0142odkiej truskawki, orze\u017awiaj\u0105cego arbuza i egzotycznego granatu z subtelnym lodowym wyko\u0144czeniem. Dost\u0119pne w wersjach 2% i 5% nikotyny.  <\/p>\n","protected":false},"featured_media":21142,"comment_status":"open","ping_status":"closed","template":"","meta":{"iawp_total_views":0},"product_brand":[],"product_cat":[309],"product_tag":[311],"class_list":{"0":"post-26138","1":"product","2":"type-product","3":"status-publish","4":"has-post-thumbnail","6":"product_cat-boom-pl","7":"product_tag-13000-puffow","9":"first","10":"outofstock","11":"shipping-taxable","12":"purchasable","13":"product-type-variable"},"yoast_head":"<!-- This site is optimized with the Yoast SEO Premium plugin v24.8 (Yoast SEO v24.8) - https:\/\/yoast.com\/wordpress\/plugins\/seo\/ -->\n<title>Fizzy Boom Strawberry Watermelon Pomegranate - 13000 puff\u00f3w - fizzyvape.eu<\/title>\n<meta name=\"robots\" content=\"index, follow, max-snippet:-1, max-image-preview:large, max-video-preview:-1\" \/>\n<link rel=\"canonical\" href=\"https:\/\/fizzyvape.eu\/pl\/produkt\/fizzy-boom-strawberry-watermelon-pomegranate-13000-puffow\/\" \/>\n<meta property=\"og:locale\" content=\"pl_PL\" \/>\n<meta property=\"og:type\" content=\"article\" \/>\n<meta property=\"og:title\" content=\"Fizzy Boom Strawberry Watermelon Pomegranate - 13000 puff\u00f3w\" \/>\n<meta property=\"og:description\" content=\"Fizzy Boom Strawberry Watermelon Pomegranate 13000 Puffs: Do\u015bwiadcz najwy\u017cszej potr\u00f3jnej mieszanki owoc\u00f3w! Ciesz si\u0119 idealn\u0105 r\u00f3wnowag\u0105 s\u0142odkiej truskawki, orze\u017awiaj\u0105cego arbuza i egzotycznego granatu z subtelnym lodowym wyko\u0144czeniem. Dost\u0119pne w wersjach 2% i 5% nikotyny.\" \/>\n<meta property=\"og:url\" content=\"https:\/\/fizzyvape.eu\/pl\/produkt\/fizzy-boom-strawberry-watermelon-pomegranate-13000-puffow\/\" \/>\n<meta property=\"og:site_name\" content=\"fizzyvape.eu\" \/>\n<meta property=\"og:image\" content=\"https:\/\/www.fizzyvape.eu\/wp-content\/uploads\/2025\/03\/FizzyVape-Boom-Strawberry-Watermelon-Pomegranate-13000puff-3.jpg\" \/>\n\t<meta property=\"og:image:width\" content=\"1500\" \/>\n\t<meta property=\"og:image:height\" content=\"1500\" \/>\n\t<meta property=\"og:image:type\" content=\"image\/jpeg\" \/>\n<meta name=\"twitter:card\" content=\"summary_large_image\" \/>\n<meta name=\"twitter:label1\" content=\"Dost\u0119pno\u015b\u0107\" \/>\n\t<meta name=\"twitter:data1\" content=\"Brak w magazynie\" \/>\n<script type=\"application\/ld+json\" class=\"yoast-schema-graph\">{\"@context\":\"https:\/\/schema.org\",\"@graph\":[{\"@type\":\"WebPage\",\"@id\":\"https:\/\/fizzyvape.eu\/pl\/produkt\/fizzy-boom-strawberry-watermelon-pomegranate-13000-puffow\/\",\"url\":\"https:\/\/fizzyvape.eu\/pl\/produkt\/fizzy-boom-strawberry-watermelon-pomegranate-13000-puffow\/\",\"name\":\"Fizzy Boom Strawberry Watermelon Pomegranate - 13000 puff\u00f3w - fizzyvape.eu\",\"isPartOf\":{\"@id\":\"https:\/\/www.fizzyvape.eu\/pl\/#website\"},\"primaryImageOfPage\":{\"@id\":\"https:\/\/fizzyvape.eu\/pl\/produkt\/fizzy-boom-strawberry-watermelon-pomegranate-13000-puffow\/#primaryimage\"},\"image\":{\"@id\":\"https:\/\/fizzyvape.eu\/pl\/produkt\/fizzy-boom-strawberry-watermelon-pomegranate-13000-puffow\/#primaryimage\"},\"thumbnailUrl\":\"https:\/\/fizzyvape.eu\/wp-content\/uploads\/2025\/03\/FizzyVape-Boom-Strawberry-Watermelon-Pomegranate-13000puff-3.jpg\",\"datePublished\":\"2025-03-28T06:06:27+00:00\",\"breadcrumb\":{\"@id\":\"https:\/\/fizzyvape.eu\/pl\/produkt\/fizzy-boom-strawberry-watermelon-pomegranate-13000-puffow\/#breadcrumb\"},\"inLanguage\":\"pl-PL\",\"potentialAction\":[{\"@type\":\"ReadAction\",\"target\":[\"https:\/\/fizzyvape.eu\/pl\/produkt\/fizzy-boom-strawberry-watermelon-pomegranate-13000-puffow\/\"]}]},{\"@type\":\"ImageObject\",\"inLanguage\":\"pl-PL\",\"@id\":\"https:\/\/fizzyvape.eu\/pl\/produkt\/fizzy-boom-strawberry-watermelon-pomegranate-13000-puffow\/#primaryimage\",\"url\":\"https:\/\/fizzyvape.eu\/wp-content\/uploads\/2025\/03\/FizzyVape-Boom-Strawberry-Watermelon-Pomegranate-13000puff-3.jpg\",\"contentUrl\":\"https:\/\/fizzyvape.eu\/wp-content\/uploads\/2025\/03\/FizzyVape-Boom-Strawberry-Watermelon-Pomegranate-13000puff-3.jpg\",\"width\":1500,\"height\":1500,\"caption\":\"FizzyVape-Boom-Strawberry-Watermelon-Pomegranate-13000puff\"},{\"@type\":\"BreadcrumbList\",\"@id\":\"https:\/\/fizzyvape.eu\/pl\/produkt\/fizzy-boom-strawberry-watermelon-pomegranate-13000-puffow\/#breadcrumb\",\"itemListElement\":[{\"@type\":\"ListItem\",\"position\":1,\"name\":\"Home\",\"item\":\"https:\/\/fizzyvape.eu\/pl\/\"},{\"@type\":\"ListItem\",\"position\":2,\"name\":\"Sklep\",\"item\":\"https:\/\/fizzyvape.eu\/pl\/sklep\/\"},{\"@type\":\"ListItem\",\"position\":3,\"name\":\"Fizzy Boom Strawberry Watermelon Pomegranate &#8211; 13000 puff\u00f3w\"}]},{\"@type\":\"WebSite\",\"@id\":\"https:\/\/www.fizzyvape.eu\/pl\/#website\",\"url\":\"https:\/\/www.fizzyvape.eu\/pl\/\",\"name\":\"fizzyvape.eu\",\"description\":\"Refreshing Vapes. Unforgettable Taste.\",\"publisher\":{\"@id\":\"https:\/\/www.fizzyvape.eu\/pl\/#organization\"},\"potentialAction\":[{\"@type\":\"SearchAction\",\"target\":{\"@type\":\"EntryPoint\",\"urlTemplate\":\"https:\/\/www.fizzyvape.eu\/pl\/?s={search_term_string}\"},\"query-input\":{\"@type\":\"PropertyValueSpecification\",\"valueRequired\":true,\"valueName\":\"search_term_string\"}}],\"inLanguage\":\"pl-PL\"},{\"@type\":\"Organization\",\"@id\":\"https:\/\/www.fizzyvape.eu\/pl\/#organization\",\"name\":\"fizzyvape.eu\",\"url\":\"https:\/\/www.fizzyvape.eu\/pl\/\",\"logo\":{\"@type\":\"ImageObject\",\"inLanguage\":\"pl-PL\",\"@id\":\"https:\/\/www.fizzyvape.eu\/pl\/#\/schema\/logo\/image\/\",\"url\":\"https:\/\/fizzyvape.eu\/wp-content\/uploads\/2019\/06\/print-1.svg\",\"contentUrl\":\"https:\/\/fizzyvape.eu\/wp-content\/uploads\/2019\/06\/print-1.svg\",\"width\":124,\"height\":37,\"caption\":\"fizzyvape.eu\"},\"image\":{\"@id\":\"https:\/\/www.fizzyvape.eu\/pl\/#\/schema\/logo\/image\/\"}}]}<\/script>\n<meta property=\"og:availability\" content=\"out of stock\" \/>\n<meta property=\"product:availability\" content=\"out of stock\" \/>\n<meta property=\"product:condition\" content=\"new\" \/>\n<!-- \/ Yoast SEO Premium plugin. -->","yoast_head_json":{"title":"Fizzy Boom Strawberry Watermelon Pomegranate - 13000 puff\u00f3w - fizzyvape.eu","robots":{"index":"index","follow":"follow","max-snippet":"max-snippet:-1","max-image-preview":"max-image-preview:large","max-video-preview":"max-video-preview:-1"},"canonical":"https:\/\/fizzyvape.eu\/pl\/produkt\/fizzy-boom-strawberry-watermelon-pomegranate-13000-puffow\/","og_locale":"pl_PL","og_type":"article","og_title":"Fizzy Boom Strawberry Watermelon Pomegranate - 13000 puff\u00f3w","og_description":"Fizzy Boom Strawberry Watermelon Pomegranate 13000 Puffs: Do\u015bwiadcz najwy\u017cszej potr\u00f3jnej mieszanki owoc\u00f3w! Ciesz si\u0119 idealn\u0105 r\u00f3wnowag\u0105 s\u0142odkiej truskawki, orze\u017awiaj\u0105cego arbuza i egzotycznego granatu z subtelnym lodowym wyko\u0144czeniem. Dost\u0119pne w wersjach 2% i 5% nikotyny.","og_url":"https:\/\/fizzyvape.eu\/pl\/produkt\/fizzy-boom-strawberry-watermelon-pomegranate-13000-puffow\/","og_site_name":"fizzyvape.eu","og_image":[{"width":1500,"height":1500,"url":"https:\/\/www.fizzyvape.eu\/wp-content\/uploads\/2025\/03\/FizzyVape-Boom-Strawberry-Watermelon-Pomegranate-13000puff-3.jpg","type":"image\/jpeg"}],"twitter_card":"summary_large_image","twitter_misc":{"Dost\u0119pno\u015b\u0107":"Brak w magazynie"},"schema":{"@context":"https:\/\/schema.org","@graph":[{"@type":"WebPage","@id":"https:\/\/fizzyvape.eu\/pl\/produkt\/fizzy-boom-strawberry-watermelon-pomegranate-13000-puffow\/","url":"https:\/\/fizzyvape.eu\/pl\/produkt\/fizzy-boom-strawberry-watermelon-pomegranate-13000-puffow\/","name":"Fizzy Boom Strawberry Watermelon Pomegranate - 13000 puff\u00f3w - fizzyvape.eu","isPartOf":{"@id":"https:\/\/www.fizzyvape.eu\/pl\/#website"},"primaryImageOfPage":{"@id":"https:\/\/fizzyvape.eu\/pl\/produkt\/fizzy-boom-strawberry-watermelon-pomegranate-13000-puffow\/#primaryimage"},"image":{"@id":"https:\/\/fizzyvape.eu\/pl\/produkt\/fizzy-boom-strawberry-watermelon-pomegranate-13000-puffow\/#primaryimage"},"thumbnailUrl":"https:\/\/fizzyvape.eu\/wp-content\/uploads\/2025\/03\/FizzyVape-Boom-Strawberry-Watermelon-Pomegranate-13000puff-3.jpg","datePublished":"2025-03-28T06:06:27+00:00","breadcrumb":{"@id":"https:\/\/fizzyvape.eu\/pl\/produkt\/fizzy-boom-strawberry-watermelon-pomegranate-13000-puffow\/#breadcrumb"},"inLanguage":"pl-PL","potentialAction":[{"@type":"ReadAction","target":["https:\/\/fizzyvape.eu\/pl\/produkt\/fizzy-boom-strawberry-watermelon-pomegranate-13000-puffow\/"]}]},{"@type":"ImageObject","inLanguage":"pl-PL","@id":"https:\/\/fizzyvape.eu\/pl\/produkt\/fizzy-boom-strawberry-watermelon-pomegranate-13000-puffow\/#primaryimage","url":"https:\/\/fizzyvape.eu\/wp-content\/uploads\/2025\/03\/FizzyVape-Boom-Strawberry-Watermelon-Pomegranate-13000puff-3.jpg","contentUrl":"https:\/\/fizzyvape.eu\/wp-content\/uploads\/2025\/03\/FizzyVape-Boom-Strawberry-Watermelon-Pomegranate-13000puff-3.jpg","width":1500,"height":1500,"caption":"FizzyVape-Boom-Strawberry-Watermelon-Pomegranate-13000puff"},{"@type":"BreadcrumbList","@id":"https:\/\/fizzyvape.eu\/pl\/produkt\/fizzy-boom-strawberry-watermelon-pomegranate-13000-puffow\/#breadcrumb","itemListElement":[{"@type":"ListItem","position":1,"name":"Home","item":"https:\/\/fizzyvape.eu\/pl\/"},{"@type":"ListItem","position":2,"name":"Sklep","item":"https:\/\/fizzyvape.eu\/pl\/sklep\/"},{"@type":"ListItem","position":3,"name":"Fizzy Boom Strawberry Watermelon Pomegranate &#8211; 13000 puff\u00f3w"}]},{"@type":"WebSite","@id":"https:\/\/www.fizzyvape.eu\/pl\/#website","url":"https:\/\/www.fizzyvape.eu\/pl\/","name":"fizzyvape.eu","description":"Refreshing Vapes. Unforgettable Taste.","publisher":{"@id":"https:\/\/www.fizzyvape.eu\/pl\/#organization"},"potentialAction":[{"@type":"SearchAction","target":{"@type":"EntryPoint","urlTemplate":"https:\/\/www.fizzyvape.eu\/pl\/?s={search_term_string}"},"query-input":{"@type":"PropertyValueSpecification","valueRequired":true,"valueName":"search_term_string"}}],"inLanguage":"pl-PL"},{"@type":"Organization","@id":"https:\/\/www.fizzyvape.eu\/pl\/#organization","name":"fizzyvape.eu","url":"https:\/\/www.fizzyvape.eu\/pl\/","logo":{"@type":"ImageObject","inLanguage":"pl-PL","@id":"https:\/\/www.fizzyvape.eu\/pl\/#\/schema\/logo\/image\/","url":"https:\/\/fizzyvape.eu\/wp-content\/uploads\/2019\/06\/print-1.svg","contentUrl":"https:\/\/fizzyvape.eu\/wp-content\/uploads\/2019\/06\/print-1.svg","width":124,"height":37,"caption":"fizzyvape.eu"},"image":{"@id":"https:\/\/www.fizzyvape.eu\/pl\/#\/schema\/logo\/image\/"}}]},"og_availability":"out of stock","product_availability":"out of stock","product_condition":"new"},"tiered_pricing_type":"fixed","tiered_pricing_fixed_rules":[],"tiered_pricing_product_settings":{"layout":"default","base_unit_name":{"singular":null,"plural":null},"default_variation":null},"tiered_pricing_minimum_quantity":null,"tiered_pricing_roles_data":[],"tiered_pricing_percentage_rules":[],"tiered_pricing_maximum_quantity":null,"tiered_pricing_quantity_step":null,"_links":{"self":[{"href":"https:\/\/fizzyvape.eu\/pl\/wp-json\/wp\/v2\/product\/26138","targetHints":{"allow":["GET"]}}],"collection":[{"href":"https:\/\/fizzyvape.eu\/pl\/wp-json\/wp\/v2\/product"}],"about":[{"href":"https:\/\/fizzyvape.eu\/pl\/wp-json\/wp\/v2\/types\/product"}],"replies":[{"embeddable":true,"href":"https:\/\/fizzyvape.eu\/pl\/wp-json\/wp\/v2\/comments?post=26138"}],"version-history":[{"count":0,"href":"https:\/\/fizzyvape.eu\/pl\/wp-json\/wp\/v2\/product\/26138\/revisions"}],"wp:featuredmedia":[{"embeddable":true,"href":"https:\/\/fizzyvape.eu\/pl\/wp-json\/wp\/v2\/media\/21142"}],"wp:attachment":[{"href":"https:\/\/fizzyvape.eu\/pl\/wp-json\/wp\/v2\/media?parent=26138"}],"wp:term":[{"taxonomy":"product_brand","embeddable":true,"href":"https:\/\/fizzyvape.eu\/pl\/wp-json\/wp\/v2\/product_brand?post=26138"},{"taxonomy":"product_cat","embeddable":true,"href":"https:\/\/fizzyvape.eu\/pl\/wp-json\/wp\/v2\/product_cat?post=26138"},{"taxonomy":"product_tag","embeddable":true,"href":"https:\/\/fizzyvape.eu\/pl\/wp-json\/wp\/v2\/product_tag?post=26138"}],"curies":[{"name":"wp","href":"https:\/\/api.w.org\/{rel}","templated":true}]}}