{"id":26170,"date":"2025-03-28T14:31:57","date_gmt":"2025-03-28T06:31:57","guid":{"rendered":"https:\/\/fizzyvape.eu\/product\/fizzy-boom-blueberry-watermelon-bubblegum-13000-puffow\/"},"modified":"2025-03-28T14:31:57","modified_gmt":"2025-03-28T06:31:57","slug":"fizzy-boom-blueberry-watermelon-bubblegum-13000-puffow","status":"publish","type":"product","link":"https:\/\/fizzyvape.eu\/pl\/produkt\/fizzy-boom-blueberry-watermelon-bubblegum-13000-puffow\/","title":{"rendered":"Fizzy Boom Blueberry Watermelon Bubblegum &#8211; 13000 puff\u00f3w"},"content":{"rendered":"<div>\n<h2><strong>Fizzy Boom Blueberry Watermelon Bubblegum 13000 Puffs &#8211; jednorazowe vape Premium Nostalgic Fruit Fusion<\/strong><\/h2>\n<p>Poznaj <strong>Fizzy Boom Blueberry Watermelon Bubblegum 13000 Puffs<\/strong>, w kt\u00f3rym soczysta cierpko\u015b\u0107 jag\u00f3d (6\/10) zderza si\u0119 z soczyst\u0105 s\u0142odycz\u0105 arbuza (7\/10), a wszystko to owini\u0119te ulubionym w dzieci\u0144stwie twistem z gumy balonowej (5\/10), zako\u0144czonym zabawnym lodowatym wydechem 4\/10. Ta jednorazowa fajka premium zapewnia <strong>13 000 ultra-g\u0142adkich zaci\u0105gni\u0119\u0107<\/strong> tym inspirowanym karnawa\u0142em smakiem w naszej <strong>eleganckiej, matowej<\/strong> konstrukcji <strong>z podw\u00f3jnymi cewkami siatkowymi<\/strong> dla maksymalnego smaku i produkcji chmury. <\/p>\n<h3><strong>Dlaczego warto wybra\u0107 Fizzy Boom Blueberry Watermelon Bubblegum 13000 Puffs?<\/strong><\/h3>\n<p>\ud83e\uded0 <strong>Triple Flavor Wonderland<\/strong> &#8211; 40% cierpko\u015bci jag\u00f3d, 40% soczysto\u015bci arbuza, 20% nostalgii gumy balonowej (bez sztucznego posmaku)<br \/>\n\ud83c\udf6c <strong>Playful Iced Finish<\/strong> &#8211; poziom ch\u0142odzenia 4\/10 sprawia, \u017ce jest zabawny i orze\u017awiaj\u0105cy.<br \/>\n\u26a1 <strong>Wyd\u0142u\u017cony czas dzia\u0142ania 13 000 zaci\u0105gni\u0119\u0107<\/strong> &#8211; 3-4 tygodnie (lepszy ni\u017c w przypadku standardowych jednoraz\u00f3wek)<br \/>\n\ud83d\udd0b <strong>Inteligentne \u0142adowanie USB-C<\/strong> &#8211; w pe\u0142ni na\u0142adowany, aby cieszy\u0107 si\u0119 wszystkimi 21 ml e-liquidu<br \/>\n\ud83d\udc8e <strong>Namiot cyrkowy premium<\/strong> &#8211; \u017cywa kolorystyka i szczelna konstrukcja <\/p>\n<h3><strong>Opcje nikotyny:<\/strong><\/h3>\n<p>&#8211; 2% (20 mg\/ml) &#8211; P\u0142ynne doznania dla zwyk\u0142ych waper\u00f3w<br \/>\n&#8211; 5% (50 mg\/ml) &#8211; satysfakcjonuj\u0105ce uderzenie w gard\u0142o dla by\u0142ych palaczy<\/p>\n<\/div>\n<div>\n<h3>Specyfikacja<\/h3>\n<table>\n<tbody>\n<tr>\n<td>Puffy<\/td>\n<td><strong>13000+ Puffs<\/strong><\/td>\n<\/tr>\n<tr>\n<td>Pojemno\u015b\u0107 e-p\u0142ynu<\/td>\n<td><strong>21ml<\/strong><\/td>\n<\/tr>\n<tr>\n<td>Pojemno\u015b\u0107 baterii<\/td>\n<td><strong>650 mAh<\/strong><\/td>\n<\/tr>\n<tr>\n<td>Siatkowa cewka<\/td>\n<td><strong>1.4\u03a9<\/strong><\/td>\n<\/tr>\n<tr>\n<td>Rozmiar<\/td>\n<td><strong>52,8*76,5*25 mm<\/strong><\/td>\n<\/tr>\n<tr>\n<td>Jednorazowe czy nie?<\/td>\n<td><strong>Jednorazowy<\/strong><\/td>\n<\/tr>\n<tr>\n<td>Metoda \u0142adowania<\/td>\n<td><strong>Kabel<\/strong><\/td>\n<\/tr>\n<tr>\n<td>Metoda aktywacji<\/td>\n<td><strong>Czujnik<\/strong><\/td>\n<\/tr>\n<tr>\n<td>Poziom nikotyny<\/td>\n<td><strong>2% (20 mg\/ml) i 5% (50 mg\/ml)<\/strong><\/td>\n<\/tr>\n<tr>\n<td>Smaki<\/td>\n<td><strong>12<\/strong><\/td>\n<\/tr>\n<tr>\n<td>Pakowanie<\/td>\n<td><strong>1 opakowanie<\/strong><\/td>\n<\/tr>\n<tr>\n<td>Czas \u0142adowania<\/td>\n<td><strong>2 godziny<\/strong><\/td>\n<\/tr>\n<tr>\n<td>Przechowywanie<\/td>\n<td><strong>Unika\u0107 \u015brodowiska o wysokiej temperaturze i przechowywa\u0107 w ch\u0142odnym i suchym miejscu.<\/strong><\/td>\n<\/tr>\n<tr>\n<td>Osoby, kt\u00f3rym zabrania si\u0119 stosowania<\/td>\n<td><strong>Osoby niepe\u0142noletnie, kobiety w ci\u0105\u017cy i osoby uczulone na sk\u0142adniki produktu.<\/strong><\/td>\n<\/tr>\n<tr>\n<td>Uwaga<\/td>\n<td><strong>Nie po\u0142yka\u0107 tej substancji. W przypadku po\u0142kni\u0119cia nale\u017cy natychmiast dok\u0142adnie wyp\u0142uka\u0107 usta. W przypadku z\u0142ego samopoczucia nale\u017cy skontaktowa\u0107 si\u0119 z lekarzem.  <\/strong><\/td>\n<\/tr>\n<\/tbody>\n<\/table>\n<h3>Lista smak\u00f3w <strong>Fizzy Boom <\/strong>13000 Puffs:<\/h3>\n<ol>\n<li><a href=\"https:\/\/fizzyvape.eu\/product\/fizzy-boom-peach-13000-puffs\/\">Brzoskwinia<\/a><\/li>\n<li><a href=\"https:\/\/fizzyvape.eu\/pl\/produkt\/fizzy-boom-blueberry-ice-13000-puffow\/\">L\u00f3d jagodowy<\/a><\/li>\n<li><a href=\"https:\/\/fizzyvape.eu\/pl\/produkt\/fizzy-boom-grape-ice-13000-puffow\/\">L\u00f3d winogronowy<\/a><\/li>\n<li><a href=\"https:\/\/fizzyvape.eu\/pl\/produkt\/fizzy-boom-strawberry-13000-puffow\/\">Truskawka<\/a><\/li>\n<li><a href=\"https:\/\/fizzyvape.eu\/pl\/produkt\/fizzy-boom-watermelon-ice-13000-puffow\/\">Arbuzowy l\u00f3d<\/a><\/li>\n<li><a href=\"https:\/\/fizzyvape.eu\/pl\/produkt\/fizzy-boom-blueberry-watermelon-bubblegum-13000-puffow\/\">Blueberry Watermelon Bubblegum<\/a><\/li>\n<li><a href=\"https:\/\/fizzyvape.eu\/pl\/produkt\/fizzy-boom-sour-apple-13000-puffow\/\">Kwa\u015bne jab\u0142ko<\/a><\/li>\n<li><a href=\"https:\/\/fizzyvape.eu\/pl\/produkt\/fizzy-boom-watermelon-cherry-13000-puffow\/\">Arbuz Wi\u015bnia<\/a><\/li>\n<li><a href=\"https:\/\/fizzyvape.eu\/pl\/produkt\/fizzy-boom-blueberry-melon-13000-puffow\/\">Melon jagodowy<\/a><\/li>\n<li><a href=\"https:\/\/fizzyvape.eu\/pl\/produkt\/fizzy-boom-kiwi-berry-ice-13000-puffow\/\">Kiwi Berry Ice<\/a><\/li>\n<li><a href=\"https:\/\/fizzyvape.eu\/pl\/produkt\/fizzy-boom-blueberry-raspberry-lemon-13000-puffow\/\">Jagoda Malina Cytryna<\/a><\/li>\n<li><a href=\"https:\/\/fizzyvape.eu\/pl\/produkt\/fizzy-boom-strawberry-watermelon-pomegranate-13000-puffow\/\">Truskawka Arbuz Granat<\/a><\/li>\n<\/ol>\n<h3>Najcz\u0119\u015bciej zadawane pytania dotycz\u0105ce Fizzy Boom Blueberry Watermelon Bubblegum Vape<\/h3>\n<ul>\n<li class=\"\" data-start=\"68\" data-end=\"336\">\n<p class=\"\" data-start=\"71\" data-end=\"336\"><strong data-start=\"71\" data-end=\"153\">Jakich smak\u00f3w mog\u0119 oczekiwa\u0107 od Fizzy Great Pineapple Peach Passion Fruit Vape?<\/strong><br data-start=\"153\" data-end=\"156\">Fizzy Great oferuje tropikaln\u0105 mieszank\u0119 pikantnego ananasa, soczystej brzoskwini i egzotycznej marakui, doskonale zbalansowan\u0105 z orze\u017awiaj\u0105cym lodowatym wydechem zapewniaj\u0105cym p\u0142ynne doznania podczas waporyzacji.<\/p>\n<\/li>\n<li class=\"\" data-start=\"338\" data-end=\"556\">\n<p class=\"\" data-start=\"341\" data-end=\"556\"><strong data-start=\"341\" data-end=\"415\">Jak d\u0142ugo wystarcza Fizzy Great Pineapple Peach Passion Fruit Vape?<\/strong><br data-start=\"415\" data-end=\"418\">Dzi\u0119ki du\u017cej pojemno\u015bci ten jednorazowy waporyzator zapewnia <strong data-start=\"480\" data-end=\"497\">ponad 13 000 zaci\u0105gni\u0119\u0107<\/strong> i wystarcza na oko\u0142o <strong data-start=\"521\" data-end=\"534\">3-4 tygodnie<\/strong> w zale\u017cno\u015bci od u\u017cytkowania.<\/p>\n<\/li>\n<li class=\"\" data-start=\"558\" data-end=\"739\">\n<p class=\"\" data-start=\"561\" data-end=\"739\"><strong data-start=\"561\" data-end=\"602\">Czy vape Fizzy Great mo\u017cna \u0142adowa\u0107?<\/strong><br data-start=\"602\" data-end=\"605\">Tak, jest on wyposa\u017cony w funkcj\u0119 <strong data-start=\"625\" data-end=\"648\">szybkiego \u0142adowania przez USB-C<\/strong>, dzi\u0119ki czemu mo\u017cna w pe\u0142ni wykorzysta\u0107 <strong data-start=\"687\" data-end=\"713\">pojemno\u015b\u0107 21 ml e-liquidu<\/strong> bez marnowania ani jednej kropli. <\/p>\n<\/li>\n<li class=\"\" data-start=\"741\" data-end=\"949\">\n<p class=\"\" data-start=\"744\" data-end=\"949\"><strong data-start=\"744\" data-end=\"786\">Jakie st\u0119\u017cenia nikotyny s\u0105 dost\u0119pne?<\/strong><br data-start=\"786\" data-end=\"789\">Ten waporyzator jest dost\u0119pny w dw\u00f3ch opcjach: <strong data-start=\"869\" data-end=\"885\">2% (<\/strong> <strong data-start=\"824\" data-end=\"840\">20<\/strong> <strong data-start=\"869\" data-end=\"885\">mg \/<\/strong> <strong data-start=\"824\" data-end=\"840\">ml)<\/strong> dla \u0142agodnego do\u015bwiadczenia i <strong data-start=\"869\" data-end=\"885\">5% (50 mg \/ ml)<\/strong> dla silniejszego uderzenia w gard\u0142o, zaspokajaj\u0105c r\u00f3\u017cne preferencje.<\/p>\n<\/li>\n<\/ul>\n<\/div>\n","protected":false},"excerpt":{"rendered":"<p>Do\u015bwiadcz <strong>Fizzy Boom Blueberry Watermelon Bubblegum 13,000 Puffs<\/strong>, mieszanki cierpkich jag\u00f3d, owocowego arbuza i klasycznych smak\u00f3w gumy balonowej z ch\u0142odnym lodem 4\/10, 13,000+ zaci\u0105gni\u0119\u0107 g\u0142adkim dymem i \u0142adowaniem USB-C zapewniaj\u0105cym d\u0142ugotrwa\u0142\u0105 \u017cywotno\u015b\u0107!<\/p>\n","protected":false},"featured_media":21174,"comment_status":"open","ping_status":"closed","template":"","meta":{"iawp_total_views":0},"product_brand":[],"product_cat":[309],"product_tag":[311],"class_list":{"0":"post-26170","1":"product","2":"type-product","3":"status-publish","4":"has-post-thumbnail","6":"product_cat-boom-pl","7":"product_tag-13000-puffow","9":"first","10":"outofstock","11":"shipping-taxable","12":"purchasable","13":"product-type-variable"},"yoast_head":"<!-- This site is optimized with the Yoast SEO Premium plugin v24.8 (Yoast SEO v24.8) - https:\/\/yoast.com\/wordpress\/plugins\/seo\/ -->\n<title>Fizzy Boom Blueberry Watermelon Bubblegum - 13000 puff\u00f3w - fizzyvape.eu<\/title>\n<meta name=\"robots\" content=\"index, follow, max-snippet:-1, max-image-preview:large, max-video-preview:-1\" \/>\n<link rel=\"canonical\" href=\"https:\/\/fizzyvape.eu\/pl\/produkt\/fizzy-boom-blueberry-watermelon-bubblegum-13000-puffow\/\" \/>\n<meta property=\"og:locale\" content=\"pl_PL\" \/>\n<meta property=\"og:type\" content=\"article\" \/>\n<meta property=\"og:title\" content=\"Fizzy Boom Blueberry Watermelon Bubblegum - 13000 puff\u00f3w\" \/>\n<meta property=\"og:description\" content=\"Do\u015bwiadcz Fizzy Boom Blueberry Watermelon Bubblegum 13,000 Puffs, mieszanki cierpkich jag\u00f3d, owocowego arbuza i klasycznych smak\u00f3w gumy balonowej z ch\u0142odnym lodem 4\/10, 13,000+ zaci\u0105gni\u0119\u0107 g\u0142adkim dymem i \u0142adowaniem USB-C zapewniaj\u0105cym d\u0142ugotrwa\u0142\u0105 \u017cywotno\u015b\u0107!\" \/>\n<meta property=\"og:url\" content=\"https:\/\/fizzyvape.eu\/pl\/produkt\/fizzy-boom-blueberry-watermelon-bubblegum-13000-puffow\/\" \/>\n<meta property=\"og:site_name\" content=\"fizzyvape.eu\" \/>\n<meta property=\"og:image\" content=\"https:\/\/fizzyvape.eu\/wp-content\/uploads\/2025\/03\/FizzyVape-Boom-Blueberry-Watermelon-Bubblegum-13000puff-4.jpg\" \/>\n\t<meta property=\"og:image:width\" content=\"1500\" \/>\n\t<meta property=\"og:image:height\" content=\"1500\" \/>\n\t<meta property=\"og:image:type\" content=\"image\/jpeg\" \/>\n<meta name=\"twitter:card\" content=\"summary_large_image\" \/>\n<meta name=\"twitter:label1\" content=\"Dost\u0119pno\u015b\u0107\" \/>\n\t<meta name=\"twitter:data1\" content=\"Brak w magazynie\" \/>\n<script type=\"application\/ld+json\" class=\"yoast-schema-graph\">{\"@context\":\"https:\/\/schema.org\",\"@graph\":[{\"@type\":\"WebPage\",\"@id\":\"https:\/\/fizzyvape.eu\/pl\/produkt\/fizzy-boom-blueberry-watermelon-bubblegum-13000-puffow\/\",\"url\":\"https:\/\/fizzyvape.eu\/pl\/produkt\/fizzy-boom-blueberry-watermelon-bubblegum-13000-puffow\/\",\"name\":\"Fizzy Boom Blueberry Watermelon Bubblegum - 13000 puff\u00f3w - fizzyvape.eu\",\"isPartOf\":{\"@id\":\"https:\/\/www.fizzyvape.eu\/pl\/#website\"},\"primaryImageOfPage\":{\"@id\":\"https:\/\/fizzyvape.eu\/pl\/produkt\/fizzy-boom-blueberry-watermelon-bubblegum-13000-puffow\/#primaryimage\"},\"image\":{\"@id\":\"https:\/\/fizzyvape.eu\/pl\/produkt\/fizzy-boom-blueberry-watermelon-bubblegum-13000-puffow\/#primaryimage\"},\"thumbnailUrl\":\"https:\/\/fizzyvape.eu\/wp-content\/uploads\/2025\/03\/FizzyVape-Boom-Blueberry-Watermelon-Bubblegum-13000puff-4.jpg\",\"datePublished\":\"2025-03-28T06:31:57+00:00\",\"breadcrumb\":{\"@id\":\"https:\/\/fizzyvape.eu\/pl\/produkt\/fizzy-boom-blueberry-watermelon-bubblegum-13000-puffow\/#breadcrumb\"},\"inLanguage\":\"pl-PL\",\"potentialAction\":[{\"@type\":\"ReadAction\",\"target\":[\"https:\/\/fizzyvape.eu\/pl\/produkt\/fizzy-boom-blueberry-watermelon-bubblegum-13000-puffow\/\"]}]},{\"@type\":\"ImageObject\",\"inLanguage\":\"pl-PL\",\"@id\":\"https:\/\/fizzyvape.eu\/pl\/produkt\/fizzy-boom-blueberry-watermelon-bubblegum-13000-puffow\/#primaryimage\",\"url\":\"https:\/\/fizzyvape.eu\/wp-content\/uploads\/2025\/03\/FizzyVape-Boom-Blueberry-Watermelon-Bubblegum-13000puff-4.jpg\",\"contentUrl\":\"https:\/\/fizzyvape.eu\/wp-content\/uploads\/2025\/03\/FizzyVape-Boom-Blueberry-Watermelon-Bubblegum-13000puff-4.jpg\",\"width\":1500,\"height\":1500,\"caption\":\"FizzyVape-Boom-Blueberry Watermelon-Bubblegum-13000puff\"},{\"@type\":\"BreadcrumbList\",\"@id\":\"https:\/\/fizzyvape.eu\/pl\/produkt\/fizzy-boom-blueberry-watermelon-bubblegum-13000-puffow\/#breadcrumb\",\"itemListElement\":[{\"@type\":\"ListItem\",\"position\":1,\"name\":\"Home\",\"item\":\"https:\/\/fizzyvape.eu\/pl\/\"},{\"@type\":\"ListItem\",\"position\":2,\"name\":\"Sklep\",\"item\":\"https:\/\/fizzyvape.eu\/pl\/sklep\/\"},{\"@type\":\"ListItem\",\"position\":3,\"name\":\"Fizzy Boom Blueberry Watermelon Bubblegum &#8211; 13000 puff\u00f3w\"}]},{\"@type\":\"WebSite\",\"@id\":\"https:\/\/www.fizzyvape.eu\/pl\/#website\",\"url\":\"https:\/\/www.fizzyvape.eu\/pl\/\",\"name\":\"fizzyvape.eu\",\"description\":\"Refreshing Vapes. Unforgettable Taste.\",\"publisher\":{\"@id\":\"https:\/\/www.fizzyvape.eu\/pl\/#organization\"},\"potentialAction\":[{\"@type\":\"SearchAction\",\"target\":{\"@type\":\"EntryPoint\",\"urlTemplate\":\"https:\/\/www.fizzyvape.eu\/pl\/?s={search_term_string}\"},\"query-input\":{\"@type\":\"PropertyValueSpecification\",\"valueRequired\":true,\"valueName\":\"search_term_string\"}}],\"inLanguage\":\"pl-PL\"},{\"@type\":\"Organization\",\"@id\":\"https:\/\/www.fizzyvape.eu\/pl\/#organization\",\"name\":\"fizzyvape.eu\",\"url\":\"https:\/\/www.fizzyvape.eu\/pl\/\",\"logo\":{\"@type\":\"ImageObject\",\"inLanguage\":\"pl-PL\",\"@id\":\"https:\/\/www.fizzyvape.eu\/pl\/#\/schema\/logo\/image\/\",\"url\":\"https:\/\/fizzyvape.eu\/wp-content\/uploads\/2019\/06\/print-1.svg\",\"contentUrl\":\"https:\/\/fizzyvape.eu\/wp-content\/uploads\/2019\/06\/print-1.svg\",\"width\":124,\"height\":37,\"caption\":\"fizzyvape.eu\"},\"image\":{\"@id\":\"https:\/\/www.fizzyvape.eu\/pl\/#\/schema\/logo\/image\/\"}}]}<\/script>\n<meta property=\"og:availability\" content=\"out of stock\" \/>\n<meta property=\"product:availability\" content=\"out of stock\" \/>\n<meta property=\"product:condition\" content=\"new\" \/>\n<!-- \/ Yoast SEO Premium plugin. -->","yoast_head_json":{"title":"Fizzy Boom Blueberry Watermelon Bubblegum - 13000 puff\u00f3w - fizzyvape.eu","robots":{"index":"index","follow":"follow","max-snippet":"max-snippet:-1","max-image-preview":"max-image-preview:large","max-video-preview":"max-video-preview:-1"},"canonical":"https:\/\/fizzyvape.eu\/pl\/produkt\/fizzy-boom-blueberry-watermelon-bubblegum-13000-puffow\/","og_locale":"pl_PL","og_type":"article","og_title":"Fizzy Boom Blueberry Watermelon Bubblegum - 13000 puff\u00f3w","og_description":"Do\u015bwiadcz Fizzy Boom Blueberry Watermelon Bubblegum 13,000 Puffs, mieszanki cierpkich jag\u00f3d, owocowego arbuza i klasycznych smak\u00f3w gumy balonowej z ch\u0142odnym lodem 4\/10, 13,000+ zaci\u0105gni\u0119\u0107 g\u0142adkim dymem i \u0142adowaniem USB-C zapewniaj\u0105cym d\u0142ugotrwa\u0142\u0105 \u017cywotno\u015b\u0107!","og_url":"https:\/\/fizzyvape.eu\/pl\/produkt\/fizzy-boom-blueberry-watermelon-bubblegum-13000-puffow\/","og_site_name":"fizzyvape.eu","og_image":[{"width":1500,"height":1500,"url":"https:\/\/fizzyvape.eu\/wp-content\/uploads\/2025\/03\/FizzyVape-Boom-Blueberry-Watermelon-Bubblegum-13000puff-4.jpg","type":"image\/jpeg"}],"twitter_card":"summary_large_image","twitter_misc":{"Dost\u0119pno\u015b\u0107":"Brak w magazynie"},"schema":{"@context":"https:\/\/schema.org","@graph":[{"@type":"WebPage","@id":"https:\/\/fizzyvape.eu\/pl\/produkt\/fizzy-boom-blueberry-watermelon-bubblegum-13000-puffow\/","url":"https:\/\/fizzyvape.eu\/pl\/produkt\/fizzy-boom-blueberry-watermelon-bubblegum-13000-puffow\/","name":"Fizzy Boom Blueberry Watermelon Bubblegum - 13000 puff\u00f3w - fizzyvape.eu","isPartOf":{"@id":"https:\/\/www.fizzyvape.eu\/pl\/#website"},"primaryImageOfPage":{"@id":"https:\/\/fizzyvape.eu\/pl\/produkt\/fizzy-boom-blueberry-watermelon-bubblegum-13000-puffow\/#primaryimage"},"image":{"@id":"https:\/\/fizzyvape.eu\/pl\/produkt\/fizzy-boom-blueberry-watermelon-bubblegum-13000-puffow\/#primaryimage"},"thumbnailUrl":"https:\/\/fizzyvape.eu\/wp-content\/uploads\/2025\/03\/FizzyVape-Boom-Blueberry-Watermelon-Bubblegum-13000puff-4.jpg","datePublished":"2025-03-28T06:31:57+00:00","breadcrumb":{"@id":"https:\/\/fizzyvape.eu\/pl\/produkt\/fizzy-boom-blueberry-watermelon-bubblegum-13000-puffow\/#breadcrumb"},"inLanguage":"pl-PL","potentialAction":[{"@type":"ReadAction","target":["https:\/\/fizzyvape.eu\/pl\/produkt\/fizzy-boom-blueberry-watermelon-bubblegum-13000-puffow\/"]}]},{"@type":"ImageObject","inLanguage":"pl-PL","@id":"https:\/\/fizzyvape.eu\/pl\/produkt\/fizzy-boom-blueberry-watermelon-bubblegum-13000-puffow\/#primaryimage","url":"https:\/\/fizzyvape.eu\/wp-content\/uploads\/2025\/03\/FizzyVape-Boom-Blueberry-Watermelon-Bubblegum-13000puff-4.jpg","contentUrl":"https:\/\/fizzyvape.eu\/wp-content\/uploads\/2025\/03\/FizzyVape-Boom-Blueberry-Watermelon-Bubblegum-13000puff-4.jpg","width":1500,"height":1500,"caption":"FizzyVape-Boom-Blueberry Watermelon-Bubblegum-13000puff"},{"@type":"BreadcrumbList","@id":"https:\/\/fizzyvape.eu\/pl\/produkt\/fizzy-boom-blueberry-watermelon-bubblegum-13000-puffow\/#breadcrumb","itemListElement":[{"@type":"ListItem","position":1,"name":"Home","item":"https:\/\/fizzyvape.eu\/pl\/"},{"@type":"ListItem","position":2,"name":"Sklep","item":"https:\/\/fizzyvape.eu\/pl\/sklep\/"},{"@type":"ListItem","position":3,"name":"Fizzy Boom Blueberry Watermelon Bubblegum &#8211; 13000 puff\u00f3w"}]},{"@type":"WebSite","@id":"https:\/\/www.fizzyvape.eu\/pl\/#website","url":"https:\/\/www.fizzyvape.eu\/pl\/","name":"fizzyvape.eu","description":"Refreshing Vapes. Unforgettable Taste.","publisher":{"@id":"https:\/\/www.fizzyvape.eu\/pl\/#organization"},"potentialAction":[{"@type":"SearchAction","target":{"@type":"EntryPoint","urlTemplate":"https:\/\/www.fizzyvape.eu\/pl\/?s={search_term_string}"},"query-input":{"@type":"PropertyValueSpecification","valueRequired":true,"valueName":"search_term_string"}}],"inLanguage":"pl-PL"},{"@type":"Organization","@id":"https:\/\/www.fizzyvape.eu\/pl\/#organization","name":"fizzyvape.eu","url":"https:\/\/www.fizzyvape.eu\/pl\/","logo":{"@type":"ImageObject","inLanguage":"pl-PL","@id":"https:\/\/www.fizzyvape.eu\/pl\/#\/schema\/logo\/image\/","url":"https:\/\/fizzyvape.eu\/wp-content\/uploads\/2019\/06\/print-1.svg","contentUrl":"https:\/\/fizzyvape.eu\/wp-content\/uploads\/2019\/06\/print-1.svg","width":124,"height":37,"caption":"fizzyvape.eu"},"image":{"@id":"https:\/\/www.fizzyvape.eu\/pl\/#\/schema\/logo\/image\/"}}]},"og_availability":"out of stock","product_availability":"out of stock","product_condition":"new"},"tiered_pricing_type":"fixed","tiered_pricing_fixed_rules":[],"tiered_pricing_product_settings":{"layout":"default","base_unit_name":{"singular":null,"plural":null},"default_variation":null},"tiered_pricing_minimum_quantity":null,"tiered_pricing_roles_data":[],"tiered_pricing_percentage_rules":[],"tiered_pricing_maximum_quantity":null,"tiered_pricing_quantity_step":null,"_links":{"self":[{"href":"https:\/\/fizzyvape.eu\/pl\/wp-json\/wp\/v2\/product\/26170","targetHints":{"allow":["GET"]}}],"collection":[{"href":"https:\/\/fizzyvape.eu\/pl\/wp-json\/wp\/v2\/product"}],"about":[{"href":"https:\/\/fizzyvape.eu\/pl\/wp-json\/wp\/v2\/types\/product"}],"replies":[{"embeddable":true,"href":"https:\/\/fizzyvape.eu\/pl\/wp-json\/wp\/v2\/comments?post=26170"}],"version-history":[{"count":0,"href":"https:\/\/fizzyvape.eu\/pl\/wp-json\/wp\/v2\/product\/26170\/revisions"}],"wp:featuredmedia":[{"embeddable":true,"href":"https:\/\/fizzyvape.eu\/pl\/wp-json\/wp\/v2\/media\/21174"}],"wp:attachment":[{"href":"https:\/\/fizzyvape.eu\/pl\/wp-json\/wp\/v2\/media?parent=26170"}],"wp:term":[{"taxonomy":"product_brand","embeddable":true,"href":"https:\/\/fizzyvape.eu\/pl\/wp-json\/wp\/v2\/product_brand?post=26170"},{"taxonomy":"product_cat","embeddable":true,"href":"https:\/\/fizzyvape.eu\/pl\/wp-json\/wp\/v2\/product_cat?post=26170"},{"taxonomy":"product_tag","embeddable":true,"href":"https:\/\/fizzyvape.eu\/pl\/wp-json\/wp\/v2\/product_tag?post=26170"}],"curies":[{"name":"wp","href":"https:\/\/api.w.org\/{rel}","templated":true}]}}