{"id":26266,"date":"2025-03-26T17:37:12","date_gmt":"2025-03-26T09:37:12","guid":{"rendered":"https:\/\/fizzyvape.eu\/product\/fizzy-pandora-mango-12000-puffow\/"},"modified":"2025-03-26T17:37:12","modified_gmt":"2025-03-26T09:37:12","slug":"fizzy-pandora-mango-12000-puffow","status":"publish","type":"product","link":"https:\/\/fizzyvape.eu\/pl\/produkt\/fizzy-pandora-mango-12000-puffow\/","title":{"rendered":"Fizzy Pandora Mango &#8211; 12000 puff\u00f3w"},"content":{"rendered":"<div>\n<h2><strong>Fizzy Pandora Mango 12000 Puffs &#8211; najlepsze jednorazowe do\u015bwiadczenie Vape<\/strong><\/h2>\n<p>Zanurz si\u0119 w tropikalnym raju dzi\u0119ki <strong>Fizzy Pandora Mango 12000 Puffs<\/strong> &#8211; wysokiej jako\u015bci jednorazowemu waporyzatorowi zaprojektowanemu z my\u015bl\u0105 o d\u0142ugotrwa\u0142ym smaku i p\u0142ynnej satysfakcji. Wyposa\u017cone w <strong>12 000 zaci\u0105gni\u0119\u0107<\/strong>, to eleganckie i przeno\u015bne urz\u0105dzenie zapewnia eksplozj\u0119 soczystego mango z musuj\u0105cym akcentem, zapewniaj\u0105c niezapomniane wra\u017cenia z waporyzacji. <\/p>\n<h2><strong>Kluczowe cechy<\/strong><\/h2>\n<p><strong>12 000 bardzo d\u0142ugich zaci\u0105gni\u0119\u0107<\/strong> &#8211; ciesz si\u0119 d\u0142u\u017cszym wapowaniem bez konieczno\u015bci cz\u0119stej wymiany.<br \/>\n<strong>Bogaty i orze\u017awiaj\u0105cy smak<\/strong> &#8211; s\u0142odkie, pikantne mango z musuj\u0105cym, gazowanym wyko\u0144czeniem.<br \/>\n<strong>G\u0142adki i sp\u00f3jny ci\u0105g<\/strong> &#8211; zaawansowana technologia cewki siatkowej zapewnia optymalny smak i produkcj\u0119 pary <strong>.<\/strong><br \/>\n<strong>Elegancki i przeno\u015bny<\/strong> &#8211; lekka, przyjazna dla kieszeni konstrukcja do waporyzacji w podr\u00f3\u017cy <strong>.<\/strong><br \/>\n<strong>Nie wymaga konserwacji<\/strong> &#8211; gotowy do u\u017cycia zaraz po wyj\u0119ciu z pude\u0142ka &#8211; nie wymaga uzupe\u0142niania ani wymiany cewki.<\/p>\n<h3><strong>Dlaczego warto wybra\u0107 Fizzy Pandora Mango 12000 Puffs?<\/strong><\/h3>\n<p>\ud83c\udf34 <strong>D\u0142ugowieczno\u015b\u0107<\/strong> &#8211; jedno urz\u0105dzenie dzia\u0142a d\u0142u\u017cej ni\u017c standardowe jednoraz\u00f3wki.<br \/>\n\u26a1 <strong>Wydajny i \u0142adowalny<\/strong> &#8211; nie musisz martwi\u0107 si\u0119 o \u017cywotno\u015b\u0107 baterii.<br \/>\n\ud83c\udf79 <strong>Egzotyczny smak<\/strong> &#8211; idealna r\u00f3wnowaga s\u0142odyczy i musowania.<br \/>\n\ud83d\udca8 <strong>G\u0142adkie i satysfakcjonuj\u0105ce<\/strong> &#8211; wysokiej jako\u015bci sole nikotyny zapewniaj\u0105 g\u0142adkie uderzenie w gard\u0142o.<\/p>\n<h3>Zawarto\u015b\u0107 opakowania<\/h3>\n<p>1 \u00d7 Urz\u0105dzenie Fizzy Pandora Mango12000 Puffs<\/p>\n<\/div>\n<div>\n<h3>Specyfikacja<\/h3>\n<table>\n<tbody>\n<tr>\n<td>Puffy<\/td>\n<td><strong>12000+ Puffs<\/strong><\/td>\n<\/tr>\n<tr>\n<td>Pojemno\u015b\u0107 e-p\u0142ynu<\/td>\n<td><strong>20ml<\/strong><\/td>\n<\/tr>\n<tr>\n<td>Pojemno\u015b\u0107 baterii<\/td>\n<td><strong>650 mAh<\/strong><\/td>\n<\/tr>\n<tr>\n<td>Siatkowa cewka<\/td>\n<td><strong>1.4\u03a9<\/strong><\/td>\n<\/tr>\n<tr>\n<td>Rozmiar<\/td>\n<td><strong>48*20.6*88mm<\/strong><\/td>\n<\/tr>\n<tr>\n<td>Jednorazowe czy nie?<\/td>\n<td><strong>Jednorazowy<\/strong><\/td>\n<\/tr>\n<tr>\n<td>Metoda \u0142adowania<\/td>\n<td><strong>Kabel<\/strong><\/td>\n<\/tr>\n<tr>\n<td>Metoda aktywacji<\/td>\n<td><strong>Czujnik<\/strong><\/td>\n<\/tr>\n<tr>\n<td>Poziom nikotyny<\/td>\n<td><strong>5% (50mg\/ml)<\/strong><\/td>\n<\/tr>\n<tr>\n<td>Smaki<\/td>\n<td><strong>12<\/strong><\/td>\n<\/tr>\n<tr>\n<td>Pakowanie<\/td>\n<td><strong>1 opakowanie<\/strong><\/td>\n<\/tr>\n<tr>\n<td>Czas \u0142adowania<\/td>\n<td><strong>2 godziny<\/strong><\/td>\n<\/tr>\n<tr>\n<td>Przechowywanie<\/td>\n<td><strong>Unika\u0107 \u015brodowiska o wysokiej temperaturze i przechowywa\u0107 w ch\u0142odnym i suchym miejscu.<\/strong><\/td>\n<\/tr>\n<tr>\n<td>Osoby, kt\u00f3rym zabrania si\u0119 stosowania<\/td>\n<td><strong>Osoby niepe\u0142noletnie, kobiety w ci\u0105\u017cy i osoby uczulone na sk\u0142adniki produktu.<\/strong><\/td>\n<\/tr>\n<tr>\n<td>Uwaga<\/td>\n<td><strong>Nie po\u0142yka\u0107 tej substancji. W przypadku po\u0142kni\u0119cia nale\u017cy natychmiast dok\u0142adnie wyp\u0142uka\u0107 usta. W przypadku z\u0142ego samopoczucia nale\u017cy skontaktowa\u0107 si\u0119 z lekarzem.  <\/strong><\/td>\n<\/tr>\n<\/tbody>\n<\/table>\n<h3>Lista smak\u00f3w <strong>Fizzy Pandora <\/strong>12000 Puffs:<\/h3>\n<ol>\n<li><a href=\"https:\/\/fizzyvape.eu\/product\/fizzy-pandora-watermelon-12000-puffs\/\">Arbuz<\/a><\/li>\n<li><a href=\"https:\/\/fizzyvape.eu\/pl\/produkt\/fizzy-pandora-mango-12000-puffow\/\">Mango<\/a><\/li>\n<li><a href=\"https:\/\/fizzyvape.eu\/product\/fizzy-pandora-grape-12000-puffs\/\">Winogrono<\/a><\/li>\n<li><a href=\"https:\/\/fizzyvape.eu\/product\/fizzy-pandora-pomegranate-12000-puffs\/\">Granat<\/a><\/li>\n<li><a href=\"https:\/\/fizzyvape.eu\/product\/fizzy-pandora-peach-12000-puffs\/\">Brzoskwinia<\/a><\/li>\n<li><a href=\"https:\/\/fizzyvape.eu\/product\/fizzy-pandora-blueberry-raspberry-12000-puffs\/\">Bor\u00f3wka Malina<\/a><\/li>\n<li><a href=\"https:\/\/fizzyvape.eu\/product\/fizzy-pandora-orange-mango-watermelon-12000-puffs\/\">Pomara\u0144cza Mango Arbuz<\/a><\/li>\n<li><a href=\"https:\/\/fizzyvape.eu\/product\/fizzy-pandora-ice-mint-12000-puffs\/\">Ice Mint<\/a><\/li>\n<li><a href=\"https:\/\/fizzyvape.eu\/product\/fizzy-pandora-strawberry-kiwi-pomegranate-12000-puffs\/\">Truskawka Kiwi Granat<\/a><\/li>\n<li><a href=\"https:\/\/fizzyvape.eu\/product\/fizzy-pandora-blueberry-12000-puffs\/\">Jagoda<\/a><\/li>\n<li><a href=\"https:\/\/fizzyvape.eu\/product\/fizzy-pandora-strawberry-12000-puffs\/\">Truskawka<\/a><\/li>\n<li><a href=\"https:\/\/fizzyvape.eu\/pl\/produkt\/fizzy-pandora-watermelon-blueberry-12000-puffow\/\">Arbuz Jagoda<\/a><\/li>\n<\/ol>\n<h3><strong>FAQ na temat <\/strong><strong>Fizzy Pandora Mango 12000 puff\u00f3w <\/strong><strong>Vape<\/strong><\/h3>\n<h4><strong>1. Jak d\u0142ugo dzia\u0142a Fizzy Pandora Mango 12000 Puffs?<\/strong><\/h4>\n<p>Urz\u0105dzenie zapewnia oko\u0142o <strong>12 000 zaci\u0105gni\u0119\u0107<\/strong>, w zale\u017cno\u015bci od nawyk\u00f3w u\u017cytkowania. Dla przeci\u0119tnego wapera mo\u017ce to wystarczy\u0107 na <strong>kilka tygodni<\/strong>. Wbudowany <strong>akumulator 650 mAh<\/strong> i <strong>pojemno\u015b\u0107 12 ml e-liquidu<\/strong> zapewniaj\u0105 d\u0142u\u017csze u\u017cytkowanie.  <\/p>\n<h4><strong>2. Czy ten vape mo\u017cna \u0142adowa\u0107?<\/strong><\/h4>\n<p>Tak! W przeciwie\u0144stwie do wielu jednorazowych papieros\u00f3w, <strong>Fizzy Pandora Mango 12000 Puffs<\/strong> jest wyposa\u017cony w <strong>akumulator USB-C<\/strong>, dzi\u0119ki czemu mo\u017cesz cieszy\u0107 si\u0119 ka\u017cd\u0105 kropl\u0105 e-liquidu bez marnowania energii. <\/p>\n<h4><strong>3. Jakiej mocy nikotyny u\u017cywa?<\/strong><\/h4>\n<p>To urz\u0105dzenie zawiera <strong>5% (50 mg) soli nikotyny w e-cieczy<\/strong>, zapewniaj\u0105c g\u0142adkie, ale satysfakcjonuj\u0105ce uderzenie w gard\u0142o, idealne dla by\u0142ych palaczy lub entuzjast\u00f3w nikotyny.<\/p>\n<h4><strong>4. Jak smakuje Fizzy Pandora Mango?<\/strong><\/h4>\n<p>Wyobra\u017a sobie <strong>dojrza\u0142e, soczyste mango z musuj\u0105cym, gazowanym twistem &#8211; s\u0142odkie<\/strong>, pikantne i orze\u017awiaj\u0105co musuj\u0105ce. Zaawansowana <strong>cewka siatkowa<\/strong> zwi\u0119ksza sp\u00f3jno\u015b\u0107 smaku od pierwszego do ostatniego zaci\u0105gni\u0119cia. <\/p>\n<h4><strong>5. Czy ten vape jest szczelny i przeno\u015bny?<\/strong><\/h4>\n<p>Absolutnie! <strong>Szczelna konstrukcja<\/strong> zapobiega wyciekom, a jego <strong>kompaktowa, lekka obudowa<\/strong> z \u0142atwo\u015bci\u0105 mie\u015bci si\u0119 w kieszeniach lub torbach, umo\u017cliwiaj\u0105c bezproblemowe waporyzowanie w dowolnym miejscu. <\/p>\n<\/div>\n","protected":false},"excerpt":{"rendered":"<p><strong>Fizzy Pandora Mango 12000 Puffs Disposable Vape<\/strong> &#8211; Prze\u017cyj ostateczn\u0105 tropikaln\u0105 ucieczk\u0119 z tym d\u0142ugotrwa\u0142ym jednorazowym vape o pojemno\u015bci 12 000 puff\u00f3w, o soczystym smaku mango z gazowanym akcentem.<\/p>\n","protected":false},"featured_media":20590,"comment_status":"open","ping_status":"closed","template":"","meta":{"iawp_total_views":0},"product_brand":[],"product_cat":[295],"product_tag":[296,377],"class_list":{"0":"post-26266","1":"product","2":"type-product","3":"status-publish","4":"has-post-thumbnail","6":"product_cat-pandora-pl","7":"product_tag-12000-puffow","8":"product_tag-mango-pl","10":"first","11":"outofstock","12":"shipping-taxable","13":"purchasable","14":"product-type-variable"},"yoast_head":"<!-- This site is optimized with the Yoast SEO Premium plugin v24.8 (Yoast SEO v24.8) - https:\/\/yoast.com\/wordpress\/plugins\/seo\/ -->\n<title>Fizzy Pandora Mango - 12000 puff\u00f3w - fizzyvape.eu<\/title>\n<meta name=\"robots\" content=\"index, follow, max-snippet:-1, max-image-preview:large, max-video-preview:-1\" \/>\n<link rel=\"canonical\" href=\"https:\/\/fizzyvape.eu\/pl\/produkt\/fizzy-pandora-mango-12000-puffow\/\" \/>\n<meta property=\"og:locale\" content=\"pl_PL\" \/>\n<meta property=\"og:type\" content=\"article\" \/>\n<meta property=\"og:title\" content=\"Fizzy Pandora Mango - 12000 puff\u00f3w\" \/>\n<meta property=\"og:description\" content=\"Fizzy Pandora Mango 12000 Puffs Disposable Vape - Prze\u017cyj ostateczn\u0105 tropikaln\u0105 ucieczk\u0119 z tym d\u0142ugotrwa\u0142ym jednorazowym vape o pojemno\u015bci 12 000 puff\u00f3w, o soczystym smaku mango z gazowanym akcentem.\" \/>\n<meta property=\"og:url\" content=\"https:\/\/fizzyvape.eu\/pl\/produkt\/fizzy-pandora-mango-12000-puffow\/\" \/>\n<meta property=\"og:site_name\" content=\"fizzyvape.eu\" \/>\n<meta property=\"og:image\" content=\"https:\/\/www.fizzyvape.eu\/wp-content\/uploads\/2025\/03\/Fizzy-Pandora-MANGO-12000PUFF-1.jpg\" \/>\n\t<meta property=\"og:image:width\" content=\"1057\" \/>\n\t<meta property=\"og:image:height\" content=\"1037\" \/>\n\t<meta property=\"og:image:type\" content=\"image\/jpeg\" \/>\n<meta name=\"twitter:card\" content=\"summary_large_image\" \/>\n<meta name=\"twitter:label1\" content=\"Dost\u0119pno\u015b\u0107\" \/>\n\t<meta name=\"twitter:data1\" content=\"Brak w magazynie\" \/>\n<script type=\"application\/ld+json\" class=\"yoast-schema-graph\">{\"@context\":\"https:\/\/schema.org\",\"@graph\":[{\"@type\":\"WebPage\",\"@id\":\"https:\/\/fizzyvape.eu\/pl\/produkt\/fizzy-pandora-mango-12000-puffow\/\",\"url\":\"https:\/\/fizzyvape.eu\/pl\/produkt\/fizzy-pandora-mango-12000-puffow\/\",\"name\":\"Fizzy Pandora Mango - 12000 puff\u00f3w - fizzyvape.eu\",\"isPartOf\":{\"@id\":\"https:\/\/www.fizzyvape.eu\/pl\/#website\"},\"primaryImageOfPage\":{\"@id\":\"https:\/\/fizzyvape.eu\/pl\/produkt\/fizzy-pandora-mango-12000-puffow\/#primaryimage\"},\"image\":{\"@id\":\"https:\/\/fizzyvape.eu\/pl\/produkt\/fizzy-pandora-mango-12000-puffow\/#primaryimage\"},\"thumbnailUrl\":\"https:\/\/fizzyvape.eu\/wp-content\/uploads\/2025\/03\/Fizzy-Pandora-MANGO-12000PUFF-1.jpg\",\"datePublished\":\"2025-03-26T09:37:12+00:00\",\"breadcrumb\":{\"@id\":\"https:\/\/fizzyvape.eu\/pl\/produkt\/fizzy-pandora-mango-12000-puffow\/#breadcrumb\"},\"inLanguage\":\"pl-PL\",\"potentialAction\":[{\"@type\":\"ReadAction\",\"target\":[\"https:\/\/fizzyvape.eu\/pl\/produkt\/fizzy-pandora-mango-12000-puffow\/\"]}]},{\"@type\":\"ImageObject\",\"inLanguage\":\"pl-PL\",\"@id\":\"https:\/\/fizzyvape.eu\/pl\/produkt\/fizzy-pandora-mango-12000-puffow\/#primaryimage\",\"url\":\"https:\/\/fizzyvape.eu\/wp-content\/uploads\/2025\/03\/Fizzy-Pandora-MANGO-12000PUFF-1.jpg\",\"contentUrl\":\"https:\/\/fizzyvape.eu\/wp-content\/uploads\/2025\/03\/Fizzy-Pandora-MANGO-12000PUFF-1.jpg\",\"width\":1057,\"height\":1037,\"caption\":\"Fizzy-Pandora-MANGO- 12000PUFF\"},{\"@type\":\"BreadcrumbList\",\"@id\":\"https:\/\/fizzyvape.eu\/pl\/produkt\/fizzy-pandora-mango-12000-puffow\/#breadcrumb\",\"itemListElement\":[{\"@type\":\"ListItem\",\"position\":1,\"name\":\"Home\",\"item\":\"https:\/\/fizzyvape.eu\/pl\/\"},{\"@type\":\"ListItem\",\"position\":2,\"name\":\"Sklep\",\"item\":\"https:\/\/fizzyvape.eu\/pl\/sklep\/\"},{\"@type\":\"ListItem\",\"position\":3,\"name\":\"Fizzy Pandora Mango &#8211; 12000 puff\u00f3w\"}]},{\"@type\":\"WebSite\",\"@id\":\"https:\/\/www.fizzyvape.eu\/pl\/#website\",\"url\":\"https:\/\/www.fizzyvape.eu\/pl\/\",\"name\":\"fizzyvape.eu\",\"description\":\"Refreshing Vapes. Unforgettable Taste.\",\"publisher\":{\"@id\":\"https:\/\/www.fizzyvape.eu\/pl\/#organization\"},\"potentialAction\":[{\"@type\":\"SearchAction\",\"target\":{\"@type\":\"EntryPoint\",\"urlTemplate\":\"https:\/\/www.fizzyvape.eu\/pl\/?s={search_term_string}\"},\"query-input\":{\"@type\":\"PropertyValueSpecification\",\"valueRequired\":true,\"valueName\":\"search_term_string\"}}],\"inLanguage\":\"pl-PL\"},{\"@type\":\"Organization\",\"@id\":\"https:\/\/www.fizzyvape.eu\/pl\/#organization\",\"name\":\"fizzyvape.eu\",\"url\":\"https:\/\/www.fizzyvape.eu\/pl\/\",\"logo\":{\"@type\":\"ImageObject\",\"inLanguage\":\"pl-PL\",\"@id\":\"https:\/\/www.fizzyvape.eu\/pl\/#\/schema\/logo\/image\/\",\"url\":\"https:\/\/fizzyvape.eu\/wp-content\/uploads\/2019\/06\/print-1.svg\",\"contentUrl\":\"https:\/\/fizzyvape.eu\/wp-content\/uploads\/2019\/06\/print-1.svg\",\"width\":124,\"height\":37,\"caption\":\"fizzyvape.eu\"},\"image\":{\"@id\":\"https:\/\/www.fizzyvape.eu\/pl\/#\/schema\/logo\/image\/\"}}]}<\/script>\n<meta property=\"og:availability\" content=\"out of stock\" \/>\n<meta property=\"product:availability\" content=\"out of stock\" \/>\n<meta property=\"product:condition\" content=\"new\" \/>\n<!-- \/ Yoast SEO Premium plugin. -->","yoast_head_json":{"title":"Fizzy Pandora Mango - 12000 puff\u00f3w - fizzyvape.eu","robots":{"index":"index","follow":"follow","max-snippet":"max-snippet:-1","max-image-preview":"max-image-preview:large","max-video-preview":"max-video-preview:-1"},"canonical":"https:\/\/fizzyvape.eu\/pl\/produkt\/fizzy-pandora-mango-12000-puffow\/","og_locale":"pl_PL","og_type":"article","og_title":"Fizzy Pandora Mango - 12000 puff\u00f3w","og_description":"Fizzy Pandora Mango 12000 Puffs Disposable Vape - Prze\u017cyj ostateczn\u0105 tropikaln\u0105 ucieczk\u0119 z tym d\u0142ugotrwa\u0142ym jednorazowym vape o pojemno\u015bci 12 000 puff\u00f3w, o soczystym smaku mango z gazowanym akcentem.","og_url":"https:\/\/fizzyvape.eu\/pl\/produkt\/fizzy-pandora-mango-12000-puffow\/","og_site_name":"fizzyvape.eu","og_image":[{"width":1057,"height":1037,"url":"https:\/\/www.fizzyvape.eu\/wp-content\/uploads\/2025\/03\/Fizzy-Pandora-MANGO-12000PUFF-1.jpg","type":"image\/jpeg"}],"twitter_card":"summary_large_image","twitter_misc":{"Dost\u0119pno\u015b\u0107":"Brak w magazynie"},"schema":{"@context":"https:\/\/schema.org","@graph":[{"@type":"WebPage","@id":"https:\/\/fizzyvape.eu\/pl\/produkt\/fizzy-pandora-mango-12000-puffow\/","url":"https:\/\/fizzyvape.eu\/pl\/produkt\/fizzy-pandora-mango-12000-puffow\/","name":"Fizzy Pandora Mango - 12000 puff\u00f3w - fizzyvape.eu","isPartOf":{"@id":"https:\/\/www.fizzyvape.eu\/pl\/#website"},"primaryImageOfPage":{"@id":"https:\/\/fizzyvape.eu\/pl\/produkt\/fizzy-pandora-mango-12000-puffow\/#primaryimage"},"image":{"@id":"https:\/\/fizzyvape.eu\/pl\/produkt\/fizzy-pandora-mango-12000-puffow\/#primaryimage"},"thumbnailUrl":"https:\/\/fizzyvape.eu\/wp-content\/uploads\/2025\/03\/Fizzy-Pandora-MANGO-12000PUFF-1.jpg","datePublished":"2025-03-26T09:37:12+00:00","breadcrumb":{"@id":"https:\/\/fizzyvape.eu\/pl\/produkt\/fizzy-pandora-mango-12000-puffow\/#breadcrumb"},"inLanguage":"pl-PL","potentialAction":[{"@type":"ReadAction","target":["https:\/\/fizzyvape.eu\/pl\/produkt\/fizzy-pandora-mango-12000-puffow\/"]}]},{"@type":"ImageObject","inLanguage":"pl-PL","@id":"https:\/\/fizzyvape.eu\/pl\/produkt\/fizzy-pandora-mango-12000-puffow\/#primaryimage","url":"https:\/\/fizzyvape.eu\/wp-content\/uploads\/2025\/03\/Fizzy-Pandora-MANGO-12000PUFF-1.jpg","contentUrl":"https:\/\/fizzyvape.eu\/wp-content\/uploads\/2025\/03\/Fizzy-Pandora-MANGO-12000PUFF-1.jpg","width":1057,"height":1037,"caption":"Fizzy-Pandora-MANGO- 12000PUFF"},{"@type":"BreadcrumbList","@id":"https:\/\/fizzyvape.eu\/pl\/produkt\/fizzy-pandora-mango-12000-puffow\/#breadcrumb","itemListElement":[{"@type":"ListItem","position":1,"name":"Home","item":"https:\/\/fizzyvape.eu\/pl\/"},{"@type":"ListItem","position":2,"name":"Sklep","item":"https:\/\/fizzyvape.eu\/pl\/sklep\/"},{"@type":"ListItem","position":3,"name":"Fizzy Pandora Mango &#8211; 12000 puff\u00f3w"}]},{"@type":"WebSite","@id":"https:\/\/www.fizzyvape.eu\/pl\/#website","url":"https:\/\/www.fizzyvape.eu\/pl\/","name":"fizzyvape.eu","description":"Refreshing Vapes. Unforgettable Taste.","publisher":{"@id":"https:\/\/www.fizzyvape.eu\/pl\/#organization"},"potentialAction":[{"@type":"SearchAction","target":{"@type":"EntryPoint","urlTemplate":"https:\/\/www.fizzyvape.eu\/pl\/?s={search_term_string}"},"query-input":{"@type":"PropertyValueSpecification","valueRequired":true,"valueName":"search_term_string"}}],"inLanguage":"pl-PL"},{"@type":"Organization","@id":"https:\/\/www.fizzyvape.eu\/pl\/#organization","name":"fizzyvape.eu","url":"https:\/\/www.fizzyvape.eu\/pl\/","logo":{"@type":"ImageObject","inLanguage":"pl-PL","@id":"https:\/\/www.fizzyvape.eu\/pl\/#\/schema\/logo\/image\/","url":"https:\/\/fizzyvape.eu\/wp-content\/uploads\/2019\/06\/print-1.svg","contentUrl":"https:\/\/fizzyvape.eu\/wp-content\/uploads\/2019\/06\/print-1.svg","width":124,"height":37,"caption":"fizzyvape.eu"},"image":{"@id":"https:\/\/www.fizzyvape.eu\/pl\/#\/schema\/logo\/image\/"}}]},"og_availability":"out of stock","product_availability":"out of stock","product_condition":"new"},"tiered_pricing_type":"fixed","tiered_pricing_fixed_rules":[],"tiered_pricing_product_settings":{"layout":"default","base_unit_name":{"singular":null,"plural":null},"default_variation":null},"tiered_pricing_minimum_quantity":null,"tiered_pricing_roles_data":[],"tiered_pricing_percentage_rules":[],"tiered_pricing_maximum_quantity":null,"tiered_pricing_quantity_step":null,"_links":{"self":[{"href":"https:\/\/fizzyvape.eu\/pl\/wp-json\/wp\/v2\/product\/26266","targetHints":{"allow":["GET"]}}],"collection":[{"href":"https:\/\/fizzyvape.eu\/pl\/wp-json\/wp\/v2\/product"}],"about":[{"href":"https:\/\/fizzyvape.eu\/pl\/wp-json\/wp\/v2\/types\/product"}],"replies":[{"embeddable":true,"href":"https:\/\/fizzyvape.eu\/pl\/wp-json\/wp\/v2\/comments?post=26266"}],"version-history":[{"count":0,"href":"https:\/\/fizzyvape.eu\/pl\/wp-json\/wp\/v2\/product\/26266\/revisions"}],"wp:featuredmedia":[{"embeddable":true,"href":"https:\/\/fizzyvape.eu\/pl\/wp-json\/wp\/v2\/media\/20590"}],"wp:attachment":[{"href":"https:\/\/fizzyvape.eu\/pl\/wp-json\/wp\/v2\/media?parent=26266"}],"wp:term":[{"taxonomy":"product_brand","embeddable":true,"href":"https:\/\/fizzyvape.eu\/pl\/wp-json\/wp\/v2\/product_brand?post=26266"},{"taxonomy":"product_cat","embeddable":true,"href":"https:\/\/fizzyvape.eu\/pl\/wp-json\/wp\/v2\/product_cat?post=26266"},{"taxonomy":"product_tag","embeddable":true,"href":"https:\/\/fizzyvape.eu\/pl\/wp-json\/wp\/v2\/product_tag?post=26266"}],"curies":[{"name":"wp","href":"https:\/\/api.w.org\/{rel}","templated":true}]}}