{"id":26282,"date":"2025-03-27T09:28:33","date_gmt":"2025-03-27T01:28:33","guid":{"rendered":"https:\/\/fizzyvape.eu\/product\/fizzy-pandora-watermelon-12000-puffow\/"},"modified":"2025-03-27T09:28:33","modified_gmt":"2025-03-27T01:28:33","slug":"fizzy-pandora-watermelon-12000-puffow","status":"publish","type":"product","link":"https:\/\/fizzyvape.eu\/pl\/produkt\/fizzy-pandora-watermelon-12000-puffow\/","title":{"rendered":"Fizzy Pandora Watermelon &#8211; 12000 puff\u00f3w"},"content":{"rendered":"<div>\n<h2><strong>Fizzy Pandora Watermelon 12000 Puffs &#8211; soczyste orze\u017awienie w ka\u017cdym puffie!<\/strong><\/h2>\n<p><strong>Fizzy Pandora Watermelon 12000 Puffs<\/strong> to <strong>doskona\u0142a porcja arbuza<\/strong>! Ten wysokiej jako\u015bci jednorazowy waporyzator zapewnia <strong>12 000 ultra g\u0142adkich zaci\u0105gni\u0119\u0107<\/strong> o <strong>soczystym, s\u0142odkim<\/strong> smaku <strong>arbuza<\/strong> z <strong>orze\u017awiaj\u0105cym, gazowanym akcentem &#8211; idealny<\/strong>do ca\u0142odziennego waporyzowania. Zaprojektowane z my\u015bl\u0105 o <strong>d\u0142ugotrwa\u0142ej przyjemno\u015bci<\/strong>, to eleganckie urz\u0105dzenie jest <strong>wst\u0119pnie nape\u0142nione, wst\u0119pnie na\u0142adowane i gotowe do u\u017cycia<\/strong> zaraz po wyj\u0119ciu z pude\u0142ka.  <\/p>\n<h2><strong>Kluczowe cechy<\/strong><\/h2>\n<p><strong>12 000 zaci\u0105gni\u0119\u0107<\/strong> &#8211; d\u0142u\u017csza przyjemno\u015b\u0107 z waporyzacji<br \/>\n<strong>Soczysty arbuz + gazowany nap\u00f3j gazowany<\/strong> &#8211; s\u0142odki, pikantny i niezwykle orze\u017awiaj\u0105cy.<br \/>\n<strong>Elegancki i przeno\u015bny<\/strong> &#8211; kompaktowa, przyjazna dla kieszeni konstrukcja<br \/>\n<strong>Wst\u0119pnie nape\u0142niony i na\u0142adowany<\/strong> &#8211; nie wymaga uzupe\u0142niania ani \u0142adowania<br \/>\n<strong>Technologia Mesh Coil<\/strong> &#8211; bogaty smak i g\u0119ste chmury <\/p>\n<h3><strong>Dlaczego warto wybra\u0107 Fizzy Pandora?<\/strong><\/h3>\n<p>\ud83c\udf49 <strong>Smak premium<\/strong> &#8211; testowany laboratoryjnie pod k\u0105tem autentycznego smaku arbuza<br \/>\n\ud83d\udd0b <strong>Ca\u0142odzienne wapowanie<\/strong> &#8211; ogromna pojemno\u015b\u0107 20 ml e-liquidu<br \/>\n\u26a1 <strong>Natychmiastowa satysfakcja<\/strong> &#8211; nie wymaga konfiguracji<br \/>\n\u2708\ufe0f <strong>Przyjazny w podr\u00f3\u017cy<\/strong> &#8211; szczelny i zgodny z TSA (tam, gdzie jest to dozwolone) <\/p>\n<h3>Zawarto\u015b\u0107 opakowania<\/h3>\n<p>1 \u00d7 Urz\u0105dzenie Fizzy Pandora Watermelon 12000 Puffs<\/p>\n<\/div>\n<div>\n<h3>Specyfikacja<\/h3>\n<table>\n<tbody>\n<tr>\n<td>Puffy<\/td>\n<td><strong>12000+ Puffs<\/strong><\/td>\n<\/tr>\n<tr>\n<td>Pojemno\u015b\u0107 e-p\u0142ynu<\/td>\n<td><strong>20ml<\/strong><\/td>\n<\/tr>\n<tr>\n<td>Pojemno\u015b\u0107 baterii<\/td>\n<td><strong>650 mAh<\/strong><\/td>\n<\/tr>\n<tr>\n<td>Siatkowa cewka<\/td>\n<td><strong>1.4\u03a9<\/strong><\/td>\n<\/tr>\n<tr>\n<td>Rozmiar<\/td>\n<td><strong>48*20.6*88mm<\/strong><\/td>\n<\/tr>\n<tr>\n<td>Jednorazowe czy nie?<\/td>\n<td><strong>Jednorazowy<\/strong><\/td>\n<\/tr>\n<tr>\n<td>Metoda \u0142adowania<\/td>\n<td><strong>Kabel<\/strong><\/td>\n<\/tr>\n<tr>\n<td>Metoda aktywacji<\/td>\n<td><strong>Czujnik<\/strong><\/td>\n<\/tr>\n<tr>\n<td>Poziom nikotyny<\/td>\n<td><strong>5% (50mg\/ml)<\/strong><\/td>\n<\/tr>\n<tr>\n<td>Smaki<\/td>\n<td><strong>12<\/strong><\/td>\n<\/tr>\n<tr>\n<td>Pakowanie<\/td>\n<td><strong>1 opakowanie<\/strong><\/td>\n<\/tr>\n<tr>\n<td>Czas \u0142adowania<\/td>\n<td><strong>2 godziny<\/strong><\/td>\n<\/tr>\n<tr>\n<td>Przechowywanie<\/td>\n<td><strong>Unika\u0107 \u015brodowiska o wysokiej temperaturze i przechowywa\u0107 w ch\u0142odnym i suchym miejscu.<\/strong><\/td>\n<\/tr>\n<tr>\n<td>Osoby, kt\u00f3rym zabrania si\u0119 stosowania<\/td>\n<td><strong>Osoby niepe\u0142noletnie, kobiety w ci\u0105\u017cy i osoby uczulone na sk\u0142adniki produktu.<\/strong><\/td>\n<\/tr>\n<tr>\n<td>Uwaga<\/td>\n<td><strong>Nie po\u0142yka\u0107 tej substancji. W przypadku po\u0142kni\u0119cia nale\u017cy natychmiast dok\u0142adnie wyp\u0142uka\u0107 usta. W przypadku z\u0142ego samopoczucia nale\u017cy skontaktowa\u0107 si\u0119 z lekarzem.  <\/strong><\/td>\n<\/tr>\n<\/tbody>\n<\/table>\n<h3>Lista smak\u00f3w <strong>Fizzy Pandora <\/strong>12000 Puffs:<\/h3>\n<ol>\n<li><a href=\"https:\/\/fizzyvape.eu\/pl\/produkt\/fizzy-pandora-watermelon-12000-puffow\/\">Arbuz<\/a><\/li>\n<li><a href=\"https:\/\/fizzyvape.eu\/pl\/produkt\/fizzy-pandora-mango-12000-puffow\/\">Mango<\/a><\/li>\n<li><a href=\"https:\/\/fizzyvape.eu\/product\/fizzy-pandora-grape-12000-puffs\/\">Winogrono<\/a><\/li>\n<li><a href=\"https:\/\/fizzyvape.eu\/product\/fizzy-pandora-pomegranate-12000-puffs\/\">Granat<\/a><\/li>\n<li><a href=\"https:\/\/fizzyvape.eu\/product\/fizzy-pandora-peach-12000-puffs\/\">Brzoskwinia<\/a><\/li>\n<li><a href=\"https:\/\/fizzyvape.eu\/product\/fizzy-pandora-blueberry-raspberry-12000-puffs\/\">Bor\u00f3wka Malina<\/a><\/li>\n<li><a href=\"https:\/\/fizzyvape.eu\/product\/fizzy-pandora-orange-mango-watermelon-12000-puffs\/\">Pomara\u0144cza Mango Arbuz<\/a><\/li>\n<li><a href=\"https:\/\/fizzyvape.eu\/product\/fizzy-pandora-ice-mint-12000-puffs\/\">Ice Mint<\/a><\/li>\n<li><a href=\"https:\/\/fizzyvape.eu\/product\/fizzy-pandora-strawberry-kiwi-pomegranate-12000-puffs\/\">Truskawka Kiwi Granat<\/a><\/li>\n<li><a href=\"https:\/\/fizzyvape.eu\/product\/fizzy-pandora-blueberry-12000-puffs\/\">Jagoda<\/a><\/li>\n<li><a href=\"https:\/\/fizzyvape.eu\/product\/fizzy-pandora-strawberry-12000-puffs\/\">Truskawka<\/a><\/li>\n<li><a href=\"https:\/\/fizzyvape.eu\/pl\/produkt\/fizzy-pandora-watermelon-blueberry-12000-puffow\/\">Arbuz Jagoda<\/a><\/li>\n<\/ol>\n<h3><strong>FAQ na temat <\/strong><strong>Fizzy Pandora Watermelon 12000 puff\u00f3w <\/strong><strong>Vape<\/strong><\/h3>\n<ol start=\"1\">\n<li><strong>Ile zaci\u0105gni\u0119\u0107 mog\u0119 oczekiwa\u0107 od Fizzy Pandora Watermelon 12000 Puffs?<\/strong>Fizzy Pandora Watermelon zosta\u0142 zaprojektowany tak, aby zapewni\u0107 ponad 12 000 zaci\u0105gni\u0119\u0107, oferuj\u0105c d\u0142u\u017csz\u0105 przyjemno\u015b\u0107 z waporyzacji. Rzeczywista liczba zaci\u0105gni\u0119\u0107 mo\u017ce si\u0119 jednak r\u00f3\u017cni\u0107 w zale\u017cno\u015bci od indywidualnych nawyk\u00f3w waporyzacyjnych. <\/li>\n<li><strong>Jak smakuje Fizzy Pandora Watermelon?<\/strong>Smak to soczysty i s\u0142odki arbuz z orze\u017awiaj\u0105c\u0105 nut\u0105 napoju gazowanego, tworz\u0105cy pikantne i niezwykle orze\u017awiaj\u0105ce doznania podczas waporyzacji.<\/li>\n<li><strong>Czy Fizzy Pandora Watermelon 12000 Puffs wymaga \u0142adowania lub uzupe\u0142niania?<\/strong>Nie, Fizzy Pandora Watermelon 12000 Puffs to urz\u0105dzenie jednorazowego u\u017cytku. Jest ono fabrycznie nape\u0142nione 20 ml e-liquidu i wst\u0119pnie na\u0142adowane, wi\u0119c nie wymaga uzupe\u0142niania ani \u0142adowania. <\/li>\n<li><strong>Jaka jest moc nikotyny w papierosach Fizzy Pandora Watermelon 12000 Puffs?<\/strong>To urz\u0105dzenie zawiera 5% (50mg\/ml) soli nikotyny.<\/li>\n<li><strong>Jakie s\u0105 najwa\u017cniejsze cechy Fizzy Pandora Watermelon 12000 Puffs?<\/strong>Kluczowe funkcje obejmuj\u0105 ponad 12 000 zaci\u0105gni\u0119\u0107, orze\u017awiaj\u0105cy smak soczystego arbuza i gazowanej sody, eleganck\u0105 i przeno\u015bn\u0105 konstrukcj\u0119, wst\u0119pne nape\u0142nianie i wst\u0119pne \u0142adowanie oraz wykorzystanie technologii cewki siatkowej dla bogatego smaku i g\u0119stych chmur.<\/li>\n<\/ol>\n<\/div>\n","protected":false},"excerpt":{"rendered":"<p><strong>Fizzy Pandora Watermelon 12000 Puffs<\/strong> zapewnia wybuchowy smak arbuza z orze\u017awiaj\u0105cym, gazowanym akcentem w ka\u017cdym zaci\u0105gni\u0119ciu. Ciesz si\u0119 12 000 ultra g\u0142adkich zaci\u0105gni\u0119\u0107 z tego wysokiej jako\u015bci jednorazowego waporyzatora wyposa\u017conego w zaawansowan\u0105 technologi\u0119 cewek siatkowych dla bogatego, sp\u00f3jnego smaku. Wst\u0119pnie nape\u0142niony 20 ml e-liquidu o zawarto\u015bci 5% soli nikotynowej i gotowy do natychmiastowego u\u017cycia &#8211; nie wymaga \u0142adowania ani uzupe\u0142niania. Idealny do ca\u0142odziennego wapowania dzi\u0119ki ogromnej pojemno\u015bci e-liquidu i kompaktowej, przyjaznej w podr\u00f3\u017cy konstrukcji.   <\/p>\n","protected":false},"featured_media":20606,"comment_status":"open","ping_status":"closed","template":"","meta":{"iawp_total_views":0},"product_brand":[],"product_cat":[295],"product_tag":[296,383],"class_list":{"0":"post-26282","1":"product","2":"type-product","3":"status-publish","4":"has-post-thumbnail","6":"product_cat-pandora-pl","7":"product_tag-12000-puffow","8":"product_tag-arbuz","10":"first","11":"outofstock","12":"shipping-taxable","13":"purchasable","14":"product-type-variable"},"yoast_head":"<!-- This site is optimized with the Yoast SEO Premium plugin v24.8 (Yoast SEO v24.8) - https:\/\/yoast.com\/wordpress\/plugins\/seo\/ -->\n<title>Fizzy Pandora Watermelon - 12000 puff\u00f3w - fizzyvape.eu<\/title>\n<meta name=\"robots\" content=\"index, follow, max-snippet:-1, max-image-preview:large, max-video-preview:-1\" \/>\n<link rel=\"canonical\" href=\"https:\/\/fizzyvape.eu\/pl\/produkt\/fizzy-pandora-watermelon-12000-puffow\/\" \/>\n<meta property=\"og:locale\" content=\"pl_PL\" \/>\n<meta property=\"og:type\" content=\"article\" \/>\n<meta property=\"og:title\" content=\"Fizzy Pandora Watermelon - 12000 puff\u00f3w\" \/>\n<meta property=\"og:description\" content=\"Fizzy Pandora Watermelon 12000 Puffs zapewnia wybuchowy smak arbuza z orze\u017awiaj\u0105cym, gazowanym akcentem w ka\u017cdym zaci\u0105gni\u0119ciu. Ciesz si\u0119 12 000 ultra g\u0142adkich zaci\u0105gni\u0119\u0107 z tego wysokiej jako\u015bci jednorazowego waporyzatora wyposa\u017conego w zaawansowan\u0105 technologi\u0119 cewek siatkowych dla bogatego, sp\u00f3jnego smaku. Wst\u0119pnie nape\u0142niony 20 ml e-liquidu o zawarto\u015bci 5% soli nikotynowej i gotowy do natychmiastowego u\u017cycia - nie wymaga \u0142adowania ani uzupe\u0142niania. Idealny do ca\u0142odziennego wapowania dzi\u0119ki ogromnej pojemno\u015bci e-liquidu i kompaktowej, przyjaznej w podr\u00f3\u017cy konstrukcji.\" \/>\n<meta property=\"og:url\" content=\"https:\/\/fizzyvape.eu\/pl\/produkt\/fizzy-pandora-watermelon-12000-puffow\/\" \/>\n<meta property=\"og:site_name\" content=\"fizzyvape.eu\" \/>\n<meta property=\"og:image\" content=\"https:\/\/www.fizzyvape.eu\/wp-content\/uploads\/2025\/03\/Fizzy-Pandora-WATERMELON-12000PUFF-1-1.jpg\" \/>\n\t<meta property=\"og:image:width\" content=\"1057\" \/>\n\t<meta property=\"og:image:height\" content=\"1037\" \/>\n\t<meta property=\"og:image:type\" content=\"image\/jpeg\" \/>\n<meta name=\"twitter:card\" content=\"summary_large_image\" \/>\n<meta name=\"twitter:label1\" content=\"Dost\u0119pno\u015b\u0107\" \/>\n\t<meta name=\"twitter:data1\" content=\"Brak w magazynie\" \/>\n<script type=\"application\/ld+json\" class=\"yoast-schema-graph\">{\"@context\":\"https:\/\/schema.org\",\"@graph\":[{\"@type\":\"WebPage\",\"@id\":\"https:\/\/fizzyvape.eu\/pl\/produkt\/fizzy-pandora-watermelon-12000-puffow\/\",\"url\":\"https:\/\/fizzyvape.eu\/pl\/produkt\/fizzy-pandora-watermelon-12000-puffow\/\",\"name\":\"Fizzy Pandora Watermelon - 12000 puff\u00f3w - fizzyvape.eu\",\"isPartOf\":{\"@id\":\"https:\/\/www.fizzyvape.eu\/pl\/#website\"},\"primaryImageOfPage\":{\"@id\":\"https:\/\/fizzyvape.eu\/pl\/produkt\/fizzy-pandora-watermelon-12000-puffow\/#primaryimage\"},\"image\":{\"@id\":\"https:\/\/fizzyvape.eu\/pl\/produkt\/fizzy-pandora-watermelon-12000-puffow\/#primaryimage\"},\"thumbnailUrl\":\"https:\/\/fizzyvape.eu\/wp-content\/uploads\/2025\/03\/Fizzy-Pandora-WATERMELON-12000PUFF-1-1.jpg\",\"datePublished\":\"2025-03-27T01:28:33+00:00\",\"breadcrumb\":{\"@id\":\"https:\/\/fizzyvape.eu\/pl\/produkt\/fizzy-pandora-watermelon-12000-puffow\/#breadcrumb\"},\"inLanguage\":\"pl-PL\",\"potentialAction\":[{\"@type\":\"ReadAction\",\"target\":[\"https:\/\/fizzyvape.eu\/pl\/produkt\/fizzy-pandora-watermelon-12000-puffow\/\"]}]},{\"@type\":\"ImageObject\",\"inLanguage\":\"pl-PL\",\"@id\":\"https:\/\/fizzyvape.eu\/pl\/produkt\/fizzy-pandora-watermelon-12000-puffow\/#primaryimage\",\"url\":\"https:\/\/fizzyvape.eu\/wp-content\/uploads\/2025\/03\/Fizzy-Pandora-WATERMELON-12000PUFF-1-1.jpg\",\"contentUrl\":\"https:\/\/fizzyvape.eu\/wp-content\/uploads\/2025\/03\/Fizzy-Pandora-WATERMELON-12000PUFF-1-1.jpg\",\"width\":1057,\"height\":1037,\"caption\":\"Fizzy-Pandora-WATERMELON-12000PUFF\"},{\"@type\":\"BreadcrumbList\",\"@id\":\"https:\/\/fizzyvape.eu\/pl\/produkt\/fizzy-pandora-watermelon-12000-puffow\/#breadcrumb\",\"itemListElement\":[{\"@type\":\"ListItem\",\"position\":1,\"name\":\"Home\",\"item\":\"https:\/\/fizzyvape.eu\/pl\/\"},{\"@type\":\"ListItem\",\"position\":2,\"name\":\"Sklep\",\"item\":\"https:\/\/fizzyvape.eu\/pl\/sklep\/\"},{\"@type\":\"ListItem\",\"position\":3,\"name\":\"Fizzy Pandora Watermelon &#8211; 12000 puff\u00f3w\"}]},{\"@type\":\"WebSite\",\"@id\":\"https:\/\/www.fizzyvape.eu\/pl\/#website\",\"url\":\"https:\/\/www.fizzyvape.eu\/pl\/\",\"name\":\"fizzyvape.eu\",\"description\":\"Refreshing Vapes. Unforgettable Taste.\",\"publisher\":{\"@id\":\"https:\/\/www.fizzyvape.eu\/pl\/#organization\"},\"potentialAction\":[{\"@type\":\"SearchAction\",\"target\":{\"@type\":\"EntryPoint\",\"urlTemplate\":\"https:\/\/www.fizzyvape.eu\/pl\/?s={search_term_string}\"},\"query-input\":{\"@type\":\"PropertyValueSpecification\",\"valueRequired\":true,\"valueName\":\"search_term_string\"}}],\"inLanguage\":\"pl-PL\"},{\"@type\":\"Organization\",\"@id\":\"https:\/\/www.fizzyvape.eu\/pl\/#organization\",\"name\":\"fizzyvape.eu\",\"url\":\"https:\/\/www.fizzyvape.eu\/pl\/\",\"logo\":{\"@type\":\"ImageObject\",\"inLanguage\":\"pl-PL\",\"@id\":\"https:\/\/www.fizzyvape.eu\/pl\/#\/schema\/logo\/image\/\",\"url\":\"https:\/\/fizzyvape.eu\/wp-content\/uploads\/2019\/06\/print-1.svg\",\"contentUrl\":\"https:\/\/fizzyvape.eu\/wp-content\/uploads\/2019\/06\/print-1.svg\",\"width\":124,\"height\":37,\"caption\":\"fizzyvape.eu\"},\"image\":{\"@id\":\"https:\/\/www.fizzyvape.eu\/pl\/#\/schema\/logo\/image\/\"}}]}<\/script>\n<meta property=\"og:availability\" content=\"out of stock\" \/>\n<meta property=\"product:availability\" content=\"out of stock\" \/>\n<meta property=\"product:condition\" content=\"new\" \/>\n<!-- \/ Yoast SEO Premium plugin. -->","yoast_head_json":{"title":"Fizzy Pandora Watermelon - 12000 puff\u00f3w - fizzyvape.eu","robots":{"index":"index","follow":"follow","max-snippet":"max-snippet:-1","max-image-preview":"max-image-preview:large","max-video-preview":"max-video-preview:-1"},"canonical":"https:\/\/fizzyvape.eu\/pl\/produkt\/fizzy-pandora-watermelon-12000-puffow\/","og_locale":"pl_PL","og_type":"article","og_title":"Fizzy Pandora Watermelon - 12000 puff\u00f3w","og_description":"Fizzy Pandora Watermelon 12000 Puffs zapewnia wybuchowy smak arbuza z orze\u017awiaj\u0105cym, gazowanym akcentem w ka\u017cdym zaci\u0105gni\u0119ciu. Ciesz si\u0119 12 000 ultra g\u0142adkich zaci\u0105gni\u0119\u0107 z tego wysokiej jako\u015bci jednorazowego waporyzatora wyposa\u017conego w zaawansowan\u0105 technologi\u0119 cewek siatkowych dla bogatego, sp\u00f3jnego smaku. Wst\u0119pnie nape\u0142niony 20 ml e-liquidu o zawarto\u015bci 5% soli nikotynowej i gotowy do natychmiastowego u\u017cycia - nie wymaga \u0142adowania ani uzupe\u0142niania. Idealny do ca\u0142odziennego wapowania dzi\u0119ki ogromnej pojemno\u015bci e-liquidu i kompaktowej, przyjaznej w podr\u00f3\u017cy konstrukcji.","og_url":"https:\/\/fizzyvape.eu\/pl\/produkt\/fizzy-pandora-watermelon-12000-puffow\/","og_site_name":"fizzyvape.eu","og_image":[{"width":1057,"height":1037,"url":"https:\/\/www.fizzyvape.eu\/wp-content\/uploads\/2025\/03\/Fizzy-Pandora-WATERMELON-12000PUFF-1-1.jpg","type":"image\/jpeg"}],"twitter_card":"summary_large_image","twitter_misc":{"Dost\u0119pno\u015b\u0107":"Brak w magazynie"},"schema":{"@context":"https:\/\/schema.org","@graph":[{"@type":"WebPage","@id":"https:\/\/fizzyvape.eu\/pl\/produkt\/fizzy-pandora-watermelon-12000-puffow\/","url":"https:\/\/fizzyvape.eu\/pl\/produkt\/fizzy-pandora-watermelon-12000-puffow\/","name":"Fizzy Pandora Watermelon - 12000 puff\u00f3w - fizzyvape.eu","isPartOf":{"@id":"https:\/\/www.fizzyvape.eu\/pl\/#website"},"primaryImageOfPage":{"@id":"https:\/\/fizzyvape.eu\/pl\/produkt\/fizzy-pandora-watermelon-12000-puffow\/#primaryimage"},"image":{"@id":"https:\/\/fizzyvape.eu\/pl\/produkt\/fizzy-pandora-watermelon-12000-puffow\/#primaryimage"},"thumbnailUrl":"https:\/\/fizzyvape.eu\/wp-content\/uploads\/2025\/03\/Fizzy-Pandora-WATERMELON-12000PUFF-1-1.jpg","datePublished":"2025-03-27T01:28:33+00:00","breadcrumb":{"@id":"https:\/\/fizzyvape.eu\/pl\/produkt\/fizzy-pandora-watermelon-12000-puffow\/#breadcrumb"},"inLanguage":"pl-PL","potentialAction":[{"@type":"ReadAction","target":["https:\/\/fizzyvape.eu\/pl\/produkt\/fizzy-pandora-watermelon-12000-puffow\/"]}]},{"@type":"ImageObject","inLanguage":"pl-PL","@id":"https:\/\/fizzyvape.eu\/pl\/produkt\/fizzy-pandora-watermelon-12000-puffow\/#primaryimage","url":"https:\/\/fizzyvape.eu\/wp-content\/uploads\/2025\/03\/Fizzy-Pandora-WATERMELON-12000PUFF-1-1.jpg","contentUrl":"https:\/\/fizzyvape.eu\/wp-content\/uploads\/2025\/03\/Fizzy-Pandora-WATERMELON-12000PUFF-1-1.jpg","width":1057,"height":1037,"caption":"Fizzy-Pandora-WATERMELON-12000PUFF"},{"@type":"BreadcrumbList","@id":"https:\/\/fizzyvape.eu\/pl\/produkt\/fizzy-pandora-watermelon-12000-puffow\/#breadcrumb","itemListElement":[{"@type":"ListItem","position":1,"name":"Home","item":"https:\/\/fizzyvape.eu\/pl\/"},{"@type":"ListItem","position":2,"name":"Sklep","item":"https:\/\/fizzyvape.eu\/pl\/sklep\/"},{"@type":"ListItem","position":3,"name":"Fizzy Pandora Watermelon &#8211; 12000 puff\u00f3w"}]},{"@type":"WebSite","@id":"https:\/\/www.fizzyvape.eu\/pl\/#website","url":"https:\/\/www.fizzyvape.eu\/pl\/","name":"fizzyvape.eu","description":"Refreshing Vapes. Unforgettable Taste.","publisher":{"@id":"https:\/\/www.fizzyvape.eu\/pl\/#organization"},"potentialAction":[{"@type":"SearchAction","target":{"@type":"EntryPoint","urlTemplate":"https:\/\/www.fizzyvape.eu\/pl\/?s={search_term_string}"},"query-input":{"@type":"PropertyValueSpecification","valueRequired":true,"valueName":"search_term_string"}}],"inLanguage":"pl-PL"},{"@type":"Organization","@id":"https:\/\/www.fizzyvape.eu\/pl\/#organization","name":"fizzyvape.eu","url":"https:\/\/www.fizzyvape.eu\/pl\/","logo":{"@type":"ImageObject","inLanguage":"pl-PL","@id":"https:\/\/www.fizzyvape.eu\/pl\/#\/schema\/logo\/image\/","url":"https:\/\/fizzyvape.eu\/wp-content\/uploads\/2019\/06\/print-1.svg","contentUrl":"https:\/\/fizzyvape.eu\/wp-content\/uploads\/2019\/06\/print-1.svg","width":124,"height":37,"caption":"fizzyvape.eu"},"image":{"@id":"https:\/\/www.fizzyvape.eu\/pl\/#\/schema\/logo\/image\/"}}]},"og_availability":"out of stock","product_availability":"out of stock","product_condition":"new"},"tiered_pricing_type":"fixed","tiered_pricing_fixed_rules":[],"tiered_pricing_product_settings":{"layout":"default","base_unit_name":{"singular":null,"plural":null},"default_variation":null},"tiered_pricing_minimum_quantity":null,"tiered_pricing_roles_data":[],"tiered_pricing_percentage_rules":[],"tiered_pricing_maximum_quantity":null,"tiered_pricing_quantity_step":null,"_links":{"self":[{"href":"https:\/\/fizzyvape.eu\/pl\/wp-json\/wp\/v2\/product\/26282","targetHints":{"allow":["GET"]}}],"collection":[{"href":"https:\/\/fizzyvape.eu\/pl\/wp-json\/wp\/v2\/product"}],"about":[{"href":"https:\/\/fizzyvape.eu\/pl\/wp-json\/wp\/v2\/types\/product"}],"replies":[{"embeddable":true,"href":"https:\/\/fizzyvape.eu\/pl\/wp-json\/wp\/v2\/comments?post=26282"}],"version-history":[{"count":0,"href":"https:\/\/fizzyvape.eu\/pl\/wp-json\/wp\/v2\/product\/26282\/revisions"}],"wp:featuredmedia":[{"embeddable":true,"href":"https:\/\/fizzyvape.eu\/pl\/wp-json\/wp\/v2\/media\/20606"}],"wp:attachment":[{"href":"https:\/\/fizzyvape.eu\/pl\/wp-json\/wp\/v2\/media?parent=26282"}],"wp:term":[{"taxonomy":"product_brand","embeddable":true,"href":"https:\/\/fizzyvape.eu\/pl\/wp-json\/wp\/v2\/product_brand?post=26282"},{"taxonomy":"product_cat","embeddable":true,"href":"https:\/\/fizzyvape.eu\/pl\/wp-json\/wp\/v2\/product_cat?post=26282"},{"taxonomy":"product_tag","embeddable":true,"href":"https:\/\/fizzyvape.eu\/pl\/wp-json\/wp\/v2\/product_tag?post=26282"}],"curies":[{"name":"wp","href":"https:\/\/api.w.org\/{rel}","templated":true}]}}