{"id":26365,"date":"2025-03-27T11:03:29","date_gmt":"2025-03-27T03:03:29","guid":{"rendered":"https:\/\/fizzyvape.eu\/product\/fizzy-pandora-peach-12000-puffow\/"},"modified":"2025-03-27T11:03:29","modified_gmt":"2025-03-27T03:03:29","slug":"fizzy-pandora-peach-12000-puffow","status":"publish","type":"product","link":"https:\/\/fizzyvape.eu\/pl\/produkt\/fizzy-pandora-peach-12000-puffow\/","title":{"rendered":"Fizzy Pandora Peach &#8211; 12000 puff\u00f3w"},"content":{"rendered":"<div>\n<h2><strong>Fizzy Pandora Peach 12000 Puffs &#8211; najwy\u017cszej jako\u015bci jednorazowe vape o wyrazistym smaku winogronowym<\/strong><\/h2>\n<p>Do\u015bwiadcz <strong>bogatego, soczystego smaku dojrza\u0142ych winogron<\/strong> dzi\u0119ki <strong>Fizzy Pandora Grape 12000 Puffs &#8211;<\/strong> <strong>wysokowydajnemu jednorazowemu waporyzatorowi<\/strong> zaprojektowanemu z my\u015bl\u0105 o d\u0142ugotrwa\u0142ej satysfakcji. Dzi\u0119ki <strong>imponuj\u0105cej pojemno\u015bci 12 000 zaci\u0105gni\u0119\u0107<\/strong>, <strong>20 ml e-liquidu<\/strong> i <strong>\u0142agodnej<\/strong> formule zawieraj\u0105cej <strong>5% soli nikotyny<\/strong>, waporyzator ten zapewnia <strong>intensywny smak i mocn\u0105 par\u0119<\/strong> w eleganckiej, przeno\u015bnej konstrukcji. <\/p>\n<h3><strong>Kluczowe cechy<\/strong><\/h3>\n<p><strong>12 000 ultra-d\u0142ugich zaci\u0105gni\u0119\u0107<\/strong> &#8211; wiod\u0105ca w bran\u017cy pojemno\u015b\u0107 dla d\u0142u\u017cszego u\u017cytkowania<br \/>\n<strong>Soczysta brzoskwinia z gazowanym twistem<\/strong> &#8211; s\u0142odka, orze\u017awiaj\u0105ca i doskonale zbalansowana.<br \/>\n<strong>Siatkowa cewka 1,4\u03a9<\/strong> &#8211; zoptymalizowana pod k\u0105tem <strong>maksymalnego aromatu i produkcji pary<\/strong><br \/>\n\u2714 <strong>Szczelna i przeno\u015bna<\/strong> &#8211; kompaktowa, lekka i przyjazna w podr\u00f3\u017cy<br \/>\n<strong>Aktywowany rysikiem<\/strong> &#8211; bez przycisk\u00f3w, po prostu wdychaj, aby si\u0119 cieszy\u0107 <\/p>\n<h3><strong>Dlaczego warto wybra\u0107 Fizzy Pandora?<\/strong><\/h3>\n<p>\ud83c\udf51 <strong>Wybuchowy brzoskwiniowy smak<\/strong> &#8211; s\u0142odki, soczysty i orze\u017awiaj\u0105cy<br \/>\n\u26a1 <strong>Akumulator i d\u0142uga \u017cywotno\u015b\u0107<\/strong> &#8211; bez frustracji z powodu roz\u0142adowanej baterii<br \/>\n\ud83d\udca8 <strong>G\u0142adki i satysfakcjonuj\u0105cy<\/strong> &#8211; 5% soli nikotyny dla doskona\u0142ego uderzenia<br \/>\n\ud83d\ude80 <strong>Najwy\u017csza wydajno\u015b\u0107<\/strong> &#8211; cewka siatkowa zapewniaj\u0105ca bogaty, sp\u00f3jny smak <\/p>\n<h3>Zawarto\u015b\u0107 opakowania<\/h3>\n<p>1 \u00d7 Urz\u0105dzenie Fizzy Pandora Peach 12000 Puffs<\/p>\n<\/div>\n<div>\n<h3>Specyfikacja<\/h3>\n<table>\n<tbody>\n<tr>\n<td>Puffy<\/td>\n<td><strong>12000+ Puffs<\/strong><\/td>\n<\/tr>\n<tr>\n<td>Pojemno\u015b\u0107 e-p\u0142ynu<\/td>\n<td><strong>20ml<\/strong><\/td>\n<\/tr>\n<tr>\n<td>Pojemno\u015b\u0107 baterii<\/td>\n<td><strong>650 mAh<\/strong><\/td>\n<\/tr>\n<tr>\n<td>Siatkowa cewka<\/td>\n<td><strong>1.4\u03a9<\/strong><\/td>\n<\/tr>\n<tr>\n<td>Rozmiar<\/td>\n<td><strong>48*20.6*88mm<\/strong><\/td>\n<\/tr>\n<tr>\n<td>Jednorazowe czy nie?<\/td>\n<td><strong>Jednorazowy<\/strong><\/td>\n<\/tr>\n<tr>\n<td>Metoda \u0142adowania<\/td>\n<td><strong>Kabel<\/strong><\/td>\n<\/tr>\n<tr>\n<td>Metoda aktywacji<\/td>\n<td><strong>Czujnik<\/strong><\/td>\n<\/tr>\n<tr>\n<td>Poziom nikotyny<\/td>\n<td><strong>5% (50mg\/ml)<\/strong><\/td>\n<\/tr>\n<tr>\n<td>Smaki<\/td>\n<td><strong>12<\/strong><\/td>\n<\/tr>\n<tr>\n<td>Pakowanie<\/td>\n<td><strong>1 opakowanie<\/strong><\/td>\n<\/tr>\n<tr>\n<td>Czas \u0142adowania<\/td>\n<td><strong>2 godziny<\/strong><\/td>\n<\/tr>\n<tr>\n<td>Przechowywanie<\/td>\n<td><strong>Unika\u0107 \u015brodowiska o wysokiej temperaturze i przechowywa\u0107 w ch\u0142odnym i suchym miejscu.<\/strong><\/td>\n<\/tr>\n<tr>\n<td>Osoby, kt\u00f3rym zabrania si\u0119 stosowania<\/td>\n<td><strong>Osoby niepe\u0142noletnie, kobiety w ci\u0105\u017cy i osoby uczulone na sk\u0142adniki produktu.<\/strong><\/td>\n<\/tr>\n<tr>\n<td>Uwaga<\/td>\n<td><strong>Nie po\u0142yka\u0107 tej substancji. W przypadku po\u0142kni\u0119cia nale\u017cy natychmiast dok\u0142adnie wyp\u0142uka\u0107 usta. W przypadku z\u0142ego samopoczucia nale\u017cy skontaktowa\u0107 si\u0119 z lekarzem.  <\/strong><\/td>\n<\/tr>\n<\/tbody>\n<\/table>\n<h3>Lista smak\u00f3w <strong>Fizzy Pandora <\/strong>12000 Puffs:<\/h3>\n<ol>\n<li><a href=\"https:\/\/fizzyvape.eu\/pl\/produkt\/fizzy-pandora-watermelon-12000-puffow\/\">Arbuz<\/a><\/li>\n<li><a href=\"https:\/\/fizzyvape.eu\/pl\/produkt\/fizzy-pandora-mango-12000-puffow\/\">Mango<\/a><\/li>\n<li><a href=\"https:\/\/fizzyvape.eu\/pl\/produkt\/fizzy-pandora-grape-12000-puffow\/\">Winogrono<\/a><\/li>\n<li><a href=\"https:\/\/fizzyvape.eu\/pl\/produkt\/fizzy-pandora-pomegranate-12000-puffow\/\">Granat<\/a><\/li>\n<li><a href=\"https:\/\/fizzyvape.eu\/pl\/produkt\/fizzy-pandora-peach-12000-puffow\/\">Brzoskwinia<\/a><\/li>\n<li><a href=\"https:\/\/fizzyvape.eu\/pl\/produkt\/fizzy-pandora-blueberry-raspberry-12000-puffow\/\">Bor\u00f3wka Malina<\/a><\/li>\n<li><a href=\"https:\/\/fizzyvape.eu\/product\/fizzy-pandora-orange-mango-watermelon-12000-puffs\/\">Pomara\u0144cza Mango Arbuz<\/a><\/li>\n<li><a href=\"https:\/\/fizzyvape.eu\/product\/fizzy-pandora-ice-mint-12000-puffs\/\">Ice Mint<\/a><\/li>\n<li><a href=\"https:\/\/fizzyvape.eu\/product\/fizzy-pandora-strawberry-kiwi-pomegranate-12000-puffs\/\">Truskawka Kiwi Granat<\/a><\/li>\n<li><a href=\"https:\/\/fizzyvape.eu\/product\/fizzy-pandora-blueberry-12000-puffs\/\">Jagoda<\/a><\/li>\n<li><a href=\"https:\/\/fizzyvape.eu\/product\/fizzy-pandora-strawberry-12000-puffs\/\">Truskawka<\/a><\/li>\n<li><a href=\"https:\/\/fizzyvape.eu\/pl\/produkt\/fizzy-pandora-watermelon-blueberry-12000-puffow\/\">Arbuz Jagoda<\/a><\/li>\n<\/ol>\n<h3><strong>FAQ na temat <\/strong><strong>Fizzy Pandora Peach 12000 puff\u00f3w <\/strong><strong>Vape<\/strong><\/h3>\n<h4><strong>1. Jak d\u0142ugo dzia\u0142a Fizzy Pandora Peach 12000 Puffs?<\/strong><\/h4>\n<p>Dzi\u0119ki <strong>12 000 zaci\u0105gni\u0119\u0107<\/strong>, urz\u0105dzenie to wystarcza na <strong>2-3 tygodnie<\/strong> dla przeci\u0119tnego wapera. <strong>Pojemno\u015b\u0107 20 ml e-liquidu<\/strong> i <strong>akumulator<\/strong> pozwalaj\u0105 cieszy\u0107 si\u0119 ka\u017cd\u0105 kropl\u0105. <\/p>\n<h4><strong>2. Czy smak brzoskwini jest zbyt s\u0142odki?<\/strong><\/h4>\n<p>Nie! Nasz brzoskwiniowy smak jest <strong>doskonale zbalansowany &#8211; s\u0142odki<\/strong><strong>i soczysty<\/strong> jak dojrza\u0142a brzoskwinia, z <strong>orze\u017awiaj\u0105cym, gazowanym wyko\u0144czeniem<\/strong>, dzi\u0119ki czemu nie jest zbyt s\u0142odki. <\/p>\n<h4><strong>3. Jaka moc nikotyny jest dost\u0119pna?<\/strong><\/h4>\n<p>To urz\u0105dzenie zawiera <strong>5% (50 mg) soli nikotyny<\/strong>, zapewniaj\u0105c <strong>g\u0142adkie, ale satysfakcjonuj\u0105ce<\/strong> uderzenie w gard\u0142o, idealne dla doros\u0142ych vaper\u00f3w.<\/p>\n<h4><strong>4. Czy jest szczelny i \u0142atwy do przenoszenia?<\/strong><\/h4>\n<p>Absolutnie! <strong>Szczelna konstrukcja zapobiega wyciekom<\/strong>, a jej <strong>kompaktowy rozmiar (48\u00d720,6\u00d788 mm)<\/strong> z \u0142atwo\u015bci\u0105 mie\u015bci si\u0119 w kieszeniach lub torbach do waporyzacji w podr\u00f3\u017cy. <\/p>\n<\/div>\n","protected":false},"excerpt":{"rendered":"<p><strong>Fizzy Pandora Peach 12000 Puffs Disposable Vape<\/strong> &#8211; Ciesz si\u0119 <strong>12 000 ultra g\u0142adkich zaci\u0105gni\u0119\u0107<\/strong> <strong>soczystym brzoskwiniowym smakiem z musuj\u0105cym akcentem<\/strong> w tym <strong>wysokiej jako\u015bci jednorazowym waporyzatorze wielokrotnego \u0142adowania<\/strong>. <strong>Pojemno\u015b\u0107 20 ml e-liquidu<\/strong>, <strong>5% soli nikotyny<\/strong> i <strong>technologia cewki siatkowej<\/strong> zapewniaj\u0105 <strong>bogaty smak i g\u0119ste chmury &#8211; idealne<\/strong>do ca\u0142odziennego wapowania! <\/p>\n","protected":false},"featured_media":20646,"comment_status":"open","ping_status":"closed","template":"","meta":{"iawp_total_views":0},"product_brand":[],"product_cat":[295],"product_tag":[296,383],"class_list":{"0":"post-26365","1":"product","2":"type-product","3":"status-publish","4":"has-post-thumbnail","6":"product_cat-pandora-pl","7":"product_tag-12000-puffow","8":"product_tag-arbuz","10":"first","11":"outofstock","12":"shipping-taxable","13":"purchasable","14":"product-type-variable"},"yoast_head":"<!-- This site is optimized with the Yoast SEO Premium plugin v24.8 (Yoast SEO v24.8) - https:\/\/yoast.com\/wordpress\/plugins\/seo\/ -->\n<title>Fizzy Pandora Peach - 12000 puff\u00f3w - fizzyvape.eu<\/title>\n<meta name=\"robots\" content=\"index, follow, max-snippet:-1, max-image-preview:large, max-video-preview:-1\" \/>\n<link rel=\"canonical\" href=\"https:\/\/fizzyvape.eu\/pl\/produkt\/fizzy-pandora-peach-12000-puffow\/\" \/>\n<meta property=\"og:locale\" content=\"pl_PL\" \/>\n<meta property=\"og:type\" content=\"article\" \/>\n<meta property=\"og:title\" content=\"Fizzy Pandora Peach - 12000 puff\u00f3w\" \/>\n<meta property=\"og:description\" content=\"Fizzy Pandora Peach 12000 Puffs Disposable Vape - Ciesz si\u0119 12 000 ultra g\u0142adkich zaci\u0105gni\u0119\u0107 soczystym brzoskwiniowym smakiem z musuj\u0105cym akcentem w tym wysokiej jako\u015bci jednorazowym waporyzatorze wielokrotnego \u0142adowania. Pojemno\u015b\u0107 20 ml e-liquidu, 5% soli nikotyny i technologia cewki siatkowej zapewniaj\u0105 bogaty smak i g\u0119ste chmury - idealnedo ca\u0142odziennego wapowania!\" \/>\n<meta property=\"og:url\" content=\"https:\/\/fizzyvape.eu\/pl\/produkt\/fizzy-pandora-peach-12000-puffow\/\" \/>\n<meta property=\"og:site_name\" content=\"fizzyvape.eu\" \/>\n<meta property=\"og:image\" content=\"https:\/\/www.fizzyvape.eu\/wp-content\/uploads\/2025\/03\/FizzyVape-Pandora-Peach-12000Puff.jpg\" \/>\n\t<meta property=\"og:image:width\" content=\"1057\" \/>\n\t<meta property=\"og:image:height\" content=\"1037\" \/>\n\t<meta property=\"og:image:type\" content=\"image\/jpeg\" \/>\n<meta name=\"twitter:card\" content=\"summary_large_image\" \/>\n<meta name=\"twitter:label1\" content=\"Dost\u0119pno\u015b\u0107\" \/>\n\t<meta name=\"twitter:data1\" content=\"Brak w magazynie\" \/>\n<script type=\"application\/ld+json\" class=\"yoast-schema-graph\">{\"@context\":\"https:\/\/schema.org\",\"@graph\":[{\"@type\":\"WebPage\",\"@id\":\"https:\/\/fizzyvape.eu\/pl\/produkt\/fizzy-pandora-peach-12000-puffow\/\",\"url\":\"https:\/\/fizzyvape.eu\/pl\/produkt\/fizzy-pandora-peach-12000-puffow\/\",\"name\":\"Fizzy Pandora Peach - 12000 puff\u00f3w - fizzyvape.eu\",\"isPartOf\":{\"@id\":\"https:\/\/www.fizzyvape.eu\/pl\/#website\"},\"primaryImageOfPage\":{\"@id\":\"https:\/\/fizzyvape.eu\/pl\/produkt\/fizzy-pandora-peach-12000-puffow\/#primaryimage\"},\"image\":{\"@id\":\"https:\/\/fizzyvape.eu\/pl\/produkt\/fizzy-pandora-peach-12000-puffow\/#primaryimage\"},\"thumbnailUrl\":\"https:\/\/fizzyvape.eu\/wp-content\/uploads\/2025\/03\/FizzyVape-Pandora-Peach-12000Puff.jpg\",\"datePublished\":\"2025-03-27T03:03:29+00:00\",\"breadcrumb\":{\"@id\":\"https:\/\/fizzyvape.eu\/pl\/produkt\/fizzy-pandora-peach-12000-puffow\/#breadcrumb\"},\"inLanguage\":\"pl-PL\",\"potentialAction\":[{\"@type\":\"ReadAction\",\"target\":[\"https:\/\/fizzyvape.eu\/pl\/produkt\/fizzy-pandora-peach-12000-puffow\/\"]}]},{\"@type\":\"ImageObject\",\"inLanguage\":\"pl-PL\",\"@id\":\"https:\/\/fizzyvape.eu\/pl\/produkt\/fizzy-pandora-peach-12000-puffow\/#primaryimage\",\"url\":\"https:\/\/fizzyvape.eu\/wp-content\/uploads\/2025\/03\/FizzyVape-Pandora-Peach-12000Puff.jpg\",\"contentUrl\":\"https:\/\/fizzyvape.eu\/wp-content\/uploads\/2025\/03\/FizzyVape-Pandora-Peach-12000Puff.jpg\",\"width\":1057,\"height\":1037,\"caption\":\"FizzyVape-Pandora-Peach-12000Puff\"},{\"@type\":\"BreadcrumbList\",\"@id\":\"https:\/\/fizzyvape.eu\/pl\/produkt\/fizzy-pandora-peach-12000-puffow\/#breadcrumb\",\"itemListElement\":[{\"@type\":\"ListItem\",\"position\":1,\"name\":\"Home\",\"item\":\"https:\/\/fizzyvape.eu\/pl\/\"},{\"@type\":\"ListItem\",\"position\":2,\"name\":\"Sklep\",\"item\":\"https:\/\/fizzyvape.eu\/pl\/sklep\/\"},{\"@type\":\"ListItem\",\"position\":3,\"name\":\"Fizzy Pandora Peach &#8211; 12000 puff\u00f3w\"}]},{\"@type\":\"WebSite\",\"@id\":\"https:\/\/www.fizzyvape.eu\/pl\/#website\",\"url\":\"https:\/\/www.fizzyvape.eu\/pl\/\",\"name\":\"fizzyvape.eu\",\"description\":\"Refreshing Vapes. Unforgettable Taste.\",\"publisher\":{\"@id\":\"https:\/\/www.fizzyvape.eu\/pl\/#organization\"},\"potentialAction\":[{\"@type\":\"SearchAction\",\"target\":{\"@type\":\"EntryPoint\",\"urlTemplate\":\"https:\/\/www.fizzyvape.eu\/pl\/?s={search_term_string}\"},\"query-input\":{\"@type\":\"PropertyValueSpecification\",\"valueRequired\":true,\"valueName\":\"search_term_string\"}}],\"inLanguage\":\"pl-PL\"},{\"@type\":\"Organization\",\"@id\":\"https:\/\/www.fizzyvape.eu\/pl\/#organization\",\"name\":\"fizzyvape.eu\",\"url\":\"https:\/\/www.fizzyvape.eu\/pl\/\",\"logo\":{\"@type\":\"ImageObject\",\"inLanguage\":\"pl-PL\",\"@id\":\"https:\/\/www.fizzyvape.eu\/pl\/#\/schema\/logo\/image\/\",\"url\":\"https:\/\/fizzyvape.eu\/wp-content\/uploads\/2019\/06\/print-1.svg\",\"contentUrl\":\"https:\/\/fizzyvape.eu\/wp-content\/uploads\/2019\/06\/print-1.svg\",\"width\":124,\"height\":37,\"caption\":\"fizzyvape.eu\"},\"image\":{\"@id\":\"https:\/\/www.fizzyvape.eu\/pl\/#\/schema\/logo\/image\/\"}}]}<\/script>\n<meta property=\"og:availability\" content=\"out of stock\" \/>\n<meta property=\"product:availability\" content=\"out of stock\" \/>\n<meta property=\"product:condition\" content=\"new\" \/>\n<!-- \/ Yoast SEO Premium plugin. -->","yoast_head_json":{"title":"Fizzy Pandora Peach - 12000 puff\u00f3w - fizzyvape.eu","robots":{"index":"index","follow":"follow","max-snippet":"max-snippet:-1","max-image-preview":"max-image-preview:large","max-video-preview":"max-video-preview:-1"},"canonical":"https:\/\/fizzyvape.eu\/pl\/produkt\/fizzy-pandora-peach-12000-puffow\/","og_locale":"pl_PL","og_type":"article","og_title":"Fizzy Pandora Peach - 12000 puff\u00f3w","og_description":"Fizzy Pandora Peach 12000 Puffs Disposable Vape - Ciesz si\u0119 12 000 ultra g\u0142adkich zaci\u0105gni\u0119\u0107 soczystym brzoskwiniowym smakiem z musuj\u0105cym akcentem w tym wysokiej jako\u015bci jednorazowym waporyzatorze wielokrotnego \u0142adowania. Pojemno\u015b\u0107 20 ml e-liquidu, 5% soli nikotyny i technologia cewki siatkowej zapewniaj\u0105 bogaty smak i g\u0119ste chmury - idealnedo ca\u0142odziennego wapowania!","og_url":"https:\/\/fizzyvape.eu\/pl\/produkt\/fizzy-pandora-peach-12000-puffow\/","og_site_name":"fizzyvape.eu","og_image":[{"width":1057,"height":1037,"url":"https:\/\/www.fizzyvape.eu\/wp-content\/uploads\/2025\/03\/FizzyVape-Pandora-Peach-12000Puff.jpg","type":"image\/jpeg"}],"twitter_card":"summary_large_image","twitter_misc":{"Dost\u0119pno\u015b\u0107":"Brak w magazynie"},"schema":{"@context":"https:\/\/schema.org","@graph":[{"@type":"WebPage","@id":"https:\/\/fizzyvape.eu\/pl\/produkt\/fizzy-pandora-peach-12000-puffow\/","url":"https:\/\/fizzyvape.eu\/pl\/produkt\/fizzy-pandora-peach-12000-puffow\/","name":"Fizzy Pandora Peach - 12000 puff\u00f3w - fizzyvape.eu","isPartOf":{"@id":"https:\/\/www.fizzyvape.eu\/pl\/#website"},"primaryImageOfPage":{"@id":"https:\/\/fizzyvape.eu\/pl\/produkt\/fizzy-pandora-peach-12000-puffow\/#primaryimage"},"image":{"@id":"https:\/\/fizzyvape.eu\/pl\/produkt\/fizzy-pandora-peach-12000-puffow\/#primaryimage"},"thumbnailUrl":"https:\/\/fizzyvape.eu\/wp-content\/uploads\/2025\/03\/FizzyVape-Pandora-Peach-12000Puff.jpg","datePublished":"2025-03-27T03:03:29+00:00","breadcrumb":{"@id":"https:\/\/fizzyvape.eu\/pl\/produkt\/fizzy-pandora-peach-12000-puffow\/#breadcrumb"},"inLanguage":"pl-PL","potentialAction":[{"@type":"ReadAction","target":["https:\/\/fizzyvape.eu\/pl\/produkt\/fizzy-pandora-peach-12000-puffow\/"]}]},{"@type":"ImageObject","inLanguage":"pl-PL","@id":"https:\/\/fizzyvape.eu\/pl\/produkt\/fizzy-pandora-peach-12000-puffow\/#primaryimage","url":"https:\/\/fizzyvape.eu\/wp-content\/uploads\/2025\/03\/FizzyVape-Pandora-Peach-12000Puff.jpg","contentUrl":"https:\/\/fizzyvape.eu\/wp-content\/uploads\/2025\/03\/FizzyVape-Pandora-Peach-12000Puff.jpg","width":1057,"height":1037,"caption":"FizzyVape-Pandora-Peach-12000Puff"},{"@type":"BreadcrumbList","@id":"https:\/\/fizzyvape.eu\/pl\/produkt\/fizzy-pandora-peach-12000-puffow\/#breadcrumb","itemListElement":[{"@type":"ListItem","position":1,"name":"Home","item":"https:\/\/fizzyvape.eu\/pl\/"},{"@type":"ListItem","position":2,"name":"Sklep","item":"https:\/\/fizzyvape.eu\/pl\/sklep\/"},{"@type":"ListItem","position":3,"name":"Fizzy Pandora Peach &#8211; 12000 puff\u00f3w"}]},{"@type":"WebSite","@id":"https:\/\/www.fizzyvape.eu\/pl\/#website","url":"https:\/\/www.fizzyvape.eu\/pl\/","name":"fizzyvape.eu","description":"Refreshing Vapes. Unforgettable Taste.","publisher":{"@id":"https:\/\/www.fizzyvape.eu\/pl\/#organization"},"potentialAction":[{"@type":"SearchAction","target":{"@type":"EntryPoint","urlTemplate":"https:\/\/www.fizzyvape.eu\/pl\/?s={search_term_string}"},"query-input":{"@type":"PropertyValueSpecification","valueRequired":true,"valueName":"search_term_string"}}],"inLanguage":"pl-PL"},{"@type":"Organization","@id":"https:\/\/www.fizzyvape.eu\/pl\/#organization","name":"fizzyvape.eu","url":"https:\/\/www.fizzyvape.eu\/pl\/","logo":{"@type":"ImageObject","inLanguage":"pl-PL","@id":"https:\/\/www.fizzyvape.eu\/pl\/#\/schema\/logo\/image\/","url":"https:\/\/fizzyvape.eu\/wp-content\/uploads\/2019\/06\/print-1.svg","contentUrl":"https:\/\/fizzyvape.eu\/wp-content\/uploads\/2019\/06\/print-1.svg","width":124,"height":37,"caption":"fizzyvape.eu"},"image":{"@id":"https:\/\/www.fizzyvape.eu\/pl\/#\/schema\/logo\/image\/"}}]},"og_availability":"out of stock","product_availability":"out of stock","product_condition":"new"},"tiered_pricing_type":"fixed","tiered_pricing_fixed_rules":[],"tiered_pricing_product_settings":{"layout":"default","base_unit_name":{"singular":null,"plural":null},"default_variation":null},"tiered_pricing_minimum_quantity":null,"tiered_pricing_roles_data":[],"tiered_pricing_percentage_rules":[],"tiered_pricing_maximum_quantity":null,"tiered_pricing_quantity_step":null,"_links":{"self":[{"href":"https:\/\/fizzyvape.eu\/pl\/wp-json\/wp\/v2\/product\/26365","targetHints":{"allow":["GET"]}}],"collection":[{"href":"https:\/\/fizzyvape.eu\/pl\/wp-json\/wp\/v2\/product"}],"about":[{"href":"https:\/\/fizzyvape.eu\/pl\/wp-json\/wp\/v2\/types\/product"}],"replies":[{"embeddable":true,"href":"https:\/\/fizzyvape.eu\/pl\/wp-json\/wp\/v2\/comments?post=26365"}],"version-history":[{"count":0,"href":"https:\/\/fizzyvape.eu\/pl\/wp-json\/wp\/v2\/product\/26365\/revisions"}],"wp:featuredmedia":[{"embeddable":true,"href":"https:\/\/fizzyvape.eu\/pl\/wp-json\/wp\/v2\/media\/20646"}],"wp:attachment":[{"href":"https:\/\/fizzyvape.eu\/pl\/wp-json\/wp\/v2\/media?parent=26365"}],"wp:term":[{"taxonomy":"product_brand","embeddable":true,"href":"https:\/\/fizzyvape.eu\/pl\/wp-json\/wp\/v2\/product_brand?post=26365"},{"taxonomy":"product_cat","embeddable":true,"href":"https:\/\/fizzyvape.eu\/pl\/wp-json\/wp\/v2\/product_cat?post=26365"},{"taxonomy":"product_tag","embeddable":true,"href":"https:\/\/fizzyvape.eu\/pl\/wp-json\/wp\/v2\/product_tag?post=26365"}],"curies":[{"name":"wp","href":"https:\/\/api.w.org\/{rel}","templated":true}]}}