{"id":26421,"date":"2025-03-27T11:59:29","date_gmt":"2025-03-27T03:59:29","guid":{"rendered":"https:\/\/fizzyvape.eu\/product\/fizzy-pandora-ice-mint-12000-puffow\/"},"modified":"2025-03-27T11:59:29","modified_gmt":"2025-03-27T03:59:29","slug":"fizzy-pandora-ice-mint-12000-puffow","status":"publish","type":"product","link":"https:\/\/fizzyvape.eu\/pl\/produkt\/fizzy-pandora-ice-mint-12000-puffow\/","title":{"rendered":"Fizzy Pandora Ice Mint &#8211; 12000 puff\u00f3w"},"content":{"rendered":"<div>\n<h2><strong>Fizzy Pandora Ice Mint 12000 puff\u00f3w &#8211; jednorazowy zestaw ch\u0142odz\u0105cy Vape klasy premium<\/strong><\/h2>\n<p>Od\u015bwie\u017c swoje zmys\u0142y dzi\u0119ki <strong>Fizzy Pandora Ice Mint 12000 Puffs<\/strong> &#8211; ultra-ch\u0142odnemu jednorazowemu waporyzatorowi dostarczaj\u0105cemu orze\u017awiaj\u0105cy podmuch arktycznej mi\u0119ty z lodowat\u0105 \u015bwie\u017co\u015bci\u0105. Do\u015bwiadcz 12 000 ultra g\u0142adkich zaci\u0105gni\u0119\u0107 e-liquidem o zawarto\u015bci 5% soli nikotynowej w eleganckiej, \u0142adowanej przez USB-C konstrukcji z pot\u0119\u017cn\u0105 mentolow\u0105 satysfakcj\u0105. <\/p>\n<h3><strong>Kluczowe cechy<\/strong><\/h3>\n<ul>\n<li>12 000 przed\u0142u\u017conych zaci\u0105gni\u0119\u0107 &#8211; wystarcza na 2-3 tygodnie przy umiarkowanym u\u017cytkowaniu<\/li>\n<li>Doskonale wywa\u017cony mentol, kt\u00f3ry jest silny, ale nie leczniczy<\/li>\n<li>Szczelna konstrukcja (kompaktowa konstrukcja 48\u00d720,6\u00d788 mm)<\/li>\n<li>Mechanizm aktywowany rysikiem dla bezproblemowej waporyzacji<\/li>\n<\/ul>\n<h3><strong>Dlaczego warto wybra\u0107 Fizzy Pandora Ice Mint?<\/strong><\/h3>\n<p>\u2744\ufe0f <strong>Arctic Cooling Sensation<\/strong> &#8211; intensywny smak lodowatej mi\u0119ty z ultra-od\u015bwie\u017caj\u0105cym wyko\u0144czeniem.<br \/>\n\u26a1 <strong>Wytrzyma\u0142o\u015b\u0107 akumulatora<\/strong> &#8211; 12 000 zaci\u0105gni\u0119\u0107 dzi\u0119ki akumulatorowi USB-C o pojemno\u015bci 650 mAh<br \/>\n\ud83e\uddca <strong>Krystalicznie czysty smak<\/strong> &#8211; zaawansowana cewka siatkowa 1,4\u03a9 zachowuje mi\u0119tow\u0105 czysto\u015b\u0107.<br \/>\n\ud83d\udca8 <strong>Smooth Yet Powerful<\/strong> &#8211; 5% soli nikotyny z satysfakcjonuj\u0105cym ch\u0142odem w gardle<br \/>\n\ud83d\udee1\ufe0f <strong>Wydajno\u015b\u0107 bez wyciek\u00f3w<\/strong> &#8211; szczelna konstrukcja zapobiega zabrudzeniom <\/p>\n<h3>Zawarto\u015b\u0107 opakowania<\/h3>\n<p>1 \u00d7 urz\u0105dzenie Fizzy Pandora Ice Mint 12000 Puffs<\/p>\n<\/div>\n<div>\n<h3>Specyfikacja<\/h3>\n<table>\n<tbody>\n<tr>\n<td>Puffy<\/td>\n<td><strong>12000+ Puffs<\/strong><\/td>\n<\/tr>\n<tr>\n<td>Pojemno\u015b\u0107 e-p\u0142ynu<\/td>\n<td><strong>20ml<\/strong><\/td>\n<\/tr>\n<tr>\n<td>Pojemno\u015b\u0107 baterii<\/td>\n<td><strong>650 mAh<\/strong><\/td>\n<\/tr>\n<tr>\n<td>Siatkowa cewka<\/td>\n<td><strong>1.4\u03a9<\/strong><\/td>\n<\/tr>\n<tr>\n<td>Rozmiar<\/td>\n<td><strong>48*20.6*88mm<\/strong><\/td>\n<\/tr>\n<tr>\n<td>Jednorazowe czy nie?<\/td>\n<td><strong>Jednorazowy<\/strong><\/td>\n<\/tr>\n<tr>\n<td>Metoda \u0142adowania<\/td>\n<td><strong>Kabel<\/strong><\/td>\n<\/tr>\n<tr>\n<td>Metoda aktywacji<\/td>\n<td><strong>Czujnik<\/strong><\/td>\n<\/tr>\n<tr>\n<td>Poziom nikotyny<\/td>\n<td><strong>5% (50mg\/ml)<\/strong><\/td>\n<\/tr>\n<tr>\n<td>Smaki<\/td>\n<td><strong>12<\/strong><\/td>\n<\/tr>\n<tr>\n<td>Pakowanie<\/td>\n<td><strong>1 opakowanie<\/strong><\/td>\n<\/tr>\n<tr>\n<td>Czas \u0142adowania<\/td>\n<td><strong>2 godziny<\/strong><\/td>\n<\/tr>\n<tr>\n<td>Przechowywanie<\/td>\n<td><strong>Unika\u0107 \u015brodowiska o wysokiej temperaturze i przechowywa\u0107 w ch\u0142odnym i suchym miejscu.<\/strong><\/td>\n<\/tr>\n<tr>\n<td>Osoby, kt\u00f3rym zabrania si\u0119 stosowania<\/td>\n<td><strong>Osoby niepe\u0142noletnie, kobiety w ci\u0105\u017cy i osoby uczulone na sk\u0142adniki produktu.<\/strong><\/td>\n<\/tr>\n<tr>\n<td>Uwaga<\/td>\n<td><strong>Nie po\u0142yka\u0107 tej substancji. W przypadku po\u0142kni\u0119cia nale\u017cy natychmiast dok\u0142adnie wyp\u0142uka\u0107 usta. W przypadku z\u0142ego samopoczucia nale\u017cy skontaktowa\u0107 si\u0119 z lekarzem.  <\/strong><\/td>\n<\/tr>\n<\/tbody>\n<\/table>\n<h3>Lista smak\u00f3w <strong>Fizzy Pandora <\/strong>12000 Puffs:<\/h3>\n<ol>\n<li><a href=\"https:\/\/fizzyvape.eu\/pl\/produkt\/fizzy-pandora-watermelon-12000-puffow\/\">Arbuz<\/a><\/li>\n<li><a href=\"https:\/\/fizzyvape.eu\/pl\/produkt\/fizzy-pandora-mango-12000-puffow\/\">Mango<\/a><\/li>\n<li><a href=\"https:\/\/fizzyvape.eu\/pl\/produkt\/fizzy-pandora-grape-12000-puffow\/\">Winogrono<\/a><\/li>\n<li><a href=\"https:\/\/fizzyvape.eu\/pl\/produkt\/fizzy-pandora-pomegranate-12000-puffow\/\">Granat<\/a><\/li>\n<li><a href=\"https:\/\/fizzyvape.eu\/pl\/produkt\/fizzy-pandora-peach-12000-puffow\/\">Brzoskwinia<\/a><\/li>\n<li><a href=\"https:\/\/fizzyvape.eu\/pl\/produkt\/fizzy-pandora-blueberry-raspberry-12000-puffow\/\">Bor\u00f3wka Malina<\/a><\/li>\n<li><a href=\"https:\/\/fizzyvape.eu\/pl\/produkt\/fizzy-pandora-orange-mango-watermelon-12000-puffow\/\">Pomara\u0144cza Mango Arbuz<\/a><\/li>\n<li><a href=\"https:\/\/fizzyvape.eu\/pl\/produkt\/fizzy-pandora-ice-mint-12000-puffow\/\">Ice Mint<\/a><\/li>\n<li><a href=\"https:\/\/fizzyvape.eu\/product\/fizzy-pandora-strawberry-kiwi-pomegranate-12000-puffs\/\">Truskawka Kiwi Granat<\/a><\/li>\n<li><a href=\"https:\/\/fizzyvape.eu\/product\/fizzy-pandora-blueberry-12000-puffs\/\">Jagoda<\/a><\/li>\n<li><a href=\"https:\/\/fizzyvape.eu\/product\/fizzy-pandora-strawberry-12000-puffs\/\">Truskawka<\/a><\/li>\n<li><a href=\"https:\/\/fizzyvape.eu\/pl\/produkt\/fizzy-pandora-watermelon-blueberry-12000-puffow\/\">Arbuz Jagoda<\/a><\/li>\n<\/ol>\n<h3><strong>FAQ na temat <\/strong><strong>Fizzy Pandora Ice Mint 12000 puff\u00f3w <\/strong><strong>Vape<\/strong><\/h3>\n<p><strong>1. Jak silny jest efekt ch\u0142odzenia?<\/strong><br \/>\nNasz Ice Mint zapewnia intensywno\u015b\u0107 ch\u0142odzenia na poziomie 7\/10 &#8211; zauwa\u017calnie orze\u017awiaj\u0105cy, ale nie przyt\u0142aczaj\u0105cy, idealny do ca\u0142odziennej waporyzacji.<\/p>\n<p><strong>2. Czy smakuje jak leczniczy mentol?<\/strong><br \/>\nNie! U\u017cywamy najwy\u017cszej jako\u015bci aromat\u00f3w, aby uzyska\u0107 naturalny mi\u0119towy smak z czystymi lodowymi nutami, a nie ostrymi leczniczymi tonami. <\/p>\n<p><strong>3. Czy uczucie ch\u0142odzenia b\u0119dzie z czasem zanika\u0107?<\/strong><br \/>\nEfekt mentolowy pozostaje niezmienny przez wszystkie 12 000 zaci\u0105gni\u0119\u0107 dzi\u0119ki naszej stabilizowanej formule smakowej.<\/p>\n<p><strong>4. Czy nadaje si\u0119 do mieszania z innymi smakami?<\/strong><br \/>\nTak! Wielu u\u017cytkownik\u00f3w \u0142\u0105czy go z owocowymi smakami (takimi jak arbuz lub jagoda), tworz\u0105c niestandardowe lodowe mieszanki owocowe. <\/p>\n<\/div>\n","protected":false},"excerpt":{"rendered":"<p><strong>Fizzy Pandora Ice Mint 12000 zaci\u0105gni\u0119\u0107<\/strong>: Do\u015bwiadcz arktycznego podmuchu dzi\u0119ki temu jednorazowemu waporyzatorowi ch\u0142odz\u0105cemu klasy premium, zapewniaj\u0105cemu intensywny lodowaty mi\u0119towy smak i orze\u017awiaj\u0105c\u0105 mentolow\u0105 satysfakcj\u0119 z ka\u017cdego zaci\u0105gni\u0119cia.<\/p>\n","protected":false},"featured_media":20630,"comment_status":"open","ping_status":"closed","template":"","meta":{"iawp_total_views":1},"product_brand":[],"product_cat":[295],"product_tag":[296,383],"class_list":{"0":"post-26421","1":"product","2":"type-product","3":"status-publish","4":"has-post-thumbnail","6":"product_cat-pandora-pl","7":"product_tag-12000-puffow","8":"product_tag-arbuz","10":"first","11":"outofstock","12":"shipping-taxable","13":"purchasable","14":"product-type-variable"},"yoast_head":"<!-- This site is optimized with the Yoast SEO Premium plugin v24.8 (Yoast SEO v24.8) - https:\/\/yoast.com\/wordpress\/plugins\/seo\/ -->\n<title>Fizzy Pandora Ice Mint - 12000 puff\u00f3w - fizzyvape.eu<\/title>\n<meta name=\"robots\" content=\"index, follow, max-snippet:-1, max-image-preview:large, max-video-preview:-1\" \/>\n<link rel=\"canonical\" href=\"https:\/\/fizzyvape.eu\/pl\/produkt\/fizzy-pandora-ice-mint-12000-puffow\/\" \/>\n<meta property=\"og:locale\" content=\"pl_PL\" \/>\n<meta property=\"og:type\" content=\"article\" \/>\n<meta property=\"og:title\" content=\"Fizzy Pandora Ice Mint - 12000 puff\u00f3w\" \/>\n<meta property=\"og:description\" content=\"Fizzy Pandora Ice Mint 12000 zaci\u0105gni\u0119\u0107: Do\u015bwiadcz arktycznego podmuchu dzi\u0119ki temu jednorazowemu waporyzatorowi ch\u0142odz\u0105cemu klasy premium, zapewniaj\u0105cemu intensywny lodowaty mi\u0119towy smak i orze\u017awiaj\u0105c\u0105 mentolow\u0105 satysfakcj\u0119 z ka\u017cdego zaci\u0105gni\u0119cia.\" \/>\n<meta property=\"og:url\" content=\"https:\/\/fizzyvape.eu\/pl\/produkt\/fizzy-pandora-ice-mint-12000-puffow\/\" \/>\n<meta property=\"og:site_name\" content=\"fizzyvape.eu\" \/>\n<meta property=\"og:image\" content=\"https:\/\/fizzyvape.eu\/wp-content\/uploads\/2025\/03\/FizzyVape-Pandora-Ice-Mint-12000Puff.jpg\" \/>\n\t<meta property=\"og:image:width\" content=\"1057\" \/>\n\t<meta property=\"og:image:height\" content=\"1037\" \/>\n\t<meta property=\"og:image:type\" content=\"image\/jpeg\" \/>\n<meta name=\"twitter:card\" content=\"summary_large_image\" \/>\n<meta name=\"twitter:label1\" content=\"Dost\u0119pno\u015b\u0107\" \/>\n\t<meta name=\"twitter:data1\" content=\"Brak w magazynie\" \/>\n<script type=\"application\/ld+json\" class=\"yoast-schema-graph\">{\"@context\":\"https:\/\/schema.org\",\"@graph\":[{\"@type\":\"WebPage\",\"@id\":\"https:\/\/fizzyvape.eu\/pl\/produkt\/fizzy-pandora-ice-mint-12000-puffow\/\",\"url\":\"https:\/\/fizzyvape.eu\/pl\/produkt\/fizzy-pandora-ice-mint-12000-puffow\/\",\"name\":\"Fizzy Pandora Ice Mint - 12000 puff\u00f3w - fizzyvape.eu\",\"isPartOf\":{\"@id\":\"https:\/\/www.fizzyvape.eu\/pl\/#website\"},\"primaryImageOfPage\":{\"@id\":\"https:\/\/fizzyvape.eu\/pl\/produkt\/fizzy-pandora-ice-mint-12000-puffow\/#primaryimage\"},\"image\":{\"@id\":\"https:\/\/fizzyvape.eu\/pl\/produkt\/fizzy-pandora-ice-mint-12000-puffow\/#primaryimage\"},\"thumbnailUrl\":\"https:\/\/fizzyvape.eu\/wp-content\/uploads\/2025\/03\/FizzyVape-Pandora-Ice-Mint-12000Puff.jpg\",\"datePublished\":\"2025-03-27T03:59:29+00:00\",\"breadcrumb\":{\"@id\":\"https:\/\/fizzyvape.eu\/pl\/produkt\/fizzy-pandora-ice-mint-12000-puffow\/#breadcrumb\"},\"inLanguage\":\"pl-PL\",\"potentialAction\":[{\"@type\":\"ReadAction\",\"target\":[\"https:\/\/fizzyvape.eu\/pl\/produkt\/fizzy-pandora-ice-mint-12000-puffow\/\"]}]},{\"@type\":\"ImageObject\",\"inLanguage\":\"pl-PL\",\"@id\":\"https:\/\/fizzyvape.eu\/pl\/produkt\/fizzy-pandora-ice-mint-12000-puffow\/#primaryimage\",\"url\":\"https:\/\/fizzyvape.eu\/wp-content\/uploads\/2025\/03\/FizzyVape-Pandora-Ice-Mint-12000Puff.jpg\",\"contentUrl\":\"https:\/\/fizzyvape.eu\/wp-content\/uploads\/2025\/03\/FizzyVape-Pandora-Ice-Mint-12000Puff.jpg\",\"width\":1057,\"height\":1037,\"caption\":\"FizzyVape-Pandora-Ice-Mint-12000Puff\"},{\"@type\":\"BreadcrumbList\",\"@id\":\"https:\/\/fizzyvape.eu\/pl\/produkt\/fizzy-pandora-ice-mint-12000-puffow\/#breadcrumb\",\"itemListElement\":[{\"@type\":\"ListItem\",\"position\":1,\"name\":\"Home\",\"item\":\"https:\/\/fizzyvape.eu\/pl\/\"},{\"@type\":\"ListItem\",\"position\":2,\"name\":\"Sklep\",\"item\":\"https:\/\/fizzyvape.eu\/pl\/sklep\/\"},{\"@type\":\"ListItem\",\"position\":3,\"name\":\"Fizzy Pandora Ice Mint &#8211; 12000 puff\u00f3w\"}]},{\"@type\":\"WebSite\",\"@id\":\"https:\/\/www.fizzyvape.eu\/pl\/#website\",\"url\":\"https:\/\/www.fizzyvape.eu\/pl\/\",\"name\":\"fizzyvape.eu\",\"description\":\"Refreshing Vapes. Unforgettable Taste.\",\"publisher\":{\"@id\":\"https:\/\/www.fizzyvape.eu\/pl\/#organization\"},\"potentialAction\":[{\"@type\":\"SearchAction\",\"target\":{\"@type\":\"EntryPoint\",\"urlTemplate\":\"https:\/\/www.fizzyvape.eu\/pl\/?s={search_term_string}\"},\"query-input\":{\"@type\":\"PropertyValueSpecification\",\"valueRequired\":true,\"valueName\":\"search_term_string\"}}],\"inLanguage\":\"pl-PL\"},{\"@type\":\"Organization\",\"@id\":\"https:\/\/www.fizzyvape.eu\/pl\/#organization\",\"name\":\"fizzyvape.eu\",\"url\":\"https:\/\/www.fizzyvape.eu\/pl\/\",\"logo\":{\"@type\":\"ImageObject\",\"inLanguage\":\"pl-PL\",\"@id\":\"https:\/\/www.fizzyvape.eu\/pl\/#\/schema\/logo\/image\/\",\"url\":\"https:\/\/fizzyvape.eu\/wp-content\/uploads\/2019\/06\/print-1.svg\",\"contentUrl\":\"https:\/\/fizzyvape.eu\/wp-content\/uploads\/2019\/06\/print-1.svg\",\"width\":124,\"height\":37,\"caption\":\"fizzyvape.eu\"},\"image\":{\"@id\":\"https:\/\/www.fizzyvape.eu\/pl\/#\/schema\/logo\/image\/\"}}]}<\/script>\n<meta property=\"og:availability\" content=\"out of stock\" \/>\n<meta property=\"product:availability\" content=\"out of stock\" \/>\n<meta property=\"product:condition\" content=\"new\" \/>\n<!-- \/ Yoast SEO Premium plugin. -->","yoast_head_json":{"title":"Fizzy Pandora Ice Mint - 12000 puff\u00f3w - fizzyvape.eu","robots":{"index":"index","follow":"follow","max-snippet":"max-snippet:-1","max-image-preview":"max-image-preview:large","max-video-preview":"max-video-preview:-1"},"canonical":"https:\/\/fizzyvape.eu\/pl\/produkt\/fizzy-pandora-ice-mint-12000-puffow\/","og_locale":"pl_PL","og_type":"article","og_title":"Fizzy Pandora Ice Mint - 12000 puff\u00f3w","og_description":"Fizzy Pandora Ice Mint 12000 zaci\u0105gni\u0119\u0107: Do\u015bwiadcz arktycznego podmuchu dzi\u0119ki temu jednorazowemu waporyzatorowi ch\u0142odz\u0105cemu klasy premium, zapewniaj\u0105cemu intensywny lodowaty mi\u0119towy smak i orze\u017awiaj\u0105c\u0105 mentolow\u0105 satysfakcj\u0119 z ka\u017cdego zaci\u0105gni\u0119cia.","og_url":"https:\/\/fizzyvape.eu\/pl\/produkt\/fizzy-pandora-ice-mint-12000-puffow\/","og_site_name":"fizzyvape.eu","og_image":[{"width":1057,"height":1037,"url":"https:\/\/fizzyvape.eu\/wp-content\/uploads\/2025\/03\/FizzyVape-Pandora-Ice-Mint-12000Puff.jpg","type":"image\/jpeg"}],"twitter_card":"summary_large_image","twitter_misc":{"Dost\u0119pno\u015b\u0107":"Brak w magazynie"},"schema":{"@context":"https:\/\/schema.org","@graph":[{"@type":"WebPage","@id":"https:\/\/fizzyvape.eu\/pl\/produkt\/fizzy-pandora-ice-mint-12000-puffow\/","url":"https:\/\/fizzyvape.eu\/pl\/produkt\/fizzy-pandora-ice-mint-12000-puffow\/","name":"Fizzy Pandora Ice Mint - 12000 puff\u00f3w - fizzyvape.eu","isPartOf":{"@id":"https:\/\/www.fizzyvape.eu\/pl\/#website"},"primaryImageOfPage":{"@id":"https:\/\/fizzyvape.eu\/pl\/produkt\/fizzy-pandora-ice-mint-12000-puffow\/#primaryimage"},"image":{"@id":"https:\/\/fizzyvape.eu\/pl\/produkt\/fizzy-pandora-ice-mint-12000-puffow\/#primaryimage"},"thumbnailUrl":"https:\/\/fizzyvape.eu\/wp-content\/uploads\/2025\/03\/FizzyVape-Pandora-Ice-Mint-12000Puff.jpg","datePublished":"2025-03-27T03:59:29+00:00","breadcrumb":{"@id":"https:\/\/fizzyvape.eu\/pl\/produkt\/fizzy-pandora-ice-mint-12000-puffow\/#breadcrumb"},"inLanguage":"pl-PL","potentialAction":[{"@type":"ReadAction","target":["https:\/\/fizzyvape.eu\/pl\/produkt\/fizzy-pandora-ice-mint-12000-puffow\/"]}]},{"@type":"ImageObject","inLanguage":"pl-PL","@id":"https:\/\/fizzyvape.eu\/pl\/produkt\/fizzy-pandora-ice-mint-12000-puffow\/#primaryimage","url":"https:\/\/fizzyvape.eu\/wp-content\/uploads\/2025\/03\/FizzyVape-Pandora-Ice-Mint-12000Puff.jpg","contentUrl":"https:\/\/fizzyvape.eu\/wp-content\/uploads\/2025\/03\/FizzyVape-Pandora-Ice-Mint-12000Puff.jpg","width":1057,"height":1037,"caption":"FizzyVape-Pandora-Ice-Mint-12000Puff"},{"@type":"BreadcrumbList","@id":"https:\/\/fizzyvape.eu\/pl\/produkt\/fizzy-pandora-ice-mint-12000-puffow\/#breadcrumb","itemListElement":[{"@type":"ListItem","position":1,"name":"Home","item":"https:\/\/fizzyvape.eu\/pl\/"},{"@type":"ListItem","position":2,"name":"Sklep","item":"https:\/\/fizzyvape.eu\/pl\/sklep\/"},{"@type":"ListItem","position":3,"name":"Fizzy Pandora Ice Mint &#8211; 12000 puff\u00f3w"}]},{"@type":"WebSite","@id":"https:\/\/www.fizzyvape.eu\/pl\/#website","url":"https:\/\/www.fizzyvape.eu\/pl\/","name":"fizzyvape.eu","description":"Refreshing Vapes. Unforgettable Taste.","publisher":{"@id":"https:\/\/www.fizzyvape.eu\/pl\/#organization"},"potentialAction":[{"@type":"SearchAction","target":{"@type":"EntryPoint","urlTemplate":"https:\/\/www.fizzyvape.eu\/pl\/?s={search_term_string}"},"query-input":{"@type":"PropertyValueSpecification","valueRequired":true,"valueName":"search_term_string"}}],"inLanguage":"pl-PL"},{"@type":"Organization","@id":"https:\/\/www.fizzyvape.eu\/pl\/#organization","name":"fizzyvape.eu","url":"https:\/\/www.fizzyvape.eu\/pl\/","logo":{"@type":"ImageObject","inLanguage":"pl-PL","@id":"https:\/\/www.fizzyvape.eu\/pl\/#\/schema\/logo\/image\/","url":"https:\/\/fizzyvape.eu\/wp-content\/uploads\/2019\/06\/print-1.svg","contentUrl":"https:\/\/fizzyvape.eu\/wp-content\/uploads\/2019\/06\/print-1.svg","width":124,"height":37,"caption":"fizzyvape.eu"},"image":{"@id":"https:\/\/www.fizzyvape.eu\/pl\/#\/schema\/logo\/image\/"}}]},"og_availability":"out of stock","product_availability":"out of stock","product_condition":"new"},"tiered_pricing_type":"fixed","tiered_pricing_fixed_rules":[],"tiered_pricing_product_settings":{"layout":"default","base_unit_name":{"singular":null,"plural":null},"default_variation":null},"tiered_pricing_minimum_quantity":null,"tiered_pricing_roles_data":[],"tiered_pricing_percentage_rules":[],"tiered_pricing_maximum_quantity":null,"tiered_pricing_quantity_step":null,"_links":{"self":[{"href":"https:\/\/fizzyvape.eu\/pl\/wp-json\/wp\/v2\/product\/26421","targetHints":{"allow":["GET"]}}],"collection":[{"href":"https:\/\/fizzyvape.eu\/pl\/wp-json\/wp\/v2\/product"}],"about":[{"href":"https:\/\/fizzyvape.eu\/pl\/wp-json\/wp\/v2\/types\/product"}],"replies":[{"embeddable":true,"href":"https:\/\/fizzyvape.eu\/pl\/wp-json\/wp\/v2\/comments?post=26421"}],"version-history":[{"count":0,"href":"https:\/\/fizzyvape.eu\/pl\/wp-json\/wp\/v2\/product\/26421\/revisions"}],"wp:featuredmedia":[{"embeddable":true,"href":"https:\/\/fizzyvape.eu\/pl\/wp-json\/wp\/v2\/media\/20630"}],"wp:attachment":[{"href":"https:\/\/fizzyvape.eu\/pl\/wp-json\/wp\/v2\/media?parent=26421"}],"wp:term":[{"taxonomy":"product_brand","embeddable":true,"href":"https:\/\/fizzyvape.eu\/pl\/wp-json\/wp\/v2\/product_brand?post=26421"},{"taxonomy":"product_cat","embeddable":true,"href":"https:\/\/fizzyvape.eu\/pl\/wp-json\/wp\/v2\/product_cat?post=26421"},{"taxonomy":"product_tag","embeddable":true,"href":"https:\/\/fizzyvape.eu\/pl\/wp-json\/wp\/v2\/product_tag?post=26421"}],"curies":[{"name":"wp","href":"https:\/\/api.w.org\/{rel}","templated":true}]}}