{"id":26581,"date":"2025-03-26T11:33:42","date_gmt":"2025-03-26T03:33:42","guid":{"rendered":"https:\/\/fizzyvape.eu\/product\/fizzy-great-watermelon-10000-puffow\/"},"modified":"2025-03-26T03:33:42","modified_gmt":"2025-03-25T19:33:42","slug":"fizzy-great-watermelon-10000-puffow","status":"publish","type":"product","link":"https:\/\/fizzyvape.eu\/pl\/produkt\/fizzy-great-watermelon-10000-puffow\/","title":{"rendered":"Fizzy Great Watermelon &#8211; 10000 puff\u00f3w"},"content":{"rendered":"<div>\n<h2>Fizzy Great Watermelon 10000 Puffs &#8211; orze\u017awiaj\u0105cy smak!<\/h2>\n<p>Zanurz si\u0119 w soczystej, gazowanej rozkoszy <strong>Fizzy Great Watermelon 10000 Puffs<\/strong>! Ten wysokiej jako\u015bci jednorazowy vape \u0142\u0105czy w sobie s\u0142odki, pikantny smak dojrza\u0142ego arbuza z musuj\u0105cym musowaniem przypominaj\u0105cym napoje gazowane, zapewniaj\u0105c nieodparte orze\u017awiaj\u0105ce doznania z ka\u017cdym zaci\u0105gni\u0119ciem. Zaprojektowany z my\u015bl\u0105 o d\u0142ugotrwa\u0142ej przyjemno\u015bci, ten 10 000 puff\u00f3w zapewnia satysfakcj\u0119 z g\u0142adkiego, odwa\u017cnego smaku od pocz\u0105tku do ko\u0144ca.Zanurz si\u0119 w soczystej, gazowanej rozkoszy <strong>Fizzy Great Watermelon 10000 Puffs<\/strong>! Ten wysokiej jako\u015bci jednorazowy vape \u0142\u0105czy s\u0142odki, pikantny smak dojrza\u0142ego arbuza z musuj\u0105cym musowaniem przypominaj\u0105cym sod\u0119, zapewniaj\u0105c nieodparte orze\u017awiaj\u0105ce doznania z ka\u017cdym zaci\u0105gni\u0119ciem. Zaprojektowany z my\u015bl\u0105 o d\u0142ugotrwa\u0142ej przyjemno\u015bci, ten 10 000 zaci\u0105gni\u0119\u0107 zapewnia satysfakcj\u0119 z g\u0142adkiego, wyrazistego smaku od pocz\u0105tku do ko\u0144ca.  <\/p>\n<h2><strong>Kluczowe cechy<\/strong><\/h2>\n<ul>\n<li><strong>10 000 bardzo d\u0142ugich zaci\u0105gni\u0119\u0107<\/strong> &#8211; bez wk\u0142ad\u00f3w, bez \u0142adowania, po prostu nieko\u0144cz\u0105ca si\u0119 przyjemno\u015b\u0107.<\/li>\n<li><strong>Juicy Watermelon + Fizzy Soda Twist<\/strong> &#8211; doskonale zbalansowany, ekscytuj\u0105cy smak.<\/li>\n<li><strong>Elegancka i przeno\u015bna konstrukcja<\/strong> &#8211; kompaktowa, lekka i przyjazna w podr\u00f3\u017cy.<\/li>\n<li><strong>Wst\u0119pnie nape\u0142niony i na\u0142adowany<\/strong> &#8211; gotowy do u\u017cycia zaraz po wyj\u0119ciu z pude\u0142ka.<\/li>\n<li><strong>Technologia Advanced Mesh Coil<\/strong> &#8211; dla bogatszego smaku i g\u0119stych, satysfakcjonuj\u0105cych chmur.<\/li>\n<\/ul>\n<h2><strong>Dlaczego warto wybra\u0107 Fizzy Great?<\/strong><\/h2>\n<ul>\n<li><strong>Najwy\u017cszej jako\u015bci sk\u0142adniki<\/strong> &#8211; wysokiej jako\u015bci, testowany laboratoryjnie e-liquid zapewniaj\u0105cy \u0142agodne uderzenie w gard\u0142o.<\/li>\n<li><strong>Sta\u0142y smak<\/strong> &#8211; brak przypalonego posmaku, po prostu chrupi\u0105cy arbuz a\u017c do ostatniego zaci\u0105gni\u0119cia.<\/li>\n<li>Idealny <strong>w podr\u00f3\u017cy<\/strong> &#8211; Idealny do pracy, podr\u00f3\u017cy lub w ka\u017cdej chwili, gdy dopadnie nas ochota.<\/li>\n<\/ul>\n<h3>Zawarto\u015b\u0107 opakowania<\/h3>\n<p>1 \u00d7 Urz\u0105dzenie Fizzy Great Watermelon 10000 Puffs<\/p>\n<\/div>\n<div>\n<h3>Specyfikacja<\/h3>\n<table>\n<tbody>\n<tr>\n<td>Puffy<\/td>\n<td><strong>10000+ Puffs<\/strong><\/td>\n<\/tr>\n<tr>\n<td>Pojemno\u015b\u0107 e-p\u0142ynu<\/td>\n<td><strong>18ml<\/strong><\/td>\n<\/tr>\n<tr>\n<td>Pojemno\u015b\u0107 baterii<\/td>\n<td><strong>650 mAh<\/strong><\/td>\n<\/tr>\n<tr>\n<td>Siatkowa cewka<\/td>\n<td><strong>1.4\u03a9<\/strong><\/td>\n<\/tr>\n<tr>\n<td>Rozmiar<\/td>\n<td><strong>53*30*85.3mm<\/strong><\/td>\n<\/tr>\n<tr>\n<td>Jednorazowe czy nie?<\/td>\n<td><strong>Jednorazowy<\/strong><\/td>\n<\/tr>\n<tr>\n<td>Metoda \u0142adowania<\/td>\n<td><strong>Kabel<\/strong><\/td>\n<\/tr>\n<tr>\n<td>Metoda aktywacji<\/td>\n<td><strong>Czujnik<\/strong><\/td>\n<\/tr>\n<tr>\n<td>Poziom nikotyny<\/td>\n<td><strong>5% (50mg\/ml)<\/strong><\/td>\n<\/tr>\n<tr>\n<td>Smaki<\/td>\n<td><strong>10<\/strong><\/td>\n<\/tr>\n<tr>\n<td>Pakowanie<\/td>\n<td><strong>1 opakowanie<\/strong><\/td>\n<\/tr>\n<tr>\n<td>Czas \u0142adowania<\/td>\n<td><strong>2 godziny<\/strong><\/td>\n<\/tr>\n<tr>\n<td>Przechowywanie<\/td>\n<td><strong>Unika\u0107 \u015brodowiska o wysokiej temperaturze i przechowywa\u0107 w ch\u0142odnym i suchym miejscu.<\/strong><\/td>\n<\/tr>\n<tr>\n<td>Osoby, kt\u00f3rym zabrania si\u0119 stosowania<\/td>\n<td><strong>Osoby niepe\u0142noletnie, kobiety w ci\u0105\u017cy i osoby uczulone na sk\u0142adniki produktu.<\/strong><\/td>\n<\/tr>\n<tr>\n<td>Uwaga<\/td>\n<td><strong>Nie po\u0142yka\u0107 tej substancji. W przypadku po\u0142kni\u0119cia nale\u017cy natychmiast dok\u0142adnie wyp\u0142uka\u0107 usta. W przypadku z\u0142ego samopoczucia nale\u017cy skontaktowa\u0107 si\u0119 z lekarzem.  <\/strong><\/td>\n<\/tr>\n<\/tbody>\n<\/table>\n<h3><strong>Fizzy Great<\/strong> 10000 Lista smak\u00f3w:<\/h3>\n<ol>\n<li><a href=\"https:\/\/fizzyvape.eu\/pl\/produkt\/fizzy-great-watermelon-10000-puffow\/\">Arbuz<\/a><\/li>\n<li><a href=\"https:\/\/fizzyvape.eu\/product\/fizzy-great-blueberry-ice-10000-puffs\/\">L\u00f3d jagodowy<\/a><\/li>\n<li><a href=\"https:\/\/fizzyvape.eu\/product\/fizzy-great-grape-ice-10000-puffs\/\">L\u00f3d winogronowy<\/a><\/li>\n<li><a href=\"https:\/\/fizzyvape.eu\/product\/fizzy-great-lychee-lemon-10000-puffs\/\">Lychee Lemon<\/a><\/li>\n<li><a href=\"https:\/\/fizzyvape.eu\/product\/fizzy-great-pineapple-peach-passion-fruit-10000-puffs\/\">Ananas Brzoskwinia Marakuja<\/a><\/li>\n<li><a href=\"https:\/\/fizzyvape.eu\/product\/fizzy-great-raspberry-grape-10000-puffs\/\">Malina winogrono<\/a><\/li>\n<li><a href=\"https:\/\/fizzyvape.eu\/product\/fizzy-great-peach-10000-puffs\/\">Brzoskwinia<\/a><\/li>\n<li><a href=\"https:\/\/fizzyvape.eu\/pl\/produkt\/fizzy-great-mango-peach-10000-puffow\/\">Mango Brzoskwinia<\/a><\/li>\n<li><a href=\"https:\/\/fizzyvape.eu\/pl\/produkt\/fizzy-great-mixed-berry-10000-puffow\/\">Mixed Berry<\/a><\/li>\n<li><a href=\"https:\/\/fizzyvape.eu\/pl\/produkt\/fizzy-great-watermelon-strawberry-lemonade-10000-puffow\/\">Lemoniada arbuzowo-truskawkowa<\/a><\/li>\n<\/ol>\n<h3><strong>FAQ na temat <\/strong><strong>Musuj\u0105cy Wielki Arbuz <\/strong><strong>Smak Vape<\/strong><\/h3>\n<h4><strong>1. Jak d\u0142ugo dzia\u0142a Fizzy Great Watermelon 10000 Puffs?<\/strong><\/h4>\n<p>Szacunkowa liczba <strong>10 000 zaci\u0105gni\u0119\u0107<\/strong> zale\u017cy od nawyk\u00f3w u\u017cytkowania. W przypadku umiarkowanych vaper\u00f3w mo\u017ce trwa\u0107 <strong>1-2 tygodnie<\/strong>, podczas gdy l\u017cejsi u\u017cytkownicy mog\u0105 cieszy\u0107 si\u0119 nim przez <strong>ponad 3 tygodnie<\/strong>. Czynniki takie jak czas i cz\u0119stotliwo\u015b\u0107 zaci\u0105gania si\u0119 wp\u0142ywaj\u0105 na d\u0142ugowieczno\u015b\u0107.  <\/p>\n<h4><strong>2. Czy smak jest sp\u00f3jny do ostatniego zaci\u0105gni\u0119cia?<\/strong><\/h4>\n<p>Tak! Dzi\u0119ki <strong>zaawansowanej cewce siatkowej<\/strong> i wysokiej jako\u015bci e-cieczy, <strong>soczysty smak arbuza<\/strong> pozostaje wyrazisty i g\u0142adki <strong>przez ca\u0142y okres u\u017cytkowania &#8211; bez<\/strong>przypalonego lub przyt\u0142umionego smaku. <\/p>\n<h4><strong>3. Czy to urz\u0105dzenie wymaga \u0142adowania lub uzupe\u0142niania?<\/strong><\/h4>\n<p>Nie, <strong>Fizzy Great Watermelon 10000 Puffs<\/strong> jest <strong>w pe\u0142ni jednorazowy<\/strong>. Jest on <strong>wst\u0119pnie nape\u0142niony 18 ml e-liquidu<\/strong> i <strong>wbudowan\u0105 bateri\u0105 650 mAh<\/strong>, dzi\u0119ki czemu mo\u017cna go u\u017cywa\u0107 od razu po wyj\u0119ciu z pude\u0142ka, a\u017c do wyczerpania. <\/p>\n<h4><strong>4. Jaka moc nikotyny jest dost\u0119pna?<\/strong><\/h4>\n<p>Ten produkt zawiera <strong>5% (50 mg) soli nikotyny<\/strong>, zapewniaj\u0105c <strong>satysfakcjonuj\u0105ce uderzenie w gard\u0142o<\/strong> bez szorstko\u015bci.<\/p>\n<\/div>\n","protected":false},"excerpt":{"rendered":"<p><strong>Fizzy Great Watermelon 10000 Puffs<\/strong>: Soczysty arbuz z dodatkiem napoju gazowanego. D\u0142ugotrwa\u0142y jednorazowy vape. <\/p>\n","protected":false},"featured_media":20278,"comment_status":"open","ping_status":"closed","template":"","meta":{"iawp_total_views":0},"product_brand":[],"product_cat":[280],"product_tag":[281,383],"class_list":{"0":"post-26581","1":"product","2":"type-product","3":"status-publish","4":"has-post-thumbnail","6":"product_cat-great-pl","7":"product_tag-10000-zaciagniec","8":"product_tag-arbuz","10":"first","11":"outofstock","12":"shipping-taxable","13":"purchasable","14":"product-type-variable"},"yoast_head":"<!-- This site is optimized with the Yoast SEO Premium plugin v24.8 (Yoast SEO v24.8) - https:\/\/yoast.com\/wordpress\/plugins\/seo\/ -->\n<title>Fizzy Great Watermelon - 10000 puff\u00f3w - fizzyvape.eu<\/title>\n<meta name=\"robots\" content=\"index, follow, max-snippet:-1, max-image-preview:large, max-video-preview:-1\" \/>\n<link rel=\"canonical\" href=\"https:\/\/fizzyvape.eu\/pl\/produkt\/fizzy-great-watermelon-10000-puffow\/\" \/>\n<meta property=\"og:locale\" content=\"pl_PL\" \/>\n<meta property=\"og:type\" content=\"article\" \/>\n<meta property=\"og:title\" content=\"Fizzy Great Watermelon - 10000 puff\u00f3w\" \/>\n<meta property=\"og:description\" content=\"Fizzy Great Watermelon 10000 Puffs: Soczysty arbuz z dodatkiem napoju gazowanego. D\u0142ugotrwa\u0142y jednorazowy vape.\" \/>\n<meta property=\"og:url\" content=\"https:\/\/fizzyvape.eu\/pl\/produkt\/fizzy-great-watermelon-10000-puffow\/\" \/>\n<meta property=\"og:site_name\" content=\"fizzyvape.eu\" \/>\n<meta property=\"og:image\" content=\"https:\/\/fizzyvape.eu\/wp-content\/uploads\/2025\/03\/FizzyVape-Great-Watermelon-10000puff.jpg\" \/>\n\t<meta property=\"og:image:width\" content=\"1057\" \/>\n\t<meta property=\"og:image:height\" content=\"1037\" \/>\n\t<meta property=\"og:image:type\" content=\"image\/jpeg\" \/>\n<meta name=\"twitter:card\" content=\"summary_large_image\" \/>\n<meta name=\"twitter:label1\" content=\"Dost\u0119pno\u015b\u0107\" \/>\n\t<meta name=\"twitter:data1\" content=\"Brak w magazynie\" \/>\n<script type=\"application\/ld+json\" class=\"yoast-schema-graph\">{\"@context\":\"https:\/\/schema.org\",\"@graph\":[{\"@type\":\"WebPage\",\"@id\":\"https:\/\/fizzyvape.eu\/pl\/produkt\/fizzy-great-watermelon-10000-puffow\/\",\"url\":\"https:\/\/fizzyvape.eu\/pl\/produkt\/fizzy-great-watermelon-10000-puffow\/\",\"name\":\"Fizzy Great Watermelon - 10000 puff\u00f3w - fizzyvape.eu\",\"isPartOf\":{\"@id\":\"https:\/\/www.fizzyvape.eu\/pl\/#website\"},\"primaryImageOfPage\":{\"@id\":\"https:\/\/fizzyvape.eu\/pl\/produkt\/fizzy-great-watermelon-10000-puffow\/#primaryimage\"},\"image\":{\"@id\":\"https:\/\/fizzyvape.eu\/pl\/produkt\/fizzy-great-watermelon-10000-puffow\/#primaryimage\"},\"thumbnailUrl\":\"https:\/\/fizzyvape.eu\/wp-content\/uploads\/2025\/03\/FizzyVape-Great-Watermelon-10000puff.jpg\",\"datePublished\":\"2025-03-26T03:33:42+00:00\",\"breadcrumb\":{\"@id\":\"https:\/\/fizzyvape.eu\/pl\/produkt\/fizzy-great-watermelon-10000-puffow\/#breadcrumb\"},\"inLanguage\":\"pl-PL\",\"potentialAction\":[{\"@type\":\"ReadAction\",\"target\":[\"https:\/\/fizzyvape.eu\/pl\/produkt\/fizzy-great-watermelon-10000-puffow\/\"]}]},{\"@type\":\"ImageObject\",\"inLanguage\":\"pl-PL\",\"@id\":\"https:\/\/fizzyvape.eu\/pl\/produkt\/fizzy-great-watermelon-10000-puffow\/#primaryimage\",\"url\":\"https:\/\/fizzyvape.eu\/wp-content\/uploads\/2025\/03\/FizzyVape-Great-Watermelon-10000puff.jpg\",\"contentUrl\":\"https:\/\/fizzyvape.eu\/wp-content\/uploads\/2025\/03\/FizzyVape-Great-Watermelon-10000puff.jpg\",\"width\":1057,\"height\":1037,\"caption\":\"FizzyVape-Great-Watermelon-10000puff\"},{\"@type\":\"BreadcrumbList\",\"@id\":\"https:\/\/fizzyvape.eu\/pl\/produkt\/fizzy-great-watermelon-10000-puffow\/#breadcrumb\",\"itemListElement\":[{\"@type\":\"ListItem\",\"position\":1,\"name\":\"Home\",\"item\":\"https:\/\/fizzyvape.eu\/pl\/\"},{\"@type\":\"ListItem\",\"position\":2,\"name\":\"Sklep\",\"item\":\"https:\/\/fizzyvape.eu\/pl\/sklep\/\"},{\"@type\":\"ListItem\",\"position\":3,\"name\":\"Fizzy Great Watermelon &#8211; 10000 puff\u00f3w\"}]},{\"@type\":\"WebSite\",\"@id\":\"https:\/\/www.fizzyvape.eu\/pl\/#website\",\"url\":\"https:\/\/www.fizzyvape.eu\/pl\/\",\"name\":\"fizzyvape.eu\",\"description\":\"Refreshing Vapes. Unforgettable Taste.\",\"publisher\":{\"@id\":\"https:\/\/www.fizzyvape.eu\/pl\/#organization\"},\"potentialAction\":[{\"@type\":\"SearchAction\",\"target\":{\"@type\":\"EntryPoint\",\"urlTemplate\":\"https:\/\/www.fizzyvape.eu\/pl\/?s={search_term_string}\"},\"query-input\":{\"@type\":\"PropertyValueSpecification\",\"valueRequired\":true,\"valueName\":\"search_term_string\"}}],\"inLanguage\":\"pl-PL\"},{\"@type\":\"Organization\",\"@id\":\"https:\/\/www.fizzyvape.eu\/pl\/#organization\",\"name\":\"fizzyvape.eu\",\"url\":\"https:\/\/www.fizzyvape.eu\/pl\/\",\"logo\":{\"@type\":\"ImageObject\",\"inLanguage\":\"pl-PL\",\"@id\":\"https:\/\/www.fizzyvape.eu\/pl\/#\/schema\/logo\/image\/\",\"url\":\"https:\/\/fizzyvape.eu\/wp-content\/uploads\/2019\/06\/print-1.svg\",\"contentUrl\":\"https:\/\/fizzyvape.eu\/wp-content\/uploads\/2019\/06\/print-1.svg\",\"width\":124,\"height\":37,\"caption\":\"fizzyvape.eu\"},\"image\":{\"@id\":\"https:\/\/www.fizzyvape.eu\/pl\/#\/schema\/logo\/image\/\"}}]}<\/script>\n<meta property=\"og:availability\" content=\"out of stock\" \/>\n<meta property=\"product:availability\" content=\"out of stock\" \/>\n<meta property=\"product:condition\" content=\"new\" \/>\n<!-- \/ Yoast SEO Premium plugin. -->","yoast_head_json":{"title":"Fizzy Great Watermelon - 10000 puff\u00f3w - fizzyvape.eu","robots":{"index":"index","follow":"follow","max-snippet":"max-snippet:-1","max-image-preview":"max-image-preview:large","max-video-preview":"max-video-preview:-1"},"canonical":"https:\/\/fizzyvape.eu\/pl\/produkt\/fizzy-great-watermelon-10000-puffow\/","og_locale":"pl_PL","og_type":"article","og_title":"Fizzy Great Watermelon - 10000 puff\u00f3w","og_description":"Fizzy Great Watermelon 10000 Puffs: Soczysty arbuz z dodatkiem napoju gazowanego. D\u0142ugotrwa\u0142y jednorazowy vape.","og_url":"https:\/\/fizzyvape.eu\/pl\/produkt\/fizzy-great-watermelon-10000-puffow\/","og_site_name":"fizzyvape.eu","og_image":[{"width":1057,"height":1037,"url":"https:\/\/fizzyvape.eu\/wp-content\/uploads\/2025\/03\/FizzyVape-Great-Watermelon-10000puff.jpg","type":"image\/jpeg"}],"twitter_card":"summary_large_image","twitter_misc":{"Dost\u0119pno\u015b\u0107":"Brak w magazynie"},"schema":{"@context":"https:\/\/schema.org","@graph":[{"@type":"WebPage","@id":"https:\/\/fizzyvape.eu\/pl\/produkt\/fizzy-great-watermelon-10000-puffow\/","url":"https:\/\/fizzyvape.eu\/pl\/produkt\/fizzy-great-watermelon-10000-puffow\/","name":"Fizzy Great Watermelon - 10000 puff\u00f3w - fizzyvape.eu","isPartOf":{"@id":"https:\/\/www.fizzyvape.eu\/pl\/#website"},"primaryImageOfPage":{"@id":"https:\/\/fizzyvape.eu\/pl\/produkt\/fizzy-great-watermelon-10000-puffow\/#primaryimage"},"image":{"@id":"https:\/\/fizzyvape.eu\/pl\/produkt\/fizzy-great-watermelon-10000-puffow\/#primaryimage"},"thumbnailUrl":"https:\/\/fizzyvape.eu\/wp-content\/uploads\/2025\/03\/FizzyVape-Great-Watermelon-10000puff.jpg","datePublished":"2025-03-26T03:33:42+00:00","breadcrumb":{"@id":"https:\/\/fizzyvape.eu\/pl\/produkt\/fizzy-great-watermelon-10000-puffow\/#breadcrumb"},"inLanguage":"pl-PL","potentialAction":[{"@type":"ReadAction","target":["https:\/\/fizzyvape.eu\/pl\/produkt\/fizzy-great-watermelon-10000-puffow\/"]}]},{"@type":"ImageObject","inLanguage":"pl-PL","@id":"https:\/\/fizzyvape.eu\/pl\/produkt\/fizzy-great-watermelon-10000-puffow\/#primaryimage","url":"https:\/\/fizzyvape.eu\/wp-content\/uploads\/2025\/03\/FizzyVape-Great-Watermelon-10000puff.jpg","contentUrl":"https:\/\/fizzyvape.eu\/wp-content\/uploads\/2025\/03\/FizzyVape-Great-Watermelon-10000puff.jpg","width":1057,"height":1037,"caption":"FizzyVape-Great-Watermelon-10000puff"},{"@type":"BreadcrumbList","@id":"https:\/\/fizzyvape.eu\/pl\/produkt\/fizzy-great-watermelon-10000-puffow\/#breadcrumb","itemListElement":[{"@type":"ListItem","position":1,"name":"Home","item":"https:\/\/fizzyvape.eu\/pl\/"},{"@type":"ListItem","position":2,"name":"Sklep","item":"https:\/\/fizzyvape.eu\/pl\/sklep\/"},{"@type":"ListItem","position":3,"name":"Fizzy Great Watermelon &#8211; 10000 puff\u00f3w"}]},{"@type":"WebSite","@id":"https:\/\/www.fizzyvape.eu\/pl\/#website","url":"https:\/\/www.fizzyvape.eu\/pl\/","name":"fizzyvape.eu","description":"Refreshing Vapes. Unforgettable Taste.","publisher":{"@id":"https:\/\/www.fizzyvape.eu\/pl\/#organization"},"potentialAction":[{"@type":"SearchAction","target":{"@type":"EntryPoint","urlTemplate":"https:\/\/www.fizzyvape.eu\/pl\/?s={search_term_string}"},"query-input":{"@type":"PropertyValueSpecification","valueRequired":true,"valueName":"search_term_string"}}],"inLanguage":"pl-PL"},{"@type":"Organization","@id":"https:\/\/www.fizzyvape.eu\/pl\/#organization","name":"fizzyvape.eu","url":"https:\/\/www.fizzyvape.eu\/pl\/","logo":{"@type":"ImageObject","inLanguage":"pl-PL","@id":"https:\/\/www.fizzyvape.eu\/pl\/#\/schema\/logo\/image\/","url":"https:\/\/fizzyvape.eu\/wp-content\/uploads\/2019\/06\/print-1.svg","contentUrl":"https:\/\/fizzyvape.eu\/wp-content\/uploads\/2019\/06\/print-1.svg","width":124,"height":37,"caption":"fizzyvape.eu"},"image":{"@id":"https:\/\/www.fizzyvape.eu\/pl\/#\/schema\/logo\/image\/"}}]},"og_availability":"out of stock","product_availability":"out of stock","product_condition":"new"},"tiered_pricing_type":"percentage","tiered_pricing_fixed_rules":[],"tiered_pricing_product_settings":{"layout":"default","base_unit_name":{"singular":null,"plural":null},"default_variation":null},"tiered_pricing_minimum_quantity":null,"tiered_pricing_roles_data":[],"tiered_pricing_percentage_rules":{"2":"5","3":"10","9":"15"},"tiered_pricing_maximum_quantity":null,"tiered_pricing_quantity_step":null,"_links":{"self":[{"href":"https:\/\/fizzyvape.eu\/pl\/wp-json\/wp\/v2\/product\/26581","targetHints":{"allow":["GET"]}}],"collection":[{"href":"https:\/\/fizzyvape.eu\/pl\/wp-json\/wp\/v2\/product"}],"about":[{"href":"https:\/\/fizzyvape.eu\/pl\/wp-json\/wp\/v2\/types\/product"}],"replies":[{"embeddable":true,"href":"https:\/\/fizzyvape.eu\/pl\/wp-json\/wp\/v2\/comments?post=26581"}],"version-history":[{"count":0,"href":"https:\/\/fizzyvape.eu\/pl\/wp-json\/wp\/v2\/product\/26581\/revisions"}],"wp:featuredmedia":[{"embeddable":true,"href":"https:\/\/fizzyvape.eu\/pl\/wp-json\/wp\/v2\/media\/20278"}],"wp:attachment":[{"href":"https:\/\/fizzyvape.eu\/pl\/wp-json\/wp\/v2\/media?parent=26581"}],"wp:term":[{"taxonomy":"product_brand","embeddable":true,"href":"https:\/\/fizzyvape.eu\/pl\/wp-json\/wp\/v2\/product_brand?post=26581"},{"taxonomy":"product_cat","embeddable":true,"href":"https:\/\/fizzyvape.eu\/pl\/wp-json\/wp\/v2\/product_cat?post=26581"},{"taxonomy":"product_tag","embeddable":true,"href":"https:\/\/fizzyvape.eu\/pl\/wp-json\/wp\/v2\/product_tag?post=26581"}],"curies":[{"name":"wp","href":"https:\/\/api.w.org\/{rel}","templated":true}]}}