{"id":26617,"date":"2025-03-26T15:28:33","date_gmt":"2025-03-26T07:28:33","guid":{"rendered":"https:\/\/fizzyvape.eu\/product\/fizzy-great-grape-ice-10000-zaciagniec\/"},"modified":"2025-03-26T07:28:33","modified_gmt":"2025-03-25T23:28:33","slug":"fizzy-great-grape-ice-10000-zaciagniec","status":"publish","type":"product","link":"https:\/\/fizzyvape.eu\/pl\/produkt\/fizzy-great-grape-ice-10000-zaciagniec\/","title":{"rendered":"Fizzy Great Grape Ice &#8211; 10000 zaci\u0105gni\u0119\u0107"},"content":{"rendered":"<div>\n<h3><strong>Fizzy Great Grape Ice 10000 Puffs &#8211; Lodowa winogronowa euforia w ka\u017cdym puffie!<\/strong><\/h3>\n<p>Do\u015bwiadcz <strong>odwa\u017cnego, soczystego smaku dojrza\u0142ych winogron<\/strong> z <strong>orze\u017awiaj\u0105cym lodowym wyko\u0144czeniem<\/strong> w jednorazowym waporyzatorze <strong>Fizzy Great Grape Ice 10000 Puffs<\/strong>. To wysokiej jako\u015bci urz\u0105dzenie zapewnia <strong>s\u0142odki, pikantny smak winogron<\/strong>, idealnie zbalansowany z <strong>ch\u0142odnym mentolowym podmuchem<\/strong>, tworz\u0105c orze\u017awiaj\u0105co g\u0142adkie doznania podczas waporyzacji. Dzi\u0119ki <strong>10 000 bardzo d\u0142ugich zaci\u0105gni\u0119\u0107<\/strong> mo\u017cesz cieszy\u0107 si\u0119 nieprzerwan\u0105 satysfakcj\u0105 bez konieczno\u015bci uzupe\u0142niania lub \u0142adowania.  <\/p>\n<h2><strong>Kluczowe cechy<\/strong><\/h2>\n<p><strong>10 000 zaci\u0105gni\u0119\u0107<\/strong> &#8211; d\u0142ugotrwa\u0142a wydajno\u015b\u0107 zapewniaj\u0105ca wiele tygodni przyjemno\u015bci.<br \/>\n<strong>Smak Grape Ice<\/strong> &#8211; soczysta s\u0142odycz winogron \u0142\u0105czy si\u0119 z lodowat\u0105 mentolow\u0105 \u015bwie\u017co\u015bci\u0105.<br \/>\n<strong>Elegancki i przeno\u015bny<\/strong> &#8211; kompaktowa, lekka konstrukcja do waporyzacji w podr\u00f3\u017cy <strong>.<\/strong><br \/>\n<strong>Wst\u0119pnie nape\u0142niony i na\u0142adowany<\/strong> &#8211; gotowy do u\u017cycia zaraz po wyj\u0119ciu z pude\u0142ka.<br \/>\n<strong>Technologia Mesh Coil<\/strong> &#8211; bogaty, sp\u00f3jny smak i g\u0119ste chmury od pierwszego do ostatniego zaci\u0105gni\u0119cia.<\/p>\n<h3><strong>Dlaczego warto wybra\u0107 Fizzy Great?<\/strong><\/h3>\n<ul>\n<li><strong>Najwy\u017csza jako\u015b\u0107<\/strong> &#8211; testowany laboratoryjnie e-liquid zapewnia p\u0142ynne, sp\u00f3jne uderzenie.<\/li>\n<li><strong>Ca\u0142odzienne wapowanie<\/strong> &#8211; ogromna pojemno\u015b\u0107 18 ml i d\u0142ugotrwa\u0142a bateria.<\/li>\n<li><strong>Gotowy do podr\u00f3\u017cy<\/strong> &#8211; szczelny i przyjazny dla TSA (tam, gdzie jest to dozwolone).<\/li>\n<\/ul>\n<h3>Zawarto\u015b\u0107 opakowania<\/h3>\n<p>1 \u00d7 Urz\u0105dzenie Fizzy Great Grape Ice 10000 Puffs<\/p>\n<\/div>\n<div>\n<h3>Specyfikacja<\/h3>\n<table>\n<tbody>\n<tr>\n<td>Puffy<\/td>\n<td><strong>10000+ Puffs<\/strong><\/td>\n<\/tr>\n<tr>\n<td>Pojemno\u015b\u0107 e-p\u0142ynu<\/td>\n<td><strong>18ml<\/strong><\/td>\n<\/tr>\n<tr>\n<td>Pojemno\u015b\u0107 baterii<\/td>\n<td><strong>650 mAh<\/strong><\/td>\n<\/tr>\n<tr>\n<td>Siatkowa cewka<\/td>\n<td><strong>1.4\u03a9<\/strong><\/td>\n<\/tr>\n<tr>\n<td>Rozmiar<\/td>\n<td><strong>53*30*85.3mm<\/strong><\/td>\n<\/tr>\n<tr>\n<td>Jednorazowe czy nie?<\/td>\n<td><strong>Jednorazowy<\/strong><\/td>\n<\/tr>\n<tr>\n<td>Metoda \u0142adowania<\/td>\n<td><strong>Kabel<\/strong><\/td>\n<\/tr>\n<tr>\n<td>Metoda aktywacji<\/td>\n<td><strong>Czujnik<\/strong><\/td>\n<\/tr>\n<tr>\n<td>Poziom nikotyny<\/td>\n<td><strong>5% (50mg\/ml)<\/strong><\/td>\n<\/tr>\n<tr>\n<td>Smaki<\/td>\n<td><strong>10<\/strong><\/td>\n<\/tr>\n<tr>\n<td>Pakowanie<\/td>\n<td><strong>1 opakowanie<\/strong><\/td>\n<\/tr>\n<tr>\n<td>Czas \u0142adowania<\/td>\n<td><strong>2 godziny<\/strong><\/td>\n<\/tr>\n<tr>\n<td>Przechowywanie<\/td>\n<td><strong>Unika\u0107 \u015brodowiska o wysokiej temperaturze i przechowywa\u0107 w ch\u0142odnym i suchym miejscu.<\/strong><\/td>\n<\/tr>\n<tr>\n<td>Osoby, kt\u00f3rym zabrania si\u0119 stosowania<\/td>\n<td><strong>Osoby niepe\u0142noletnie, kobiety w ci\u0105\u017cy i osoby uczulone na sk\u0142adniki produktu.<\/strong><\/td>\n<\/tr>\n<tr>\n<td>Uwaga<\/td>\n<td><strong>Nie po\u0142yka\u0107 tej substancji. W przypadku po\u0142kni\u0119cia nale\u017cy natychmiast dok\u0142adnie wyp\u0142uka\u0107 usta. W przypadku z\u0142ego samopoczucia nale\u017cy skontaktowa\u0107 si\u0119 z lekarzem.  <\/strong><\/td>\n<\/tr>\n<\/tbody>\n<\/table>\n<h3>Lista smak\u00f3w <strong>Fizzy Great<\/strong> 10000 Puffs:<\/h3>\n<ol>\n<li><a href=\"https:\/\/fizzyvape.eu\/pl\/produkt\/fizzy-great-watermelon-10000-puffow\/\">Arbuz<\/a><\/li>\n<li><a href=\"https:\/\/fizzyvape.eu\/pl\/produkt\/fizzy-great-blueberry-ice-10000-puffow\/\">L\u00f3d jagodowy<\/a><\/li>\n<li><a href=\"https:\/\/fizzyvape.eu\/pl\/produkt\/fizzy-great-grape-ice-10000-zaciagniec\/\">L\u00f3d winogronowy<\/a><\/li>\n<li><a href=\"https:\/\/fizzyvape.eu\/product\/fizzy-great-lychee-lemon-10000-puffs\/\">Lychee Lemon<\/a><\/li>\n<li><a href=\"https:\/\/fizzyvape.eu\/product\/fizzy-great-pineapple-peach-passion-fruit-10000-puffs\/\">Ananas Brzoskwinia Marakuja<\/a><\/li>\n<li><a href=\"https:\/\/fizzyvape.eu\/product\/fizzy-great-raspberry-grape-10000-puffs\/\">Malina winogrono<\/a><\/li>\n<li><a href=\"https:\/\/fizzyvape.eu\/product\/fizzy-great-peach-10000-puffs\/\">Brzoskwinia<\/a><\/li>\n<li><a href=\"https:\/\/fizzyvape.eu\/pl\/produkt\/fizzy-great-mango-peach-10000-puffow\/\">Mango Brzoskwinia<\/a><\/li>\n<li><a href=\"https:\/\/fizzyvape.eu\/pl\/produkt\/fizzy-great-mixed-berry-10000-puffow\/\">Mixed Berry<\/a><\/li>\n<li><a href=\"https:\/\/fizzyvape.eu\/pl\/produkt\/fizzy-great-watermelon-strawberry-lemonade-10000-puffow\/\">Lemoniada arbuzowo-truskawkowa<\/a><\/li>\n<\/ol>\n<h3><strong>Najcz\u0119\u015bciej zadawane pytania dotycz\u0105ce Fizzy Great Grape Ice<\/strong><strong> <\/strong><strong>Vape<\/strong><\/h3>\n<ol start=\"1\">\n<li><strong>Na ile dni wystarczy 10 000 zaci\u0105gni\u0119\u0107?<\/strong><br \/>\nW przypadku wi\u0119kszo\u015bci waper\u00f3w Fizzy Great Grape Ice wystarcza na 7-14 dni regularnego u\u017cytkowania. Lekcy u\u017cytkownicy mog\u0105 cieszy\u0107 si\u0119 nim przez ponad 3 tygodnie, podczas gdy ci\u0119\u017ccy waperzy mog\u0105 sko\u0144czy\u0107 go szybciej, w zale\u017cno\u015bci od cz\u0119stotliwo\u015bci zaci\u0105gania si\u0119. <\/li>\n<li><strong>Czy smak winogron jest bardziej s\u0142odki czy lodowaty?<\/strong><br \/>\nTo idealna r\u00f3wnowaga! Na pocz\u0105tku poczujesz s\u0142odki, soczysty smak winogron, a nast\u0119pnie orze\u017awiaj\u0105cy lodowaty mentolowy finisz &#8211; nie za s\u0142odki, nie za zimny, po prostu doskonale orze\u017awiaj\u0105cy. <\/li>\n<li><strong>Czy urz\u0105dzenie wymaga konserwacji?<\/strong><br \/>\nWcale nie! Fizzy Great Grape Ice jest ca\u0142kowicie jednorazowy i nie wymaga \u0142adowania, uzupe\u0142niania ani wymiany cewek. Po prostu u\u017cywaj go prosto z opakowania, a\u017c si\u0119 sko\u0144czy.  <\/li>\n<li><strong>Jaka moc nikotyny jest dost\u0119pna?<\/strong><br \/>\nTo urz\u0105dzenie zawiera 5% (50 mg) soli nikotyny, zapewniaj\u0105c satysfakcjonuj\u0105ce uderzenie w gard\u0142o bez szorstko\u015bci.<\/li>\n<li><strong>Czy jako\u015b\u0107 smaku pozostanie niezmienna?<\/strong><br \/>\nAbsolutnie! Dzi\u0119ki zaawansowanej technologii cewki siatkowej b\u0119dziesz cieszy\u0107 si\u0119 tym samym bogatym smakiem lodu winogronowego od pierwszego do ostatniego zaci\u0105gni\u0119cia si\u0119 &#8211; bez przypalonego smaku lub degradacji smaku. <\/li>\n<\/ol>\n<\/div>\n","protected":false},"excerpt":{"rendered":"<p><strong>Fizzy Great Grape Ice 10000 Puffs<\/strong> &#8211; mro\u017ana eksplozja <strong>soczystych winogron<\/strong> spotyka si\u0119 z lodowatym <strong>mentolem<\/strong> w tym jednorazowym waporyzatorze premium! Ciesz si\u0119 <strong>10 000 ultra g\u0142adkich zaci\u0105gni\u0119\u0107<\/strong> o idealnie zbalansowanym <strong>s\u0142odko-gorzkim smaku winogron<\/strong> z orze\u017awiaj\u0105cym ch\u0142odem. <strong>Wst\u0119pnie nape\u0142niony, wst\u0119pnie na\u0142adowany i gotowy do podr\u00f3\u017cy &#8211; bez<\/strong>konserwacji, tylko natychmiastowa satysfakcja. <strong>Technologia cewki siatkowej<\/strong> zapewnia bogaty smak i g\u0119ste chmury od pierwszego do ostatniego zaci\u0105gni\u0119cia.  <\/p>\n","protected":false},"featured_media":20214,"comment_status":"open","ping_status":"closed","template":"","meta":{"iawp_total_views":0},"product_brand":[],"product_cat":[280],"product_tag":[281,409],"class_list":{"0":"post-26617","1":"product","2":"type-product","3":"status-publish","4":"has-post-thumbnail","6":"product_cat-great-pl","7":"product_tag-10000-zaciagniec","8":"product_tag-lod-winogronowy","10":"first","11":"outofstock","12":"shipping-taxable","13":"purchasable","14":"product-type-variable"},"yoast_head":"<!-- This site is optimized with the Yoast SEO Premium plugin v24.8 (Yoast SEO v24.8) - https:\/\/yoast.com\/wordpress\/plugins\/seo\/ -->\n<title>Fizzy Great Grape Ice - 10000 zaci\u0105gni\u0119\u0107 - fizzyvape.eu<\/title>\n<meta name=\"robots\" content=\"index, follow, max-snippet:-1, max-image-preview:large, max-video-preview:-1\" \/>\n<link rel=\"canonical\" href=\"https:\/\/fizzyvape.eu\/pl\/produkt\/fizzy-great-grape-ice-10000-zaciagniec\/\" \/>\n<meta property=\"og:locale\" content=\"pl_PL\" \/>\n<meta property=\"og:type\" content=\"article\" \/>\n<meta property=\"og:title\" content=\"Fizzy Great Grape Ice - 10000 zaci\u0105gni\u0119\u0107\" \/>\n<meta property=\"og:description\" content=\"Fizzy Great Grape Ice 10000 Puffs - mro\u017ana eksplozja soczystych winogron spotyka si\u0119 z lodowatym mentolem w tym jednorazowym waporyzatorze premium! Ciesz si\u0119 10 000 ultra g\u0142adkich zaci\u0105gni\u0119\u0107 o idealnie zbalansowanym s\u0142odko-gorzkim smaku winogron z orze\u017awiaj\u0105cym ch\u0142odem. Wst\u0119pnie nape\u0142niony, wst\u0119pnie na\u0142adowany i gotowy do podr\u00f3\u017cy - bezkonserwacji, tylko natychmiastowa satysfakcja. Technologia cewki siatkowej zapewnia bogaty smak i g\u0119ste chmury od pierwszego do ostatniego zaci\u0105gni\u0119cia.\" \/>\n<meta property=\"og:url\" content=\"https:\/\/fizzyvape.eu\/pl\/produkt\/fizzy-great-grape-ice-10000-zaciagniec\/\" \/>\n<meta property=\"og:site_name\" content=\"fizzyvape.eu\" \/>\n<meta property=\"og:image\" content=\"https:\/\/fizzyvape.eu\/wp-content\/uploads\/2025\/03\/FizzyVape-Great-Grape-Ice-10000puff.jpg\" \/>\n\t<meta property=\"og:image:width\" content=\"1057\" \/>\n\t<meta property=\"og:image:height\" content=\"1037\" \/>\n\t<meta property=\"og:image:type\" content=\"image\/jpeg\" \/>\n<meta name=\"twitter:card\" content=\"summary_large_image\" \/>\n<meta name=\"twitter:label1\" content=\"Dost\u0119pno\u015b\u0107\" \/>\n\t<meta name=\"twitter:data1\" content=\"Brak w magazynie\" \/>\n<script type=\"application\/ld+json\" class=\"yoast-schema-graph\">{\"@context\":\"https:\/\/schema.org\",\"@graph\":[{\"@type\":\"WebPage\",\"@id\":\"https:\/\/fizzyvape.eu\/pl\/produkt\/fizzy-great-grape-ice-10000-zaciagniec\/\",\"url\":\"https:\/\/fizzyvape.eu\/pl\/produkt\/fizzy-great-grape-ice-10000-zaciagniec\/\",\"name\":\"Fizzy Great Grape Ice - 10000 zaci\u0105gni\u0119\u0107 - fizzyvape.eu\",\"isPartOf\":{\"@id\":\"https:\/\/www.fizzyvape.eu\/pl\/#website\"},\"primaryImageOfPage\":{\"@id\":\"https:\/\/fizzyvape.eu\/pl\/produkt\/fizzy-great-grape-ice-10000-zaciagniec\/#primaryimage\"},\"image\":{\"@id\":\"https:\/\/fizzyvape.eu\/pl\/produkt\/fizzy-great-grape-ice-10000-zaciagniec\/#primaryimage\"},\"thumbnailUrl\":\"https:\/\/fizzyvape.eu\/wp-content\/uploads\/2025\/03\/FizzyVape-Great-Grape-Ice-10000puff.jpg\",\"datePublished\":\"2025-03-26T07:28:33+00:00\",\"breadcrumb\":{\"@id\":\"https:\/\/fizzyvape.eu\/pl\/produkt\/fizzy-great-grape-ice-10000-zaciagniec\/#breadcrumb\"},\"inLanguage\":\"pl-PL\",\"potentialAction\":[{\"@type\":\"ReadAction\",\"target\":[\"https:\/\/fizzyvape.eu\/pl\/produkt\/fizzy-great-grape-ice-10000-zaciagniec\/\"]}]},{\"@type\":\"ImageObject\",\"inLanguage\":\"pl-PL\",\"@id\":\"https:\/\/fizzyvape.eu\/pl\/produkt\/fizzy-great-grape-ice-10000-zaciagniec\/#primaryimage\",\"url\":\"https:\/\/fizzyvape.eu\/wp-content\/uploads\/2025\/03\/FizzyVape-Great-Grape-Ice-10000puff.jpg\",\"contentUrl\":\"https:\/\/fizzyvape.eu\/wp-content\/uploads\/2025\/03\/FizzyVape-Great-Grape-Ice-10000puff.jpg\",\"width\":1057,\"height\":1037,\"caption\":\"FizzyVape-Great-Grape Ice-10000puff\"},{\"@type\":\"BreadcrumbList\",\"@id\":\"https:\/\/fizzyvape.eu\/pl\/produkt\/fizzy-great-grape-ice-10000-zaciagniec\/#breadcrumb\",\"itemListElement\":[{\"@type\":\"ListItem\",\"position\":1,\"name\":\"Home\",\"item\":\"https:\/\/fizzyvape.eu\/pl\/\"},{\"@type\":\"ListItem\",\"position\":2,\"name\":\"Sklep\",\"item\":\"https:\/\/fizzyvape.eu\/pl\/sklep\/\"},{\"@type\":\"ListItem\",\"position\":3,\"name\":\"Fizzy Great Grape Ice &#8211; 10000 zaci\u0105gni\u0119\u0107\"}]},{\"@type\":\"WebSite\",\"@id\":\"https:\/\/www.fizzyvape.eu\/pl\/#website\",\"url\":\"https:\/\/www.fizzyvape.eu\/pl\/\",\"name\":\"fizzyvape.eu\",\"description\":\"Refreshing Vapes. Unforgettable Taste.\",\"publisher\":{\"@id\":\"https:\/\/www.fizzyvape.eu\/pl\/#organization\"},\"potentialAction\":[{\"@type\":\"SearchAction\",\"target\":{\"@type\":\"EntryPoint\",\"urlTemplate\":\"https:\/\/www.fizzyvape.eu\/pl\/?s={search_term_string}\"},\"query-input\":{\"@type\":\"PropertyValueSpecification\",\"valueRequired\":true,\"valueName\":\"search_term_string\"}}],\"inLanguage\":\"pl-PL\"},{\"@type\":\"Organization\",\"@id\":\"https:\/\/www.fizzyvape.eu\/pl\/#organization\",\"name\":\"fizzyvape.eu\",\"url\":\"https:\/\/www.fizzyvape.eu\/pl\/\",\"logo\":{\"@type\":\"ImageObject\",\"inLanguage\":\"pl-PL\",\"@id\":\"https:\/\/www.fizzyvape.eu\/pl\/#\/schema\/logo\/image\/\",\"url\":\"https:\/\/fizzyvape.eu\/wp-content\/uploads\/2019\/06\/print-1.svg\",\"contentUrl\":\"https:\/\/fizzyvape.eu\/wp-content\/uploads\/2019\/06\/print-1.svg\",\"width\":124,\"height\":37,\"caption\":\"fizzyvape.eu\"},\"image\":{\"@id\":\"https:\/\/www.fizzyvape.eu\/pl\/#\/schema\/logo\/image\/\"}}]}<\/script>\n<meta property=\"og:availability\" content=\"out of stock\" \/>\n<meta property=\"product:availability\" content=\"out of stock\" \/>\n<meta property=\"product:condition\" content=\"new\" \/>\n<!-- \/ Yoast SEO Premium plugin. -->","yoast_head_json":{"title":"Fizzy Great Grape Ice - 10000 zaci\u0105gni\u0119\u0107 - fizzyvape.eu","robots":{"index":"index","follow":"follow","max-snippet":"max-snippet:-1","max-image-preview":"max-image-preview:large","max-video-preview":"max-video-preview:-1"},"canonical":"https:\/\/fizzyvape.eu\/pl\/produkt\/fizzy-great-grape-ice-10000-zaciagniec\/","og_locale":"pl_PL","og_type":"article","og_title":"Fizzy Great Grape Ice - 10000 zaci\u0105gni\u0119\u0107","og_description":"Fizzy Great Grape Ice 10000 Puffs - mro\u017ana eksplozja soczystych winogron spotyka si\u0119 z lodowatym mentolem w tym jednorazowym waporyzatorze premium! Ciesz si\u0119 10 000 ultra g\u0142adkich zaci\u0105gni\u0119\u0107 o idealnie zbalansowanym s\u0142odko-gorzkim smaku winogron z orze\u017awiaj\u0105cym ch\u0142odem. Wst\u0119pnie nape\u0142niony, wst\u0119pnie na\u0142adowany i gotowy do podr\u00f3\u017cy - bezkonserwacji, tylko natychmiastowa satysfakcja. Technologia cewki siatkowej zapewnia bogaty smak i g\u0119ste chmury od pierwszego do ostatniego zaci\u0105gni\u0119cia.","og_url":"https:\/\/fizzyvape.eu\/pl\/produkt\/fizzy-great-grape-ice-10000-zaciagniec\/","og_site_name":"fizzyvape.eu","og_image":[{"width":1057,"height":1037,"url":"https:\/\/fizzyvape.eu\/wp-content\/uploads\/2025\/03\/FizzyVape-Great-Grape-Ice-10000puff.jpg","type":"image\/jpeg"}],"twitter_card":"summary_large_image","twitter_misc":{"Dost\u0119pno\u015b\u0107":"Brak w magazynie"},"schema":{"@context":"https:\/\/schema.org","@graph":[{"@type":"WebPage","@id":"https:\/\/fizzyvape.eu\/pl\/produkt\/fizzy-great-grape-ice-10000-zaciagniec\/","url":"https:\/\/fizzyvape.eu\/pl\/produkt\/fizzy-great-grape-ice-10000-zaciagniec\/","name":"Fizzy Great Grape Ice - 10000 zaci\u0105gni\u0119\u0107 - fizzyvape.eu","isPartOf":{"@id":"https:\/\/www.fizzyvape.eu\/pl\/#website"},"primaryImageOfPage":{"@id":"https:\/\/fizzyvape.eu\/pl\/produkt\/fizzy-great-grape-ice-10000-zaciagniec\/#primaryimage"},"image":{"@id":"https:\/\/fizzyvape.eu\/pl\/produkt\/fizzy-great-grape-ice-10000-zaciagniec\/#primaryimage"},"thumbnailUrl":"https:\/\/fizzyvape.eu\/wp-content\/uploads\/2025\/03\/FizzyVape-Great-Grape-Ice-10000puff.jpg","datePublished":"2025-03-26T07:28:33+00:00","breadcrumb":{"@id":"https:\/\/fizzyvape.eu\/pl\/produkt\/fizzy-great-grape-ice-10000-zaciagniec\/#breadcrumb"},"inLanguage":"pl-PL","potentialAction":[{"@type":"ReadAction","target":["https:\/\/fizzyvape.eu\/pl\/produkt\/fizzy-great-grape-ice-10000-zaciagniec\/"]}]},{"@type":"ImageObject","inLanguage":"pl-PL","@id":"https:\/\/fizzyvape.eu\/pl\/produkt\/fizzy-great-grape-ice-10000-zaciagniec\/#primaryimage","url":"https:\/\/fizzyvape.eu\/wp-content\/uploads\/2025\/03\/FizzyVape-Great-Grape-Ice-10000puff.jpg","contentUrl":"https:\/\/fizzyvape.eu\/wp-content\/uploads\/2025\/03\/FizzyVape-Great-Grape-Ice-10000puff.jpg","width":1057,"height":1037,"caption":"FizzyVape-Great-Grape Ice-10000puff"},{"@type":"BreadcrumbList","@id":"https:\/\/fizzyvape.eu\/pl\/produkt\/fizzy-great-grape-ice-10000-zaciagniec\/#breadcrumb","itemListElement":[{"@type":"ListItem","position":1,"name":"Home","item":"https:\/\/fizzyvape.eu\/pl\/"},{"@type":"ListItem","position":2,"name":"Sklep","item":"https:\/\/fizzyvape.eu\/pl\/sklep\/"},{"@type":"ListItem","position":3,"name":"Fizzy Great Grape Ice &#8211; 10000 zaci\u0105gni\u0119\u0107"}]},{"@type":"WebSite","@id":"https:\/\/www.fizzyvape.eu\/pl\/#website","url":"https:\/\/www.fizzyvape.eu\/pl\/","name":"fizzyvape.eu","description":"Refreshing Vapes. Unforgettable Taste.","publisher":{"@id":"https:\/\/www.fizzyvape.eu\/pl\/#organization"},"potentialAction":[{"@type":"SearchAction","target":{"@type":"EntryPoint","urlTemplate":"https:\/\/www.fizzyvape.eu\/pl\/?s={search_term_string}"},"query-input":{"@type":"PropertyValueSpecification","valueRequired":true,"valueName":"search_term_string"}}],"inLanguage":"pl-PL"},{"@type":"Organization","@id":"https:\/\/www.fizzyvape.eu\/pl\/#organization","name":"fizzyvape.eu","url":"https:\/\/www.fizzyvape.eu\/pl\/","logo":{"@type":"ImageObject","inLanguage":"pl-PL","@id":"https:\/\/www.fizzyvape.eu\/pl\/#\/schema\/logo\/image\/","url":"https:\/\/fizzyvape.eu\/wp-content\/uploads\/2019\/06\/print-1.svg","contentUrl":"https:\/\/fizzyvape.eu\/wp-content\/uploads\/2019\/06\/print-1.svg","width":124,"height":37,"caption":"fizzyvape.eu"},"image":{"@id":"https:\/\/www.fizzyvape.eu\/pl\/#\/schema\/logo\/image\/"}}]},"og_availability":"out of stock","product_availability":"out of stock","product_condition":"new"},"tiered_pricing_type":"fixed","tiered_pricing_fixed_rules":[],"tiered_pricing_product_settings":{"layout":"default","base_unit_name":{"singular":null,"plural":null},"default_variation":null},"tiered_pricing_minimum_quantity":null,"tiered_pricing_roles_data":[],"tiered_pricing_percentage_rules":[],"tiered_pricing_maximum_quantity":null,"tiered_pricing_quantity_step":null,"_links":{"self":[{"href":"https:\/\/fizzyvape.eu\/pl\/wp-json\/wp\/v2\/product\/26617","targetHints":{"allow":["GET"]}}],"collection":[{"href":"https:\/\/fizzyvape.eu\/pl\/wp-json\/wp\/v2\/product"}],"about":[{"href":"https:\/\/fizzyvape.eu\/pl\/wp-json\/wp\/v2\/types\/product"}],"replies":[{"embeddable":true,"href":"https:\/\/fizzyvape.eu\/pl\/wp-json\/wp\/v2\/comments?post=26617"}],"version-history":[{"count":0,"href":"https:\/\/fizzyvape.eu\/pl\/wp-json\/wp\/v2\/product\/26617\/revisions"}],"wp:featuredmedia":[{"embeddable":true,"href":"https:\/\/fizzyvape.eu\/pl\/wp-json\/wp\/v2\/media\/20214"}],"wp:attachment":[{"href":"https:\/\/fizzyvape.eu\/pl\/wp-json\/wp\/v2\/media?parent=26617"}],"wp:term":[{"taxonomy":"product_brand","embeddable":true,"href":"https:\/\/fizzyvape.eu\/pl\/wp-json\/wp\/v2\/product_brand?post=26617"},{"taxonomy":"product_cat","embeddable":true,"href":"https:\/\/fizzyvape.eu\/pl\/wp-json\/wp\/v2\/product_cat?post=26617"},{"taxonomy":"product_tag","embeddable":true,"href":"https:\/\/fizzyvape.eu\/pl\/wp-json\/wp\/v2\/product_tag?post=26617"}],"curies":[{"name":"wp","href":"https:\/\/api.w.org\/{rel}","templated":true}]}}