{"id":26704,"date":"2025-03-26T15:46:20","date_gmt":"2025-03-26T07:46:20","guid":{"rendered":"https:\/\/fizzyvape.eu\/product\/fizzy-great-raspberry-grape-10000-puffow\/"},"modified":"2025-03-26T07:46:20","modified_gmt":"2025-03-25T23:46:20","slug":"fizzy-great-raspberry-grape-10000-puffow","status":"publish","type":"product","link":"https:\/\/fizzyvape.eu\/pl\/produkt\/fizzy-great-raspberry-grape-10000-puffow\/","title":{"rendered":"Fizzy Great Raspberry Grape &#8211; 10000 puff\u00f3w"},"content":{"rendered":"<div>\n<h3><strong>Fizzy Great Raspberry Grape 10000 Puff &#8211; Jagodowa rozkosz w ka\u017cdym puffie!<\/strong><\/h3>\n<p>Rozkoszuj si\u0119 <strong>idealn\u0105 harmoni\u0105 cierpkich malin i soczystych winogron<\/strong> dzi\u0119ki <strong>Fizzy Great Raspberry Grape 10000 Puffs<\/strong>! Ta wysokiej jako\u015bci jednorazowa fajka wodna zapewnia <strong>odwa\u017cn\u0105, owocow\u0105 fuzj\u0119 &#8211;<\/strong>jasny posmak malin zmieszany ze s\u0142odkimi, soczystymi nutami winogron zapewnia nieodparcie orze\u017awiaj\u0105ce doznania. Ciesz si\u0119 <strong>10 000 ultra g\u0142adkich zaci\u0105gni\u0119\u0107<\/strong> tym profesjonalnie zbalansowanym smakiem, a wszystko to w <strong>eleganckim, bezobs\u0142ugowym urz\u0105dzeniu<\/strong>, kt\u00f3re jest gotowe do u\u017cycia zaraz po wyj\u0119ciu z pude\u0142ka. <\/p>\n<h2><strong>Kluczowe cechy<\/strong><\/h2>\n<p><strong>10 000 zaci\u0105gni\u0119\u0107<\/strong> &#8211; przed\u0142u\u017cona przyjemno\u015b\u0107 z waporyzacji trwaj\u0105ca tygodniami<br \/>\n<strong>Raspberry Grape Fusion<\/strong> &#8211; cierpka i s\u0142odka jagodowa doskona\u0142o\u015b\u0107<br \/>\n<strong>Elegancki i przeno\u015bny<\/strong> &#8211; Kompaktowa, przyjazna dla kieszeni konstrukcja (53\u00d730\u00d785,3 mm)<br \/>\n<strong>Wst\u0119pnie nape\u0142niony i na\u0142adowany<\/strong> &#8211; 18 ml e-liquidu | bateria 650 mAh<br \/>\n<strong>Technologia Mesh Coil<\/strong> &#8211; bogaty, sp\u00f3jny smak i g\u0119ste chmury <\/p>\n<h3><strong>Dlaczego warto wybra\u0107 Fizzy Great?<\/strong><\/h3>\n<p>\ud83c\udf47 <strong>Najwy\u017cszej jako\u015bci profil smakowy<\/strong> &#8211; testowany laboratoryjnie e-liquid zapewnia autentyczny jagodowy smak.<br \/>\n\ud83d\udd0b <strong>Ca\u0142odzienne wapowanie<\/strong> &#8211; ogromna pojemno\u015b\u0107 18 ml i d\u0142ugotrwa\u0142a bateria<br \/>\n\u2708\ufe0f <strong>Gotowy do podr\u00f3\u017cy<\/strong> &#8211; szczelny i przyjazny dla TSA (tam, gdzie jest to dozwolone)<br \/>\n\u26a1 <strong>Natychmiastowa satysfakcja<\/strong> &#8211; nie wymaga \u0142adowania ani uzupe\u0142niania. <\/p>\n<h3>Zawarto\u015b\u0107 opakowania<\/h3>\n<p>1 \u00d7 Urz\u0105dzenie Fizzy Great Raspberry Grape 10000 Puffs<\/p>\n<\/div>\n<div>\n<h3>Specyfikacja<\/h3>\n<table>\n<tbody>\n<tr>\n<td>Puffy<\/td>\n<td><strong>10000+ Puffs<\/strong><\/td>\n<\/tr>\n<tr>\n<td>Pojemno\u015b\u0107 e-p\u0142ynu<\/td>\n<td><strong>18ml<\/strong><\/td>\n<\/tr>\n<tr>\n<td>Pojemno\u015b\u0107 baterii<\/td>\n<td><strong>650 mAh<\/strong><\/td>\n<\/tr>\n<tr>\n<td>Siatkowa cewka<\/td>\n<td><strong>1.4\u03a9<\/strong><\/td>\n<\/tr>\n<tr>\n<td>Rozmiar<\/td>\n<td><strong>53*30*85.3mm<\/strong><\/td>\n<\/tr>\n<tr>\n<td>Jednorazowe czy nie?<\/td>\n<td><strong>Jednorazowy<\/strong><\/td>\n<\/tr>\n<tr>\n<td>Metoda \u0142adowania<\/td>\n<td><strong>Kabel<\/strong><\/td>\n<\/tr>\n<tr>\n<td>Metoda aktywacji<\/td>\n<td><strong>Czujnik<\/strong><\/td>\n<\/tr>\n<tr>\n<td>Poziom nikotyny<\/td>\n<td><strong>5% (50mg\/ml)<\/strong><\/td>\n<\/tr>\n<tr>\n<td>Smaki<\/td>\n<td><strong>10<\/strong><\/td>\n<\/tr>\n<tr>\n<td>Pakowanie<\/td>\n<td><strong>1 opakowanie<\/strong><\/td>\n<\/tr>\n<tr>\n<td>Czas \u0142adowania<\/td>\n<td><strong>2 godziny<\/strong><\/td>\n<\/tr>\n<tr>\n<td>Przechowywanie<\/td>\n<td><strong>Unika\u0107 \u015brodowiska o wysokiej temperaturze i przechowywa\u0107 w ch\u0142odnym i suchym miejscu.<\/strong><\/td>\n<\/tr>\n<tr>\n<td>Osoby, kt\u00f3rym zabrania si\u0119 stosowania<\/td>\n<td><strong>Osoby niepe\u0142noletnie, kobiety w ci\u0105\u017cy i osoby uczulone na sk\u0142adniki produktu.<\/strong><\/td>\n<\/tr>\n<tr>\n<td>Uwaga<\/td>\n<td><strong>Nie po\u0142yka\u0107 tej substancji. W przypadku po\u0142kni\u0119cia nale\u017cy natychmiast dok\u0142adnie wyp\u0142uka\u0107 usta. W przypadku z\u0142ego samopoczucia nale\u017cy skontaktowa\u0107 si\u0119 z lekarzem.  <\/strong><\/td>\n<\/tr>\n<\/tbody>\n<\/table>\n<h3>Lista smak\u00f3w <strong>Fizzy Great<\/strong> 10000 Puffs:<\/h3>\n<ol>\n<li><a href=\"https:\/\/fizzyvape.eu\/pl\/produkt\/fizzy-great-watermelon-10000-puffow\/\">Arbuz<\/a><\/li>\n<li><a href=\"https:\/\/fizzyvape.eu\/pl\/produkt\/fizzy-great-blueberry-ice-10000-puffow\/\">L\u00f3d jagodowy<\/a><\/li>\n<li><a href=\"https:\/\/fizzyvape.eu\/pl\/produkt\/fizzy-great-grape-ice-10000-zaciagniec\/\">L\u00f3d winogronowy<\/a><\/li>\n<li><a href=\"https:\/\/fizzyvape.eu\/pl\/produkt\/fizzy-great-lychee-lemon-10000-puffow\/\">Lychee Lemon<\/a><\/li>\n<li><a href=\"https:\/\/fizzyvape.eu\/pl\/produkt\/fizzy-great-pineapple-peach-passion-fruit-10000-puffow\/\">Ananas Brzoskwinia Marakuja<\/a><\/li>\n<li><a href=\"https:\/\/fizzyvape.eu\/pl\/produkt\/fizzy-great-raspberry-grape-10000-puffow\/\">Malina winogrono<\/a><\/li>\n<li><a href=\"https:\/\/fizzyvape.eu\/product\/fizzy-great-peach-10000-puffs\/\">Brzoskwinia<\/a><\/li>\n<li><a href=\"https:\/\/fizzyvape.eu\/pl\/produkt\/fizzy-great-mango-peach-10000-puffow\/\">Mango Brzoskwinia<\/a><\/li>\n<li><a href=\"https:\/\/fizzyvape.eu\/pl\/produkt\/fizzy-great-mixed-berry-10000-puffow\/\">Mixed Berry<\/a><\/li>\n<li><a href=\"https:\/\/fizzyvape.eu\/pl\/produkt\/fizzy-great-watermelon-strawberry-lemonade-10000-puffow\/\">Lemoniada arbuzowo-truskawkowa<\/a><\/li>\n<\/ol>\n<h3><strong>Najcz\u0119\u015bciej zadawane pytania <\/strong><strong>Fizzy Great Raspberry Grape 10000 Puff\u00f3w <\/strong><strong>Vape<\/strong><\/h3>\n<ol start=\"1\">\n<li><strong>Na ile dni wystarczy 10 000 zaci\u0105gni\u0119\u0107?<\/strong><br \/>\nW przypadku wi\u0119kszo\u015bci waper\u00f3w Fizzy Great Grape Ice wystarcza na 7-14 dni regularnego u\u017cytkowania. Lekcy u\u017cytkownicy mog\u0105 cieszy\u0107 si\u0119 nim przez ponad 3 tygodnie, podczas gdy ci\u0119\u017ccy waperzy mog\u0105 sko\u0144czy\u0107 go szybciej, w zale\u017cno\u015bci od cz\u0119stotliwo\u015bci zaci\u0105gania si\u0119. <\/li>\n<li><strong>Jaki jest dominuj\u0105cy smak &#8211; malinowy czy winogronowy?<\/strong><br \/>\nTo idealna mieszanka 50\/50! Poczujesz pocz\u0105tkow\u0105 cierpko\u015b\u0107 \u015bwie\u017cych malin, kt\u00f3ra p\u0142ynnie przechodzi w s\u0142odkie, d\u017cemowe nuty winogron &#8211; \u017caden smak nie dominuje nad drugim. <\/li>\n<li><strong>Czy urz\u0105dzenie wymaga konserwacji?<\/strong><br \/>\nWcale nie! Fizzy Great Grape Ice jest ca\u0142kowicie jednorazowy i nie wymaga \u0142adowania, uzupe\u0142niania ani wymiany cewek. Po prostu u\u017cywaj go prosto z opakowania, a\u017c si\u0119 sko\u0144czy.  <\/li>\n<li><strong>Jaka moc nikotyny jest dost\u0119pna?<\/strong><br \/>\nTo urz\u0105dzenie zawiera 5% (50 mg) soli nikotyny, zapewniaj\u0105c satysfakcjonuj\u0105ce uderzenie w gard\u0142o bez szorstko\u015bci.<\/li>\n<li><strong>Czy jako\u015b\u0107 smaku pozostanie niezmienna?<\/strong><br \/>\nAbsolutnie! Dzi\u0119ki zaawansowanej technologii cewki siatkowej b\u0119dziesz cieszy\u0107 si\u0119 tym samym bogatym smakiem lodu winogronowego od pierwszego do ostatniego zaci\u0105gni\u0119cia si\u0119 &#8211; bez przypalonego smaku lub degradacji smaku. <\/li>\n<\/ol>\n<\/div>\n","protected":false},"excerpt":{"rendered":"<p><strong>Fizzy Great Raspberry Grape 10000 Puffs<\/strong> &#8211; Poczuj <strong>idealn\u0105 r\u00f3wnowag\u0119 cierpkich malin i s\u0142odkich winogron<\/strong> w ka\u017cdym zaci\u0105gni\u0119ciu! Ten wysokiej jako\u015bci jednorazowy waporyzator zapewnia <strong>10 000 ultra g\u0142adkich zaci\u0105gni\u0119\u0107<\/strong> o smaku jag\u00f3d, zasilanych <strong>technologi\u0105 cewki siatkowej<\/strong> dla bogatej, sp\u00f3jnej pary. <strong>Wst\u0119pnie nape\u0142niony, wst\u0119pnie na\u0142adowany i gotowy do u\u017cycia &#8211; bez<\/strong>konserwacji, po prostu czysta owocowa satysfakcja w eleganckiej, przeno\u015bnej konstrukcji. <\/p>\n","protected":false},"featured_media":20262,"comment_status":"open","ping_status":"closed","template":"","meta":{"iawp_total_views":0},"product_brand":[],"product_cat":[280],"product_tag":[281,438],"class_list":{"0":"post-26704","1":"product","2":"type-product","3":"status-publish","4":"has-post-thumbnail","6":"product_cat-great-pl","7":"product_tag-10000-zaciagniec","8":"product_tag-malina-winogrono","10":"first","11":"outofstock","12":"shipping-taxable","13":"purchasable","14":"product-type-variable"},"yoast_head":"<!-- This site is optimized with the Yoast SEO Premium plugin v24.8 (Yoast SEO v24.8) - https:\/\/yoast.com\/wordpress\/plugins\/seo\/ -->\n<title>Fizzy Great Raspberry Grape - 10000 puff\u00f3w - fizzyvape.eu<\/title>\n<meta name=\"robots\" content=\"index, follow, max-snippet:-1, max-image-preview:large, max-video-preview:-1\" \/>\n<link rel=\"canonical\" href=\"https:\/\/fizzyvape.eu\/pl\/produkt\/fizzy-great-raspberry-grape-10000-puffow\/\" \/>\n<meta property=\"og:locale\" content=\"pl_PL\" \/>\n<meta property=\"og:type\" content=\"article\" \/>\n<meta property=\"og:title\" content=\"Fizzy Great Raspberry Grape - 10000 puff\u00f3w\" \/>\n<meta property=\"og:description\" content=\"Fizzy Great Raspberry Grape 10000 Puffs - Poczuj idealn\u0105 r\u00f3wnowag\u0119 cierpkich malin i s\u0142odkich winogron w ka\u017cdym zaci\u0105gni\u0119ciu! Ten wysokiej jako\u015bci jednorazowy waporyzator zapewnia 10 000 ultra g\u0142adkich zaci\u0105gni\u0119\u0107 o smaku jag\u00f3d, zasilanych technologi\u0105 cewki siatkowej dla bogatej, sp\u00f3jnej pary. Wst\u0119pnie nape\u0142niony, wst\u0119pnie na\u0142adowany i gotowy do u\u017cycia - bezkonserwacji, po prostu czysta owocowa satysfakcja w eleganckiej, przeno\u015bnej konstrukcji.\" \/>\n<meta property=\"og:url\" content=\"https:\/\/fizzyvape.eu\/pl\/produkt\/fizzy-great-raspberry-grape-10000-puffow\/\" \/>\n<meta property=\"og:site_name\" content=\"fizzyvape.eu\" \/>\n<meta property=\"og:image\" content=\"https:\/\/fizzyvape.eu\/wp-content\/uploads\/2025\/03\/FizzyVape-Great-Raspberry-Grape-10000puff.jpg\" \/>\n\t<meta property=\"og:image:width\" content=\"1057\" \/>\n\t<meta property=\"og:image:height\" content=\"1037\" \/>\n\t<meta property=\"og:image:type\" content=\"image\/jpeg\" \/>\n<meta name=\"twitter:card\" content=\"summary_large_image\" \/>\n<meta name=\"twitter:label1\" content=\"Dost\u0119pno\u015b\u0107\" \/>\n\t<meta name=\"twitter:data1\" content=\"Brak w magazynie\" \/>\n<script type=\"application\/ld+json\" class=\"yoast-schema-graph\">{\"@context\":\"https:\/\/schema.org\",\"@graph\":[{\"@type\":\"WebPage\",\"@id\":\"https:\/\/fizzyvape.eu\/pl\/produkt\/fizzy-great-raspberry-grape-10000-puffow\/\",\"url\":\"https:\/\/fizzyvape.eu\/pl\/produkt\/fizzy-great-raspberry-grape-10000-puffow\/\",\"name\":\"Fizzy Great Raspberry Grape - 10000 puff\u00f3w - fizzyvape.eu\",\"isPartOf\":{\"@id\":\"https:\/\/www.fizzyvape.eu\/pl\/#website\"},\"primaryImageOfPage\":{\"@id\":\"https:\/\/fizzyvape.eu\/pl\/produkt\/fizzy-great-raspberry-grape-10000-puffow\/#primaryimage\"},\"image\":{\"@id\":\"https:\/\/fizzyvape.eu\/pl\/produkt\/fizzy-great-raspberry-grape-10000-puffow\/#primaryimage\"},\"thumbnailUrl\":\"https:\/\/fizzyvape.eu\/wp-content\/uploads\/2025\/03\/FizzyVape-Great-Raspberry-Grape-10000puff.jpg\",\"datePublished\":\"2025-03-26T07:46:20+00:00\",\"breadcrumb\":{\"@id\":\"https:\/\/fizzyvape.eu\/pl\/produkt\/fizzy-great-raspberry-grape-10000-puffow\/#breadcrumb\"},\"inLanguage\":\"pl-PL\",\"potentialAction\":[{\"@type\":\"ReadAction\",\"target\":[\"https:\/\/fizzyvape.eu\/pl\/produkt\/fizzy-great-raspberry-grape-10000-puffow\/\"]}]},{\"@type\":\"ImageObject\",\"inLanguage\":\"pl-PL\",\"@id\":\"https:\/\/fizzyvape.eu\/pl\/produkt\/fizzy-great-raspberry-grape-10000-puffow\/#primaryimage\",\"url\":\"https:\/\/fizzyvape.eu\/wp-content\/uploads\/2025\/03\/FizzyVape-Great-Raspberry-Grape-10000puff.jpg\",\"contentUrl\":\"https:\/\/fizzyvape.eu\/wp-content\/uploads\/2025\/03\/FizzyVape-Great-Raspberry-Grape-10000puff.jpg\",\"width\":1057,\"height\":1037,\"caption\":\"FizzyVape-Great-Raspberry Grape-10000puff\"},{\"@type\":\"BreadcrumbList\",\"@id\":\"https:\/\/fizzyvape.eu\/pl\/produkt\/fizzy-great-raspberry-grape-10000-puffow\/#breadcrumb\",\"itemListElement\":[{\"@type\":\"ListItem\",\"position\":1,\"name\":\"Home\",\"item\":\"https:\/\/fizzyvape.eu\/pl\/\"},{\"@type\":\"ListItem\",\"position\":2,\"name\":\"Sklep\",\"item\":\"https:\/\/fizzyvape.eu\/pl\/sklep\/\"},{\"@type\":\"ListItem\",\"position\":3,\"name\":\"Fizzy Great Raspberry Grape &#8211; 10000 puff\u00f3w\"}]},{\"@type\":\"WebSite\",\"@id\":\"https:\/\/www.fizzyvape.eu\/pl\/#website\",\"url\":\"https:\/\/www.fizzyvape.eu\/pl\/\",\"name\":\"fizzyvape.eu\",\"description\":\"Refreshing Vapes. Unforgettable Taste.\",\"publisher\":{\"@id\":\"https:\/\/www.fizzyvape.eu\/pl\/#organization\"},\"potentialAction\":[{\"@type\":\"SearchAction\",\"target\":{\"@type\":\"EntryPoint\",\"urlTemplate\":\"https:\/\/www.fizzyvape.eu\/pl\/?s={search_term_string}\"},\"query-input\":{\"@type\":\"PropertyValueSpecification\",\"valueRequired\":true,\"valueName\":\"search_term_string\"}}],\"inLanguage\":\"pl-PL\"},{\"@type\":\"Organization\",\"@id\":\"https:\/\/www.fizzyvape.eu\/pl\/#organization\",\"name\":\"fizzyvape.eu\",\"url\":\"https:\/\/www.fizzyvape.eu\/pl\/\",\"logo\":{\"@type\":\"ImageObject\",\"inLanguage\":\"pl-PL\",\"@id\":\"https:\/\/www.fizzyvape.eu\/pl\/#\/schema\/logo\/image\/\",\"url\":\"https:\/\/fizzyvape.eu\/wp-content\/uploads\/2019\/06\/print-1.svg\",\"contentUrl\":\"https:\/\/fizzyvape.eu\/wp-content\/uploads\/2019\/06\/print-1.svg\",\"width\":124,\"height\":37,\"caption\":\"fizzyvape.eu\"},\"image\":{\"@id\":\"https:\/\/www.fizzyvape.eu\/pl\/#\/schema\/logo\/image\/\"}}]}<\/script>\n<meta property=\"og:availability\" content=\"out of stock\" \/>\n<meta property=\"product:availability\" content=\"out of stock\" \/>\n<meta property=\"product:condition\" content=\"new\" \/>\n<!-- \/ Yoast SEO Premium plugin. -->","yoast_head_json":{"title":"Fizzy Great Raspberry Grape - 10000 puff\u00f3w - fizzyvape.eu","robots":{"index":"index","follow":"follow","max-snippet":"max-snippet:-1","max-image-preview":"max-image-preview:large","max-video-preview":"max-video-preview:-1"},"canonical":"https:\/\/fizzyvape.eu\/pl\/produkt\/fizzy-great-raspberry-grape-10000-puffow\/","og_locale":"pl_PL","og_type":"article","og_title":"Fizzy Great Raspberry Grape - 10000 puff\u00f3w","og_description":"Fizzy Great Raspberry Grape 10000 Puffs - Poczuj idealn\u0105 r\u00f3wnowag\u0119 cierpkich malin i s\u0142odkich winogron w ka\u017cdym zaci\u0105gni\u0119ciu! Ten wysokiej jako\u015bci jednorazowy waporyzator zapewnia 10 000 ultra g\u0142adkich zaci\u0105gni\u0119\u0107 o smaku jag\u00f3d, zasilanych technologi\u0105 cewki siatkowej dla bogatej, sp\u00f3jnej pary. Wst\u0119pnie nape\u0142niony, wst\u0119pnie na\u0142adowany i gotowy do u\u017cycia - bezkonserwacji, po prostu czysta owocowa satysfakcja w eleganckiej, przeno\u015bnej konstrukcji.","og_url":"https:\/\/fizzyvape.eu\/pl\/produkt\/fizzy-great-raspberry-grape-10000-puffow\/","og_site_name":"fizzyvape.eu","og_image":[{"width":1057,"height":1037,"url":"https:\/\/fizzyvape.eu\/wp-content\/uploads\/2025\/03\/FizzyVape-Great-Raspberry-Grape-10000puff.jpg","type":"image\/jpeg"}],"twitter_card":"summary_large_image","twitter_misc":{"Dost\u0119pno\u015b\u0107":"Brak w magazynie"},"schema":{"@context":"https:\/\/schema.org","@graph":[{"@type":"WebPage","@id":"https:\/\/fizzyvape.eu\/pl\/produkt\/fizzy-great-raspberry-grape-10000-puffow\/","url":"https:\/\/fizzyvape.eu\/pl\/produkt\/fizzy-great-raspberry-grape-10000-puffow\/","name":"Fizzy Great Raspberry Grape - 10000 puff\u00f3w - fizzyvape.eu","isPartOf":{"@id":"https:\/\/www.fizzyvape.eu\/pl\/#website"},"primaryImageOfPage":{"@id":"https:\/\/fizzyvape.eu\/pl\/produkt\/fizzy-great-raspberry-grape-10000-puffow\/#primaryimage"},"image":{"@id":"https:\/\/fizzyvape.eu\/pl\/produkt\/fizzy-great-raspberry-grape-10000-puffow\/#primaryimage"},"thumbnailUrl":"https:\/\/fizzyvape.eu\/wp-content\/uploads\/2025\/03\/FizzyVape-Great-Raspberry-Grape-10000puff.jpg","datePublished":"2025-03-26T07:46:20+00:00","breadcrumb":{"@id":"https:\/\/fizzyvape.eu\/pl\/produkt\/fizzy-great-raspberry-grape-10000-puffow\/#breadcrumb"},"inLanguage":"pl-PL","potentialAction":[{"@type":"ReadAction","target":["https:\/\/fizzyvape.eu\/pl\/produkt\/fizzy-great-raspberry-grape-10000-puffow\/"]}]},{"@type":"ImageObject","inLanguage":"pl-PL","@id":"https:\/\/fizzyvape.eu\/pl\/produkt\/fizzy-great-raspberry-grape-10000-puffow\/#primaryimage","url":"https:\/\/fizzyvape.eu\/wp-content\/uploads\/2025\/03\/FizzyVape-Great-Raspberry-Grape-10000puff.jpg","contentUrl":"https:\/\/fizzyvape.eu\/wp-content\/uploads\/2025\/03\/FizzyVape-Great-Raspberry-Grape-10000puff.jpg","width":1057,"height":1037,"caption":"FizzyVape-Great-Raspberry Grape-10000puff"},{"@type":"BreadcrumbList","@id":"https:\/\/fizzyvape.eu\/pl\/produkt\/fizzy-great-raspberry-grape-10000-puffow\/#breadcrumb","itemListElement":[{"@type":"ListItem","position":1,"name":"Home","item":"https:\/\/fizzyvape.eu\/pl\/"},{"@type":"ListItem","position":2,"name":"Sklep","item":"https:\/\/fizzyvape.eu\/pl\/sklep\/"},{"@type":"ListItem","position":3,"name":"Fizzy Great Raspberry Grape &#8211; 10000 puff\u00f3w"}]},{"@type":"WebSite","@id":"https:\/\/www.fizzyvape.eu\/pl\/#website","url":"https:\/\/www.fizzyvape.eu\/pl\/","name":"fizzyvape.eu","description":"Refreshing Vapes. Unforgettable Taste.","publisher":{"@id":"https:\/\/www.fizzyvape.eu\/pl\/#organization"},"potentialAction":[{"@type":"SearchAction","target":{"@type":"EntryPoint","urlTemplate":"https:\/\/www.fizzyvape.eu\/pl\/?s={search_term_string}"},"query-input":{"@type":"PropertyValueSpecification","valueRequired":true,"valueName":"search_term_string"}}],"inLanguage":"pl-PL"},{"@type":"Organization","@id":"https:\/\/www.fizzyvape.eu\/pl\/#organization","name":"fizzyvape.eu","url":"https:\/\/www.fizzyvape.eu\/pl\/","logo":{"@type":"ImageObject","inLanguage":"pl-PL","@id":"https:\/\/www.fizzyvape.eu\/pl\/#\/schema\/logo\/image\/","url":"https:\/\/fizzyvape.eu\/wp-content\/uploads\/2019\/06\/print-1.svg","contentUrl":"https:\/\/fizzyvape.eu\/wp-content\/uploads\/2019\/06\/print-1.svg","width":124,"height":37,"caption":"fizzyvape.eu"},"image":{"@id":"https:\/\/www.fizzyvape.eu\/pl\/#\/schema\/logo\/image\/"}}]},"og_availability":"out of stock","product_availability":"out of stock","product_condition":"new"},"tiered_pricing_type":"fixed","tiered_pricing_fixed_rules":[],"tiered_pricing_product_settings":{"layout":"default","base_unit_name":{"singular":null,"plural":null},"default_variation":null},"tiered_pricing_minimum_quantity":null,"tiered_pricing_roles_data":[],"tiered_pricing_percentage_rules":[],"tiered_pricing_maximum_quantity":null,"tiered_pricing_quantity_step":null,"_links":{"self":[{"href":"https:\/\/fizzyvape.eu\/pl\/wp-json\/wp\/v2\/product\/26704","targetHints":{"allow":["GET"]}}],"collection":[{"href":"https:\/\/fizzyvape.eu\/pl\/wp-json\/wp\/v2\/product"}],"about":[{"href":"https:\/\/fizzyvape.eu\/pl\/wp-json\/wp\/v2\/types\/product"}],"replies":[{"embeddable":true,"href":"https:\/\/fizzyvape.eu\/pl\/wp-json\/wp\/v2\/comments?post=26704"}],"version-history":[{"count":0,"href":"https:\/\/fizzyvape.eu\/pl\/wp-json\/wp\/v2\/product\/26704\/revisions"}],"wp:featuredmedia":[{"embeddable":true,"href":"https:\/\/fizzyvape.eu\/pl\/wp-json\/wp\/v2\/media\/20262"}],"wp:attachment":[{"href":"https:\/\/fizzyvape.eu\/pl\/wp-json\/wp\/v2\/media?parent=26704"}],"wp:term":[{"taxonomy":"product_brand","embeddable":true,"href":"https:\/\/fizzyvape.eu\/pl\/wp-json\/wp\/v2\/product_brand?post=26704"},{"taxonomy":"product_cat","embeddable":true,"href":"https:\/\/fizzyvape.eu\/pl\/wp-json\/wp\/v2\/product_cat?post=26704"},{"taxonomy":"product_tag","embeddable":true,"href":"https:\/\/fizzyvape.eu\/pl\/wp-json\/wp\/v2\/product_tag?post=26704"}],"curies":[{"name":"wp","href":"https:\/\/api.w.org\/{rel}","templated":true}]}}