{"id":27912,"date":"2025-04-21T11:10:46","date_gmt":"2025-04-21T03:10:46","guid":{"rendered":"https:\/\/fizzyvape.eu\/?post_type=product&#038;p=27912"},"modified":"2025-10-31T18:00:14","modified_gmt":"2025-10-31T10:00:14","slug":"fizzy-nova-plus-40000-puffs-60szt","status":"publish","type":"product","link":"https:\/\/fizzyvape.eu\/pl\/produkt\/fizzy-nova-plus-40000-puffs-60szt\/","title":{"rendered":"Fizzy Nova Plus 40000 puff\u00f3w &#8211; 60 sztuk"},"content":{"rendered":"<div>\n<h1><strong>Fizzy Nova Plus 40000 Puffs jednorazowe Vape &#8211; szczyt innowacji w dziedzinie waporyzacji<\/strong><\/h1>\n<p>Do\u015bwiadcz perfekcji waporyzacji dzi\u0119ki <strong>jednorazowemu waporyzatorowi Fizzy Nova Plus 40,000 Puffs<\/strong>, w kt\u00f3rym najnowocze\u015bniejsza technologia \u0142\u0105czy si\u0119 z niezr\u00f3wnanym smakiem. Zaprojektowane z my\u015bl\u0105 o vaperach, kt\u00f3rzy wymagaj\u0105 zar\u00f3wno d\u0142ugiej \u017cywotno\u015bci, jak i najwy\u017cszej wydajno\u015bci, to rewolucyjne urz\u0105dzenie zapewnia <strong>40 000 ultra g\u0142adkich zaci\u0105gni\u0119\u0107<\/strong> bogatej, satysfakcjonuj\u0105cej pary w eleganckim, przeno\u015bnym opakowaniu.<\/p>\n<h3>Kluczowe cechy:<\/h3>\n<p>\ud83d\udd39 <strong>Rozszerzona moc waporyzacji<\/strong> &#8211; zapewnia imponuj\u0105ce <strong>40 000 zaci\u0105gni\u0119\u0107<\/strong> dla d\u0142ugotrwa\u0142ej przyjemno\u015bci.<br \/>\n\ud83d\udd39 <strong>Du\u017ca pojemno\u015b\u0107 e-liquidu<\/strong> &#8211; <strong>40 ml wst\u0119pnie nape\u0142nionego e-liquidu<\/strong> zapewnia <strong>tygodnie ci\u0105g\u0142ego wapowania<\/strong>.<br \/>\n\ud83d\udd39 <strong>Zaawansowane cewki Dual Mesh<\/strong> &#8211; do\u015bwiadcz <strong>bogatszych smak\u00f3w i g\u0119stszej pary<\/strong> dzi\u0119ki ulepszonej technologii cewek.<br \/>\n\ud83d\udd39 <strong>Konfigurowalne tryby waporyzacji<\/strong> &#8211; prze\u0142\u0105czaj mi\u0119dzy <strong>trybem Eco dla d\u0142u\u017cszego u\u017cytkowania<\/strong> lub <strong>trybem Turbo dla intensywniejszego smaku<\/strong>.<br \/>\n\ud83d\udd39 <strong>Inteligentny wska\u017anik LED<\/strong> &#8211; pozwala na bie\u017c\u0105co kontrolowa\u0107 <strong>\u017cywotno\u015b\u0107 baterii i poziom e-cieczy<\/strong>.<br \/>\n\ud83d\udd39 <strong>Szybkie \u0142adowanie przez USB-C<\/strong> &#8211; <strong>bateria o pojemno\u015bci 850 mAh<\/strong> \u0142aduje si\u0119 w pe\u0142ni w ci\u0105gu zaledwie <strong>2 godzin<\/strong>, zapewniaj\u0105c nieprzerwane u\u017cytkowanie.<\/p>\n<h3>Dlaczego warto wybra\u0107 Fizzy Nova Plus?<\/h3>\n<p>\ud83d\udd25 <strong>Niezr\u00f3wnana warto\u015b\u0107<\/strong> &#8211; trwa\u0142o\u015b\u0107 o wiele d\u0142u\u017csza ni\u017c u konkurencji<br \/>\n\ud83d\udca8 <strong>Flavor Mastery<\/strong> &#8211; opracowany przez \u015bwiatowej s\u0142awy specjalist\u00f3w od smaku<br \/>\n\u26a1 <strong>Konfigurowalne do\u015bwiadczenie<\/strong> &#8211; dostosuj waporyzator do swojego nastroju<br \/>\n\ud83d\udeeb <strong>Idealny w podr\u00f3\u017cy<\/strong> &#8211; rozmiar przyjazny dla TSA i szczelna konstrukcja<br \/>\n\ud83c\udfa8 <strong>Estetyka premium<\/strong> &#8211; elegancki, nowoczesny wygl\u0105d i trwa\u0142a konstrukcja<\/p>\n<\/div>\n<div>\n<h3><strong>Opcje nikotyny:<\/strong><\/h3>\n<p>&#8211; <strong>2% (20 mg \/ ml)<\/strong> &#8211; idealny do g\u0142adkiej i aromatycznej waporyzacji<br \/>\n&#8211; <strong>5% (50 mg \/ ml)<\/strong> &#8211; Zaprojektowany dla mocniejszego, bardziej satysfakcjonuj\u0105cego uderzenia w gard\u0142o<\/p>\n<h3>Specyfikacja<\/h3>\n<table style=\"height: 449px;\" width=\"1340\">\n<tbody>\n<tr>\n<td>Puffy<\/td>\n<td><strong>40000+ Puffs<\/strong><\/td>\n<\/tr>\n<tr>\n<td>Pojemno\u015b\u0107 e-p\u0142ynu<\/td>\n<td><strong>40ml<\/strong><\/td>\n<\/tr>\n<tr>\n<td>Pojemno\u015b\u0107 baterii<\/td>\n<td><strong>850 mAh<\/strong><\/td>\n<\/tr>\n<tr>\n<td>Rozmiar<\/td>\n<td><strong>52,5*24,5*104,3 mm<\/strong><\/td>\n<\/tr>\n<tr>\n<td>Jednorazowe czy nie?<\/td>\n<td><strong>Jednorazowy<\/strong><\/td>\n<\/tr>\n<tr>\n<td>Metoda \u0142adowania<\/td>\n<td><strong>Kabel<\/strong><\/td>\n<\/tr>\n<tr>\n<td>Metoda aktywacji<\/td>\n<td><strong>Czujnik<\/strong><\/td>\n<\/tr>\n<tr>\n<td>Materia\u0142<\/td>\n<td><strong>PCTG<\/strong><\/td>\n<\/tr>\n<tr>\n<td>Poziom nikotyny<\/td>\n<td><strong>2% (20 mg\/ml) i 5% (50 mg\/ml)<\/strong><\/td>\n<\/tr>\n<tr>\n<td>Smaki<\/td>\n<td><strong>12<\/strong><\/td>\n<\/tr>\n<tr>\n<td>Pakowanie<\/td>\n<td><strong>1 opakowanie<\/strong><\/td>\n<\/tr>\n<tr>\n<td>Czas \u0142adowania<\/td>\n<td><strong>2 godziny<\/strong><\/td>\n<\/tr>\n<tr>\n<td>Przechowywanie<\/td>\n<td><strong>Unika\u0107 \u015brodowiska o wysokiej temperaturze i przechowywa\u0107 w ch\u0142odnym i suchym miejscu.<\/strong><\/td>\n<\/tr>\n<tr>\n<td>Osoby, kt\u00f3rym zabrania si\u0119 stosowania<\/td>\n<td><strong>Osoby niepe\u0142noletnie, kobiety w ci\u0105\u017cy i osoby uczulone na sk\u0142adniki produktu.<\/strong><\/td>\n<\/tr>\n<tr>\n<td>Uwaga<\/td>\n<td><strong>Nie po\u0142yka\u0107 tej substancji. W przypadku po\u0142kni\u0119cia nale\u017cy natychmiast dok\u0142adnie wyp\u0142uka\u0107 usta. W przypadku z\u0142ego samopoczucia nale\u017cy skontaktowa\u0107 si\u0119 z lekarzem. <\/strong><\/td>\n<\/tr>\n<\/tbody>\n<\/table>\n<h3>Lista smak\u00f3w <strong>Fizzy Nova Plus <\/strong>40000 Puffs:<\/h3>\n<ol>\n<li><a href=\"https:\/\/fizzyvape.eu\/pl\/produkt\/fizzy-nova-plus-strawberry-kiwi-40000-puffow-10-sztuk\/\">Truskawka Kiwi<\/a><\/li>\n<li><a href=\"https:\/\/fizzyvape.eu\/pl\/produkt\/fizzy-nova-plus-blueberry-ice-40000-puffow-10-sztuk\/\">L\u00f3d jagodowy<\/a><\/li>\n<li><a href=\"https:\/\/fizzyvape.eu\/pl\/produkt\/fizzy-nova-plus-watermelon-ice-40000-puffow-10-sztuk\/\">Arbuzowy l\u00f3d<\/a><\/li>\n<li><a href=\"https:\/\/fizzyvape.eu\/pl\/produkt\/fizzy-nova-plus-peach-mango-watermelon-40000-puffow-10-sztuk\/\">Brzoskwinia Mango Arbuz<\/a><\/li>\n<li><a href=\"https:\/\/fizzyvape.eu\/pl\/produkt\/fizzy-nova-plus-kiwi-passion-fruit-guava-40000-puffow-10-sztuk\/\">Kiwi Passion Fruit Guava<\/a><\/li>\n<li><a href=\"https:\/\/fizzyvape.eu\/pl\/produkt\/fizzy-nova-plus-raspberry-lemon-40000-puffow-10-sztuk\/\">Malina z cytryn\u0105<\/a><\/li>\n<li><a href=\"https:\/\/fizzyvape.eu\/pl\/produkt\/fizzy-nova-plus-triple-berry-40000-puffow-10-sztuk\/\">Triple Berry<\/a><\/li>\n<li><a href=\"https:\/\/fizzyvape.eu\/pl\/produkt\/fizzy-nova-plus-peach-ice-40000-puffow-10-sztuk\/\">L\u00f3d brzoskwiniowy<\/a><\/li>\n<li><a href=\"https:\/\/fizzyvape.eu\/pl\/produkt\/fizzy-nova-plus-grape-lime-40000-puffow-10-sztuk\/\">Grape Lime<\/a><\/li>\n<li><a href=\"https:\/\/fizzyvape.eu\/pl\/produkt\/fizzy-nova-plus-blue-razz-lemonade-40000-puffow-10-sztuk\/\">Lemoniada Blue Razz<\/a><\/li>\n<li><a href=\"https:\/\/fizzyvape.eu\/pl\/produkt\/fizzy-nova-plus-strawberry-ice-40000-puffow-10-sztuk\/\">L\u00f3d truskawkowy<\/a><\/li>\n<li><a href=\"https:\/\/fizzyvape.eu\/pl\/produkt\/fizzy-nova-plus-blueberry-coconut-40000-puffow-10-sztuk\/\">Jagoda z kokosem<\/a><\/li>\n<\/ol>\n<h3>Najcz\u0119\u015bciej zadawane pytania dotycz\u0105ce Fizzy Nova Plus 40000 Puffs Vape<\/h3>\n<ol>\n<li><strong>Jak wypada liczba 40 000 zaci\u0105gni\u0119\u0107 w por\u00f3wnaniu z innymi jednorazowymi waporyzatorami?<\/strong><br \/>\nFizzy Nova Plus zapewnia 3-5 razy wi\u0119cej zaci\u0105gni\u0119\u0107 ni\u017c standardowe urz\u0105dzenia jednorazowe, a ka\u017cde urz\u0105dzenie odpowiada oko\u0142o 4-5 typowym vape penom. Wiod\u0105ca w bran\u017cy pojemno\u015b\u0107 40 ml e-liquidu zapewnia d\u0142u\u017csze u\u017cytkowanie bez konieczno\u015bci cz\u0119stej wymiany.<\/li>\n<li><strong>Jaka jest r\u00f3\u017cnica mi\u0119dzy trybem Eco a trybem Turbo?<\/strong><br \/>\nTryb Eco optymalizuje \u017cywotno\u015b\u0107 baterii dla d\u0142u\u017cszych sesji (idealny do ca\u0142odziennego wapowania), podczas gdy tryb Turbo zwi\u0119ksza zar\u00f3wno intensywno\u015b\u0107 smaku, jak i produkcj\u0119 pary, zapewniaj\u0105c mocniejsze doznania. Inteligentny wska\u017anik LED pomaga monitorowa\u0107 wyb\u00f3r trybu.<\/li>\n<li><strong>Jak d\u0142ugo wytrzymuje bateria mi\u0119dzy \u0142adowaniami?<\/strong><br \/>\nBateria o pojemno\u015bci 850 mAh zazwyczaj wystarcza na ca\u0142e 40 ml e-liquidu. W razie potrzeby nasze szybkie \u0142adowanie USB-C w pe\u0142ni \u0142aduje urz\u0105dzenie w zaledwie 2 godziny &#8211; oko\u0142o 3 razy szybciej ni\u017c alternatywy micro-USB.<\/li>\n<li><strong>Jak\u0105 moc nikotyny powinienem wybra\u0107?<\/strong><br \/>\nDla \u0142agodniejszego smaku i umiarkowanej zawarto\u015bci nikotyny: wybierz 2% (20 mg\/ml). Aby uzyska\u0107 wi\u0119ksz\u0105 satysfakcj\u0119 i wyra\u017aniejsze uderzenie w gard\u0142o: wybierz 5% (50 mg \/ ml). Obie opcje zapewniaj\u0105 te same najwy\u017cszej jako\u015bci doznania smakowe.<\/li>\n<\/ol>\n<\/div>\n","protected":false},"excerpt":{"rendered":"<p>Do\u015bwiadcz niezr\u00f3wnanej wydajno\u015bci waporyzacji dzi\u0119ki <strong>jednorazowemu waporyzatorowi Fizzy Nova Plus 40,000 Puffs &#8211; teraz<\/strong>dost\u0119pnemu w 60-cz\u0119\u015bciowym opakowaniu zbiorczym z ekskluzywn\u0105 zni\u017ck\u0105! Ciesz si\u0119 <strong>12 smakami premium<\/strong>, w tym Peach Mango Watermelon i Blue Razz Lemonade. Idealny dla sprzedawc\u00f3w detalicznych, hurtownik\u00f3w i intensywnych vaper\u00f3w &#8211; zaopatrz si\u0119 teraz, zanim ta oferta si\u0119 sko\u0144czy!<\/p>\n<p><strong style=\"color: red;\">Prosimy o zwr\u00f3cenie uwagi na smak i ilo\u015b\u0107 podczas sk\u0142adania zam\u00f3wienia!<\/strong><\/p>\n","protected":false},"featured_media":30099,"comment_status":"open","ping_status":"closed","template":"","meta":{"iawp_total_views":0},"product_brand":[],"product_cat":[673],"product_tag":[350],"class_list":{"0":"post-27912","1":"product","2":"type-product","3":"status-publish","4":"has-post-thumbnail","6":"product_cat-bulk-deals-2-pl","7":"product_tag-40000-zaciagniec","9":"first","10":"outofstock","11":"sale","12":"shipping-taxable","13":"purchasable","14":"product-type-variable"},"yoast_head":"<!-- This site is optimized with the Yoast SEO Premium plugin v24.8 (Yoast SEO v24.8) - https:\/\/yoast.com\/wordpress\/plugins\/seo\/ -->\n<title>Fizzy Nova Plus 40000 puff\u00f3w - 60 sztuk - fizzyvape.eu<\/title>\n<meta name=\"description\" content=\"Zam\u00f3w 60 sztuk jednorazowych vape Fizzy Nova Plus 40000 Puffs - podw\u00f3jne cewki siatkowe, 40 ml e-liquidu i tryby Eco \/ Turbo. D\u0142ugotrwa\u0142a hurtowa oferta vape!\" \/>\n<meta name=\"robots\" content=\"index, follow, max-snippet:-1, max-image-preview:large, max-video-preview:-1\" \/>\n<link rel=\"canonical\" href=\"https:\/\/fizzyvape.eu\/pl\/produkt\/fizzy-nova-plus-40000-puffs-60szt\/\" \/>\n<meta property=\"og:locale\" content=\"pl_PL\" \/>\n<meta property=\"og:type\" content=\"article\" \/>\n<meta property=\"og:title\" content=\"Fizzy Nova Plus 40000 puff\u00f3w - 60 sztuk\" \/>\n<meta property=\"og:description\" content=\"Zam\u00f3w 60 sztuk jednorazowych vape Fizzy Nova Plus 40000 Puffs - podw\u00f3jne cewki siatkowe, 40 ml e-liquidu i tryby Eco \/ Turbo. D\u0142ugotrwa\u0142a hurtowa oferta vape!\" \/>\n<meta property=\"og:url\" content=\"https:\/\/fizzyvape.eu\/pl\/produkt\/fizzy-nova-plus-40000-puffs-60szt\/\" \/>\n<meta property=\"og:site_name\" content=\"fizzyvape.eu\" \/>\n<meta property=\"article:modified_time\" content=\"2025-10-31T10:00:14+00:00\" \/>\n<meta property=\"og:image\" content=\"https:\/\/www.fizzyvape.eu\/wp-content\/uploads\/2025\/04\/Fizzy-Nova-Plus-40000Puffs-60pcs-2.webp\" \/>\n\t<meta property=\"og:image:width\" content=\"800\" \/>\n\t<meta property=\"og:image:height\" content=\"800\" \/>\n\t<meta property=\"og:image:type\" content=\"image\/webp\" \/>\n<meta name=\"twitter:card\" content=\"summary_large_image\" \/>\n<meta name=\"twitter:label1\" content=\"Dost\u0119pno\u015b\u0107\" \/>\n\t<meta name=\"twitter:data1\" content=\"Brak w magazynie\" \/>\n<script type=\"application\/ld+json\" class=\"yoast-schema-graph\">{\"@context\":\"https:\/\/schema.org\",\"@graph\":[{\"@type\":\"WebPage\",\"@id\":\"https:\/\/fizzyvape.eu\/pl\/produkt\/fizzy-nova-plus-40000-puffs-60szt\/\",\"url\":\"https:\/\/fizzyvape.eu\/pl\/produkt\/fizzy-nova-plus-40000-puffs-60szt\/\",\"name\":\"Fizzy Nova Plus 40000 puff\u00f3w - 60 sztuk - fizzyvape.eu\",\"isPartOf\":{\"@id\":\"https:\/\/www.fizzyvape.eu\/pl\/#website\"},\"primaryImageOfPage\":{\"@id\":\"https:\/\/fizzyvape.eu\/pl\/produkt\/fizzy-nova-plus-40000-puffs-60szt\/#primaryimage\"},\"image\":{\"@id\":\"https:\/\/fizzyvape.eu\/pl\/produkt\/fizzy-nova-plus-40000-puffs-60szt\/#primaryimage\"},\"thumbnailUrl\":\"https:\/\/fizzyvape.eu\/wp-content\/uploads\/2025\/04\/Fizzy-Nova-Plus-40000-Puffs-60pcs.webp\",\"datePublished\":\"2025-04-21T03:10:46+00:00\",\"dateModified\":\"2025-10-31T10:00:14+00:00\",\"description\":\"Zam\u00f3w 60 sztuk jednorazowych vape Fizzy Nova Plus 40000 Puffs - podw\u00f3jne cewki siatkowe, 40 ml e-liquidu i tryby Eco \/ Turbo. D\u0142ugotrwa\u0142a hurtowa oferta vape!\",\"breadcrumb\":{\"@id\":\"https:\/\/fizzyvape.eu\/pl\/produkt\/fizzy-nova-plus-40000-puffs-60szt\/#breadcrumb\"},\"inLanguage\":\"pl-PL\",\"potentialAction\":[{\"@type\":\"ReadAction\",\"target\":[\"https:\/\/fizzyvape.eu\/pl\/produkt\/fizzy-nova-plus-40000-puffs-60szt\/\"]}]},{\"@type\":\"ImageObject\",\"inLanguage\":\"pl-PL\",\"@id\":\"https:\/\/fizzyvape.eu\/pl\/produkt\/fizzy-nova-plus-40000-puffs-60szt\/#primaryimage\",\"url\":\"https:\/\/fizzyvape.eu\/wp-content\/uploads\/2025\/04\/Fizzy-Nova-Plus-40000-Puffs-60pcs.webp\",\"contentUrl\":\"https:\/\/fizzyvape.eu\/wp-content\/uploads\/2025\/04\/Fizzy-Nova-Plus-40000-Puffs-60pcs.webp\",\"width\":800,\"height\":800,\"caption\":\"Fizzy Nova Plus 40000 Puffs 60pcs\"},{\"@type\":\"BreadcrumbList\",\"@id\":\"https:\/\/fizzyvape.eu\/pl\/produkt\/fizzy-nova-plus-40000-puffs-60szt\/#breadcrumb\",\"itemListElement\":[{\"@type\":\"ListItem\",\"position\":1,\"name\":\"Home\",\"item\":\"https:\/\/fizzyvape.eu\/pl\/\"},{\"@type\":\"ListItem\",\"position\":2,\"name\":\"Sklep\",\"item\":\"https:\/\/fizzyvape.eu\/pl\/sklep\/\"},{\"@type\":\"ListItem\",\"position\":3,\"name\":\"Fizzy Nova Plus 40000 puff\u00f3w &#8211; 60 sztuk\"}]},{\"@type\":\"WebSite\",\"@id\":\"https:\/\/www.fizzyvape.eu\/pl\/#website\",\"url\":\"https:\/\/www.fizzyvape.eu\/pl\/\",\"name\":\"fizzyvape.eu\",\"description\":\"Refreshing Vapes. Unforgettable Taste.\",\"publisher\":{\"@id\":\"https:\/\/www.fizzyvape.eu\/pl\/#organization\"},\"potentialAction\":[{\"@type\":\"SearchAction\",\"target\":{\"@type\":\"EntryPoint\",\"urlTemplate\":\"https:\/\/www.fizzyvape.eu\/pl\/?s={search_term_string}\"},\"query-input\":{\"@type\":\"PropertyValueSpecification\",\"valueRequired\":true,\"valueName\":\"search_term_string\"}}],\"inLanguage\":\"pl-PL\"},{\"@type\":\"Organization\",\"@id\":\"https:\/\/www.fizzyvape.eu\/pl\/#organization\",\"name\":\"fizzyvape.eu\",\"url\":\"https:\/\/www.fizzyvape.eu\/pl\/\",\"logo\":{\"@type\":\"ImageObject\",\"inLanguage\":\"pl-PL\",\"@id\":\"https:\/\/www.fizzyvape.eu\/pl\/#\/schema\/logo\/image\/\",\"url\":\"https:\/\/fizzyvape.eu\/wp-content\/uploads\/2019\/06\/print-1.svg\",\"contentUrl\":\"https:\/\/fizzyvape.eu\/wp-content\/uploads\/2019\/06\/print-1.svg\",\"width\":124,\"height\":37,\"caption\":\"fizzyvape.eu\"},\"image\":{\"@id\":\"https:\/\/www.fizzyvape.eu\/pl\/#\/schema\/logo\/image\/\"}}]}<\/script>\n<meta property=\"og:availability\" content=\"out of stock\" \/>\n<meta property=\"product:availability\" content=\"out of stock\" \/>\n<meta property=\"product:condition\" content=\"new\" \/>\n<!-- \/ Yoast SEO Premium plugin. -->","yoast_head_json":{"title":"Fizzy Nova Plus 40000 puff\u00f3w - 60 sztuk - fizzyvape.eu","description":"Zam\u00f3w 60 sztuk jednorazowych vape Fizzy Nova Plus 40000 Puffs - podw\u00f3jne cewki siatkowe, 40 ml e-liquidu i tryby Eco \/ Turbo. D\u0142ugotrwa\u0142a hurtowa oferta vape!","robots":{"index":"index","follow":"follow","max-snippet":"max-snippet:-1","max-image-preview":"max-image-preview:large","max-video-preview":"max-video-preview:-1"},"canonical":"https:\/\/fizzyvape.eu\/pl\/produkt\/fizzy-nova-plus-40000-puffs-60szt\/","og_locale":"pl_PL","og_type":"article","og_title":"Fizzy Nova Plus 40000 puff\u00f3w - 60 sztuk","og_description":"Zam\u00f3w 60 sztuk jednorazowych vape Fizzy Nova Plus 40000 Puffs - podw\u00f3jne cewki siatkowe, 40 ml e-liquidu i tryby Eco \/ Turbo. D\u0142ugotrwa\u0142a hurtowa oferta vape!","og_url":"https:\/\/fizzyvape.eu\/pl\/produkt\/fizzy-nova-plus-40000-puffs-60szt\/","og_site_name":"fizzyvape.eu","article_modified_time":"2025-10-31T10:00:14+00:00","og_image":[{"width":800,"height":800,"url":"https:\/\/www.fizzyvape.eu\/wp-content\/uploads\/2025\/04\/Fizzy-Nova-Plus-40000Puffs-60pcs-2.webp","type":"image\/webp"}],"twitter_card":"summary_large_image","twitter_misc":{"Dost\u0119pno\u015b\u0107":"Brak w magazynie"},"schema":{"@context":"https:\/\/schema.org","@graph":[{"@type":"WebPage","@id":"https:\/\/fizzyvape.eu\/pl\/produkt\/fizzy-nova-plus-40000-puffs-60szt\/","url":"https:\/\/fizzyvape.eu\/pl\/produkt\/fizzy-nova-plus-40000-puffs-60szt\/","name":"Fizzy Nova Plus 40000 puff\u00f3w - 60 sztuk - fizzyvape.eu","isPartOf":{"@id":"https:\/\/www.fizzyvape.eu\/pl\/#website"},"primaryImageOfPage":{"@id":"https:\/\/fizzyvape.eu\/pl\/produkt\/fizzy-nova-plus-40000-puffs-60szt\/#primaryimage"},"image":{"@id":"https:\/\/fizzyvape.eu\/pl\/produkt\/fizzy-nova-plus-40000-puffs-60szt\/#primaryimage"},"thumbnailUrl":"https:\/\/fizzyvape.eu\/wp-content\/uploads\/2025\/04\/Fizzy-Nova-Plus-40000-Puffs-60pcs.webp","datePublished":"2025-04-21T03:10:46+00:00","dateModified":"2025-10-31T10:00:14+00:00","description":"Zam\u00f3w 60 sztuk jednorazowych vape Fizzy Nova Plus 40000 Puffs - podw\u00f3jne cewki siatkowe, 40 ml e-liquidu i tryby Eco \/ Turbo. D\u0142ugotrwa\u0142a hurtowa oferta vape!","breadcrumb":{"@id":"https:\/\/fizzyvape.eu\/pl\/produkt\/fizzy-nova-plus-40000-puffs-60szt\/#breadcrumb"},"inLanguage":"pl-PL","potentialAction":[{"@type":"ReadAction","target":["https:\/\/fizzyvape.eu\/pl\/produkt\/fizzy-nova-plus-40000-puffs-60szt\/"]}]},{"@type":"ImageObject","inLanguage":"pl-PL","@id":"https:\/\/fizzyvape.eu\/pl\/produkt\/fizzy-nova-plus-40000-puffs-60szt\/#primaryimage","url":"https:\/\/fizzyvape.eu\/wp-content\/uploads\/2025\/04\/Fizzy-Nova-Plus-40000-Puffs-60pcs.webp","contentUrl":"https:\/\/fizzyvape.eu\/wp-content\/uploads\/2025\/04\/Fizzy-Nova-Plus-40000-Puffs-60pcs.webp","width":800,"height":800,"caption":"Fizzy Nova Plus 40000 Puffs 60pcs"},{"@type":"BreadcrumbList","@id":"https:\/\/fizzyvape.eu\/pl\/produkt\/fizzy-nova-plus-40000-puffs-60szt\/#breadcrumb","itemListElement":[{"@type":"ListItem","position":1,"name":"Home","item":"https:\/\/fizzyvape.eu\/pl\/"},{"@type":"ListItem","position":2,"name":"Sklep","item":"https:\/\/fizzyvape.eu\/pl\/sklep\/"},{"@type":"ListItem","position":3,"name":"Fizzy Nova Plus 40000 puff\u00f3w &#8211; 60 sztuk"}]},{"@type":"WebSite","@id":"https:\/\/www.fizzyvape.eu\/pl\/#website","url":"https:\/\/www.fizzyvape.eu\/pl\/","name":"fizzyvape.eu","description":"Refreshing Vapes. Unforgettable Taste.","publisher":{"@id":"https:\/\/www.fizzyvape.eu\/pl\/#organization"},"potentialAction":[{"@type":"SearchAction","target":{"@type":"EntryPoint","urlTemplate":"https:\/\/www.fizzyvape.eu\/pl\/?s={search_term_string}"},"query-input":{"@type":"PropertyValueSpecification","valueRequired":true,"valueName":"search_term_string"}}],"inLanguage":"pl-PL"},{"@type":"Organization","@id":"https:\/\/www.fizzyvape.eu\/pl\/#organization","name":"fizzyvape.eu","url":"https:\/\/www.fizzyvape.eu\/pl\/","logo":{"@type":"ImageObject","inLanguage":"pl-PL","@id":"https:\/\/www.fizzyvape.eu\/pl\/#\/schema\/logo\/image\/","url":"https:\/\/fizzyvape.eu\/wp-content\/uploads\/2019\/06\/print-1.svg","contentUrl":"https:\/\/fizzyvape.eu\/wp-content\/uploads\/2019\/06\/print-1.svg","width":124,"height":37,"caption":"fizzyvape.eu"},"image":{"@id":"https:\/\/www.fizzyvape.eu\/pl\/#\/schema\/logo\/image\/"}}]},"og_availability":"out of stock","product_availability":"out of stock","product_condition":"new"},"tiered_pricing_type":"fixed","tiered_pricing_fixed_rules":[],"tiered_pricing_product_settings":{"layout":"default","base_unit_name":{"singular":null,"plural":null},"default_variation":null},"tiered_pricing_minimum_quantity":null,"tiered_pricing_roles_data":[],"tiered_pricing_percentage_rules":[],"tiered_pricing_maximum_quantity":null,"tiered_pricing_quantity_step":null,"_links":{"self":[{"href":"https:\/\/fizzyvape.eu\/pl\/wp-json\/wp\/v2\/product\/27912","targetHints":{"allow":["GET"]}}],"collection":[{"href":"https:\/\/fizzyvape.eu\/pl\/wp-json\/wp\/v2\/product"}],"about":[{"href":"https:\/\/fizzyvape.eu\/pl\/wp-json\/wp\/v2\/types\/product"}],"replies":[{"embeddable":true,"href":"https:\/\/fizzyvape.eu\/pl\/wp-json\/wp\/v2\/comments?post=27912"}],"version-history":[{"count":0,"href":"https:\/\/fizzyvape.eu\/pl\/wp-json\/wp\/v2\/product\/27912\/revisions"}],"wp:featuredmedia":[{"embeddable":true,"href":"https:\/\/fizzyvape.eu\/pl\/wp-json\/wp\/v2\/media\/30099"}],"wp:attachment":[{"href":"https:\/\/fizzyvape.eu\/pl\/wp-json\/wp\/v2\/media?parent=27912"}],"wp:term":[{"taxonomy":"product_brand","embeddable":true,"href":"https:\/\/fizzyvape.eu\/pl\/wp-json\/wp\/v2\/product_brand?post=27912"},{"taxonomy":"product_cat","embeddable":true,"href":"https:\/\/fizzyvape.eu\/pl\/wp-json\/wp\/v2\/product_cat?post=27912"},{"taxonomy":"product_tag","embeddable":true,"href":"https:\/\/fizzyvape.eu\/pl\/wp-json\/wp\/v2\/product_tag?post=27912"}],"curies":[{"name":"wp","href":"https:\/\/api.w.org\/{rel}","templated":true}]}}