{"id":28016,"date":"2025-04-21T11:25:17","date_gmt":"2025-04-21T03:25:17","guid":{"rendered":"https:\/\/fizzyvape.eu\/?post_type=product&#038;p=28016"},"modified":"2025-10-31T17:59:44","modified_gmt":"2025-10-31T09:59:44","slug":"fizzy-twins-dual-flavor-50000-puffs-60-sztuk","status":"publish","type":"product","link":"https:\/\/fizzyvape.eu\/pl\/produkt\/fizzy-twins-dual-flavor-50000-puffs-60-sztuk\/","title":{"rendered":"Fizzy Twins Dual Flavor 50000 Puffs &#8211; 60 sztuk"},"content":{"rendered":"<div>\n<h2><strong>Fizzy Twins Dual Flavor 50000 Puffs jednorazowe Vape &#8211; pakiet hurtowy 60 sztuk<\/strong><\/h2>\n<p>Przedstawiamy prze\u0142omowy <strong>Fizzy Twins Dual Flavor 50,000 Puffs Disposable Vape &#8211; 60pcs Bundle<\/strong>, najlepsze rozwi\u0105zanie hurtowe dla sprzedawc\u00f3w detalicznych. To innowacyjne urz\u0105dzenie rewolucjonizuje wapowanie poprzez po\u0142\u0105czenie <strong>dw\u00f3ch smak\u00f3w premium w jednym eleganckim urz\u0105dzeniu<\/strong> z mo\u017cliwo\u015bci\u0105 natychmiastowego prze\u0142\u0105czania. Ka\u017cde urz\u0105dzenie zapewnia <strong>50 000 ultra g\u0142adkich zaci\u0105gni\u0119\u0107<\/strong> z <strong>podw\u00f3jnego zbiornika o pojemno\u015bci 50 ml<\/strong> (25 ml na smak), zasilanego przez podw\u00f3jne cewki siatkowe i <strong>akumulator 850 mAh<\/strong> z szybkim \u0142adowaniem przez USB-C.<\/p>\n<h3>Kluczowe cechy:<\/h3>\n<p>\ud83d\udd25 <strong>Technologia Dual Flavor<\/strong> &#8211; natychmiastowe prze\u0142\u0105czanie mi\u0119dzy dwoma r\u00f3\u017cnymi smakami<br \/>\n\u26a1 <strong>50 000 zaci\u0105gni\u0119\u0107<\/strong> &#8211; wiod\u0105ca w bran\u017cy \u017cywotno\u015b\u0107 (5-krotno\u015b\u0107 standardowych jednoraz\u00f3wek)<br \/>\n\ud83d\udca7 <strong>System dw\u00f3ch zbiornik\u00f3w<\/strong> &#8211; oddzielne komory zachowuj\u0105 czysto\u015b\u0107 smaku<br \/>\n\ud83d\udd0b <strong>Inteligentne zarz\u0105dzanie energi\u0105<\/strong> &#8211; tryb Eco i Boost dla spersonalizowanych wra\u017ce\u0144<br \/>\n\ud83d\udcca <strong>Wy\u015bwietlacz OLED<\/strong> &#8211; monitorowanie baterii i e-cieczy w czasie rzeczywistym<br \/>\n\u26a1 <strong>Szybkie \u0142adowanie USB-C<\/strong> &#8211; pe\u0142ne na\u0142adowanie w zaledwie 2 godziny<br \/>\n\ud83d\udee1\ufe0f <strong>Wysokiej jako\u015bci konstrukcja<\/strong> &#8211; szczelny korpus ze stopu metalu<\/p>\n<h3><strong>Dlaczego warto wybra\u0107 Fizzy Twins Dual Flavor 50000 Puffs? <\/strong><strong>Vape<\/strong><strong>?<\/strong><\/h3>\n<p>\ud83d\udd25 <strong>Dwa smaki w jednym urz\u0105dzeniu<\/strong> &#8211; ciesz si\u0119 r\u00f3\u017cnorodno\u015bci\u0105 bez konieczno\u015bci zmiany waporyzatora.<br \/>\n\ud83d\udd25 <strong>Ogromna pojemno\u015b\u0107 e-p\u0142ynu<\/strong> &#8211; 50 ml zapewnia d\u0142ugotrwa\u0142\u0105 satysfakcj\u0119 z waporyzacji.<br \/>\n\ud83d\udd25 <strong>Konfigurowalne do\u015bwiadczenie waporyzacji<\/strong> &#8211; regulowany przep\u0142yw powietrza i tryby mocy dla idealnego zaci\u0105gania si\u0119.<br \/>\n\ud83d\udd25 <strong>Odporno\u015b\u0107 na przeciekanie i wysokiej jako\u015bci konstrukcja<\/strong> &#8211; zaprojektowana z my\u015bl\u0105 o bezproblemowej i p\u0142ynnej sesji waporyzacji.<\/p>\n<\/div>\n<div>\n<h3><strong>Opcje nikotyny:<\/strong><\/h3>\n<p>&#8211; <strong>2% (20 mg \/ ml)<\/strong> &#8211; idealny do g\u0142adkiej i aromatycznej waporyzacji<br \/>\n&#8211; <strong>5% (50 mg \/ ml)<\/strong> &#8211; Zaprojektowany dla mocniejszego, bardziej satysfakcjonuj\u0105cego uderzenia w gard\u0142o<\/p>\n<h3>Specyfikacja<\/h3>\n<table style=\"height: 449px;\" width=\"1340\">\n<tbody>\n<tr>\n<td>Puffy<\/td>\n<td><strong>50000+ Puffs<\/strong><\/td>\n<\/tr>\n<tr>\n<td>Pojemno\u015b\u0107 e-p\u0142ynu<\/td>\n<td><strong>50 ml (25 ml na smak)<\/strong><\/td>\n<\/tr>\n<tr>\n<td>Pojemno\u015b\u0107 baterii<\/td>\n<td><strong>850 mAh<\/strong><\/td>\n<\/tr>\n<tr>\n<td>Rozmiar<\/td>\n<td><strong>55,9*27,3*119,8 mm<\/strong><\/td>\n<\/tr>\n<tr>\n<td>Jednorazowe czy nie?<\/td>\n<td><strong>Jednorazowy<\/strong><\/td>\n<\/tr>\n<tr>\n<td>Regulowana moc<\/td>\n<td><strong>TAK<\/strong><\/td>\n<\/tr>\n<tr>\n<td>Metoda aktywacji<\/td>\n<td><strong>Czujnik<\/strong><\/td>\n<\/tr>\n<tr>\n<td>Materia\u0142<\/td>\n<td><strong>PCTG<\/strong><\/td>\n<\/tr>\n<tr>\n<td>Poziom nikotyny<\/td>\n<td><strong>2% (20 mg\/ml) i 5% (50 mg\/ml)<\/strong><\/td>\n<\/tr>\n<tr>\n<td>Smaki<\/td>\n<td><strong>12<\/strong><\/td>\n<\/tr>\n<tr>\n<td>Pakowanie<\/td>\n<td><strong>1 opakowanie<\/strong><\/td>\n<\/tr>\n<tr>\n<td>Czas \u0142adowania<\/td>\n<td><strong>2 godziny<\/strong><\/td>\n<\/tr>\n<tr>\n<td>Przechowywanie<\/td>\n<td><strong>Unika\u0107 \u015brodowiska o wysokiej temperaturze i przechowywa\u0107 w ch\u0142odnym i suchym miejscu.<\/strong><\/td>\n<\/tr>\n<tr>\n<td>Osoby, kt\u00f3rym zabrania si\u0119 stosowania<\/td>\n<td><strong>Osoby niepe\u0142noletnie, kobiety w ci\u0105\u017cy i osoby uczulone na sk\u0142adniki produktu.<\/strong><\/td>\n<\/tr>\n<tr>\n<td>Uwaga<\/td>\n<td><strong>Nie po\u0142yka\u0107 tej substancji. W przypadku po\u0142kni\u0119cia nale\u017cy natychmiast dok\u0142adnie wyp\u0142uka\u0107 usta. W przypadku z\u0142ego samopoczucia nale\u017cy skontaktowa\u0107 si\u0119 z lekarzem. <\/strong><\/td>\n<\/tr>\n<\/tbody>\n<\/table>\n<h3><strong>Fizzy Twins <\/strong>50000 Dual Flavor Puffs Lista smak\u00f3w:<\/h3>\n<ol>\n<li><a href=\"https:\/\/fizzyvape.eu\/pl\/produkt\/fizzy-twins-watermelon-ice-strawberry-kiwi-50000-puffow-10-sztuk\/\">Arbuzowy l\u00f3d i truskawkowe kiwi<\/a><\/li>\n<li><a href=\"https:\/\/fizzyvape.eu\/pl\/produkt\/fizzy-twins-strawberry-kiwi-pomegranate-red-bull-50000-puffow-10-sztuk\/\">Truskawka Kiwi Pomegranate &amp; Red Bull<\/a><\/li>\n<li><a href=\"https:\/\/fizzyvape.eu\/pl\/produkt\/fizzy-twins-blueberry-coconut-grape-ice-50000-puffow-10-sztuk\/\">L\u00f3d jagodowo-kokosowy i winogronowy<\/a><\/li>\n<li><a href=\"https:\/\/fizzyvape.eu\/pl\/produkt\/fizzy-twins-blue-razz-lemonade-triple-melon-50000-puffow-10-sztuk\/\">Lemoniada Blue Razz i potr\u00f3jny melon<\/a><\/li>\n<li><a href=\"https:\/\/fizzyvape.eu\/pl\/produkt\/fizzy-twins-strawberry-watermelon-blueberry-ice-50000-puffow-10-sztuk\/\">Truskawkowy arbuz i l\u00f3d jagodowy<\/a><\/li>\n<li><a href=\"https:\/\/fizzyvape.eu\/pl\/produkt\/fizzy-twins-peach-mango-watermelon-strawberry-banana-50000-puffow-10-sztuk\/\">Brzoskwinia Mango Arbuz &amp; Truskawka Banan<\/a><\/li>\n<li><a href=\"https:\/\/fizzyvape.eu\/pl\/produkt\/fizzy-twins-raspberry-watermelon-kiwi-passion-fruit-guava-50000-puffow-10-sztuk\/\">Malina, arbuz i kiwi, marakuja, guawa<\/a><\/li>\n<li><a href=\"https:\/\/fizzyvape.eu\/pl\/produkt\/fizzy-twins-pineapple-peach-passion-fruit-blueberry-raspberry-50000-puffow-10-sztuk\/\">Ananas Brzoskwinia Marakuja &amp; Jagoda Malina<\/a><\/li>\n<li><a href=\"https:\/\/fizzyvape.eu\/pl\/produkt\/fizzy-twins-watermelon-ice-lemon-lime-50000-puffow-10-sztuk\/\">L\u00f3d arbuzowy i limonka cytrynowa<\/a><\/li>\n<li><a href=\"https:\/\/fizzyvape.eu\/pl\/produkt\/fizzy-twins-mixed-berry-peach-ice-50000-puffow-10-sztuk\/\">L\u00f3d jagodowo-brzoskwiniowy<\/a><\/li>\n<li><a href=\"https:\/\/fizzyvape.eu\/pl\/produkt\/fizzy-twins-strawberry-ice-fizzy-cherry-50000-puffow-10-sztuk\/\">Strawberry Ice &amp; Fizzy Cherry<\/a><\/li>\n<li><a href=\"https:\/\/fizzyvape.eu\/pl\/produkt\/fizzy-twins-raspberry-lemonade-strawberry-ice-50000-puffow-10-sztuk\/\">Lemoniada malinowa i l\u00f3d truskawkowy<\/a><\/li>\n<\/ol>\n<h3>Najcz\u0119\u015bciej zadawane pytania dotycz\u0105ce Fizzy Twins Dual Flavor 50000 Puffs Vape<\/h3>\n<ul>\n<li><strong>Czy mo\u017cemy miesza\u0107 kombinacje smak\u00f3w?<\/strong><br \/>\nTak! Spersonalizuj sw\u00f3j zestaw za pomoc\u0105 preferowanych par.<\/li>\n<li><strong>Jak d\u0142ugo wystarcza 50 000 zaci\u0105gni\u0119\u0107?<\/strong><br \/>\nZ <strong>50 ml e-liquidu<\/strong> wi\u0119kszo\u015b\u0107 u\u017cytkownik\u00f3w mo\u017ce cieszy\u0107 si\u0119 <strong>3-4 tygodniami<\/strong> waporyzacji. Ci\u0119\u017ccy u\u017cytkownicy mog\u0105 wymaga\u0107 wymiany po <strong>2-3 tygodniach<\/strong>.<\/li>\n<li><strong>Jak klienci zmieniaj\u0105 smaki?<\/strong><br \/>\nProste naci\u015bni\u0119cie przycisku natychmiast prze\u0142\u0105cza mi\u0119dzy smakiem A i smakiem B.<\/li>\n<li><strong>Jakie s\u0105 r\u00f3\u017cnice mi\u0119dzy trybami zasilania Standard i Boost?<\/strong>\n<ul>\n<li><strong>Tryb standardowy<\/strong> zapewnia zr\u00f3wnowa\u017cony smak i wydajno\u015b\u0107 pary.<\/li>\n<li><strong>Tryb Boost<\/strong> intensyfikuje smak i wytwarza g\u0119stsze chmury pary.<\/li>\n<\/ul>\n<\/li>\n<\/ul>\n<\/div>\n","protected":false},"excerpt":{"rendered":"<p>Kup <strong>Fizzy Twins Dual Flavor 50000 Puffs Disposable Vape &#8211; 60pcs Wholesale Bundle<\/strong> w bezkonkurencyjnej cenie hurtowej! Ciesz si\u0119 <strong>dwoma smakami w jednym urz\u0105dzeniu<\/strong>, <strong>50 000 ultra g\u0142adkich zaci\u0105gni\u0119\u0107<\/strong> i <strong>systemem podw\u00f3jnego zbiornika o pojemno\u015bci 50 ml<\/strong> z <strong>szybkim \u0142adowaniem przez USB-C<\/strong>. Idealny dla sprzedawc\u00f3w detalicznych poszukuj\u0105cych <strong>trwa\u0142ych waporyzator\u00f3w<\/strong> o <strong>wysokiej<\/strong> <strong>jako\u015bci<\/strong> wykonania.<\/p>\n","protected":false},"featured_media":30166,"comment_status":"open","ping_status":"closed","template":"","meta":{"iawp_total_views":0},"product_brand":[],"product_cat":[673],"product_tag":[247],"class_list":{"0":"post-28016","1":"product","2":"type-product","3":"status-publish","4":"has-post-thumbnail","6":"product_cat-bulk-deals-2-pl","7":"product_tag-50000puff","9":"first","10":"outofstock","11":"sale","12":"shipping-taxable","13":"purchasable","14":"product-type-variable"},"yoast_head":"<!-- This site is optimized with the Yoast SEO Premium plugin v24.8 (Yoast SEO v24.8) - https:\/\/yoast.com\/wordpress\/plugins\/seo\/ -->\n<title>Fizzy Twins Dual Flavor 50000 Puffs - 60 sztuk - fizzyvape.eu<\/title>\n<meta name=\"description\" content=\"Dwusmakowy waporyzator Fizzy Twins 50000 Puffs z \u0142adowaniem USB-C, teraz w sprzeda\u017cy hurtowej 60 sztuk - wysoka pojemno\u015b\u0107, bogaty smak i mo\u017cliwo\u015b\u0107 dostosowania waporyzacji.\" \/>\n<meta name=\"robots\" content=\"index, follow, max-snippet:-1, max-image-preview:large, max-video-preview:-1\" \/>\n<link rel=\"canonical\" href=\"https:\/\/fizzyvape.eu\/pl\/produkt\/fizzy-twins-dual-flavor-50000-puffs-60-sztuk\/\" \/>\n<meta property=\"og:locale\" content=\"pl_PL\" \/>\n<meta property=\"og:type\" content=\"article\" \/>\n<meta property=\"og:title\" content=\"Fizzy Twins Dual Flavor 50000 Puffs - 60 sztuk\" \/>\n<meta property=\"og:description\" content=\"Dwusmakowy waporyzator Fizzy Twins 50000 Puffs z \u0142adowaniem USB-C, teraz w sprzeda\u017cy hurtowej 60 sztuk - wysoka pojemno\u015b\u0107, bogaty smak i mo\u017cliwo\u015b\u0107 dostosowania waporyzacji.\" \/>\n<meta property=\"og:url\" content=\"https:\/\/fizzyvape.eu\/pl\/produkt\/fizzy-twins-dual-flavor-50000-puffs-60-sztuk\/\" \/>\n<meta property=\"og:site_name\" content=\"fizzyvape.eu\" \/>\n<meta property=\"article:modified_time\" content=\"2025-10-31T09:59:44+00:00\" \/>\n<meta property=\"og:image\" content=\"https:\/\/www.fizzyvape.eu\/wp-content\/uploads\/2025\/04\/Fizzy-Twins-50000Puffs-60pcs-1.webp\" \/>\n\t<meta property=\"og:image:width\" content=\"800\" \/>\n\t<meta property=\"og:image:height\" content=\"800\" \/>\n\t<meta property=\"og:image:type\" content=\"image\/webp\" \/>\n<meta name=\"twitter:card\" content=\"summary_large_image\" \/>\n<meta name=\"twitter:label1\" content=\"Dost\u0119pno\u015b\u0107\" \/>\n\t<meta name=\"twitter:data1\" content=\"Brak w magazynie\" \/>\n<script type=\"application\/ld+json\" class=\"yoast-schema-graph\">{\"@context\":\"https:\/\/schema.org\",\"@graph\":[{\"@type\":\"WebPage\",\"@id\":\"https:\/\/fizzyvape.eu\/pl\/produkt\/fizzy-twins-dual-flavor-50000-puffs-60-sztuk\/\",\"url\":\"https:\/\/fizzyvape.eu\/pl\/produkt\/fizzy-twins-dual-flavor-50000-puffs-60-sztuk\/\",\"name\":\"Fizzy Twins Dual Flavor 50000 Puffs - 60 sztuk - fizzyvape.eu\",\"isPartOf\":{\"@id\":\"https:\/\/www.fizzyvape.eu\/pl\/#website\"},\"primaryImageOfPage\":{\"@id\":\"https:\/\/fizzyvape.eu\/pl\/produkt\/fizzy-twins-dual-flavor-50000-puffs-60-sztuk\/#primaryimage\"},\"image\":{\"@id\":\"https:\/\/fizzyvape.eu\/pl\/produkt\/fizzy-twins-dual-flavor-50000-puffs-60-sztuk\/#primaryimage\"},\"thumbnailUrl\":\"https:\/\/fizzyvape.eu\/wp-content\/uploads\/2025\/04\/Fizzy-Twins-50000-Puffs-Disposable-Vape-60pcs.webp\",\"datePublished\":\"2025-04-21T03:25:17+00:00\",\"dateModified\":\"2025-10-31T09:59:44+00:00\",\"description\":\"Dwusmakowy waporyzator Fizzy Twins 50000 Puffs z \u0142adowaniem USB-C, teraz w sprzeda\u017cy hurtowej 60 sztuk - wysoka pojemno\u015b\u0107, bogaty smak i mo\u017cliwo\u015b\u0107 dostosowania waporyzacji.\",\"breadcrumb\":{\"@id\":\"https:\/\/fizzyvape.eu\/pl\/produkt\/fizzy-twins-dual-flavor-50000-puffs-60-sztuk\/#breadcrumb\"},\"inLanguage\":\"pl-PL\",\"potentialAction\":[{\"@type\":\"ReadAction\",\"target\":[\"https:\/\/fizzyvape.eu\/pl\/produkt\/fizzy-twins-dual-flavor-50000-puffs-60-sztuk\/\"]}]},{\"@type\":\"ImageObject\",\"inLanguage\":\"pl-PL\",\"@id\":\"https:\/\/fizzyvape.eu\/pl\/produkt\/fizzy-twins-dual-flavor-50000-puffs-60-sztuk\/#primaryimage\",\"url\":\"https:\/\/fizzyvape.eu\/wp-content\/uploads\/2025\/04\/Fizzy-Twins-50000-Puffs-Disposable-Vape-60pcs.webp\",\"contentUrl\":\"https:\/\/fizzyvape.eu\/wp-content\/uploads\/2025\/04\/Fizzy-Twins-50000-Puffs-Disposable-Vape-60pcs.webp\",\"width\":800,\"height\":800,\"caption\":\"Fizzy Twins 50000 Puffs Disposable Vape 60pcs\"},{\"@type\":\"BreadcrumbList\",\"@id\":\"https:\/\/fizzyvape.eu\/pl\/produkt\/fizzy-twins-dual-flavor-50000-puffs-60-sztuk\/#breadcrumb\",\"itemListElement\":[{\"@type\":\"ListItem\",\"position\":1,\"name\":\"Home\",\"item\":\"https:\/\/fizzyvape.eu\/pl\/\"},{\"@type\":\"ListItem\",\"position\":2,\"name\":\"Sklep\",\"item\":\"https:\/\/fizzyvape.eu\/pl\/sklep\/\"},{\"@type\":\"ListItem\",\"position\":3,\"name\":\"Fizzy Twins Dual Flavor 50000 Puffs &#8211; 60 sztuk\"}]},{\"@type\":\"WebSite\",\"@id\":\"https:\/\/www.fizzyvape.eu\/pl\/#website\",\"url\":\"https:\/\/www.fizzyvape.eu\/pl\/\",\"name\":\"fizzyvape.eu\",\"description\":\"Refreshing Vapes. Unforgettable Taste.\",\"publisher\":{\"@id\":\"https:\/\/www.fizzyvape.eu\/pl\/#organization\"},\"potentialAction\":[{\"@type\":\"SearchAction\",\"target\":{\"@type\":\"EntryPoint\",\"urlTemplate\":\"https:\/\/www.fizzyvape.eu\/pl\/?s={search_term_string}\"},\"query-input\":{\"@type\":\"PropertyValueSpecification\",\"valueRequired\":true,\"valueName\":\"search_term_string\"}}],\"inLanguage\":\"pl-PL\"},{\"@type\":\"Organization\",\"@id\":\"https:\/\/www.fizzyvape.eu\/pl\/#organization\",\"name\":\"fizzyvape.eu\",\"url\":\"https:\/\/www.fizzyvape.eu\/pl\/\",\"logo\":{\"@type\":\"ImageObject\",\"inLanguage\":\"pl-PL\",\"@id\":\"https:\/\/www.fizzyvape.eu\/pl\/#\/schema\/logo\/image\/\",\"url\":\"https:\/\/fizzyvape.eu\/wp-content\/uploads\/2019\/06\/print-1.svg\",\"contentUrl\":\"https:\/\/fizzyvape.eu\/wp-content\/uploads\/2019\/06\/print-1.svg\",\"width\":124,\"height\":37,\"caption\":\"fizzyvape.eu\"},\"image\":{\"@id\":\"https:\/\/www.fizzyvape.eu\/pl\/#\/schema\/logo\/image\/\"}}]}<\/script>\n<meta property=\"og:availability\" content=\"out of stock\" \/>\n<meta property=\"product:availability\" content=\"out of stock\" \/>\n<meta property=\"product:condition\" content=\"new\" \/>\n<!-- \/ Yoast SEO Premium plugin. -->","yoast_head_json":{"title":"Fizzy Twins Dual Flavor 50000 Puffs - 60 sztuk - fizzyvape.eu","description":"Dwusmakowy waporyzator Fizzy Twins 50000 Puffs z \u0142adowaniem USB-C, teraz w sprzeda\u017cy hurtowej 60 sztuk - wysoka pojemno\u015b\u0107, bogaty smak i mo\u017cliwo\u015b\u0107 dostosowania waporyzacji.","robots":{"index":"index","follow":"follow","max-snippet":"max-snippet:-1","max-image-preview":"max-image-preview:large","max-video-preview":"max-video-preview:-1"},"canonical":"https:\/\/fizzyvape.eu\/pl\/produkt\/fizzy-twins-dual-flavor-50000-puffs-60-sztuk\/","og_locale":"pl_PL","og_type":"article","og_title":"Fizzy Twins Dual Flavor 50000 Puffs - 60 sztuk","og_description":"Dwusmakowy waporyzator Fizzy Twins 50000 Puffs z \u0142adowaniem USB-C, teraz w sprzeda\u017cy hurtowej 60 sztuk - wysoka pojemno\u015b\u0107, bogaty smak i mo\u017cliwo\u015b\u0107 dostosowania waporyzacji.","og_url":"https:\/\/fizzyvape.eu\/pl\/produkt\/fizzy-twins-dual-flavor-50000-puffs-60-sztuk\/","og_site_name":"fizzyvape.eu","article_modified_time":"2025-10-31T09:59:44+00:00","og_image":[{"width":800,"height":800,"url":"https:\/\/www.fizzyvape.eu\/wp-content\/uploads\/2025\/04\/Fizzy-Twins-50000Puffs-60pcs-1.webp","type":"image\/webp"}],"twitter_card":"summary_large_image","twitter_misc":{"Dost\u0119pno\u015b\u0107":"Brak w magazynie"},"schema":{"@context":"https:\/\/schema.org","@graph":[{"@type":"WebPage","@id":"https:\/\/fizzyvape.eu\/pl\/produkt\/fizzy-twins-dual-flavor-50000-puffs-60-sztuk\/","url":"https:\/\/fizzyvape.eu\/pl\/produkt\/fizzy-twins-dual-flavor-50000-puffs-60-sztuk\/","name":"Fizzy Twins Dual Flavor 50000 Puffs - 60 sztuk - fizzyvape.eu","isPartOf":{"@id":"https:\/\/www.fizzyvape.eu\/pl\/#website"},"primaryImageOfPage":{"@id":"https:\/\/fizzyvape.eu\/pl\/produkt\/fizzy-twins-dual-flavor-50000-puffs-60-sztuk\/#primaryimage"},"image":{"@id":"https:\/\/fizzyvape.eu\/pl\/produkt\/fizzy-twins-dual-flavor-50000-puffs-60-sztuk\/#primaryimage"},"thumbnailUrl":"https:\/\/fizzyvape.eu\/wp-content\/uploads\/2025\/04\/Fizzy-Twins-50000-Puffs-Disposable-Vape-60pcs.webp","datePublished":"2025-04-21T03:25:17+00:00","dateModified":"2025-10-31T09:59:44+00:00","description":"Dwusmakowy waporyzator Fizzy Twins 50000 Puffs z \u0142adowaniem USB-C, teraz w sprzeda\u017cy hurtowej 60 sztuk - wysoka pojemno\u015b\u0107, bogaty smak i mo\u017cliwo\u015b\u0107 dostosowania waporyzacji.","breadcrumb":{"@id":"https:\/\/fizzyvape.eu\/pl\/produkt\/fizzy-twins-dual-flavor-50000-puffs-60-sztuk\/#breadcrumb"},"inLanguage":"pl-PL","potentialAction":[{"@type":"ReadAction","target":["https:\/\/fizzyvape.eu\/pl\/produkt\/fizzy-twins-dual-flavor-50000-puffs-60-sztuk\/"]}]},{"@type":"ImageObject","inLanguage":"pl-PL","@id":"https:\/\/fizzyvape.eu\/pl\/produkt\/fizzy-twins-dual-flavor-50000-puffs-60-sztuk\/#primaryimage","url":"https:\/\/fizzyvape.eu\/wp-content\/uploads\/2025\/04\/Fizzy-Twins-50000-Puffs-Disposable-Vape-60pcs.webp","contentUrl":"https:\/\/fizzyvape.eu\/wp-content\/uploads\/2025\/04\/Fizzy-Twins-50000-Puffs-Disposable-Vape-60pcs.webp","width":800,"height":800,"caption":"Fizzy Twins 50000 Puffs Disposable Vape 60pcs"},{"@type":"BreadcrumbList","@id":"https:\/\/fizzyvape.eu\/pl\/produkt\/fizzy-twins-dual-flavor-50000-puffs-60-sztuk\/#breadcrumb","itemListElement":[{"@type":"ListItem","position":1,"name":"Home","item":"https:\/\/fizzyvape.eu\/pl\/"},{"@type":"ListItem","position":2,"name":"Sklep","item":"https:\/\/fizzyvape.eu\/pl\/sklep\/"},{"@type":"ListItem","position":3,"name":"Fizzy Twins Dual Flavor 50000 Puffs &#8211; 60 sztuk"}]},{"@type":"WebSite","@id":"https:\/\/www.fizzyvape.eu\/pl\/#website","url":"https:\/\/www.fizzyvape.eu\/pl\/","name":"fizzyvape.eu","description":"Refreshing Vapes. Unforgettable Taste.","publisher":{"@id":"https:\/\/www.fizzyvape.eu\/pl\/#organization"},"potentialAction":[{"@type":"SearchAction","target":{"@type":"EntryPoint","urlTemplate":"https:\/\/www.fizzyvape.eu\/pl\/?s={search_term_string}"},"query-input":{"@type":"PropertyValueSpecification","valueRequired":true,"valueName":"search_term_string"}}],"inLanguage":"pl-PL"},{"@type":"Organization","@id":"https:\/\/www.fizzyvape.eu\/pl\/#organization","name":"fizzyvape.eu","url":"https:\/\/www.fizzyvape.eu\/pl\/","logo":{"@type":"ImageObject","inLanguage":"pl-PL","@id":"https:\/\/www.fizzyvape.eu\/pl\/#\/schema\/logo\/image\/","url":"https:\/\/fizzyvape.eu\/wp-content\/uploads\/2019\/06\/print-1.svg","contentUrl":"https:\/\/fizzyvape.eu\/wp-content\/uploads\/2019\/06\/print-1.svg","width":124,"height":37,"caption":"fizzyvape.eu"},"image":{"@id":"https:\/\/www.fizzyvape.eu\/pl\/#\/schema\/logo\/image\/"}}]},"og_availability":"out of stock","product_availability":"out of stock","product_condition":"new"},"tiered_pricing_type":"fixed","tiered_pricing_fixed_rules":[],"tiered_pricing_product_settings":{"layout":"default","base_unit_name":{"singular":null,"plural":null},"default_variation":null},"tiered_pricing_minimum_quantity":null,"tiered_pricing_roles_data":[],"tiered_pricing_percentage_rules":[],"tiered_pricing_maximum_quantity":null,"tiered_pricing_quantity_step":null,"_links":{"self":[{"href":"https:\/\/fizzyvape.eu\/pl\/wp-json\/wp\/v2\/product\/28016","targetHints":{"allow":["GET"]}}],"collection":[{"href":"https:\/\/fizzyvape.eu\/pl\/wp-json\/wp\/v2\/product"}],"about":[{"href":"https:\/\/fizzyvape.eu\/pl\/wp-json\/wp\/v2\/types\/product"}],"replies":[{"embeddable":true,"href":"https:\/\/fizzyvape.eu\/pl\/wp-json\/wp\/v2\/comments?post=28016"}],"version-history":[{"count":0,"href":"https:\/\/fizzyvape.eu\/pl\/wp-json\/wp\/v2\/product\/28016\/revisions"}],"wp:featuredmedia":[{"embeddable":true,"href":"https:\/\/fizzyvape.eu\/pl\/wp-json\/wp\/v2\/media\/30166"}],"wp:attachment":[{"href":"https:\/\/fizzyvape.eu\/pl\/wp-json\/wp\/v2\/media?parent=28016"}],"wp:term":[{"taxonomy":"product_brand","embeddable":true,"href":"https:\/\/fizzyvape.eu\/pl\/wp-json\/wp\/v2\/product_brand?post=28016"},{"taxonomy":"product_cat","embeddable":true,"href":"https:\/\/fizzyvape.eu\/pl\/wp-json\/wp\/v2\/product_cat?post=28016"},{"taxonomy":"product_tag","embeddable":true,"href":"https:\/\/fizzyvape.eu\/pl\/wp-json\/wp\/v2\/product_tag?post=28016"}],"curies":[{"name":"wp","href":"https:\/\/api.w.org\/{rel}","templated":true}]}}