{"id":32914,"date":"2025-06-09T13:55:05","date_gmt":"2025-06-09T05:55:05","guid":{"rendered":"https:\/\/fizzyvape.eu\/product\/fizzy-max-iii-6w1-60k-60000-puff-jednorazowy-akumulator-vape-60-sztuk\/"},"modified":"2025-06-09T13:55:05","modified_gmt":"2025-06-09T05:55:05","slug":"fizzy-max-iii-6w1-60k-60000-puff-jednorazowy-akumulator-vape-60-sztuk","status":"publish","type":"product","link":"https:\/\/fizzyvape.eu\/pl\/produkt\/fizzy-max-iii-6w1-60k-60000-puff-jednorazowy-akumulator-vape-60-sztuk\/","title":{"rendered":"Fizzy Max III 6w1 60K 60000 Puff jednorazowy akumulator Vape &#8211; 60 sztuk"},"content":{"rendered":"<h2>Fizzy Max III 6w1 60K 60000 Puff jednorazowy akumulator Vape <strong>hurtowo <\/strong>&#8211; 60 sztuk<\/h2>\n<h3><strong>Jedno urz\u0105dzenie. Sze\u015b\u0107 smak\u00f3w. 60 000 puff\u00f3w czystej innowacji.  <\/strong><\/h3>\n<p>Przedstawiamy Fizzy Max III 6in1 &#8211; rewolucyjny jednorazowy waporyzator zaprojektowany z my\u015bl\u0105 o odkrywcach smak\u00f3w. Dzi\u0119ki pot\u0119\u017cnemu akumulatorowi, ekranowi LED i unikalnemu systemowi obrotowego ustnika, urz\u0105dzenie to \u0142\u0105czy w sobie sze\u015b\u0107 dozna\u0144 smakowych w jednym eleganckim urz\u0105dzeniu o du\u017cej pojemno\u015bci. Niezale\u017cnie od tego, czy preferujesz pojedyncze smaki, czy dynamiczne mieszanki, ciesz si\u0119 p\u0142ynnymi przej\u015bciami i d\u0142ugotrwa\u0142\u0105 satysfakcj\u0105.  <\/p>\n<p>Obejrzyj nasz <a href=\"https:\/\/www.youtube.com\/watch?v=CoxB_HvaU3k\">film<\/a> demonstracyjny.<\/p>\n<h3><strong>  Najwa\u017cniejsze cechy produktu<\/strong><\/h3>\n<ul>\n<li><strong>Do 60 000 zaci\u0105gni\u0119\u0107<\/strong><br \/>\nCiesz si\u0119 d\u0142u\u017cszym wapowaniem dzi\u0119ki trzem wst\u0119pnie nape\u0142nionym kapsu\u0142kom o pojemno\u015bci 20 ml, dostarczaj\u0105cym \u0142\u0105cznie 60 ml najwy\u017cszej jako\u015bci e-liquidu.<\/li>\n<li><strong>6 smak\u00f3w w 1 urz\u0105dzeniu3<\/strong><strong>unikalne pojedyncze smaki<\/strong> i <strong>3<\/strong> tryby <strong>mieszania smak\u00f3w<\/strong> <\/li>\n<li><strong>Akumulator i wydajno\u015b\u0107<\/strong><br \/>\nWyposa\u017cony w akumulator o pojemno\u015bci 850 mAh i szybkie \u0142adowanie typu C. Nie musisz marnowa\u0107 energii &#8211; na\u0142aduj j\u0105 i kontynuuj prac\u0119. <\/li>\n<li><strong>Zaawansowana technologia cewki siatkowej<\/strong><br \/>\nZapewnia g\u0142adk\u0105, bogat\u0105 i sp\u00f3jn\u0105 par\u0119 przy ka\u017cdym zaci\u0105gni\u0119ciu.<\/li>\n<li><strong>Wy\u015bwietlacz LED<\/strong><br \/>\nWbudowany ekran umo\u017cliwia natychmiastowe sprawdzenie \u017cywotno\u015bci baterii i stanu trybu.<\/li>\n<li><strong>Opcje nikotynowe<\/strong><br \/>\nDost\u0119pne w mocach 2% i 5%, aby dopasowa\u0107 si\u0119 do r\u00f3\u017cnych preferencji.<\/li>\n<li><strong>Tryby Mouth-to-Lung i Direct-Lung<\/strong><br \/>\nTryb MTL oferuje cia\u015bniejsze zaci\u0105ganie w stylu papierosa; tryb DL zapewnia pe\u0142ne, przewiewne uderzenia z odwa\u017cnymi mieszanymi smakami.<\/li>\n<li><strong>Kompaktowy, ale wydajny<\/strong><br \/>\nWszystkie sze\u015b\u0107 opcji smakowych w jednym, przyjaznym w podr\u00f3\u017cy jednorazowym urz\u0105dzeniu &#8211; idealne dla wygody w podr\u00f3\u017cy bez po\u015bwi\u0119cania r\u00f3\u017cnorodno\u015bci.<\/li>\n<\/ul>\n<h3><strong>Fizzy Max III 6in1 60000 Puffs Jednorazowy Vape Lista smak\u00f3w:<\/strong><\/h3>\n<ol>\n<li><a href=\"https:\/\/fizzyvape.eu\/pl\/produkt\/fizzy-max-iii-6w1-60k-60000-puff-jednorazowy-akumulator-vape-truskawka-malina-mango-brzoskwinia-jagoda-arbuz-10-szt\/\">Truskawka Malina &amp; Mango Brzoskwinia &amp; Jagoda Arbuz<\/a><\/li>\n<li><a href=\"https:\/\/fizzyvape.eu\/pl\/produkt\/fizzy-max-iii-6w1-60k-60000-puff-jednorazowy-akumulator-vape-mixed-berry-kiwi-passion-fruit-guava-strawberry-watermelon-10szt\/\">Mixed Berry &amp; Kiwi Passion Fruit Guava &amp; Strawberry Watermelon<\/a><\/li>\n<li><a href=\"https:\/\/fizzyvape.eu\/pl\/produkt\/fizzy-max-iii-6w1-60k-60000-puffs-jednorazowy-akumulator-vape-blueberry-raspberry-triple-melon-strawberry-ice-10szt\/\">Blueberry Raspberry &amp; Triple Melon &amp; Strawberry Ice<\/a><\/li>\n<li><a href=\"https:\/\/fizzyvape.eu\/pl\/produkt\/fizzy-max-iii-6w1-60k-60000-puff-jednorazowy-akumulator-vape-truskawkowy-smoczy-owoc-red-bull-malinowy-arbuz-10szt\/\">Smoczy owoc truskawkowy &amp; Red Bull &amp; arbuz malinowy<\/a><\/li>\n<li><a href=\"https:\/\/fizzyvape.eu\/pl\/produkt\/fizzy-max-iii-6w1-60k-60000-puff-jednorazowy-akumulator-vape-truskawka-kiwi-jagoda-i-arbuz-10-sztuk\/\">L\u00f3d truskawkowy, kiwi i jagodowy oraz l\u00f3d arbuzowy<\/a><\/li>\n<li><a href=\"https:\/\/fizzyvape.eu\/pl\/produkt\/fizzy-max-iii-6w1-60k-60000-puff-jednorazowy-akumulator-vape-blueberry-ice-fizzy-cherry-raspberry-lemon-10szt\/\">Blueberry Ice &amp; Fizzy Cherry &amp; Raspberry Lemon<\/a><\/li>\n<li><a href=\"https:\/\/fizzyvape.eu\/pl\/produkt\/fizzy-max-iii-6in1-60k-60000-puffs-jednorazowy-akumulator-vape-watermelon-ice-strawberry-vanilla-coke-mixed-berry-10szt\/\">Watermelon Ice &amp; Strawberry Vanilla Coke &amp; Mixed<\/a><\/li>\n<li><a href=\"https:\/\/fizzyvape.eu\/pl\/produkt\/fizzy-max-iii-6w1-60k-60000-puff-jednorazowy-akumulator-vape-truskawka-winogrono-jagoda-kokos-i-brzoskwinia-cytryna-10-szt\/\">Truskawka Winogrono &amp; Jagoda Kokos &amp; Brzoskwinia Cytryna<\/a><\/li>\n<li><a href=\"https:\/\/fizzyvape.eu\/pl\/produkt\/fizzy-max-iii-6w1-60k-60000-puff-jednorazowy-akumulator-vape-blue-razz-ice-strawberry-kiwi-sour-pineapple-orange-10szt\/\">Blue Razz Ice &amp; Strawberry Kiwi &amp; Sour Pineapple Orange<\/a><\/li>\n<li><a href=\"https:\/\/fizzyvape.eu\/pl\/produkt\/fizzy-max-iii-6w1-60k-60000-puff-jednorazowy-akumulator-vape-truskawka-arbuz-cytryna-limonka-i-jagoda-kokos-10-szt\/\">Arbuz truskawkowy &amp; Limonka cytrynowa &amp; Kokos jagodowy<\/a><\/li>\n<\/ol>\n<h3><strong>  Tryby waporyzacji dla ka\u017cdych preferencji<\/strong><\/h3>\n<p><strong>Single-Flavor (MTL):<\/strong><br \/>\nCiasne zaci\u0105ganie zapewnia g\u0142adki wdech przypominaj\u0105cy papierosa &#8211; idealny do delektowania si\u0119 czystym smakiem.<\/p>\n<p data-is-last-node=\"\" data-is-only-node=\"\"><strong>Dual-Flavor Mix (DL):<\/strong><br \/>\nOtwarty przep\u0142yw powietrza dla odwa\u017cnych, pe\u0142niejszych uderze\u0144 &#8211; idealny do bogatych, mieszanych smak\u00f3w.<\/p>\n<h3><strong>  Dlaczego warto wybra\u0107 Fizzy Max III 6w1?<\/strong><\/h3>\n<ul>\n<li>Innowacyjny system wielu smak\u00f3w dla niesko\u0144czonej r\u00f3\u017cnorodno\u015bci<\/li>\n<li>Ogromna liczba 60 000 zaci\u0105gni\u0119\u0107 zapewnia d\u0142u\u017csz\u0105 przyjemno\u015b\u0107 z u\u017cytkowania<\/li>\n<li>Mo\u017cliwo\u015b\u0107 \u0142adowania za pomoc\u0105 z\u0142\u0105cza Type-C zapewnia trwa\u0142o\u015b\u0107 i \u0142atwo\u015b\u0107 u\u017cytkowania<\/li>\n<li>Ekran LED do \u015bledzenia u\u017cytkowania w czasie rzeczywistym<\/li>\n<li>Du\u017ca pojemno\u015b\u0107 e-liquidu (\u0142\u0105cznie 60 ml)<\/li>\n<li>Szybka wysy\u0142ka z Europy &#8211; bez op\u00f3\u017anie\u0144 celnych<\/li>\n<\/ul>\n<h3><strong>  FAQ &#8211; Fizzy Max III 6in1 60K 60000 jednorazowy Vape<\/strong><\/h3>\n<ul>\n<li><strong>Jak prze\u0142\u0105cza\u0107 si\u0119 mi\u0119dzy smakami?<\/strong><br \/>\nPodnie\u015b i obr\u00f3\u0107 ustnik, aby prze\u0142\u0105cza\u0107 si\u0119 mi\u0119dzy sze\u015bcioma trybami smaku: trzema pojedynczymi i trzema mieszanymi kombinacjami.<\/li>\n<li><strong>Ile zaci\u0105gni\u0119\u0107 oferuje urz\u0105dzenie?<\/strong><br \/>\nDo 60 000 zaci\u0105gni\u0119\u0107 dzi\u0119ki du\u017cej pojemno\u015bci 60 ml e-liquidu i wydajnemu systemowi cewek siatkowych.<\/li>\n<li><strong>Czy urz\u0105dzenie mo\u017cna \u0142adowa\u0107?<\/strong><br \/>\nTak, jest wyposa\u017cony w akumulator o pojemno\u015bci 850 mAh z portem typu C do szybkiego i wygodnego \u0142adowania.<\/li>\n<li><strong>Jakie st\u0119\u017cenia nikotyny s\u0105 dost\u0119pne?<\/strong><br \/>\nW zale\u017cno\u015bci od preferencji mo\u017cna wybra\u0107 poziom nikotyny od 2% do 5%.<\/li>\n<\/ul>\n","protected":false},"excerpt":{"rendered":"<p><strong>Fizzy Max III 6in1 &#8211; 60 000 zaci\u0105gni\u0119\u0107, 6 smak\u00f3w, jedno urz\u0105dzenie<\/strong><br \/>\nOdblokuj moc 60 000 zaci\u0105gni\u0119\u0107 z sze\u015bcioma obrotowymi smakami w jednym eleganckim urz\u0105dzeniu vape z mo\u017cliwo\u015bci\u0105 \u0142adowania. Wst\u0119pnie nape\u0142niony 60 ml najwy\u017cszej jako\u015bci e-liquidu, wyposa\u017cony w cewk\u0119 siatkow\u0105, wy\u015bwietlacz LED i \u0142adowanie typu C.<br \/>\nDost\u0119pne w wersjach 2% i 5% nikotyny. <\/p>\n<p><strong>Idealny do sprzeda\u017cy hurtowej Vape<\/strong> &#8211; wysoki popyt, d\u0142ugi okres trwa\u0142o\u015bci i wysoka powtarzalno\u015b\u0107 sprzeda\u017cy. Idealny dla sprzedawc\u00f3w i nabywc\u00f3w hurtowych. <\/p>\n","protected":false},"featured_media":32509,"comment_status":"open","ping_status":"closed","template":"","meta":{"iawp_total_views":5},"product_brand":[],"product_cat":[673],"product_tag":[],"class_list":{"0":"post-32914","1":"product","2":"type-product","3":"status-publish","4":"has-post-thumbnail","6":"product_cat-bulk-deals-2-pl","8":"first","9":"outofstock","10":"sale","11":"shipping-taxable","12":"purchasable","13":"product-type-variable"},"yoast_head":"<!-- This site is optimized with the Yoast SEO Premium plugin v24.8 (Yoast SEO v24.8) - https:\/\/yoast.com\/wordpress\/plugins\/seo\/ -->\n<title>Hurtownia Vape EU: 60K Puffs 6w1 Jednorazowe | Rabat hurtowy<\/title>\n<meta name=\"description\" content=\"Hurtownia Vape EU - Fizzy Max III 6w1: 60000 zaci\u0105gni\u0119\u0107, 6 smak\u00f3w, jednorazowe waporyzatory wielokrotnego \u0142adowania. Oszcz\u0119dno\u015bci hurtowe na urz\u0105dzeniach 60 ml i Type-C. Stan magazynowy w UE. Zam\u00f3w teraz!\" \/>\n<meta name=\"robots\" content=\"index, follow, max-snippet:-1, max-image-preview:large, max-video-preview:-1\" \/>\n<link rel=\"canonical\" href=\"https:\/\/fizzyvape.eu\/pl\/produkt\/fizzy-max-iii-6w1-60k-60000-puff-jednorazowy-akumulator-vape-60-sztuk\/\" \/>\n<meta property=\"og:locale\" content=\"pl_PL\" \/>\n<meta property=\"og:type\" content=\"article\" \/>\n<meta property=\"og:title\" content=\"Fizzy Max III 6w1 60K 60000 Puff jednorazowy akumulator Vape - 60 sztuk\" \/>\n<meta property=\"og:description\" content=\"Hurtownia Vape EU - Fizzy Max III 6w1: 60000 zaci\u0105gni\u0119\u0107, 6 smak\u00f3w, jednorazowe waporyzatory wielokrotnego \u0142adowania. Oszcz\u0119dno\u015bci hurtowe na urz\u0105dzeniach 60 ml i Type-C. Stan magazynowy w UE. Zam\u00f3w teraz!\" \/>\n<meta property=\"og:url\" content=\"https:\/\/fizzyvape.eu\/pl\/produkt\/fizzy-max-iii-6w1-60k-60000-puff-jednorazowy-akumulator-vape-60-sztuk\/\" \/>\n<meta property=\"og:site_name\" content=\"fizzyvape.eu\" \/>\n<meta property=\"og:image\" content=\"https:\/\/fizzyvape.eu\/wp-content\/uploads\/2025\/06\/Fizzy-Max-60000-Puffs-60pcs.webp\" \/>\n\t<meta property=\"og:image:width\" content=\"800\" \/>\n\t<meta property=\"og:image:height\" content=\"800\" \/>\n\t<meta property=\"og:image:type\" content=\"image\/webp\" \/>\n<meta name=\"twitter:card\" content=\"summary_large_image\" \/>\n<meta name=\"twitter:label1\" content=\"Dost\u0119pno\u015b\u0107\" \/>\n\t<meta name=\"twitter:data1\" content=\"Brak w magazynie\" \/>\n<script type=\"application\/ld+json\" class=\"yoast-schema-graph\">{\"@context\":\"https:\/\/schema.org\",\"@graph\":[{\"@type\":\"WebPage\",\"@id\":\"https:\/\/fizzyvape.eu\/pl\/produkt\/fizzy-max-iii-6w1-60k-60000-puff-jednorazowy-akumulator-vape-60-sztuk\/\",\"url\":\"https:\/\/fizzyvape.eu\/pl\/produkt\/fizzy-max-iii-6w1-60k-60000-puff-jednorazowy-akumulator-vape-60-sztuk\/\",\"name\":\"Hurtownia Vape EU: 60K Puffs 6w1 Jednorazowe | Rabat hurtowy\",\"isPartOf\":{\"@id\":\"https:\/\/www.fizzyvape.eu\/pl\/#website\"},\"primaryImageOfPage\":{\"@id\":\"https:\/\/fizzyvape.eu\/pl\/produkt\/fizzy-max-iii-6w1-60k-60000-puff-jednorazowy-akumulator-vape-60-sztuk\/#primaryimage\"},\"image\":{\"@id\":\"https:\/\/fizzyvape.eu\/pl\/produkt\/fizzy-max-iii-6w1-60k-60000-puff-jednorazowy-akumulator-vape-60-sztuk\/#primaryimage\"},\"thumbnailUrl\":\"https:\/\/fizzyvape.eu\/wp-content\/uploads\/2025\/06\/Fizzy-Max-60000-Puffs-60pcs.webp\",\"datePublished\":\"2025-06-09T05:55:05+00:00\",\"description\":\"Hurtownia Vape EU - Fizzy Max III 6w1: 60000 zaci\u0105gni\u0119\u0107, 6 smak\u00f3w, jednorazowe waporyzatory wielokrotnego \u0142adowania. Oszcz\u0119dno\u015bci hurtowe na urz\u0105dzeniach 60 ml i Type-C. Stan magazynowy w UE. Zam\u00f3w teraz!\",\"breadcrumb\":{\"@id\":\"https:\/\/fizzyvape.eu\/pl\/produkt\/fizzy-max-iii-6w1-60k-60000-puff-jednorazowy-akumulator-vape-60-sztuk\/#breadcrumb\"},\"inLanguage\":\"pl-PL\",\"potentialAction\":[{\"@type\":\"ReadAction\",\"target\":[\"https:\/\/fizzyvape.eu\/pl\/produkt\/fizzy-max-iii-6w1-60k-60000-puff-jednorazowy-akumulator-vape-60-sztuk\/\"]}]},{\"@type\":\"ImageObject\",\"inLanguage\":\"pl-PL\",\"@id\":\"https:\/\/fizzyvape.eu\/pl\/produkt\/fizzy-max-iii-6w1-60k-60000-puff-jednorazowy-akumulator-vape-60-sztuk\/#primaryimage\",\"url\":\"https:\/\/fizzyvape.eu\/wp-content\/uploads\/2025\/06\/Fizzy-Max-60000-Puffs-60pcs.webp\",\"contentUrl\":\"https:\/\/fizzyvape.eu\/wp-content\/uploads\/2025\/06\/Fizzy-Max-60000-Puffs-60pcs.webp\",\"width\":800,\"height\":800},{\"@type\":\"BreadcrumbList\",\"@id\":\"https:\/\/fizzyvape.eu\/pl\/produkt\/fizzy-max-iii-6w1-60k-60000-puff-jednorazowy-akumulator-vape-60-sztuk\/#breadcrumb\",\"itemListElement\":[{\"@type\":\"ListItem\",\"position\":1,\"name\":\"Home\",\"item\":\"https:\/\/fizzyvape.eu\/pl\/\"},{\"@type\":\"ListItem\",\"position\":2,\"name\":\"Sklep\",\"item\":\"https:\/\/fizzyvape.eu\/pl\/sklep\/\"},{\"@type\":\"ListItem\",\"position\":3,\"name\":\"Fizzy Max III 6w1 60K 60000 Puff jednorazowy akumulator Vape &#8211; 60 sztuk\"}]},{\"@type\":\"WebSite\",\"@id\":\"https:\/\/www.fizzyvape.eu\/pl\/#website\",\"url\":\"https:\/\/www.fizzyvape.eu\/pl\/\",\"name\":\"fizzyvape.eu\",\"description\":\"Refreshing Vapes. Unforgettable Taste.\",\"publisher\":{\"@id\":\"https:\/\/www.fizzyvape.eu\/pl\/#organization\"},\"potentialAction\":[{\"@type\":\"SearchAction\",\"target\":{\"@type\":\"EntryPoint\",\"urlTemplate\":\"https:\/\/www.fizzyvape.eu\/pl\/?s={search_term_string}\"},\"query-input\":{\"@type\":\"PropertyValueSpecification\",\"valueRequired\":true,\"valueName\":\"search_term_string\"}}],\"inLanguage\":\"pl-PL\"},{\"@type\":\"Organization\",\"@id\":\"https:\/\/www.fizzyvape.eu\/pl\/#organization\",\"name\":\"fizzyvape.eu\",\"url\":\"https:\/\/www.fizzyvape.eu\/pl\/\",\"logo\":{\"@type\":\"ImageObject\",\"inLanguage\":\"pl-PL\",\"@id\":\"https:\/\/www.fizzyvape.eu\/pl\/#\/schema\/logo\/image\/\",\"url\":\"https:\/\/fizzyvape.eu\/wp-content\/uploads\/2019\/06\/print-1.svg\",\"contentUrl\":\"https:\/\/fizzyvape.eu\/wp-content\/uploads\/2019\/06\/print-1.svg\",\"width\":124,\"height\":37,\"caption\":\"fizzyvape.eu\"},\"image\":{\"@id\":\"https:\/\/www.fizzyvape.eu\/pl\/#\/schema\/logo\/image\/\"}}]}<\/script>\n<meta property=\"og:availability\" content=\"out of stock\" \/>\n<meta property=\"product:availability\" content=\"out of stock\" \/>\n<meta property=\"product:condition\" content=\"new\" \/>\n<!-- \/ Yoast SEO Premium plugin. -->","yoast_head_json":{"title":"Hurtownia Vape EU: 60K Puffs 6w1 Jednorazowe | Rabat hurtowy","description":"Hurtownia Vape EU - Fizzy Max III 6w1: 60000 zaci\u0105gni\u0119\u0107, 6 smak\u00f3w, jednorazowe waporyzatory wielokrotnego \u0142adowania. Oszcz\u0119dno\u015bci hurtowe na urz\u0105dzeniach 60 ml i Type-C. Stan magazynowy w UE. Zam\u00f3w teraz!","robots":{"index":"index","follow":"follow","max-snippet":"max-snippet:-1","max-image-preview":"max-image-preview:large","max-video-preview":"max-video-preview:-1"},"canonical":"https:\/\/fizzyvape.eu\/pl\/produkt\/fizzy-max-iii-6w1-60k-60000-puff-jednorazowy-akumulator-vape-60-sztuk\/","og_locale":"pl_PL","og_type":"article","og_title":"Fizzy Max III 6w1 60K 60000 Puff jednorazowy akumulator Vape - 60 sztuk","og_description":"Hurtownia Vape EU - Fizzy Max III 6w1: 60000 zaci\u0105gni\u0119\u0107, 6 smak\u00f3w, jednorazowe waporyzatory wielokrotnego \u0142adowania. Oszcz\u0119dno\u015bci hurtowe na urz\u0105dzeniach 60 ml i Type-C. Stan magazynowy w UE. Zam\u00f3w teraz!","og_url":"https:\/\/fizzyvape.eu\/pl\/produkt\/fizzy-max-iii-6w1-60k-60000-puff-jednorazowy-akumulator-vape-60-sztuk\/","og_site_name":"fizzyvape.eu","og_image":[{"width":800,"height":800,"url":"https:\/\/fizzyvape.eu\/wp-content\/uploads\/2025\/06\/Fizzy-Max-60000-Puffs-60pcs.webp","type":"image\/webp"}],"twitter_card":"summary_large_image","twitter_misc":{"Dost\u0119pno\u015b\u0107":"Brak w magazynie"},"schema":{"@context":"https:\/\/schema.org","@graph":[{"@type":"WebPage","@id":"https:\/\/fizzyvape.eu\/pl\/produkt\/fizzy-max-iii-6w1-60k-60000-puff-jednorazowy-akumulator-vape-60-sztuk\/","url":"https:\/\/fizzyvape.eu\/pl\/produkt\/fizzy-max-iii-6w1-60k-60000-puff-jednorazowy-akumulator-vape-60-sztuk\/","name":"Hurtownia Vape EU: 60K Puffs 6w1 Jednorazowe | Rabat hurtowy","isPartOf":{"@id":"https:\/\/www.fizzyvape.eu\/pl\/#website"},"primaryImageOfPage":{"@id":"https:\/\/fizzyvape.eu\/pl\/produkt\/fizzy-max-iii-6w1-60k-60000-puff-jednorazowy-akumulator-vape-60-sztuk\/#primaryimage"},"image":{"@id":"https:\/\/fizzyvape.eu\/pl\/produkt\/fizzy-max-iii-6w1-60k-60000-puff-jednorazowy-akumulator-vape-60-sztuk\/#primaryimage"},"thumbnailUrl":"https:\/\/fizzyvape.eu\/wp-content\/uploads\/2025\/06\/Fizzy-Max-60000-Puffs-60pcs.webp","datePublished":"2025-06-09T05:55:05+00:00","description":"Hurtownia Vape EU - Fizzy Max III 6w1: 60000 zaci\u0105gni\u0119\u0107, 6 smak\u00f3w, jednorazowe waporyzatory wielokrotnego \u0142adowania. Oszcz\u0119dno\u015bci hurtowe na urz\u0105dzeniach 60 ml i Type-C. Stan magazynowy w UE. Zam\u00f3w teraz!","breadcrumb":{"@id":"https:\/\/fizzyvape.eu\/pl\/produkt\/fizzy-max-iii-6w1-60k-60000-puff-jednorazowy-akumulator-vape-60-sztuk\/#breadcrumb"},"inLanguage":"pl-PL","potentialAction":[{"@type":"ReadAction","target":["https:\/\/fizzyvape.eu\/pl\/produkt\/fizzy-max-iii-6w1-60k-60000-puff-jednorazowy-akumulator-vape-60-sztuk\/"]}]},{"@type":"ImageObject","inLanguage":"pl-PL","@id":"https:\/\/fizzyvape.eu\/pl\/produkt\/fizzy-max-iii-6w1-60k-60000-puff-jednorazowy-akumulator-vape-60-sztuk\/#primaryimage","url":"https:\/\/fizzyvape.eu\/wp-content\/uploads\/2025\/06\/Fizzy-Max-60000-Puffs-60pcs.webp","contentUrl":"https:\/\/fizzyvape.eu\/wp-content\/uploads\/2025\/06\/Fizzy-Max-60000-Puffs-60pcs.webp","width":800,"height":800},{"@type":"BreadcrumbList","@id":"https:\/\/fizzyvape.eu\/pl\/produkt\/fizzy-max-iii-6w1-60k-60000-puff-jednorazowy-akumulator-vape-60-sztuk\/#breadcrumb","itemListElement":[{"@type":"ListItem","position":1,"name":"Home","item":"https:\/\/fizzyvape.eu\/pl\/"},{"@type":"ListItem","position":2,"name":"Sklep","item":"https:\/\/fizzyvape.eu\/pl\/sklep\/"},{"@type":"ListItem","position":3,"name":"Fizzy Max III 6w1 60K 60000 Puff jednorazowy akumulator Vape &#8211; 60 sztuk"}]},{"@type":"WebSite","@id":"https:\/\/www.fizzyvape.eu\/pl\/#website","url":"https:\/\/www.fizzyvape.eu\/pl\/","name":"fizzyvape.eu","description":"Refreshing Vapes. Unforgettable Taste.","publisher":{"@id":"https:\/\/www.fizzyvape.eu\/pl\/#organization"},"potentialAction":[{"@type":"SearchAction","target":{"@type":"EntryPoint","urlTemplate":"https:\/\/www.fizzyvape.eu\/pl\/?s={search_term_string}"},"query-input":{"@type":"PropertyValueSpecification","valueRequired":true,"valueName":"search_term_string"}}],"inLanguage":"pl-PL"},{"@type":"Organization","@id":"https:\/\/www.fizzyvape.eu\/pl\/#organization","name":"fizzyvape.eu","url":"https:\/\/www.fizzyvape.eu\/pl\/","logo":{"@type":"ImageObject","inLanguage":"pl-PL","@id":"https:\/\/www.fizzyvape.eu\/pl\/#\/schema\/logo\/image\/","url":"https:\/\/fizzyvape.eu\/wp-content\/uploads\/2019\/06\/print-1.svg","contentUrl":"https:\/\/fizzyvape.eu\/wp-content\/uploads\/2019\/06\/print-1.svg","width":124,"height":37,"caption":"fizzyvape.eu"},"image":{"@id":"https:\/\/www.fizzyvape.eu\/pl\/#\/schema\/logo\/image\/"}}]},"og_availability":"out of stock","product_availability":"out of stock","product_condition":"new"},"tiered_pricing_type":"fixed","tiered_pricing_fixed_rules":[],"tiered_pricing_product_settings":{"layout":"default","base_unit_name":{"singular":null,"plural":null},"default_variation":null},"tiered_pricing_minimum_quantity":null,"tiered_pricing_roles_data":[],"tiered_pricing_percentage_rules":[],"tiered_pricing_maximum_quantity":null,"tiered_pricing_quantity_step":null,"_links":{"self":[{"href":"https:\/\/fizzyvape.eu\/pl\/wp-json\/wp\/v2\/product\/32914","targetHints":{"allow":["GET"]}}],"collection":[{"href":"https:\/\/fizzyvape.eu\/pl\/wp-json\/wp\/v2\/product"}],"about":[{"href":"https:\/\/fizzyvape.eu\/pl\/wp-json\/wp\/v2\/types\/product"}],"replies":[{"embeddable":true,"href":"https:\/\/fizzyvape.eu\/pl\/wp-json\/wp\/v2\/comments?post=32914"}],"version-history":[{"count":0,"href":"https:\/\/fizzyvape.eu\/pl\/wp-json\/wp\/v2\/product\/32914\/revisions"}],"wp:featuredmedia":[{"embeddable":true,"href":"https:\/\/fizzyvape.eu\/pl\/wp-json\/wp\/v2\/media\/32509"}],"wp:attachment":[{"href":"https:\/\/fizzyvape.eu\/pl\/wp-json\/wp\/v2\/media?parent=32914"}],"wp:term":[{"taxonomy":"product_brand","embeddable":true,"href":"https:\/\/fizzyvape.eu\/pl\/wp-json\/wp\/v2\/product_brand?post=32914"},{"taxonomy":"product_cat","embeddable":true,"href":"https:\/\/fizzyvape.eu\/pl\/wp-json\/wp\/v2\/product_cat?post=32914"},{"taxonomy":"product_tag","embeddable":true,"href":"https:\/\/fizzyvape.eu\/pl\/wp-json\/wp\/v2\/product_tag?post=32914"}],"curies":[{"name":"wp","href":"https:\/\/api.w.org\/{rel}","templated":true}]}}