{"id":32923,"date":"2025-06-09T13:55:03","date_gmt":"2025-06-09T05:55:03","guid":{"rendered":"https:\/\/fizzyvape.eu\/product\/fizzy-max-iii-6w1-60k-60000-puff-jednorazowy-akumulator-vape-120-sztuk\/"},"modified":"2025-06-09T13:55:03","modified_gmt":"2025-06-09T05:55:03","slug":"fizzy-max-iii-6w1-60k-60000-puff-jednorazowy-akumulator-vape-120-sztuk","status":"publish","type":"product","link":"https:\/\/fizzyvape.eu\/pl\/produkt\/fizzy-max-iii-6w1-60k-60000-puff-jednorazowy-akumulator-vape-120-sztuk\/","title":{"rendered":"Fizzy Max III 6w1 60K 60000 Puff jednorazowy akumulator Vape &#8211; 120 sztuk"},"content":{"rendered":"<h1>Fizzy Max III 6w1 60K 60000 Puff jednorazowy akumulator Vape hurtowo &#8211; 120 sztuk<\/h1>\n<h3>Jedno urz\u0105dzenie. Sze\u015b\u0107 smak\u00f3w. 60 000 zaci\u0105gni\u0119\u0107 najwy\u017cszej jako\u015bci waporyzacji.  <\/h3>\n<p>Odkryj wygod\u0119 i r\u00f3\u017cnorodno\u015b\u0107 waporyzacji na najwy\u017cszym poziomie dzi\u0119ki <strong>Fizzy Max III 6in1<\/strong> &#8211; wiod\u0105cemu w bran\u017cy jednorazowemu waporyzatorowi oferuj\u0105cemu <strong>do 60 000 zaci\u0105gni\u0119\u0107<\/strong> z jednego urz\u0105dzenia wielokrotnego \u0142adowania. Zaprojektowane dla tych, kt\u00f3rzy pragn\u0105 elastyczno\u015bci, smaku i wydajno\u015bci, urz\u0105dzenie to jest wyposa\u017cone w inteligentny <strong>obrotowy ustnik<\/strong>, kt\u00f3ry pozwala u\u017cytkownikom prze\u0142\u0105cza\u0107 si\u0119 mi\u0119dzy <strong>sze\u015bcioma unikalnymi doznaniami smakowymi<\/strong> natychmiast i bez wysi\u0142ku. <\/p>\n<p>Dzi\u0119ki <strong>trzem wst\u0119pnie nape\u0142nionym kapsu\u0142kom o pojemno\u015bci 20 ml<\/strong> (\u0142\u0105cznie 60 ml), ten uniwersalny waporyzator \u0142\u0105czy w sobie <strong>maksymaln\u0105 liczb\u0119 zaci\u0105gni\u0119\u0107<\/strong>, <strong>bogat\u0105 r\u00f3\u017cnorodno\u015b\u0107 smak\u00f3w<\/strong> i <strong>najnowocze\u015bniejsz\u0105 technologi\u0119<\/strong> w eleganckiej, przyjaznej w podr\u00f3\u017cy konstrukcji.<\/p>\n<h4><strong>  Tryby smaku:<\/strong><\/h4>\n<ul>\n<li> <strong> Strawberry Raspberry (A)<\/strong> &#8211; S\u0142odko-cierpka jagodowa mieszanka pe\u0142na smaku.<\/li>\n<li> <strong> Mango Peach (B)<\/strong> &#8211; soczyste tropikalne mango w po\u0142\u0105czeniu ze s\u0142odycz\u0105 dojrza\u0142ej brzoskwini<\/li>\n<li> <strong> Blueberry Watermelon (C)<\/strong> &#8211; Ch\u0142odne jagody w po\u0142\u0105czeniu z orze\u017awiaj\u0105cym arbuzem.<\/li>\n<\/ul>\n<h4><strong>  Tryby mieszanych smak\u00f3w:<\/strong><\/h4>\n<ul>\n<li> <strong> Mix AB<\/strong> &#8211; Wspania\u0142a mieszanka truskawki, maliny i brzoskwini z mango.<\/li>\n<li> <strong> Mix BC<\/strong> &#8211; orze\u017awiaj\u0105ca mieszanka brzoskwini z mango i arbuza z jagodami<\/li>\n<li> <strong> Mix CA<\/strong> &#8211; S\u0142odkie i ch\u0142odne po\u0142\u0105czenie bor\u00f3wki arbuza i truskawki maliny<\/li>\n<\/ul>\n<p>Prze\u0142\u0105czaj smaki bez wysi\u0142ku, podnosz\u0105c i obracaj\u0105c ustnik w tym cyklu smakowym:<br \/>\n<strong>  A \u2192 Mix AB \u2192 B \u2192 Mix BC \u2192 C \u2192 Mix CA<\/strong><\/p>\n<p>P\u0142ynnie prze\u0142\u0105czaj si\u0119 mi\u0119dzy wszystkimi sze\u015bcioma mo\u017cliwymi smakami za pomoc\u0105 prostego obrotu ustnika. Ciesz si\u0119 najwy\u017csz\u0105 wygod\u0105 systemu 6 w 1. Ciekawy? Obejrzyj nasz <a href=\"https:\/\/www.youtube.com\/watch?v=CoxB_HvaU3k\">film<\/a> demonstracyjny.   <\/p>\n<h3><strong>  Najwa\u017cniejsze cechy produktu<\/strong><\/h3>\n<ul>\n<li><strong>60 000 zaci\u0105gni\u0119\u0107 na urz\u0105dzenie<\/strong><br \/>\nZbudowany z my\u015bl\u0105 o d\u0142ugotrwa\u0142ej wydajno\u015bci, aby zmniejszy\u0107 liczb\u0119 wymian i zapewni\u0107 sta\u0142\u0105 satysfakcj\u0119.<\/li>\n<li><strong>6 smak\u00f3w w 1 urz\u0105dzeniu<\/strong><br \/>\n 3<strong>unikalne pojedyncze smaki<\/strong> i <strong>3<\/strong> tryby <strong>mieszania smak\u00f3w<\/strong> <\/li>\n<li><strong>Akumulator i wydajno\u015b\u0107<\/strong><br \/>\nZasilany <strong>akumulatorem 850 mAh<\/strong> z <strong>szybkim \u0142adowaniem typu C<\/strong>, oferuj\u0105cym d\u0142ugotrwa\u0142e u\u017cytkowanie i wygod\u0119 bez marnowania energii.<\/li>\n<li><strong>Wy\u015bwietlacz LED<\/strong><br \/>\nMonitoruj \u017cywotno\u015b\u0107 baterii i bie\u017c\u0105cy tryb dzi\u0119ki czytelnemu, wbudowanemu ekranowi &#8211; poznaj stan urz\u0105dzenia na pierwszy rzut oka.<\/li>\n<li><strong>Zaawansowany system cewek siatkowych<\/strong><br \/>\nDo\u015bwiadcz g\u0142adszej, pe\u0142niejszej pary przy ka\u017cdym zaci\u0105gni\u0119ciu, dzi\u0119ki zwi\u0119kszonej wydajno\u015bci grzewczej.<\/li>\n<li><strong>Opcje nikotynowe<\/strong><br \/>\nDost\u0119pne w <strong>mocach 2% i 5% nikotyny<\/strong>, zar\u00f3wno dla lekkich, jak i ci\u0119\u017ckich u\u017cytkownik\u00f3w.<\/li>\n<li><strong>Wszechstronne tryby waporyzacji<\/strong><\/li>\n<li><strong>MTL (Mouth-to-Lung):<\/strong> Klasyczne, ciasne zaci\u0105ganie dla czystej przyjemno\u015bci z jednego smaku<\/li>\n<li><strong>DL (Direct-Lung):<\/strong> Mocniejsze, odwa\u017cne uderzenia dla mieszanych emocji smakowych<\/li>\n<li><strong>Wholesale Ready<\/strong><br \/>\nOferowany <strong>luzem (120 sztuk)<\/strong> dla sprzedawc\u00f3w detalicznych i odsprzedawc\u00f3w poszukuj\u0105cych wydajnego, wysokomar\u017cowego produktu o du\u017cej atrakcyjno\u015bci dla konsument\u00f3w i d\u0142ugim okresie przydatno\u015bci do spo\u017cycia (2 lata).<\/li>\n<\/ul>\n<h3><strong>Fizzy Max III 6in1 60000 Puffs Jednorazowy Vape Lista smak\u00f3w:<\/strong><\/h3>\n<ol>\n<li><a href=\"https:\/\/fizzyvape.eu\/pl\/produkt\/fizzy-max-iii-6w1-60k-60000-puff-jednorazowy-akumulator-vape-truskawka-malina-mango-brzoskwinia-jagoda-arbuz-10-szt\/\">Truskawka Malina &amp; Mango Brzoskwinia &amp; Jagoda Arbuz<\/a><\/li>\n<li><a href=\"https:\/\/fizzyvape.eu\/pl\/produkt\/fizzy-max-iii-6w1-60k-60000-puff-jednorazowy-akumulator-vape-mixed-berry-kiwi-passion-fruit-guava-strawberry-watermelon-10szt\/\">Mixed Berry &amp; Kiwi Passion Fruit Guava &amp; Strawberry Watermelon<\/a><\/li>\n<li><a href=\"https:\/\/fizzyvape.eu\/pl\/produkt\/fizzy-max-iii-6w1-60k-60000-puffs-jednorazowy-akumulator-vape-blueberry-raspberry-triple-melon-strawberry-ice-10szt\/\">Blueberry Raspberry &amp; Triple Melon &amp; Strawberry Ice<\/a><\/li>\n<li><a href=\"https:\/\/fizzyvape.eu\/pl\/produkt\/fizzy-max-iii-6w1-60k-60000-puff-jednorazowy-akumulator-vape-truskawkowy-smoczy-owoc-red-bull-malinowy-arbuz-10szt\/\">Smoczy owoc truskawkowy &amp; Red Bull &amp; arbuz malinowy<\/a><\/li>\n<li><a href=\"https:\/\/fizzyvape.eu\/pl\/produkt\/fizzy-max-iii-6w1-60k-60000-puff-jednorazowy-akumulator-vape-truskawka-kiwi-jagoda-i-arbuz-10-sztuk\/\">Strawberry Kiwi &amp; Blueberry Ice &amp; Watermelon Ice<\/a><\/li>\n<li><a href=\"https:\/\/fizzyvape.eu\/pl\/produkt\/fizzy-max-iii-6w1-60k-60000-puff-jednorazowy-akumulator-vape-blueberry-ice-fizzy-cherry-raspberry-lemon-10szt\/\">Blueberry Ice &amp; Fizzy Cherry &amp; Raspberry Lemon<\/a><\/li>\n<li><a href=\"https:\/\/fizzyvape.eu\/pl\/produkt\/fizzy-max-iii-6in1-60k-60000-puffs-jednorazowy-akumulator-vape-watermelon-ice-strawberry-vanilla-coke-mixed-berry-10szt\/\">Watermelon Ice &amp; Strawberry Vanilla Coke &amp; Mixed<\/a><\/li>\n<li><a href=\"https:\/\/fizzyvape.eu\/pl\/produkt\/fizzy-max-iii-6w1-60k-60000-puff-jednorazowy-akumulator-vape-truskawka-winogrono-jagoda-kokos-i-brzoskwinia-cytryna-10-szt\/\">Truskawka Winogrono &amp; Jagoda Kokos &amp; Brzoskwinia Cytryna<\/a><\/li>\n<li><a href=\"https:\/\/fizzyvape.eu\/pl\/produkt\/fizzy-max-iii-6w1-60k-60000-puff-jednorazowy-akumulator-vape-blue-razz-ice-strawberry-kiwi-sour-pineapple-orange-10szt\/\">Blue Razz Ice &amp; Strawberry Kiwi &amp; Sour Pineapple Orange<\/a><\/li>\n<li><a href=\"https:\/\/fizzyvape.eu\/pl\/produkt\/fizzy-max-iii-6w1-60k-60000-puff-jednorazowy-akumulator-vape-truskawka-arbuz-cytryna-limonka-i-jagoda-kokos-10-szt\/\">Arbuz truskawkowy &amp; Limonka cytrynowa &amp; Kokos jagodowy<\/a><\/li>\n<\/ol>\n<h3><strong>  Tryby waporyzacji dla ka\u017cdych preferencji<\/strong><\/h3>\n<p><strong>Tryb pojedynczego smaku (MTL):<\/strong><br \/>\nCiesz si\u0119 p\u0142ynnymi zaci\u0105gni\u0119ciami, kt\u00f3re na\u015bladuj\u0105 klasyczny wdech papierosa, idealny do delektowania si\u0119 ka\u017cdym odr\u0119bnym smakiem.<\/p>\n<p><strong>Tryb Dual-Flavor Mix (DL):<\/strong><br \/>\nDo\u015bwiadcz odwa\u017cnych, bezpo\u015brednich uderze\u0144 w p\u0142uca dzi\u0119ki zwi\u0119kszonemu przep\u0142ywowi powietrza, wytwarzaj\u0105c bogat\u0105 par\u0119 i \u017cywe mieszanki smakowe.<\/p>\n<h3><strong>Dlaczego warto wybra\u0107 Fizzy Max III 6w1?<\/strong><\/h3>\n<ul>\n<li>\u0141atwa zmiana smaku dzi\u0119ki innowacyjnemu obrotowemu ustnikowi<\/li>\n<li>D\u0142ugotrwa\u0142a wydajno\u015b\u0107 do 60 000 zaci\u0105gni\u0119\u0107 na urz\u0105dzenie<\/li>\n<li>Sze\u015b\u0107 pysznych smak\u00f3w po\u0142\u0105czonych w jednym kompaktowym vape z mo\u017cliwo\u015bci\u0105 \u0142adowania<\/li>\n<li>Szybka, niezawodna wysy\u0142ka z Europy bez op\u00f3\u017anie\u0144 celnych<\/li>\n<\/ul>\n<h3><strong>  FAQ &#8211; Fizzy Max III 6in1 60K jednorazowy Vape<\/strong><\/h3>\n<ul>\n<li><strong>Jak prze\u0142\u0105cza\u0107 si\u0119 mi\u0119dzy r\u00f3\u017cnymi smakami?<\/strong><br \/>\nPodnie\u015b i obr\u00f3\u0107 ustnik, aby prze\u0142\u0105cza\u0107 si\u0119 mi\u0119dzy sze\u015bcioma trybami smaku: trzema pojedynczymi smakami i trzema mieszankami.<\/li>\n<li><strong>Ile zaci\u0105gni\u0119\u0107 mog\u0119 uzyska\u0107 z jednego urz\u0105dzenia?<\/strong><br \/>\nKa\u017cde urz\u0105dzenie zapewnia do 60 000 zaci\u0105gni\u0119\u0107 dzi\u0119ki du\u017cej pojemno\u015bci 60 ml e-liquidu i wydajnej baterii.<\/li>\n<li><strong>Czy urz\u0105dzenie mo\u017cna \u0142adowa\u0107?<\/strong><br \/>\nTak, jest wyposa\u017cony w akumulator o pojemno\u015bci 850 mAh z szybkim \u0142adowaniem typu C.<\/li>\n<li><strong>Jakie st\u0119\u017cenia nikotyny s\u0105 dost\u0119pne?<\/strong><br \/>\nDo wyboru s\u0105 st\u0119\u017cenia nikotyny od 2% do 5%.<\/li>\n<li><strong>Czy urz\u0105dzenie ma wy\u015bwietlacz?<\/strong><br \/>\nTak, ekran LED pokazuje \u017cywotno\u015b\u0107 baterii i aktualny tryb smaku.<\/li>\n<\/ul>\n","protected":false},"excerpt":{"rendered":"<p>Do\u015bwiadcz niezr\u00f3wnanej r\u00f3\u017cnorodno\u015bci i wygody waporyzacji dzi\u0119ki jednemu <strong>urz\u0105dzeniu wielokrotnego \u0142adowania<\/strong> z <strong>sze\u015bcioma trybami smaku<\/strong>, du\u017c\u0105 pojemno\u015bci\u0105<strong> 60 ml e-liquidu<\/strong>, szybkim <strong>\u0142adowaniem typu C<\/strong> i wy\u015bwietlaczem LED. Idealny do <strong>d\u0142ugotrwa\u0142ego u\u017cytkowania<\/strong> i <strong>sprzeda\u017cy hurtowej<\/strong>. <\/p>\n","protected":false},"featured_media":32518,"comment_status":"open","ping_status":"closed","template":"","meta":{"iawp_total_views":0},"product_brand":[],"product_cat":[673],"product_tag":[],"class_list":{"0":"post-32923","1":"product","2":"type-product","3":"status-publish","4":"has-post-thumbnail","6":"product_cat-bulk-deals-2-pl","8":"first","9":"outofstock","10":"sale","11":"shipping-taxable","12":"purchasable","13":"product-type-variable"},"yoast_head":"<!-- This site is optimized with the Yoast SEO Premium plugin v24.8 (Yoast SEO v24.8) - https:\/\/yoast.com\/wordpress\/plugins\/seo\/ -->\n<title>Jednorazowe Vape hurtowo | Masowe jednorazowe Vape do wielokrotnego \u0142adowania<\/title>\n<meta name=\"description\" content=\"Hurtowe jednorazowe waporyzatory wielokrotnego \u0142adowania o pojemno\u015bci do 60000 zaci\u0105gni\u0119\u0107 i wielu smakach. Szybka wysy\u0142ka do UE i \u015bwietne rozwi\u0105zanie dla sprzedawc\u00f3w detalicznych.\" \/>\n<meta name=\"robots\" content=\"index, follow, max-snippet:-1, max-image-preview:large, max-video-preview:-1\" \/>\n<link rel=\"canonical\" href=\"https:\/\/fizzyvape.eu\/pl\/produkt\/fizzy-max-iii-6w1-60k-60000-puff-jednorazowy-akumulator-vape-120-sztuk\/\" \/>\n<meta property=\"og:locale\" content=\"pl_PL\" \/>\n<meta property=\"og:type\" content=\"article\" \/>\n<meta property=\"og:title\" content=\"Fizzy Max III 6w1 60K 60000 Puff jednorazowy akumulator Vape - 120 sztuk\" \/>\n<meta property=\"og:description\" content=\"Hurtowe jednorazowe waporyzatory wielokrotnego \u0142adowania o pojemno\u015bci do 60000 zaci\u0105gni\u0119\u0107 i wielu smakach. Szybka wysy\u0142ka do UE i \u015bwietne rozwi\u0105zanie dla sprzedawc\u00f3w detalicznych.\" \/>\n<meta property=\"og:url\" content=\"https:\/\/fizzyvape.eu\/pl\/produkt\/fizzy-max-iii-6w1-60k-60000-puff-jednorazowy-akumulator-vape-120-sztuk\/\" \/>\n<meta property=\"og:site_name\" content=\"fizzyvape.eu\" \/>\n<meta property=\"og:image\" content=\"https:\/\/fizzyvape.eu\/wp-content\/uploads\/2025\/06\/Fizzy-Max-60000-Puffs-120pcs.webp\" \/>\n\t<meta property=\"og:image:width\" content=\"800\" \/>\n\t<meta property=\"og:image:height\" content=\"800\" \/>\n\t<meta property=\"og:image:type\" content=\"image\/webp\" \/>\n<meta name=\"twitter:card\" content=\"summary_large_image\" \/>\n<meta name=\"twitter:label1\" content=\"Dost\u0119pno\u015b\u0107\" \/>\n\t<meta name=\"twitter:data1\" content=\"Brak w magazynie\" \/>\n<script type=\"application\/ld+json\" class=\"yoast-schema-graph\">{\"@context\":\"https:\/\/schema.org\",\"@graph\":[{\"@type\":\"WebPage\",\"@id\":\"https:\/\/fizzyvape.eu\/pl\/produkt\/fizzy-max-iii-6w1-60k-60000-puff-jednorazowy-akumulator-vape-120-sztuk\/\",\"url\":\"https:\/\/fizzyvape.eu\/pl\/produkt\/fizzy-max-iii-6w1-60k-60000-puff-jednorazowy-akumulator-vape-120-sztuk\/\",\"name\":\"Jednorazowe Vape hurtowo | Masowe jednorazowe Vape do wielokrotnego \u0142adowania\",\"isPartOf\":{\"@id\":\"https:\/\/www.fizzyvape.eu\/pl\/#website\"},\"primaryImageOfPage\":{\"@id\":\"https:\/\/fizzyvape.eu\/pl\/produkt\/fizzy-max-iii-6w1-60k-60000-puff-jednorazowy-akumulator-vape-120-sztuk\/#primaryimage\"},\"image\":{\"@id\":\"https:\/\/fizzyvape.eu\/pl\/produkt\/fizzy-max-iii-6w1-60k-60000-puff-jednorazowy-akumulator-vape-120-sztuk\/#primaryimage\"},\"thumbnailUrl\":\"https:\/\/fizzyvape.eu\/wp-content\/uploads\/2025\/06\/Fizzy-Max-60000-Puffs-120pcs.webp\",\"datePublished\":\"2025-06-09T05:55:03+00:00\",\"description\":\"Hurtowe jednorazowe waporyzatory wielokrotnego \u0142adowania o pojemno\u015bci do 60000 zaci\u0105gni\u0119\u0107 i wielu smakach. Szybka wysy\u0142ka do UE i \u015bwietne rozwi\u0105zanie dla sprzedawc\u00f3w detalicznych.\",\"breadcrumb\":{\"@id\":\"https:\/\/fizzyvape.eu\/pl\/produkt\/fizzy-max-iii-6w1-60k-60000-puff-jednorazowy-akumulator-vape-120-sztuk\/#breadcrumb\"},\"inLanguage\":\"pl-PL\",\"potentialAction\":[{\"@type\":\"ReadAction\",\"target\":[\"https:\/\/fizzyvape.eu\/pl\/produkt\/fizzy-max-iii-6w1-60k-60000-puff-jednorazowy-akumulator-vape-120-sztuk\/\"]}]},{\"@type\":\"ImageObject\",\"inLanguage\":\"pl-PL\",\"@id\":\"https:\/\/fizzyvape.eu\/pl\/produkt\/fizzy-max-iii-6w1-60k-60000-puff-jednorazowy-akumulator-vape-120-sztuk\/#primaryimage\",\"url\":\"https:\/\/fizzyvape.eu\/wp-content\/uploads\/2025\/06\/Fizzy-Max-60000-Puffs-120pcs.webp\",\"contentUrl\":\"https:\/\/fizzyvape.eu\/wp-content\/uploads\/2025\/06\/Fizzy-Max-60000-Puffs-120pcs.webp\",\"width\":800,\"height\":800},{\"@type\":\"BreadcrumbList\",\"@id\":\"https:\/\/fizzyvape.eu\/pl\/produkt\/fizzy-max-iii-6w1-60k-60000-puff-jednorazowy-akumulator-vape-120-sztuk\/#breadcrumb\",\"itemListElement\":[{\"@type\":\"ListItem\",\"position\":1,\"name\":\"Home\",\"item\":\"https:\/\/fizzyvape.eu\/pl\/\"},{\"@type\":\"ListItem\",\"position\":2,\"name\":\"Sklep\",\"item\":\"https:\/\/fizzyvape.eu\/pl\/sklep\/\"},{\"@type\":\"ListItem\",\"position\":3,\"name\":\"Fizzy Max III 6w1 60K 60000 Puff jednorazowy akumulator Vape &#8211; 120 sztuk\"}]},{\"@type\":\"WebSite\",\"@id\":\"https:\/\/www.fizzyvape.eu\/pl\/#website\",\"url\":\"https:\/\/www.fizzyvape.eu\/pl\/\",\"name\":\"fizzyvape.eu\",\"description\":\"Refreshing Vapes. Unforgettable Taste.\",\"publisher\":{\"@id\":\"https:\/\/www.fizzyvape.eu\/pl\/#organization\"},\"potentialAction\":[{\"@type\":\"SearchAction\",\"target\":{\"@type\":\"EntryPoint\",\"urlTemplate\":\"https:\/\/www.fizzyvape.eu\/pl\/?s={search_term_string}\"},\"query-input\":{\"@type\":\"PropertyValueSpecification\",\"valueRequired\":true,\"valueName\":\"search_term_string\"}}],\"inLanguage\":\"pl-PL\"},{\"@type\":\"Organization\",\"@id\":\"https:\/\/www.fizzyvape.eu\/pl\/#organization\",\"name\":\"fizzyvape.eu\",\"url\":\"https:\/\/www.fizzyvape.eu\/pl\/\",\"logo\":{\"@type\":\"ImageObject\",\"inLanguage\":\"pl-PL\",\"@id\":\"https:\/\/www.fizzyvape.eu\/pl\/#\/schema\/logo\/image\/\",\"url\":\"https:\/\/fizzyvape.eu\/wp-content\/uploads\/2019\/06\/print-1.svg\",\"contentUrl\":\"https:\/\/fizzyvape.eu\/wp-content\/uploads\/2019\/06\/print-1.svg\",\"width\":124,\"height\":37,\"caption\":\"fizzyvape.eu\"},\"image\":{\"@id\":\"https:\/\/www.fizzyvape.eu\/pl\/#\/schema\/logo\/image\/\"}}]}<\/script>\n<meta property=\"og:availability\" content=\"out of stock\" \/>\n<meta property=\"product:availability\" content=\"out of stock\" \/>\n<meta property=\"product:condition\" content=\"new\" \/>\n<!-- \/ Yoast SEO Premium plugin. -->","yoast_head_json":{"title":"Jednorazowe Vape hurtowo | Masowe jednorazowe Vape do wielokrotnego \u0142adowania","description":"Hurtowe jednorazowe waporyzatory wielokrotnego \u0142adowania o pojemno\u015bci do 60000 zaci\u0105gni\u0119\u0107 i wielu smakach. Szybka wysy\u0142ka do UE i \u015bwietne rozwi\u0105zanie dla sprzedawc\u00f3w detalicznych.","robots":{"index":"index","follow":"follow","max-snippet":"max-snippet:-1","max-image-preview":"max-image-preview:large","max-video-preview":"max-video-preview:-1"},"canonical":"https:\/\/fizzyvape.eu\/pl\/produkt\/fizzy-max-iii-6w1-60k-60000-puff-jednorazowy-akumulator-vape-120-sztuk\/","og_locale":"pl_PL","og_type":"article","og_title":"Fizzy Max III 6w1 60K 60000 Puff jednorazowy akumulator Vape - 120 sztuk","og_description":"Hurtowe jednorazowe waporyzatory wielokrotnego \u0142adowania o pojemno\u015bci do 60000 zaci\u0105gni\u0119\u0107 i wielu smakach. Szybka wysy\u0142ka do UE i \u015bwietne rozwi\u0105zanie dla sprzedawc\u00f3w detalicznych.","og_url":"https:\/\/fizzyvape.eu\/pl\/produkt\/fizzy-max-iii-6w1-60k-60000-puff-jednorazowy-akumulator-vape-120-sztuk\/","og_site_name":"fizzyvape.eu","og_image":[{"width":800,"height":800,"url":"https:\/\/fizzyvape.eu\/wp-content\/uploads\/2025\/06\/Fizzy-Max-60000-Puffs-120pcs.webp","type":"image\/webp"}],"twitter_card":"summary_large_image","twitter_misc":{"Dost\u0119pno\u015b\u0107":"Brak w magazynie"},"schema":{"@context":"https:\/\/schema.org","@graph":[{"@type":"WebPage","@id":"https:\/\/fizzyvape.eu\/pl\/produkt\/fizzy-max-iii-6w1-60k-60000-puff-jednorazowy-akumulator-vape-120-sztuk\/","url":"https:\/\/fizzyvape.eu\/pl\/produkt\/fizzy-max-iii-6w1-60k-60000-puff-jednorazowy-akumulator-vape-120-sztuk\/","name":"Jednorazowe Vape hurtowo | Masowe jednorazowe Vape do wielokrotnego \u0142adowania","isPartOf":{"@id":"https:\/\/www.fizzyvape.eu\/pl\/#website"},"primaryImageOfPage":{"@id":"https:\/\/fizzyvape.eu\/pl\/produkt\/fizzy-max-iii-6w1-60k-60000-puff-jednorazowy-akumulator-vape-120-sztuk\/#primaryimage"},"image":{"@id":"https:\/\/fizzyvape.eu\/pl\/produkt\/fizzy-max-iii-6w1-60k-60000-puff-jednorazowy-akumulator-vape-120-sztuk\/#primaryimage"},"thumbnailUrl":"https:\/\/fizzyvape.eu\/wp-content\/uploads\/2025\/06\/Fizzy-Max-60000-Puffs-120pcs.webp","datePublished":"2025-06-09T05:55:03+00:00","description":"Hurtowe jednorazowe waporyzatory wielokrotnego \u0142adowania o pojemno\u015bci do 60000 zaci\u0105gni\u0119\u0107 i wielu smakach. Szybka wysy\u0142ka do UE i \u015bwietne rozwi\u0105zanie dla sprzedawc\u00f3w detalicznych.","breadcrumb":{"@id":"https:\/\/fizzyvape.eu\/pl\/produkt\/fizzy-max-iii-6w1-60k-60000-puff-jednorazowy-akumulator-vape-120-sztuk\/#breadcrumb"},"inLanguage":"pl-PL","potentialAction":[{"@type":"ReadAction","target":["https:\/\/fizzyvape.eu\/pl\/produkt\/fizzy-max-iii-6w1-60k-60000-puff-jednorazowy-akumulator-vape-120-sztuk\/"]}]},{"@type":"ImageObject","inLanguage":"pl-PL","@id":"https:\/\/fizzyvape.eu\/pl\/produkt\/fizzy-max-iii-6w1-60k-60000-puff-jednorazowy-akumulator-vape-120-sztuk\/#primaryimage","url":"https:\/\/fizzyvape.eu\/wp-content\/uploads\/2025\/06\/Fizzy-Max-60000-Puffs-120pcs.webp","contentUrl":"https:\/\/fizzyvape.eu\/wp-content\/uploads\/2025\/06\/Fizzy-Max-60000-Puffs-120pcs.webp","width":800,"height":800},{"@type":"BreadcrumbList","@id":"https:\/\/fizzyvape.eu\/pl\/produkt\/fizzy-max-iii-6w1-60k-60000-puff-jednorazowy-akumulator-vape-120-sztuk\/#breadcrumb","itemListElement":[{"@type":"ListItem","position":1,"name":"Home","item":"https:\/\/fizzyvape.eu\/pl\/"},{"@type":"ListItem","position":2,"name":"Sklep","item":"https:\/\/fizzyvape.eu\/pl\/sklep\/"},{"@type":"ListItem","position":3,"name":"Fizzy Max III 6w1 60K 60000 Puff jednorazowy akumulator Vape &#8211; 120 sztuk"}]},{"@type":"WebSite","@id":"https:\/\/www.fizzyvape.eu\/pl\/#website","url":"https:\/\/www.fizzyvape.eu\/pl\/","name":"fizzyvape.eu","description":"Refreshing Vapes. Unforgettable Taste.","publisher":{"@id":"https:\/\/www.fizzyvape.eu\/pl\/#organization"},"potentialAction":[{"@type":"SearchAction","target":{"@type":"EntryPoint","urlTemplate":"https:\/\/www.fizzyvape.eu\/pl\/?s={search_term_string}"},"query-input":{"@type":"PropertyValueSpecification","valueRequired":true,"valueName":"search_term_string"}}],"inLanguage":"pl-PL"},{"@type":"Organization","@id":"https:\/\/www.fizzyvape.eu\/pl\/#organization","name":"fizzyvape.eu","url":"https:\/\/www.fizzyvape.eu\/pl\/","logo":{"@type":"ImageObject","inLanguage":"pl-PL","@id":"https:\/\/www.fizzyvape.eu\/pl\/#\/schema\/logo\/image\/","url":"https:\/\/fizzyvape.eu\/wp-content\/uploads\/2019\/06\/print-1.svg","contentUrl":"https:\/\/fizzyvape.eu\/wp-content\/uploads\/2019\/06\/print-1.svg","width":124,"height":37,"caption":"fizzyvape.eu"},"image":{"@id":"https:\/\/www.fizzyvape.eu\/pl\/#\/schema\/logo\/image\/"}}]},"og_availability":"out of stock","product_availability":"out of stock","product_condition":"new"},"tiered_pricing_type":"fixed","tiered_pricing_fixed_rules":[],"tiered_pricing_product_settings":{"layout":"default","base_unit_name":{"singular":null,"plural":null},"default_variation":null},"tiered_pricing_minimum_quantity":null,"tiered_pricing_roles_data":[],"tiered_pricing_percentage_rules":[],"tiered_pricing_maximum_quantity":null,"tiered_pricing_quantity_step":null,"_links":{"self":[{"href":"https:\/\/fizzyvape.eu\/pl\/wp-json\/wp\/v2\/product\/32923","targetHints":{"allow":["GET"]}}],"collection":[{"href":"https:\/\/fizzyvape.eu\/pl\/wp-json\/wp\/v2\/product"}],"about":[{"href":"https:\/\/fizzyvape.eu\/pl\/wp-json\/wp\/v2\/types\/product"}],"replies":[{"embeddable":true,"href":"https:\/\/fizzyvape.eu\/pl\/wp-json\/wp\/v2\/comments?post=32923"}],"version-history":[{"count":0,"href":"https:\/\/fizzyvape.eu\/pl\/wp-json\/wp\/v2\/product\/32923\/revisions"}],"wp:featuredmedia":[{"embeddable":true,"href":"https:\/\/fizzyvape.eu\/pl\/wp-json\/wp\/v2\/media\/32518"}],"wp:attachment":[{"href":"https:\/\/fizzyvape.eu\/pl\/wp-json\/wp\/v2\/media?parent=32923"}],"wp:term":[{"taxonomy":"product_brand","embeddable":true,"href":"https:\/\/fizzyvape.eu\/pl\/wp-json\/wp\/v2\/product_brand?post=32923"},{"taxonomy":"product_cat","embeddable":true,"href":"https:\/\/fizzyvape.eu\/pl\/wp-json\/wp\/v2\/product_cat?post=32923"},{"taxonomy":"product_tag","embeddable":true,"href":"https:\/\/fizzyvape.eu\/pl\/wp-json\/wp\/v2\/product_tag?post=32923"}],"curies":[{"name":"wp","href":"https:\/\/api.w.org\/{rel}","templated":true}]}}