{"id":32938,"date":"2025-06-11T10:33:11","date_gmt":"2025-06-11T02:33:11","guid":{"rendered":"https:\/\/fizzyvape.eu\/product\/fizzy-max-iii-6w1-60k-60000-puff-jednorazowy-akumulator-vape-truskawka-malina-mango-brzoskwinia-jagoda-arbuz-10-szt\/"},"modified":"2025-06-11T10:33:11","modified_gmt":"2025-06-11T02:33:11","slug":"fizzy-max-iii-6w1-60k-60000-puff-jednorazowy-akumulator-vape-truskawka-malina-mango-brzoskwinia-jagoda-arbuz-10-szt","status":"publish","type":"product","link":"https:\/\/fizzyvape.eu\/pl\/produkt\/fizzy-max-iii-6w1-60k-60000-puff-jednorazowy-akumulator-vape-truskawka-malina-mango-brzoskwinia-jagoda-arbuz-10-szt\/","title":{"rendered":"Fizzy Max III 6w1 60K 60000 Puff jednorazowy akumulator Vape &#8211; truskawka, malina, mango, brzoskwinia, jagoda, arbuz &#8211; 10 szt."},"content":{"rendered":"<p><img decoding=\"async\" class=\"aligncenter\" src=\"https:\/\/fizzyvape.eu\/wp-content\/uploads\/2025\/06\/Fizzy-Max-III-6in1-60K-60000-Puffs-10-1.webp\" alt=\"Fizzy Max III 60000 Puffs 6in1 jednorazowy Vape (10 szt.)\"><\/p>\n<h1>Fizzy Max III 6w1 60K 60000 Puff jednorazowy akumulator Vape &#8211; truskawka, malina, mango, brzoskwinia, jagoda, arbuz &#8211; 10 szt.<\/h1>\n<p><strong>Uwolnij 60 000 puff\u00f3w czystego smaku w jednym inteligentnym urz\u0105dzeniu<\/strong><\/p>\n<p>Wkrocz w przysz\u0142o\u015b\u0107 waporyzacji dzi\u0119ki Fizzy Max III 6in1 &#8211; rewolucyjnemu jednorazowemu waporyzatorowi oferuj\u0105cemu sze\u015b\u0107 r\u00f3\u017cnych dozna\u0144 smakowych z jednego, kompaktowego urz\u0105dzenia wielokrotnego \u0142adowania. Wyposa\u017cony w trzy wst\u0119pnie nape\u0142nione kapsu\u0142ki o pojemno\u015bci 20 ml i inteligentny obrotowy ustnik, ten vape pozwala bez wysi\u0142ku prze\u0142\u0105cza\u0107 si\u0119 mi\u0119dzy pojedynczymi i mieszanymi smakami, zapewniaj\u0105c niezr\u00f3wnan\u0105 r\u00f3\u017cnorodno\u015b\u0107. <\/p>\n<h4><strong>Flavor Experience &#8211; 6 smak\u00f3w w 1<\/strong><\/h4>\n<ul>\n<li><strong>Strawberry Raspberry (A):<\/strong> S\u0142odkie i cierpkie po\u0142\u0105czenie soczystych jag\u00f3d<\/li>\n<li><strong>Mango Peach (B):<\/strong> Bujne tropikalne mango \u0142\u0105czy si\u0119 z dojrza\u0142\u0105, g\u0142adk\u0105 brzoskwini\u0105<\/li>\n<li><strong>Blueberry Watermelon (C):<\/strong> Ch\u0142odna jagoda po\u0142\u0105czona z orze\u017awiaj\u0105cym arbuzem<\/li>\n<li><strong>Mix AB:<\/strong> Wibruj\u0105ca mieszanka jag\u00f3d i owoc\u00f3w tropikalnych<\/li>\n<li><strong>Mix BC:<\/strong> Orze\u017awiaj\u0105ca mieszanka brzoskwini i arbuza<\/li>\n<li><strong>Mix CA:<\/strong> Ch\u0142odna, s\u0142odka mieszanka jag\u00f3d i melona.<\/li>\n<\/ul>\n<p>Zmiana smaku jest tak prosta, jak obr\u00f3cenie ustnika:<br \/>\n<strong>  A \u2192 Mix AB \u2192 B \u2192 Mix BC \u2192 C \u2192 Mix CA<\/strong><\/p>\n<p>P\u0142ynnie prze\u0142\u0105czaj si\u0119 mi\u0119dzy wszystkimi sze\u015bcioma mo\u017cliwymi smakami za pomoc\u0105 prostego obrotu ustnika. Ciesz si\u0119 najwy\u017csz\u0105 wygod\u0105 systemu 6 w 1. Ciekawy? Obejrzyj nasz <a href=\"https:\/\/www.youtube.com\/watch?v=CoxB_HvaU3k\">film<\/a> demonstracyjny.   <\/p>\n<h3><strong>  Najwa\u017cniejsze cechy produktu<\/strong><\/h3>\n<ul>\n<li><strong>Do 60 000 zaci\u0105gni\u0119\u0107:<\/strong> Wyj\u0105tkowa trwa\u0142o\u015b\u0107 jednego urz\u0105dzenia jednorazowego u\u017cytku<\/li>\n<li><strong>System aromat\u00f3w 6 w 1:<\/strong> Trzy pojedyncze smaki, trzy unikalne mieszanki<\/li>\n<li><strong>Ca\u0142kowita pojemno\u015b\u0107 e-cieczy:<\/strong> 60 ml (3 \u00d7 20 ml kapsu\u0142ki)<\/li>\n<li><strong>Moc nikotyny:<\/strong> Dost\u0119pne w wersjach 2% i 5%.<\/li>\n<li><strong>Akumulator o pojemno\u015bci 850 mAh:<\/strong> Szybkie \u0142adowanie przez USB typu C<\/li>\n<li><strong>Zaawansowana cewka siatkowa:<\/strong> G\u0142adka, aromatyczna para z g\u0119stymi chmurami<\/li>\n<li><strong>Wy\u015bwietlacz LED:<\/strong> Czas pracy baterii i tryb waporyzacji s\u0105 wyra\u017anie widoczne<\/li>\n<li><strong>Okres przechowywania:<\/strong> Do 2 lat dla d\u0142ugotrwa\u0142ej \u015bwie\u017co\u015bci<\/li>\n<\/ul>\n<h3><strong>Fizzy Max III 6in1 60000 Puffs Jednorazowy Vape Lista smak\u00f3w:<\/strong><\/h3>\n<ol>\n<li><a href=\"https:\/\/fizzyvape.eu\/pl\/produkt\/fizzy-max-iii-6w1-60k-60000-puff-jednorazowy-akumulator-vape-truskawka-malina-mango-brzoskwinia-jagoda-arbuz-10-szt\/\">Truskawka Malina &amp; Mango Brzoskwinia &amp; Jagoda Arbuz<\/a><\/li>\n<li><a href=\"https:\/\/fizzyvape.eu\/pl\/produkt\/fizzy-max-iii-6w1-60k-60000-puff-jednorazowy-akumulator-vape-mixed-berry-kiwi-passion-fruit-guava-strawberry-watermelon-10szt\/\">Mixed Berry &amp; Kiwi Passion Fruit Guava &amp; Strawberry Watermelon<\/a><\/li>\n<li><a href=\"https:\/\/fizzyvape.eu\/pl\/produkt\/fizzy-max-iii-6w1-60k-60000-puffs-jednorazowy-akumulator-vape-blueberry-raspberry-triple-melon-strawberry-ice-10szt\/\">Blueberry Raspberry &amp; Triple Melon &amp; Strawberry Ice<\/a><\/li>\n<li><a href=\"https:\/\/fizzyvape.eu\/pl\/produkt\/fizzy-max-iii-6w1-60k-60000-puff-jednorazowy-akumulator-vape-truskawkowy-smoczy-owoc-red-bull-malinowy-arbuz-10szt\/\">Smoczy owoc truskawkowy &amp; Red Bull &amp; arbuz malinowy<\/a><\/li>\n<li><a href=\"https:\/\/fizzyvape.eu\/pl\/produkt\/fizzy-max-iii-6w1-60k-60000-puff-jednorazowy-akumulator-vape-truskawka-kiwi-jagoda-i-arbuz-10-sztuk\/\">L\u00f3d truskawkowy, kiwi i jagodowy oraz l\u00f3d arbuzowy<\/a><\/li>\n<li><a href=\"https:\/\/fizzyvape.eu\/pl\/produkt\/fizzy-max-iii-6w1-60k-60000-puff-jednorazowy-akumulator-vape-blueberry-ice-fizzy-cherry-raspberry-lemon-10szt\/\">Blueberry Ice &amp; Fizzy Cherry &amp; Raspberry Lemon<\/a><\/li>\n<li><a href=\"https:\/\/fizzyvape.eu\/pl\/produkt\/fizzy-max-iii-6in1-60k-60000-puffs-jednorazowy-akumulator-vape-watermelon-ice-strawberry-vanilla-coke-mixed-berry-10szt\/\">Watermelon Ice &amp; Strawberry Vanilla Coke &amp; Mixed<\/a><\/li>\n<li><a href=\"https:\/\/fizzyvape.eu\/pl\/produkt\/fizzy-max-iii-6w1-60k-60000-puff-jednorazowy-akumulator-vape-truskawka-winogrono-jagoda-kokos-i-brzoskwinia-cytryna-10-szt\/\">Truskawka Winogrono &amp; Jagoda Kokos &amp; Brzoskwinia Cytryna<\/a><\/li>\n<li><a href=\"https:\/\/fizzyvape.eu\/pl\/produkt\/fizzy-max-iii-6w1-60k-60000-puff-jednorazowy-akumulator-vape-blue-razz-ice-strawberry-kiwi-sour-pineapple-orange-10szt\/\">Blue Razz Ice &amp; Strawberry Kiwi &amp; Sour Pineapple Orange<\/a><\/li>\n<li><a href=\"https:\/\/fizzyvape.eu\/pl\/produkt\/fizzy-max-iii-6w1-60k-60000-puff-jednorazowy-akumulator-vape-truskawka-arbuz-cytryna-limonka-i-jagoda-kokos-10-szt\/\">Arbuz truskawkowy &amp; Limonka cytrynowa &amp; Kokos jagodowy<\/a><\/li>\n<\/ol>\n<h3><strong>  Tryby waporyzacji dla ka\u017cdych preferencji<\/strong><\/h3>\n<ul>\n<li>U\u017cyj <strong>trybu pojedynczego aromatu<\/strong>, aby uzyska\u0107 klasyczn\u0105 satysfakcj\u0119 MTL (usta-p\u0142uca) z ciasnymi, papierosowymi zaci\u0105gni\u0119ciami.<\/li>\n<li>Prze\u0142\u0105cz na <strong>tryb Mix<\/strong>, aby uzyska\u0107 bezpo\u015brednie uderzenia w p\u0142uca, zapewniaj\u0105c mocniejszy smak i pe\u0142niejsz\u0105 par\u0119.<\/li>\n<\/ul>\n<h3><strong>  Dlaczego warto wybra\u0107 Fizzy Max III 6w1?<\/strong><\/h3>\n<ul>\n<li>Sze\u015b\u0107 profili smakowych w jednym kieszonkowym urz\u0105dzeniu<\/li>\n<li>P\u0142ynne, czyste prze\u0142\u0105czanie bez konieczno\u015bci wymiany kapsu\u0142ek<\/li>\n<li>Wysoka wydajno\u015b\u0107 \u0142adowania<\/li>\n<li>Najwy\u017csza jako\u015b\u0107 smaku i du\u017ca pojemno\u015b\u0107 e-liquidu<\/li>\n<li>Szybka i niezawodna dostawa z magazynu w UE<\/li>\n<\/ul>\n<h3><strong>  FAQ &#8211; Fizzy Max III 6in1 60K jednorazowy Vape<\/strong><\/h3>\n<p><strong>1. Ile zaci\u0105gni\u0119\u0107 zapewnia ka\u017cdy Fizzy Max III 6-in-1?<\/strong><br \/>\nKa\u017cde urz\u0105dzenie zapewnia do <strong>60 000 zaci\u0105gni\u0119\u0107<\/strong>, dzi\u0119ki <strong>pojemno\u015bci 60 ml e-liquidu<\/strong> i <strong>akumulatorowi 850 mAh<\/strong>, co czyni go jednym z najd\u0142u\u017cej dzia\u0142aj\u0105cych jednorazowych urz\u0105dze\u0144 dost\u0119pnych na rynku.<\/p>\n<p><strong>2. Jak prze\u0142\u0105cza\u0107 si\u0119 mi\u0119dzy smakami w ekspresie Fizzy Max III?<\/strong><br \/>\nWystarczy <strong>podnie\u015b\u0107 i obr\u00f3ci\u0107 ustnik<\/strong>, aby prze\u0142\u0105cza\u0107 si\u0119 mi\u0119dzy <strong>sze\u015bcioma trybami smakowymi<\/strong> (3 pojedyncze + 3 mieszanki) w zaprogramowanym cyklu. Nie s\u0105 potrzebne \u017cadne dodatkowe kapsu\u0142ki. <\/p>\n<p><strong>3. Jakie smaki s\u0105 zawarte w tym urz\u0105dzeniu?<\/strong><br \/>\nKa\u017cde urz\u0105dzenie zawiera trzy wst\u0119pnie nape\u0142nione kapsu\u0142ki o pojemno\u015bci 20 ml (np. <strong>Strawberry Raspberry, Mango Peach i Blueberry Watermelon<\/strong>) i tworzy trzy mieszane kombinacje smakowe, co daje w sumie sze\u015b\u0107 unikalnych profili.<\/p>\n<p><strong>4. Czy Fizzy Max III mo\u017cna \u0142adowa\u0107?<\/strong><br \/>\nTak, jest wyposa\u017cony <strong>we wbudowan\u0105 bateri\u0119 850 mAh<\/strong> i obs\u0142uguje <strong>szybkie \u0142adowanie typu C<\/strong> w celu szybkiego zasilania i d\u0142u\u017cszego u\u017cytkowania. <\/p>\n","protected":false},"excerpt":{"rendered":"<p><strong>  Fizzy Max III 6in1 60000 Puffs &#8211; Jedno urz\u0105dzenie, niesko\u0144czony smak<\/strong><\/p>\n<p>Ten <strong> jednorazowy waporyzator<\/strong> z mo\u017cliwo\u015bci\u0105 wielokrotnego \u0142adowania pozwala wypali\u0107 nawet <strong> 60 000 zaci\u0105gni\u0119\u0107<\/strong>. Wyposa\u017cony w <strong> 6 niesamowitych tryb\u00f3w smakowych<\/strong>, inteligentny <strong> obrotowy ustnik<\/strong>, <strong> wy\u015bwietlacz LED<\/strong> i ogromn\u0105 <strong> pojemno\u015b\u0107 60 ml e-liquidu<\/strong>, jest zbudowany z my\u015bl\u0105 o d\u0142ugotrwa\u0142ej satysfakcji. Wybierz idealne uderzenie z <strong> 2% lub 5% moc\u0105 nikotyny<\/strong>. Bez uzupe\u0142niania. \u017badnego zamieszania. Wystarczy prze\u0142\u0105czy\u0107, zaci\u0105gn\u0105\u0107 si\u0119 i cieszy\u0107.     <\/p>\n","protected":false},"featured_media":32410,"comment_status":"open","ping_status":"closed","template":"","meta":{"iawp_total_views":13},"product_brand":[],"product_cat":[589],"product_tag":[613,610,612,611],"class_list":{"0":"post-32938","1":"product","2":"type-product","3":"status-publish","4":"has-post-thumbnail","6":"product_cat-max-iii-6in1-60k-60000-puffs-rechargeable-disposable-vape-pl","7":"product_tag-6-smakow-w-1-urzadzeniu","8":"product_tag-60000-puffow","9":"product_tag-akumulator","10":"product_tag-vape-jednorazowego-uzytku","12":"first","13":"outofstock","14":"sale","15":"shipping-taxable","16":"purchasable","17":"product-type-variable"},"yoast_head":"<!-- This site is optimized with the Yoast SEO Premium plugin v24.8 (Yoast SEO v24.8) - https:\/\/yoast.com\/wordpress\/plugins\/seo\/ -->\n<title>Fizzy Max 60000 Puffs - akumulator jednorazowy 6 w 1 Vape<\/title>\n<meta name=\"description\" content=\"Do\u015bwiadcz Fizzy Max 60000 z 6 smakami, akumulatorem, wy\u015bwietlaczem LED i do 60 000 zaci\u0105gni\u0119\u0107 dla d\u0142ugotrwa\u0142ej satysfakcji z waporyzacji.\" \/>\n<meta name=\"robots\" content=\"index, follow, max-snippet:-1, max-image-preview:large, max-video-preview:-1\" \/>\n<link rel=\"canonical\" href=\"https:\/\/fizzyvape.eu\/pl\/produkt\/fizzy-max-iii-6w1-60k-60000-puff-jednorazowy-akumulator-vape-truskawka-malina-mango-brzoskwinia-jagoda-arbuz-10-szt\/\" \/>\n<meta property=\"og:locale\" content=\"pl_PL\" \/>\n<meta property=\"og:type\" content=\"article\" \/>\n<meta property=\"og:title\" content=\"Fizzy Max III 6w1 60K 60000 Puff jednorazowy akumulator Vape - truskawka, malina, mango, brzoskwinia, jagoda, arbuz - 10 szt.\" \/>\n<meta property=\"og:description\" content=\"Do\u015bwiadcz Fizzy Max 60000 z 6 smakami, akumulatorem, wy\u015bwietlaczem LED i do 60 000 zaci\u0105gni\u0119\u0107 dla d\u0142ugotrwa\u0142ej satysfakcji z waporyzacji.\" \/>\n<meta property=\"og:url\" content=\"https:\/\/fizzyvape.eu\/pl\/produkt\/fizzy-max-iii-6w1-60k-60000-puff-jednorazowy-akumulator-vape-truskawka-malina-mango-brzoskwinia-jagoda-arbuz-10-szt\/\" \/>\n<meta property=\"og:site_name\" content=\"fizzyvape.eu\" \/>\n<meta property=\"og:image\" content=\"https:\/\/fizzyvape.eu\/wp-content\/uploads\/2025\/06\/Fizzy-Max-60000-Puffs-01.webp\" \/>\n\t<meta property=\"og:image:width\" content=\"800\" \/>\n\t<meta property=\"og:image:height\" content=\"800\" \/>\n\t<meta property=\"og:image:type\" content=\"image\/webp\" \/>\n<meta name=\"twitter:card\" content=\"summary_large_image\" \/>\n<meta name=\"twitter:label1\" content=\"Dost\u0119pno\u015b\u0107\" \/>\n\t<meta name=\"twitter:data1\" content=\"Brak w magazynie\" \/>\n<script type=\"application\/ld+json\" class=\"yoast-schema-graph\">{\"@context\":\"https:\/\/schema.org\",\"@graph\":[{\"@type\":\"WebPage\",\"@id\":\"https:\/\/fizzyvape.eu\/pl\/produkt\/fizzy-max-iii-6w1-60k-60000-puff-jednorazowy-akumulator-vape-truskawka-malina-mango-brzoskwinia-jagoda-arbuz-10-szt\/\",\"url\":\"https:\/\/fizzyvape.eu\/pl\/produkt\/fizzy-max-iii-6w1-60k-60000-puff-jednorazowy-akumulator-vape-truskawka-malina-mango-brzoskwinia-jagoda-arbuz-10-szt\/\",\"name\":\"Fizzy Max 60000 Puffs - akumulator jednorazowy 6 w 1 Vape\",\"isPartOf\":{\"@id\":\"https:\/\/www.fizzyvape.eu\/pl\/#website\"},\"primaryImageOfPage\":{\"@id\":\"https:\/\/fizzyvape.eu\/pl\/produkt\/fizzy-max-iii-6w1-60k-60000-puff-jednorazowy-akumulator-vape-truskawka-malina-mango-brzoskwinia-jagoda-arbuz-10-szt\/#primaryimage\"},\"image\":{\"@id\":\"https:\/\/fizzyvape.eu\/pl\/produkt\/fizzy-max-iii-6w1-60k-60000-puff-jednorazowy-akumulator-vape-truskawka-malina-mango-brzoskwinia-jagoda-arbuz-10-szt\/#primaryimage\"},\"thumbnailUrl\":\"https:\/\/fizzyvape.eu\/wp-content\/uploads\/2025\/06\/Fizzy-Max-60000-Puffs-01.webp\",\"datePublished\":\"2025-06-11T02:33:11+00:00\",\"description\":\"Do\u015bwiadcz Fizzy Max 60000 z 6 smakami, akumulatorem, wy\u015bwietlaczem LED i do 60 000 zaci\u0105gni\u0119\u0107 dla d\u0142ugotrwa\u0142ej satysfakcji z waporyzacji.\",\"breadcrumb\":{\"@id\":\"https:\/\/fizzyvape.eu\/pl\/produkt\/fizzy-max-iii-6w1-60k-60000-puff-jednorazowy-akumulator-vape-truskawka-malina-mango-brzoskwinia-jagoda-arbuz-10-szt\/#breadcrumb\"},\"inLanguage\":\"pl-PL\",\"potentialAction\":[{\"@type\":\"ReadAction\",\"target\":[\"https:\/\/fizzyvape.eu\/pl\/produkt\/fizzy-max-iii-6w1-60k-60000-puff-jednorazowy-akumulator-vape-truskawka-malina-mango-brzoskwinia-jagoda-arbuz-10-szt\/\"]}]},{\"@type\":\"ImageObject\",\"inLanguage\":\"pl-PL\",\"@id\":\"https:\/\/fizzyvape.eu\/pl\/produkt\/fizzy-max-iii-6w1-60k-60000-puff-jednorazowy-akumulator-vape-truskawka-malina-mango-brzoskwinia-jagoda-arbuz-10-szt\/#primaryimage\",\"url\":\"https:\/\/fizzyvape.eu\/wp-content\/uploads\/2025\/06\/Fizzy-Max-60000-Puffs-01.webp\",\"contentUrl\":\"https:\/\/fizzyvape.eu\/wp-content\/uploads\/2025\/06\/Fizzy-Max-60000-Puffs-01.webp\",\"width\":800,\"height\":800},{\"@type\":\"BreadcrumbList\",\"@id\":\"https:\/\/fizzyvape.eu\/pl\/produkt\/fizzy-max-iii-6w1-60k-60000-puff-jednorazowy-akumulator-vape-truskawka-malina-mango-brzoskwinia-jagoda-arbuz-10-szt\/#breadcrumb\",\"itemListElement\":[{\"@type\":\"ListItem\",\"position\":1,\"name\":\"Home\",\"item\":\"https:\/\/fizzyvape.eu\/pl\/\"},{\"@type\":\"ListItem\",\"position\":2,\"name\":\"Sklep\",\"item\":\"https:\/\/fizzyvape.eu\/pl\/sklep\/\"},{\"@type\":\"ListItem\",\"position\":3,\"name\":\"Fizzy Max III 6w1 60K 60000 Puff jednorazowy akumulator Vape &#8211; truskawka, malina, mango, brzoskwinia, jagoda, arbuz &#8211; 10 szt.\"}]},{\"@type\":\"WebSite\",\"@id\":\"https:\/\/www.fizzyvape.eu\/pl\/#website\",\"url\":\"https:\/\/www.fizzyvape.eu\/pl\/\",\"name\":\"fizzyvape.eu\",\"description\":\"Refreshing Vapes. Unforgettable Taste.\",\"publisher\":{\"@id\":\"https:\/\/www.fizzyvape.eu\/pl\/#organization\"},\"potentialAction\":[{\"@type\":\"SearchAction\",\"target\":{\"@type\":\"EntryPoint\",\"urlTemplate\":\"https:\/\/www.fizzyvape.eu\/pl\/?s={search_term_string}\"},\"query-input\":{\"@type\":\"PropertyValueSpecification\",\"valueRequired\":true,\"valueName\":\"search_term_string\"}}],\"inLanguage\":\"pl-PL\"},{\"@type\":\"Organization\",\"@id\":\"https:\/\/www.fizzyvape.eu\/pl\/#organization\",\"name\":\"fizzyvape.eu\",\"url\":\"https:\/\/www.fizzyvape.eu\/pl\/\",\"logo\":{\"@type\":\"ImageObject\",\"inLanguage\":\"pl-PL\",\"@id\":\"https:\/\/www.fizzyvape.eu\/pl\/#\/schema\/logo\/image\/\",\"url\":\"https:\/\/fizzyvape.eu\/wp-content\/uploads\/2019\/06\/print-1.svg\",\"contentUrl\":\"https:\/\/fizzyvape.eu\/wp-content\/uploads\/2019\/06\/print-1.svg\",\"width\":124,\"height\":37,\"caption\":\"fizzyvape.eu\"},\"image\":{\"@id\":\"https:\/\/www.fizzyvape.eu\/pl\/#\/schema\/logo\/image\/\"}}]}<\/script>\n<meta property=\"og:availability\" content=\"out of stock\" \/>\n<meta property=\"product:availability\" content=\"out of stock\" \/>\n<meta property=\"product:condition\" content=\"new\" \/>\n<!-- \/ Yoast SEO Premium plugin. -->","yoast_head_json":{"title":"Fizzy Max 60000 Puffs - akumulator jednorazowy 6 w 1 Vape","description":"Do\u015bwiadcz Fizzy Max 60000 z 6 smakami, akumulatorem, wy\u015bwietlaczem LED i do 60 000 zaci\u0105gni\u0119\u0107 dla d\u0142ugotrwa\u0142ej satysfakcji z waporyzacji.","robots":{"index":"index","follow":"follow","max-snippet":"max-snippet:-1","max-image-preview":"max-image-preview:large","max-video-preview":"max-video-preview:-1"},"canonical":"https:\/\/fizzyvape.eu\/pl\/produkt\/fizzy-max-iii-6w1-60k-60000-puff-jednorazowy-akumulator-vape-truskawka-malina-mango-brzoskwinia-jagoda-arbuz-10-szt\/","og_locale":"pl_PL","og_type":"article","og_title":"Fizzy Max III 6w1 60K 60000 Puff jednorazowy akumulator Vape - truskawka, malina, mango, brzoskwinia, jagoda, arbuz - 10 szt.","og_description":"Do\u015bwiadcz Fizzy Max 60000 z 6 smakami, akumulatorem, wy\u015bwietlaczem LED i do 60 000 zaci\u0105gni\u0119\u0107 dla d\u0142ugotrwa\u0142ej satysfakcji z waporyzacji.","og_url":"https:\/\/fizzyvape.eu\/pl\/produkt\/fizzy-max-iii-6w1-60k-60000-puff-jednorazowy-akumulator-vape-truskawka-malina-mango-brzoskwinia-jagoda-arbuz-10-szt\/","og_site_name":"fizzyvape.eu","og_image":[{"width":800,"height":800,"url":"https:\/\/fizzyvape.eu\/wp-content\/uploads\/2025\/06\/Fizzy-Max-60000-Puffs-01.webp","type":"image\/webp"}],"twitter_card":"summary_large_image","twitter_misc":{"Dost\u0119pno\u015b\u0107":"Brak w magazynie"},"schema":{"@context":"https:\/\/schema.org","@graph":[{"@type":"WebPage","@id":"https:\/\/fizzyvape.eu\/pl\/produkt\/fizzy-max-iii-6w1-60k-60000-puff-jednorazowy-akumulator-vape-truskawka-malina-mango-brzoskwinia-jagoda-arbuz-10-szt\/","url":"https:\/\/fizzyvape.eu\/pl\/produkt\/fizzy-max-iii-6w1-60k-60000-puff-jednorazowy-akumulator-vape-truskawka-malina-mango-brzoskwinia-jagoda-arbuz-10-szt\/","name":"Fizzy Max 60000 Puffs - akumulator jednorazowy 6 w 1 Vape","isPartOf":{"@id":"https:\/\/www.fizzyvape.eu\/pl\/#website"},"primaryImageOfPage":{"@id":"https:\/\/fizzyvape.eu\/pl\/produkt\/fizzy-max-iii-6w1-60k-60000-puff-jednorazowy-akumulator-vape-truskawka-malina-mango-brzoskwinia-jagoda-arbuz-10-szt\/#primaryimage"},"image":{"@id":"https:\/\/fizzyvape.eu\/pl\/produkt\/fizzy-max-iii-6w1-60k-60000-puff-jednorazowy-akumulator-vape-truskawka-malina-mango-brzoskwinia-jagoda-arbuz-10-szt\/#primaryimage"},"thumbnailUrl":"https:\/\/fizzyvape.eu\/wp-content\/uploads\/2025\/06\/Fizzy-Max-60000-Puffs-01.webp","datePublished":"2025-06-11T02:33:11+00:00","description":"Do\u015bwiadcz Fizzy Max 60000 z 6 smakami, akumulatorem, wy\u015bwietlaczem LED i do 60 000 zaci\u0105gni\u0119\u0107 dla d\u0142ugotrwa\u0142ej satysfakcji z waporyzacji.","breadcrumb":{"@id":"https:\/\/fizzyvape.eu\/pl\/produkt\/fizzy-max-iii-6w1-60k-60000-puff-jednorazowy-akumulator-vape-truskawka-malina-mango-brzoskwinia-jagoda-arbuz-10-szt\/#breadcrumb"},"inLanguage":"pl-PL","potentialAction":[{"@type":"ReadAction","target":["https:\/\/fizzyvape.eu\/pl\/produkt\/fizzy-max-iii-6w1-60k-60000-puff-jednorazowy-akumulator-vape-truskawka-malina-mango-brzoskwinia-jagoda-arbuz-10-szt\/"]}]},{"@type":"ImageObject","inLanguage":"pl-PL","@id":"https:\/\/fizzyvape.eu\/pl\/produkt\/fizzy-max-iii-6w1-60k-60000-puff-jednorazowy-akumulator-vape-truskawka-malina-mango-brzoskwinia-jagoda-arbuz-10-szt\/#primaryimage","url":"https:\/\/fizzyvape.eu\/wp-content\/uploads\/2025\/06\/Fizzy-Max-60000-Puffs-01.webp","contentUrl":"https:\/\/fizzyvape.eu\/wp-content\/uploads\/2025\/06\/Fizzy-Max-60000-Puffs-01.webp","width":800,"height":800},{"@type":"BreadcrumbList","@id":"https:\/\/fizzyvape.eu\/pl\/produkt\/fizzy-max-iii-6w1-60k-60000-puff-jednorazowy-akumulator-vape-truskawka-malina-mango-brzoskwinia-jagoda-arbuz-10-szt\/#breadcrumb","itemListElement":[{"@type":"ListItem","position":1,"name":"Home","item":"https:\/\/fizzyvape.eu\/pl\/"},{"@type":"ListItem","position":2,"name":"Sklep","item":"https:\/\/fizzyvape.eu\/pl\/sklep\/"},{"@type":"ListItem","position":3,"name":"Fizzy Max III 6w1 60K 60000 Puff jednorazowy akumulator Vape &#8211; truskawka, malina, mango, brzoskwinia, jagoda, arbuz &#8211; 10 szt."}]},{"@type":"WebSite","@id":"https:\/\/www.fizzyvape.eu\/pl\/#website","url":"https:\/\/www.fizzyvape.eu\/pl\/","name":"fizzyvape.eu","description":"Refreshing Vapes. Unforgettable Taste.","publisher":{"@id":"https:\/\/www.fizzyvape.eu\/pl\/#organization"},"potentialAction":[{"@type":"SearchAction","target":{"@type":"EntryPoint","urlTemplate":"https:\/\/www.fizzyvape.eu\/pl\/?s={search_term_string}"},"query-input":{"@type":"PropertyValueSpecification","valueRequired":true,"valueName":"search_term_string"}}],"inLanguage":"pl-PL"},{"@type":"Organization","@id":"https:\/\/www.fizzyvape.eu\/pl\/#organization","name":"fizzyvape.eu","url":"https:\/\/www.fizzyvape.eu\/pl\/","logo":{"@type":"ImageObject","inLanguage":"pl-PL","@id":"https:\/\/www.fizzyvape.eu\/pl\/#\/schema\/logo\/image\/","url":"https:\/\/fizzyvape.eu\/wp-content\/uploads\/2019\/06\/print-1.svg","contentUrl":"https:\/\/fizzyvape.eu\/wp-content\/uploads\/2019\/06\/print-1.svg","width":124,"height":37,"caption":"fizzyvape.eu"},"image":{"@id":"https:\/\/www.fizzyvape.eu\/pl\/#\/schema\/logo\/image\/"}}]},"og_availability":"out of stock","product_availability":"out of stock","product_condition":"new"},"tiered_pricing_type":"fixed","tiered_pricing_fixed_rules":[],"tiered_pricing_product_settings":{"layout":"default","base_unit_name":{"singular":null,"plural":null},"default_variation":null},"tiered_pricing_minimum_quantity":null,"tiered_pricing_roles_data":[],"tiered_pricing_percentage_rules":[],"tiered_pricing_maximum_quantity":null,"tiered_pricing_quantity_step":null,"_links":{"self":[{"href":"https:\/\/fizzyvape.eu\/pl\/wp-json\/wp\/v2\/product\/32938","targetHints":{"allow":["GET"]}}],"collection":[{"href":"https:\/\/fizzyvape.eu\/pl\/wp-json\/wp\/v2\/product"}],"about":[{"href":"https:\/\/fizzyvape.eu\/pl\/wp-json\/wp\/v2\/types\/product"}],"replies":[{"embeddable":true,"href":"https:\/\/fizzyvape.eu\/pl\/wp-json\/wp\/v2\/comments?post=32938"}],"version-history":[{"count":0,"href":"https:\/\/fizzyvape.eu\/pl\/wp-json\/wp\/v2\/product\/32938\/revisions"}],"wp:featuredmedia":[{"embeddable":true,"href":"https:\/\/fizzyvape.eu\/pl\/wp-json\/wp\/v2\/media\/32410"}],"wp:attachment":[{"href":"https:\/\/fizzyvape.eu\/pl\/wp-json\/wp\/v2\/media?parent=32938"}],"wp:term":[{"taxonomy":"product_brand","embeddable":true,"href":"https:\/\/fizzyvape.eu\/pl\/wp-json\/wp\/v2\/product_brand?post=32938"},{"taxonomy":"product_cat","embeddable":true,"href":"https:\/\/fizzyvape.eu\/pl\/wp-json\/wp\/v2\/product_cat?post=32938"},{"taxonomy":"product_tag","embeddable":true,"href":"https:\/\/fizzyvape.eu\/pl\/wp-json\/wp\/v2\/product_tag?post=32938"}],"curies":[{"name":"wp","href":"https:\/\/api.w.org\/{rel}","templated":true}]}}