{"id":33043,"date":"2025-06-11T14:32:35","date_gmt":"2025-06-11T06:32:35","guid":{"rendered":"https:\/\/fizzyvape.eu\/product\/fizzy-max-iii-6in1-60k-60000-puffs-jednorazowy-akumulator-vape-kolekcja-zaskakujacych-smakow-6-pak\/"},"modified":"2025-06-11T14:32:35","modified_gmt":"2025-06-11T06:32:35","slug":"fizzy-max-iii-6in1-60k-60000-puffs-jednorazowy-akumulator-vape-kolekcja-zaskakujacych-smakow-6-pak","status":"publish","type":"product","link":"https:\/\/fizzyvape.eu\/pl\/produkt\/fizzy-max-iii-6in1-60k-60000-puffs-jednorazowy-akumulator-vape-kolekcja-zaskakujacych-smakow-6-pak\/","title":{"rendered":"Fizzy Max III 6in1 60K 60000 Puffs jednorazowy akumulator Vape &#8211; kolekcja zaskakuj\u0105cych smak\u00f3w (6-pak)"},"content":{"rendered":"<h2>Fizzy Max III 6in1 60K 60000 Puffs Jednorazowe Vape &#8211; Kolekcja smak\u00f3w niespodzianek (6-pak)<\/h2>\n<p>Wyrusz w now\u0105, odwa\u017cn\u0105 podr\u00f3\u017c z <strong data-start=\"83\" data-end=\"170\">jednorazowym waporyzatorem Fizzy Max III 60000 Puffs &#8211; Surprise Flavor Collection<\/strong>. Ten luksusowy <strong>6-cz\u0119\u015bciowy<\/strong> zestaw zawiera <strong>sze\u015b\u0107<\/strong> <strong>jednorazowych vape<\/strong> <strong>o du\u017cej pojemno\u015bci<\/strong>, z kt\u00f3rych ka\u017cdy oferuje imponuj\u0105cy wyb\u00f3r <strong>3 smak\u00f3w solo<\/strong> i <strong>3 unikalnych mieszanek<\/strong>. Dzi\u0119ki innowacyjnemu obrotowemu ustnikowi prze\u0142\u0105czanie mi\u0119dzy profilami smakowymi nie wymaga wysi\u0142ku &#8211; nie trzeba zmienia\u0107 kapsu\u0142ek ani urz\u0105dze\u0144. Zaprojektowany z my\u015bl\u0105 o d\u0142ugowieczno\u015bci i sp\u00f3jno\u015bci smaku, ka\u017cda jednostka zapewnia do <strong>60 000 zaci\u0105gni\u0119\u0107<\/strong>. Przygotuj si\u0119 na bogaty smak, zaawansowan\u0105 funkcjonalno\u015b\u0107 i r\u00f3\u017cnorodno\u015b\u0107 smak\u00f3w &#8211; wszystko to w jednym ekscytuj\u0105cym, tajemniczym pakiecie.    <\/p>\n<h3>Co znajduje si\u0119 w \u015brodku: 6 r\u0119cznie dobranych kombinacji smakowych dla niesko\u0144czonej r\u00f3\u017cnorodno\u015bci<\/h3>\n<p>Stworzyli\u015bmy ekscytuj\u0105c\u0105 mieszank\u0119 naszych najlepiej sprzedaj\u0105cych si\u0119 kombinacji smakowych, dzi\u0119ki czemu ka\u017cde urz\u0105dzenie przynosi \u015bwie\u017c\u0105 niespodziank\u0119. Tw\u00f3j 6-pak zawiera: <\/p>\n<p><strong><span style=\"color: #000000;\">1<\/span>. Arbuz truskawkowy, limonka cytrynowa i kokos jagodowy <\/strong><br \/>\n<strong>2. Blueberry Ice &amp; Fizzy Cherry &amp; Raspberry Lemon<\/strong><br \/>\n<strong>3. Watermelon Ice &amp; Strawberry Vanilla Coke &amp; Mixed Berry<\/strong><br \/>\n<strong>4. Smoczy owoc truskawkowy &amp; Red Bull &amp; arbuz malinowy<\/strong><br \/>\n<strong>5. Truskawka Malina &amp; Mango Brzoskwinia &amp; Jagoda Arbuz<\/strong><br \/>\n<strong>6. Mixed Berry &amp; Kiwi Passion Fruit Guava &amp; Strawberry Watermelon<\/strong><\/p>\n<p>W przypadku ka\u017cdego urz\u0105dzenia nale\u017cy obr\u00f3ci\u0107 ustnik, aby przej\u015b\u0107 przez kolejne etapy:<\/p>\n<p><strong>A \u2192 Mix AB \u2192 B \u2192 Mix BC \u2192 C \u2192 Mix CA<\/strong><\/p>\n<p>P\u0142ynnie prze\u0142\u0105czaj si\u0119 mi\u0119dzy wszystkimi sze\u015bcioma mo\u017cliwymi smakami za pomoc\u0105 prostego obrotu ustnika. Ciesz si\u0119 najwy\u017csz\u0105 wygod\u0105 systemu 6 w 1. Ciekawy? Obejrzyj nasz <a href=\"https:\/\/www.youtube.com\/watch?v=CoxB_HvaU3k\">film<\/a> demonstracyjny.   <\/p>\n<h3><strong>Najwa\u017cniejsze cechy produktu<\/strong><\/h3>\n<ul>\n<li><strong>Do 60 000 zaci\u0105gni\u0119\u0107 na urz\u0105dzenie:<\/strong> Ka\u017cdy vape jest wyposa\u017cony w system e-liquidu o du\u017cej pojemno\u015bci 60 ml, oferuj\u0105cy tygodnie sta\u0142ego waporyzowania.<\/li>\n<li><strong>System aromat\u00f3w 6 w 1:<\/strong> Ciesz si\u0119 niesamowitymi 3 r\u00f3\u017cnymi pojedynczymi smakami oraz 3 unikalnymi trybami mieszanymi w ka\u017cdym urz\u0105dzeniu, aby uzyska\u0107 najwy\u017csz\u0105 r\u00f3\u017cnorodno\u015b\u0107.<\/li>\n<li><strong>Akumulator 850 mAh:<\/strong> Wygodne szybkie \u0142adowanie przez USB-C pozwala wykorzysta\u0107 ka\u017cd\u0105 kropl\u0119 energii.<\/li>\n<li><strong>Inteligentny wy\u015bwietlacz LED:<\/strong> \u0141atwe monitorowanie stanu baterii w czasie rzeczywistym i aktualnego trybu waporyzacji na pierwszy rzut oka.<\/li>\n<li><strong>Zaawansowana technologia cewki siatkowej:<\/strong> Do\u015bwiadcz niezmiennie g\u0142adkiej pary, bogatego smaku i najwy\u017cszej wydajno\u015bci przy ka\u017cdym zaci\u0105gni\u0119ciu.<\/li>\n<li><strong>Dwa tryby wdechu:<\/strong> Wybierz preferowany styl waporyzacji:\n<ul>\n<li><strong>Tryb pojedynczego aromatu (MTL):<\/strong> zapewnia p\u0142ynne, klasyczne zaci\u0105ganie si\u0119 z ust do p\u0142uc.<\/li>\n<li><strong>Tryb mieszania dw\u00f3ch smak\u00f3w (DL):<\/strong> Zapewnia zwi\u0119kszony przep\u0142yw powietrza dla odwa\u017cnych bezpo\u015brednich uderze\u0144 w p\u0142uca z pe\u0142niejsz\u0105 par\u0105 i ekscytuj\u0105cymi mieszankami smakowymi.<\/li>\n<\/ul>\n<\/li>\n<li><strong>Moc nikotyny:<\/strong> Dost\u0119pna w wersji 2% (20 mg \/ ml) dla \u0142agodniejszych dozna\u0144 lub 5% (50 mg \/ ml) dla mocniejszego, bardziej satysfakcjonuj\u0105cego uderzenia w gard\u0142o.<\/li>\n<li><strong>Kompaktowy i przyjazny w podr\u00f3\u017cy:<\/strong> jego szczelna konstrukcja i kieszonkowy rozmiar sprawiaj\u0105, \u017ce jest idealny w podr\u00f3\u017cy i jest bezpieczny dla linii lotniczych.<\/li>\n<\/ul>\n<h3><strong>Fizzy Max III 6in1 60000 Puffs Jednorazowy Vape Lista smak\u00f3w:<\/strong><\/h3>\n<ol>\n<li><a href=\"https:\/\/fizzyvape.eu\/pl\/produkt\/fizzy-max-iii-6w1-60k-60000-puff-jednorazowy-akumulator-vape-truskawka-malina-mango-brzoskwinia-jagoda-arbuz-10-szt\/\">Truskawka Malina &amp; Mango Brzoskwinia &amp; Jagoda Arbuz<\/a><\/li>\n<li><a href=\"https:\/\/fizzyvape.eu\/pl\/produkt\/fizzy-max-iii-6w1-60k-60000-puff-jednorazowy-akumulator-vape-mixed-berry-kiwi-passion-fruit-guava-strawberry-watermelon-10szt\/\">Mixed Berry &amp; Kiwi Passion Fruit Guava &amp; Strawberry Watermelon<\/a><\/li>\n<li><a href=\"https:\/\/fizzyvape.eu\/pl\/produkt\/fizzy-max-iii-6w1-60k-60000-puffs-jednorazowy-akumulator-vape-blueberry-raspberry-triple-melon-strawberry-ice-10szt\/\">Blueberry Raspberry &amp; Triple Melon &amp; Strawberry Ice<\/a><\/li>\n<li><a href=\"https:\/\/fizzyvape.eu\/pl\/produkt\/fizzy-max-iii-6w1-60k-60000-puff-jednorazowy-akumulator-vape-truskawkowy-smoczy-owoc-red-bull-malinowy-arbuz-10szt\/\">Smoczy owoc truskawkowy &amp; Red Bull &amp; arbuz malinowy<\/a><\/li>\n<li><a href=\"https:\/\/fizzyvape.eu\/pl\/produkt\/fizzy-max-iii-6w1-60k-60000-puff-jednorazowy-akumulator-vape-truskawka-kiwi-jagoda-i-arbuz-10-sztuk\/\">L\u00f3d truskawkowy, kiwi i jagodowy oraz l\u00f3d arbuzowy<\/a><\/li>\n<li><a href=\"https:\/\/fizzyvape.eu\/pl\/produkt\/fizzy-max-iii-6w1-60k-60000-puff-jednorazowy-akumulator-vape-blueberry-ice-fizzy-cherry-raspberry-lemon-10szt\/\">Blueberry Ice &amp; Fizzy Cherry &amp; Raspberry Lemon<\/a><\/li>\n<li><a href=\"https:\/\/fizzyvape.eu\/pl\/produkt\/fizzy-max-iii-6in1-60k-60000-puffs-jednorazowy-akumulator-vape-watermelon-ice-strawberry-vanilla-coke-mixed-berry-10szt\/\">Watermelon Ice &amp; Strawberry Vanilla Coke &amp; Mixed<\/a><\/li>\n<li><a href=\"https:\/\/fizzyvape.eu\/pl\/produkt\/fizzy-max-iii-6w1-60k-60000-puff-jednorazowy-akumulator-vape-truskawka-winogrono-jagoda-kokos-i-brzoskwinia-cytryna-10-szt\/\">Truskawka Winogrono &amp; Jagoda Kokos &amp; Brzoskwinia Cytryna<\/a><\/li>\n<li><a href=\"https:\/\/fizzyvape.eu\/pl\/produkt\/fizzy-max-iii-6w1-60k-60000-puff-jednorazowy-akumulator-vape-blue-razz-ice-strawberry-kiwi-sour-pineapple-orange-10szt\/\">Blue Razz Ice &amp; Strawberry Kiwi &amp; Sour Pineapple Orange<\/a><\/li>\n<li><a href=\"https:\/\/fizzyvape.eu\/pl\/produkt\/fizzy-max-iii-6w1-60k-60000-puff-jednorazowy-akumulator-vape-truskawka-arbuz-cytryna-limonka-i-jagoda-kokos-10-szt\/\">Arbuz truskawkowy &amp; Limonka cytrynowa &amp; Kokos jagodowy<\/a><\/li>\n<\/ol>\n<p>&nbsp;<\/p>\n<h3>Dlaczego pokochasz Fizzy Max III 6 w 1<\/h3>\n<ul>\n<li><strong>Niezr\u00f3wnana r\u00f3\u017cnorodno\u015b\u0107:<\/strong> Sze\u015b\u0107 urz\u0105dze\u0144, ka\u017cde z sze\u015bcioma opcjami smakowymi, oznacza niesko\u0144czone mo\u017cliwo\u015bci w jednym pakiecie.<\/li>\n<li><strong>Bezproblemowa zmiana smak\u00f3w:<\/strong> Obrotowy ustnik sprawia, \u017ce zmiana smak\u00f3w jest niezwykle prosta i intuicyjna.<\/li>\n<li><strong>Wi\u0119ksza przyjemno\u015b\u0107:<\/strong> Do 60 000 zaci\u0105gni\u0119\u0107 na urz\u0105dzenie pozwala na d\u0142u\u017csz\u0105 waporyzacj\u0119 bez konieczno\u015bci wymiany.<\/li>\n<li><strong>Sta\u0142a jako\u015b\u0107:<\/strong> Zaawansowana technologia zapewnia bogaty smak i g\u0119ste chmury od pocz\u0105tku do ko\u0144ca.<\/li>\n<li><strong>Szybka i niezawodna wysy\u0142ka:<\/strong> Zapewnij sobie szybk\u0105 dostaw\u0119 z Europy, unikaj\u0105c op\u00f3\u017anie\u0144 celnych.<\/li>\n<li><strong>Premium i wygoda:<\/strong> Elegancka, trwa\u0142a konstrukcja z szybkim \u0142adowaniem i wyra\u017anym wy\u015bwietlaczem LED zapewnia naprawd\u0119 bezproblemowe wra\u017cenia.<\/li>\n<\/ul>\n<h3><strong>  FAQ &#8211; Fizzy Max III 6in1 60K jednorazowy Vape<\/strong><\/h3>\n<p><strong>1. Ile zaci\u0105gni\u0119\u0107 oferuje ka\u017cde urz\u0105dzenie Fizzy Max III?<\/strong><\/p>\n<p>Ka\u017cde urz\u0105dzenie zapewnia niewiarygodne <strong>60 000 zaci\u0105gni\u0119\u0107<\/strong>, dzi\u0119ki systemowi e-liquidu o du\u017cej pojemno\u015bci 60 ml i wydajnemu akumulatorowi.<\/p>\n<p><strong>2. Czy jednorazowy vape Fizzy Max III mo\u017cna \u0142adowa\u0107?<\/strong><\/p>\n<p>Tak, jak najbardziej! Posiada solidny akumulator o pojemno\u015bci 850 mAh z szybkim \u0142adowaniem typu C. Mo\u017cesz z \u0142atwo\u015bci\u0105 \u0142adowa\u0107 go wielokrotnie, aby cieszy\u0107 si\u0119 ka\u017cdym zaci\u0105gni\u0119ciem.  <\/p>\n<p><strong>3. Jak prze\u0142\u0105cza\u0107 smaki na urz\u0105dzeniu 6 w 1?<\/strong><\/p>\n<p>To bardzo proste! Wystarczy <strong>podnie\u015b\u0107 i obr\u00f3ci\u0107 ustnik<\/strong>. Inteligentny system rotacji intuicyjnie prze\u0142\u0105cza si\u0119 mi\u0119dzy 3 indywidualnymi smakami i 3 unikalnymi trybami mieszanymi, zapewniaj\u0105c \u0142\u0105cznie 6 dozna\u0144 smakowych.  <\/p>\n<p><strong>4. Ile smak\u00f3w jest naprawd\u0119 w jednym urz\u0105dzeniu?<\/strong><\/p>\n<p>Ka\u017cde urz\u0105dzenie jest dostarczane z 3 wst\u0119pnie nape\u0142nionymi, niezale\u017cnymi kapsu\u0142kami smakowymi. W po\u0142\u0105czeniu z 3 trybami mieszanymi aktywowanymi przez obracanie ustnika, mo\u017cna uzyska\u0107 <strong>6 r\u00f3\u017cnych dozna\u0144 smakowych<\/strong> podczas jednej inhalacji! <\/p>\n<p><strong>5. Jakie st\u0119\u017cenia nikotyny s\u0105 dost\u0119pne?<\/strong><\/p>\n<p>Waporyzatory Fizzy Max III s\u0105 dost\u0119pne w dw\u00f3ch wygodnych opcjach mocy nikotyny: <strong>2% (<\/strong> <strong>20<\/strong> <strong>mg \/<\/strong> <strong>ml)<\/strong>, idealny do g\u0142adkiej i aromatycznej waporyzacji, oraz <strong>5% (50 mg \/ ml)<\/strong>, zaprojektowany z my\u015bl\u0105 o mocniejszym, bardziej satysfakcjonuj\u0105cym uderzeniu w gard\u0142o.<\/p>\n","protected":false},"excerpt":{"rendered":"<p>Do\u015bwiadcz wyj\u0105tkowej r\u00f3\u017cnorodno\u015bci dzi\u0119ki <strong>Fizzy Max III 6in1 Surprise Flavor<\/strong> Collection &#8211; <strong>6 jednorazowych waporyzator\u00f3w wielokrotnego \u0142adowania<\/strong>, z kt\u00f3rych ka\u017cdy oferuje do <strong>60 000 zaci\u0105gni\u0119\u0107<\/strong> i <strong>6 unikalnych tryb\u00f3w smakowych<\/strong>. Ciesz si\u0119 technologi\u0105 obrotowego ustnika, <strong>wy\u015bwietlaczem LED<\/strong>, <strong>\u0142adowaniem przez USB-C<\/strong>, <strong>wydajno\u015bci\u0105 cewki siatkowej<\/strong> i <strong>opcjami 2% lub 5% nikotyny<\/strong> w jednym tajemniczym pakiecie premium. <\/p>\n","protected":false},"featured_media":32788,"comment_status":"open","ping_status":"closed","template":"","meta":{"iawp_total_views":44},"product_brand":[],"product_cat":[949,958,252],"product_tag":[],"class_list":{"0":"post-33043","1":"product","2":"type-product","3":"status-publish","4":"has-post-thumbnail","6":"product_cat-eu-warehouse-pl","7":"product_cat-hot-selling-vape-pl","8":"product_cat-multi-flavor-pack-pl","10":"first","11":"outofstock","12":"sale","13":"shipping-taxable","14":"purchasable","15":"product-type-variable"},"yoast_head":"<!-- This site is optimized with the Yoast SEO Premium plugin v24.8 (Yoast SEO v24.8) - https:\/\/yoast.com\/wordpress\/plugins\/seo\/ -->\n<title>60000 Puffs 6 w 1 jednorazowe Vape - Mystery Box (6 sztuk)<\/title>\n<meta name=\"description\" content=\"Fizzy Max 6-in-1 60000 puff\u00f3w jednorazowy vape 6-pak - ka\u017cde urz\u0105dzenie wielokrotnego \u0142adowania posiada 6 obrotowych smak\u00f3w dla niezr\u00f3wnanej r\u00f3\u017cnorodno\u015bci.\" \/>\n<meta name=\"robots\" content=\"index, follow, max-snippet:-1, max-image-preview:large, max-video-preview:-1\" \/>\n<link rel=\"canonical\" href=\"https:\/\/fizzyvape.eu\/pl\/produkt\/fizzy-max-iii-6in1-60k-60000-puffs-jednorazowy-akumulator-vape-kolekcja-zaskakujacych-smakow-6-pak\/\" \/>\n<meta property=\"og:locale\" content=\"pl_PL\" \/>\n<meta property=\"og:type\" content=\"article\" \/>\n<meta property=\"og:title\" content=\"Fizzy Max III 6in1 60K 60000 Puffs jednorazowy akumulator Vape - kolekcja zaskakuj\u0105cych smak\u00f3w (6-pak)\" \/>\n<meta property=\"og:description\" content=\"Fizzy Max 6-in-1 60000 puff\u00f3w jednorazowy vape 6-pak - ka\u017cde urz\u0105dzenie wielokrotnego \u0142adowania posiada 6 obrotowych smak\u00f3w dla niezr\u00f3wnanej r\u00f3\u017cnorodno\u015bci.\" \/>\n<meta property=\"og:url\" content=\"https:\/\/fizzyvape.eu\/pl\/produkt\/fizzy-max-iii-6in1-60k-60000-puffs-jednorazowy-akumulator-vape-kolekcja-zaskakujacych-smakow-6-pak\/\" \/>\n<meta property=\"og:site_name\" content=\"fizzyvape.eu\" \/>\n<meta property=\"og:image\" content=\"https:\/\/fizzyvape.eu\/wp-content\/uploads\/2025\/06\/Fizzy-Max-III-6in1-60K-60000-Puffs-Disposable-Vape-01.webp\" \/>\n\t<meta property=\"og:image:width\" content=\"800\" \/>\n\t<meta property=\"og:image:height\" content=\"800\" \/>\n\t<meta property=\"og:image:type\" content=\"image\/webp\" \/>\n<meta name=\"twitter:card\" content=\"summary_large_image\" \/>\n<meta name=\"twitter:label1\" content=\"Dost\u0119pno\u015b\u0107\" \/>\n\t<meta name=\"twitter:data1\" content=\"Brak w magazynie\" \/>\n<script type=\"application\/ld+json\" class=\"yoast-schema-graph\">{\"@context\":\"https:\/\/schema.org\",\"@graph\":[{\"@type\":\"WebPage\",\"@id\":\"https:\/\/fizzyvape.eu\/pl\/produkt\/fizzy-max-iii-6in1-60k-60000-puffs-jednorazowy-akumulator-vape-kolekcja-zaskakujacych-smakow-6-pak\/\",\"url\":\"https:\/\/fizzyvape.eu\/pl\/produkt\/fizzy-max-iii-6in1-60k-60000-puffs-jednorazowy-akumulator-vape-kolekcja-zaskakujacych-smakow-6-pak\/\",\"name\":\"60000 Puffs 6 w 1 jednorazowe Vape - Mystery Box (6 sztuk)\",\"isPartOf\":{\"@id\":\"https:\/\/www.fizzyvape.eu\/pl\/#website\"},\"primaryImageOfPage\":{\"@id\":\"https:\/\/fizzyvape.eu\/pl\/produkt\/fizzy-max-iii-6in1-60k-60000-puffs-jednorazowy-akumulator-vape-kolekcja-zaskakujacych-smakow-6-pak\/#primaryimage\"},\"image\":{\"@id\":\"https:\/\/fizzyvape.eu\/pl\/produkt\/fizzy-max-iii-6in1-60k-60000-puffs-jednorazowy-akumulator-vape-kolekcja-zaskakujacych-smakow-6-pak\/#primaryimage\"},\"thumbnailUrl\":\"https:\/\/fizzyvape.eu\/wp-content\/uploads\/2025\/06\/Fizzy-Max-III-6in1-60K-60000-Puffs-Disposable-Vape-01.webp\",\"datePublished\":\"2025-06-11T06:32:35+00:00\",\"description\":\"Fizzy Max 6-in-1 60000 puff\u00f3w jednorazowy vape 6-pak - ka\u017cde urz\u0105dzenie wielokrotnego \u0142adowania posiada 6 obrotowych smak\u00f3w dla niezr\u00f3wnanej r\u00f3\u017cnorodno\u015bci.\",\"breadcrumb\":{\"@id\":\"https:\/\/fizzyvape.eu\/pl\/produkt\/fizzy-max-iii-6in1-60k-60000-puffs-jednorazowy-akumulator-vape-kolekcja-zaskakujacych-smakow-6-pak\/#breadcrumb\"},\"inLanguage\":\"pl-PL\",\"potentialAction\":[{\"@type\":\"ReadAction\",\"target\":[\"https:\/\/fizzyvape.eu\/pl\/produkt\/fizzy-max-iii-6in1-60k-60000-puffs-jednorazowy-akumulator-vape-kolekcja-zaskakujacych-smakow-6-pak\/\"]}]},{\"@type\":\"ImageObject\",\"inLanguage\":\"pl-PL\",\"@id\":\"https:\/\/fizzyvape.eu\/pl\/produkt\/fizzy-max-iii-6in1-60k-60000-puffs-jednorazowy-akumulator-vape-kolekcja-zaskakujacych-smakow-6-pak\/#primaryimage\",\"url\":\"https:\/\/fizzyvape.eu\/wp-content\/uploads\/2025\/06\/Fizzy-Max-III-6in1-60K-60000-Puffs-Disposable-Vape-01.webp\",\"contentUrl\":\"https:\/\/fizzyvape.eu\/wp-content\/uploads\/2025\/06\/Fizzy-Max-III-6in1-60K-60000-Puffs-Disposable-Vape-01.webp\",\"width\":800,\"height\":800,\"caption\":\"Fizzy Max III 6w1 60K 60000 Puff jednorazowy Vape 01\"},{\"@type\":\"BreadcrumbList\",\"@id\":\"https:\/\/fizzyvape.eu\/pl\/produkt\/fizzy-max-iii-6in1-60k-60000-puffs-jednorazowy-akumulator-vape-kolekcja-zaskakujacych-smakow-6-pak\/#breadcrumb\",\"itemListElement\":[{\"@type\":\"ListItem\",\"position\":1,\"name\":\"Home\",\"item\":\"https:\/\/fizzyvape.eu\/pl\/\"},{\"@type\":\"ListItem\",\"position\":2,\"name\":\"Sklep\",\"item\":\"https:\/\/fizzyvape.eu\/pl\/sklep\/\"},{\"@type\":\"ListItem\",\"position\":3,\"name\":\"Fizzy Max III 6in1 60K 60000 Puffs jednorazowy akumulator Vape &#8211; kolekcja zaskakuj\u0105cych smak\u00f3w (6-pak)\"}]},{\"@type\":\"WebSite\",\"@id\":\"https:\/\/www.fizzyvape.eu\/pl\/#website\",\"url\":\"https:\/\/www.fizzyvape.eu\/pl\/\",\"name\":\"fizzyvape.eu\",\"description\":\"Refreshing Vapes. Unforgettable Taste.\",\"publisher\":{\"@id\":\"https:\/\/www.fizzyvape.eu\/pl\/#organization\"},\"potentialAction\":[{\"@type\":\"SearchAction\",\"target\":{\"@type\":\"EntryPoint\",\"urlTemplate\":\"https:\/\/www.fizzyvape.eu\/pl\/?s={search_term_string}\"},\"query-input\":{\"@type\":\"PropertyValueSpecification\",\"valueRequired\":true,\"valueName\":\"search_term_string\"}}],\"inLanguage\":\"pl-PL\"},{\"@type\":\"Organization\",\"@id\":\"https:\/\/www.fizzyvape.eu\/pl\/#organization\",\"name\":\"fizzyvape.eu\",\"url\":\"https:\/\/www.fizzyvape.eu\/pl\/\",\"logo\":{\"@type\":\"ImageObject\",\"inLanguage\":\"pl-PL\",\"@id\":\"https:\/\/www.fizzyvape.eu\/pl\/#\/schema\/logo\/image\/\",\"url\":\"https:\/\/fizzyvape.eu\/wp-content\/uploads\/2019\/06\/print-1.svg\",\"contentUrl\":\"https:\/\/fizzyvape.eu\/wp-content\/uploads\/2019\/06\/print-1.svg\",\"width\":124,\"height\":37,\"caption\":\"fizzyvape.eu\"},\"image\":{\"@id\":\"https:\/\/www.fizzyvape.eu\/pl\/#\/schema\/logo\/image\/\"}}]}<\/script>\n<meta property=\"og:availability\" content=\"out of stock\" \/>\n<meta property=\"product:availability\" content=\"out of stock\" \/>\n<meta property=\"product:condition\" content=\"new\" \/>\n<!-- \/ Yoast SEO Premium plugin. -->","yoast_head_json":{"title":"60000 Puffs 6 w 1 jednorazowe Vape - Mystery Box (6 sztuk)","description":"Fizzy Max 6-in-1 60000 puff\u00f3w jednorazowy vape 6-pak - ka\u017cde urz\u0105dzenie wielokrotnego \u0142adowania posiada 6 obrotowych smak\u00f3w dla niezr\u00f3wnanej r\u00f3\u017cnorodno\u015bci.","robots":{"index":"index","follow":"follow","max-snippet":"max-snippet:-1","max-image-preview":"max-image-preview:large","max-video-preview":"max-video-preview:-1"},"canonical":"https:\/\/fizzyvape.eu\/pl\/produkt\/fizzy-max-iii-6in1-60k-60000-puffs-jednorazowy-akumulator-vape-kolekcja-zaskakujacych-smakow-6-pak\/","og_locale":"pl_PL","og_type":"article","og_title":"Fizzy Max III 6in1 60K 60000 Puffs jednorazowy akumulator Vape - kolekcja zaskakuj\u0105cych smak\u00f3w (6-pak)","og_description":"Fizzy Max 6-in-1 60000 puff\u00f3w jednorazowy vape 6-pak - ka\u017cde urz\u0105dzenie wielokrotnego \u0142adowania posiada 6 obrotowych smak\u00f3w dla niezr\u00f3wnanej r\u00f3\u017cnorodno\u015bci.","og_url":"https:\/\/fizzyvape.eu\/pl\/produkt\/fizzy-max-iii-6in1-60k-60000-puffs-jednorazowy-akumulator-vape-kolekcja-zaskakujacych-smakow-6-pak\/","og_site_name":"fizzyvape.eu","og_image":[{"width":800,"height":800,"url":"https:\/\/fizzyvape.eu\/wp-content\/uploads\/2025\/06\/Fizzy-Max-III-6in1-60K-60000-Puffs-Disposable-Vape-01.webp","type":"image\/webp"}],"twitter_card":"summary_large_image","twitter_misc":{"Dost\u0119pno\u015b\u0107":"Brak w magazynie"},"schema":{"@context":"https:\/\/schema.org","@graph":[{"@type":"WebPage","@id":"https:\/\/fizzyvape.eu\/pl\/produkt\/fizzy-max-iii-6in1-60k-60000-puffs-jednorazowy-akumulator-vape-kolekcja-zaskakujacych-smakow-6-pak\/","url":"https:\/\/fizzyvape.eu\/pl\/produkt\/fizzy-max-iii-6in1-60k-60000-puffs-jednorazowy-akumulator-vape-kolekcja-zaskakujacych-smakow-6-pak\/","name":"60000 Puffs 6 w 1 jednorazowe Vape - Mystery Box (6 sztuk)","isPartOf":{"@id":"https:\/\/www.fizzyvape.eu\/pl\/#website"},"primaryImageOfPage":{"@id":"https:\/\/fizzyvape.eu\/pl\/produkt\/fizzy-max-iii-6in1-60k-60000-puffs-jednorazowy-akumulator-vape-kolekcja-zaskakujacych-smakow-6-pak\/#primaryimage"},"image":{"@id":"https:\/\/fizzyvape.eu\/pl\/produkt\/fizzy-max-iii-6in1-60k-60000-puffs-jednorazowy-akumulator-vape-kolekcja-zaskakujacych-smakow-6-pak\/#primaryimage"},"thumbnailUrl":"https:\/\/fizzyvape.eu\/wp-content\/uploads\/2025\/06\/Fizzy-Max-III-6in1-60K-60000-Puffs-Disposable-Vape-01.webp","datePublished":"2025-06-11T06:32:35+00:00","description":"Fizzy Max 6-in-1 60000 puff\u00f3w jednorazowy vape 6-pak - ka\u017cde urz\u0105dzenie wielokrotnego \u0142adowania posiada 6 obrotowych smak\u00f3w dla niezr\u00f3wnanej r\u00f3\u017cnorodno\u015bci.","breadcrumb":{"@id":"https:\/\/fizzyvape.eu\/pl\/produkt\/fizzy-max-iii-6in1-60k-60000-puffs-jednorazowy-akumulator-vape-kolekcja-zaskakujacych-smakow-6-pak\/#breadcrumb"},"inLanguage":"pl-PL","potentialAction":[{"@type":"ReadAction","target":["https:\/\/fizzyvape.eu\/pl\/produkt\/fizzy-max-iii-6in1-60k-60000-puffs-jednorazowy-akumulator-vape-kolekcja-zaskakujacych-smakow-6-pak\/"]}]},{"@type":"ImageObject","inLanguage":"pl-PL","@id":"https:\/\/fizzyvape.eu\/pl\/produkt\/fizzy-max-iii-6in1-60k-60000-puffs-jednorazowy-akumulator-vape-kolekcja-zaskakujacych-smakow-6-pak\/#primaryimage","url":"https:\/\/fizzyvape.eu\/wp-content\/uploads\/2025\/06\/Fizzy-Max-III-6in1-60K-60000-Puffs-Disposable-Vape-01.webp","contentUrl":"https:\/\/fizzyvape.eu\/wp-content\/uploads\/2025\/06\/Fizzy-Max-III-6in1-60K-60000-Puffs-Disposable-Vape-01.webp","width":800,"height":800,"caption":"Fizzy Max III 6w1 60K 60000 Puff jednorazowy Vape 01"},{"@type":"BreadcrumbList","@id":"https:\/\/fizzyvape.eu\/pl\/produkt\/fizzy-max-iii-6in1-60k-60000-puffs-jednorazowy-akumulator-vape-kolekcja-zaskakujacych-smakow-6-pak\/#breadcrumb","itemListElement":[{"@type":"ListItem","position":1,"name":"Home","item":"https:\/\/fizzyvape.eu\/pl\/"},{"@type":"ListItem","position":2,"name":"Sklep","item":"https:\/\/fizzyvape.eu\/pl\/sklep\/"},{"@type":"ListItem","position":3,"name":"Fizzy Max III 6in1 60K 60000 Puffs jednorazowy akumulator Vape &#8211; kolekcja zaskakuj\u0105cych smak\u00f3w (6-pak)"}]},{"@type":"WebSite","@id":"https:\/\/www.fizzyvape.eu\/pl\/#website","url":"https:\/\/www.fizzyvape.eu\/pl\/","name":"fizzyvape.eu","description":"Refreshing Vapes. Unforgettable Taste.","publisher":{"@id":"https:\/\/www.fizzyvape.eu\/pl\/#organization"},"potentialAction":[{"@type":"SearchAction","target":{"@type":"EntryPoint","urlTemplate":"https:\/\/www.fizzyvape.eu\/pl\/?s={search_term_string}"},"query-input":{"@type":"PropertyValueSpecification","valueRequired":true,"valueName":"search_term_string"}}],"inLanguage":"pl-PL"},{"@type":"Organization","@id":"https:\/\/www.fizzyvape.eu\/pl\/#organization","name":"fizzyvape.eu","url":"https:\/\/www.fizzyvape.eu\/pl\/","logo":{"@type":"ImageObject","inLanguage":"pl-PL","@id":"https:\/\/www.fizzyvape.eu\/pl\/#\/schema\/logo\/image\/","url":"https:\/\/fizzyvape.eu\/wp-content\/uploads\/2019\/06\/print-1.svg","contentUrl":"https:\/\/fizzyvape.eu\/wp-content\/uploads\/2019\/06\/print-1.svg","width":124,"height":37,"caption":"fizzyvape.eu"},"image":{"@id":"https:\/\/www.fizzyvape.eu\/pl\/#\/schema\/logo\/image\/"}}]},"og_availability":"out of stock","product_availability":"out of stock","product_condition":"new"},"tiered_pricing_type":"fixed","tiered_pricing_fixed_rules":[],"tiered_pricing_product_settings":{"layout":"default","base_unit_name":{"singular":null,"plural":null},"default_variation":null},"tiered_pricing_minimum_quantity":null,"tiered_pricing_roles_data":[],"tiered_pricing_percentage_rules":[],"tiered_pricing_maximum_quantity":null,"tiered_pricing_quantity_step":null,"_links":{"self":[{"href":"https:\/\/fizzyvape.eu\/pl\/wp-json\/wp\/v2\/product\/33043","targetHints":{"allow":["GET"]}}],"collection":[{"href":"https:\/\/fizzyvape.eu\/pl\/wp-json\/wp\/v2\/product"}],"about":[{"href":"https:\/\/fizzyvape.eu\/pl\/wp-json\/wp\/v2\/types\/product"}],"replies":[{"embeddable":true,"href":"https:\/\/fizzyvape.eu\/pl\/wp-json\/wp\/v2\/comments?post=33043"}],"version-history":[{"count":0,"href":"https:\/\/fizzyvape.eu\/pl\/wp-json\/wp\/v2\/product\/33043\/revisions"}],"wp:featuredmedia":[{"embeddable":true,"href":"https:\/\/fizzyvape.eu\/pl\/wp-json\/wp\/v2\/media\/32788"}],"wp:attachment":[{"href":"https:\/\/fizzyvape.eu\/pl\/wp-json\/wp\/v2\/media?parent=33043"}],"wp:term":[{"taxonomy":"product_brand","embeddable":true,"href":"https:\/\/fizzyvape.eu\/pl\/wp-json\/wp\/v2\/product_brand?post=33043"},{"taxonomy":"product_cat","embeddable":true,"href":"https:\/\/fizzyvape.eu\/pl\/wp-json\/wp\/v2\/product_cat?post=33043"},{"taxonomy":"product_tag","embeddable":true,"href":"https:\/\/fizzyvape.eu\/pl\/wp-json\/wp\/v2\/product_tag?post=33043"}],"curies":[{"name":"wp","href":"https:\/\/api.w.org\/{rel}","templated":true}]}}