{"id":33143,"date":"2025-06-11T14:06:36","date_gmt":"2025-06-11T06:06:36","guid":{"rendered":"https:\/\/fizzyvape.eu\/product\/fizzy-max-iii-6w1-60k-60000-puff-jednorazowy-akumulator-vape-30-sztuk\/"},"modified":"2025-06-11T14:06:36","modified_gmt":"2025-06-11T06:06:36","slug":"fizzy-max-iii-6w1-60k-60000-puff-jednorazowy-akumulator-vape-30-sztuk","status":"publish","type":"product","link":"https:\/\/fizzyvape.eu\/pl\/produkt\/fizzy-max-iii-6w1-60k-60000-puff-jednorazowy-akumulator-vape-30-sztuk\/","title":{"rendered":"Fizzy Max III 6w1 60K 60000 Puff jednorazowy akumulator Vape &#8211; 30 sztuk"},"content":{"rendered":"<h1>Fizzy Max III 6w1 60K 60000 Puff jednorazowy akumulator Vape &#8211; 30 sztuk<\/h1>\n<h3>Jedno urz\u0105dzenie. Sze\u015b\u0107 smak\u00f3w. 60 000 zaci\u0105gni\u0119\u0107 najwy\u017cszej jako\u015bci waporyzacji.  <\/h3>\n<p>Odblokuj niezwyk\u0142e doznania z waporyzacji dzi\u0119ki Fizzy Max III 6in1 &#8211; najlepszemu jednorazowemu waporyzatorowi wielokrotnego \u0142adowania zaprojektowanemu dla entuzjast\u00f3w smak\u00f3w poszukuj\u0105cych wszechstronno\u015bci i d\u0142ugowieczno\u015bci. \u0141\u0105cz\u0105c sze\u015b\u0107 wyj\u0105tkowych smak\u00f3w w jednym eleganckim urz\u0105dzeniu, posiada trzy pojemne 20 ml wst\u0119pnie nape\u0142nione kapsu\u0142ki i innowacyjny obrotowy ustnik, aby bez wysi\u0142ku prze\u0142\u0105cza\u0107 si\u0119 mi\u0119dzy bogatymi, \u017cywymi profilami smakowymi. Obejrzyj nasz <a href=\"https:\/\/www.youtube.com\/watch?v=CoxB_HvaU3k\">film<\/a> demonstracyjny.  <\/p>\n<h3><strong>  Najwa\u017cniejsze cechy produktu<\/strong><\/h3>\n<ul>\n<li><strong>Ogromne 60 000 zaci\u0105gni\u0119\u0107 na urz\u0105dzenie:<\/strong> Ciesz si\u0119 d\u0142ugotrwa\u0142ym u\u017cytkowaniem bez konieczno\u015bci cz\u0119stej wymiany &#8211; idealny dla codziennych vaper\u00f3w, kt\u00f3rzy wymagaj\u0105 wytrzyma\u0142o\u015bci i niezawodno\u015bci.<\/li>\n<li><strong>Sze\u015b\u0107 smak\u00f3w w jednym urz\u0105dzeniu:<\/strong> Wybieraj spo\u015br\u00f3d trzech pojedynczych smak\u00f3w i trzech ekskluzywnych mieszanek, zapewniaj\u0105c wyj\u0105tkowo dynamiczn\u0105 podr\u00f3\u017c waporyzacyjn\u0105 dostosowan\u0105 do Twojego nastroju.<\/li>\n<li><strong>E-p\u0142yn o du\u017cej pojemno\u015bci 60 ml:<\/strong> Du\u017ca pojemno\u015b\u0107 kapsu\u0142ki zapewnia nieprzerwane sesje wysokiej jako\u015bci soku vape.<\/li>\n<li><strong>Akumulator 850 mAh:<\/strong> Wygodne \u0142adowanie typu C umo\u017cliwia szybkie cykle \u0142adowania, wyd\u0142u\u017caj\u0105c \u017cywotno\u015b\u0107 urz\u0105dzenia i zmniejszaj\u0105c ilo\u015b\u0107 odpad\u00f3w.<\/li>\n<li><strong>Zaawansowana technologia cewki siatkowej:<\/strong> Wytwarza g\u0142adkie, g\u0119ste chmury pary i intensyfikuje bogactwo smaku z ka\u017cdym zaci\u0105gni\u0119ciem.<\/li>\n<li><strong>Inteligentny wy\u015bwietlacz LED:<\/strong> Szybki podgl\u0105d stanu baterii i aktywnego trybu aromatyzacji.<\/li>\n<li><strong>Opcje nikotyny dopasowane do Ciebie:<\/strong> Dost\u0119pne w mocach 2% (20 mg \/ ml) i 5% (50 mg \/ ml) nikotyny dla spersonalizowanej satysfakcji.<\/li>\n<li><strong>D\u0142ugi okres trwa\u0142o\u015bci:<\/strong> \u015awie\u017co\u015b\u0107 gwarantowana dzi\u0119ki 2-letniemu okresowi przydatno\u015bci do spo\u017cycia, dzi\u0119ki czemu waporyzacja smakuje wy\u015bmienicie zawsze, gdy jeste\u015b na ni\u0105 gotowy.<\/li>\n<\/ul>\n<h3><strong>Fizzy Max III 6in1 60000 Puffs Jednorazowy Vape Lista smak\u00f3w:<\/strong><\/h3>\n<ol>\n<li><a href=\"https:\/\/fizzyvape.eu\/pl\/produkt\/fizzy-max-iii-6w1-60k-60000-puff-jednorazowy-akumulator-vape-truskawka-malina-mango-brzoskwinia-jagoda-arbuz-10-szt\/\">Truskawka Malina &amp; Mango Brzoskwinia &amp; Jagoda Arbuz<\/a><\/li>\n<li><a href=\"https:\/\/fizzyvape.eu\/pl\/produkt\/fizzy-max-iii-6w1-60k-60000-puff-jednorazowy-akumulator-vape-mixed-berry-kiwi-passion-fruit-guava-strawberry-watermelon-10szt\/\">Mixed Berry &amp; Kiwi Passion Fruit Guava &amp; Strawberry Watermelon<\/a><\/li>\n<li><a href=\"https:\/\/fizzyvape.eu\/pl\/produkt\/fizzy-max-iii-6w1-60k-60000-puffs-jednorazowy-akumulator-vape-blueberry-raspberry-triple-melon-strawberry-ice-10szt\/\">Blueberry Raspberry &amp; Triple Melon &amp; Strawberry Ice<\/a><\/li>\n<li><a href=\"https:\/\/fizzyvape.eu\/pl\/produkt\/fizzy-max-iii-6w1-60k-60000-puff-jednorazowy-akumulator-vape-truskawkowy-smoczy-owoc-red-bull-malinowy-arbuz-10szt\/\">Smoczy owoc truskawkowy &amp; Red Bull &amp; arbuz malinowy<\/a><\/li>\n<li><a href=\"https:\/\/fizzyvape.eu\/pl\/produkt\/fizzy-max-iii-6w1-60k-60000-puff-jednorazowy-akumulator-vape-truskawka-kiwi-jagoda-i-arbuz-10-sztuk\/\">L\u00f3d truskawkowy, kiwi i jagodowy oraz l\u00f3d arbuzowy<\/a><\/li>\n<li><a href=\"https:\/\/fizzyvape.eu\/pl\/produkt\/fizzy-max-iii-6w1-60k-60000-puff-jednorazowy-akumulator-vape-blueberry-ice-fizzy-cherry-raspberry-lemon-10szt\/\">Blueberry Ice &amp; Fizzy Cherry &amp; Raspberry Lemon<\/a><\/li>\n<li><a href=\"https:\/\/fizzyvape.eu\/pl\/produkt\/fizzy-max-iii-6in1-60k-60000-puffs-jednorazowy-akumulator-vape-watermelon-ice-strawberry-vanilla-coke-mixed-berry-10szt\/\">Watermelon Ice &amp; Strawberry Vanilla Coke &amp; Mixed<\/a><\/li>\n<li><a href=\"https:\/\/fizzyvape.eu\/pl\/produkt\/fizzy-max-iii-6w1-60k-60000-puff-jednorazowy-akumulator-vape-truskawka-winogrono-jagoda-kokos-i-brzoskwinia-cytryna-10-szt\/\">Truskawka Winogrono &amp; Jagoda Kokos &amp; Brzoskwinia Cytryna<\/a><\/li>\n<li><a href=\"https:\/\/fizzyvape.eu\/pl\/produkt\/fizzy-max-iii-6w1-60k-60000-puff-jednorazowy-akumulator-vape-blue-razz-ice-strawberry-kiwi-sour-pineapple-orange-10szt\/\">Blue Razz Ice &amp; Strawberry Kiwi &amp; Sour Pineapple Orange<\/a><\/li>\n<li><a href=\"https:\/\/fizzyvape.eu\/pl\/produkt\/fizzy-max-iii-6w1-60k-60000-puff-jednorazowy-akumulator-vape-truskawka-arbuz-cytryna-limonka-i-jagoda-kokos-10-szt\/\">Arbuz truskawkowy &amp; Limonka cytrynowa &amp; Kokos jagodowy<\/a><\/li>\n<\/ol>\n<h3>Zaprojektowany dla ka\u017cdego stylu waporyzacji<\/h3>\n<ul>\n<li><strong>Tryb pojedynczego smaku (MTL):<\/strong> Ciesz si\u0119 g\u0142adkimi, papierosowymi zaci\u0105gni\u0119ciami, idealnymi do delektowania si\u0119 wyra\u017an\u0105 esencj\u0105 ka\u017cdego smaku.<\/li>\n<li><strong>Tryb mieszania dw\u00f3ch smak\u00f3w (DL):<\/strong> Do\u015bwiadcz odwa\u017cnych, bezpo\u015brednich wdech\u00f3w do p\u0142uc z ulepszonym przep\u0142ywem powietrza, bogat\u0105 par\u0105 i z\u0142o\u017conymi mieszankami smakowymi idealnymi dla mi\u0142o\u015bnik\u00f3w chmur.<\/li>\n<\/ul>\n<h3><strong>  Dlaczego warto wybra\u0107 Fizzy Max III 6w1?<\/strong><\/h3>\n<ul>\n<li>Niesamowita wszechstronno\u015b\u0107 dzi\u0119ki sze\u015bciu smakom premium w jednym urz\u0105dzeniu.<\/li>\n<li>Wyj\u0105tkowa trwa\u0142o\u015b\u0107 dzi\u0119ki pojemno\u015bci 60 000 zaci\u0105gni\u0119\u0107 i akumulatorowi.<\/li>\n<li>Przyjazna dla u\u017cytkownika konstrukcja z inteligentnym wy\u015bwietlaczem LED i \u0142atwym obracaniem smaku.<\/li>\n<li>Szybka, niezawodna wysy\u0142ka z europejskich magazyn\u00f3w zapewnia szybk\u0105 dostaw\u0119 bez op\u00f3\u017anie\u0144 celnych.<\/li>\n<\/ul>\n<h3><strong>  FAQ &#8211; Fizzy Max III 6in1 60K jednorazowy Vape<\/strong><\/h3>\n<p><strong>1. Ile zaci\u0105gni\u0119\u0107 zapewnia Fizzy Max III 6w1?<\/strong><br \/>\nOferuje on do 60 000 zaci\u0105gni\u0119\u0107 na urz\u0105dzenie, dzi\u0119ki du\u017cej pojemno\u015bci 60 ml e-liquidu i wydajnej baterii.<\/p>\n<p><strong>2. Czy mog\u0119 prze\u0142\u0105cza\u0107 si\u0119 mi\u0119dzy smakami na jednym urz\u0105dzeniu?<\/strong><br \/>\nTak! Inteligentny obrotowy ustnik pozwala \u0142atwo prze\u0142\u0105cza\u0107 si\u0119 mi\u0119dzy sze\u015bcioma r\u00f3\u017cnymi profilami smakowymi. <\/p>\n<p><strong>3. Czy urz\u0105dzenie mo\u017cna \u0142adowa\u0107?<\/strong><br \/>\nAbsolutnie. Posiada akumulator o pojemno\u015bci 850 mAh z obs\u0142ug\u0105 szybkiego \u0142adowania typu C. <\/p>\n<p><strong>4. Jakie st\u0119\u017cenia nikotyny s\u0105 dost\u0119pne?<\/strong><br \/>\nWaporyzator jest dost\u0119pny w wersjach z 2% (20 mg\/ml) i 5% (50 mg\/ml) nikotyny, aby zaspokoi\u0107 r\u00f3\u017cne preferencje.<\/p>\n<p><strong>5. Jak zmieni\u0107 smak?<\/strong><br \/>\nWystarczy podnie\u015b\u0107 i obr\u00f3ci\u0107 ustnik, aby przej\u015b\u0107 kolejno przez sze\u015b\u0107 tryb\u00f3w smakowych.<\/p>\n","protected":false},"excerpt":{"rendered":"<p><strong>Fizzy Max III 6in1 Rechargeable Disposable Vape<\/strong> &#8211; opakowanie <strong>30 sztuk<\/strong> oferuje do 60 000 zaci\u0105gni\u0119\u0107 na urz\u0105dzenie z sze\u015bcioma unikalnymi smakami w jednym. <strong>Idealny do zakup\u00f3w hurtowych, hurtownik\u00f3w i gromadzenia zapas\u00f3w<\/strong>. Posiada inteligentny obrotowy ustnik, <strong>wy\u015bwietlacz LED<\/strong>,<strong> akumulator 850 mAh<\/strong> i jest dost\u0119pny w wersjach o<strong> zawarto\u015bci nikotyny 2% i 5%<\/strong>, co zapewnia wszechstronne <strong>i d\u0142ugotrwa\u0142e doznania<\/strong> podczas wapowania <strong>.<\/strong> <\/p>\n","protected":false},"featured_media":32500,"comment_status":"open","ping_status":"closed","template":"","meta":{"iawp_total_views":38},"product_brand":[],"product_cat":[673],"product_tag":[],"class_list":{"0":"post-33143","1":"product","2":"type-product","3":"status-publish","4":"has-post-thumbnail","6":"product_cat-bulk-deals-2-pl","8":"first","9":"outofstock","10":"sale","11":"shipping-taxable","12":"purchasable","13":"product-type-variable"},"yoast_head":"<!-- This site is optimized with the Yoast SEO Premium plugin v24.8 (Yoast SEO v24.8) - https:\/\/yoast.com\/wordpress\/plugins\/seo\/ -->\n<title>Jednorazowe urz\u0105dzenie Vape 60000 Puffs - urz\u0105dzenie akumulatorowe o d\u0142ugiej \u017cywotno\u015bci<\/title>\n<meta name=\"description\" content=\"Ciesz si\u0119 nawet 60000 zaci\u0105gni\u0119ciami dzi\u0119ki temu jednorazowemu waporyzatorowi wielokrotnego \u0142adowania. 6 smak\u00f3w w 1 urz\u0105dzeniu, wy\u015bwietlacz LED i pot\u0119\u017cna bateria zapewniaj\u0105 najwy\u017csz\u0105 satysfakcj\u0119 z waporyzacji.\" \/>\n<meta name=\"robots\" content=\"index, follow, max-snippet:-1, max-image-preview:large, max-video-preview:-1\" \/>\n<link rel=\"canonical\" href=\"https:\/\/fizzyvape.eu\/pl\/produkt\/fizzy-max-iii-6w1-60k-60000-puff-jednorazowy-akumulator-vape-30-sztuk\/\" \/>\n<meta property=\"og:locale\" content=\"pl_PL\" \/>\n<meta property=\"og:type\" content=\"article\" \/>\n<meta property=\"og:title\" content=\"Fizzy Max III 6w1 60K 60000 Puff jednorazowy akumulator Vape - 30 sztuk\" \/>\n<meta property=\"og:description\" content=\"Ciesz si\u0119 nawet 60000 zaci\u0105gni\u0119ciami dzi\u0119ki temu jednorazowemu waporyzatorowi wielokrotnego \u0142adowania. 6 smak\u00f3w w 1 urz\u0105dzeniu, wy\u015bwietlacz LED i pot\u0119\u017cna bateria zapewniaj\u0105 najwy\u017csz\u0105 satysfakcj\u0119 z waporyzacji.\" \/>\n<meta property=\"og:url\" content=\"https:\/\/fizzyvape.eu\/pl\/produkt\/fizzy-max-iii-6w1-60k-60000-puff-jednorazowy-akumulator-vape-30-sztuk\/\" \/>\n<meta property=\"og:site_name\" content=\"fizzyvape.eu\" \/>\n<meta property=\"og:image\" content=\"https:\/\/fizzyvape.eu\/wp-content\/uploads\/2025\/06\/Fizzy-Max-60000-Puffs-30pcs.webp\" \/>\n\t<meta property=\"og:image:width\" content=\"800\" \/>\n\t<meta property=\"og:image:height\" content=\"800\" \/>\n\t<meta property=\"og:image:type\" content=\"image\/webp\" \/>\n<meta name=\"twitter:card\" content=\"summary_large_image\" \/>\n<meta name=\"twitter:label1\" content=\"Dost\u0119pno\u015b\u0107\" \/>\n\t<meta name=\"twitter:data1\" content=\"Brak w magazynie\" \/>\n<script type=\"application\/ld+json\" class=\"yoast-schema-graph\">{\"@context\":\"https:\/\/schema.org\",\"@graph\":[{\"@type\":\"WebPage\",\"@id\":\"https:\/\/fizzyvape.eu\/pl\/produkt\/fizzy-max-iii-6w1-60k-60000-puff-jednorazowy-akumulator-vape-30-sztuk\/\",\"url\":\"https:\/\/fizzyvape.eu\/pl\/produkt\/fizzy-max-iii-6w1-60k-60000-puff-jednorazowy-akumulator-vape-30-sztuk\/\",\"name\":\"Jednorazowe urz\u0105dzenie Vape 60000 Puffs - urz\u0105dzenie akumulatorowe o d\u0142ugiej \u017cywotno\u015bci\",\"isPartOf\":{\"@id\":\"https:\/\/www.fizzyvape.eu\/pl\/#website\"},\"primaryImageOfPage\":{\"@id\":\"https:\/\/fizzyvape.eu\/pl\/produkt\/fizzy-max-iii-6w1-60k-60000-puff-jednorazowy-akumulator-vape-30-sztuk\/#primaryimage\"},\"image\":{\"@id\":\"https:\/\/fizzyvape.eu\/pl\/produkt\/fizzy-max-iii-6w1-60k-60000-puff-jednorazowy-akumulator-vape-30-sztuk\/#primaryimage\"},\"thumbnailUrl\":\"https:\/\/fizzyvape.eu\/wp-content\/uploads\/2025\/06\/Fizzy-Max-60000-Puffs-30pcs.webp\",\"datePublished\":\"2025-06-11T06:06:36+00:00\",\"description\":\"Ciesz si\u0119 nawet 60000 zaci\u0105gni\u0119ciami dzi\u0119ki temu jednorazowemu waporyzatorowi wielokrotnego \u0142adowania. 6 smak\u00f3w w 1 urz\u0105dzeniu, wy\u015bwietlacz LED i pot\u0119\u017cna bateria zapewniaj\u0105 najwy\u017csz\u0105 satysfakcj\u0119 z waporyzacji.\",\"breadcrumb\":{\"@id\":\"https:\/\/fizzyvape.eu\/pl\/produkt\/fizzy-max-iii-6w1-60k-60000-puff-jednorazowy-akumulator-vape-30-sztuk\/#breadcrumb\"},\"inLanguage\":\"pl-PL\",\"potentialAction\":[{\"@type\":\"ReadAction\",\"target\":[\"https:\/\/fizzyvape.eu\/pl\/produkt\/fizzy-max-iii-6w1-60k-60000-puff-jednorazowy-akumulator-vape-30-sztuk\/\"]}]},{\"@type\":\"ImageObject\",\"inLanguage\":\"pl-PL\",\"@id\":\"https:\/\/fizzyvape.eu\/pl\/produkt\/fizzy-max-iii-6w1-60k-60000-puff-jednorazowy-akumulator-vape-30-sztuk\/#primaryimage\",\"url\":\"https:\/\/fizzyvape.eu\/wp-content\/uploads\/2025\/06\/Fizzy-Max-60000-Puffs-30pcs.webp\",\"contentUrl\":\"https:\/\/fizzyvape.eu\/wp-content\/uploads\/2025\/06\/Fizzy-Max-60000-Puffs-30pcs.webp\",\"width\":800,\"height\":800},{\"@type\":\"BreadcrumbList\",\"@id\":\"https:\/\/fizzyvape.eu\/pl\/produkt\/fizzy-max-iii-6w1-60k-60000-puff-jednorazowy-akumulator-vape-30-sztuk\/#breadcrumb\",\"itemListElement\":[{\"@type\":\"ListItem\",\"position\":1,\"name\":\"Home\",\"item\":\"https:\/\/fizzyvape.eu\/pl\/\"},{\"@type\":\"ListItem\",\"position\":2,\"name\":\"Sklep\",\"item\":\"https:\/\/fizzyvape.eu\/pl\/sklep\/\"},{\"@type\":\"ListItem\",\"position\":3,\"name\":\"Fizzy Max III 6w1 60K 60000 Puff jednorazowy akumulator Vape &#8211; 30 sztuk\"}]},{\"@type\":\"WebSite\",\"@id\":\"https:\/\/www.fizzyvape.eu\/pl\/#website\",\"url\":\"https:\/\/www.fizzyvape.eu\/pl\/\",\"name\":\"fizzyvape.eu\",\"description\":\"Refreshing Vapes. Unforgettable Taste.\",\"publisher\":{\"@id\":\"https:\/\/www.fizzyvape.eu\/pl\/#organization\"},\"potentialAction\":[{\"@type\":\"SearchAction\",\"target\":{\"@type\":\"EntryPoint\",\"urlTemplate\":\"https:\/\/www.fizzyvape.eu\/pl\/?s={search_term_string}\"},\"query-input\":{\"@type\":\"PropertyValueSpecification\",\"valueRequired\":true,\"valueName\":\"search_term_string\"}}],\"inLanguage\":\"pl-PL\"},{\"@type\":\"Organization\",\"@id\":\"https:\/\/www.fizzyvape.eu\/pl\/#organization\",\"name\":\"fizzyvape.eu\",\"url\":\"https:\/\/www.fizzyvape.eu\/pl\/\",\"logo\":{\"@type\":\"ImageObject\",\"inLanguage\":\"pl-PL\",\"@id\":\"https:\/\/www.fizzyvape.eu\/pl\/#\/schema\/logo\/image\/\",\"url\":\"https:\/\/fizzyvape.eu\/wp-content\/uploads\/2019\/06\/print-1.svg\",\"contentUrl\":\"https:\/\/fizzyvape.eu\/wp-content\/uploads\/2019\/06\/print-1.svg\",\"width\":124,\"height\":37,\"caption\":\"fizzyvape.eu\"},\"image\":{\"@id\":\"https:\/\/www.fizzyvape.eu\/pl\/#\/schema\/logo\/image\/\"}}]}<\/script>\n<meta property=\"og:availability\" content=\"out of stock\" \/>\n<meta property=\"product:availability\" content=\"out of stock\" \/>\n<meta property=\"product:condition\" content=\"new\" \/>\n<!-- \/ Yoast SEO Premium plugin. -->","yoast_head_json":{"title":"Jednorazowe urz\u0105dzenie Vape 60000 Puffs - urz\u0105dzenie akumulatorowe o d\u0142ugiej \u017cywotno\u015bci","description":"Ciesz si\u0119 nawet 60000 zaci\u0105gni\u0119ciami dzi\u0119ki temu jednorazowemu waporyzatorowi wielokrotnego \u0142adowania. 6 smak\u00f3w w 1 urz\u0105dzeniu, wy\u015bwietlacz LED i pot\u0119\u017cna bateria zapewniaj\u0105 najwy\u017csz\u0105 satysfakcj\u0119 z waporyzacji.","robots":{"index":"index","follow":"follow","max-snippet":"max-snippet:-1","max-image-preview":"max-image-preview:large","max-video-preview":"max-video-preview:-1"},"canonical":"https:\/\/fizzyvape.eu\/pl\/produkt\/fizzy-max-iii-6w1-60k-60000-puff-jednorazowy-akumulator-vape-30-sztuk\/","og_locale":"pl_PL","og_type":"article","og_title":"Fizzy Max III 6w1 60K 60000 Puff jednorazowy akumulator Vape - 30 sztuk","og_description":"Ciesz si\u0119 nawet 60000 zaci\u0105gni\u0119ciami dzi\u0119ki temu jednorazowemu waporyzatorowi wielokrotnego \u0142adowania. 6 smak\u00f3w w 1 urz\u0105dzeniu, wy\u015bwietlacz LED i pot\u0119\u017cna bateria zapewniaj\u0105 najwy\u017csz\u0105 satysfakcj\u0119 z waporyzacji.","og_url":"https:\/\/fizzyvape.eu\/pl\/produkt\/fizzy-max-iii-6w1-60k-60000-puff-jednorazowy-akumulator-vape-30-sztuk\/","og_site_name":"fizzyvape.eu","og_image":[{"width":800,"height":800,"url":"https:\/\/fizzyvape.eu\/wp-content\/uploads\/2025\/06\/Fizzy-Max-60000-Puffs-30pcs.webp","type":"image\/webp"}],"twitter_card":"summary_large_image","twitter_misc":{"Dost\u0119pno\u015b\u0107":"Brak w magazynie"},"schema":{"@context":"https:\/\/schema.org","@graph":[{"@type":"WebPage","@id":"https:\/\/fizzyvape.eu\/pl\/produkt\/fizzy-max-iii-6w1-60k-60000-puff-jednorazowy-akumulator-vape-30-sztuk\/","url":"https:\/\/fizzyvape.eu\/pl\/produkt\/fizzy-max-iii-6w1-60k-60000-puff-jednorazowy-akumulator-vape-30-sztuk\/","name":"Jednorazowe urz\u0105dzenie Vape 60000 Puffs - urz\u0105dzenie akumulatorowe o d\u0142ugiej \u017cywotno\u015bci","isPartOf":{"@id":"https:\/\/www.fizzyvape.eu\/pl\/#website"},"primaryImageOfPage":{"@id":"https:\/\/fizzyvape.eu\/pl\/produkt\/fizzy-max-iii-6w1-60k-60000-puff-jednorazowy-akumulator-vape-30-sztuk\/#primaryimage"},"image":{"@id":"https:\/\/fizzyvape.eu\/pl\/produkt\/fizzy-max-iii-6w1-60k-60000-puff-jednorazowy-akumulator-vape-30-sztuk\/#primaryimage"},"thumbnailUrl":"https:\/\/fizzyvape.eu\/wp-content\/uploads\/2025\/06\/Fizzy-Max-60000-Puffs-30pcs.webp","datePublished":"2025-06-11T06:06:36+00:00","description":"Ciesz si\u0119 nawet 60000 zaci\u0105gni\u0119ciami dzi\u0119ki temu jednorazowemu waporyzatorowi wielokrotnego \u0142adowania. 6 smak\u00f3w w 1 urz\u0105dzeniu, wy\u015bwietlacz LED i pot\u0119\u017cna bateria zapewniaj\u0105 najwy\u017csz\u0105 satysfakcj\u0119 z waporyzacji.","breadcrumb":{"@id":"https:\/\/fizzyvape.eu\/pl\/produkt\/fizzy-max-iii-6w1-60k-60000-puff-jednorazowy-akumulator-vape-30-sztuk\/#breadcrumb"},"inLanguage":"pl-PL","potentialAction":[{"@type":"ReadAction","target":["https:\/\/fizzyvape.eu\/pl\/produkt\/fizzy-max-iii-6w1-60k-60000-puff-jednorazowy-akumulator-vape-30-sztuk\/"]}]},{"@type":"ImageObject","inLanguage":"pl-PL","@id":"https:\/\/fizzyvape.eu\/pl\/produkt\/fizzy-max-iii-6w1-60k-60000-puff-jednorazowy-akumulator-vape-30-sztuk\/#primaryimage","url":"https:\/\/fizzyvape.eu\/wp-content\/uploads\/2025\/06\/Fizzy-Max-60000-Puffs-30pcs.webp","contentUrl":"https:\/\/fizzyvape.eu\/wp-content\/uploads\/2025\/06\/Fizzy-Max-60000-Puffs-30pcs.webp","width":800,"height":800},{"@type":"BreadcrumbList","@id":"https:\/\/fizzyvape.eu\/pl\/produkt\/fizzy-max-iii-6w1-60k-60000-puff-jednorazowy-akumulator-vape-30-sztuk\/#breadcrumb","itemListElement":[{"@type":"ListItem","position":1,"name":"Home","item":"https:\/\/fizzyvape.eu\/pl\/"},{"@type":"ListItem","position":2,"name":"Sklep","item":"https:\/\/fizzyvape.eu\/pl\/sklep\/"},{"@type":"ListItem","position":3,"name":"Fizzy Max III 6w1 60K 60000 Puff jednorazowy akumulator Vape &#8211; 30 sztuk"}]},{"@type":"WebSite","@id":"https:\/\/www.fizzyvape.eu\/pl\/#website","url":"https:\/\/www.fizzyvape.eu\/pl\/","name":"fizzyvape.eu","description":"Refreshing Vapes. Unforgettable Taste.","publisher":{"@id":"https:\/\/www.fizzyvape.eu\/pl\/#organization"},"potentialAction":[{"@type":"SearchAction","target":{"@type":"EntryPoint","urlTemplate":"https:\/\/www.fizzyvape.eu\/pl\/?s={search_term_string}"},"query-input":{"@type":"PropertyValueSpecification","valueRequired":true,"valueName":"search_term_string"}}],"inLanguage":"pl-PL"},{"@type":"Organization","@id":"https:\/\/www.fizzyvape.eu\/pl\/#organization","name":"fizzyvape.eu","url":"https:\/\/www.fizzyvape.eu\/pl\/","logo":{"@type":"ImageObject","inLanguage":"pl-PL","@id":"https:\/\/www.fizzyvape.eu\/pl\/#\/schema\/logo\/image\/","url":"https:\/\/fizzyvape.eu\/wp-content\/uploads\/2019\/06\/print-1.svg","contentUrl":"https:\/\/fizzyvape.eu\/wp-content\/uploads\/2019\/06\/print-1.svg","width":124,"height":37,"caption":"fizzyvape.eu"},"image":{"@id":"https:\/\/www.fizzyvape.eu\/pl\/#\/schema\/logo\/image\/"}}]},"og_availability":"out of stock","product_availability":"out of stock","product_condition":"new"},"tiered_pricing_type":"fixed","tiered_pricing_fixed_rules":[],"tiered_pricing_product_settings":{"layout":"default","base_unit_name":{"singular":null,"plural":null},"default_variation":null},"tiered_pricing_minimum_quantity":null,"tiered_pricing_roles_data":[],"tiered_pricing_percentage_rules":[],"tiered_pricing_maximum_quantity":null,"tiered_pricing_quantity_step":null,"_links":{"self":[{"href":"https:\/\/fizzyvape.eu\/pl\/wp-json\/wp\/v2\/product\/33143","targetHints":{"allow":["GET"]}}],"collection":[{"href":"https:\/\/fizzyvape.eu\/pl\/wp-json\/wp\/v2\/product"}],"about":[{"href":"https:\/\/fizzyvape.eu\/pl\/wp-json\/wp\/v2\/types\/product"}],"replies":[{"embeddable":true,"href":"https:\/\/fizzyvape.eu\/pl\/wp-json\/wp\/v2\/comments?post=33143"}],"version-history":[{"count":0,"href":"https:\/\/fizzyvape.eu\/pl\/wp-json\/wp\/v2\/product\/33143\/revisions"}],"wp:featuredmedia":[{"embeddable":true,"href":"https:\/\/fizzyvape.eu\/pl\/wp-json\/wp\/v2\/media\/32500"}],"wp:attachment":[{"href":"https:\/\/fizzyvape.eu\/pl\/wp-json\/wp\/v2\/media?parent=33143"}],"wp:term":[{"taxonomy":"product_brand","embeddable":true,"href":"https:\/\/fizzyvape.eu\/pl\/wp-json\/wp\/v2\/product_brand?post=33143"},{"taxonomy":"product_cat","embeddable":true,"href":"https:\/\/fizzyvape.eu\/pl\/wp-json\/wp\/v2\/product_cat?post=33143"},{"taxonomy":"product_tag","embeddable":true,"href":"https:\/\/fizzyvape.eu\/pl\/wp-json\/wp\/v2\/product_tag?post=33143"}],"curies":[{"name":"wp","href":"https:\/\/api.w.org\/{rel}","templated":true}]}}