{"id":33169,"date":"2025-06-11T10:34:16","date_gmt":"2025-06-11T02:34:16","guid":{"rendered":"https:\/\/fizzyvape.eu\/product\/fizzy-max-iii-6w1-60k-60000-puff-jednorazowy-akumulator-vape-truskawka-arbuz-cytryna-limonka-i-jagoda-kokos-10-szt\/"},"modified":"2025-06-11T10:34:16","modified_gmt":"2025-06-11T02:34:16","slug":"fizzy-max-iii-6w1-60k-60000-puff-jednorazowy-akumulator-vape-truskawka-arbuz-cytryna-limonka-i-jagoda-kokos-10-szt","status":"publish","type":"product","link":"https:\/\/fizzyvape.eu\/pl\/produkt\/fizzy-max-iii-6w1-60k-60000-puff-jednorazowy-akumulator-vape-truskawka-arbuz-cytryna-limonka-i-jagoda-kokos-10-szt\/","title":{"rendered":"Fizzy Max III 6w1 60K 60000 Puff jednorazowy akumulator Vape &#8211; truskawka, arbuz, cytryna, limonka i jagoda, kokos &#8211; 10 szt."},"content":{"rendered":"<h1><img decoding=\"async\" class=\"aligncenter\" src=\"https:\/\/fizzyvape.eu\/wp-content\/uploads\/2025\/06\/Fizzy-Max-III-6in1-60K-60000-Puffs-1-1.webp\" alt=\"Fizzy Max III 60000 Puffs 6in1 jednorazowy Vape (1 szt.)\"><\/h1>\n<h2>Fizzy Max III 6in1 60000 Puffs jednorazowy Vape na akumulator &#8211; truskawka, arbuz, cytryna, limonka i jagoda, kokos (10 szt.)<\/h2>\n<h3><strong>Do 60 000 zaci\u0105gni\u0119\u0107 &#8211; jednorazowy akumulator &#8211; 6 smak\u00f3w w 1<\/strong><\/h3>\n<p><strong>Fizzy Max III 6in1<\/strong> to rewolucyjny <strong>jednorazowy waporyzator z mo\u017cliwo\u015bci\u0105 \u0142adowania<\/strong>, kt\u00f3ry zapewnia <strong>do 60 000 zaci\u0105gni\u0119\u0107<\/strong> w jednym urz\u0105dzeniu. Dzi\u0119ki <strong>trzem wst\u0119pnie nape\u0142nionym kapsu\u0142kom o pojemno\u015bci 20 ml<\/strong> i <strong>sze\u015bciu r\u00f3\u017cnym trybom smakowym<\/strong>, \u0142\u0105czy w sobie najwy\u017csz\u0105 wygod\u0119 z niezr\u00f3wnan\u0105 wszechstronno\u015bci\u0105. <\/p>\n<h3><strong>Fizzy Max III<\/strong><strong> G\u0142\u00f3wne cechy<\/strong><\/h3>\n<ul>\n<li><strong>Liczba zaci\u0105gni\u0119\u0107<\/strong>: Do 60 000<\/li>\n<li><strong>Konstrukcja<\/strong>: Akumulator + Jednorazowy (nie wymaga uzupe\u0142niania)<\/li>\n<li><strong>Bateria<\/strong>: Wbudowana bateria 850 mAh (\u0142adowanie przez USB typu C)<\/li>\n<li><strong>Pojemno\u015b\u0107 e-liquidu<\/strong>: \u0142\u0105cznie 60 ml (3 \u00d7 20 ml w kapsu\u0142kach)<\/li>\n<li><strong>Moc nikotyny<\/strong>: Dost\u0119pne w wersjach 2% lub 5% nikotyny<\/li>\n<li><strong>Smaki<\/strong>: 6 tryb\u00f3w smakowych w 1 urz\u0105dzeniu (3 pojedyncze + 3 mieszane)<\/li>\n<li><strong>Wy\u015bwietlacz LED<\/strong>: Pokazuje stan baterii i tryb smaku<\/li>\n<li><strong>Ustnik<\/strong>: Obrotowa konstrukcja umo\u017cliwiaj\u0105ca \u0142atwe prze\u0142\u0105czanie smak\u00f3w<\/li>\n<li><strong>Typ cewki<\/strong>: Zaawansowana cewka siatkowa dla bogatej, g\u0142adkiej pary<\/li>\n<li><strong>Styl u\u017cytkowania<\/strong>: Obs\u0142uguje zar\u00f3wno waporyzacj\u0119 MTL, jak i DL<\/li>\n<\/ul>\n<h3><strong>6 smak\u00f3w w 1 urz\u0105dzeniu<\/strong><\/h3>\n<p>Wst\u0119pnie nape\u0142niony trzema kapsu\u0142kami o pojemno\u015bci 20 ml:<\/p>\n<ul>\n<li>Arbuz truskawkowy<\/li>\n<li>Lemon Lime<\/li>\n<li>Jagoda z kokosem<\/li>\n<\/ul>\n<p>Obr\u00f3\u0107 ustnik, aby prze\u0142\u0105cza\u0107 si\u0119 mi\u0119dzy nimi:<\/p>\n<ul>\n<li>Pojedyncze smaki: A, B, C<\/li>\n<li>Podw\u00f3jne mieszanki smakowe: AB, BC, CA<\/li>\n<\/ul>\n<p>Sekwencja smak\u00f3w:<br \/>\nA \u2192 Mix AB \u2192 B \u2192 Mix BC \u2192 C \u2192 Mix CA<\/p>\n<p>\u017badnych przycisk\u00f3w, \u017cadnych ustawie\u0144. Po prostu przekr\u0119\u0107 i ciesz si\u0119. Zobacz, jak to dzia\u0142a w naszym <a href=\"https:\/\/www.youtube.com\/watch?v=CoxB_HvaU3k\">filmie demonstracyjnym<\/a>.  <\/p>\n<h3><strong>Fizzy Max III 6in1 60000 Puffs Jednorazowy Vape Lista smak\u00f3w:<\/strong><\/h3>\n<ol>\n<li><a href=\"https:\/\/fizzyvape.eu\/pl\/produkt\/fizzy-max-iii-6w1-60k-60000-puff-jednorazowy-akumulator-vape-truskawka-malina-mango-brzoskwinia-jagoda-arbuz-10-szt\/\">Truskawka Malina &amp; Mango Brzoskwinia &amp; Jagoda Arbuz<\/a><\/li>\n<li><a href=\"https:\/\/fizzyvape.eu\/pl\/produkt\/fizzy-max-iii-6w1-60k-60000-puff-jednorazowy-akumulator-vape-mixed-berry-kiwi-passion-fruit-guava-strawberry-watermelon-10szt\/\">Mixed Berry &amp; Kiwi Passion Fruit Guava &amp; Strawberry Watermelon<\/a><\/li>\n<li><a href=\"https:\/\/fizzyvape.eu\/pl\/produkt\/fizzy-max-iii-6w1-60k-60000-puffs-jednorazowy-akumulator-vape-blueberry-raspberry-triple-melon-strawberry-ice-10szt\/\">Blueberry Raspberry &amp; Triple Melon &amp; Strawberry Ice<\/a><\/li>\n<li><a href=\"https:\/\/fizzyvape.eu\/pl\/produkt\/fizzy-max-iii-6w1-60k-60000-puff-jednorazowy-akumulator-vape-truskawkowy-smoczy-owoc-red-bull-malinowy-arbuz-10szt\/\">Smoczy owoc truskawkowy &amp; Red Bull &amp; arbuz malinowy<\/a><\/li>\n<li><a href=\"https:\/\/fizzyvape.eu\/pl\/produkt\/fizzy-max-iii-6w1-60k-60000-puff-jednorazowy-akumulator-vape-truskawka-kiwi-jagoda-i-arbuz-10-sztuk\/\">L\u00f3d truskawkowy, kiwi i jagodowy oraz l\u00f3d arbuzowy<\/a><\/li>\n<li><a href=\"https:\/\/fizzyvape.eu\/pl\/produkt\/fizzy-max-iii-6w1-60k-60000-puff-jednorazowy-akumulator-vape-blueberry-ice-fizzy-cherry-raspberry-lemon-10szt\/\">Blueberry Ice &amp; Fizzy Cherry &amp; Raspberry Lemon<\/a><\/li>\n<li><a href=\"https:\/\/fizzyvape.eu\/pl\/produkt\/fizzy-max-iii-6in1-60k-60000-puffs-jednorazowy-akumulator-vape-watermelon-ice-strawberry-vanilla-coke-mixed-berry-10szt\/\">Watermelon Ice &amp; Strawberry Vanilla Coke &amp; Mixed<\/a><\/li>\n<li><a href=\"https:\/\/fizzyvape.eu\/pl\/produkt\/fizzy-max-iii-6w1-60k-60000-puff-jednorazowy-akumulator-vape-truskawka-winogrono-jagoda-kokos-i-brzoskwinia-cytryna-10-szt\/\">Truskawka Winogrono &amp; Jagoda Kokos &amp; Brzoskwinia Cytryna<\/a><\/li>\n<li><a href=\"https:\/\/fizzyvape.eu\/pl\/produkt\/fizzy-max-iii-6w1-60k-60000-puff-jednorazowy-akumulator-vape-blue-razz-ice-strawberry-kiwi-sour-pineapple-orange-10szt\/\">Blue Razz Ice &amp; Strawberry Kiwi &amp; Sour Pineapple Orange<\/a><\/li>\n<li><a href=\"https:\/\/fizzyvape.eu\/pl\/produkt\/fizzy-max-iii-6w1-60k-60000-puff-jednorazowy-akumulator-vape-truskawka-arbuz-cytryna-limonka-i-jagoda-kokos-10-szt\/\">Arbuz truskawkowy &amp; Limonka cytrynowa &amp; Kokos jagodowy<\/a><\/li>\n<\/ol>\n<h2>Tryby waporyzacji dla ka\u017cdego stylu<\/h2>\n<ul>\n<li><strong>Tryb MTL (Single Flavor)<\/strong> &#8211; ciasny, g\u0142adki rysunek zapewniaj\u0105cy doznania w stylu papierosa<\/li>\n<li><strong>Tryb DL (Mix Flavor)<\/strong> &#8211; przewiewny ci\u0105g, pe\u0142niejsza para, bardziej intensywny smak<\/li>\n<\/ul>\n<h2>Dlaczego warto wybra\u0107 Fizzy Max III 6w1?<\/h2>\n<ul>\n<li><strong>Bardzo wysoka liczba zaci\u0105gni\u0119\u0107<\/strong>: Jeden z najd\u0142u\u017cej dzia\u0142aj\u0105cych waporyzator\u00f3w na rynku.<\/li>\n<li><strong>Prawdziwy jednorazowy akumulator<\/strong>: U\u017cywaj do opr\u00f3\u017cnienia, \u0142aduj w razie potrzeby<\/li>\n<li><strong>Wiele smak\u00f3w w jednym urz\u0105dzeniu<\/strong>: Prze\u0142\u0105czanie mi\u0119dzy sze\u015bcioma trybami w dowolnym momencie<\/li>\n<li><strong>Inteligentny wy\u015bwietlacz LED<\/strong>: Jeden rzut oka na poziom na\u0142adowania baterii i aktualny tryb pracy<\/li>\n<li><strong>Opcje nikotyny premium<\/strong>: Wybierz pomi\u0119dzy 2% a 5%, aby dopasowa\u0107 do swoich preferencji<\/li>\n<li><strong>60 ml e-liquidu<\/strong>: Ogromna pojemno\u015b\u0107 dla d\u0142ugotrwa\u0142ej przyjemno\u015bci<\/li>\n<li><strong>Szybka wysy\u0142ka na terenie UE<\/strong>: Brak op\u00f3\u017anie\u0144 celnych, szybkie przetwarzanie z naszego magazynu w Europie<\/li>\n<\/ul>\n<h3><strong>FAQ &#8211; Fizzy Max III 6in1 60K jednorazowy Vape<\/strong><\/h3>\n<p><strong>1. Czy naprawd\u0119 jest jednorazowy, mimo \u017ce mo\u017cna go \u0142adowa\u0107?<\/strong><br \/>\nTak. Urz\u0105dzenie mo\u017cna \u0142adowa\u0107, aby maksymalnie wykorzysta\u0107 ca\u0142y wst\u0119pnie nape\u0142niony p\u0142yn, ale jest ono jednorazowe i nale\u017cy je wyrzuci\u0107 po opr\u00f3\u017cnieniu. <\/p>\n<p><strong>2. Jak zmieni\u0107 smak?<\/strong><br \/>\nWystarczy obr\u00f3ci\u0107 ustnik. Ekran LED poka\u017ce aktualny tryb podczas przechodzenia przez wszystkie sze\u015b\u0107 smak\u00f3w. <\/p>\n<p><strong>3. Czy nadaje si\u0119 do waporyzacji MTL lub DL?<\/strong><br \/>\nOba. U\u017cywaj tryb\u00f3w pojedynczego smaku dla MTL i tryb\u00f3w mieszania smak\u00f3w dla DL. Przep\u0142yw powietrza i op\u00f3r zaci\u0105gania odpowiednio si\u0119 dostosowuj\u0105.  <\/p>\n<p>&nbsp;<\/p>\n","protected":false},"excerpt":{"rendered":"<p>Do\u015bwiadcz do 60 000 zaci\u0105gni\u0119\u0107 dzi\u0119ki temu jednorazowemu waporyzatorowi wielokrotnego \u0142adowania z 60 ml e-liquidu, bateri\u0105 850 mAh, wy\u015bwietlaczem LED i sze\u015bcioma trybami smaku w jednym urz\u0105dzeniu. Wst\u0119pnie nape\u0142niony trzema kapsu\u0142kami i dost\u0119pny w wersji z 2% lub 5% nikotyny. Konstrukcja typu twist-to-switch umo\u017cliwia \u0142atw\u0105 zmian\u0119 smaku.  <\/p>\n","protected":false},"featured_media":32482,"comment_status":"open","ping_status":"closed","template":"","meta":{"iawp_total_views":4},"product_brand":[],"product_cat":[589],"product_tag":[613,610,612,611],"class_list":{"0":"post-33169","1":"product","2":"type-product","3":"status-publish","4":"has-post-thumbnail","6":"product_cat-max-iii-6in1-60k-60000-puffs-rechargeable-disposable-vape-pl","7":"product_tag-6-smakow-w-1-urzadzeniu","8":"product_tag-60000-puffow","9":"product_tag-akumulator","10":"product_tag-vape-jednorazowego-uzytku","12":"first","13":"outofstock","14":"sale","15":"shipping-taxable","16":"purchasable","17":"product-type-variable"},"yoast_head":"<!-- This site is optimized with the Yoast SEO Premium plugin v24.8 (Yoast SEO v24.8) - https:\/\/yoast.com\/wordpress\/plugins\/seo\/ -->\n<title>Fizzy Max 60000 Puffs jednorazowy akumulator Vape - 6 smak\u00f3w<\/title>\n<meta name=\"description\" content=\"Fizzy Max III 6w1: 60 000 zaci\u0105gni\u0119\u0107, akumulator, 60 ml e-liquidu, wy\u015bwietlacz LED, 6 smak\u00f3w, 2% lub 5% nikotyny. Najlepszy jednorazowy vape.\" \/>\n<meta name=\"robots\" content=\"index, follow, max-snippet:-1, max-image-preview:large, max-video-preview:-1\" \/>\n<link rel=\"canonical\" href=\"https:\/\/fizzyvape.eu\/pl\/produkt\/fizzy-max-iii-6w1-60k-60000-puff-jednorazowy-akumulator-vape-truskawka-arbuz-cytryna-limonka-i-jagoda-kokos-10-szt\/\" \/>\n<meta property=\"og:locale\" content=\"pl_PL\" \/>\n<meta property=\"og:type\" content=\"article\" \/>\n<meta property=\"og:title\" content=\"Fizzy Max III 6w1 60K 60000 Puff jednorazowy akumulator Vape - truskawka, arbuz, cytryna, limonka i jagoda, kokos - 10 szt.\" \/>\n<meta property=\"og:description\" content=\"Fizzy Max III 6w1: 60 000 zaci\u0105gni\u0119\u0107, akumulator, 60 ml e-liquidu, wy\u015bwietlacz LED, 6 smak\u00f3w, 2% lub 5% nikotyny. Najlepszy jednorazowy vape.\" \/>\n<meta property=\"og:url\" content=\"https:\/\/fizzyvape.eu\/pl\/produkt\/fizzy-max-iii-6w1-60k-60000-puff-jednorazowy-akumulator-vape-truskawka-arbuz-cytryna-limonka-i-jagoda-kokos-10-szt\/\" \/>\n<meta property=\"og:site_name\" content=\"fizzyvape.eu\" \/>\n<meta property=\"og:image\" content=\"https:\/\/fizzyvape.eu\/wp-content\/uploads\/2025\/06\/Fizzy-Max-60000-Puffs-09.webp\" \/>\n\t<meta property=\"og:image:width\" content=\"800\" \/>\n\t<meta property=\"og:image:height\" content=\"800\" \/>\n\t<meta property=\"og:image:type\" content=\"image\/webp\" \/>\n<meta name=\"twitter:card\" content=\"summary_large_image\" \/>\n<meta name=\"twitter:label1\" content=\"Dost\u0119pno\u015b\u0107\" \/>\n\t<meta name=\"twitter:data1\" content=\"Brak w magazynie\" \/>\n<script type=\"application\/ld+json\" class=\"yoast-schema-graph\">{\"@context\":\"https:\/\/schema.org\",\"@graph\":[{\"@type\":\"WebPage\",\"@id\":\"https:\/\/fizzyvape.eu\/pl\/produkt\/fizzy-max-iii-6w1-60k-60000-puff-jednorazowy-akumulator-vape-truskawka-arbuz-cytryna-limonka-i-jagoda-kokos-10-szt\/\",\"url\":\"https:\/\/fizzyvape.eu\/pl\/produkt\/fizzy-max-iii-6w1-60k-60000-puff-jednorazowy-akumulator-vape-truskawka-arbuz-cytryna-limonka-i-jagoda-kokos-10-szt\/\",\"name\":\"Fizzy Max 60000 Puffs jednorazowy akumulator Vape - 6 smak\u00f3w\",\"isPartOf\":{\"@id\":\"https:\/\/www.fizzyvape.eu\/pl\/#website\"},\"primaryImageOfPage\":{\"@id\":\"https:\/\/fizzyvape.eu\/pl\/produkt\/fizzy-max-iii-6w1-60k-60000-puff-jednorazowy-akumulator-vape-truskawka-arbuz-cytryna-limonka-i-jagoda-kokos-10-szt\/#primaryimage\"},\"image\":{\"@id\":\"https:\/\/fizzyvape.eu\/pl\/produkt\/fizzy-max-iii-6w1-60k-60000-puff-jednorazowy-akumulator-vape-truskawka-arbuz-cytryna-limonka-i-jagoda-kokos-10-szt\/#primaryimage\"},\"thumbnailUrl\":\"https:\/\/fizzyvape.eu\/wp-content\/uploads\/2025\/06\/Fizzy-Max-60000-Puffs-09.webp\",\"datePublished\":\"2025-06-11T02:34:16+00:00\",\"description\":\"Fizzy Max III 6w1: 60 000 zaci\u0105gni\u0119\u0107, akumulator, 60 ml e-liquidu, wy\u015bwietlacz LED, 6 smak\u00f3w, 2% lub 5% nikotyny. Najlepszy jednorazowy vape.\",\"breadcrumb\":{\"@id\":\"https:\/\/fizzyvape.eu\/pl\/produkt\/fizzy-max-iii-6w1-60k-60000-puff-jednorazowy-akumulator-vape-truskawka-arbuz-cytryna-limonka-i-jagoda-kokos-10-szt\/#breadcrumb\"},\"inLanguage\":\"pl-PL\",\"potentialAction\":[{\"@type\":\"ReadAction\",\"target\":[\"https:\/\/fizzyvape.eu\/pl\/produkt\/fizzy-max-iii-6w1-60k-60000-puff-jednorazowy-akumulator-vape-truskawka-arbuz-cytryna-limonka-i-jagoda-kokos-10-szt\/\"]}]},{\"@type\":\"ImageObject\",\"inLanguage\":\"pl-PL\",\"@id\":\"https:\/\/fizzyvape.eu\/pl\/produkt\/fizzy-max-iii-6w1-60k-60000-puff-jednorazowy-akumulator-vape-truskawka-arbuz-cytryna-limonka-i-jagoda-kokos-10-szt\/#primaryimage\",\"url\":\"https:\/\/fizzyvape.eu\/wp-content\/uploads\/2025\/06\/Fizzy-Max-60000-Puffs-09.webp\",\"contentUrl\":\"https:\/\/fizzyvape.eu\/wp-content\/uploads\/2025\/06\/Fizzy-Max-60000-Puffs-09.webp\",\"width\":800,\"height\":800},{\"@type\":\"BreadcrumbList\",\"@id\":\"https:\/\/fizzyvape.eu\/pl\/produkt\/fizzy-max-iii-6w1-60k-60000-puff-jednorazowy-akumulator-vape-truskawka-arbuz-cytryna-limonka-i-jagoda-kokos-10-szt\/#breadcrumb\",\"itemListElement\":[{\"@type\":\"ListItem\",\"position\":1,\"name\":\"Home\",\"item\":\"https:\/\/fizzyvape.eu\/pl\/\"},{\"@type\":\"ListItem\",\"position\":2,\"name\":\"Sklep\",\"item\":\"https:\/\/fizzyvape.eu\/pl\/sklep\/\"},{\"@type\":\"ListItem\",\"position\":3,\"name\":\"Fizzy Max III 6w1 60K 60000 Puff jednorazowy akumulator Vape &#8211; truskawka, arbuz, cytryna, limonka i jagoda, kokos &#8211; 10 szt.\"}]},{\"@type\":\"WebSite\",\"@id\":\"https:\/\/www.fizzyvape.eu\/pl\/#website\",\"url\":\"https:\/\/www.fizzyvape.eu\/pl\/\",\"name\":\"fizzyvape.eu\",\"description\":\"Refreshing Vapes. Unforgettable Taste.\",\"publisher\":{\"@id\":\"https:\/\/www.fizzyvape.eu\/pl\/#organization\"},\"potentialAction\":[{\"@type\":\"SearchAction\",\"target\":{\"@type\":\"EntryPoint\",\"urlTemplate\":\"https:\/\/www.fizzyvape.eu\/pl\/?s={search_term_string}\"},\"query-input\":{\"@type\":\"PropertyValueSpecification\",\"valueRequired\":true,\"valueName\":\"search_term_string\"}}],\"inLanguage\":\"pl-PL\"},{\"@type\":\"Organization\",\"@id\":\"https:\/\/www.fizzyvape.eu\/pl\/#organization\",\"name\":\"fizzyvape.eu\",\"url\":\"https:\/\/www.fizzyvape.eu\/pl\/\",\"logo\":{\"@type\":\"ImageObject\",\"inLanguage\":\"pl-PL\",\"@id\":\"https:\/\/www.fizzyvape.eu\/pl\/#\/schema\/logo\/image\/\",\"url\":\"https:\/\/fizzyvape.eu\/wp-content\/uploads\/2019\/06\/print-1.svg\",\"contentUrl\":\"https:\/\/fizzyvape.eu\/wp-content\/uploads\/2019\/06\/print-1.svg\",\"width\":124,\"height\":37,\"caption\":\"fizzyvape.eu\"},\"image\":{\"@id\":\"https:\/\/www.fizzyvape.eu\/pl\/#\/schema\/logo\/image\/\"}}]}<\/script>\n<meta property=\"og:availability\" content=\"out of stock\" \/>\n<meta property=\"product:availability\" content=\"out of stock\" \/>\n<meta property=\"product:condition\" content=\"new\" \/>\n<!-- \/ Yoast SEO Premium plugin. -->","yoast_head_json":{"title":"Fizzy Max 60000 Puffs jednorazowy akumulator Vape - 6 smak\u00f3w","description":"Fizzy Max III 6w1: 60 000 zaci\u0105gni\u0119\u0107, akumulator, 60 ml e-liquidu, wy\u015bwietlacz LED, 6 smak\u00f3w, 2% lub 5% nikotyny. Najlepszy jednorazowy vape.","robots":{"index":"index","follow":"follow","max-snippet":"max-snippet:-1","max-image-preview":"max-image-preview:large","max-video-preview":"max-video-preview:-1"},"canonical":"https:\/\/fizzyvape.eu\/pl\/produkt\/fizzy-max-iii-6w1-60k-60000-puff-jednorazowy-akumulator-vape-truskawka-arbuz-cytryna-limonka-i-jagoda-kokos-10-szt\/","og_locale":"pl_PL","og_type":"article","og_title":"Fizzy Max III 6w1 60K 60000 Puff jednorazowy akumulator Vape - truskawka, arbuz, cytryna, limonka i jagoda, kokos - 10 szt.","og_description":"Fizzy Max III 6w1: 60 000 zaci\u0105gni\u0119\u0107, akumulator, 60 ml e-liquidu, wy\u015bwietlacz LED, 6 smak\u00f3w, 2% lub 5% nikotyny. Najlepszy jednorazowy vape.","og_url":"https:\/\/fizzyvape.eu\/pl\/produkt\/fizzy-max-iii-6w1-60k-60000-puff-jednorazowy-akumulator-vape-truskawka-arbuz-cytryna-limonka-i-jagoda-kokos-10-szt\/","og_site_name":"fizzyvape.eu","og_image":[{"width":800,"height":800,"url":"https:\/\/fizzyvape.eu\/wp-content\/uploads\/2025\/06\/Fizzy-Max-60000-Puffs-09.webp","type":"image\/webp"}],"twitter_card":"summary_large_image","twitter_misc":{"Dost\u0119pno\u015b\u0107":"Brak w magazynie"},"schema":{"@context":"https:\/\/schema.org","@graph":[{"@type":"WebPage","@id":"https:\/\/fizzyvape.eu\/pl\/produkt\/fizzy-max-iii-6w1-60k-60000-puff-jednorazowy-akumulator-vape-truskawka-arbuz-cytryna-limonka-i-jagoda-kokos-10-szt\/","url":"https:\/\/fizzyvape.eu\/pl\/produkt\/fizzy-max-iii-6w1-60k-60000-puff-jednorazowy-akumulator-vape-truskawka-arbuz-cytryna-limonka-i-jagoda-kokos-10-szt\/","name":"Fizzy Max 60000 Puffs jednorazowy akumulator Vape - 6 smak\u00f3w","isPartOf":{"@id":"https:\/\/www.fizzyvape.eu\/pl\/#website"},"primaryImageOfPage":{"@id":"https:\/\/fizzyvape.eu\/pl\/produkt\/fizzy-max-iii-6w1-60k-60000-puff-jednorazowy-akumulator-vape-truskawka-arbuz-cytryna-limonka-i-jagoda-kokos-10-szt\/#primaryimage"},"image":{"@id":"https:\/\/fizzyvape.eu\/pl\/produkt\/fizzy-max-iii-6w1-60k-60000-puff-jednorazowy-akumulator-vape-truskawka-arbuz-cytryna-limonka-i-jagoda-kokos-10-szt\/#primaryimage"},"thumbnailUrl":"https:\/\/fizzyvape.eu\/wp-content\/uploads\/2025\/06\/Fizzy-Max-60000-Puffs-09.webp","datePublished":"2025-06-11T02:34:16+00:00","description":"Fizzy Max III 6w1: 60 000 zaci\u0105gni\u0119\u0107, akumulator, 60 ml e-liquidu, wy\u015bwietlacz LED, 6 smak\u00f3w, 2% lub 5% nikotyny. Najlepszy jednorazowy vape.","breadcrumb":{"@id":"https:\/\/fizzyvape.eu\/pl\/produkt\/fizzy-max-iii-6w1-60k-60000-puff-jednorazowy-akumulator-vape-truskawka-arbuz-cytryna-limonka-i-jagoda-kokos-10-szt\/#breadcrumb"},"inLanguage":"pl-PL","potentialAction":[{"@type":"ReadAction","target":["https:\/\/fizzyvape.eu\/pl\/produkt\/fizzy-max-iii-6w1-60k-60000-puff-jednorazowy-akumulator-vape-truskawka-arbuz-cytryna-limonka-i-jagoda-kokos-10-szt\/"]}]},{"@type":"ImageObject","inLanguage":"pl-PL","@id":"https:\/\/fizzyvape.eu\/pl\/produkt\/fizzy-max-iii-6w1-60k-60000-puff-jednorazowy-akumulator-vape-truskawka-arbuz-cytryna-limonka-i-jagoda-kokos-10-szt\/#primaryimage","url":"https:\/\/fizzyvape.eu\/wp-content\/uploads\/2025\/06\/Fizzy-Max-60000-Puffs-09.webp","contentUrl":"https:\/\/fizzyvape.eu\/wp-content\/uploads\/2025\/06\/Fizzy-Max-60000-Puffs-09.webp","width":800,"height":800},{"@type":"BreadcrumbList","@id":"https:\/\/fizzyvape.eu\/pl\/produkt\/fizzy-max-iii-6w1-60k-60000-puff-jednorazowy-akumulator-vape-truskawka-arbuz-cytryna-limonka-i-jagoda-kokos-10-szt\/#breadcrumb","itemListElement":[{"@type":"ListItem","position":1,"name":"Home","item":"https:\/\/fizzyvape.eu\/pl\/"},{"@type":"ListItem","position":2,"name":"Sklep","item":"https:\/\/fizzyvape.eu\/pl\/sklep\/"},{"@type":"ListItem","position":3,"name":"Fizzy Max III 6w1 60K 60000 Puff jednorazowy akumulator Vape &#8211; truskawka, arbuz, cytryna, limonka i jagoda, kokos &#8211; 10 szt."}]},{"@type":"WebSite","@id":"https:\/\/www.fizzyvape.eu\/pl\/#website","url":"https:\/\/www.fizzyvape.eu\/pl\/","name":"fizzyvape.eu","description":"Refreshing Vapes. Unforgettable Taste.","publisher":{"@id":"https:\/\/www.fizzyvape.eu\/pl\/#organization"},"potentialAction":[{"@type":"SearchAction","target":{"@type":"EntryPoint","urlTemplate":"https:\/\/www.fizzyvape.eu\/pl\/?s={search_term_string}"},"query-input":{"@type":"PropertyValueSpecification","valueRequired":true,"valueName":"search_term_string"}}],"inLanguage":"pl-PL"},{"@type":"Organization","@id":"https:\/\/www.fizzyvape.eu\/pl\/#organization","name":"fizzyvape.eu","url":"https:\/\/www.fizzyvape.eu\/pl\/","logo":{"@type":"ImageObject","inLanguage":"pl-PL","@id":"https:\/\/www.fizzyvape.eu\/pl\/#\/schema\/logo\/image\/","url":"https:\/\/fizzyvape.eu\/wp-content\/uploads\/2019\/06\/print-1.svg","contentUrl":"https:\/\/fizzyvape.eu\/wp-content\/uploads\/2019\/06\/print-1.svg","width":124,"height":37,"caption":"fizzyvape.eu"},"image":{"@id":"https:\/\/www.fizzyvape.eu\/pl\/#\/schema\/logo\/image\/"}}]},"og_availability":"out of stock","product_availability":"out of stock","product_condition":"new"},"tiered_pricing_type":"fixed","tiered_pricing_fixed_rules":[],"tiered_pricing_product_settings":{"layout":"default","base_unit_name":{"singular":null,"plural":null},"default_variation":null},"tiered_pricing_minimum_quantity":null,"tiered_pricing_roles_data":[],"tiered_pricing_percentage_rules":[],"tiered_pricing_maximum_quantity":null,"tiered_pricing_quantity_step":null,"_links":{"self":[{"href":"https:\/\/fizzyvape.eu\/pl\/wp-json\/wp\/v2\/product\/33169","targetHints":{"allow":["GET"]}}],"collection":[{"href":"https:\/\/fizzyvape.eu\/pl\/wp-json\/wp\/v2\/product"}],"about":[{"href":"https:\/\/fizzyvape.eu\/pl\/wp-json\/wp\/v2\/types\/product"}],"replies":[{"embeddable":true,"href":"https:\/\/fizzyvape.eu\/pl\/wp-json\/wp\/v2\/comments?post=33169"}],"version-history":[{"count":0,"href":"https:\/\/fizzyvape.eu\/pl\/wp-json\/wp\/v2\/product\/33169\/revisions"}],"wp:featuredmedia":[{"embeddable":true,"href":"https:\/\/fizzyvape.eu\/pl\/wp-json\/wp\/v2\/media\/32482"}],"wp:attachment":[{"href":"https:\/\/fizzyvape.eu\/pl\/wp-json\/wp\/v2\/media?parent=33169"}],"wp:term":[{"taxonomy":"product_brand","embeddable":true,"href":"https:\/\/fizzyvape.eu\/pl\/wp-json\/wp\/v2\/product_brand?post=33169"},{"taxonomy":"product_cat","embeddable":true,"href":"https:\/\/fizzyvape.eu\/pl\/wp-json\/wp\/v2\/product_cat?post=33169"},{"taxonomy":"product_tag","embeddable":true,"href":"https:\/\/fizzyvape.eu\/pl\/wp-json\/wp\/v2\/product_tag?post=33169"}],"curies":[{"name":"wp","href":"https:\/\/api.w.org\/{rel}","templated":true}]}}