{"id":33176,"date":"2025-06-11T10:33:56","date_gmt":"2025-06-11T02:33:56","guid":{"rendered":"https:\/\/fizzyvape.eu\/product\/fizzy-max-iii-6w1-60k-60000-puff-jednorazowy-akumulator-vape-blueberry-ice-fizzy-cherry-raspberry-lemon-10szt\/"},"modified":"2025-06-11T10:33:56","modified_gmt":"2025-06-11T02:33:56","slug":"fizzy-max-iii-6w1-60k-60000-puff-jednorazowy-akumulator-vape-blueberry-ice-fizzy-cherry-raspberry-lemon-10szt","status":"publish","type":"product","link":"https:\/\/fizzyvape.eu\/pl\/produkt\/fizzy-max-iii-6w1-60k-60000-puff-jednorazowy-akumulator-vape-blueberry-ice-fizzy-cherry-raspberry-lemon-10szt\/","title":{"rendered":"Fizzy Max III 6w1 60K 60000 Puff jednorazowy akumulator Vape &#8211; Blueberry Ice &amp; Fizzy Cherry &amp; Raspberry Lemon &#8211; 10szt."},"content":{"rendered":"<h1><img decoding=\"async\" class=\"aligncenter\" src=\"https:\/\/fizzyvape.eu\/wp-content\/uploads\/2025\/06\/Fizzy-Max-III-6in1-60K-60000-Puffs-5-1.webp\" alt=\"Fizzy Max III 60000 Puffs 6w1 Akumulator jednorazowy Vape Hurtownia (5)\"><\/h1>\n<h1>Fizzy Max III 6w1 60K 60000 Puff jednorazowy akumulator Vape &#8211; Blueberry Ice &amp; Fizzy Cherry &amp; Raspberry Lemon &#8211; 10szt.<\/h1>\n<h3><strong>60 000 zaci\u0105gni\u0119\u0107 &#8211; 6 smak\u00f3w &#8211; \u0142adowalny &#8211; jednorazowy<\/strong><\/h3>\n<p><strong>Odkryj now\u0105 generacj\u0119 jednorazowych waporyzator\u00f3w o ogromnej pojemno\u015bci, rotacji wielu smak\u00f3w i zaawansowanej technologii w jednym eleganckim urz\u0105dzeniu.<\/strong><br \/>\nFizzy Max III 6in1 \u0142\u0105czy w sobie trzy wysokiej jako\u015bci kapsu\u0142ki e-liquidu o pojemno\u015bci 20 ml &#8211; Blueberry Ice, Fizzy Cherry i Raspberry Lemon &#8211; w jednym urz\u0105dzeniu. Dzi\u0119ki inteligentnemu obrotowemu ustnikowi mo\u017cna uzyska\u0107 natychmiastowy dost\u0119p do sze\u015bciu profili smakowych bez konieczno\u015bci wymiany kapsu\u0142ek lub ponownego nape\u0142niania. <\/p>\n<h2>Tryby smaku:<\/h2>\n<ul>\n<li><strong>A: Blueberry Ice<\/strong> &#8211; lodowata, s\u0142odka jagoda z chrupi\u0105cym finiszem<\/li>\n<li><strong>B: Fizzy Cherry<\/strong> &#8211; gazowany nap\u00f3j wi\u015bniowy z nut\u0105 musuj\u0105c\u0105.<\/li>\n<li><strong>C: Raspberry Lemon<\/strong> &#8211; jasne i pikantne po\u0142\u0105czenie malin z cytryn\u0105<\/li>\n<li><strong>Mix AB<\/strong> &#8211; Jagodowo-wi\u015bniowy nap\u00f3j gazowany z ch\u0142odnym ponczem<\/li>\n<li><strong>Mix BC<\/strong> &#8211; Musuj\u0105cy cytrusowy podmuch wi\u015bniowy<\/li>\n<li><strong>Mix CA<\/strong> &#8211; Pikantna jagodowa lemoniada ch\u0142odz\u0105ca<\/li>\n<\/ul>\n<p>Kolejno\u015b\u0107 prze\u0142\u0105czania smak\u00f3w:<\/p>\n<p><strong>A \u2192 Mix AB \u2192 B \u2192 Mix BC \u2192 C \u2192 Mix CA<\/strong><\/p>\n<p>Wystarczy podnie\u015b\u0107 i obr\u00f3ci\u0107 ustnik, aby p\u0142ynnie prze\u0142\u0105cza\u0107 si\u0119 mi\u0119dzy trybami. Zobacz, jak to dzia\u0142a w naszym <a href=\"https:\/\/www.youtube.com\/watch?v=CoxB_HvaU3k\">filmie demonstracyjnym<\/a>. <\/p>\n<h2>Najwa\u017cniejsze cechy produktu<\/h2>\n<ul>\n<li><strong>Do 60 000 zaci\u0105gni\u0119\u0107 na urz\u0105dzenie<\/strong><\/li>\n<li><strong>6 dozna\u0144 smakowych (3 tryby pojedyncze + 3 tryby mieszane)<\/strong><\/li>\n<li><strong>Ca\u0142kowita ilo\u015b\u0107 e-cieczy: 60 ml (3 \u00d7 20 ml w kapsu\u0142kach)<\/strong><\/li>\n<li><strong>Moc nikotyny: 2% \/ 5%<\/strong><\/li>\n<li><strong>Bateria: 850 mAh z mo\u017cliwo\u015bci\u0105 \u0142adowania przez USB typu C<\/strong><\/li>\n<li><strong>Siatkowa cewka: Bogaty smak, g\u0142adsza para<\/strong><\/li>\n<li><strong>Wy\u015bwietlacz LED: Pokazuje stan baterii i tryb<\/strong><\/li>\n<li><strong>Okres trwa\u0142o\u015bci: Do 2 lat<\/strong><\/li>\n<\/ul>\n<h3><strong>Fizzy Max III 6in1 60000 Puffs Jednorazowy Vape Lista smak\u00f3w:<\/strong><\/h3>\n<ol>\n<li><a href=\"https:\/\/fizzyvape.eu\/pl\/produkt\/fizzy-max-iii-6w1-60k-60000-puff-jednorazowy-akumulator-vape-truskawka-malina-mango-brzoskwinia-jagoda-arbuz-10-szt\/\">Truskawka Malina &amp; Mango Brzoskwinia &amp; Jagoda Arbuz<\/a><\/li>\n<li><a href=\"https:\/\/fizzyvape.eu\/pl\/produkt\/fizzy-max-iii-6w1-60k-60000-puff-jednorazowy-akumulator-vape-mixed-berry-kiwi-passion-fruit-guava-strawberry-watermelon-10szt\/\">Mixed Berry &amp; Kiwi Passion Fruit Guava &amp; Strawberry Watermelon<\/a><\/li>\n<li><a href=\"https:\/\/fizzyvape.eu\/pl\/produkt\/fizzy-max-iii-6w1-60k-60000-puffs-jednorazowy-akumulator-vape-blueberry-raspberry-triple-melon-strawberry-ice-10szt\/\">Blueberry Raspberry &amp; Triple Melon &amp; Strawberry Ice<\/a><\/li>\n<li><a href=\"https:\/\/fizzyvape.eu\/pl\/produkt\/fizzy-max-iii-6w1-60k-60000-puff-jednorazowy-akumulator-vape-truskawkowy-smoczy-owoc-red-bull-malinowy-arbuz-10szt\/\">Smoczy owoc truskawkowy &amp; Red Bull &amp; arbuz malinowy<\/a><\/li>\n<li><a href=\"https:\/\/fizzyvape.eu\/pl\/produkt\/fizzy-max-iii-6w1-60k-60000-puff-jednorazowy-akumulator-vape-truskawka-kiwi-jagoda-i-arbuz-10-sztuk\/\">L\u00f3d truskawkowy, kiwi i jagodowy oraz l\u00f3d arbuzowy<\/a><\/li>\n<li><a href=\"https:\/\/fizzyvape.eu\/pl\/produkt\/fizzy-max-iii-6w1-60k-60000-puff-jednorazowy-akumulator-vape-blueberry-ice-fizzy-cherry-raspberry-lemon-10szt\/\">Blueberry Ice &amp; Fizzy Cherry &amp; Raspberry Lemon<\/a><\/li>\n<li><a href=\"https:\/\/fizzyvape.eu\/pl\/produkt\/fizzy-max-iii-6in1-60k-60000-puffs-jednorazowy-akumulator-vape-watermelon-ice-strawberry-vanilla-coke-mixed-berry-10szt\/\">Watermelon Ice &amp; Strawberry Vanilla Coke &amp; Mixed<\/a><\/li>\n<li><a href=\"https:\/\/fizzyvape.eu\/pl\/produkt\/fizzy-max-iii-6w1-60k-60000-puff-jednorazowy-akumulator-vape-truskawka-winogrono-jagoda-kokos-i-brzoskwinia-cytryna-10-szt\/\">Truskawka Winogrono &amp; Jagoda Kokos &amp; Brzoskwinia Cytryna<\/a><\/li>\n<li><a href=\"https:\/\/fizzyvape.eu\/pl\/produkt\/fizzy-max-iii-6w1-60k-60000-puff-jednorazowy-akumulator-vape-blue-razz-ice-strawberry-kiwi-sour-pineapple-orange-10szt\/\">Blue Razz Ice &amp; Strawberry Kiwi &amp; Sour Pineapple Orange<\/a><\/li>\n<li><a href=\"https:\/\/fizzyvape.eu\/pl\/produkt\/fizzy-max-iii-6w1-60k-60000-puff-jednorazowy-akumulator-vape-truskawka-arbuz-cytryna-limonka-i-jagoda-kokos-10-szt\/\">Arbuz truskawkowy &amp; Limonka cytrynowa &amp; Kokos jagodowy<\/a><\/li>\n<\/ol>\n<h3><strong>Dla wszystkich styl\u00f3w wapowania<\/strong><\/h3>\n<ul>\n<li><strong>MTL &#8211; Mouth-To-Lung (pojedynczy smak):<\/strong> P\u0142ynne zaci\u0105ganie si\u0119 z czystym smakiem, doskona\u0142e do inhalacji w stylu papierosa.<\/li>\n<li><strong>DL &#8211; Direct-Lung (tryb podw\u00f3jnego mieszania):<\/strong> \u015amia\u0142e chmury i z\u0142o\u017cone warstwy smakowe, idealne do wysokiego przep\u0142ywu powietrza i g\u0142\u0119bszych wdech\u00f3w.<\/li>\n<\/ul>\n<h2>Dlaczego warto wybra\u0107 Fizzy Max III 6w1?<\/h2>\n<ul>\n<li>Ogromna <strong>pojemno\u015b\u0107 60 000 puff\u00f3w<\/strong><\/li>\n<li><strong>6 smak\u00f3w w 1 urz\u0105dzeniu<\/strong> &#8211; bezkonkurencyjna r\u00f3\u017cnorodno\u015b\u0107<\/li>\n<li>Mo\u017cliwo\u015b\u0107 \u0142adowania za pomoc\u0105 z\u0142\u0105cza <strong>Type-C<\/strong> i intuicyjny wy\u015bwietlacz LED<\/li>\n<li><strong>Inteligentny obrotowy ustnik<\/strong> do natychmiastowej zmiany smaku<\/li>\n<li>Szybka wysy\u0142ka z Europy &#8211; <strong>bez k\u0142opot\u00f3w z odpraw\u0105 celn\u0105<\/strong><\/li>\n<\/ul>\n<h3>Co znajduje si\u0119 w opakowaniu<\/h3>\n<ul>\n<li>10 urz\u0105dze\u0144 jednorazowych w opakowaniu<\/li>\n<li>Ka\u017cde urz\u0105dzenie zawiera 3 wst\u0119pnie nape\u0142nione kapsu\u0142ki (\u0142\u0105cznie 60 ml).<\/li>\n<li>Indywidualnie uszczelnione &#8211; szczelne i py\u0142oszczelne<\/li>\n<li>Wysy\u0142ka bezpo\u015brednio z Europy &#8211; <strong>bez op\u00f3\u017anie\u0144 celnych<\/strong><\/li>\n<\/ul>\n<h3><strong>FAQ &#8211; Fizzy Max III 6in1 60K jednorazowy Vape<\/strong><\/h3>\n<p><strong>  Ile smak\u00f3w znajduje si\u0119 w ka\u017cdym urz\u0105dzeniu?<\/strong><br \/>\nKa\u017cde urz\u0105dzenie zawiera 3 kapsu\u0142ki z pojedynczym smakiem i 3 tryby mieszania, co daje \u0142\u0105cznie 6 dozna\u0144 smakowych poprzez rotacj\u0119.<\/p>\n<p><strong>Czy mog\u0119 go na\u0142adowa\u0107?<\/strong><br \/>\nTak. Posiada wbudowan\u0105 bateri\u0119 850 mAh i obs\u0142uguje szybkie \u0142adowanie przez USB Type-C. <\/p>\n<p><strong>Jak zmieni\u0107 smak?<\/strong><br \/>\nWystarczy podnie\u015b\u0107 i obr\u00f3ci\u0107 ustnik. Inteligentny mechanizm prze\u0142\u0105cza wszystkie sze\u015b\u0107 tryb\u00f3w: A \u2192 Mix AB \u2192 B \u2192 Mix BC \u2192 C \u2192 Mix CA. <\/p>\n<p><strong>Czy jest przyjazny dla pocz\u0105tkuj\u0105cych?<\/strong><br \/>\nAbsolutnie. Nie wymaga uzupe\u0142niania ani wymiany kapsu\u0142ek &#8211; wystarczy obr\u00f3ci\u0107 i wapowa\u0107. Jest to idealne rozwi\u0105zanie zar\u00f3wno dla pocz\u0105tkuj\u0105cych, jak i do\u015bwiadczonych u\u017cytkownik\u00f3w.  <\/p>\n","protected":false},"excerpt":{"rendered":"<p>Fizzy Max III 6in1 to pot\u0119\u017cny jednorazowy waporyzator z mo\u017cliwo\u015bci\u0105 \u0142adowania, oferuj\u0105cy <strong>6 tryb\u00f3w smakowych<\/strong>, <strong>60 ml e-liquidu<\/strong> i <strong>do 60 000 zaci\u0105gni\u0119\u0107<\/strong>. Wyposa\u017cony w <strong>obrotowy ustnik<\/strong>, <strong>wy\u015bwietlacz LED<\/strong>, <strong>\u0142adowanie USB-C<\/strong>, <strong data-is-only-node=\"\">cewk\u0119 siatkow\u0105<\/strong> i <strong>2% lub 5% nikotyny<\/strong>, jest to najlepsze urz\u0105dzenie do waporyzacji typu \u201ewszystko w jednym\u201d. <\/p>\n","protected":false},"featured_media":32455,"comment_status":"open","ping_status":"closed","template":"","meta":{"iawp_total_views":5},"product_brand":[],"product_cat":[589],"product_tag":[613,610,612,611],"class_list":{"0":"post-33176","1":"product","2":"type-product","3":"status-publish","4":"has-post-thumbnail","6":"product_cat-max-iii-6in1-60k-60000-puffs-rechargeable-disposable-vape-pl","7":"product_tag-6-smakow-w-1-urzadzeniu","8":"product_tag-60000-puffow","9":"product_tag-akumulator","10":"product_tag-vape-jednorazowego-uzytku","12":"first","13":"outofstock","14":"sale","15":"shipping-taxable","16":"purchasable","17":"product-type-variable"},"yoast_head":"<!-- This site is optimized with the Yoast SEO Premium plugin v24.8 (Yoast SEO v24.8) - https:\/\/yoast.com\/wordpress\/plugins\/seo\/ -->\n<title>Jednorazowe urz\u0105dzenia Vape Europe klasy premium - Fizzy Max 60000 Puffs 6 w 1<\/title>\n<meta name=\"description\" content=\"Odkryj najwy\u017cszej jako\u015bci jednorazowy waporyzator w Europie - Fizzy Max 60000 zaci\u0105gni\u0119\u0107, 6 smak\u00f3w, mo\u017cliwo\u015b\u0107 \u0142adowania, wy\u015bwietlacz LED i \u0142adowanie typu C. Kup teraz!\" \/>\n<meta name=\"robots\" content=\"index, follow, max-snippet:-1, max-image-preview:large, max-video-preview:-1\" \/>\n<link rel=\"canonical\" href=\"https:\/\/fizzyvape.eu\/pl\/produkt\/fizzy-max-iii-6w1-60k-60000-puff-jednorazowy-akumulator-vape-blueberry-ice-fizzy-cherry-raspberry-lemon-10szt\/\" \/>\n<meta property=\"og:locale\" content=\"pl_PL\" \/>\n<meta property=\"og:type\" content=\"article\" \/>\n<meta property=\"og:title\" content=\"Fizzy Max III 6w1 60K 60000 Puff jednorazowy akumulator Vape - Blueberry Ice &amp; Fizzy Cherry &amp; Raspberry Lemon - 10szt.\" \/>\n<meta property=\"og:description\" content=\"Odkryj najwy\u017cszej jako\u015bci jednorazowy waporyzator w Europie - Fizzy Max 60000 zaci\u0105gni\u0119\u0107, 6 smak\u00f3w, mo\u017cliwo\u015b\u0107 \u0142adowania, wy\u015bwietlacz LED i \u0142adowanie typu C. Kup teraz!\" \/>\n<meta property=\"og:url\" content=\"https:\/\/fizzyvape.eu\/pl\/produkt\/fizzy-max-iii-6w1-60k-60000-puff-jednorazowy-akumulator-vape-blueberry-ice-fizzy-cherry-raspberry-lemon-10szt\/\" \/>\n<meta property=\"og:site_name\" content=\"fizzyvape.eu\" \/>\n<meta property=\"og:image\" content=\"https:\/\/fizzyvape.eu\/wp-content\/uploads\/2025\/06\/Fizzy-Max-60000-Puffs-06.webp\" \/>\n\t<meta property=\"og:image:width\" content=\"800\" \/>\n\t<meta property=\"og:image:height\" content=\"800\" \/>\n\t<meta property=\"og:image:type\" content=\"image\/webp\" \/>\n<meta name=\"twitter:card\" content=\"summary_large_image\" \/>\n<meta name=\"twitter:label1\" content=\"Dost\u0119pno\u015b\u0107\" \/>\n\t<meta name=\"twitter:data1\" content=\"Brak w magazynie\" \/>\n<script type=\"application\/ld+json\" class=\"yoast-schema-graph\">{\"@context\":\"https:\/\/schema.org\",\"@graph\":[{\"@type\":\"WebPage\",\"@id\":\"https:\/\/fizzyvape.eu\/pl\/produkt\/fizzy-max-iii-6w1-60k-60000-puff-jednorazowy-akumulator-vape-blueberry-ice-fizzy-cherry-raspberry-lemon-10szt\/\",\"url\":\"https:\/\/fizzyvape.eu\/pl\/produkt\/fizzy-max-iii-6w1-60k-60000-puff-jednorazowy-akumulator-vape-blueberry-ice-fizzy-cherry-raspberry-lemon-10szt\/\",\"name\":\"Jednorazowe urz\u0105dzenia Vape Europe klasy premium - Fizzy Max 60000 Puffs 6 w 1\",\"isPartOf\":{\"@id\":\"https:\/\/www.fizzyvape.eu\/pl\/#website\"},\"primaryImageOfPage\":{\"@id\":\"https:\/\/fizzyvape.eu\/pl\/produkt\/fizzy-max-iii-6w1-60k-60000-puff-jednorazowy-akumulator-vape-blueberry-ice-fizzy-cherry-raspberry-lemon-10szt\/#primaryimage\"},\"image\":{\"@id\":\"https:\/\/fizzyvape.eu\/pl\/produkt\/fizzy-max-iii-6w1-60k-60000-puff-jednorazowy-akumulator-vape-blueberry-ice-fizzy-cherry-raspberry-lemon-10szt\/#primaryimage\"},\"thumbnailUrl\":\"https:\/\/fizzyvape.eu\/wp-content\/uploads\/2025\/06\/Fizzy-Max-60000-Puffs-06.webp\",\"datePublished\":\"2025-06-11T02:33:56+00:00\",\"description\":\"Odkryj najwy\u017cszej jako\u015bci jednorazowy waporyzator w Europie - Fizzy Max 60000 zaci\u0105gni\u0119\u0107, 6 smak\u00f3w, mo\u017cliwo\u015b\u0107 \u0142adowania, wy\u015bwietlacz LED i \u0142adowanie typu C. Kup teraz!\",\"breadcrumb\":{\"@id\":\"https:\/\/fizzyvape.eu\/pl\/produkt\/fizzy-max-iii-6w1-60k-60000-puff-jednorazowy-akumulator-vape-blueberry-ice-fizzy-cherry-raspberry-lemon-10szt\/#breadcrumb\"},\"inLanguage\":\"pl-PL\",\"potentialAction\":[{\"@type\":\"ReadAction\",\"target\":[\"https:\/\/fizzyvape.eu\/pl\/produkt\/fizzy-max-iii-6w1-60k-60000-puff-jednorazowy-akumulator-vape-blueberry-ice-fizzy-cherry-raspberry-lemon-10szt\/\"]}]},{\"@type\":\"ImageObject\",\"inLanguage\":\"pl-PL\",\"@id\":\"https:\/\/fizzyvape.eu\/pl\/produkt\/fizzy-max-iii-6w1-60k-60000-puff-jednorazowy-akumulator-vape-blueberry-ice-fizzy-cherry-raspberry-lemon-10szt\/#primaryimage\",\"url\":\"https:\/\/fizzyvape.eu\/wp-content\/uploads\/2025\/06\/Fizzy-Max-60000-Puffs-06.webp\",\"contentUrl\":\"https:\/\/fizzyvape.eu\/wp-content\/uploads\/2025\/06\/Fizzy-Max-60000-Puffs-06.webp\",\"width\":800,\"height\":800},{\"@type\":\"BreadcrumbList\",\"@id\":\"https:\/\/fizzyvape.eu\/pl\/produkt\/fizzy-max-iii-6w1-60k-60000-puff-jednorazowy-akumulator-vape-blueberry-ice-fizzy-cherry-raspberry-lemon-10szt\/#breadcrumb\",\"itemListElement\":[{\"@type\":\"ListItem\",\"position\":1,\"name\":\"Home\",\"item\":\"https:\/\/fizzyvape.eu\/pl\/\"},{\"@type\":\"ListItem\",\"position\":2,\"name\":\"Sklep\",\"item\":\"https:\/\/fizzyvape.eu\/pl\/sklep\/\"},{\"@type\":\"ListItem\",\"position\":3,\"name\":\"Fizzy Max III 6w1 60K 60000 Puff jednorazowy akumulator Vape &#8211; Blueberry Ice &amp; Fizzy Cherry &amp; Raspberry Lemon &#8211; 10szt.\"}]},{\"@type\":\"WebSite\",\"@id\":\"https:\/\/www.fizzyvape.eu\/pl\/#website\",\"url\":\"https:\/\/www.fizzyvape.eu\/pl\/\",\"name\":\"fizzyvape.eu\",\"description\":\"Refreshing Vapes. Unforgettable Taste.\",\"publisher\":{\"@id\":\"https:\/\/www.fizzyvape.eu\/pl\/#organization\"},\"potentialAction\":[{\"@type\":\"SearchAction\",\"target\":{\"@type\":\"EntryPoint\",\"urlTemplate\":\"https:\/\/www.fizzyvape.eu\/pl\/?s={search_term_string}\"},\"query-input\":{\"@type\":\"PropertyValueSpecification\",\"valueRequired\":true,\"valueName\":\"search_term_string\"}}],\"inLanguage\":\"pl-PL\"},{\"@type\":\"Organization\",\"@id\":\"https:\/\/www.fizzyvape.eu\/pl\/#organization\",\"name\":\"fizzyvape.eu\",\"url\":\"https:\/\/www.fizzyvape.eu\/pl\/\",\"logo\":{\"@type\":\"ImageObject\",\"inLanguage\":\"pl-PL\",\"@id\":\"https:\/\/www.fizzyvape.eu\/pl\/#\/schema\/logo\/image\/\",\"url\":\"https:\/\/fizzyvape.eu\/wp-content\/uploads\/2019\/06\/print-1.svg\",\"contentUrl\":\"https:\/\/fizzyvape.eu\/wp-content\/uploads\/2019\/06\/print-1.svg\",\"width\":124,\"height\":37,\"caption\":\"fizzyvape.eu\"},\"image\":{\"@id\":\"https:\/\/www.fizzyvape.eu\/pl\/#\/schema\/logo\/image\/\"}}]}<\/script>\n<meta property=\"og:availability\" content=\"out of stock\" \/>\n<meta property=\"product:availability\" content=\"out of stock\" \/>\n<meta property=\"product:condition\" content=\"new\" \/>\n<!-- \/ Yoast SEO Premium plugin. -->","yoast_head_json":{"title":"Jednorazowe urz\u0105dzenia Vape Europe klasy premium - Fizzy Max 60000 Puffs 6 w 1","description":"Odkryj najwy\u017cszej jako\u015bci jednorazowy waporyzator w Europie - Fizzy Max 60000 zaci\u0105gni\u0119\u0107, 6 smak\u00f3w, mo\u017cliwo\u015b\u0107 \u0142adowania, wy\u015bwietlacz LED i \u0142adowanie typu C. Kup teraz!","robots":{"index":"index","follow":"follow","max-snippet":"max-snippet:-1","max-image-preview":"max-image-preview:large","max-video-preview":"max-video-preview:-1"},"canonical":"https:\/\/fizzyvape.eu\/pl\/produkt\/fizzy-max-iii-6w1-60k-60000-puff-jednorazowy-akumulator-vape-blueberry-ice-fizzy-cherry-raspberry-lemon-10szt\/","og_locale":"pl_PL","og_type":"article","og_title":"Fizzy Max III 6w1 60K 60000 Puff jednorazowy akumulator Vape - Blueberry Ice &amp; Fizzy Cherry &amp; Raspberry Lemon - 10szt.","og_description":"Odkryj najwy\u017cszej jako\u015bci jednorazowy waporyzator w Europie - Fizzy Max 60000 zaci\u0105gni\u0119\u0107, 6 smak\u00f3w, mo\u017cliwo\u015b\u0107 \u0142adowania, wy\u015bwietlacz LED i \u0142adowanie typu C. Kup teraz!","og_url":"https:\/\/fizzyvape.eu\/pl\/produkt\/fizzy-max-iii-6w1-60k-60000-puff-jednorazowy-akumulator-vape-blueberry-ice-fizzy-cherry-raspberry-lemon-10szt\/","og_site_name":"fizzyvape.eu","og_image":[{"width":800,"height":800,"url":"https:\/\/fizzyvape.eu\/wp-content\/uploads\/2025\/06\/Fizzy-Max-60000-Puffs-06.webp","type":"image\/webp"}],"twitter_card":"summary_large_image","twitter_misc":{"Dost\u0119pno\u015b\u0107":"Brak w magazynie"},"schema":{"@context":"https:\/\/schema.org","@graph":[{"@type":"WebPage","@id":"https:\/\/fizzyvape.eu\/pl\/produkt\/fizzy-max-iii-6w1-60k-60000-puff-jednorazowy-akumulator-vape-blueberry-ice-fizzy-cherry-raspberry-lemon-10szt\/","url":"https:\/\/fizzyvape.eu\/pl\/produkt\/fizzy-max-iii-6w1-60k-60000-puff-jednorazowy-akumulator-vape-blueberry-ice-fizzy-cherry-raspberry-lemon-10szt\/","name":"Jednorazowe urz\u0105dzenia Vape Europe klasy premium - Fizzy Max 60000 Puffs 6 w 1","isPartOf":{"@id":"https:\/\/www.fizzyvape.eu\/pl\/#website"},"primaryImageOfPage":{"@id":"https:\/\/fizzyvape.eu\/pl\/produkt\/fizzy-max-iii-6w1-60k-60000-puff-jednorazowy-akumulator-vape-blueberry-ice-fizzy-cherry-raspberry-lemon-10szt\/#primaryimage"},"image":{"@id":"https:\/\/fizzyvape.eu\/pl\/produkt\/fizzy-max-iii-6w1-60k-60000-puff-jednorazowy-akumulator-vape-blueberry-ice-fizzy-cherry-raspberry-lemon-10szt\/#primaryimage"},"thumbnailUrl":"https:\/\/fizzyvape.eu\/wp-content\/uploads\/2025\/06\/Fizzy-Max-60000-Puffs-06.webp","datePublished":"2025-06-11T02:33:56+00:00","description":"Odkryj najwy\u017cszej jako\u015bci jednorazowy waporyzator w Europie - Fizzy Max 60000 zaci\u0105gni\u0119\u0107, 6 smak\u00f3w, mo\u017cliwo\u015b\u0107 \u0142adowania, wy\u015bwietlacz LED i \u0142adowanie typu C. Kup teraz!","breadcrumb":{"@id":"https:\/\/fizzyvape.eu\/pl\/produkt\/fizzy-max-iii-6w1-60k-60000-puff-jednorazowy-akumulator-vape-blueberry-ice-fizzy-cherry-raspberry-lemon-10szt\/#breadcrumb"},"inLanguage":"pl-PL","potentialAction":[{"@type":"ReadAction","target":["https:\/\/fizzyvape.eu\/pl\/produkt\/fizzy-max-iii-6w1-60k-60000-puff-jednorazowy-akumulator-vape-blueberry-ice-fizzy-cherry-raspberry-lemon-10szt\/"]}]},{"@type":"ImageObject","inLanguage":"pl-PL","@id":"https:\/\/fizzyvape.eu\/pl\/produkt\/fizzy-max-iii-6w1-60k-60000-puff-jednorazowy-akumulator-vape-blueberry-ice-fizzy-cherry-raspberry-lemon-10szt\/#primaryimage","url":"https:\/\/fizzyvape.eu\/wp-content\/uploads\/2025\/06\/Fizzy-Max-60000-Puffs-06.webp","contentUrl":"https:\/\/fizzyvape.eu\/wp-content\/uploads\/2025\/06\/Fizzy-Max-60000-Puffs-06.webp","width":800,"height":800},{"@type":"BreadcrumbList","@id":"https:\/\/fizzyvape.eu\/pl\/produkt\/fizzy-max-iii-6w1-60k-60000-puff-jednorazowy-akumulator-vape-blueberry-ice-fizzy-cherry-raspberry-lemon-10szt\/#breadcrumb","itemListElement":[{"@type":"ListItem","position":1,"name":"Home","item":"https:\/\/fizzyvape.eu\/pl\/"},{"@type":"ListItem","position":2,"name":"Sklep","item":"https:\/\/fizzyvape.eu\/pl\/sklep\/"},{"@type":"ListItem","position":3,"name":"Fizzy Max III 6w1 60K 60000 Puff jednorazowy akumulator Vape &#8211; Blueberry Ice &amp; Fizzy Cherry &amp; Raspberry Lemon &#8211; 10szt."}]},{"@type":"WebSite","@id":"https:\/\/www.fizzyvape.eu\/pl\/#website","url":"https:\/\/www.fizzyvape.eu\/pl\/","name":"fizzyvape.eu","description":"Refreshing Vapes. Unforgettable Taste.","publisher":{"@id":"https:\/\/www.fizzyvape.eu\/pl\/#organization"},"potentialAction":[{"@type":"SearchAction","target":{"@type":"EntryPoint","urlTemplate":"https:\/\/www.fizzyvape.eu\/pl\/?s={search_term_string}"},"query-input":{"@type":"PropertyValueSpecification","valueRequired":true,"valueName":"search_term_string"}}],"inLanguage":"pl-PL"},{"@type":"Organization","@id":"https:\/\/www.fizzyvape.eu\/pl\/#organization","name":"fizzyvape.eu","url":"https:\/\/www.fizzyvape.eu\/pl\/","logo":{"@type":"ImageObject","inLanguage":"pl-PL","@id":"https:\/\/www.fizzyvape.eu\/pl\/#\/schema\/logo\/image\/","url":"https:\/\/fizzyvape.eu\/wp-content\/uploads\/2019\/06\/print-1.svg","contentUrl":"https:\/\/fizzyvape.eu\/wp-content\/uploads\/2019\/06\/print-1.svg","width":124,"height":37,"caption":"fizzyvape.eu"},"image":{"@id":"https:\/\/www.fizzyvape.eu\/pl\/#\/schema\/logo\/image\/"}}]},"og_availability":"out of stock","product_availability":"out of stock","product_condition":"new"},"tiered_pricing_type":"fixed","tiered_pricing_fixed_rules":[],"tiered_pricing_product_settings":{"layout":"default","base_unit_name":{"singular":null,"plural":null},"default_variation":null},"tiered_pricing_minimum_quantity":null,"tiered_pricing_roles_data":[],"tiered_pricing_percentage_rules":[],"tiered_pricing_maximum_quantity":null,"tiered_pricing_quantity_step":null,"_links":{"self":[{"href":"https:\/\/fizzyvape.eu\/pl\/wp-json\/wp\/v2\/product\/33176","targetHints":{"allow":["GET"]}}],"collection":[{"href":"https:\/\/fizzyvape.eu\/pl\/wp-json\/wp\/v2\/product"}],"about":[{"href":"https:\/\/fizzyvape.eu\/pl\/wp-json\/wp\/v2\/types\/product"}],"replies":[{"embeddable":true,"href":"https:\/\/fizzyvape.eu\/pl\/wp-json\/wp\/v2\/comments?post=33176"}],"version-history":[{"count":0,"href":"https:\/\/fizzyvape.eu\/pl\/wp-json\/wp\/v2\/product\/33176\/revisions"}],"wp:featuredmedia":[{"embeddable":true,"href":"https:\/\/fizzyvape.eu\/pl\/wp-json\/wp\/v2\/media\/32455"}],"wp:attachment":[{"href":"https:\/\/fizzyvape.eu\/pl\/wp-json\/wp\/v2\/media?parent=33176"}],"wp:term":[{"taxonomy":"product_brand","embeddable":true,"href":"https:\/\/fizzyvape.eu\/pl\/wp-json\/wp\/v2\/product_brand?post=33176"},{"taxonomy":"product_cat","embeddable":true,"href":"https:\/\/fizzyvape.eu\/pl\/wp-json\/wp\/v2\/product_cat?post=33176"},{"taxonomy":"product_tag","embeddable":true,"href":"https:\/\/fizzyvape.eu\/pl\/wp-json\/wp\/v2\/product_tag?post=33176"}],"curies":[{"name":"wp","href":"https:\/\/api.w.org\/{rel}","templated":true}]}}