{"id":33229,"date":"2025-06-11T10:34:12","date_gmt":"2025-06-11T02:34:12","guid":{"rendered":"https:\/\/fizzyvape.eu\/product\/fizzy-max-iii-6w1-60k-60000-puff-jednorazowy-akumulator-vape-blue-razz-ice-strawberry-kiwi-sour-pineapple-orange-10szt\/"},"modified":"2025-06-11T10:34:12","modified_gmt":"2025-06-11T02:34:12","slug":"fizzy-max-iii-6w1-60k-60000-puff-jednorazowy-akumulator-vape-blue-razz-ice-strawberry-kiwi-sour-pineapple-orange-10szt","status":"publish","type":"product","link":"https:\/\/fizzyvape.eu\/pl\/produkt\/fizzy-max-iii-6w1-60k-60000-puff-jednorazowy-akumulator-vape-blue-razz-ice-strawberry-kiwi-sour-pineapple-orange-10szt\/","title":{"rendered":"Fizzy Max III 6w1 60K 60000 Puff jednorazowy akumulator Vape &#8211; Blue Razz Ice &amp; Strawberry Kiwi &amp; Sour Pineapple Orange &#8211; 10szt."},"content":{"rendered":"<h1><img decoding=\"async\" class=\"aligncenter\" src=\"https:\/\/fizzyvape.eu\/wp-content\/uploads\/2025\/06\/Fizzy-Max-III-6in1-60K-60000-Puffs-2-1.webp\" alt=\"Fizzy Max III 60000 Puffs 6in1 jednorazowy Vape (1 szt.)\"><\/h1>\n<h2><strong>Fizzy Max III 6w1 60000 Puff\u00f3w jednorazowych Vape &#8211; Blue Razz Ice &amp; Strawberry Kiwi &amp; Sour Pineapple Orange (10szt)<\/strong><\/h2>\n<h3>Do 60 000 zaci\u0105gni\u0119\u0107 &#8211; Mo\u017cliwo\u015b\u0107 \u0142adowania &#8211; 6 smak\u00f3w w 1 urz\u0105dzeniu<\/h3>\n<p>Fizzy Max III 6in1 to rewolucyjny jednorazowy waporyzator z mo\u017cliwo\u015bci\u0105 \u0142adowania, zapewniaj\u0105cy do 60 000 zaci\u0105gni\u0119\u0107 w jednym, kompaktowym urz\u0105dzeniu. Wst\u0119pnie nape\u0142niony 60 ml najwy\u017cszej jako\u015bci e-liquidu w trzech kapsu\u0142kach &#8211; Blue Razz Ice, Strawberry Kiwi i Sour Pineapple Orange &#8211; oferuje sze\u015b\u0107 ekscytuj\u0105cych tryb\u00f3w smakowych \u0142\u0105cz\u0105cych pojedyncze i mieszane mieszanki. Zasilane akumulatorem 850 mAh i wyposa\u017cone w wy\u015bwietlacz LED, urz\u0105dzenie to zapewnia wszechstronno\u015b\u0107, moc i wygod\u0119 bez konieczno\u015bci uzupe\u0142niania i konserwacji.  <\/p>\n<h3>Kluczowe cechy<\/h3>\n<ul>\n<li><strong>Liczba zaci\u0105gni\u0119\u0107<\/strong>: Do 60 000<\/li>\n<li><strong>Bateria<\/strong>: Akumulator 850 mAh (USB typu C)<\/li>\n<li><strong>Pojemno\u015b\u0107 e-liquidu<\/strong>: 60 ml (3 \u00d7 20 ml w kapsu\u0142kach)<\/li>\n<li><strong>Moc nikotyny<\/strong>: dost\u0119pne 2% lub 5%.<\/li>\n<li><strong>Wy\u015bwietlacz LED<\/strong>: Pokazuje poziom na\u0142adowania baterii i tryb smaku<\/li>\n<li><strong>Smaki<\/strong>: 3 pojedyncze smaki + 3 tryby mieszane (\u0142\u0105cznie 6)<\/li>\n<li><strong>Cewka<\/strong>: Zaawansowana cewka siatkowa zapewniaj\u0105ca g\u0142adk\u0105 par\u0119<\/li>\n<li><strong>Zastosowanie<\/strong>: Obs\u0142uguje zar\u00f3wno waporyzacj\u0119 MTL, jak i DL<\/li>\n<li><strong>Konstrukcja<\/strong>: \u0141adowalna i jednorazowa, nie wymaga wk\u0142ad\u00f3w<\/li>\n<\/ul>\n<h2>Tryby smaku:<\/h2>\n<ul>\n<li><strong>Blue Razz Ice (A)<\/strong> &#8211; Ch\u0142odna i pikantna malina z jagodami<\/li>\n<li><strong>Strawberry Kiwi (B)<\/strong> &#8211; G\u0142adka i owocowa r\u00f3wnowaga jag\u00f3d i tropikalnego kiwi.<\/li>\n<li><strong>Sour Pineapple Orange (C)<\/strong> &#8211; ostry cytrusowy akcent ze s\u0142odko-kwa\u015bnymi nutami ananasa.<\/li>\n<li><strong>Mix AB<\/strong> &#8211; Mro\u017ana eksplozja jag\u00f3d z nut\u0105 kiwi<\/li>\n<li><strong>Mix BC<\/strong> &#8211; \u017cywa mieszanka kiwi, cytrus\u00f3w i tropikalnego ponczu<\/li>\n<li><strong>Mix CA<\/strong> &#8211; S\u0142odko-kwa\u015bne cytrusowe po\u0142\u0105czenie lodu z jagodow\u0105 nut\u0105<\/li>\n<\/ul>\n<p>Cykl smaku: <strong>A \u2192 Mix AB \u2192 B \u2192 Mix BC \u2192 C \u2192 Mix CA<\/strong><\/p>\n<p>Bez wysi\u0142ku odkrywaj wszystkie sze\u015b\u0107 profili smakowych dzi\u0119ki inteligentnej obrotowej konstrukcji, kt\u00f3ra sprawia, \u017ce prze\u0142\u0105czanie smak\u00f3w jest p\u0142ynne i bezproblemowe. Zobacz, jak to dzia\u0142a w naszym <a href=\"https:\/\/www.youtube.com\/watch?v=CoxB_HvaU3k\">filmie demonstracyjnym<\/a>. <\/p>\n<h3><strong>Fizzy Max III 6in1 60000 Puffs Jednorazowy Vape Lista smak\u00f3w:<\/strong><\/h3>\n<ol>\n<li><a href=\"https:\/\/fizzyvape.eu\/pl\/produkt\/fizzy-max-iii-6w1-60k-60000-puff-jednorazowy-akumulator-vape-truskawka-malina-mango-brzoskwinia-jagoda-arbuz-10-szt\/\">Truskawka Malina &amp; Mango Brzoskwinia &amp; Jagoda Arbuz<\/a><\/li>\n<li><a href=\"https:\/\/fizzyvape.eu\/pl\/produkt\/fizzy-max-iii-6w1-60k-60000-puff-jednorazowy-akumulator-vape-mixed-berry-kiwi-passion-fruit-guava-strawberry-watermelon-10szt\/\">Mixed Berry &amp; Kiwi Passion Fruit Guava &amp; Strawberry Watermelon<\/a><\/li>\n<li><a href=\"https:\/\/fizzyvape.eu\/pl\/produkt\/fizzy-max-iii-6w1-60k-60000-puffs-jednorazowy-akumulator-vape-blueberry-raspberry-triple-melon-strawberry-ice-10szt\/\">Blueberry Raspberry &amp; Triple Melon &amp; Strawberry Ice<\/a><\/li>\n<li><a href=\"https:\/\/fizzyvape.eu\/pl\/produkt\/fizzy-max-iii-6w1-60k-60000-puff-jednorazowy-akumulator-vape-truskawkowy-smoczy-owoc-red-bull-malinowy-arbuz-10szt\/\">Smoczy owoc truskawkowy &amp; Red Bull &amp; arbuz malinowy<\/a><\/li>\n<li><a href=\"https:\/\/fizzyvape.eu\/pl\/produkt\/fizzy-max-iii-6w1-60k-60000-puff-jednorazowy-akumulator-vape-truskawka-kiwi-jagoda-i-arbuz-10-sztuk\/\">L\u00f3d truskawkowy, kiwi i jagodowy oraz l\u00f3d arbuzowy<\/a><\/li>\n<li><a href=\"https:\/\/fizzyvape.eu\/pl\/produkt\/fizzy-max-iii-6w1-60k-60000-puff-jednorazowy-akumulator-vape-blueberry-ice-fizzy-cherry-raspberry-lemon-10szt\/\">Blueberry Ice &amp; Fizzy Cherry &amp; Raspberry Lemon<\/a><\/li>\n<li><a href=\"https:\/\/fizzyvape.eu\/pl\/produkt\/fizzy-max-iii-6in1-60k-60000-puffs-jednorazowy-akumulator-vape-watermelon-ice-strawberry-vanilla-coke-mixed-berry-10szt\/\">Watermelon Ice &amp; Strawberry Vanilla Coke &amp; Mixed<\/a><\/li>\n<li><a href=\"https:\/\/fizzyvape.eu\/pl\/produkt\/fizzy-max-iii-6w1-60k-60000-puff-jednorazowy-akumulator-vape-truskawka-winogrono-jagoda-kokos-i-brzoskwinia-cytryna-10-szt\/\">Truskawka Winogrono &amp; Jagoda Kokos &amp; Brzoskwinia Cytryna<\/a><\/li>\n<li><a href=\"https:\/\/fizzyvape.eu\/pl\/produkt\/fizzy-max-iii-6w1-60k-60000-puff-jednorazowy-akumulator-vape-blue-razz-ice-strawberry-kiwi-sour-pineapple-orange-10szt\/\">Blue Razz Ice &amp; Strawberry Kiwi &amp; Sour Pineapple Orange<\/a><\/li>\n<li><a href=\"https:\/\/fizzyvape.eu\/pl\/produkt\/fizzy-max-iii-6w1-60k-60000-puff-jednorazowy-akumulator-vape-truskawka-arbuz-cytryna-limonka-i-jagoda-kokos-10-szt\/\">Arbuz truskawkowy &amp; Limonka cytrynowa &amp; Kokos jagodowy<\/a><\/li>\n<\/ol>\n<h3>Tryby waporyzacji<\/h3>\n<ul>\n<li><strong>Tryb pojedynczego smaku (MTL)<\/strong>: Mocne, p\u0142ynne zaci\u0105ganie zapewniaj\u0105ce satysfakcj\u0119 podobn\u0105 do palenia papieros\u00f3w.<\/li>\n<li><strong>Tryb mieszanych smak\u00f3w (DL)<\/strong>: Przewiewne zaci\u0105ganie z pe\u0142niejsz\u0105 par\u0105 i wyrazistym smakiem<\/li>\n<\/ul>\n<h3>Dlaczego warto wybra\u0107 Fizzy Max III 6w1?<\/h3>\n<ul>\n<li>Do 60 000 zaci\u0105gni\u0119\u0107 na urz\u0105dzenie dla d\u0142ugotrwa\u0142ej przyjemno\u015bci z u\u017cytkowania<\/li>\n<li>Mo\u017cliwo\u015b\u0107 \u0142adowania przez USB-C dla pe\u0142nego wykorzystania e-liquidu<\/li>\n<li>Sze\u015b\u0107 unikalnych tryb\u00f3w smaku w jednym urz\u0105dzeniu<\/li>\n<li>Inteligentny wy\u015bwietlacz LED do \u015bledzenia baterii i trybu<\/li>\n<li>Du\u017ca pojemno\u015b\u0107 60 ml e-liquidu<\/li>\n<li>Dost\u0119pne w wersjach o zawarto\u015bci nikotyny 2% lub 5%<\/li>\n<li>Jednorazowa wygoda bez konieczno\u015bci uzupe\u0142niania<\/li>\n<li>Szybka wysy\u0142ka z <strong>magazynu UE<\/strong>, bez op\u00f3\u017anie\u0144 celnych<\/li>\n<\/ul>\n<h3>FAQ &#8211; Vape jednorazowe o wielu smakach (Fizzy Max III 6in1)<\/h3>\n<ul>\n<li><strong>Czy Fizzy Max III 6in1 jest naprawd\u0119 jednorazowy, skoro mo\u017cna go \u0142adowa\u0107?<\/strong><br \/>\nTak, mo\u017cna go \u0142adowa\u0107, aby w pe\u0142ni wykorzysta\u0107 wst\u0119pnie nape\u0142niony e-liquid, ale po opr\u00f3\u017cnieniu urz\u0105dzenie nale\u017cy wyrzuci\u0107.<\/li>\n<li><strong>Jak prze\u0142\u0105cza\u0107 si\u0119 mi\u0119dzy sze\u015bcioma trybami smaku?<\/strong><br \/>\nWystarczy obr\u00f3ci\u0107 ustnik, aby prze\u0142\u0105cza\u0107 si\u0119 mi\u0119dzy sze\u015bcioma trybami smaku. Dioda LED pokazuje jedynie stan baterii, a nie aktualny smak. <\/li>\n<li><strong>Jakie st\u0119\u017cenia nikotyny s\u0105 dost\u0119pne?<\/strong><br \/>\nTo urz\u0105dzenie jest dost\u0119pne w wersjach z 2% (20 mg) i 5% (50 mg) nikotyny.<\/li>\n<li><strong>Ile zaci\u0105gni\u0119\u0107 mog\u0119 uzyska\u0107 z jednego urz\u0105dzenia?<\/strong><br \/>\nDo 60 000 zaci\u0105gni\u0119\u0107 na urz\u0105dzenie, w zale\u017cno\u015bci od nawyk\u00f3w u\u017cytkowania.<\/li>\n<\/ul>\n","protected":false},"excerpt":{"rendered":"<p>Fizzy Max III 6in1 Rechargeable Disposable Vape zapewnia do 60 000 zaci\u0105gni\u0119\u0107 dzi\u0119ki pot\u0119\u017cnej baterii 850 mAh i 60 ml wst\u0119pnie nape\u0142nionego e-liquidu. Ciesz si\u0119 sze\u015bcioma trybami smakowymi &#8211; w tym Blue Razz Ice, Strawberry Kiwi, Sour Pineapple Orange i mieszankami &#8211; oraz wy\u015bwietlaczem LED baterii i opcjami nikotyny 2% lub 5%. Wygodny, trwa\u0142y i bezobs\u0142ugowy.  <\/p>\n","protected":false},"featured_media":32491,"comment_status":"open","ping_status":"closed","template":"","meta":{"iawp_total_views":1},"product_brand":[],"product_cat":[589],"product_tag":[613,610,612,611],"class_list":{"0":"post-33229","1":"product","2":"type-product","3":"status-publish","4":"has-post-thumbnail","6":"product_cat-max-iii-6in1-60k-60000-puffs-rechargeable-disposable-vape-pl","7":"product_tag-6-smakow-w-1-urzadzeniu","8":"product_tag-60000-puffow","9":"product_tag-akumulator","10":"product_tag-vape-jednorazowego-uzytku","12":"first","13":"outofstock","14":"sale","15":"shipping-taxable","16":"purchasable","17":"product-type-variable"},"yoast_head":"<!-- This site is optimized with the Yoast SEO Premium plugin v24.8 (Yoast SEO v24.8) - https:\/\/yoast.com\/wordpress\/plugins\/seo\/ -->\n<title>Fizzy Max 60000 Puffs jednorazowy akumulator Vape - 6 smak\u00f3w<\/title>\n<meta name=\"description\" content=\"Fizzy Max III 6w1 60K jednorazowy vape z 60000 zaci\u0105gni\u0119ciami, 6 trybami smakowymi, bateri\u0105 850mAh, wy\u015bwietlaczem LED, nikotyn\u0105 2%\/5%.\" \/>\n<meta name=\"robots\" content=\"index, follow, max-snippet:-1, max-image-preview:large, max-video-preview:-1\" \/>\n<link rel=\"canonical\" href=\"https:\/\/fizzyvape.eu\/pl\/produkt\/fizzy-max-iii-6w1-60k-60000-puff-jednorazowy-akumulator-vape-blue-razz-ice-strawberry-kiwi-sour-pineapple-orange-10szt\/\" \/>\n<meta property=\"og:locale\" content=\"pl_PL\" \/>\n<meta property=\"og:type\" content=\"article\" \/>\n<meta property=\"og:title\" content=\"Fizzy Max III 6w1 60K 60000 Puff jednorazowy akumulator Vape - Blue Razz Ice &amp; Strawberry Kiwi &amp; Sour Pineapple Orange - 10szt.\" \/>\n<meta property=\"og:description\" content=\"Fizzy Max III 6w1 60K jednorazowy vape z 60000 zaci\u0105gni\u0119ciami, 6 trybami smakowymi, bateri\u0105 850mAh, wy\u015bwietlaczem LED, nikotyn\u0105 2%\/5%.\" \/>\n<meta property=\"og:url\" content=\"https:\/\/fizzyvape.eu\/pl\/produkt\/fizzy-max-iii-6w1-60k-60000-puff-jednorazowy-akumulator-vape-blue-razz-ice-strawberry-kiwi-sour-pineapple-orange-10szt\/\" \/>\n<meta property=\"og:site_name\" content=\"fizzyvape.eu\" \/>\n<meta property=\"og:image\" content=\"https:\/\/fizzyvape.eu\/wp-content\/uploads\/2025\/06\/Fizzy-Max-60000-Puffs-10.webp\" \/>\n\t<meta property=\"og:image:width\" content=\"800\" \/>\n\t<meta property=\"og:image:height\" content=\"800\" \/>\n\t<meta property=\"og:image:type\" content=\"image\/webp\" \/>\n<meta name=\"twitter:card\" content=\"summary_large_image\" \/>\n<meta name=\"twitter:label1\" content=\"Dost\u0119pno\u015b\u0107\" \/>\n\t<meta name=\"twitter:data1\" content=\"Brak w magazynie\" \/>\n<script type=\"application\/ld+json\" class=\"yoast-schema-graph\">{\"@context\":\"https:\/\/schema.org\",\"@graph\":[{\"@type\":\"WebPage\",\"@id\":\"https:\/\/fizzyvape.eu\/pl\/produkt\/fizzy-max-iii-6w1-60k-60000-puff-jednorazowy-akumulator-vape-blue-razz-ice-strawberry-kiwi-sour-pineapple-orange-10szt\/\",\"url\":\"https:\/\/fizzyvape.eu\/pl\/produkt\/fizzy-max-iii-6w1-60k-60000-puff-jednorazowy-akumulator-vape-blue-razz-ice-strawberry-kiwi-sour-pineapple-orange-10szt\/\",\"name\":\"Fizzy Max 60000 Puffs jednorazowy akumulator Vape - 6 smak\u00f3w\",\"isPartOf\":{\"@id\":\"https:\/\/www.fizzyvape.eu\/pl\/#website\"},\"primaryImageOfPage\":{\"@id\":\"https:\/\/fizzyvape.eu\/pl\/produkt\/fizzy-max-iii-6w1-60k-60000-puff-jednorazowy-akumulator-vape-blue-razz-ice-strawberry-kiwi-sour-pineapple-orange-10szt\/#primaryimage\"},\"image\":{\"@id\":\"https:\/\/fizzyvape.eu\/pl\/produkt\/fizzy-max-iii-6w1-60k-60000-puff-jednorazowy-akumulator-vape-blue-razz-ice-strawberry-kiwi-sour-pineapple-orange-10szt\/#primaryimage\"},\"thumbnailUrl\":\"https:\/\/fizzyvape.eu\/wp-content\/uploads\/2025\/06\/Fizzy-Max-60000-Puffs-10.webp\",\"datePublished\":\"2025-06-11T02:34:12+00:00\",\"description\":\"Fizzy Max III 6w1 60K jednorazowy vape z 60000 zaci\u0105gni\u0119ciami, 6 trybami smakowymi, bateri\u0105 850mAh, wy\u015bwietlaczem LED, nikotyn\u0105 2%\/5%.\",\"breadcrumb\":{\"@id\":\"https:\/\/fizzyvape.eu\/pl\/produkt\/fizzy-max-iii-6w1-60k-60000-puff-jednorazowy-akumulator-vape-blue-razz-ice-strawberry-kiwi-sour-pineapple-orange-10szt\/#breadcrumb\"},\"inLanguage\":\"pl-PL\",\"potentialAction\":[{\"@type\":\"ReadAction\",\"target\":[\"https:\/\/fizzyvape.eu\/pl\/produkt\/fizzy-max-iii-6w1-60k-60000-puff-jednorazowy-akumulator-vape-blue-razz-ice-strawberry-kiwi-sour-pineapple-orange-10szt\/\"]}]},{\"@type\":\"ImageObject\",\"inLanguage\":\"pl-PL\",\"@id\":\"https:\/\/fizzyvape.eu\/pl\/produkt\/fizzy-max-iii-6w1-60k-60000-puff-jednorazowy-akumulator-vape-blue-razz-ice-strawberry-kiwi-sour-pineapple-orange-10szt\/#primaryimage\",\"url\":\"https:\/\/fizzyvape.eu\/wp-content\/uploads\/2025\/06\/Fizzy-Max-60000-Puffs-10.webp\",\"contentUrl\":\"https:\/\/fizzyvape.eu\/wp-content\/uploads\/2025\/06\/Fizzy-Max-60000-Puffs-10.webp\",\"width\":800,\"height\":800,\"caption\":\"Fizzy Max 60000 Puffs jednorazowy akumulator Vape\"},{\"@type\":\"BreadcrumbList\",\"@id\":\"https:\/\/fizzyvape.eu\/pl\/produkt\/fizzy-max-iii-6w1-60k-60000-puff-jednorazowy-akumulator-vape-blue-razz-ice-strawberry-kiwi-sour-pineapple-orange-10szt\/#breadcrumb\",\"itemListElement\":[{\"@type\":\"ListItem\",\"position\":1,\"name\":\"Home\",\"item\":\"https:\/\/fizzyvape.eu\/pl\/\"},{\"@type\":\"ListItem\",\"position\":2,\"name\":\"Sklep\",\"item\":\"https:\/\/fizzyvape.eu\/pl\/sklep\/\"},{\"@type\":\"ListItem\",\"position\":3,\"name\":\"Fizzy Max III 6w1 60K 60000 Puff jednorazowy akumulator Vape &#8211; Blue Razz Ice &amp; Strawberry Kiwi &amp; Sour Pineapple Orange &#8211; 10szt.\"}]},{\"@type\":\"WebSite\",\"@id\":\"https:\/\/www.fizzyvape.eu\/pl\/#website\",\"url\":\"https:\/\/www.fizzyvape.eu\/pl\/\",\"name\":\"fizzyvape.eu\",\"description\":\"Refreshing Vapes. Unforgettable Taste.\",\"publisher\":{\"@id\":\"https:\/\/www.fizzyvape.eu\/pl\/#organization\"},\"potentialAction\":[{\"@type\":\"SearchAction\",\"target\":{\"@type\":\"EntryPoint\",\"urlTemplate\":\"https:\/\/www.fizzyvape.eu\/pl\/?s={search_term_string}\"},\"query-input\":{\"@type\":\"PropertyValueSpecification\",\"valueRequired\":true,\"valueName\":\"search_term_string\"}}],\"inLanguage\":\"pl-PL\"},{\"@type\":\"Organization\",\"@id\":\"https:\/\/www.fizzyvape.eu\/pl\/#organization\",\"name\":\"fizzyvape.eu\",\"url\":\"https:\/\/www.fizzyvape.eu\/pl\/\",\"logo\":{\"@type\":\"ImageObject\",\"inLanguage\":\"pl-PL\",\"@id\":\"https:\/\/www.fizzyvape.eu\/pl\/#\/schema\/logo\/image\/\",\"url\":\"https:\/\/fizzyvape.eu\/wp-content\/uploads\/2019\/06\/print-1.svg\",\"contentUrl\":\"https:\/\/fizzyvape.eu\/wp-content\/uploads\/2019\/06\/print-1.svg\",\"width\":124,\"height\":37,\"caption\":\"fizzyvape.eu\"},\"image\":{\"@id\":\"https:\/\/www.fizzyvape.eu\/pl\/#\/schema\/logo\/image\/\"}}]}<\/script>\n<meta property=\"og:availability\" content=\"out of stock\" \/>\n<meta property=\"product:availability\" content=\"out of stock\" \/>\n<meta property=\"product:condition\" content=\"new\" \/>\n<!-- \/ Yoast SEO Premium plugin. -->","yoast_head_json":{"title":"Fizzy Max 60000 Puffs jednorazowy akumulator Vape - 6 smak\u00f3w","description":"Fizzy Max III 6w1 60K jednorazowy vape z 60000 zaci\u0105gni\u0119ciami, 6 trybami smakowymi, bateri\u0105 850mAh, wy\u015bwietlaczem LED, nikotyn\u0105 2%\/5%.","robots":{"index":"index","follow":"follow","max-snippet":"max-snippet:-1","max-image-preview":"max-image-preview:large","max-video-preview":"max-video-preview:-1"},"canonical":"https:\/\/fizzyvape.eu\/pl\/produkt\/fizzy-max-iii-6w1-60k-60000-puff-jednorazowy-akumulator-vape-blue-razz-ice-strawberry-kiwi-sour-pineapple-orange-10szt\/","og_locale":"pl_PL","og_type":"article","og_title":"Fizzy Max III 6w1 60K 60000 Puff jednorazowy akumulator Vape - Blue Razz Ice &amp; Strawberry Kiwi &amp; Sour Pineapple Orange - 10szt.","og_description":"Fizzy Max III 6w1 60K jednorazowy vape z 60000 zaci\u0105gni\u0119ciami, 6 trybami smakowymi, bateri\u0105 850mAh, wy\u015bwietlaczem LED, nikotyn\u0105 2%\/5%.","og_url":"https:\/\/fizzyvape.eu\/pl\/produkt\/fizzy-max-iii-6w1-60k-60000-puff-jednorazowy-akumulator-vape-blue-razz-ice-strawberry-kiwi-sour-pineapple-orange-10szt\/","og_site_name":"fizzyvape.eu","og_image":[{"width":800,"height":800,"url":"https:\/\/fizzyvape.eu\/wp-content\/uploads\/2025\/06\/Fizzy-Max-60000-Puffs-10.webp","type":"image\/webp"}],"twitter_card":"summary_large_image","twitter_misc":{"Dost\u0119pno\u015b\u0107":"Brak w magazynie"},"schema":{"@context":"https:\/\/schema.org","@graph":[{"@type":"WebPage","@id":"https:\/\/fizzyvape.eu\/pl\/produkt\/fizzy-max-iii-6w1-60k-60000-puff-jednorazowy-akumulator-vape-blue-razz-ice-strawberry-kiwi-sour-pineapple-orange-10szt\/","url":"https:\/\/fizzyvape.eu\/pl\/produkt\/fizzy-max-iii-6w1-60k-60000-puff-jednorazowy-akumulator-vape-blue-razz-ice-strawberry-kiwi-sour-pineapple-orange-10szt\/","name":"Fizzy Max 60000 Puffs jednorazowy akumulator Vape - 6 smak\u00f3w","isPartOf":{"@id":"https:\/\/www.fizzyvape.eu\/pl\/#website"},"primaryImageOfPage":{"@id":"https:\/\/fizzyvape.eu\/pl\/produkt\/fizzy-max-iii-6w1-60k-60000-puff-jednorazowy-akumulator-vape-blue-razz-ice-strawberry-kiwi-sour-pineapple-orange-10szt\/#primaryimage"},"image":{"@id":"https:\/\/fizzyvape.eu\/pl\/produkt\/fizzy-max-iii-6w1-60k-60000-puff-jednorazowy-akumulator-vape-blue-razz-ice-strawberry-kiwi-sour-pineapple-orange-10szt\/#primaryimage"},"thumbnailUrl":"https:\/\/fizzyvape.eu\/wp-content\/uploads\/2025\/06\/Fizzy-Max-60000-Puffs-10.webp","datePublished":"2025-06-11T02:34:12+00:00","description":"Fizzy Max III 6w1 60K jednorazowy vape z 60000 zaci\u0105gni\u0119ciami, 6 trybami smakowymi, bateri\u0105 850mAh, wy\u015bwietlaczem LED, nikotyn\u0105 2%\/5%.","breadcrumb":{"@id":"https:\/\/fizzyvape.eu\/pl\/produkt\/fizzy-max-iii-6w1-60k-60000-puff-jednorazowy-akumulator-vape-blue-razz-ice-strawberry-kiwi-sour-pineapple-orange-10szt\/#breadcrumb"},"inLanguage":"pl-PL","potentialAction":[{"@type":"ReadAction","target":["https:\/\/fizzyvape.eu\/pl\/produkt\/fizzy-max-iii-6w1-60k-60000-puff-jednorazowy-akumulator-vape-blue-razz-ice-strawberry-kiwi-sour-pineapple-orange-10szt\/"]}]},{"@type":"ImageObject","inLanguage":"pl-PL","@id":"https:\/\/fizzyvape.eu\/pl\/produkt\/fizzy-max-iii-6w1-60k-60000-puff-jednorazowy-akumulator-vape-blue-razz-ice-strawberry-kiwi-sour-pineapple-orange-10szt\/#primaryimage","url":"https:\/\/fizzyvape.eu\/wp-content\/uploads\/2025\/06\/Fizzy-Max-60000-Puffs-10.webp","contentUrl":"https:\/\/fizzyvape.eu\/wp-content\/uploads\/2025\/06\/Fizzy-Max-60000-Puffs-10.webp","width":800,"height":800,"caption":"Fizzy Max 60000 Puffs jednorazowy akumulator Vape"},{"@type":"BreadcrumbList","@id":"https:\/\/fizzyvape.eu\/pl\/produkt\/fizzy-max-iii-6w1-60k-60000-puff-jednorazowy-akumulator-vape-blue-razz-ice-strawberry-kiwi-sour-pineapple-orange-10szt\/#breadcrumb","itemListElement":[{"@type":"ListItem","position":1,"name":"Home","item":"https:\/\/fizzyvape.eu\/pl\/"},{"@type":"ListItem","position":2,"name":"Sklep","item":"https:\/\/fizzyvape.eu\/pl\/sklep\/"},{"@type":"ListItem","position":3,"name":"Fizzy Max III 6w1 60K 60000 Puff jednorazowy akumulator Vape &#8211; Blue Razz Ice &amp; Strawberry Kiwi &amp; Sour Pineapple Orange &#8211; 10szt."}]},{"@type":"WebSite","@id":"https:\/\/www.fizzyvape.eu\/pl\/#website","url":"https:\/\/www.fizzyvape.eu\/pl\/","name":"fizzyvape.eu","description":"Refreshing Vapes. Unforgettable Taste.","publisher":{"@id":"https:\/\/www.fizzyvape.eu\/pl\/#organization"},"potentialAction":[{"@type":"SearchAction","target":{"@type":"EntryPoint","urlTemplate":"https:\/\/www.fizzyvape.eu\/pl\/?s={search_term_string}"},"query-input":{"@type":"PropertyValueSpecification","valueRequired":true,"valueName":"search_term_string"}}],"inLanguage":"pl-PL"},{"@type":"Organization","@id":"https:\/\/www.fizzyvape.eu\/pl\/#organization","name":"fizzyvape.eu","url":"https:\/\/www.fizzyvape.eu\/pl\/","logo":{"@type":"ImageObject","inLanguage":"pl-PL","@id":"https:\/\/www.fizzyvape.eu\/pl\/#\/schema\/logo\/image\/","url":"https:\/\/fizzyvape.eu\/wp-content\/uploads\/2019\/06\/print-1.svg","contentUrl":"https:\/\/fizzyvape.eu\/wp-content\/uploads\/2019\/06\/print-1.svg","width":124,"height":37,"caption":"fizzyvape.eu"},"image":{"@id":"https:\/\/www.fizzyvape.eu\/pl\/#\/schema\/logo\/image\/"}}]},"og_availability":"out of stock","product_availability":"out of stock","product_condition":"new"},"tiered_pricing_type":"fixed","tiered_pricing_fixed_rules":[],"tiered_pricing_product_settings":{"layout":"default","base_unit_name":{"singular":null,"plural":null},"default_variation":null},"tiered_pricing_minimum_quantity":null,"tiered_pricing_roles_data":[],"tiered_pricing_percentage_rules":[],"tiered_pricing_maximum_quantity":null,"tiered_pricing_quantity_step":null,"_links":{"self":[{"href":"https:\/\/fizzyvape.eu\/pl\/wp-json\/wp\/v2\/product\/33229","targetHints":{"allow":["GET"]}}],"collection":[{"href":"https:\/\/fizzyvape.eu\/pl\/wp-json\/wp\/v2\/product"}],"about":[{"href":"https:\/\/fizzyvape.eu\/pl\/wp-json\/wp\/v2\/types\/product"}],"replies":[{"embeddable":true,"href":"https:\/\/fizzyvape.eu\/pl\/wp-json\/wp\/v2\/comments?post=33229"}],"version-history":[{"count":0,"href":"https:\/\/fizzyvape.eu\/pl\/wp-json\/wp\/v2\/product\/33229\/revisions"}],"wp:featuredmedia":[{"embeddable":true,"href":"https:\/\/fizzyvape.eu\/pl\/wp-json\/wp\/v2\/media\/32491"}],"wp:attachment":[{"href":"https:\/\/fizzyvape.eu\/pl\/wp-json\/wp\/v2\/media?parent=33229"}],"wp:term":[{"taxonomy":"product_brand","embeddable":true,"href":"https:\/\/fizzyvape.eu\/pl\/wp-json\/wp\/v2\/product_brand?post=33229"},{"taxonomy":"product_cat","embeddable":true,"href":"https:\/\/fizzyvape.eu\/pl\/wp-json\/wp\/v2\/product_cat?post=33229"},{"taxonomy":"product_tag","embeddable":true,"href":"https:\/\/fizzyvape.eu\/pl\/wp-json\/wp\/v2\/product_tag?post=33229"}],"curies":[{"name":"wp","href":"https:\/\/api.w.org\/{rel}","templated":true}]}}