{"id":33247,"date":"2025-06-11T10:34:07","date_gmt":"2025-06-11T02:34:07","guid":{"rendered":"https:\/\/fizzyvape.eu\/product\/fizzy-max-iii-6w1-60k-60000-puff-jednorazowy-akumulator-vape-truskawka-winogrono-jagoda-kokos-i-brzoskwinia-cytryna-10-szt\/"},"modified":"2025-06-11T10:34:07","modified_gmt":"2025-06-11T02:34:07","slug":"fizzy-max-iii-6w1-60k-60000-puff-jednorazowy-akumulator-vape-truskawka-winogrono-jagoda-kokos-i-brzoskwinia-cytryna-10-szt","status":"publish","type":"product","link":"https:\/\/fizzyvape.eu\/pl\/produkt\/fizzy-max-iii-6w1-60k-60000-puff-jednorazowy-akumulator-vape-truskawka-winogrono-jagoda-kokos-i-brzoskwinia-cytryna-10-szt\/","title":{"rendered":"Fizzy Max III 6w1 60K 60000 Puff jednorazowy akumulator Vape &#8211; truskawka, winogrono, jagoda, kokos i brzoskwinia, cytryna &#8211; 10 szt."},"content":{"rendered":"<p><img decoding=\"async\" class=\"aligncenter\" src=\"https:\/\/fizzyvape.eu\/wp-content\/uploads\/2025\/06\/Fizzy-Max-III-6in1-60K-60000-Puffs-3-1.webp\" alt=\"Fizzy Max III 60000 Puffs 6in1 jednorazowy Vape (3 szt.)\"><\/p>\n<h3>Fizzy Max III 6w1 60K 60000 Puff jednorazowy akumulator Vape<\/h3>\n<p><strong>Truskawka, winogrono i jagoda, kokos i brzoskwinia, cytryna &#8211; 10 szt.<\/strong><\/p>\n<p>Do\u015bwiadcz najwy\u017cszej innowacji w dziedzinie waporyzacji dzi\u0119ki jednorazowemu waporyzatorowi Fizzy Max III 6 w 1, zaprojektowanemu tak, aby zapewni\u0107 do <strong>60 000 zaci\u0105gni\u0119\u0107<\/strong> w jednym eleganckim i wydajnym urz\u0105dzeniu. Ten rewolucyjny vape zawiera <strong>trzy wst\u0119pnie nape\u0142nione kapsu\u0142ki o pojemno\u015bci 20 ml<\/strong> o pysznych smakach: <strong>Strawberry Grape, Blueberry Coconut i Peach Lemon<\/strong>, oferuj\u0105ce <strong>sze\u015b\u0107 unikalnych tryb\u00f3w smakowych<\/strong> dzi\u0119ki prostemu mechanizmowi obrotowego ustnika. <\/p>\n<h4>Kluczowe cechy:<\/h4>\n<ul>\n<li><strong>Liczba zaci\u0105gni\u0119\u0107:<\/strong> Do 60 000 zaci\u0105gni\u0119\u0107 dla d\u0142ugotrwa\u0142ej przyjemno\u015bci.<\/li>\n<li><strong>Konstrukcja:<\/strong> \u0141adowalna i jednorazowa &#8211; nie wymaga wk\u0142ad\u00f3w<\/li>\n<li><strong>Bateria:<\/strong> Wbudowany akumulator o pojemno\u015bci 850 mAh z funkcj\u0105 \u0142adowania przez USB typu C<\/li>\n<li><strong>Pojemno\u015b\u0107 e-liquidu:<\/strong> \u0142\u0105cznie 60 ml (3 \u00d7 20 ml w kapsu\u0142kach)<\/li>\n<li><strong>Moc nikotyny:<\/strong> Dost\u0119pne w opcjach 2% i 5% nikotyny<\/li>\n<li><strong>Tryby smakowe:<\/strong> 6 kombinacji smakowych &#8211; 3 pojedyncze smaki i 3 mieszane miksy.<\/li>\n<li><strong>Wy\u015bwietlacz LED:<\/strong> Wskazuje poziom na\u0142adowania baterii dla \u0142atwego monitorowania<\/li>\n<li><strong>Ustnik:<\/strong> Obrotowa konstrukcja umo\u017cliwia p\u0142ynne prze\u0142\u0105czanie mi\u0119dzy smakami<\/li>\n<li><strong>Cewka:<\/strong> Zaawansowana technologia cewki siatkowej zapewnia g\u0142adk\u0105, bogat\u0105 par\u0119<\/li>\n<li><strong>Zastosowanie:<\/strong> Obs\u0142uguje zar\u00f3wno waporyzacj\u0119 ustno-p\u0142ucn\u0105 (MTL), jak i bezpo\u015bredni\u0105 (DL).<\/li>\n<\/ul>\n<h2>Tryby smaku:<\/h2>\n<ul>\n<li><strong>Strawberry Grape (A):<\/strong> S\u0142odka i soczysta mieszanka jag\u00f3d i winogron<\/li>\n<li><strong>Blueberry Coconut (B):<\/strong> Kremowy kokos ze \u015bwie\u017cymi jagodami<\/li>\n<li><strong data-is-only-node=\"\">Peach Lemon (C):<\/strong> pikantna cytryna ze s\u0142odk\u0105 brzoskwini\u0105<\/li>\n<li><strong>Mix AB:<\/strong> Tropikalna mieszanka jag\u00f3d i kokosa<\/li>\n<li><strong>Mix BC:<\/strong> G\u0142adkie cytrusowo-kokosowe po\u0142\u0105czenie<\/li>\n<li><strong>Mix CA:<\/strong> brzoskwiniowe jagody z cytrusow\u0105 sk\u00f3rk\u0105<\/li>\n<\/ul>\n<p>Prze\u0142\u0105czaj si\u0119 mi\u0119dzy wszystkimi sze\u015bcioma profilami smakowymi za pomoc\u0105 prostego <strong>podnoszenia i obracania<\/strong> ustnika. Wbudowany system obrotowy pozwala bez wysi\u0142ku zmienia\u0107 smaki:<br \/>\n<strong>A \u2192 Mix AB \u2192 B \u2192 Mix BC \u2192 C \u2192 Mix CA<\/strong><\/p>\n<p>Bez wysi\u0142ku odkrywaj wszystkie sze\u015b\u0107 profili smakowych dzi\u0119ki inteligentnej obrotowej konstrukcji, kt\u00f3ra sprawia, \u017ce prze\u0142\u0105czanie smak\u00f3w jest p\u0142ynne i bezproblemowe. Zobacz, jak to dzia\u0142a w naszym <a href=\"https:\/\/www.youtube.com\/watch?v=CoxB_HvaU3k\">filmie demonstracyjnym<\/a>. <\/p>\n<h2>Najwa\u017cniejsze cechy produktu<\/h2>\n<ul>\n<li><strong>Zaci\u0105gni\u0119cia:<\/strong> Do <strong>60 000 zaci\u0105gni\u0119\u0107<\/strong><\/li>\n<li><strong>System smakowy 6 w 1<\/strong> (3 single + 3 mieszanki)<\/li>\n<li><strong>Pojemno\u015b\u0107 e-liquidu:<\/strong> 60 ml (3 \u00d7 20 ml w kapsu\u0142kach)<\/li>\n<li><strong>Moc nikotyny:<\/strong> 2% \/ 5%<\/li>\n<li><strong>Bateria:<\/strong> 850 mAh z mo\u017cliwo\u015bci\u0105 \u0142adowania przez Type-C<\/li>\n<li><strong>Cewka:<\/strong> Siatkowa cewka dla sta\u0142ej pary i bogatego smaku<\/li>\n<li><strong>Wy\u015bwietlacz LED:<\/strong> Wska\u017anik baterii i trybu<\/li>\n<li><strong>Okres trwa\u0142o\u015bci:<\/strong> 2 lata<\/li>\n<\/ul>\n<h3><strong>Fizzy Max III 6in1 60000 Puffs Jednorazowy Vape Lista smak\u00f3w:<\/strong><\/h3>\n<ol>\n<li><a href=\"https:\/\/fizzyvape.eu\/pl\/produkt\/fizzy-max-iii-6w1-60k-60000-puff-jednorazowy-akumulator-vape-truskawka-malina-mango-brzoskwinia-jagoda-arbuz-10-szt\/\">Truskawka Malina &amp; Mango Brzoskwinia &amp; Jagoda Arbuz<\/a><\/li>\n<li><a href=\"https:\/\/fizzyvape.eu\/pl\/produkt\/fizzy-max-iii-6w1-60k-60000-puff-jednorazowy-akumulator-vape-mixed-berry-kiwi-passion-fruit-guava-strawberry-watermelon-10szt\/\">Mixed Berry &amp; Kiwi Passion Fruit Guava &amp; Strawberry Watermelon<\/a><\/li>\n<li><a href=\"https:\/\/fizzyvape.eu\/pl\/produkt\/fizzy-max-iii-6w1-60k-60000-puffs-jednorazowy-akumulator-vape-blueberry-raspberry-triple-melon-strawberry-ice-10szt\/\">Blueberry Raspberry &amp; Triple Melon &amp; Strawberry Ice<\/a><\/li>\n<li><a href=\"https:\/\/fizzyvape.eu\/pl\/produkt\/fizzy-max-iii-6w1-60k-60000-puff-jednorazowy-akumulator-vape-truskawkowy-smoczy-owoc-red-bull-malinowy-arbuz-10szt\/\">Smoczy owoc truskawkowy &amp; Red Bull &amp; arbuz malinowy<\/a><\/li>\n<li><a href=\"https:\/\/fizzyvape.eu\/pl\/produkt\/fizzy-max-iii-6w1-60k-60000-puff-jednorazowy-akumulator-vape-truskawka-kiwi-jagoda-i-arbuz-10-sztuk\/\">L\u00f3d truskawkowy, kiwi i jagodowy oraz l\u00f3d arbuzowy<\/a><\/li>\n<li><a href=\"https:\/\/fizzyvape.eu\/pl\/produkt\/fizzy-max-iii-6w1-60k-60000-puff-jednorazowy-akumulator-vape-blueberry-ice-fizzy-cherry-raspberry-lemon-10szt\/\">Blueberry Ice &amp; Fizzy Cherry &amp; Raspberry Lemon<\/a><\/li>\n<li><a href=\"https:\/\/fizzyvape.eu\/pl\/produkt\/fizzy-max-iii-6in1-60k-60000-puffs-jednorazowy-akumulator-vape-watermelon-ice-strawberry-vanilla-coke-mixed-berry-10szt\/\">Watermelon Ice &amp; Strawberry Vanilla Coke &amp; Mixed<\/a><\/li>\n<li><a href=\"https:\/\/fizzyvape.eu\/pl\/produkt\/fizzy-max-iii-6w1-60k-60000-puff-jednorazowy-akumulator-vape-truskawka-winogrono-jagoda-kokos-i-brzoskwinia-cytryna-10-szt\/\">Truskawka Winogrono &amp; Jagoda Kokos &amp; Brzoskwinia Cytryna<\/a><\/li>\n<li><a href=\"https:\/\/fizzyvape.eu\/pl\/produkt\/fizzy-max-iii-6w1-60k-60000-puff-jednorazowy-akumulator-vape-blue-razz-ice-strawberry-kiwi-sour-pineapple-orange-10szt\/\">Blue Razz Ice &amp; Strawberry Kiwi &amp; Sour Pineapple Orange<\/a><\/li>\n<li><a href=\"https:\/\/fizzyvape.eu\/pl\/produkt\/fizzy-max-iii-6w1-60k-60000-puff-jednorazowy-akumulator-vape-truskawka-arbuz-cytryna-limonka-i-jagoda-kokos-10-szt\/\">Arbuz truskawkowy &amp; Limonka cytrynowa &amp; Kokos jagodowy<\/a><\/li>\n<\/ol>\n<h3><strong>Dostosowane do ka\u017cdego stylu waporyzacji<\/strong><\/h3>\n<p><strong>Tryb pojedynczego smaku (MTL):<\/strong><br \/>\nZapewnia ciasne, aromatyczne zaci\u0105gni\u0119cie idealne do waporyzacji <strong>usta-p\u0142uca<\/strong> i czysto\u015bci smaku.<\/p>\n<p><strong>Tryb Dual-Flavor Mix (DL):<\/strong><br \/>\nZwi\u0119kszony przep\u0142yw powietrza i mieszany smak dla odwa\u017cnych, przewiewnych uderze\u0144 <strong>bezpo\u015brednio do p\u0142uc<\/strong> i wi\u0119kszych chmur.<\/p>\n<h3>Dlaczego warto wybra\u0107 Fizzy Max III 6w1?<\/h3>\n<ul>\n<li>\u0141\u0105czy w sobie <strong>du\u017c\u0105 liczb\u0119 zaci\u0105gni\u0119\u0107<\/strong> i <strong>mo\u017cliwo\u015b\u0107 \u0142adowania<\/strong>, zapewniaj\u0105c maksymaln\u0105 warto\u015b\u0107<\/li>\n<li><strong>Wiele opcji smakowych<\/strong> w jednym, kompaktowym urz\u0105dzeniu<\/li>\n<li><strong>Wska\u017anik LED na\u0142adowania baterii<\/strong> informuje u\u017cytkownika<\/li>\n<li>Du\u017ca pojemno\u015b\u0107 e-liquidu i <strong>wysokiej jako\u015bci moc nikotyny<\/strong> dostosowana do Twoich preferencji<\/li>\n<li>Szybkie \u0142adowanie przez USB Type-C dla wygody<\/li>\n<li>Idealny dla waper\u00f3w, kt\u00f3rzy chc\u0105 r\u00f3\u017cnorodno\u015bci, wygody i trwa\u0142ej wydajno\u015bci.<\/li>\n<\/ul>\n<h3><strong>FAQ &#8211; Fizzy Max III 6w1 60K jednorazowy akumulator Vape<\/strong><\/h3>\n<ul>\n<li><strong>Czy jest jednorazowy, je\u015bli mo\u017cna go \u0142adowa\u0107?<\/strong><br \/>\nTak, na\u0142aduj, aby zu\u017cy\u0107 ca\u0142y e-liquid, a nast\u0119pnie pozb\u0105d\u017a si\u0119 go w odpowiedzialny spos\u00f3b po opr\u00f3\u017cnieniu.<\/li>\n<li><strong>Jak zmieni\u0107 smaki?<\/strong><br \/>\nObr\u00f3\u0107 ustnik, aby prze\u0142\u0105cza\u0107 si\u0119 mi\u0119dzy smakami.<\/li>\n<li><strong>Liczy si\u0119 puff?<\/strong><br \/>\nDo 60 000 zaci\u0105gni\u0119\u0107.<\/li>\n<li><strong>Opcje nikotynowe?<\/strong><br \/>\n2% i 5%.<\/li>\n<\/ul>\n","protected":false},"excerpt":{"rendered":"<p>Odkryj Fizzy Max III 6w1 &#8211; jednorazowy waporyzator z mo\u017cliwo\u015bci\u0105 \u0142adowania, zapewniaj\u0105cy do 60 000 zaci\u0105gni\u0119\u0107 i 6 unikalnych tryb\u00f3w smakowych. Ciesz si\u0119 truskawkowym winogronem, jagodowym kokosem i brzoskwiniow\u0105 cytryn\u0105 w jednym urz\u0105dzeniu z wy\u015bwietlaczem LED i \u0142adowaniem typu C. <\/p>\n","protected":false},"featured_media":32473,"comment_status":"open","ping_status":"closed","template":"","meta":{"iawp_total_views":20},"product_brand":[],"product_cat":[589],"product_tag":[613,610,612,611],"class_list":{"0":"post-33247","1":"product","2":"type-product","3":"status-publish","4":"has-post-thumbnail","6":"product_cat-max-iii-6in1-60k-60000-puffs-rechargeable-disposable-vape-pl","7":"product_tag-6-smakow-w-1-urzadzeniu","8":"product_tag-60000-puffow","9":"product_tag-akumulator","10":"product_tag-vape-jednorazowego-uzytku","12":"first","13":"outofstock","14":"sale","15":"shipping-taxable","16":"purchasable","17":"product-type-variable"},"yoast_head":"<!-- This site is optimized with the Yoast SEO Premium plugin v24.8 (Yoast SEO v24.8) - https:\/\/yoast.com\/wordpress\/plugins\/seo\/ -->\n<title>Fizzy Max III 6in1 60K Puffs jednorazowy akumulator Vape<\/title>\n<meta name=\"description\" content=\"Ciesz si\u0119 60 tysi\u0105cami zaci\u0105gni\u0119\u0107 dzi\u0119ki jednorazowemu akumulatorowi Fizzy Max III 6w1. Posiada 6 tryb\u00f3w smakowych, 2%\/5% nikotyny, wy\u015bwietlacz LED i \u0142adowanie przez USB Type-C.\" \/>\n<meta name=\"robots\" content=\"index, follow, max-snippet:-1, max-image-preview:large, max-video-preview:-1\" \/>\n<link rel=\"canonical\" href=\"https:\/\/fizzyvape.eu\/pl\/produkt\/fizzy-max-iii-6w1-60k-60000-puff-jednorazowy-akumulator-vape-truskawka-winogrono-jagoda-kokos-i-brzoskwinia-cytryna-10-szt\/\" \/>\n<meta property=\"og:locale\" content=\"pl_PL\" \/>\n<meta property=\"og:type\" content=\"article\" \/>\n<meta property=\"og:title\" content=\"Fizzy Max III 6w1 60K 60000 Puff jednorazowy akumulator Vape - truskawka, winogrono, jagoda, kokos i brzoskwinia, cytryna - 10 szt.\" \/>\n<meta property=\"og:description\" content=\"Ciesz si\u0119 60 tysi\u0105cami zaci\u0105gni\u0119\u0107 dzi\u0119ki jednorazowemu akumulatorowi Fizzy Max III 6w1. Posiada 6 tryb\u00f3w smakowych, 2%\/5% nikotyny, wy\u015bwietlacz LED i \u0142adowanie przez USB Type-C.\" \/>\n<meta property=\"og:url\" content=\"https:\/\/fizzyvape.eu\/pl\/produkt\/fizzy-max-iii-6w1-60k-60000-puff-jednorazowy-akumulator-vape-truskawka-winogrono-jagoda-kokos-i-brzoskwinia-cytryna-10-szt\/\" \/>\n<meta property=\"og:site_name\" content=\"fizzyvape.eu\" \/>\n<meta property=\"og:image\" content=\"https:\/\/fizzyvape.eu\/wp-content\/uploads\/2025\/06\/Fizzy-Max-60000-Puffs-08.webp\" \/>\n\t<meta property=\"og:image:width\" content=\"800\" \/>\n\t<meta property=\"og:image:height\" content=\"800\" \/>\n\t<meta property=\"og:image:type\" content=\"image\/webp\" \/>\n<meta name=\"twitter:card\" content=\"summary_large_image\" \/>\n<meta name=\"twitter:label1\" content=\"Dost\u0119pno\u015b\u0107\" \/>\n\t<meta name=\"twitter:data1\" content=\"Brak w magazynie\" \/>\n<script type=\"application\/ld+json\" class=\"yoast-schema-graph\">{\"@context\":\"https:\/\/schema.org\",\"@graph\":[{\"@type\":\"WebPage\",\"@id\":\"https:\/\/fizzyvape.eu\/pl\/produkt\/fizzy-max-iii-6w1-60k-60000-puff-jednorazowy-akumulator-vape-truskawka-winogrono-jagoda-kokos-i-brzoskwinia-cytryna-10-szt\/\",\"url\":\"https:\/\/fizzyvape.eu\/pl\/produkt\/fizzy-max-iii-6w1-60k-60000-puff-jednorazowy-akumulator-vape-truskawka-winogrono-jagoda-kokos-i-brzoskwinia-cytryna-10-szt\/\",\"name\":\"Fizzy Max III 6in1 60K Puffs jednorazowy akumulator Vape\",\"isPartOf\":{\"@id\":\"https:\/\/www.fizzyvape.eu\/pl\/#website\"},\"primaryImageOfPage\":{\"@id\":\"https:\/\/fizzyvape.eu\/pl\/produkt\/fizzy-max-iii-6w1-60k-60000-puff-jednorazowy-akumulator-vape-truskawka-winogrono-jagoda-kokos-i-brzoskwinia-cytryna-10-szt\/#primaryimage\"},\"image\":{\"@id\":\"https:\/\/fizzyvape.eu\/pl\/produkt\/fizzy-max-iii-6w1-60k-60000-puff-jednorazowy-akumulator-vape-truskawka-winogrono-jagoda-kokos-i-brzoskwinia-cytryna-10-szt\/#primaryimage\"},\"thumbnailUrl\":\"https:\/\/fizzyvape.eu\/wp-content\/uploads\/2025\/06\/Fizzy-Max-60000-Puffs-08.webp\",\"datePublished\":\"2025-06-11T02:34:07+00:00\",\"description\":\"Ciesz si\u0119 60 tysi\u0105cami zaci\u0105gni\u0119\u0107 dzi\u0119ki jednorazowemu akumulatorowi Fizzy Max III 6w1. Posiada 6 tryb\u00f3w smakowych, 2%\/5% nikotyny, wy\u015bwietlacz LED i \u0142adowanie przez USB Type-C.\",\"breadcrumb\":{\"@id\":\"https:\/\/fizzyvape.eu\/pl\/produkt\/fizzy-max-iii-6w1-60k-60000-puff-jednorazowy-akumulator-vape-truskawka-winogrono-jagoda-kokos-i-brzoskwinia-cytryna-10-szt\/#breadcrumb\"},\"inLanguage\":\"pl-PL\",\"potentialAction\":[{\"@type\":\"ReadAction\",\"target\":[\"https:\/\/fizzyvape.eu\/pl\/produkt\/fizzy-max-iii-6w1-60k-60000-puff-jednorazowy-akumulator-vape-truskawka-winogrono-jagoda-kokos-i-brzoskwinia-cytryna-10-szt\/\"]}]},{\"@type\":\"ImageObject\",\"inLanguage\":\"pl-PL\",\"@id\":\"https:\/\/fizzyvape.eu\/pl\/produkt\/fizzy-max-iii-6w1-60k-60000-puff-jednorazowy-akumulator-vape-truskawka-winogrono-jagoda-kokos-i-brzoskwinia-cytryna-10-szt\/#primaryimage\",\"url\":\"https:\/\/fizzyvape.eu\/wp-content\/uploads\/2025\/06\/Fizzy-Max-60000-Puffs-08.webp\",\"contentUrl\":\"https:\/\/fizzyvape.eu\/wp-content\/uploads\/2025\/06\/Fizzy-Max-60000-Puffs-08.webp\",\"width\":800,\"height\":800},{\"@type\":\"BreadcrumbList\",\"@id\":\"https:\/\/fizzyvape.eu\/pl\/produkt\/fizzy-max-iii-6w1-60k-60000-puff-jednorazowy-akumulator-vape-truskawka-winogrono-jagoda-kokos-i-brzoskwinia-cytryna-10-szt\/#breadcrumb\",\"itemListElement\":[{\"@type\":\"ListItem\",\"position\":1,\"name\":\"Home\",\"item\":\"https:\/\/fizzyvape.eu\/pl\/\"},{\"@type\":\"ListItem\",\"position\":2,\"name\":\"Sklep\",\"item\":\"https:\/\/fizzyvape.eu\/pl\/sklep\/\"},{\"@type\":\"ListItem\",\"position\":3,\"name\":\"Fizzy Max III 6w1 60K 60000 Puff jednorazowy akumulator Vape &#8211; truskawka, winogrono, jagoda, kokos i brzoskwinia, cytryna &#8211; 10 szt.\"}]},{\"@type\":\"WebSite\",\"@id\":\"https:\/\/www.fizzyvape.eu\/pl\/#website\",\"url\":\"https:\/\/www.fizzyvape.eu\/pl\/\",\"name\":\"fizzyvape.eu\",\"description\":\"Refreshing Vapes. Unforgettable Taste.\",\"publisher\":{\"@id\":\"https:\/\/www.fizzyvape.eu\/pl\/#organization\"},\"potentialAction\":[{\"@type\":\"SearchAction\",\"target\":{\"@type\":\"EntryPoint\",\"urlTemplate\":\"https:\/\/www.fizzyvape.eu\/pl\/?s={search_term_string}\"},\"query-input\":{\"@type\":\"PropertyValueSpecification\",\"valueRequired\":true,\"valueName\":\"search_term_string\"}}],\"inLanguage\":\"pl-PL\"},{\"@type\":\"Organization\",\"@id\":\"https:\/\/www.fizzyvape.eu\/pl\/#organization\",\"name\":\"fizzyvape.eu\",\"url\":\"https:\/\/www.fizzyvape.eu\/pl\/\",\"logo\":{\"@type\":\"ImageObject\",\"inLanguage\":\"pl-PL\",\"@id\":\"https:\/\/www.fizzyvape.eu\/pl\/#\/schema\/logo\/image\/\",\"url\":\"https:\/\/fizzyvape.eu\/wp-content\/uploads\/2019\/06\/print-1.svg\",\"contentUrl\":\"https:\/\/fizzyvape.eu\/wp-content\/uploads\/2019\/06\/print-1.svg\",\"width\":124,\"height\":37,\"caption\":\"fizzyvape.eu\"},\"image\":{\"@id\":\"https:\/\/www.fizzyvape.eu\/pl\/#\/schema\/logo\/image\/\"}}]}<\/script>\n<meta property=\"og:availability\" content=\"out of stock\" \/>\n<meta property=\"product:availability\" content=\"out of stock\" \/>\n<meta property=\"product:condition\" content=\"new\" \/>\n<!-- \/ Yoast SEO Premium plugin. -->","yoast_head_json":{"title":"Fizzy Max III 6in1 60K Puffs jednorazowy akumulator Vape","description":"Ciesz si\u0119 60 tysi\u0105cami zaci\u0105gni\u0119\u0107 dzi\u0119ki jednorazowemu akumulatorowi Fizzy Max III 6w1. Posiada 6 tryb\u00f3w smakowych, 2%\/5% nikotyny, wy\u015bwietlacz LED i \u0142adowanie przez USB Type-C.","robots":{"index":"index","follow":"follow","max-snippet":"max-snippet:-1","max-image-preview":"max-image-preview:large","max-video-preview":"max-video-preview:-1"},"canonical":"https:\/\/fizzyvape.eu\/pl\/produkt\/fizzy-max-iii-6w1-60k-60000-puff-jednorazowy-akumulator-vape-truskawka-winogrono-jagoda-kokos-i-brzoskwinia-cytryna-10-szt\/","og_locale":"pl_PL","og_type":"article","og_title":"Fizzy Max III 6w1 60K 60000 Puff jednorazowy akumulator Vape - truskawka, winogrono, jagoda, kokos i brzoskwinia, cytryna - 10 szt.","og_description":"Ciesz si\u0119 60 tysi\u0105cami zaci\u0105gni\u0119\u0107 dzi\u0119ki jednorazowemu akumulatorowi Fizzy Max III 6w1. Posiada 6 tryb\u00f3w smakowych, 2%\/5% nikotyny, wy\u015bwietlacz LED i \u0142adowanie przez USB Type-C.","og_url":"https:\/\/fizzyvape.eu\/pl\/produkt\/fizzy-max-iii-6w1-60k-60000-puff-jednorazowy-akumulator-vape-truskawka-winogrono-jagoda-kokos-i-brzoskwinia-cytryna-10-szt\/","og_site_name":"fizzyvape.eu","og_image":[{"width":800,"height":800,"url":"https:\/\/fizzyvape.eu\/wp-content\/uploads\/2025\/06\/Fizzy-Max-60000-Puffs-08.webp","type":"image\/webp"}],"twitter_card":"summary_large_image","twitter_misc":{"Dost\u0119pno\u015b\u0107":"Brak w magazynie"},"schema":{"@context":"https:\/\/schema.org","@graph":[{"@type":"WebPage","@id":"https:\/\/fizzyvape.eu\/pl\/produkt\/fizzy-max-iii-6w1-60k-60000-puff-jednorazowy-akumulator-vape-truskawka-winogrono-jagoda-kokos-i-brzoskwinia-cytryna-10-szt\/","url":"https:\/\/fizzyvape.eu\/pl\/produkt\/fizzy-max-iii-6w1-60k-60000-puff-jednorazowy-akumulator-vape-truskawka-winogrono-jagoda-kokos-i-brzoskwinia-cytryna-10-szt\/","name":"Fizzy Max III 6in1 60K Puffs jednorazowy akumulator Vape","isPartOf":{"@id":"https:\/\/www.fizzyvape.eu\/pl\/#website"},"primaryImageOfPage":{"@id":"https:\/\/fizzyvape.eu\/pl\/produkt\/fizzy-max-iii-6w1-60k-60000-puff-jednorazowy-akumulator-vape-truskawka-winogrono-jagoda-kokos-i-brzoskwinia-cytryna-10-szt\/#primaryimage"},"image":{"@id":"https:\/\/fizzyvape.eu\/pl\/produkt\/fizzy-max-iii-6w1-60k-60000-puff-jednorazowy-akumulator-vape-truskawka-winogrono-jagoda-kokos-i-brzoskwinia-cytryna-10-szt\/#primaryimage"},"thumbnailUrl":"https:\/\/fizzyvape.eu\/wp-content\/uploads\/2025\/06\/Fizzy-Max-60000-Puffs-08.webp","datePublished":"2025-06-11T02:34:07+00:00","description":"Ciesz si\u0119 60 tysi\u0105cami zaci\u0105gni\u0119\u0107 dzi\u0119ki jednorazowemu akumulatorowi Fizzy Max III 6w1. Posiada 6 tryb\u00f3w smakowych, 2%\/5% nikotyny, wy\u015bwietlacz LED i \u0142adowanie przez USB Type-C.","breadcrumb":{"@id":"https:\/\/fizzyvape.eu\/pl\/produkt\/fizzy-max-iii-6w1-60k-60000-puff-jednorazowy-akumulator-vape-truskawka-winogrono-jagoda-kokos-i-brzoskwinia-cytryna-10-szt\/#breadcrumb"},"inLanguage":"pl-PL","potentialAction":[{"@type":"ReadAction","target":["https:\/\/fizzyvape.eu\/pl\/produkt\/fizzy-max-iii-6w1-60k-60000-puff-jednorazowy-akumulator-vape-truskawka-winogrono-jagoda-kokos-i-brzoskwinia-cytryna-10-szt\/"]}]},{"@type":"ImageObject","inLanguage":"pl-PL","@id":"https:\/\/fizzyvape.eu\/pl\/produkt\/fizzy-max-iii-6w1-60k-60000-puff-jednorazowy-akumulator-vape-truskawka-winogrono-jagoda-kokos-i-brzoskwinia-cytryna-10-szt\/#primaryimage","url":"https:\/\/fizzyvape.eu\/wp-content\/uploads\/2025\/06\/Fizzy-Max-60000-Puffs-08.webp","contentUrl":"https:\/\/fizzyvape.eu\/wp-content\/uploads\/2025\/06\/Fizzy-Max-60000-Puffs-08.webp","width":800,"height":800},{"@type":"BreadcrumbList","@id":"https:\/\/fizzyvape.eu\/pl\/produkt\/fizzy-max-iii-6w1-60k-60000-puff-jednorazowy-akumulator-vape-truskawka-winogrono-jagoda-kokos-i-brzoskwinia-cytryna-10-szt\/#breadcrumb","itemListElement":[{"@type":"ListItem","position":1,"name":"Home","item":"https:\/\/fizzyvape.eu\/pl\/"},{"@type":"ListItem","position":2,"name":"Sklep","item":"https:\/\/fizzyvape.eu\/pl\/sklep\/"},{"@type":"ListItem","position":3,"name":"Fizzy Max III 6w1 60K 60000 Puff jednorazowy akumulator Vape &#8211; truskawka, winogrono, jagoda, kokos i brzoskwinia, cytryna &#8211; 10 szt."}]},{"@type":"WebSite","@id":"https:\/\/www.fizzyvape.eu\/pl\/#website","url":"https:\/\/www.fizzyvape.eu\/pl\/","name":"fizzyvape.eu","description":"Refreshing Vapes. Unforgettable Taste.","publisher":{"@id":"https:\/\/www.fizzyvape.eu\/pl\/#organization"},"potentialAction":[{"@type":"SearchAction","target":{"@type":"EntryPoint","urlTemplate":"https:\/\/www.fizzyvape.eu\/pl\/?s={search_term_string}"},"query-input":{"@type":"PropertyValueSpecification","valueRequired":true,"valueName":"search_term_string"}}],"inLanguage":"pl-PL"},{"@type":"Organization","@id":"https:\/\/www.fizzyvape.eu\/pl\/#organization","name":"fizzyvape.eu","url":"https:\/\/www.fizzyvape.eu\/pl\/","logo":{"@type":"ImageObject","inLanguage":"pl-PL","@id":"https:\/\/www.fizzyvape.eu\/pl\/#\/schema\/logo\/image\/","url":"https:\/\/fizzyvape.eu\/wp-content\/uploads\/2019\/06\/print-1.svg","contentUrl":"https:\/\/fizzyvape.eu\/wp-content\/uploads\/2019\/06\/print-1.svg","width":124,"height":37,"caption":"fizzyvape.eu"},"image":{"@id":"https:\/\/www.fizzyvape.eu\/pl\/#\/schema\/logo\/image\/"}}]},"og_availability":"out of stock","product_availability":"out of stock","product_condition":"new"},"tiered_pricing_type":"fixed","tiered_pricing_fixed_rules":[],"tiered_pricing_product_settings":{"layout":"default","base_unit_name":{"singular":null,"plural":null},"default_variation":null},"tiered_pricing_minimum_quantity":null,"tiered_pricing_roles_data":[],"tiered_pricing_percentage_rules":[],"tiered_pricing_maximum_quantity":null,"tiered_pricing_quantity_step":null,"_links":{"self":[{"href":"https:\/\/fizzyvape.eu\/pl\/wp-json\/wp\/v2\/product\/33247","targetHints":{"allow":["GET"]}}],"collection":[{"href":"https:\/\/fizzyvape.eu\/pl\/wp-json\/wp\/v2\/product"}],"about":[{"href":"https:\/\/fizzyvape.eu\/pl\/wp-json\/wp\/v2\/types\/product"}],"replies":[{"embeddable":true,"href":"https:\/\/fizzyvape.eu\/pl\/wp-json\/wp\/v2\/comments?post=33247"}],"version-history":[{"count":0,"href":"https:\/\/fizzyvape.eu\/pl\/wp-json\/wp\/v2\/product\/33247\/revisions"}],"wp:featuredmedia":[{"embeddable":true,"href":"https:\/\/fizzyvape.eu\/pl\/wp-json\/wp\/v2\/media\/32473"}],"wp:attachment":[{"href":"https:\/\/fizzyvape.eu\/pl\/wp-json\/wp\/v2\/media?parent=33247"}],"wp:term":[{"taxonomy":"product_brand","embeddable":true,"href":"https:\/\/fizzyvape.eu\/pl\/wp-json\/wp\/v2\/product_brand?post=33247"},{"taxonomy":"product_cat","embeddable":true,"href":"https:\/\/fizzyvape.eu\/pl\/wp-json\/wp\/v2\/product_cat?post=33247"},{"taxonomy":"product_tag","embeddable":true,"href":"https:\/\/fizzyvape.eu\/pl\/wp-json\/wp\/v2\/product_tag?post=33247"}],"curies":[{"name":"wp","href":"https:\/\/api.w.org\/{rel}","templated":true}]}}