{"id":33254,"date":"2025-06-11T10:33:48","date_gmt":"2025-06-11T02:33:48","guid":{"rendered":"https:\/\/fizzyvape.eu\/product\/fizzy-max-iii-6w1-60k-60000-puff-jednorazowy-akumulator-vape-truskawka-kiwi-jagoda-i-arbuz-10-sztuk\/"},"modified":"2025-06-11T10:33:48","modified_gmt":"2025-06-11T02:33:48","slug":"fizzy-max-iii-6w1-60k-60000-puff-jednorazowy-akumulator-vape-truskawka-kiwi-jagoda-i-arbuz-10-sztuk","status":"publish","type":"product","link":"https:\/\/fizzyvape.eu\/pl\/produkt\/fizzy-max-iii-6w1-60k-60000-puff-jednorazowy-akumulator-vape-truskawka-kiwi-jagoda-i-arbuz-10-sztuk\/","title":{"rendered":"Fizzy Max III 6w1 60K 60000 Puff jednorazowy akumulator Vape &#8211; truskawka, kiwi, jagoda i arbuz &#8211; 10 sztuk"},"content":{"rendered":"<h1><img decoding=\"async\" class=\"aligncenter\" src=\"https:\/\/fizzyvape.eu\/wp-content\/uploads\/2025\/06\/Fizzy-Max-III-6in1-60K-60000-Puffs-6-1.webp\" alt=\"Fizzy Max III 60000 Puffs 6in1 Jednorazowy Vape Hurtownia (5)\"><\/h1>\n<h1><strong>Fizzy Max III 6w1 60K 60000 Puff jednorazowy akumulator Vape<\/strong><\/h1>\n<p><strong>Strawberry Kiwi &amp; Blueberry Ice &amp; Watermelon Ice &#8211; opakowanie 10 sztuk<\/strong><\/p>\n<h2><strong>Jedno urz\u0105dzenie. Sze\u015b\u0107 smak\u00f3w. 60 000 zaci\u0105gni\u0119\u0107 najwy\u017cszej jako\u015bci waporyzacji.  <\/strong><\/h2>\n<p>Poznaj przysz\u0142o\u015b\u0107 jednorazowej waporyzacji dzi\u0119ki Fizzy Max III 6w1 &#8211; pot\u0119\u017cnemu, wszechstronnemu urz\u0105dzeniu, kt\u00f3re zapewnia wiod\u0105ce w bran\u017cy 60 000 zaci\u0105gni\u0119\u0107 i 6 unikalnych dozna\u0144 smakowych z zaledwie 3 kapsu\u0142ek. Bez uzupe\u0142niania, bez wymiany, bez kompromis\u00f3w. <\/p>\n<p>\u0141\u0105cz\u0105c najnowocze\u015bniejsz\u0105 in\u017cynieri\u0119 z czyst\u0105 satysfakcj\u0105 z waporyzacji, to \u0142adowalne urz\u0105dzenie zosta\u0142o stworzone dla u\u017cytkownik\u00f3w, kt\u00f3rzy chc\u0105 r\u00f3\u017cnorodno\u015bci, wygody i wydajno\u015bci w jednym eleganckim opakowaniu.<\/p>\n<p>Odblokuj \u015bwiat orze\u017awiaj\u0105cych owocowych mieszanek dzi\u0119ki <strong>Fizzy Max III 6w1<\/strong>, jednorazowemu waporyzatorowi nowej generacji oferuj\u0105cemu <strong>sze\u015b\u0107 unikalnych dozna\u0144 smakowych<\/strong> z zaledwie <strong>trzech kapsu\u0142ek<\/strong>: <strong>Strawberry Kiwi<\/strong>, <strong>Blueberry Ice<\/strong> i <strong>Watermelon Ice<\/strong>. Dzi\u0119ki inteligentnemu systemowi rotacji, urz\u0105dzenie to zapewnia niezr\u00f3wnan\u0105 r\u00f3\u017cnorodno\u015b\u0107, moc i smak bez konieczno\u015bci wymiany wk\u0142ad\u00f3w. <\/p>\n<h4><strong>Tryby smaku:<\/strong><\/h4>\n<ul>\n<li><strong>Strawberry Kiwi (A)<\/strong> &#8211; S\u0142odka, pikantna mieszanka dojrza\u0142ych truskawek i tropikalnego kiwi.<\/li>\n<li><strong>Blueberry Ice (B)<\/strong> &#8211; mro\u017ane uderzenie soczystych jag\u00f3d z ch\u0142odnym wyko\u0144czeniem.<\/li>\n<li><strong>Watermelon Ice (C)<\/strong> &#8211; orze\u017awiaj\u0105cy arbuz w po\u0142\u0105czeniu z lodow\u0105 \u015bwie\u017co\u015bci\u0105<\/li>\n<li><strong>Mix AB<\/strong> &#8211; sch\u0142odzone po\u0142\u0105czenie jag\u00f3d i kiwi z \u017cywymi akcentami.<\/li>\n<li><strong>Mix BC<\/strong> &#8211; Ch\u0142odna mieszanka jag\u00f3d i melona o lodowatym smaku.<\/li>\n<li><strong>Mix CA<\/strong> &#8211; Mro\u017cony arbuz truskawkowy z nutami tropikalnymi<\/li>\n<\/ul>\n<p>Wystarczy <strong>podnie\u015b\u0107 i przekr\u0119ci\u0107 ustnik<\/strong>, aby bez wysi\u0142ku zmienia\u0107 smaki w tej kolejno\u015bci:<br \/>\n<strong>A \u2192 Mix AB \u2192 B \u2192 Mix BC \u2192 C \u2192 Mix CA<\/strong><\/p>\n<p>P\u0142ynnie prze\u0142\u0105czaj si\u0119 mi\u0119dzy wszystkimi sze\u015bcioma mo\u017cliwymi smakami za pomoc\u0105 prostego obrotu ustnika. Ciesz si\u0119 najwy\u017csz\u0105 wygod\u0105 systemu 6 w 1. Ciekawy? Obejrzyj nasz <a href=\"https:\/\/www.youtube.com\/watch?v=CoxB_HvaU3k\">film<\/a> demonstracyjny.   <\/p>\n<h3>Kluczowe cechy<\/h3>\n<ul>\n<li><strong>60 000 zaci\u0105gni\u0119\u0107<\/strong><br \/>\nOgromna pojemno\u015b\u0107 z 60 ml e-liquidu i cewk\u0105 siatkow\u0105 zapewnia sta\u0142\u0105, d\u0142ugotrwa\u0142\u0105 wydajno\u015b\u0107.<\/li>\n<li><strong>6 smak\u00f3w w 1 urz\u0105dzeniu<\/strong><br \/>\nTrzy kapsu\u0142ki o jednym smaku (Strawberry Kiwi, Blueberry Ice, Watermelon Ice) + trzy tryby mieszania = sze\u015b\u0107 dozna\u0144 smakowych.<\/li>\n<li><strong>Inteligentny system rotacji<\/strong><br \/>\n\u0141atwo zmieniaj smaki, podnosz\u0105c i obracaj\u0105c ustnik. Sekwencja: A \u2192 Mix AB \u2192 B \u2192 Mix BC \u2192 C \u2192 Mix CA. <\/li>\n<li><strong>Mo\u017cliwo\u015b\u0107 \u0142adowania przez USB-C<\/strong><br \/>\nWbudowana bateria 850 mAh z szybkim \u0142adowaniem przez <strong>USB-C<\/strong>. Bardziej ekologiczne ni\u017c tradycyjne jednoraz\u00f3wki. <\/li>\n<li><strong>Wy\u015bwietlacz LED<\/strong><br \/>\nWy\u015bwietla poziom na\u0142adowania baterii i aktualny tryb aromatu dla \u0142atwej kontroli.<\/li>\n<li><strong>Du\u017ca pojemno\u015b\u0107 e-liquidu<\/strong><br \/>\n60 ml (3 \u00d7 20 ml kapsu\u0142ki) zapewnia bogate, aromatyczne zaci\u0105gni\u0119cia do ostatniego zaci\u0105gni\u0119cia.<\/li>\n<li><strong>Opcje mocy nikotyny<\/strong><br \/>\nDost\u0119pne w wersji 2% lub 5% nikotyny, aby dopasowa\u0107 si\u0119 do Twoich preferencji.<\/li>\n<\/ul>\n<h3><strong>Fizzy Max III 6in1 60000 Puffs Jednorazowy Vape Lista smak\u00f3w:<\/strong><\/h3>\n<ol>\n<li><a href=\"https:\/\/fizzyvape.eu\/pl\/produkt\/fizzy-max-iii-6w1-60k-60000-puff-jednorazowy-akumulator-vape-truskawka-malina-mango-brzoskwinia-jagoda-arbuz-10-szt\/\">Truskawka Malina &amp; Mango Brzoskwinia &amp; Jagoda Arbuz<\/a><\/li>\n<li><a href=\"https:\/\/fizzyvape.eu\/pl\/produkt\/fizzy-max-iii-6w1-60k-60000-puff-jednorazowy-akumulator-vape-mixed-berry-kiwi-passion-fruit-guava-strawberry-watermelon-10szt\/\">Mixed Berry &amp; Kiwi Passion Fruit Guava &amp; Strawberry Watermelon<\/a><\/li>\n<li><a href=\"https:\/\/fizzyvape.eu\/pl\/produkt\/fizzy-max-iii-6w1-60k-60000-puffs-jednorazowy-akumulator-vape-blueberry-raspberry-triple-melon-strawberry-ice-10szt\/\">Blueberry Raspberry &amp; Triple Melon &amp; Strawberry Ice<\/a><\/li>\n<li><a href=\"https:\/\/fizzyvape.eu\/pl\/produkt\/fizzy-max-iii-6w1-60k-60000-puff-jednorazowy-akumulator-vape-truskawkowy-smoczy-owoc-red-bull-malinowy-arbuz-10szt\/\">Smoczy owoc truskawkowy &amp; Red Bull &amp; arbuz malinowy<\/a><\/li>\n<li><a href=\"https:\/\/fizzyvape.eu\/pl\/produkt\/fizzy-max-iii-6w1-60k-60000-puff-jednorazowy-akumulator-vape-truskawka-kiwi-jagoda-i-arbuz-10-sztuk\/\">L\u00f3d truskawkowy, kiwi i jagodowy oraz l\u00f3d arbuzowy<\/a><\/li>\n<li><a href=\"https:\/\/fizzyvape.eu\/pl\/produkt\/fizzy-max-iii-6w1-60k-60000-puff-jednorazowy-akumulator-vape-blueberry-ice-fizzy-cherry-raspberry-lemon-10szt\/\">Blueberry Ice &amp; Fizzy Cherry &amp; Raspberry Lemon<\/a><\/li>\n<li><a href=\"https:\/\/fizzyvape.eu\/pl\/produkt\/fizzy-max-iii-6in1-60k-60000-puffs-jednorazowy-akumulator-vape-watermelon-ice-strawberry-vanilla-coke-mixed-berry-10szt\/\">Watermelon Ice &amp; Strawberry Vanilla Coke &amp; Mixed<\/a><\/li>\n<li><a href=\"https:\/\/fizzyvape.eu\/pl\/produkt\/fizzy-max-iii-6w1-60k-60000-puff-jednorazowy-akumulator-vape-truskawka-winogrono-jagoda-kokos-i-brzoskwinia-cytryna-10-szt\/\">Truskawka Winogrono &amp; Jagoda Kokos &amp; Brzoskwinia Cytryna<\/a><\/li>\n<li><a href=\"https:\/\/fizzyvape.eu\/pl\/produkt\/fizzy-max-iii-6w1-60k-60000-puff-jednorazowy-akumulator-vape-blue-razz-ice-strawberry-kiwi-sour-pineapple-orange-10szt\/\">Blue Razz Ice &amp; Strawberry Kiwi &amp; Sour Pineapple Orange<\/a><\/li>\n<li><a href=\"https:\/\/fizzyvape.eu\/pl\/produkt\/fizzy-max-iii-6w1-60k-60000-puff-jednorazowy-akumulator-vape-truskawka-arbuz-cytryna-limonka-i-jagoda-kokos-10-szt\/\">Arbuz truskawkowy &amp; Limonka cytrynowa &amp; Kokos jagodowy<\/a><\/li>\n<\/ol>\n<h2><strong>Vape It Your Way: Kompatybilny z MTL lub DL<\/strong><\/h2>\n<ul>\n<li><strong>Pojedynczy smak (tryb MTL):<\/strong> Ciasne zaci\u0105ganie dla inhalator\u00f3w typu usta-p\u0142uca, kt\u00f3rzy preferuj\u0105 g\u0142adszy, klasyczny styl waporyzacji.<\/li>\n<li><strong>Tryb Mix (tryb DL):<\/strong> Wi\u0119kszy przep\u0142yw powietrza i warstwowy smak dla u\u017cytkownik\u00f3w z bezpo\u015brednim p\u0142ucem, kt\u00f3rzy goni\u0105 za grubymi chmurami i g\u0142\u0119bszymi uderzeniami.<\/li>\n<\/ul>\n<h3><strong>Dlaczego warto wybra\u0107 Fizzy Max III 6w1?<\/strong><\/h3>\n<ul>\n<li>Du\u017ca liczba zaci\u0105gni\u0119\u0107 i d\u0142uga \u017cywotno\u015b\u0107 &#8211; do 60 000 zaci\u0105gni\u0119\u0107 na urz\u0105dzenie<\/li>\n<li>Inteligentny system 6 smak\u00f3w z natychmiastow\u0105 rotacj\u0105 &#8211; bez ba\u0142aganu, bez k\u0142opot\u00f3w<\/li>\n<li>\u0141adowanie przez USB typu C &#8211; wydajne i przyjazne dla \u015brodowiska<\/li>\n<li>Wy\u015bwietlacz LED informuj\u0105cy o stanie baterii i trybie pracy &#8211; zawsze pod kontrol\u0105<\/li>\n<li>Kompaktowy i szczelny &#8211; zaprojektowany z my\u015bl\u0105 o przeno\u015bno\u015bci i wygodzie<\/li>\n<li>Szybka wysy\u0142ka z naszego europejskiego magazynu &#8211; bez op\u00f3\u017anie\u0144 celnych<\/li>\n<\/ul>\n<h3><strong>FAQ &#8211; Fizzy Max III 6in1 60K jednorazowy Vape<\/strong><\/h3>\n<p><strong>1. Ile zaci\u0105gni\u0119\u0107 oferuje?<\/strong><br \/>\nDo 60 000 zaci\u0105gni\u0119\u0107, zasilany 60 ml e-liquidu, cewk\u0105 siatkow\u0105 i akumulatorem 850 mAh.<\/p>\n<p><strong>2. Kompatybilny z MTL i DL?<\/strong><br \/>\nTak &#8211; u\u017cyj trybu pojedynczego smaku do p\u0142ynnych uderze\u0144 MTL lub trybu mieszania do odwa\u017cnego, wype\u0142nionego chmurami waporyzacji DL.<\/p>\n<p><strong>3. Czy mo\u017cna go \u0142adowa\u0107?<\/strong><br \/>\nTak, jest wyposa\u017cony we wbudowan\u0105 bateri\u0119 850 mAh i obs\u0142uguje szybkie \u0142adowanie typu C, aby zminimalizowa\u0107 przestoje.<\/p>\n","protected":false},"excerpt":{"rendered":"<p>Do\u015bwiadcz 6 smak\u00f3w w 1 eleganckim urz\u0105dzeniu vape. Fizzy Max III zapewnia do 60 000 zaci\u0105gni\u0119\u0107, posiada akumulator 850 mAh, 60 ml wysokiej jako\u015bci e-liquidu, wy\u015bwietlacz LED i szybkie prze\u0142\u0105czanie smak\u00f3w dzi\u0119ki inteligentnej rotacji. Dost\u0119pny w wersji 2% lub 5% nikotyny.  <\/p>\n","protected":false},"featured_media":32446,"comment_status":"open","ping_status":"closed","template":"","meta":{"iawp_total_views":1},"product_brand":[],"product_cat":[589],"product_tag":[613,610,612,611],"class_list":{"0":"post-33254","1":"product","2":"type-product","3":"status-publish","4":"has-post-thumbnail","6":"product_cat-max-iii-6in1-60k-60000-puffs-rechargeable-disposable-vape-pl","7":"product_tag-6-smakow-w-1-urzadzeniu","8":"product_tag-60000-puffow","9":"product_tag-akumulator","10":"product_tag-vape-jednorazowego-uzytku","12":"first","13":"outofstock","14":"sale","15":"shipping-taxable","16":"purchasable","17":"product-type-variable"},"yoast_head":"<!-- This site is optimized with the Yoast SEO Premium plugin v24.8 (Yoast SEO v24.8) - https:\/\/yoast.com\/wordpress\/plugins\/seo\/ -->\n<title>Bateria 850mAh Vape - Fizzy Max III 6w1 60K 60000 zaci\u0105gni\u0119\u0107<\/title>\n<meta name=\"description\" content=\"Akumulator vape z bateri\u0105 850 mAh, 60 000 60000 zaci\u0105gni\u0119\u0107, 6 smak\u00f3w w 1 jednorazowym vape i \u0142adowanie przez USB-C - Fizzy Max III 6w1\" \/>\n<meta name=\"robots\" content=\"index, follow, max-snippet:-1, max-image-preview:large, max-video-preview:-1\" \/>\n<link rel=\"canonical\" href=\"https:\/\/fizzyvape.eu\/pl\/produkt\/fizzy-max-iii-6w1-60k-60000-puff-jednorazowy-akumulator-vape-truskawka-kiwi-jagoda-i-arbuz-10-sztuk\/\" \/>\n<meta property=\"og:locale\" content=\"pl_PL\" \/>\n<meta property=\"og:type\" content=\"article\" \/>\n<meta property=\"og:title\" content=\"Fizzy Max III 6w1 60K 60000 Puff jednorazowy akumulator Vape - truskawka, kiwi, jagoda i arbuz - 10 sztuk\" \/>\n<meta property=\"og:description\" content=\"Akumulator vape z bateri\u0105 850 mAh, 60 000 60000 zaci\u0105gni\u0119\u0107, 6 smak\u00f3w w 1 jednorazowym vape i \u0142adowanie przez USB-C - Fizzy Max III 6w1\" \/>\n<meta property=\"og:url\" content=\"https:\/\/fizzyvape.eu\/pl\/produkt\/fizzy-max-iii-6w1-60k-60000-puff-jednorazowy-akumulator-vape-truskawka-kiwi-jagoda-i-arbuz-10-sztuk\/\" \/>\n<meta property=\"og:site_name\" content=\"fizzyvape.eu\" \/>\n<meta property=\"og:image\" content=\"https:\/\/fizzyvape.eu\/wp-content\/uploads\/2025\/06\/Fizzy-Max-60000-Puffs-05.webp\" \/>\n\t<meta property=\"og:image:width\" content=\"800\" \/>\n\t<meta property=\"og:image:height\" content=\"800\" \/>\n\t<meta property=\"og:image:type\" content=\"image\/webp\" \/>\n<meta name=\"twitter:card\" content=\"summary_large_image\" \/>\n<meta name=\"twitter:label1\" content=\"Dost\u0119pno\u015b\u0107\" \/>\n\t<meta name=\"twitter:data1\" content=\"Brak w magazynie\" \/>\n<script type=\"application\/ld+json\" class=\"yoast-schema-graph\">{\"@context\":\"https:\/\/schema.org\",\"@graph\":[{\"@type\":\"WebPage\",\"@id\":\"https:\/\/fizzyvape.eu\/pl\/produkt\/fizzy-max-iii-6w1-60k-60000-puff-jednorazowy-akumulator-vape-truskawka-kiwi-jagoda-i-arbuz-10-sztuk\/\",\"url\":\"https:\/\/fizzyvape.eu\/pl\/produkt\/fizzy-max-iii-6w1-60k-60000-puff-jednorazowy-akumulator-vape-truskawka-kiwi-jagoda-i-arbuz-10-sztuk\/\",\"name\":\"Bateria 850mAh Vape - Fizzy Max III 6w1 60K 60000 zaci\u0105gni\u0119\u0107\",\"isPartOf\":{\"@id\":\"https:\/\/www.fizzyvape.eu\/pl\/#website\"},\"primaryImageOfPage\":{\"@id\":\"https:\/\/fizzyvape.eu\/pl\/produkt\/fizzy-max-iii-6w1-60k-60000-puff-jednorazowy-akumulator-vape-truskawka-kiwi-jagoda-i-arbuz-10-sztuk\/#primaryimage\"},\"image\":{\"@id\":\"https:\/\/fizzyvape.eu\/pl\/produkt\/fizzy-max-iii-6w1-60k-60000-puff-jednorazowy-akumulator-vape-truskawka-kiwi-jagoda-i-arbuz-10-sztuk\/#primaryimage\"},\"thumbnailUrl\":\"https:\/\/fizzyvape.eu\/wp-content\/uploads\/2025\/06\/Fizzy-Max-60000-Puffs-05.webp\",\"datePublished\":\"2025-06-11T02:33:48+00:00\",\"description\":\"Akumulator vape z bateri\u0105 850 mAh, 60 000 60000 zaci\u0105gni\u0119\u0107, 6 smak\u00f3w w 1 jednorazowym vape i \u0142adowanie przez USB-C - Fizzy Max III 6w1\",\"breadcrumb\":{\"@id\":\"https:\/\/fizzyvape.eu\/pl\/produkt\/fizzy-max-iii-6w1-60k-60000-puff-jednorazowy-akumulator-vape-truskawka-kiwi-jagoda-i-arbuz-10-sztuk\/#breadcrumb\"},\"inLanguage\":\"pl-PL\",\"potentialAction\":[{\"@type\":\"ReadAction\",\"target\":[\"https:\/\/fizzyvape.eu\/pl\/produkt\/fizzy-max-iii-6w1-60k-60000-puff-jednorazowy-akumulator-vape-truskawka-kiwi-jagoda-i-arbuz-10-sztuk\/\"]}]},{\"@type\":\"ImageObject\",\"inLanguage\":\"pl-PL\",\"@id\":\"https:\/\/fizzyvape.eu\/pl\/produkt\/fizzy-max-iii-6w1-60k-60000-puff-jednorazowy-akumulator-vape-truskawka-kiwi-jagoda-i-arbuz-10-sztuk\/#primaryimage\",\"url\":\"https:\/\/fizzyvape.eu\/wp-content\/uploads\/2025\/06\/Fizzy-Max-60000-Puffs-05.webp\",\"contentUrl\":\"https:\/\/fizzyvape.eu\/wp-content\/uploads\/2025\/06\/Fizzy-Max-60000-Puffs-05.webp\",\"width\":800,\"height\":800},{\"@type\":\"BreadcrumbList\",\"@id\":\"https:\/\/fizzyvape.eu\/pl\/produkt\/fizzy-max-iii-6w1-60k-60000-puff-jednorazowy-akumulator-vape-truskawka-kiwi-jagoda-i-arbuz-10-sztuk\/#breadcrumb\",\"itemListElement\":[{\"@type\":\"ListItem\",\"position\":1,\"name\":\"Home\",\"item\":\"https:\/\/fizzyvape.eu\/pl\/\"},{\"@type\":\"ListItem\",\"position\":2,\"name\":\"Sklep\",\"item\":\"https:\/\/fizzyvape.eu\/pl\/sklep\/\"},{\"@type\":\"ListItem\",\"position\":3,\"name\":\"Fizzy Max III 6w1 60K 60000 Puff jednorazowy akumulator Vape &#8211; truskawka, kiwi, jagoda i arbuz &#8211; 10 sztuk\"}]},{\"@type\":\"WebSite\",\"@id\":\"https:\/\/www.fizzyvape.eu\/pl\/#website\",\"url\":\"https:\/\/www.fizzyvape.eu\/pl\/\",\"name\":\"fizzyvape.eu\",\"description\":\"Refreshing Vapes. Unforgettable Taste.\",\"publisher\":{\"@id\":\"https:\/\/www.fizzyvape.eu\/pl\/#organization\"},\"potentialAction\":[{\"@type\":\"SearchAction\",\"target\":{\"@type\":\"EntryPoint\",\"urlTemplate\":\"https:\/\/www.fizzyvape.eu\/pl\/?s={search_term_string}\"},\"query-input\":{\"@type\":\"PropertyValueSpecification\",\"valueRequired\":true,\"valueName\":\"search_term_string\"}}],\"inLanguage\":\"pl-PL\"},{\"@type\":\"Organization\",\"@id\":\"https:\/\/www.fizzyvape.eu\/pl\/#organization\",\"name\":\"fizzyvape.eu\",\"url\":\"https:\/\/www.fizzyvape.eu\/pl\/\",\"logo\":{\"@type\":\"ImageObject\",\"inLanguage\":\"pl-PL\",\"@id\":\"https:\/\/www.fizzyvape.eu\/pl\/#\/schema\/logo\/image\/\",\"url\":\"https:\/\/fizzyvape.eu\/wp-content\/uploads\/2019\/06\/print-1.svg\",\"contentUrl\":\"https:\/\/fizzyvape.eu\/wp-content\/uploads\/2019\/06\/print-1.svg\",\"width\":124,\"height\":37,\"caption\":\"fizzyvape.eu\"},\"image\":{\"@id\":\"https:\/\/www.fizzyvape.eu\/pl\/#\/schema\/logo\/image\/\"}}]}<\/script>\n<meta property=\"og:availability\" content=\"out of stock\" \/>\n<meta property=\"product:availability\" content=\"out of stock\" \/>\n<meta property=\"product:condition\" content=\"new\" \/>\n<!-- \/ Yoast SEO Premium plugin. -->","yoast_head_json":{"title":"Bateria 850mAh Vape - Fizzy Max III 6w1 60K 60000 zaci\u0105gni\u0119\u0107","description":"Akumulator vape z bateri\u0105 850 mAh, 60 000 60000 zaci\u0105gni\u0119\u0107, 6 smak\u00f3w w 1 jednorazowym vape i \u0142adowanie przez USB-C - Fizzy Max III 6w1","robots":{"index":"index","follow":"follow","max-snippet":"max-snippet:-1","max-image-preview":"max-image-preview:large","max-video-preview":"max-video-preview:-1"},"canonical":"https:\/\/fizzyvape.eu\/pl\/produkt\/fizzy-max-iii-6w1-60k-60000-puff-jednorazowy-akumulator-vape-truskawka-kiwi-jagoda-i-arbuz-10-sztuk\/","og_locale":"pl_PL","og_type":"article","og_title":"Fizzy Max III 6w1 60K 60000 Puff jednorazowy akumulator Vape - truskawka, kiwi, jagoda i arbuz - 10 sztuk","og_description":"Akumulator vape z bateri\u0105 850 mAh, 60 000 60000 zaci\u0105gni\u0119\u0107, 6 smak\u00f3w w 1 jednorazowym vape i \u0142adowanie przez USB-C - Fizzy Max III 6w1","og_url":"https:\/\/fizzyvape.eu\/pl\/produkt\/fizzy-max-iii-6w1-60k-60000-puff-jednorazowy-akumulator-vape-truskawka-kiwi-jagoda-i-arbuz-10-sztuk\/","og_site_name":"fizzyvape.eu","og_image":[{"width":800,"height":800,"url":"https:\/\/fizzyvape.eu\/wp-content\/uploads\/2025\/06\/Fizzy-Max-60000-Puffs-05.webp","type":"image\/webp"}],"twitter_card":"summary_large_image","twitter_misc":{"Dost\u0119pno\u015b\u0107":"Brak w magazynie"},"schema":{"@context":"https:\/\/schema.org","@graph":[{"@type":"WebPage","@id":"https:\/\/fizzyvape.eu\/pl\/produkt\/fizzy-max-iii-6w1-60k-60000-puff-jednorazowy-akumulator-vape-truskawka-kiwi-jagoda-i-arbuz-10-sztuk\/","url":"https:\/\/fizzyvape.eu\/pl\/produkt\/fizzy-max-iii-6w1-60k-60000-puff-jednorazowy-akumulator-vape-truskawka-kiwi-jagoda-i-arbuz-10-sztuk\/","name":"Bateria 850mAh Vape - Fizzy Max III 6w1 60K 60000 zaci\u0105gni\u0119\u0107","isPartOf":{"@id":"https:\/\/www.fizzyvape.eu\/pl\/#website"},"primaryImageOfPage":{"@id":"https:\/\/fizzyvape.eu\/pl\/produkt\/fizzy-max-iii-6w1-60k-60000-puff-jednorazowy-akumulator-vape-truskawka-kiwi-jagoda-i-arbuz-10-sztuk\/#primaryimage"},"image":{"@id":"https:\/\/fizzyvape.eu\/pl\/produkt\/fizzy-max-iii-6w1-60k-60000-puff-jednorazowy-akumulator-vape-truskawka-kiwi-jagoda-i-arbuz-10-sztuk\/#primaryimage"},"thumbnailUrl":"https:\/\/fizzyvape.eu\/wp-content\/uploads\/2025\/06\/Fizzy-Max-60000-Puffs-05.webp","datePublished":"2025-06-11T02:33:48+00:00","description":"Akumulator vape z bateri\u0105 850 mAh, 60 000 60000 zaci\u0105gni\u0119\u0107, 6 smak\u00f3w w 1 jednorazowym vape i \u0142adowanie przez USB-C - Fizzy Max III 6w1","breadcrumb":{"@id":"https:\/\/fizzyvape.eu\/pl\/produkt\/fizzy-max-iii-6w1-60k-60000-puff-jednorazowy-akumulator-vape-truskawka-kiwi-jagoda-i-arbuz-10-sztuk\/#breadcrumb"},"inLanguage":"pl-PL","potentialAction":[{"@type":"ReadAction","target":["https:\/\/fizzyvape.eu\/pl\/produkt\/fizzy-max-iii-6w1-60k-60000-puff-jednorazowy-akumulator-vape-truskawka-kiwi-jagoda-i-arbuz-10-sztuk\/"]}]},{"@type":"ImageObject","inLanguage":"pl-PL","@id":"https:\/\/fizzyvape.eu\/pl\/produkt\/fizzy-max-iii-6w1-60k-60000-puff-jednorazowy-akumulator-vape-truskawka-kiwi-jagoda-i-arbuz-10-sztuk\/#primaryimage","url":"https:\/\/fizzyvape.eu\/wp-content\/uploads\/2025\/06\/Fizzy-Max-60000-Puffs-05.webp","contentUrl":"https:\/\/fizzyvape.eu\/wp-content\/uploads\/2025\/06\/Fizzy-Max-60000-Puffs-05.webp","width":800,"height":800},{"@type":"BreadcrumbList","@id":"https:\/\/fizzyvape.eu\/pl\/produkt\/fizzy-max-iii-6w1-60k-60000-puff-jednorazowy-akumulator-vape-truskawka-kiwi-jagoda-i-arbuz-10-sztuk\/#breadcrumb","itemListElement":[{"@type":"ListItem","position":1,"name":"Home","item":"https:\/\/fizzyvape.eu\/pl\/"},{"@type":"ListItem","position":2,"name":"Sklep","item":"https:\/\/fizzyvape.eu\/pl\/sklep\/"},{"@type":"ListItem","position":3,"name":"Fizzy Max III 6w1 60K 60000 Puff jednorazowy akumulator Vape &#8211; truskawka, kiwi, jagoda i arbuz &#8211; 10 sztuk"}]},{"@type":"WebSite","@id":"https:\/\/www.fizzyvape.eu\/pl\/#website","url":"https:\/\/www.fizzyvape.eu\/pl\/","name":"fizzyvape.eu","description":"Refreshing Vapes. Unforgettable Taste.","publisher":{"@id":"https:\/\/www.fizzyvape.eu\/pl\/#organization"},"potentialAction":[{"@type":"SearchAction","target":{"@type":"EntryPoint","urlTemplate":"https:\/\/www.fizzyvape.eu\/pl\/?s={search_term_string}"},"query-input":{"@type":"PropertyValueSpecification","valueRequired":true,"valueName":"search_term_string"}}],"inLanguage":"pl-PL"},{"@type":"Organization","@id":"https:\/\/www.fizzyvape.eu\/pl\/#organization","name":"fizzyvape.eu","url":"https:\/\/www.fizzyvape.eu\/pl\/","logo":{"@type":"ImageObject","inLanguage":"pl-PL","@id":"https:\/\/www.fizzyvape.eu\/pl\/#\/schema\/logo\/image\/","url":"https:\/\/fizzyvape.eu\/wp-content\/uploads\/2019\/06\/print-1.svg","contentUrl":"https:\/\/fizzyvape.eu\/wp-content\/uploads\/2019\/06\/print-1.svg","width":124,"height":37,"caption":"fizzyvape.eu"},"image":{"@id":"https:\/\/www.fizzyvape.eu\/pl\/#\/schema\/logo\/image\/"}}]},"og_availability":"out of stock","product_availability":"out of stock","product_condition":"new"},"tiered_pricing_type":"fixed","tiered_pricing_fixed_rules":[],"tiered_pricing_product_settings":{"layout":"default","base_unit_name":{"singular":null,"plural":null},"default_variation":null},"tiered_pricing_minimum_quantity":null,"tiered_pricing_roles_data":[],"tiered_pricing_percentage_rules":[],"tiered_pricing_maximum_quantity":null,"tiered_pricing_quantity_step":null,"_links":{"self":[{"href":"https:\/\/fizzyvape.eu\/pl\/wp-json\/wp\/v2\/product\/33254","targetHints":{"allow":["GET"]}}],"collection":[{"href":"https:\/\/fizzyvape.eu\/pl\/wp-json\/wp\/v2\/product"}],"about":[{"href":"https:\/\/fizzyvape.eu\/pl\/wp-json\/wp\/v2\/types\/product"}],"replies":[{"embeddable":true,"href":"https:\/\/fizzyvape.eu\/pl\/wp-json\/wp\/v2\/comments?post=33254"}],"version-history":[{"count":0,"href":"https:\/\/fizzyvape.eu\/pl\/wp-json\/wp\/v2\/product\/33254\/revisions"}],"wp:featuredmedia":[{"embeddable":true,"href":"https:\/\/fizzyvape.eu\/pl\/wp-json\/wp\/v2\/media\/32446"}],"wp:attachment":[{"href":"https:\/\/fizzyvape.eu\/pl\/wp-json\/wp\/v2\/media?parent=33254"}],"wp:term":[{"taxonomy":"product_brand","embeddable":true,"href":"https:\/\/fizzyvape.eu\/pl\/wp-json\/wp\/v2\/product_brand?post=33254"},{"taxonomy":"product_cat","embeddable":true,"href":"https:\/\/fizzyvape.eu\/pl\/wp-json\/wp\/v2\/product_cat?post=33254"},{"taxonomy":"product_tag","embeddable":true,"href":"https:\/\/fizzyvape.eu\/pl\/wp-json\/wp\/v2\/product_tag?post=33254"}],"curies":[{"name":"wp","href":"https:\/\/api.w.org\/{rel}","templated":true}]}}