{"id":35229,"date":"2025-08-28T16:33:17","date_gmt":"2025-08-28T08:33:17","guid":{"rendered":"https:\/\/fizzyvape.eu\/product\/fizzy-nova-plus-40k-40000-puffow\/"},"modified":"2025-08-28T16:33:17","modified_gmt":"2025-08-28T08:33:17","slug":"fizzy-nova-plus-40k-40000-puffow","status":"publish","type":"product","link":"https:\/\/fizzyvape.eu\/pl\/produkt\/fizzy-nova-plus-40k-40000-puffow\/","title":{"rendered":"FIZZY NOVA PLUS 40k 40000 Puff\u00f3w"},"content":{"rendered":"<h1>FIZZY NOVA PLUS 40000 Puffs &#8211; Vape jednorazowy z dwoma trybami pracy<\/h1>\n<p><strong>FIZZY NOVA PLUS 40,000 Puffs<\/strong> zosta\u0142 zaprojektowany dla vaper\u00f3w, kt\u00f3rzy wymagaj\u0105 zar\u00f3wno <strong>mocy, jak i wygody<\/strong>. Dzi\u0119ki ogromnej <strong>pojemno\u015bci 40 000 zaci\u0105gni\u0119\u0107<\/strong>, ten zaawansowany jednorazowy waporyzator \u0142\u0105czy w sobie <strong>technologi\u0119 dw\u00f3ch tryb\u00f3w<\/strong>, <strong>akumulator<\/strong> i <strong>wysokiej jako\u015bci cewk\u0119 siatkow\u0105<\/strong>, aby zapewni\u0107 niezmiennie g\u0142adkie i aromatyczne doznania od pierwszego do ostatniego zaci\u0105gni\u0119cia. <\/p>\n<h3>Kluczowe cechy<\/h3>\n<ul>\n<li><strong>Pojemno\u015b\u0107 40 000 zaci\u0105gni\u0119\u0107<\/strong> &#8211; d\u0142ugotrwa\u0142a wydajno\u015b\u0107 dla d\u0142u\u017cszego u\u017cytkowania.<\/li>\n<li><strong>Technologia Dual Mode<\/strong> &#8211; \u0142atwe prze\u0142\u0105czanie mi\u0119dzy <strong>trybem normalnym<\/strong> a <strong>trybem do\u0142adowania<\/strong> w celu dopasowania do stylu waporyzacji.<\/li>\n<li><strong>Akumulator<\/strong> &#8211; zapewnia pe\u0142ne 40 000 zaci\u0105gni\u0119\u0107 bez wyczerpania energii.<\/li>\n<li><strong>Zaawansowana cewka siatkowa<\/strong> &#8211; zapewnia bogaty smak i g\u0142adkie chmury przy ka\u017cdym zaci\u0105gni\u0119ciu.<\/li>\n<li><strong>Elegancka i przeno\u015bna konstrukcja<\/strong> &#8211; lekka i stylowa do waporyzacji w podr\u00f3\u017cy.<\/li>\n<li><strong>Wysy\u0142ka z magazynu w UE<\/strong> &#8211; szybka i niezawodna dostawa na terenie ca\u0142ej Europy.<\/li>\n<\/ul>\n<h3>Dlaczego warto wybra\u0107 FIZZY NOVA PLUS?<\/h3>\n<p>Autentyczny produkt Fizzy Vape &#8211; zaufana globalna marka od 2013 r.<br \/>\nD\u0142ugotrwa\u0142a i ekonomiczna alternatywa dla wielu produkt\u00f3w jednorazowych<br \/>\nIdealna r\u00f3wnowaga mi\u0119dzy <strong>wydajno\u015bci\u0105, smakiem i wygod\u0105<\/strong><br \/>\n\u2714 Szybka wysy\u0142ka do UE i dedykowana obs\u0142uga klienta <\/p>\n<p><img decoding=\"async\" class=\"aligncenter\" src=\"https:\/\/fizzyvape.eu\/wp-content\/uploads\/2025\/08\/Fizzy-Nova-Plus-40000-Puffs-Dual-Mode-Dual-Mesh-40K-2-5-Low-Nicotine-31.webp\" alt=\"FIZZY NOVA PLUS 40K 40000 puff\u00f3w Smaki\"><\/p>\n","protected":false},"excerpt":{"rendered":"<p><strong data-start=\"123\" data-end=\"155\">FIZZY NOVA PLUS 40000 Puffs<\/strong> zapewnia pot\u0119\u017cn\u0105 wydajno\u015b\u0107 w eleganckiej, przeno\u015bnej konstrukcji. Wyposa\u017cony w <strong data-start=\"227\" data-end=\"251\">technologi\u0119 podw\u00f3jnego trybu<\/strong>, <strong data-start=\"255\" data-end=\"279\">akumulator<\/strong> i zaawansowan\u0105 cewk\u0119 siatkow\u0105, zapewnia g\u0142adki smak i sp\u00f3jne chmury. Wysy\u0142any bezpo\u015brednio z magazyn\u00f3w w UE, jest idealnym wyborem dla vaper\u00f3w poszukuj\u0105cych zar\u00f3wno wygody, jak i d\u0142ugotrwa\u0142ej przyjemno\u015bci.  <\/p>\n","protected":false},"featured_media":35131,"comment_status":"open","ping_status":"closed","template":"","meta":{"iawp_total_views":0},"product_brand":[],"product_cat":[352],"product_tag":[656],"class_list":{"0":"post-35229","1":"product","2":"type-product","3":"status-publish","4":"has-post-thumbnail","6":"product_cat-nova-plus-jednorazowy-e-papierosy-40000-puffs-pl","7":"product_tag-1-szt","9":"first","10":"outofstock","11":"sale","12":"shipping-taxable","13":"purchasable","14":"product-type-variable"},"yoast_head":"<!-- This site is optimized with the Yoast SEO Premium plugin v24.8 (Yoast SEO v24.8) - https:\/\/yoast.com\/wordpress\/plugins\/seo\/ -->\n<title>Kup FIZZY NOVA PLUS 40000 Puffs - podw\u00f3jny tryb i akumulator<\/title>\n<meta name=\"description\" content=\"Kup FIZZY NOVA PLUS 40000 Puffs w najlepszej cenie. Podw\u00f3jny tryb, \u0142adowalny, autentyczny vape o g\u0142adkich smakach i szybkiej dostawie do UE.\" \/>\n<meta name=\"robots\" content=\"index, follow, max-snippet:-1, max-image-preview:large, max-video-preview:-1\" \/>\n<link rel=\"canonical\" href=\"https:\/\/fizzyvape.eu\/pl\/produkt\/fizzy-nova-plus-40k-40000-puffow\/\" \/>\n<meta property=\"og:locale\" content=\"pl_PL\" \/>\n<meta property=\"og:type\" content=\"article\" \/>\n<meta property=\"og:title\" content=\"FIZZY NOVA PLUS 40K 40000 Puffs\" \/>\n<meta property=\"og:description\" content=\"Kup FIZZY NOVA PLUS 40000 Puffs w najlepszej cenie. Podw\u00f3jny tryb, \u0142adowalny, autentyczny vape o g\u0142adkich smakach i szybkiej dostawie do UE.\" \/>\n<meta property=\"og:url\" content=\"https:\/\/fizzyvape.eu\/pl\/produkt\/fizzy-nova-plus-40k-40000-puffow\/\" \/>\n<meta property=\"og:site_name\" content=\"fizzyvape.eu\" \/>\n<meta property=\"og:image\" content=\"https:\/\/fizzyvape.eu\/wp-content\/uploads\/2025\/08\/Watermelon-Ice-40000-puffs.webp\" \/>\n\t<meta property=\"og:image:width\" content=\"800\" \/>\n\t<meta property=\"og:image:height\" content=\"800\" \/>\n\t<meta property=\"og:image:type\" content=\"image\/webp\" \/>\n<meta name=\"twitter:card\" content=\"summary_large_image\" \/>\n<meta name=\"twitter:title\" content=\"FIZZY NOVA PLUS 40k 40000 Puff\u00f3w\" \/>\n<meta name=\"twitter:label1\" content=\"Dost\u0119pno\u015b\u0107\" \/>\n\t<meta name=\"twitter:data1\" content=\"Brak w magazynie\" \/>\n<script type=\"application\/ld+json\" class=\"yoast-schema-graph\">{\"@context\":\"https:\/\/schema.org\",\"@graph\":[{\"@type\":\"WebPage\",\"@id\":\"https:\/\/fizzyvape.eu\/pl\/produkt\/fizzy-nova-plus-40k-40000-puffow\/\",\"url\":\"https:\/\/fizzyvape.eu\/pl\/produkt\/fizzy-nova-plus-40k-40000-puffow\/\",\"name\":\"Kup FIZZY NOVA PLUS 40000 Puffs - podw\u00f3jny tryb i akumulator\",\"isPartOf\":{\"@id\":\"https:\/\/www.fizzyvape.eu\/pl\/#website\"},\"primaryImageOfPage\":{\"@id\":\"https:\/\/fizzyvape.eu\/pl\/produkt\/fizzy-nova-plus-40k-40000-puffow\/#primaryimage\"},\"image\":{\"@id\":\"https:\/\/fizzyvape.eu\/pl\/produkt\/fizzy-nova-plus-40k-40000-puffow\/#primaryimage\"},\"thumbnailUrl\":\"https:\/\/fizzyvape.eu\/wp-content\/uploads\/2025\/08\/Watermelon-Ice-40000-puffs.webp\",\"datePublished\":\"2025-08-28T08:33:17+00:00\",\"description\":\"Kup FIZZY NOVA PLUS 40000 Puffs w najlepszej cenie. Podw\u00f3jny tryb, \u0142adowalny, autentyczny vape o g\u0142adkich smakach i szybkiej dostawie do UE.\",\"breadcrumb\":{\"@id\":\"https:\/\/fizzyvape.eu\/pl\/produkt\/fizzy-nova-plus-40k-40000-puffow\/#breadcrumb\"},\"inLanguage\":\"pl-PL\",\"potentialAction\":[{\"@type\":\"ReadAction\",\"target\":[\"https:\/\/fizzyvape.eu\/pl\/produkt\/fizzy-nova-plus-40k-40000-puffow\/\"]}]},{\"@type\":\"ImageObject\",\"inLanguage\":\"pl-PL\",\"@id\":\"https:\/\/fizzyvape.eu\/pl\/produkt\/fizzy-nova-plus-40k-40000-puffow\/#primaryimage\",\"url\":\"https:\/\/fizzyvape.eu\/wp-content\/uploads\/2025\/08\/Watermelon-Ice-40000-puffs.webp\",\"contentUrl\":\"https:\/\/fizzyvape.eu\/wp-content\/uploads\/2025\/08\/Watermelon-Ice-40000-puffs.webp\",\"width\":800,\"height\":800,\"caption\":\"Watermelon Ice 40000 puffs\"},{\"@type\":\"BreadcrumbList\",\"@id\":\"https:\/\/fizzyvape.eu\/pl\/produkt\/fizzy-nova-plus-40k-40000-puffow\/#breadcrumb\",\"itemListElement\":[{\"@type\":\"ListItem\",\"position\":1,\"name\":\"Home\",\"item\":\"https:\/\/fizzyvape.eu\/pl\/\"},{\"@type\":\"ListItem\",\"position\":2,\"name\":\"Sklep\",\"item\":\"https:\/\/fizzyvape.eu\/pl\/sklep\/\"},{\"@type\":\"ListItem\",\"position\":3,\"name\":\"FIZZY NOVA PLUS 40k 40000 Puff\u00f3w\"}]},{\"@type\":\"WebSite\",\"@id\":\"https:\/\/www.fizzyvape.eu\/pl\/#website\",\"url\":\"https:\/\/www.fizzyvape.eu\/pl\/\",\"name\":\"fizzyvape.eu\",\"description\":\"Refreshing Vapes. Unforgettable Taste.\",\"publisher\":{\"@id\":\"https:\/\/www.fizzyvape.eu\/pl\/#organization\"},\"potentialAction\":[{\"@type\":\"SearchAction\",\"target\":{\"@type\":\"EntryPoint\",\"urlTemplate\":\"https:\/\/www.fizzyvape.eu\/pl\/?s={search_term_string}\"},\"query-input\":{\"@type\":\"PropertyValueSpecification\",\"valueRequired\":true,\"valueName\":\"search_term_string\"}}],\"inLanguage\":\"pl-PL\"},{\"@type\":\"Organization\",\"@id\":\"https:\/\/www.fizzyvape.eu\/pl\/#organization\",\"name\":\"fizzyvape.eu\",\"url\":\"https:\/\/www.fizzyvape.eu\/pl\/\",\"logo\":{\"@type\":\"ImageObject\",\"inLanguage\":\"pl-PL\",\"@id\":\"https:\/\/www.fizzyvape.eu\/pl\/#\/schema\/logo\/image\/\",\"url\":\"https:\/\/fizzyvape.eu\/wp-content\/uploads\/2019\/06\/print-1.svg\",\"contentUrl\":\"https:\/\/fizzyvape.eu\/wp-content\/uploads\/2019\/06\/print-1.svg\",\"width\":124,\"height\":37,\"caption\":\"fizzyvape.eu\"},\"image\":{\"@id\":\"https:\/\/www.fizzyvape.eu\/pl\/#\/schema\/logo\/image\/\"}}]}<\/script>\n<meta property=\"og:availability\" content=\"out of stock\" \/>\n<meta property=\"product:availability\" content=\"out of stock\" \/>\n<meta property=\"product:condition\" content=\"new\" \/>\n<!-- \/ Yoast SEO Premium plugin. -->","yoast_head_json":{"title":"Kup FIZZY NOVA PLUS 40000 Puffs - podw\u00f3jny tryb i akumulator","description":"Kup FIZZY NOVA PLUS 40000 Puffs w najlepszej cenie. Podw\u00f3jny tryb, \u0142adowalny, autentyczny vape o g\u0142adkich smakach i szybkiej dostawie do UE.","robots":{"index":"index","follow":"follow","max-snippet":"max-snippet:-1","max-image-preview":"max-image-preview:large","max-video-preview":"max-video-preview:-1"},"canonical":"https:\/\/fizzyvape.eu\/pl\/produkt\/fizzy-nova-plus-40k-40000-puffow\/","og_locale":"pl_PL","og_type":"article","og_title":"FIZZY NOVA PLUS 40K 40000 Puffs","og_description":"Kup FIZZY NOVA PLUS 40000 Puffs w najlepszej cenie. Podw\u00f3jny tryb, \u0142adowalny, autentyczny vape o g\u0142adkich smakach i szybkiej dostawie do UE.","og_url":"https:\/\/fizzyvape.eu\/pl\/produkt\/fizzy-nova-plus-40k-40000-puffow\/","og_site_name":"fizzyvape.eu","og_image":[{"width":800,"height":800,"url":"https:\/\/fizzyvape.eu\/wp-content\/uploads\/2025\/08\/Watermelon-Ice-40000-puffs.webp","type":"image\/webp"}],"twitter_card":"summary_large_image","twitter_title":"FIZZY NOVA PLUS 40k 40000 Puff\u00f3w","twitter_misc":{"Dost\u0119pno\u015b\u0107":"Brak w magazynie"},"schema":{"@context":"https:\/\/schema.org","@graph":[{"@type":"WebPage","@id":"https:\/\/fizzyvape.eu\/pl\/produkt\/fizzy-nova-plus-40k-40000-puffow\/","url":"https:\/\/fizzyvape.eu\/pl\/produkt\/fizzy-nova-plus-40k-40000-puffow\/","name":"Kup FIZZY NOVA PLUS 40000 Puffs - podw\u00f3jny tryb i akumulator","isPartOf":{"@id":"https:\/\/www.fizzyvape.eu\/pl\/#website"},"primaryImageOfPage":{"@id":"https:\/\/fizzyvape.eu\/pl\/produkt\/fizzy-nova-plus-40k-40000-puffow\/#primaryimage"},"image":{"@id":"https:\/\/fizzyvape.eu\/pl\/produkt\/fizzy-nova-plus-40k-40000-puffow\/#primaryimage"},"thumbnailUrl":"https:\/\/fizzyvape.eu\/wp-content\/uploads\/2025\/08\/Watermelon-Ice-40000-puffs.webp","datePublished":"2025-08-28T08:33:17+00:00","description":"Kup FIZZY NOVA PLUS 40000 Puffs w najlepszej cenie. Podw\u00f3jny tryb, \u0142adowalny, autentyczny vape o g\u0142adkich smakach i szybkiej dostawie do UE.","breadcrumb":{"@id":"https:\/\/fizzyvape.eu\/pl\/produkt\/fizzy-nova-plus-40k-40000-puffow\/#breadcrumb"},"inLanguage":"pl-PL","potentialAction":[{"@type":"ReadAction","target":["https:\/\/fizzyvape.eu\/pl\/produkt\/fizzy-nova-plus-40k-40000-puffow\/"]}]},{"@type":"ImageObject","inLanguage":"pl-PL","@id":"https:\/\/fizzyvape.eu\/pl\/produkt\/fizzy-nova-plus-40k-40000-puffow\/#primaryimage","url":"https:\/\/fizzyvape.eu\/wp-content\/uploads\/2025\/08\/Watermelon-Ice-40000-puffs.webp","contentUrl":"https:\/\/fizzyvape.eu\/wp-content\/uploads\/2025\/08\/Watermelon-Ice-40000-puffs.webp","width":800,"height":800,"caption":"Watermelon Ice 40000 puffs"},{"@type":"BreadcrumbList","@id":"https:\/\/fizzyvape.eu\/pl\/produkt\/fizzy-nova-plus-40k-40000-puffow\/#breadcrumb","itemListElement":[{"@type":"ListItem","position":1,"name":"Home","item":"https:\/\/fizzyvape.eu\/pl\/"},{"@type":"ListItem","position":2,"name":"Sklep","item":"https:\/\/fizzyvape.eu\/pl\/sklep\/"},{"@type":"ListItem","position":3,"name":"FIZZY NOVA PLUS 40k 40000 Puff\u00f3w"}]},{"@type":"WebSite","@id":"https:\/\/www.fizzyvape.eu\/pl\/#website","url":"https:\/\/www.fizzyvape.eu\/pl\/","name":"fizzyvape.eu","description":"Refreshing Vapes. Unforgettable Taste.","publisher":{"@id":"https:\/\/www.fizzyvape.eu\/pl\/#organization"},"potentialAction":[{"@type":"SearchAction","target":{"@type":"EntryPoint","urlTemplate":"https:\/\/www.fizzyvape.eu\/pl\/?s={search_term_string}"},"query-input":{"@type":"PropertyValueSpecification","valueRequired":true,"valueName":"search_term_string"}}],"inLanguage":"pl-PL"},{"@type":"Organization","@id":"https:\/\/www.fizzyvape.eu\/pl\/#organization","name":"fizzyvape.eu","url":"https:\/\/www.fizzyvape.eu\/pl\/","logo":{"@type":"ImageObject","inLanguage":"pl-PL","@id":"https:\/\/www.fizzyvape.eu\/pl\/#\/schema\/logo\/image\/","url":"https:\/\/fizzyvape.eu\/wp-content\/uploads\/2019\/06\/print-1.svg","contentUrl":"https:\/\/fizzyvape.eu\/wp-content\/uploads\/2019\/06\/print-1.svg","width":124,"height":37,"caption":"fizzyvape.eu"},"image":{"@id":"https:\/\/www.fizzyvape.eu\/pl\/#\/schema\/logo\/image\/"}}]},"og_availability":"out of stock","product_availability":"out of stock","product_condition":"new"},"tiered_pricing_type":"fixed","tiered_pricing_fixed_rules":[],"tiered_pricing_product_settings":{"layout":"default","base_unit_name":{"singular":null,"plural":null},"default_variation":null},"tiered_pricing_minimum_quantity":null,"tiered_pricing_roles_data":[],"tiered_pricing_percentage_rules":[],"tiered_pricing_maximum_quantity":null,"tiered_pricing_quantity_step":null,"_links":{"self":[{"href":"https:\/\/fizzyvape.eu\/pl\/wp-json\/wp\/v2\/product\/35229","targetHints":{"allow":["GET"]}}],"collection":[{"href":"https:\/\/fizzyvape.eu\/pl\/wp-json\/wp\/v2\/product"}],"about":[{"href":"https:\/\/fizzyvape.eu\/pl\/wp-json\/wp\/v2\/types\/product"}],"replies":[{"embeddable":true,"href":"https:\/\/fizzyvape.eu\/pl\/wp-json\/wp\/v2\/comments?post=35229"}],"version-history":[{"count":0,"href":"https:\/\/fizzyvape.eu\/pl\/wp-json\/wp\/v2\/product\/35229\/revisions"}],"wp:featuredmedia":[{"embeddable":true,"href":"https:\/\/fizzyvape.eu\/pl\/wp-json\/wp\/v2\/media\/35131"}],"wp:attachment":[{"href":"https:\/\/fizzyvape.eu\/pl\/wp-json\/wp\/v2\/media?parent=35229"}],"wp:term":[{"taxonomy":"product_brand","embeddable":true,"href":"https:\/\/fizzyvape.eu\/pl\/wp-json\/wp\/v2\/product_brand?post=35229"},{"taxonomy":"product_cat","embeddable":true,"href":"https:\/\/fizzyvape.eu\/pl\/wp-json\/wp\/v2\/product_cat?post=35229"},{"taxonomy":"product_tag","embeddable":true,"href":"https:\/\/fizzyvape.eu\/pl\/wp-json\/wp\/v2\/product_tag?post=35229"}],"curies":[{"name":"wp","href":"https:\/\/api.w.org\/{rel}","templated":true}]}}