{"id":35255,"date":"2025-08-28T17:47:31","date_gmt":"2025-08-28T09:47:31","guid":{"rendered":"https:\/\/fizzyvape.eu\/product\/fizzy-twins-50000-puffs-dual-flavor-vape-jednorazowego-uzytku\/"},"modified":"2025-08-28T17:47:31","modified_gmt":"2025-08-28T09:47:31","slug":"fizzy-twins-50000-puffs-dual-flavor-vape-jednorazowego-uzytku","status":"publish","type":"product","link":"https:\/\/fizzyvape.eu\/pl\/produkt\/fizzy-twins-50000-puffs-dual-flavor-vape-jednorazowego-uzytku\/","title":{"rendered":"Fizzy Twins 50000 Puffs Dual Flavor Vape jednorazowego u\u017cytku"},"content":{"rendered":"<div style=\"width: 1280px;\" class=\"wp-video\"><!--[if lt IE 9]><script>document.createElement('video');<\/script><![endif]-->\n<video class=\"wp-video-shortcode\" id=\"video-35255-1\" width=\"1280\" height=\"720\" preload=\"metadata\" controls=\"controls\"><source type=\"video\/mp4\" src=\"https:\/\/fizzyvape.eu\/wp-content\/uploads\/2025\/08\/Fizzy-Twins-50000-Puffs-Disposable-Vape.mp4?_=1\" \/><a href=\"https:\/\/fizzyvape.eu\/wp-content\/uploads\/2025\/08\/Fizzy-Twins-50000-Puffs-Disposable-Vape.mp4\">https:\/\/fizzyvape.eu\/wp-content\/uploads\/2025\/08\/Fizzy-Twins-50000-Puffs-Disposable-Vape.mp4<\/a><\/video><\/div>\n<h1>Fizzy Twins 50000 Puffs &#8211; podw\u00f3jny smak i podw\u00f3jny tryb jednorazowego u\u017cytku Vape<\/h1>\n<p><strong data-start=\"190\" data-end=\"218\">Fizzy Twins 50000 Puffs<\/strong> przenosi waporyzacj\u0119 jednorazow\u0105 na wy\u017cszy poziom dzi\u0119ki <strong data-start=\"270\" data-end=\"299\">unikalnemu systemowi dw\u00f3ch smak\u00f3w<\/strong> i <strong data-start=\"304\" data-end=\"328\">technologii dw\u00f3ch tryb\u00f3w<\/strong>. Oferuj\u0105c do <strong data-start=\"345\" data-end=\"361\">50 000 zaci\u0105gni\u0119\u0107<\/strong>, to \u0142adowalne urz\u0105dzenie pozwala na natychmiastowe prze\u0142\u0105czanie si\u0119 mi\u0119dzy dwoma r\u00f3\u017cnymi smakami lub cieszenie si\u0119 nimi w po\u0142\u0105czeniu, aby uzyska\u0107 prawdziwie spersonalizowane doznania podczas waporyzacji. <\/p>\n<h2 data-start=\"526\" data-end=\"547\">Kluczowe cechy<\/h2>\n<ul data-start=\"548\" data-end=\"1172\">\n<li data-start=\"548\" data-end=\"633\">\n<p data-start=\"550\" data-end=\"633\"><strong data-start=\"550\" data-end=\"575\">Pojemno\u015b\u0107 50 000 zaci\u0105gni\u0119\u0107<\/strong> &#8211; d\u0142ugotrwa\u0142a przyjemno\u015b\u0107 bez konieczno\u015bci ci\u0105g\u0142ej wymiany.<\/p>\n<\/li>\n<li data-start=\"634\" data-end=\"729\">\n<p data-start=\"636\" data-end=\"729\"><strong data-start=\"636\" data-end=\"662\">Technologia Dual Flavor<\/strong> &#8211; natychmiastowe prze\u0142\u0105czanie mi\u0119dzy <strong data-start=\"690\" data-end=\"705\">dwoma smakami<\/strong> lub mieszanie ich ze sob\u0105.<\/p>\n<\/li>\n<li data-start=\"730\" data-end=\"862\">\n<p data-start=\"732\" data-end=\"862\"><strong data-start=\"732\" data-end=\"757\">Wydajno\u015b\u0107 w dw\u00f3ch trybach<\/strong> &#8211; wyb\u00f3r pomi\u0119dzy <strong data-start=\"775\" data-end=\"791\">trybem zwyk\u0142ym<\/strong> dla p\u0142ynnej waporyzacji i <strong data-start=\"814\" data-end=\"828\">trybem boost<\/strong> dla mocniejszych chmur i smaku.<\/p>\n<\/li>\n<li data-start=\"863\" data-end=\"951\">\n<p data-start=\"865\" data-end=\"951\"><strong data-start=\"865\" data-end=\"889\">Akumulator<\/strong> &#8211; zapewnia pe\u0142ne 50 000 zaci\u0105gni\u0119\u0107 bez utraty zasilania.<\/p>\n<\/li>\n<li data-start=\"952\" data-end=\"1033\">\n<p data-start=\"954\" data-end=\"1033\"><strong data-start=\"954\" data-end=\"974\">Siatkowy system cewek<\/strong> &#8211; bogaty smak i jednolita para od pocz\u0105tku do ko\u0144ca.<\/p>\n<\/li>\n<li data-start=\"1034\" data-end=\"1103\">\n<p data-start=\"1036\" data-end=\"1103\"><strong data-start=\"1036\" data-end=\"1054\">Konstrukcja klasy premium<\/strong> &#8211; elegancka, przeno\u015bna i stworzona do codziennego u\u017cytku.<\/p>\n<\/li>\n<li data-start=\"1104\" data-end=\"1172\">\n<p data-start=\"1106\" data-end=\"1172\"><strong data-start=\"1106\" data-end=\"1126\">Szybka wysy\u0142ka na terenie UE<\/strong> &#8211; bezpo\u015brednia wysy\u0142ka z europejskich magazyn\u00f3w.<\/p>\n<\/li>\n<\/ul>\n<h2 data-start=\"1286\" data-end=\"1318\">Dlaczego warto wybra\u0107 Fizzy Twins?<\/h2>\n<p data-start=\"1319\" data-end=\"1545\">\u2714 Autentyczny Fizzy Vape &#8211; zaufany na ca\u0142ym \u015bwiecie od 2013 roku<br data-start=\"1372\" data-end=\"1375\">\u2714 Ekskluzywne <strong data-start=\"1387\" data-end=\"1413\">podw\u00f3jne doznania smakowe<\/strong> w jednym urz\u0105dzeniu<br data-start=\"1427\" data-end=\"1430\">\u2714 Du\u017ca liczba zaci\u0105gni\u0119\u0107 = lepsza warto\u015b\u0107 i mniej odpad\u00f3w<br data-start=\"1477\" data-end=\"1480\">\u2714 Wspierany przez <strong data-start=\"1492\" data-end=\"1509\">szybk\u0105 wysy\u0142k\u0119<\/strong> i <strong data-start=\"1514\" data-end=\"1543\">niezawodn\u0105 obs\u0142ug\u0119 klienta<\/strong><\/p>\n<p data-start=\"1319\" data-end=\"1545\"><img decoding=\"async\" class=\"alignnone wp-image-34860 size-full\" src=\"https:\/\/fizzyvape.eu\/wp-content\/uploads\/2025\/08\/FIZZY-Twins-50K-50000-puffs-Flavors--scaled.jpg\" alt=\"\" width=\"1354\" height=\"2560\" srcset=\"https:\/\/fizzyvape.eu\/wp-content\/uploads\/2025\/08\/FIZZY-Twins-50K-50000-puffs-Flavors--scaled.jpg 1354w, https:\/\/fizzyvape.eu\/wp-content\/uploads\/2025\/08\/FIZZY-Twins-50K-50000-puffs-Flavors--159x300.jpg 159w, https:\/\/fizzyvape.eu\/wp-content\/uploads\/2025\/08\/FIZZY-Twins-50K-50000-puffs-Flavors--423x800.jpg 423w, https:\/\/fizzyvape.eu\/wp-content\/uploads\/2025\/08\/FIZZY-Twins-50K-50000-puffs-Flavors--768x1452.jpg 768w, https:\/\/fizzyvape.eu\/wp-content\/uploads\/2025\/08\/FIZZY-Twins-50K-50000-puffs-Flavors--812x1536.jpg 812w, https:\/\/fizzyvape.eu\/wp-content\/uploads\/2025\/08\/FIZZY-Twins-50K-50000-puffs-Flavors--1083x2048.jpg 1083w, https:\/\/fizzyvape.eu\/wp-content\/uploads\/2025\/08\/FIZZY-Twins-50K-50000-puffs-Flavors--430x813.jpg 430w, https:\/\/fizzyvape.eu\/wp-content\/uploads\/2025\/08\/FIZZY-Twins-50K-50000-puffs-Flavors--700x1323.jpg 700w, https:\/\/fizzyvape.eu\/wp-content\/uploads\/2025\/08\/FIZZY-Twins-50K-50000-puffs-Flavors--150x284.jpg 150w\" sizes=\"(max-width: 1354px) 100vw, 1354px\" \/><\/p>\n<h2 data-start=\"98\" data-end=\"158\">Najcz\u0119\u015bciej zadawane pytania &#8211; Fizzy Twins 50k Puffs<\/h2>\n<h3 data-start=\"160\" data-end=\"248\">P1: Co sprawia, \u017ce Fizzy Twins 50,000 Puffs r\u00f3\u017cni si\u0119 od innych waporyzator\u00f3w jednorazowych?<\/h3>\n<p data-start=\"249\" data-end=\"530\"><strong data-start=\"249\" data-end=\"255\">O:<\/strong> Fizzy Twins jest wyj\u0105tkowy, poniewa\u017c oferuje <strong data-start=\"302\" data-end=\"328\">technologi\u0119 podw\u00f3jnego smaku<\/strong>. Mo\u017cesz natychmiast prze\u0142\u0105cza\u0107 si\u0119 mi\u0119dzy dwoma smakami lub miesza\u0107 je ze sob\u0105, zapewniaj\u0105c wi\u0119ksz\u0105 r\u00f3\u017cnorodno\u015b\u0107 w jednym urz\u0105dzeniu. Oferuje on r\u00f3wnie\u017c <strong data-start=\"453\" data-end=\"473\">podw\u00f3jny tryb waporyzacji<\/strong> (zwyk\u0142y i boost), kt\u00f3ry umo\u017cliwia dostosowanie wydajno\u015bci.  <\/p>\n<hr data-start=\"532\" data-end=\"535\">\n<h3 data-start=\"537\" data-end=\"591\">P2: Ile zaci\u0105gni\u0119\u0107 zapewnia Fizzy Twins?<\/h3>\n<p data-start=\"592\" data-end=\"819\"><strong data-start=\"592\" data-end=\"598\">O:<\/strong> Ka\u017cde urz\u0105dzenie zapewnia do <strong data-start=\"626\" data-end=\"642\">50 000 zaci\u0105gni\u0119\u0107<\/strong>, co czyni je jednym z najd\u0142u\u017cej dzia\u0142aj\u0105cych waporyzator\u00f3w jednorazowych. W po\u0142\u0105czeniu z <strong data-start=\"725\" data-end=\"749\">akumulatorem<\/strong>, mo\u017cesz cieszy\u0107 si\u0119 ka\u017cdym zaci\u0105gni\u0119ciem, nie martwi\u0105c si\u0119 o wyczerpanie energii. <\/p>\n<hr data-start=\"821\" data-end=\"824\">\n<h3 data-start=\"826\" data-end=\"868\">P3: Czy Fizzy Twins mo\u017cna \u0142adowa\u0107?<\/h3>\n<p data-start=\"869\" data-end=\"1033\"><strong data-start=\"869\" data-end=\"875\">Tak<\/strong>. W przeciwie\u0144stwie do standardowych jednoraz\u00f3wek, Fizzy Twins jest wyposa\u017cony w <strong data-start=\"939\" data-end=\"963\">akumulator<\/strong>, kt\u00f3ry zapewnia pe\u0142ne wykorzystanie 50 000 zaci\u0105gni\u0119\u0107 bez przerw. <\/p>\n<hr data-start=\"1035\" data-end=\"1038\">\n<h3 data-start=\"1040\" data-end=\"1078\">P4: Jak dzia\u0142a tryb podw\u00f3jny?<\/h3>\n<p data-start=\"1079\" data-end=\"1132\"><strong data-start=\"1079\" data-end=\"1085\">O:<\/strong> Fizzy Twins oferuje <strong data-start=\"1109\" data-end=\"1129\">dwa tryby waporyzacji<\/strong>:<\/p>\n<ul data-start=\"1133\" data-end=\"1294\">\n<li data-start=\"1133\" data-end=\"1182\">\n<p data-start=\"1135\" data-end=\"1182\"><strong data-start=\"1135\" data-end=\"1151\">Tryb zwyk\u0142y<\/strong> zapewnia p\u0142ynn\u0105, codzienn\u0105 waporyzacj\u0119.<\/p>\n<\/li>\n<li data-start=\"1183\" data-end=\"1294\">\n<p data-start=\"1185\" data-end=\"1294\"><strong data-start=\"1185\" data-end=\"1199\">Tryb Boost<\/strong> dla lepszego smaku i wi\u0119kszych chmur.<br data-start=\"1238\" data-end=\"1241\">Mo\u017cna go \u0142atwo prze\u0142\u0105cza\u0107 w zale\u017cno\u015bci od preferencji.<\/p>\n<\/li>\n<\/ul>\n<hr data-start=\"1296\" data-end=\"1299\">\n<h3 data-start=\"1301\" data-end=\"1349\">P5: Czy Fizzy Twins jest autentyczny i bezpieczny?<\/h3>\n<p data-start=\"1350\" data-end=\"1567\"><strong data-start=\"1350\" data-end=\"1356\">O:<\/strong> Oczywi\u015bcie. Fizzy Twins to <strong data-start=\"1391\" data-end=\"1423\">autentyczny produkt Fizzy Vape<\/strong>, zaufanej globalnej marki od 2013 roku. Wszystkie urz\u0105dzenia s\u0105 projektowane z kontrol\u0105 jako\u015bci, aby zapewni\u0107 bezpiecze\u0144stwo, sp\u00f3jno\u015b\u0107 i dostarczanie najwy\u017cszej jako\u015bci smaku.  <\/p>\n<hr data-start=\"1569\" data-end=\"1572\">\n<h3 data-start=\"1574\" data-end=\"1621\">P6: Sk\u0105d pochodz\u0105 Fizzy Twins?<\/h3>\n<p data-start=\"1622\" data-end=\"1759\"><strong data-start=\"1622\" data-end=\"1628\">O:<\/strong> Wszystkie zam\u00f3wienia s\u0105 wysy\u0142ane bezpo\u015brednio z <strong data-start=\"1666\" data-end=\"1683\">magazyn\u00f3w w UE<\/strong>, co zapewnia <strong data-start=\"1694\" data-end=\"1711\">szybk\u0105 dostaw\u0119<\/strong> w ca\u0142ej Europie i niezawodn\u0105 obs\u0142ug\u0119 klienta.<\/p>\n","protected":false},"excerpt":{"rendered":"<p data-start=\"79\" data-end=\"334\"><strong>Fizzy Twins 50000 Puffs<\/strong> to wysokiej jako\u015bci jednorazowy waporyzator wielokrotnego \u0142adowania z prze\u0142\u0105cznikiem dw\u00f3ch smak\u00f3w. Ciesz si\u0119 dwoma smakami w jednym urz\u0105dzeniu z pot\u0119\u017cn\u0105 wydajno\u015bci\u0105, d\u0142ugotrwa\u0142\u0105 bateri\u0105 i g\u0142adkim smakiem &#8211; idealnym dla vaper\u00f3w, kt\u00f3rzy chc\u0105 r\u00f3\u017cnorodno\u015bci i wytrzyma\u0142o\u015bci. <\/p>\n","protected":false},"featured_media":29291,"comment_status":"open","ping_status":"closed","template":"","meta":{"iawp_total_views":12},"product_brand":[],"product_cat":[253],"product_tag":[656],"class_list":{"0":"post-35255","1":"product","2":"type-product","3":"status-publish","4":"has-post-thumbnail","6":"product_cat-twins-jednorazowy-e-papieros-50k-50000-puffs-pl","7":"product_tag-1-szt","9":"first","10":"outofstock","11":"sale","12":"shipping-taxable","13":"purchasable","14":"product-type-variable"},"yoast_head":"<!-- This site is optimized with the Yoast SEO Premium plugin v24.8 (Yoast SEO v24.8) - https:\/\/yoast.com\/wordpress\/plugins\/seo\/ -->\n<title>Fizzy Twins 50000 Puffs | Dwusmakowy jednorazowy akumulator Vape - Oficjalny sklep Fizzy Vape<\/title>\n<meta name=\"description\" content=\"Odkryj Fizzy Twins 50000 Puffs, jednorazowy waporyzator wielokrotnego \u0142adowania z podw\u00f3jnym prze\u0142\u0105cznikiem smaku. Do 50 tysi\u0119cy zaci\u0105gni\u0119\u0107, g\u0142adki smak i d\u0142ugotrwa\u0142a wydajno\u015b\u0107. Kupuj autentyczne Fizzy Vape ju\u017c dzi\u015b.\" \/>\n<meta name=\"robots\" content=\"index, follow, max-snippet:-1, max-image-preview:large, max-video-preview:-1\" \/>\n<link rel=\"canonical\" href=\"https:\/\/fizzyvape.eu\/pl\/produkt\/fizzy-twins-50000-puffs-dual-flavor-vape-jednorazowego-uzytku\/\" \/>\n<meta property=\"og:locale\" content=\"pl_PL\" \/>\n<meta property=\"og:type\" content=\"article\" \/>\n<meta property=\"og:title\" content=\"Fizzy Twins 50000 Puffs Dual Flavor Vape jednorazowego u\u017cytku\" \/>\n<meta property=\"og:description\" content=\"Odkryj Fizzy Twins 50000 Puffs, jednorazowy waporyzator wielokrotnego \u0142adowania z podw\u00f3jnym prze\u0142\u0105cznikiem smaku. Do 50 tysi\u0119cy zaci\u0105gni\u0119\u0107, g\u0142adki smak i d\u0142ugotrwa\u0142a wydajno\u015b\u0107. Kupuj autentyczne Fizzy Vape ju\u017c dzi\u015b.\" \/>\n<meta property=\"og:url\" content=\"https:\/\/fizzyvape.eu\/pl\/produkt\/fizzy-twins-50000-puffs-dual-flavor-vape-jednorazowego-uzytku\/\" \/>\n<meta property=\"og:site_name\" content=\"fizzyvape.eu\" \/>\n<meta property=\"og:image\" content=\"https:\/\/fizzyvape.eu\/wp-content\/uploads\/2025\/04\/Fizzy-Twins-50000Puffs-16.webp\" \/>\n\t<meta property=\"og:image:width\" content=\"800\" \/>\n\t<meta property=\"og:image:height\" content=\"800\" \/>\n\t<meta property=\"og:image:type\" content=\"image\/webp\" \/>\n<meta name=\"twitter:card\" content=\"summary_large_image\" \/>\n<meta name=\"twitter:label1\" content=\"Dost\u0119pno\u015b\u0107\" \/>\n\t<meta name=\"twitter:data1\" content=\"Brak w magazynie\" \/>\n<script type=\"application\/ld+json\" class=\"yoast-schema-graph\">{\"@context\":\"https:\/\/schema.org\",\"@graph\":[{\"@type\":\"WebPage\",\"@id\":\"https:\/\/fizzyvape.eu\/pl\/produkt\/fizzy-twins-50000-puffs-dual-flavor-vape-jednorazowego-uzytku\/\",\"url\":\"https:\/\/fizzyvape.eu\/pl\/produkt\/fizzy-twins-50000-puffs-dual-flavor-vape-jednorazowego-uzytku\/\",\"name\":\"Fizzy Twins 50000 Puffs | Dwusmakowy jednorazowy akumulator Vape - Oficjalny sklep Fizzy Vape\",\"isPartOf\":{\"@id\":\"https:\/\/www.fizzyvape.eu\/pl\/#website\"},\"primaryImageOfPage\":{\"@id\":\"https:\/\/fizzyvape.eu\/pl\/produkt\/fizzy-twins-50000-puffs-dual-flavor-vape-jednorazowego-uzytku\/#primaryimage\"},\"image\":{\"@id\":\"https:\/\/fizzyvape.eu\/pl\/produkt\/fizzy-twins-50000-puffs-dual-flavor-vape-jednorazowego-uzytku\/#primaryimage\"},\"thumbnailUrl\":\"https:\/\/fizzyvape.eu\/wp-content\/uploads\/2025\/04\/Fizzy-Twins-50000Puffs-16.webp\",\"datePublished\":\"2025-08-28T09:47:31+00:00\",\"description\":\"Odkryj Fizzy Twins 50000 Puffs, jednorazowy waporyzator wielokrotnego \u0142adowania z podw\u00f3jnym prze\u0142\u0105cznikiem smaku. Do 50 tysi\u0119cy zaci\u0105gni\u0119\u0107, g\u0142adki smak i d\u0142ugotrwa\u0142a wydajno\u015b\u0107. Kupuj autentyczne Fizzy Vape ju\u017c dzi\u015b.\",\"breadcrumb\":{\"@id\":\"https:\/\/fizzyvape.eu\/pl\/produkt\/fizzy-twins-50000-puffs-dual-flavor-vape-jednorazowego-uzytku\/#breadcrumb\"},\"inLanguage\":\"pl-PL\",\"potentialAction\":[{\"@type\":\"ReadAction\",\"target\":[\"https:\/\/fizzyvape.eu\/pl\/produkt\/fizzy-twins-50000-puffs-dual-flavor-vape-jednorazowego-uzytku\/\"]}]},{\"@type\":\"ImageObject\",\"inLanguage\":\"pl-PL\",\"@id\":\"https:\/\/fizzyvape.eu\/pl\/produkt\/fizzy-twins-50000-puffs-dual-flavor-vape-jednorazowego-uzytku\/#primaryimage\",\"url\":\"https:\/\/fizzyvape.eu\/wp-content\/uploads\/2025\/04\/Fizzy-Twins-50000Puffs-16.webp\",\"contentUrl\":\"https:\/\/fizzyvape.eu\/wp-content\/uploads\/2025\/04\/Fizzy-Twins-50000Puffs-16.webp\",\"width\":800,\"height\":800,\"caption\":\"Fizzy Twins 50000 Puffs jednorazowe Vape\"},{\"@type\":\"BreadcrumbList\",\"@id\":\"https:\/\/fizzyvape.eu\/pl\/produkt\/fizzy-twins-50000-puffs-dual-flavor-vape-jednorazowego-uzytku\/#breadcrumb\",\"itemListElement\":[{\"@type\":\"ListItem\",\"position\":1,\"name\":\"Home\",\"item\":\"https:\/\/fizzyvape.eu\/pl\/\"},{\"@type\":\"ListItem\",\"position\":2,\"name\":\"Sklep\",\"item\":\"https:\/\/fizzyvape.eu\/pl\/sklep\/\"},{\"@type\":\"ListItem\",\"position\":3,\"name\":\"Fizzy Twins 50000 Puffs Dual Flavor Vape jednorazowego u\u017cytku\"}]},{\"@type\":\"WebSite\",\"@id\":\"https:\/\/www.fizzyvape.eu\/pl\/#website\",\"url\":\"https:\/\/www.fizzyvape.eu\/pl\/\",\"name\":\"fizzyvape.eu\",\"description\":\"Refreshing Vapes. Unforgettable Taste.\",\"publisher\":{\"@id\":\"https:\/\/www.fizzyvape.eu\/pl\/#organization\"},\"potentialAction\":[{\"@type\":\"SearchAction\",\"target\":{\"@type\":\"EntryPoint\",\"urlTemplate\":\"https:\/\/www.fizzyvape.eu\/pl\/?s={search_term_string}\"},\"query-input\":{\"@type\":\"PropertyValueSpecification\",\"valueRequired\":true,\"valueName\":\"search_term_string\"}}],\"inLanguage\":\"pl-PL\"},{\"@type\":\"Organization\",\"@id\":\"https:\/\/www.fizzyvape.eu\/pl\/#organization\",\"name\":\"fizzyvape.eu\",\"url\":\"https:\/\/www.fizzyvape.eu\/pl\/\",\"logo\":{\"@type\":\"ImageObject\",\"inLanguage\":\"pl-PL\",\"@id\":\"https:\/\/www.fizzyvape.eu\/pl\/#\/schema\/logo\/image\/\",\"url\":\"https:\/\/fizzyvape.eu\/wp-content\/uploads\/2019\/06\/print-1.svg\",\"contentUrl\":\"https:\/\/fizzyvape.eu\/wp-content\/uploads\/2019\/06\/print-1.svg\",\"width\":124,\"height\":37,\"caption\":\"fizzyvape.eu\"},\"image\":{\"@id\":\"https:\/\/www.fizzyvape.eu\/pl\/#\/schema\/logo\/image\/\"}}]}<\/script>\n<meta property=\"og:availability\" content=\"out of stock\" \/>\n<meta property=\"product:availability\" content=\"out of stock\" \/>\n<meta property=\"product:condition\" content=\"new\" \/>\n<!-- \/ Yoast SEO Premium plugin. -->","yoast_head_json":{"title":"Fizzy Twins 50000 Puffs | Dwusmakowy jednorazowy akumulator Vape - Oficjalny sklep Fizzy Vape","description":"Odkryj Fizzy Twins 50000 Puffs, jednorazowy waporyzator wielokrotnego \u0142adowania z podw\u00f3jnym prze\u0142\u0105cznikiem smaku. Do 50 tysi\u0119cy zaci\u0105gni\u0119\u0107, g\u0142adki smak i d\u0142ugotrwa\u0142a wydajno\u015b\u0107. Kupuj autentyczne Fizzy Vape ju\u017c dzi\u015b.","robots":{"index":"index","follow":"follow","max-snippet":"max-snippet:-1","max-image-preview":"max-image-preview:large","max-video-preview":"max-video-preview:-1"},"canonical":"https:\/\/fizzyvape.eu\/pl\/produkt\/fizzy-twins-50000-puffs-dual-flavor-vape-jednorazowego-uzytku\/","og_locale":"pl_PL","og_type":"article","og_title":"Fizzy Twins 50000 Puffs Dual Flavor Vape jednorazowego u\u017cytku","og_description":"Odkryj Fizzy Twins 50000 Puffs, jednorazowy waporyzator wielokrotnego \u0142adowania z podw\u00f3jnym prze\u0142\u0105cznikiem smaku. Do 50 tysi\u0119cy zaci\u0105gni\u0119\u0107, g\u0142adki smak i d\u0142ugotrwa\u0142a wydajno\u015b\u0107. Kupuj autentyczne Fizzy Vape ju\u017c dzi\u015b.","og_url":"https:\/\/fizzyvape.eu\/pl\/produkt\/fizzy-twins-50000-puffs-dual-flavor-vape-jednorazowego-uzytku\/","og_site_name":"fizzyvape.eu","og_image":[{"width":800,"height":800,"url":"https:\/\/fizzyvape.eu\/wp-content\/uploads\/2025\/04\/Fizzy-Twins-50000Puffs-16.webp","type":"image\/webp"}],"twitter_card":"summary_large_image","twitter_misc":{"Dost\u0119pno\u015b\u0107":"Brak w magazynie"},"schema":{"@context":"https:\/\/schema.org","@graph":[{"@type":"WebPage","@id":"https:\/\/fizzyvape.eu\/pl\/produkt\/fizzy-twins-50000-puffs-dual-flavor-vape-jednorazowego-uzytku\/","url":"https:\/\/fizzyvape.eu\/pl\/produkt\/fizzy-twins-50000-puffs-dual-flavor-vape-jednorazowego-uzytku\/","name":"Fizzy Twins 50000 Puffs | Dwusmakowy jednorazowy akumulator Vape - Oficjalny sklep Fizzy Vape","isPartOf":{"@id":"https:\/\/www.fizzyvape.eu\/pl\/#website"},"primaryImageOfPage":{"@id":"https:\/\/fizzyvape.eu\/pl\/produkt\/fizzy-twins-50000-puffs-dual-flavor-vape-jednorazowego-uzytku\/#primaryimage"},"image":{"@id":"https:\/\/fizzyvape.eu\/pl\/produkt\/fizzy-twins-50000-puffs-dual-flavor-vape-jednorazowego-uzytku\/#primaryimage"},"thumbnailUrl":"https:\/\/fizzyvape.eu\/wp-content\/uploads\/2025\/04\/Fizzy-Twins-50000Puffs-16.webp","datePublished":"2025-08-28T09:47:31+00:00","description":"Odkryj Fizzy Twins 50000 Puffs, jednorazowy waporyzator wielokrotnego \u0142adowania z podw\u00f3jnym prze\u0142\u0105cznikiem smaku. Do 50 tysi\u0119cy zaci\u0105gni\u0119\u0107, g\u0142adki smak i d\u0142ugotrwa\u0142a wydajno\u015b\u0107. Kupuj autentyczne Fizzy Vape ju\u017c dzi\u015b.","breadcrumb":{"@id":"https:\/\/fizzyvape.eu\/pl\/produkt\/fizzy-twins-50000-puffs-dual-flavor-vape-jednorazowego-uzytku\/#breadcrumb"},"inLanguage":"pl-PL","potentialAction":[{"@type":"ReadAction","target":["https:\/\/fizzyvape.eu\/pl\/produkt\/fizzy-twins-50000-puffs-dual-flavor-vape-jednorazowego-uzytku\/"]}]},{"@type":"ImageObject","inLanguage":"pl-PL","@id":"https:\/\/fizzyvape.eu\/pl\/produkt\/fizzy-twins-50000-puffs-dual-flavor-vape-jednorazowego-uzytku\/#primaryimage","url":"https:\/\/fizzyvape.eu\/wp-content\/uploads\/2025\/04\/Fizzy-Twins-50000Puffs-16.webp","contentUrl":"https:\/\/fizzyvape.eu\/wp-content\/uploads\/2025\/04\/Fizzy-Twins-50000Puffs-16.webp","width":800,"height":800,"caption":"Fizzy Twins 50000 Puffs jednorazowe Vape"},{"@type":"BreadcrumbList","@id":"https:\/\/fizzyvape.eu\/pl\/produkt\/fizzy-twins-50000-puffs-dual-flavor-vape-jednorazowego-uzytku\/#breadcrumb","itemListElement":[{"@type":"ListItem","position":1,"name":"Home","item":"https:\/\/fizzyvape.eu\/pl\/"},{"@type":"ListItem","position":2,"name":"Sklep","item":"https:\/\/fizzyvape.eu\/pl\/sklep\/"},{"@type":"ListItem","position":3,"name":"Fizzy Twins 50000 Puffs Dual Flavor Vape jednorazowego u\u017cytku"}]},{"@type":"WebSite","@id":"https:\/\/www.fizzyvape.eu\/pl\/#website","url":"https:\/\/www.fizzyvape.eu\/pl\/","name":"fizzyvape.eu","description":"Refreshing Vapes. Unforgettable Taste.","publisher":{"@id":"https:\/\/www.fizzyvape.eu\/pl\/#organization"},"potentialAction":[{"@type":"SearchAction","target":{"@type":"EntryPoint","urlTemplate":"https:\/\/www.fizzyvape.eu\/pl\/?s={search_term_string}"},"query-input":{"@type":"PropertyValueSpecification","valueRequired":true,"valueName":"search_term_string"}}],"inLanguage":"pl-PL"},{"@type":"Organization","@id":"https:\/\/www.fizzyvape.eu\/pl\/#organization","name":"fizzyvape.eu","url":"https:\/\/www.fizzyvape.eu\/pl\/","logo":{"@type":"ImageObject","inLanguage":"pl-PL","@id":"https:\/\/www.fizzyvape.eu\/pl\/#\/schema\/logo\/image\/","url":"https:\/\/fizzyvape.eu\/wp-content\/uploads\/2019\/06\/print-1.svg","contentUrl":"https:\/\/fizzyvape.eu\/wp-content\/uploads\/2019\/06\/print-1.svg","width":124,"height":37,"caption":"fizzyvape.eu"},"image":{"@id":"https:\/\/www.fizzyvape.eu\/pl\/#\/schema\/logo\/image\/"}}]},"og_availability":"out of stock","product_availability":"out of stock","product_condition":"new"},"tiered_pricing_type":"fixed","tiered_pricing_fixed_rules":[],"tiered_pricing_product_settings":{"layout":"default","base_unit_name":{"singular":null,"plural":null},"default_variation":null},"tiered_pricing_minimum_quantity":null,"tiered_pricing_roles_data":[],"tiered_pricing_percentage_rules":[],"tiered_pricing_maximum_quantity":null,"tiered_pricing_quantity_step":null,"_links":{"self":[{"href":"https:\/\/fizzyvape.eu\/pl\/wp-json\/wp\/v2\/product\/35255","targetHints":{"allow":["GET"]}}],"collection":[{"href":"https:\/\/fizzyvape.eu\/pl\/wp-json\/wp\/v2\/product"}],"about":[{"href":"https:\/\/fizzyvape.eu\/pl\/wp-json\/wp\/v2\/types\/product"}],"replies":[{"embeddable":true,"href":"https:\/\/fizzyvape.eu\/pl\/wp-json\/wp\/v2\/comments?post=35255"}],"version-history":[{"count":0,"href":"https:\/\/fizzyvape.eu\/pl\/wp-json\/wp\/v2\/product\/35255\/revisions"}],"wp:featuredmedia":[{"embeddable":true,"href":"https:\/\/fizzyvape.eu\/pl\/wp-json\/wp\/v2\/media\/29291"}],"wp:attachment":[{"href":"https:\/\/fizzyvape.eu\/pl\/wp-json\/wp\/v2\/media?parent=35255"}],"wp:term":[{"taxonomy":"product_brand","embeddable":true,"href":"https:\/\/fizzyvape.eu\/pl\/wp-json\/wp\/v2\/product_brand?post=35255"},{"taxonomy":"product_cat","embeddable":true,"href":"https:\/\/fizzyvape.eu\/pl\/wp-json\/wp\/v2\/product_cat?post=35255"},{"taxonomy":"product_tag","embeddable":true,"href":"https:\/\/fizzyvape.eu\/pl\/wp-json\/wp\/v2\/product_tag?post=35255"}],"curies":[{"name":"wp","href":"https:\/\/api.w.org\/{rel}","templated":true}]}}