{"id":35295,"date":"2025-08-28T18:07:11","date_gmt":"2025-08-28T10:07:11","guid":{"rendered":"https:\/\/fizzyvape.eu\/product\/fizzy-max-iii-6-w-1-60k-60000-zaciagniec-jednorazowy-akumulator-vape\/"},"modified":"2025-08-28T18:07:11","modified_gmt":"2025-08-28T10:07:11","slug":"fizzy-max-iii-6-w-1-60k-60000-zaciagniec-jednorazowy-akumulator-vape","status":"publish","type":"product","link":"https:\/\/fizzyvape.eu\/pl\/produkt\/fizzy-max-iii-6-w-1-60k-60000-zaciagniec-jednorazowy-akumulator-vape\/","title":{"rendered":"Fizzy Max III 6 w 1 60k 60000 zaci\u0105gni\u0119\u0107 jednorazowy akumulator Vape"},"content":{"rendered":"<div style=\"width: 853px;\" class=\"wp-video\"><!--[if lt IE 9]><script>document.createElement('video');<\/script><![endif]-->\n<video class=\"wp-video-shortcode\" id=\"video-35295-1\" width=\"853\" height=\"480\" preload=\"metadata\" controls=\"controls\"><source type=\"video\/mp4\" src=\"https:\/\/fizzyvape.eu\/wp-content\/uploads\/2025\/08\/fizzy-max-iii-60000-puff-disposable-vape-wholesal-trusted-pro-disposable-vape-supplier.mp4?_=1\" \/><a href=\"https:\/\/fizzyvape.eu\/wp-content\/uploads\/2025\/08\/fizzy-max-iii-60000-puff-disposable-vape-wholesal-trusted-pro-disposable-vape-supplier.mp4\">https:\/\/fizzyvape.eu\/wp-content\/uploads\/2025\/08\/fizzy-max-iii-60000-puff-disposable-vape-wholesal-trusted-pro-disposable-vape-supplier.mp4<\/a><\/video><\/div>\n<h1>Fizzy Max III 6 w 1 60000 Puff\u00f3w jednorazowy akumulator Vape<\/h1>\n<p>Fizzy Max III 6-in-1 60000 Puffs to wysokiej jako\u015bci jednorazowy waporyzator wielokrotnego \u0142adowania przeznaczony dla vaper\u00f3w, kt\u00f3rzy chc\u0105 zar\u00f3wno r\u00f3\u017cnorodno\u015bci, jak i wytrzyma\u0142o\u015bci. <strong>6 smak\u00f3w w 1 urz\u0105dzeniu<\/strong> pozwala na natychmiastowe prze\u0142\u0105czanie si\u0119 mi\u0119dzy smakami, jednocze\u015bnie ciesz\u0105c si\u0119 do <strong>60 000 zaci\u0105gni\u0119\u0107<\/strong> g\u0142adkiej i sp\u00f3jnej pary. Wydajny akumulator zapewnia d\u0142ugotrwa\u0142\u0105 wydajno\u015b\u0107, dzi\u0119ki czemu Fizzy Max III 60000 Puffs jest idealnym wyborem dla os\u00f3b poszukuj\u0105cych wygody, trwa\u0142o\u015bci i autentycznej jako\u015bci Fizzy Vape w ka\u017cdym zaci\u0105gni\u0119ciu.  <\/p>\n<h3>Kluczowe cechy<\/h3>\n<ul>\n<li><strong>6 smak\u00f3w w 1 urz\u0105dzeniu<\/strong> &#8211; Zbudowany z sze\u015bciu oddzielnych kom\u00f3r na e-liquid, umo\u017cliwiaj\u0105c natychmiastow\u0105 zmian\u0119 smak\u00f3w za pomoc\u0105 jednego urz\u0105dzenia.<\/li>\n<li><strong>Ogromne 60 000 zaci\u0105gni\u0119\u0107<\/strong> &#8211; zaprojektowany z my\u015bl\u0105 o bardzo d\u0142ugim u\u017cytkowaniu, znacznie przekraczaj\u0105cym zwyk\u0142e waporyzatory jednorazowe.<\/li>\n<li><strong>Akumulator<\/strong> &#8211; Wyposa\u017cony w pot\u0119\u017cny akumulator, kt\u00f3ry zapewnia nieprzerwan\u0105 prac\u0119.<\/li>\n<li><strong>P\u0142ynna i sta\u0142a wydajno\u015b\u0107<\/strong> &#8211; zaawansowany chipset i ulepszona cewka siatkowa zapewniaj\u0105 bogaty smak i g\u0142adk\u0105 par\u0119 przy ka\u017cdym zaci\u0105gni\u0119ciu.<\/li>\n<li><strong>Przeno\u015bny i stylowy design<\/strong> &#8211; smuk\u0142a, przyjazna dla kieszeni obudowa u\u0142atwia przenoszenie i waporyzacj\u0119 w dowolnym miejscu i czasie.<\/li>\n<\/ul>\n<p><img decoding=\"async\" class=\"alignnone wp-image-34842 size-full\" src=\"https:\/\/fizzyvape.eu\/wp-content\/uploads\/2025\/08\/FIZZY-Max-III-6-in-60K-60000-puffs-Flavors--scaled.jpg\" alt=\"\" width=\"1168\" height=\"2560\" srcset=\"https:\/\/fizzyvape.eu\/wp-content\/uploads\/2025\/08\/FIZZY-Max-III-6-in-60K-60000-puffs-Flavors--scaled.jpg 1168w, https:\/\/fizzyvape.eu\/wp-content\/uploads\/2025\/08\/FIZZY-Max-III-6-in-60K-60000-puffs-Flavors--137x300.jpg 137w, https:\/\/fizzyvape.eu\/wp-content\/uploads\/2025\/08\/FIZZY-Max-III-6-in-60K-60000-puffs-Flavors--365x800.jpg 365w, https:\/\/fizzyvape.eu\/wp-content\/uploads\/2025\/08\/FIZZY-Max-III-6-in-60K-60000-puffs-Flavors--768x1684.jpg 768w, https:\/\/fizzyvape.eu\/wp-content\/uploads\/2025\/08\/FIZZY-Max-III-6-in-60K-60000-puffs-Flavors--701x1536.jpg 701w, https:\/\/fizzyvape.eu\/wp-content\/uploads\/2025\/08\/FIZZY-Max-III-6-in-60K-60000-puffs-Flavors--934x2048.jpg 934w, https:\/\/fizzyvape.eu\/wp-content\/uploads\/2025\/08\/FIZZY-Max-III-6-in-60K-60000-puffs-Flavors--430x943.jpg 430w, https:\/\/fizzyvape.eu\/wp-content\/uploads\/2025\/08\/FIZZY-Max-III-6-in-60K-60000-puffs-Flavors--700x1535.jpg 700w, https:\/\/fizzyvape.eu\/wp-content\/uploads\/2025\/08\/FIZZY-Max-III-6-in-60K-60000-puffs-Flavors--150x329.jpg 150w\" sizes=\"(max-width: 1168px) 100vw, 1168px\" \/><\/p>\n<h3>Specyfikacja produktu<\/h3>\n<ul>\n<li><strong>Marka<\/strong>: Fizzy Vape<\/li>\n<li><strong>Model<\/strong>: Fizzy Max III 6-w-1<\/li>\n<li><strong>Liczba zaci\u0105gni\u0119\u0107<\/strong>: Do 60 000 zaci\u0105gni\u0119\u0107<\/li>\n<li><strong>Smaki<\/strong>: 6 prze\u0142\u0105czanych smak\u00f3w w jednym urz\u0105dzeniu<\/li>\n<li><strong>Bateria<\/strong>: Akumulator o du\u017cej pojemno\u015bci<\/li>\n<li><strong>E-liquid<\/strong>: Formu\u0142a soli nikotynowej premium<\/li>\n<li><strong>Konstrukcja<\/strong>: Kompaktowy jednorazowy vape<\/li>\n<\/ul>\n<h3>Dlaczego warto wybra\u0107 Fizzy Max III?<\/h3>\n<p>Fizzy Max III to co\u015b wi\u0119cej ni\u017c tylko jednorazowy waporyzator &#8211; to <strong>6 w 1 dozna\u0144 smakowych<\/strong>. Nie ma potrzeby noszenia wielu urz\u0105dze\u0144; ciesz si\u0119 sze\u015bcioma smakami w jednym eleganckim urz\u0105dzeniu. Dzi\u0119ki pojemno\u015bci do 60 000 zaci\u0105gni\u0119\u0107 i akumulatorowi, urz\u0105dzenie to zosta\u0142o stworzone z my\u015bl\u0105 o wygodzie, wytrzyma\u0142o\u015bci i r\u00f3\u017cnorodno\u015bci smak\u00f3w.  <\/p>\n<h3>Idealny dla<\/h3>\n<ul>\n<li>Vaperzy, kt\u00f3rzy uwielbiaj\u0105 prze\u0142\u0105cza\u0107 si\u0119 mi\u0119dzy r\u00f3\u017cnymi smakami<\/li>\n<li>Ci, kt\u00f3rzy chc\u0105 <strong>d\u0142ugotrwa\u0142ego,<\/strong> jednorazowego waporyzatora o <strong>du\u017cej pojemno\u015bci<\/strong> <\/li>\n<li>Ka\u017cdy, kto szuka <strong>przeno\u015bnego i bezproblemowego<\/strong> rozwi\u0105zania do waporyzacji<\/li>\n<\/ul>\n","protected":false},"excerpt":{"rendered":"<p><strong>Fizzy Max III 60000 Puffs<\/strong> to wysokiej jako\u015bci jednorazowy waporyzator wielokrotnego \u0142adowania z 6 prze\u0142\u0105czanymi smakami. Ciesz si\u0119 g\u0142adkim smakiem, pot\u0119\u017cn\u0105 wydajno\u015bci\u0105 i bardzo d\u0142ugim wapowaniem w jednym urz\u0105dzeniu. <\/p>\n","protected":false},"featured_media":34941,"comment_status":"open","ping_status":"closed","template":"","meta":{"iawp_total_views":6},"product_brand":[],"product_cat":[589],"product_tag":[656],"class_list":{"0":"post-35295","1":"product","2":"type-product","3":"status-publish","4":"has-post-thumbnail","6":"product_cat-max-iii-6in1-60k-60000-puffs-rechargeable-disposable-vape-pl","7":"product_tag-1-szt","9":"first","10":"outofstock","11":"sale","12":"shipping-taxable","13":"purchasable","14":"product-type-variable"},"yoast_head":"<!-- This site is optimized with the Yoast SEO Premium plugin v24.8 (Yoast SEO v24.8) - https:\/\/yoast.com\/wordpress\/plugins\/seo\/ -->\n<title>Fizzy Max III 60000 Puffs | Akumulator jednorazowy Vape 6 w 1<\/title>\n<meta name=\"description\" content=\"Kup Fizzy Max III 60000 Puffs jednorazowy vape do wielokrotnego \u0142adowania. 6 smak\u00f3w, 60 tys. zaci\u0105gni\u0119\u0107, g\u0142adki smak, d\u0142ugotrwa\u0142y i autentyczny Fizzy Vape.\" \/>\n<meta name=\"robots\" content=\"index, follow, max-snippet:-1, max-image-preview:large, max-video-preview:-1\" \/>\n<link rel=\"canonical\" href=\"https:\/\/fizzyvape.eu\/pl\/produkt\/fizzy-max-iii-6-w-1-60k-60000-zaciagniec-jednorazowy-akumulator-vape\/\" \/>\n<meta property=\"og:locale\" content=\"pl_PL\" \/>\n<meta property=\"og:type\" content=\"article\" \/>\n<meta property=\"og:title\" content=\"Fizzy Max III 6 w 1 60k 60000 zaci\u0105gni\u0119\u0107 jednorazowy akumulator Vape\" \/>\n<meta property=\"og:description\" content=\"Kup Fizzy Max III 60000 Puffs jednorazowy vape do wielokrotnego \u0142adowania. 6 smak\u00f3w, 60 tys. zaci\u0105gni\u0119\u0107, g\u0142adki smak, d\u0142ugotrwa\u0142y i autentyczny Fizzy Vape.\" \/>\n<meta property=\"og:url\" content=\"https:\/\/fizzyvape.eu\/pl\/produkt\/fizzy-max-iii-6-w-1-60k-60000-zaciagniec-jednorazowy-akumulator-vape\/\" \/>\n<meta property=\"og:site_name\" content=\"fizzyvape.eu\" \/>\n<meta property=\"og:image\" content=\"https:\/\/fizzyvape.eu\/wp-content\/uploads\/2025\/08\/Fizzy-max-60K-60000-Puffs-Disposable-Vape-3.webp\" \/>\n\t<meta property=\"og:image:width\" content=\"800\" \/>\n\t<meta property=\"og:image:height\" content=\"800\" \/>\n\t<meta property=\"og:image:type\" content=\"image\/webp\" \/>\n<meta name=\"twitter:card\" content=\"summary_large_image\" \/>\n<meta name=\"twitter:label1\" content=\"Dost\u0119pno\u015b\u0107\" \/>\n\t<meta name=\"twitter:data1\" content=\"Brak w magazynie\" \/>\n<script type=\"application\/ld+json\" class=\"yoast-schema-graph\">{\"@context\":\"https:\/\/schema.org\",\"@graph\":[{\"@type\":\"WebPage\",\"@id\":\"https:\/\/fizzyvape.eu\/pl\/produkt\/fizzy-max-iii-6-w-1-60k-60000-zaciagniec-jednorazowy-akumulator-vape\/\",\"url\":\"https:\/\/fizzyvape.eu\/pl\/produkt\/fizzy-max-iii-6-w-1-60k-60000-zaciagniec-jednorazowy-akumulator-vape\/\",\"name\":\"Fizzy Max III 60000 Puffs | Akumulator jednorazowy Vape 6 w 1\",\"isPartOf\":{\"@id\":\"https:\/\/www.fizzyvape.eu\/pl\/#website\"},\"primaryImageOfPage\":{\"@id\":\"https:\/\/fizzyvape.eu\/pl\/produkt\/fizzy-max-iii-6-w-1-60k-60000-zaciagniec-jednorazowy-akumulator-vape\/#primaryimage\"},\"image\":{\"@id\":\"https:\/\/fizzyvape.eu\/pl\/produkt\/fizzy-max-iii-6-w-1-60k-60000-zaciagniec-jednorazowy-akumulator-vape\/#primaryimage\"},\"thumbnailUrl\":\"https:\/\/fizzyvape.eu\/wp-content\/uploads\/2025\/08\/Fizzy-max-60K-60000-Puffs-Disposable-Vape-3.webp\",\"datePublished\":\"2025-08-28T10:07:11+00:00\",\"description\":\"Kup Fizzy Max III 60000 Puffs jednorazowy vape do wielokrotnego \u0142adowania. 6 smak\u00f3w, 60 tys. zaci\u0105gni\u0119\u0107, g\u0142adki smak, d\u0142ugotrwa\u0142y i autentyczny Fizzy Vape.\",\"breadcrumb\":{\"@id\":\"https:\/\/fizzyvape.eu\/pl\/produkt\/fizzy-max-iii-6-w-1-60k-60000-zaciagniec-jednorazowy-akumulator-vape\/#breadcrumb\"},\"inLanguage\":\"pl-PL\",\"potentialAction\":[{\"@type\":\"ReadAction\",\"target\":[\"https:\/\/fizzyvape.eu\/pl\/produkt\/fizzy-max-iii-6-w-1-60k-60000-zaciagniec-jednorazowy-akumulator-vape\/\"]}]},{\"@type\":\"ImageObject\",\"inLanguage\":\"pl-PL\",\"@id\":\"https:\/\/fizzyvape.eu\/pl\/produkt\/fizzy-max-iii-6-w-1-60k-60000-zaciagniec-jednorazowy-akumulator-vape\/#primaryimage\",\"url\":\"https:\/\/fizzyvape.eu\/wp-content\/uploads\/2025\/08\/Fizzy-max-60K-60000-Puffs-Disposable-Vape-3.webp\",\"contentUrl\":\"https:\/\/fizzyvape.eu\/wp-content\/uploads\/2025\/08\/Fizzy-max-60K-60000-Puffs-Disposable-Vape-3.webp\",\"width\":800,\"height\":800,\"caption\":\"Fizzy max 60K 60000 Puffs jednorazowe Vape - 3\"},{\"@type\":\"BreadcrumbList\",\"@id\":\"https:\/\/fizzyvape.eu\/pl\/produkt\/fizzy-max-iii-6-w-1-60k-60000-zaciagniec-jednorazowy-akumulator-vape\/#breadcrumb\",\"itemListElement\":[{\"@type\":\"ListItem\",\"position\":1,\"name\":\"Home\",\"item\":\"https:\/\/fizzyvape.eu\/pl\/\"},{\"@type\":\"ListItem\",\"position\":2,\"name\":\"Sklep\",\"item\":\"https:\/\/fizzyvape.eu\/pl\/sklep\/\"},{\"@type\":\"ListItem\",\"position\":3,\"name\":\"Fizzy Max III 6 w 1 60k 60000 zaci\u0105gni\u0119\u0107 jednorazowy akumulator Vape\"}]},{\"@type\":\"WebSite\",\"@id\":\"https:\/\/www.fizzyvape.eu\/pl\/#website\",\"url\":\"https:\/\/www.fizzyvape.eu\/pl\/\",\"name\":\"fizzyvape.eu\",\"description\":\"Refreshing Vapes. Unforgettable Taste.\",\"publisher\":{\"@id\":\"https:\/\/www.fizzyvape.eu\/pl\/#organization\"},\"potentialAction\":[{\"@type\":\"SearchAction\",\"target\":{\"@type\":\"EntryPoint\",\"urlTemplate\":\"https:\/\/www.fizzyvape.eu\/pl\/?s={search_term_string}\"},\"query-input\":{\"@type\":\"PropertyValueSpecification\",\"valueRequired\":true,\"valueName\":\"search_term_string\"}}],\"inLanguage\":\"pl-PL\"},{\"@type\":\"Organization\",\"@id\":\"https:\/\/www.fizzyvape.eu\/pl\/#organization\",\"name\":\"fizzyvape.eu\",\"url\":\"https:\/\/www.fizzyvape.eu\/pl\/\",\"logo\":{\"@type\":\"ImageObject\",\"inLanguage\":\"pl-PL\",\"@id\":\"https:\/\/www.fizzyvape.eu\/pl\/#\/schema\/logo\/image\/\",\"url\":\"https:\/\/fizzyvape.eu\/wp-content\/uploads\/2019\/06\/print-1.svg\",\"contentUrl\":\"https:\/\/fizzyvape.eu\/wp-content\/uploads\/2019\/06\/print-1.svg\",\"width\":124,\"height\":37,\"caption\":\"fizzyvape.eu\"},\"image\":{\"@id\":\"https:\/\/www.fizzyvape.eu\/pl\/#\/schema\/logo\/image\/\"}}]}<\/script>\n<meta property=\"og:availability\" content=\"out of stock\" \/>\n<meta property=\"product:availability\" content=\"out of stock\" \/>\n<meta property=\"product:condition\" content=\"new\" \/>\n<!-- \/ Yoast SEO Premium plugin. -->","yoast_head_json":{"title":"Fizzy Max III 60000 Puffs | Akumulator jednorazowy Vape 6 w 1","description":"Kup Fizzy Max III 60000 Puffs jednorazowy vape do wielokrotnego \u0142adowania. 6 smak\u00f3w, 60 tys. zaci\u0105gni\u0119\u0107, g\u0142adki smak, d\u0142ugotrwa\u0142y i autentyczny Fizzy Vape.","robots":{"index":"index","follow":"follow","max-snippet":"max-snippet:-1","max-image-preview":"max-image-preview:large","max-video-preview":"max-video-preview:-1"},"canonical":"https:\/\/fizzyvape.eu\/pl\/produkt\/fizzy-max-iii-6-w-1-60k-60000-zaciagniec-jednorazowy-akumulator-vape\/","og_locale":"pl_PL","og_type":"article","og_title":"Fizzy Max III 6 w 1 60k 60000 zaci\u0105gni\u0119\u0107 jednorazowy akumulator Vape","og_description":"Kup Fizzy Max III 60000 Puffs jednorazowy vape do wielokrotnego \u0142adowania. 6 smak\u00f3w, 60 tys. zaci\u0105gni\u0119\u0107, g\u0142adki smak, d\u0142ugotrwa\u0142y i autentyczny Fizzy Vape.","og_url":"https:\/\/fizzyvape.eu\/pl\/produkt\/fizzy-max-iii-6-w-1-60k-60000-zaciagniec-jednorazowy-akumulator-vape\/","og_site_name":"fizzyvape.eu","og_image":[{"width":800,"height":800,"url":"https:\/\/fizzyvape.eu\/wp-content\/uploads\/2025\/08\/Fizzy-max-60K-60000-Puffs-Disposable-Vape-3.webp","type":"image\/webp"}],"twitter_card":"summary_large_image","twitter_misc":{"Dost\u0119pno\u015b\u0107":"Brak w magazynie"},"schema":{"@context":"https:\/\/schema.org","@graph":[{"@type":"WebPage","@id":"https:\/\/fizzyvape.eu\/pl\/produkt\/fizzy-max-iii-6-w-1-60k-60000-zaciagniec-jednorazowy-akumulator-vape\/","url":"https:\/\/fizzyvape.eu\/pl\/produkt\/fizzy-max-iii-6-w-1-60k-60000-zaciagniec-jednorazowy-akumulator-vape\/","name":"Fizzy Max III 60000 Puffs | Akumulator jednorazowy Vape 6 w 1","isPartOf":{"@id":"https:\/\/www.fizzyvape.eu\/pl\/#website"},"primaryImageOfPage":{"@id":"https:\/\/fizzyvape.eu\/pl\/produkt\/fizzy-max-iii-6-w-1-60k-60000-zaciagniec-jednorazowy-akumulator-vape\/#primaryimage"},"image":{"@id":"https:\/\/fizzyvape.eu\/pl\/produkt\/fizzy-max-iii-6-w-1-60k-60000-zaciagniec-jednorazowy-akumulator-vape\/#primaryimage"},"thumbnailUrl":"https:\/\/fizzyvape.eu\/wp-content\/uploads\/2025\/08\/Fizzy-max-60K-60000-Puffs-Disposable-Vape-3.webp","datePublished":"2025-08-28T10:07:11+00:00","description":"Kup Fizzy Max III 60000 Puffs jednorazowy vape do wielokrotnego \u0142adowania. 6 smak\u00f3w, 60 tys. zaci\u0105gni\u0119\u0107, g\u0142adki smak, d\u0142ugotrwa\u0142y i autentyczny Fizzy Vape.","breadcrumb":{"@id":"https:\/\/fizzyvape.eu\/pl\/produkt\/fizzy-max-iii-6-w-1-60k-60000-zaciagniec-jednorazowy-akumulator-vape\/#breadcrumb"},"inLanguage":"pl-PL","potentialAction":[{"@type":"ReadAction","target":["https:\/\/fizzyvape.eu\/pl\/produkt\/fizzy-max-iii-6-w-1-60k-60000-zaciagniec-jednorazowy-akumulator-vape\/"]}]},{"@type":"ImageObject","inLanguage":"pl-PL","@id":"https:\/\/fizzyvape.eu\/pl\/produkt\/fizzy-max-iii-6-w-1-60k-60000-zaciagniec-jednorazowy-akumulator-vape\/#primaryimage","url":"https:\/\/fizzyvape.eu\/wp-content\/uploads\/2025\/08\/Fizzy-max-60K-60000-Puffs-Disposable-Vape-3.webp","contentUrl":"https:\/\/fizzyvape.eu\/wp-content\/uploads\/2025\/08\/Fizzy-max-60K-60000-Puffs-Disposable-Vape-3.webp","width":800,"height":800,"caption":"Fizzy max 60K 60000 Puffs jednorazowe Vape - 3"},{"@type":"BreadcrumbList","@id":"https:\/\/fizzyvape.eu\/pl\/produkt\/fizzy-max-iii-6-w-1-60k-60000-zaciagniec-jednorazowy-akumulator-vape\/#breadcrumb","itemListElement":[{"@type":"ListItem","position":1,"name":"Home","item":"https:\/\/fizzyvape.eu\/pl\/"},{"@type":"ListItem","position":2,"name":"Sklep","item":"https:\/\/fizzyvape.eu\/pl\/sklep\/"},{"@type":"ListItem","position":3,"name":"Fizzy Max III 6 w 1 60k 60000 zaci\u0105gni\u0119\u0107 jednorazowy akumulator Vape"}]},{"@type":"WebSite","@id":"https:\/\/www.fizzyvape.eu\/pl\/#website","url":"https:\/\/www.fizzyvape.eu\/pl\/","name":"fizzyvape.eu","description":"Refreshing Vapes. Unforgettable Taste.","publisher":{"@id":"https:\/\/www.fizzyvape.eu\/pl\/#organization"},"potentialAction":[{"@type":"SearchAction","target":{"@type":"EntryPoint","urlTemplate":"https:\/\/www.fizzyvape.eu\/pl\/?s={search_term_string}"},"query-input":{"@type":"PropertyValueSpecification","valueRequired":true,"valueName":"search_term_string"}}],"inLanguage":"pl-PL"},{"@type":"Organization","@id":"https:\/\/www.fizzyvape.eu\/pl\/#organization","name":"fizzyvape.eu","url":"https:\/\/www.fizzyvape.eu\/pl\/","logo":{"@type":"ImageObject","inLanguage":"pl-PL","@id":"https:\/\/www.fizzyvape.eu\/pl\/#\/schema\/logo\/image\/","url":"https:\/\/fizzyvape.eu\/wp-content\/uploads\/2019\/06\/print-1.svg","contentUrl":"https:\/\/fizzyvape.eu\/wp-content\/uploads\/2019\/06\/print-1.svg","width":124,"height":37,"caption":"fizzyvape.eu"},"image":{"@id":"https:\/\/www.fizzyvape.eu\/pl\/#\/schema\/logo\/image\/"}}]},"og_availability":"out of stock","product_availability":"out of stock","product_condition":"new"},"tiered_pricing_type":"fixed","tiered_pricing_fixed_rules":[],"tiered_pricing_product_settings":{"layout":"default","base_unit_name":{"singular":null,"plural":null},"default_variation":null},"tiered_pricing_minimum_quantity":null,"tiered_pricing_roles_data":[],"tiered_pricing_percentage_rules":[],"tiered_pricing_maximum_quantity":null,"tiered_pricing_quantity_step":null,"_links":{"self":[{"href":"https:\/\/fizzyvape.eu\/pl\/wp-json\/wp\/v2\/product\/35295","targetHints":{"allow":["GET"]}}],"collection":[{"href":"https:\/\/fizzyvape.eu\/pl\/wp-json\/wp\/v2\/product"}],"about":[{"href":"https:\/\/fizzyvape.eu\/pl\/wp-json\/wp\/v2\/types\/product"}],"replies":[{"embeddable":true,"href":"https:\/\/fizzyvape.eu\/pl\/wp-json\/wp\/v2\/comments?post=35295"}],"version-history":[{"count":0,"href":"https:\/\/fizzyvape.eu\/pl\/wp-json\/wp\/v2\/product\/35295\/revisions"}],"wp:featuredmedia":[{"embeddable":true,"href":"https:\/\/fizzyvape.eu\/pl\/wp-json\/wp\/v2\/media\/34941"}],"wp:attachment":[{"href":"https:\/\/fizzyvape.eu\/pl\/wp-json\/wp\/v2\/media?parent=35295"}],"wp:term":[{"taxonomy":"product_brand","embeddable":true,"href":"https:\/\/fizzyvape.eu\/pl\/wp-json\/wp\/v2\/product_brand?post=35295"},{"taxonomy":"product_cat","embeddable":true,"href":"https:\/\/fizzyvape.eu\/pl\/wp-json\/wp\/v2\/product_cat?post=35295"},{"taxonomy":"product_tag","embeddable":true,"href":"https:\/\/fizzyvape.eu\/pl\/wp-json\/wp\/v2\/product_tag?post=35295"}],"curies":[{"name":"wp","href":"https:\/\/api.w.org\/{rel}","templated":true}]}}