{"id":35381,"date":"2025-08-29T14:50:08","date_gmt":"2025-08-29T06:50:08","guid":{"rendered":"https:\/\/fizzyvape.eu\/product\/fizzy-max-iii-6-w-1-60000-puffow-jednorazowych-vape-wszystkie-smaki-10-sztuk\/"},"modified":"2025-08-29T14:50:08","modified_gmt":"2025-08-29T06:50:08","slug":"fizzy-max-iii-6-w-1-60000-puffow-jednorazowych-vape-wszystkie-smaki-10-sztuk","status":"publish","type":"product","link":"https:\/\/fizzyvape.eu\/pl\/produkt\/fizzy-max-iii-6-w-1-60000-puffow-jednorazowych-vape-wszystkie-smaki-10-sztuk\/","title":{"rendered":"Fizzy Max III 6-w-1 60000 Puff\u00f3w jednorazowych Vape (wszystkie smaki) &#8211; 10 sztuk"},"content":{"rendered":"<div style=\"width: 853px;\" class=\"wp-video\"><!--[if lt IE 9]><script>document.createElement('video');<\/script><![endif]-->\n<video class=\"wp-video-shortcode\" id=\"video-35381-1\" width=\"853\" height=\"480\" preload=\"metadata\" controls=\"controls\"><source type=\"video\/mp4\" src=\"https:\/\/fizzyvape.eu\/wp-content\/uploads\/2025\/08\/fizzy-max-iii-60000-puff-disposable-vape-wholesal-trusted-pro-disposable-vape-supplier.mp4?_=1\" \/><a href=\"https:\/\/fizzyvape.eu\/wp-content\/uploads\/2025\/08\/fizzy-max-iii-60000-puff-disposable-vape-wholesal-trusted-pro-disposable-vape-supplier.mp4\">https:\/\/fizzyvape.eu\/wp-content\/uploads\/2025\/08\/fizzy-max-iii-60000-puff-disposable-vape-wholesal-trusted-pro-disposable-vape-supplier.mp4<\/a><\/video><\/div>\n<h1>Fizzy Max 60000 Puffs &#8211; 6 smak\u00f3w w 1 inteligentnym jednorazowym Vape<\/h1>\n<p><strong>Fizzy Max 60000 Puffs<\/strong> (znany r\u00f3wnie\u017c jako <strong>Fizzy Max 60k Puffs<\/strong>) to najlepszy jednorazowy waporyzator dla tych, kt\u00f3rzy wymagaj\u0105 r\u00f3\u017cnorodno\u015bci i wydajno\u015bci. Dzi\u0119ki <strong>systemowi rotacji smak\u00f3w 6 w 1<\/strong> mo\u017cesz prze\u0142\u0105cza\u0107 si\u0119 mi\u0119dzy sze\u015bcioma r\u00f3\u017cnymi smakami w jednym urz\u0105dzeniu &#8211; zapewniaj\u0105c nowy smak za ka\u017cdym razem, gdy wapujesz. <\/p>\n<p>Ten pot\u0119\u017cny waporyzator oferuje do <strong>60 000 zaci\u0105gni\u0119\u0107<\/strong>, posiada <strong>akumulator typu C<\/strong> i jest wyposa\u017cony w <strong>wy\u015bwietlacz LED<\/strong>, kt\u00f3ry pokazuje zar\u00f3wno poziom na\u0142adowania baterii, jak i poziom e-cieczy. Zaprojektowany z my\u015bl\u0105 o d\u0142ugotrwa\u0142ej satysfakcji i wygodzie, <strong>Fizzy Max 60000 P<\/strong> uffs to idealny wyb\u00f3r dla mi\u0142o\u015bnik\u00f3w waporyzacji, kt\u00f3rzy chc\u0105 wszystkiego. <\/p>\n<h3>Kluczowe cechy<\/h3>\n<ul>\n<li><strong>6 smak\u00f3w w 1 urz\u0105dzeniu<\/strong> &#8211; natychmiastowa zmiana pomi\u0119dzy sze\u015bcioma unikalnymi smakami<\/li>\n<li><strong>Ogromne 60 000 zaci\u0105gni\u0119\u0107<\/strong> &#8211; jedne z najd\u0142u\u017cej dzia\u0142aj\u0105cych jednoraz\u00f3wek na rynku.<\/li>\n<li><strong>Mo\u017cliwo\u015b\u0107 \u0142adowania przez Type-C<\/strong> &#8211; szybkie i \u0142atwe \u0142adowanie dla d\u0142u\u017cszego u\u017cytkowania<\/li>\n<li><strong>Inteligentny wy\u015bwietlacz LED<\/strong> &#8211; pokazuje \u017cywotno\u015b\u0107 baterii i poziom e-cieczy w czasie rzeczywistym <strong>.<\/strong> <\/li>\n<li><strong>Technologia cewki siatkowej<\/strong> &#8211; p\u0142ynna para i intensywny smak<\/li>\n<li><strong>Wysy\u0142ka z magazynu UE<\/strong> &#8211; Autentyczny Fizzy Vape, szybka dostawa, najlepsza cena<\/li>\n<\/ul>\n<h3><strong>Fizzy Max 60K Puffs Jednorazowe Vape Lista smak\u00f3w:<\/strong><\/h3>\n<ol>\n<li><a href=\"https:\/\/fizzyvape.eu\/pl\/produkt\/fizzy-max-iii-6w1-60k-60000-puff-jednorazowy-akumulator-vape-truskawka-malina-mango-brzoskwinia-jagoda-arbuz-10-szt\/\">Truskawka Malina &amp; Mango Brzoskwinia &amp; Jagoda Arbuz<\/a><\/li>\n<li><a href=\"https:\/\/fizzyvape.eu\/pl\/produkt\/fizzy-max-iii-6w1-60k-60000-puff-jednorazowy-akumulator-vape-mixed-berry-kiwi-passion-fruit-guava-strawberry-watermelon-10szt\/\">Mixed Berry &amp; Kiwi Passion Fruit Guava &amp; Strawberry Watermelon<\/a><\/li>\n<li><a href=\"https:\/\/fizzyvape.eu\/pl\/produkt\/fizzy-max-iii-6w1-60k-60000-puffs-jednorazowy-akumulator-vape-blueberry-raspberry-triple-melon-strawberry-ice-10szt\/\">Blueberry Raspberry &amp; Triple Melon &amp; Strawberry Ice<\/a><\/li>\n<li><a href=\"https:\/\/fizzyvape.eu\/pl\/produkt\/fizzy-max-iii-6w1-60k-60000-puff-jednorazowy-akumulator-vape-truskawkowy-smoczy-owoc-red-bull-malinowy-arbuz-10szt\/\">Smoczy owoc truskawkowy &amp; Red Bull &amp; arbuz malinowy<\/a><\/li>\n<li><a href=\"https:\/\/fizzyvape.eu\/pl\/produkt\/fizzy-max-iii-6w1-60k-60000-puff-jednorazowy-akumulator-vape-truskawka-kiwi-jagoda-i-arbuz-10-sztuk\/\">Strawberry Kiwi &amp; Blueberry Ice &amp; Watermelon Ice<\/a><\/li>\n<li><a href=\"https:\/\/fizzyvape.eu\/pl\/produkt\/fizzy-max-iii-6w1-60k-60000-puff-jednorazowy-akumulator-vape-blueberry-ice-fizzy-cherry-raspberry-lemon-10szt\/\">Blueberry Ice &amp; Fizzy Cherry &amp; Raspberry Lemon<\/a><\/li>\n<li><a href=\"https:\/\/fizzyvape.eu\/pl\/produkt\/fizzy-max-iii-6in1-60k-60000-puffs-jednorazowy-akumulator-vape-watermelon-ice-strawberry-vanilla-coke-mixed-berry-10szt\/\">Watermelon Ice &amp; Strawberry Vanilla Coke &amp; Mixed<\/a><\/li>\n<li><a href=\"https:\/\/fizzyvape.eu\/pl\/produkt\/fizzy-max-iii-6w1-60k-60000-puff-jednorazowy-akumulator-vape-truskawka-winogrono-jagoda-kokos-i-brzoskwinia-cytryna-10-szt\/\">Truskawka Winogrono &amp; Jagoda Kokos &amp; Brzoskwinia Cytryna<\/a><\/li>\n<li><a href=\"https:\/\/fizzyvape.eu\/pl\/produkt\/fizzy-max-iii-6w1-60k-60000-puff-jednorazowy-akumulator-vape-blue-razz-ice-strawberry-kiwi-sour-pineapple-orange-10szt\/\">Blue Razz Ice &amp; Strawberry Kiwi &amp; Sour Pineapple Orange<\/a><\/li>\n<li><a href=\"https:\/\/fizzyvape.eu\/pl\/produkt\/fizzy-max-iii-6w1-60k-60000-puff-jednorazowy-akumulator-vape-truskawka-arbuz-cytryna-limonka-i-jagoda-kokos-10-szt\/\">Arbuz truskawkowy &amp; Limonka cytrynowa &amp; Kokos jagodowy<\/a><\/li>\n<\/ol>\n<p><img decoding=\"async\" class=\"alignnone wp-image-34842 size-full\" src=\"https:\/\/fizzyvape.eu\/wp-content\/uploads\/2025\/08\/FIZZY-Max-III-6-in-60K-60000-puffs-Flavors--scaled.jpg\" alt=\"\" width=\"1168\" height=\"2560\" srcset=\"https:\/\/fizzyvape.eu\/wp-content\/uploads\/2025\/08\/FIZZY-Max-III-6-in-60K-60000-puffs-Flavors--scaled.jpg 1168w, https:\/\/fizzyvape.eu\/wp-content\/uploads\/2025\/08\/FIZZY-Max-III-6-in-60K-60000-puffs-Flavors--137x300.jpg 137w, https:\/\/fizzyvape.eu\/wp-content\/uploads\/2025\/08\/FIZZY-Max-III-6-in-60K-60000-puffs-Flavors--365x800.jpg 365w, https:\/\/fizzyvape.eu\/wp-content\/uploads\/2025\/08\/FIZZY-Max-III-6-in-60K-60000-puffs-Flavors--768x1684.jpg 768w, https:\/\/fizzyvape.eu\/wp-content\/uploads\/2025\/08\/FIZZY-Max-III-6-in-60K-60000-puffs-Flavors--701x1536.jpg 701w, https:\/\/fizzyvape.eu\/wp-content\/uploads\/2025\/08\/FIZZY-Max-III-6-in-60K-60000-puffs-Flavors--934x2048.jpg 934w, https:\/\/fizzyvape.eu\/wp-content\/uploads\/2025\/08\/FIZZY-Max-III-6-in-60K-60000-puffs-Flavors--430x943.jpg 430w, https:\/\/fizzyvape.eu\/wp-content\/uploads\/2025\/08\/FIZZY-Max-III-6-in-60K-60000-puffs-Flavors--700x1535.jpg 700w, https:\/\/fizzyvape.eu\/wp-content\/uploads\/2025\/08\/FIZZY-Max-III-6-in-60K-60000-puffs-Flavors--150x329.jpg 150w\" sizes=\"(max-width: 1168px) 100vw, 1168px\" \/><\/p>\n<h3>Dlaczego warto wybra\u0107 Fizzy Max 60000 Puffs?<\/h3>\n<p>W przeciwie\u0144stwie do zwyk\u0142ych jednorazowych papieros\u00f3w, <strong>Fizzy Max 60000 Puffs<\/strong> \u0142\u0105czy w sobie <strong>6 smak\u00f3w w jednym<\/strong> o ekstremalnej pojemno\u015bci. Oznacza to, \u017ce otrzymujesz r\u00f3\u017cnorodno\u015b\u0107, trwa\u0142o\u015b\u0107 i op\u0142acalno\u015b\u0107 w jednym waporyzatorze. Nie ma potrzeby noszenia ze sob\u0105 wielu urz\u0105dze\u0144 &#8211; to ma wszystko.  <\/p>\n<h3>Dla kogo?<\/h3>\n<ul>\n<li>Vaperzy, kt\u00f3rzy kochaj\u0105 <strong>r\u00f3\u017cnorodno\u015b\u0107 smak\u00f3w w jednym urz\u0105dzeniu<\/strong><\/li>\n<li>U\u017cytkownicy, kt\u00f3rzy potrzebuj\u0105 <strong>bardzo du\u017cej liczby zaci\u0105gni\u0119\u0107<\/strong> i niezawodno\u015bci<\/li>\n<li>Ka\u017cdy, kto ceni sobie <strong>wygod\u0119, przeno\u015bno\u015b\u0107 i wysokiej jako\u015bci wzornictwo<\/strong><\/li>\n<\/ul>\n<h3>FAQ<\/h3>\n<p><strong>P: Jak d\u0142ugo wystarcza Fizzy Max 60000 Puffs?<\/strong><br \/>\nO: Zapewnia do <strong>60 000 zaci\u0105gni\u0119\u0107<\/strong>, wystarczaj\u0105c na tygodnie, a nawet miesi\u0105ce, w zale\u017cno\u015bci od u\u017cytkowania.<\/p>\n<p><strong>P: Czy mog\u0119 go na\u0142adowa\u0107?<\/strong><br \/>\nO: Tak, jest wyposa\u017cony w <strong>port \u0142adowania typu C<\/strong> dla d\u0142u\u017cszego u\u017cytkowania.<\/p>\n<p><strong>P: W jaki spos\u00f3b mog\u0119 sprawdzi\u0107 poziom na\u0142adowania baterii i poziom<\/strong> p\u0142ynu<strong>?<\/strong><br \/>\nO: Urz\u0105dzenie jest wyposa\u017cone w <strong>inteligentny wy\u015bwietlacz LED<\/strong> pokazuj\u0105cy wska\u017aniki na\u0142adowania baterii i poziomu p\u0142ynu.<\/p>\n<p><strong>P: Czy Fizzy Max 60000 Puffs jest autentyczny?<\/strong><br \/>\nO: W 100% tak! Sprzedajemy tylko <strong>oryginalne<\/strong> produkty <strong>Fizzy Vape<\/strong>, wysy\u0142ane bezpo\u015brednio z naszego magazynu w UE. <\/p>\n","protected":false},"excerpt":{"rendered":"<p>Odkryj <strong>Fizzy Max 60000 Puffs (Fizzy Max 60k Puffs)<\/strong> &#8211; najlepszy jednorazowy waporyzator 6 w 1. Ciesz si\u0119 sze\u015bcioma prze\u0142\u0105czanymi smakami w jednym urz\u0105dzeniu, pojemno\u015bci\u0105 60 tysi\u0119cy zaci\u0105gni\u0119\u0107, portem \u0142adowania typu C i inteligentnym wy\u015bwietlaczem LED poziomu baterii i p\u0142ynu. Najwy\u017csza wydajno\u015b\u0107, autentyczna jako\u015b\u0107 Fizzy.  <\/p>\n","protected":false},"featured_media":33881,"comment_status":"open","ping_status":"closed","template":"","meta":{"iawp_total_views":33},"product_brand":[],"product_cat":[949,958,589],"product_tag":[643],"class_list":{"0":"post-35381","1":"product","2":"type-product","3":"status-publish","4":"has-post-thumbnail","6":"product_cat-eu-warehouse-pl","7":"product_cat-hot-selling-vape-pl","8":"product_cat-max-iii-6in1-60k-60000-puffs-rechargeable-disposable-vape-pl","9":"product_tag-wszystkie-smaki","11":"first","12":"outofstock","13":"sale","14":"shipping-taxable","15":"purchasable","16":"product-type-variable"},"yoast_head":"<!-- This site is optimized with the Yoast SEO Premium plugin v24.8 (Yoast SEO v24.8) - https:\/\/yoast.com\/wordpress\/plugins\/seo\/ -->\n<title>Fizzy Max 60000 Puffs - jednorazowy Vape 6 w 1 | Najlepsza oferta w UE<\/title>\n<meta name=\"description\" content=\"Kup Fizzy Max 60000 Puffs (60 tys. zaci\u0105gni\u0119\u0107) ju\u017c teraz! 6 smak\u00f3w w 1 urz\u0105dzeniu, 60 tys. zaci\u0105gni\u0119\u0107, akumulator z wy\u015bwietlaczem LED. Szybka wysy\u0142ka na terenie UE, stan magazynowy ograniczony!\" \/>\n<meta name=\"robots\" content=\"index, follow, max-snippet:-1, max-image-preview:large, max-video-preview:-1\" \/>\n<link rel=\"canonical\" href=\"https:\/\/fizzyvape.eu\/pl\/produkt\/fizzy-max-iii-6-w-1-60000-puffow-jednorazowych-vape-wszystkie-smaki-10-sztuk\/\" \/>\n<meta property=\"og:locale\" content=\"pl_PL\" \/>\n<meta property=\"og:type\" content=\"article\" \/>\n<meta property=\"og:title\" content=\"Fizzy Max III 6-w-1 60000 Puff\u00f3w jednorazowych Vape (wszystkie smaki) - 10 sztuk\" \/>\n<meta property=\"og:description\" content=\"Kup Fizzy Max 60000 Puffs (60 tys. zaci\u0105gni\u0119\u0107) ju\u017c teraz! 6 smak\u00f3w w 1 urz\u0105dzeniu, 60 tys. zaci\u0105gni\u0119\u0107, akumulator z wy\u015bwietlaczem LED. Szybka wysy\u0142ka na terenie UE, stan magazynowy ograniczony!\" \/>\n<meta property=\"og:url\" content=\"https:\/\/fizzyvape.eu\/pl\/produkt\/fizzy-max-iii-6-w-1-60000-puffow-jednorazowych-vape-wszystkie-smaki-10-sztuk\/\" \/>\n<meta property=\"og:site_name\" content=\"fizzyvape.eu\" \/>\n<meta property=\"og:image\" content=\"https:\/\/fizzyvape.eu\/wp-content\/uploads\/2025\/08\/Fizzy-max-60K-60000-Puffs-Disposable-Vape-3.webp\" \/>\n\t<meta property=\"og:image:width\" content=\"800\" \/>\n\t<meta property=\"og:image:height\" content=\"800\" \/>\n\t<meta property=\"og:image:type\" content=\"image\/webp\" \/>\n<meta name=\"twitter:card\" content=\"summary_large_image\" \/>\n<meta name=\"twitter:label1\" content=\"Dost\u0119pno\u015b\u0107\" \/>\n\t<meta name=\"twitter:data1\" content=\"Brak w magazynie\" \/>\n<script type=\"application\/ld+json\" class=\"yoast-schema-graph\">{\"@context\":\"https:\/\/schema.org\",\"@graph\":[{\"@type\":\"WebPage\",\"@id\":\"https:\/\/fizzyvape.eu\/pl\/produkt\/fizzy-max-iii-6-w-1-60000-puffow-jednorazowych-vape-wszystkie-smaki-10-sztuk\/\",\"url\":\"https:\/\/fizzyvape.eu\/pl\/produkt\/fizzy-max-iii-6-w-1-60000-puffow-jednorazowych-vape-wszystkie-smaki-10-sztuk\/\",\"name\":\"Fizzy Max 60000 Puffs - jednorazowy Vape 6 w 1 | Najlepsza oferta w UE\",\"isPartOf\":{\"@id\":\"https:\/\/www.fizzyvape.eu\/pl\/#website\"},\"primaryImageOfPage\":{\"@id\":\"https:\/\/fizzyvape.eu\/pl\/produkt\/fizzy-max-iii-6-w-1-60000-puffow-jednorazowych-vape-wszystkie-smaki-10-sztuk\/#primaryimage\"},\"image\":{\"@id\":\"https:\/\/fizzyvape.eu\/pl\/produkt\/fizzy-max-iii-6-w-1-60000-puffow-jednorazowych-vape-wszystkie-smaki-10-sztuk\/#primaryimage\"},\"thumbnailUrl\":\"https:\/\/fizzyvape.eu\/wp-content\/uploads\/2025\/08\/Fizzy-max-60K-60000-Puffs-Disposable-Vape-40-1.webp\",\"datePublished\":\"2025-08-29T06:50:08+00:00\",\"description\":\"Kup Fizzy Max 60000 Puffs (60 tys. zaci\u0105gni\u0119\u0107) ju\u017c teraz! 6 smak\u00f3w w 1 urz\u0105dzeniu, 60 tys. zaci\u0105gni\u0119\u0107, akumulator z wy\u015bwietlaczem LED. Szybka wysy\u0142ka na terenie UE, stan magazynowy ograniczony!\",\"breadcrumb\":{\"@id\":\"https:\/\/fizzyvape.eu\/pl\/produkt\/fizzy-max-iii-6-w-1-60000-puffow-jednorazowych-vape-wszystkie-smaki-10-sztuk\/#breadcrumb\"},\"inLanguage\":\"pl-PL\",\"potentialAction\":[{\"@type\":\"ReadAction\",\"target\":[\"https:\/\/fizzyvape.eu\/pl\/produkt\/fizzy-max-iii-6-w-1-60000-puffow-jednorazowych-vape-wszystkie-smaki-10-sztuk\/\"]}]},{\"@type\":\"ImageObject\",\"inLanguage\":\"pl-PL\",\"@id\":\"https:\/\/fizzyvape.eu\/pl\/produkt\/fizzy-max-iii-6-w-1-60000-puffow-jednorazowych-vape-wszystkie-smaki-10-sztuk\/#primaryimage\",\"url\":\"https:\/\/fizzyvape.eu\/wp-content\/uploads\/2025\/08\/Fizzy-max-60K-60000-Puffs-Disposable-Vape-40-1.webp\",\"contentUrl\":\"https:\/\/fizzyvape.eu\/wp-content\/uploads\/2025\/08\/Fizzy-max-60K-60000-Puffs-Disposable-Vape-40-1.webp\",\"width\":800,\"height\":800},{\"@type\":\"BreadcrumbList\",\"@id\":\"https:\/\/fizzyvape.eu\/pl\/produkt\/fizzy-max-iii-6-w-1-60000-puffow-jednorazowych-vape-wszystkie-smaki-10-sztuk\/#breadcrumb\",\"itemListElement\":[{\"@type\":\"ListItem\",\"position\":1,\"name\":\"Home\",\"item\":\"https:\/\/fizzyvape.eu\/pl\/\"},{\"@type\":\"ListItem\",\"position\":2,\"name\":\"Sklep\",\"item\":\"https:\/\/fizzyvape.eu\/pl\/sklep\/\"},{\"@type\":\"ListItem\",\"position\":3,\"name\":\"Fizzy Max III 6-w-1 60000 Puff\u00f3w jednorazowych Vape (wszystkie smaki) &#8211; 10 sztuk\"}]},{\"@type\":\"WebSite\",\"@id\":\"https:\/\/www.fizzyvape.eu\/pl\/#website\",\"url\":\"https:\/\/www.fizzyvape.eu\/pl\/\",\"name\":\"fizzyvape.eu\",\"description\":\"Refreshing Vapes. Unforgettable Taste.\",\"publisher\":{\"@id\":\"https:\/\/www.fizzyvape.eu\/pl\/#organization\"},\"potentialAction\":[{\"@type\":\"SearchAction\",\"target\":{\"@type\":\"EntryPoint\",\"urlTemplate\":\"https:\/\/www.fizzyvape.eu\/pl\/?s={search_term_string}\"},\"query-input\":{\"@type\":\"PropertyValueSpecification\",\"valueRequired\":true,\"valueName\":\"search_term_string\"}}],\"inLanguage\":\"pl-PL\"},{\"@type\":\"Organization\",\"@id\":\"https:\/\/www.fizzyvape.eu\/pl\/#organization\",\"name\":\"fizzyvape.eu\",\"url\":\"https:\/\/www.fizzyvape.eu\/pl\/\",\"logo\":{\"@type\":\"ImageObject\",\"inLanguage\":\"pl-PL\",\"@id\":\"https:\/\/www.fizzyvape.eu\/pl\/#\/schema\/logo\/image\/\",\"url\":\"https:\/\/fizzyvape.eu\/wp-content\/uploads\/2019\/06\/print-1.svg\",\"contentUrl\":\"https:\/\/fizzyvape.eu\/wp-content\/uploads\/2019\/06\/print-1.svg\",\"width\":124,\"height\":37,\"caption\":\"fizzyvape.eu\"},\"image\":{\"@id\":\"https:\/\/www.fizzyvape.eu\/pl\/#\/schema\/logo\/image\/\"}}]}<\/script>\n<meta property=\"og:availability\" content=\"out of stock\" \/>\n<meta property=\"product:availability\" content=\"out of stock\" \/>\n<meta property=\"product:condition\" content=\"new\" \/>\n<!-- \/ Yoast SEO Premium plugin. -->","yoast_head_json":{"title":"Fizzy Max 60000 Puffs - jednorazowy Vape 6 w 1 | Najlepsza oferta w UE","description":"Kup Fizzy Max 60000 Puffs (60 tys. zaci\u0105gni\u0119\u0107) ju\u017c teraz! 6 smak\u00f3w w 1 urz\u0105dzeniu, 60 tys. zaci\u0105gni\u0119\u0107, akumulator z wy\u015bwietlaczem LED. Szybka wysy\u0142ka na terenie UE, stan magazynowy ograniczony!","robots":{"index":"index","follow":"follow","max-snippet":"max-snippet:-1","max-image-preview":"max-image-preview:large","max-video-preview":"max-video-preview:-1"},"canonical":"https:\/\/fizzyvape.eu\/pl\/produkt\/fizzy-max-iii-6-w-1-60000-puffow-jednorazowych-vape-wszystkie-smaki-10-sztuk\/","og_locale":"pl_PL","og_type":"article","og_title":"Fizzy Max III 6-w-1 60000 Puff\u00f3w jednorazowych Vape (wszystkie smaki) - 10 sztuk","og_description":"Kup Fizzy Max 60000 Puffs (60 tys. zaci\u0105gni\u0119\u0107) ju\u017c teraz! 6 smak\u00f3w w 1 urz\u0105dzeniu, 60 tys. zaci\u0105gni\u0119\u0107, akumulator z wy\u015bwietlaczem LED. Szybka wysy\u0142ka na terenie UE, stan magazynowy ograniczony!","og_url":"https:\/\/fizzyvape.eu\/pl\/produkt\/fizzy-max-iii-6-w-1-60000-puffow-jednorazowych-vape-wszystkie-smaki-10-sztuk\/","og_site_name":"fizzyvape.eu","og_image":[{"width":800,"height":800,"url":"https:\/\/fizzyvape.eu\/wp-content\/uploads\/2025\/08\/Fizzy-max-60K-60000-Puffs-Disposable-Vape-3.webp","type":"image\/webp"}],"twitter_card":"summary_large_image","twitter_misc":{"Dost\u0119pno\u015b\u0107":"Brak w magazynie"},"schema":{"@context":"https:\/\/schema.org","@graph":[{"@type":"WebPage","@id":"https:\/\/fizzyvape.eu\/pl\/produkt\/fizzy-max-iii-6-w-1-60000-puffow-jednorazowych-vape-wszystkie-smaki-10-sztuk\/","url":"https:\/\/fizzyvape.eu\/pl\/produkt\/fizzy-max-iii-6-w-1-60000-puffow-jednorazowych-vape-wszystkie-smaki-10-sztuk\/","name":"Fizzy Max 60000 Puffs - jednorazowy Vape 6 w 1 | Najlepsza oferta w UE","isPartOf":{"@id":"https:\/\/www.fizzyvape.eu\/pl\/#website"},"primaryImageOfPage":{"@id":"https:\/\/fizzyvape.eu\/pl\/produkt\/fizzy-max-iii-6-w-1-60000-puffow-jednorazowych-vape-wszystkie-smaki-10-sztuk\/#primaryimage"},"image":{"@id":"https:\/\/fizzyvape.eu\/pl\/produkt\/fizzy-max-iii-6-w-1-60000-puffow-jednorazowych-vape-wszystkie-smaki-10-sztuk\/#primaryimage"},"thumbnailUrl":"https:\/\/fizzyvape.eu\/wp-content\/uploads\/2025\/08\/Fizzy-max-60K-60000-Puffs-Disposable-Vape-40-1.webp","datePublished":"2025-08-29T06:50:08+00:00","description":"Kup Fizzy Max 60000 Puffs (60 tys. zaci\u0105gni\u0119\u0107) ju\u017c teraz! 6 smak\u00f3w w 1 urz\u0105dzeniu, 60 tys. zaci\u0105gni\u0119\u0107, akumulator z wy\u015bwietlaczem LED. Szybka wysy\u0142ka na terenie UE, stan magazynowy ograniczony!","breadcrumb":{"@id":"https:\/\/fizzyvape.eu\/pl\/produkt\/fizzy-max-iii-6-w-1-60000-puffow-jednorazowych-vape-wszystkie-smaki-10-sztuk\/#breadcrumb"},"inLanguage":"pl-PL","potentialAction":[{"@type":"ReadAction","target":["https:\/\/fizzyvape.eu\/pl\/produkt\/fizzy-max-iii-6-w-1-60000-puffow-jednorazowych-vape-wszystkie-smaki-10-sztuk\/"]}]},{"@type":"ImageObject","inLanguage":"pl-PL","@id":"https:\/\/fizzyvape.eu\/pl\/produkt\/fizzy-max-iii-6-w-1-60000-puffow-jednorazowych-vape-wszystkie-smaki-10-sztuk\/#primaryimage","url":"https:\/\/fizzyvape.eu\/wp-content\/uploads\/2025\/08\/Fizzy-max-60K-60000-Puffs-Disposable-Vape-40-1.webp","contentUrl":"https:\/\/fizzyvape.eu\/wp-content\/uploads\/2025\/08\/Fizzy-max-60K-60000-Puffs-Disposable-Vape-40-1.webp","width":800,"height":800},{"@type":"BreadcrumbList","@id":"https:\/\/fizzyvape.eu\/pl\/produkt\/fizzy-max-iii-6-w-1-60000-puffow-jednorazowych-vape-wszystkie-smaki-10-sztuk\/#breadcrumb","itemListElement":[{"@type":"ListItem","position":1,"name":"Home","item":"https:\/\/fizzyvape.eu\/pl\/"},{"@type":"ListItem","position":2,"name":"Sklep","item":"https:\/\/fizzyvape.eu\/pl\/sklep\/"},{"@type":"ListItem","position":3,"name":"Fizzy Max III 6-w-1 60000 Puff\u00f3w jednorazowych Vape (wszystkie smaki) &#8211; 10 sztuk"}]},{"@type":"WebSite","@id":"https:\/\/www.fizzyvape.eu\/pl\/#website","url":"https:\/\/www.fizzyvape.eu\/pl\/","name":"fizzyvape.eu","description":"Refreshing Vapes. Unforgettable Taste.","publisher":{"@id":"https:\/\/www.fizzyvape.eu\/pl\/#organization"},"potentialAction":[{"@type":"SearchAction","target":{"@type":"EntryPoint","urlTemplate":"https:\/\/www.fizzyvape.eu\/pl\/?s={search_term_string}"},"query-input":{"@type":"PropertyValueSpecification","valueRequired":true,"valueName":"search_term_string"}}],"inLanguage":"pl-PL"},{"@type":"Organization","@id":"https:\/\/www.fizzyvape.eu\/pl\/#organization","name":"fizzyvape.eu","url":"https:\/\/www.fizzyvape.eu\/pl\/","logo":{"@type":"ImageObject","inLanguage":"pl-PL","@id":"https:\/\/www.fizzyvape.eu\/pl\/#\/schema\/logo\/image\/","url":"https:\/\/fizzyvape.eu\/wp-content\/uploads\/2019\/06\/print-1.svg","contentUrl":"https:\/\/fizzyvape.eu\/wp-content\/uploads\/2019\/06\/print-1.svg","width":124,"height":37,"caption":"fizzyvape.eu"},"image":{"@id":"https:\/\/www.fizzyvape.eu\/pl\/#\/schema\/logo\/image\/"}}]},"og_availability":"out of stock","product_availability":"out of stock","product_condition":"new"},"tiered_pricing_type":"fixed","tiered_pricing_fixed_rules":[],"tiered_pricing_product_settings":{"layout":"default","base_unit_name":{"singular":null,"plural":null},"default_variation":null},"tiered_pricing_minimum_quantity":null,"tiered_pricing_roles_data":[],"tiered_pricing_percentage_rules":[],"tiered_pricing_maximum_quantity":null,"tiered_pricing_quantity_step":null,"_links":{"self":[{"href":"https:\/\/fizzyvape.eu\/pl\/wp-json\/wp\/v2\/product\/35381","targetHints":{"allow":["GET"]}}],"collection":[{"href":"https:\/\/fizzyvape.eu\/pl\/wp-json\/wp\/v2\/product"}],"about":[{"href":"https:\/\/fizzyvape.eu\/pl\/wp-json\/wp\/v2\/types\/product"}],"replies":[{"embeddable":true,"href":"https:\/\/fizzyvape.eu\/pl\/wp-json\/wp\/v2\/comments?post=35381"}],"version-history":[{"count":0,"href":"https:\/\/fizzyvape.eu\/pl\/wp-json\/wp\/v2\/product\/35381\/revisions"}],"wp:featuredmedia":[{"embeddable":true,"href":"https:\/\/fizzyvape.eu\/pl\/wp-json\/wp\/v2\/media\/33881"}],"wp:attachment":[{"href":"https:\/\/fizzyvape.eu\/pl\/wp-json\/wp\/v2\/media?parent=35381"}],"wp:term":[{"taxonomy":"product_brand","embeddable":true,"href":"https:\/\/fizzyvape.eu\/pl\/wp-json\/wp\/v2\/product_brand?post=35381"},{"taxonomy":"product_cat","embeddable":true,"href":"https:\/\/fizzyvape.eu\/pl\/wp-json\/wp\/v2\/product_cat?post=35381"},{"taxonomy":"product_tag","embeddable":true,"href":"https:\/\/fizzyvape.eu\/pl\/wp-json\/wp\/v2\/product_tag?post=35381"}],"curies":[{"name":"wp","href":"https:\/\/api.w.org\/{rel}","templated":true}]}}