{"id":36576,"date":"2025-11-24T15:50:11","date_gmt":"2025-11-24T07:50:11","guid":{"rendered":"https:\/\/fizzyvape.eu\/product\/fizzy-twins-50000-puffs-dual-flavor\/"},"modified":"2025-12-04T15:36:12","modified_gmt":"2025-12-04T07:36:12","slug":"fizzy-twins-50000-puffs-dual-flavor","status":"publish","type":"product","link":"https:\/\/fizzyvape.eu\/pl\/produkt\/fizzy-twins-50000-puffs-dual-flavor\/","title":{"rendered":"Fizzy Twins 50000 Puffs Dual Flavor"},"content":{"rendered":"<div style=\"width: 1280px;\" class=\"wp-video\"><!--[if lt IE 9]><script>document.createElement('video');<\/script><![endif]-->\n<video class=\"wp-video-shortcode\" id=\"video-36576-1\" width=\"1280\" height=\"720\" preload=\"metadata\" controls=\"controls\"><source type=\"video\/mp4\" src=\"https:\/\/fizzyvape.eu\/wp-content\/uploads\/2025\/08\/Fizzy-Twins-50000-Puffs-Disposable-Vape.mp4?_=1\" \/><a href=\"https:\/\/fizzyvape.eu\/wp-content\/uploads\/2025\/08\/Fizzy-Twins-50000-Puffs-Disposable-Vape.mp4\">https:\/\/fizzyvape.eu\/wp-content\/uploads\/2025\/08\/Fizzy-Twins-50000-Puffs-Disposable-Vape.mp4<\/a><\/video><\/div>\n<h1>Fizzy Twins 50000 Puffs &#8211; Vape jednorazowego u\u017cytku z podw\u00f3jnym akumulatorem smakowym<\/h1>\n<p><strong>Fizzy Twins 50000 Puffs<\/strong> (znany r\u00f3wnie\u017c jako <strong>Fizzy Twins 50K<\/strong>) zapewnia prze\u0142omowe wra\u017cenia dzi\u0119ki <strong>technologii podw\u00f3jnego prze\u0142\u0105cznika smaku<\/strong>, pozwalaj\u0105c cieszy\u0107 si\u0119 dwoma r\u00f3\u017cnymi smakami w jednym urz\u0105dzeniu vape. Je\u015bli uwielbiasz r\u00f3\u017cnorodno\u015b\u0107 smak\u00f3w bez konieczno\u015bci noszenia przy sobie wielu jednoraz\u00f3wek, jest to idealny wyb\u00f3r.<\/p>\n<p>Zaprojektowany dla vaper\u00f3w, kt\u00f3rzy wymagaj\u0105 d\u0142ugotrwa\u0142ej wydajno\u015bci, Fizzy Twins oferuje <strong>do 50 000 zaci\u0105gni\u0119\u0107<\/strong>, <strong>akumulator typu C<\/strong> i <strong>zaawansowane ogrzewanie cewki siatkowej<\/strong> dla g\u0142adkiej pary, bogatego smaku i pot\u0119\u017cnej produkcji chmury. Jest to niezawodne urz\u0105dzenie o du\u017cej pojemno\u015bci, stworzone zar\u00f3wno dla mi\u0142o\u015bnik\u00f3w smaku, jak i intensywnych u\u017cytkownik\u00f3w.<\/p>\n<h3>Kluczowe cechy<\/h3>\n<p>\ud83d\udd39 <strong>System podw\u00f3jnego prze\u0142\u0105cznika smaku<\/strong><\/p>\n<p>Natychmiastowe prze\u0142\u0105czanie mi\u0119dzy dwoma smakami premium za pomoc\u0105 prostego prze\u0142\u0105cznika.<br \/>\nDwa smaki. Jedno urz\u0105dzenie. Zero k\u0142opot\u00f3w.<\/p>\n<p><strong>Do 50 000 zaci\u0105gni\u0119\u0107<\/strong><\/p>\n<p>Zaprojektowany z my\u015bl\u0105 o wytrzyma\u0142o\u015bci i d\u0142ugotrwa\u0142ym u\u017cytkowaniu.<br \/>\nIdealny dla u\u017cytkownik\u00f3w, kt\u00f3rzy potrzebuj\u0105 urz\u0105dzenia na wiele tygodni.<\/p>\n<p><strong>Akumulator typu C<\/strong><\/p>\n<p>Przyjazny dla \u015brodowiska i ekonomiczny.<br \/>\n\u0141aduj szybko i ciesz si\u0119 sta\u0142\u0105 wydajno\u015bci\u0105.<\/p>\n<p><strong>Technologia Premium Mesh Coil<\/strong><\/p>\n<p>Zapewnia bogaty smak, g\u0142adk\u0105 par\u0119 i g\u0119ste chmury.<br \/>\nKa\u017cde zaci\u0105gni\u0119cie jest czyste, mocne i satysfakcjonuj\u0105ce.<\/p>\n<p><strong>100% autentyczny produkt Fizzy Vape<\/strong><\/p>\n<p>Wszystkie produkty s\u0105 oryginalne i wysy\u0142ane z naszego magazynu w Chinach w celu zapewnienia najszybszej dostawy i najlepszej jako\u015bci.<\/p>\n<h3>Dla kogo?<\/h3>\n<ul>\n<li>Vaperzy, kt\u00f3rzy chc\u0105 wielu smak\u00f3w bez noszenia wielu urz\u0105dze\u0144<\/li>\n<li>Ci, kt\u00f3rzy potrzebuj\u0105 <strong>bardzo du\u017cej pojemno\u015bci do<\/strong> d\u0142ugotrwa\u0142ego u\u017cytkowania<\/li>\n<li>Ka\u017cdy, kto szuka bezproblemowego, jednorazowego vape z mo\u017cliwo\u015bci\u0105 \u0142adowania<\/li>\n<\/ul>\n<p><img decoding=\"async\" class=\"alignnone wp-image-36215 size-full\" src=\"https:\/\/fizzyvape.eu\/wp-content\/uploads\/2025\/08\/Fizzy-Twins-50000-Puffs-Disposable-Vape-Flavors.jpg\" alt=\"Fizzy Twins 50000 Puffs jednorazowe smaki Vape\" width=\"1920\" height=\"1920\" srcset=\"https:\/\/fizzyvape.eu\/wp-content\/uploads\/2025\/08\/Fizzy-Twins-50000-Puffs-Disposable-Vape-Flavors.jpg 1920w, https:\/\/fizzyvape.eu\/wp-content\/uploads\/2025\/08\/Fizzy-Twins-50000-Puffs-Disposable-Vape-Flavors-300x300.jpg 300w, https:\/\/fizzyvape.eu\/wp-content\/uploads\/2025\/08\/Fizzy-Twins-50000-Puffs-Disposable-Vape-Flavors-800x800.jpg 800w, https:\/\/fizzyvape.eu\/wp-content\/uploads\/2025\/08\/Fizzy-Twins-50000-Puffs-Disposable-Vape-Flavors-150x150.jpg 150w, https:\/\/fizzyvape.eu\/wp-content\/uploads\/2025\/08\/Fizzy-Twins-50000-Puffs-Disposable-Vape-Flavors-768x768.jpg 768w, https:\/\/fizzyvape.eu\/wp-content\/uploads\/2025\/08\/Fizzy-Twins-50000-Puffs-Disposable-Vape-Flavors-1536x1536.jpg 1536w, https:\/\/fizzyvape.eu\/wp-content\/uploads\/2025\/08\/Fizzy-Twins-50000-Puffs-Disposable-Vape-Flavors-430x430.jpg 430w, https:\/\/fizzyvape.eu\/wp-content\/uploads\/2025\/08\/Fizzy-Twins-50000-Puffs-Disposable-Vape-Flavors-700x700.jpg 700w\" sizes=\"(max-width: 1920px) 100vw, 1920px\" \/><\/p>\n<h3>Lista smak\u00f3w <strong>Fizzy Twins <\/strong>50000 Puffs:<\/h3>\n<ol>\n<li><a href=\"https:\/\/fizzyvape.eu\/pl\/produkt\/fizzy-twins-watermelon-ice-strawberry-kiwi-50000-puffow-10-sztuk\/\">Arbuzowy l\u00f3d i truskawkowe kiwi<\/a><\/li>\n<li><a href=\"https:\/\/fizzyvape.eu\/pl\/produkt\/fizzy-twins-strawberry-kiwi-pomegranate-red-bull-50000-puffow-10-sztuk\/\">Truskawka Kiwi Pomegranate &amp; Red Bull<\/a><\/li>\n<li><a href=\"https:\/\/fizzyvape.eu\/pl\/produkt\/fizzy-twins-blueberry-coconut-grape-ice-50000-puffow-10-sztuk\/\">L\u00f3d jagodowo-kokosowy i winogronowy<\/a><\/li>\n<li><a href=\"https:\/\/fizzyvape.eu\/pl\/produkt\/fizzy-twins-blue-razz-lemonade-triple-melon-50000-puffow-10-sztuk\/\">Lemoniada Blue Razz i potr\u00f3jny melon<\/a><\/li>\n<li><a href=\"https:\/\/fizzyvape.eu\/pl\/produkt\/fizzy-twins-strawberry-watermelon-blueberry-ice-50000-puffow-10-sztuk\/\">Truskawkowy arbuz i l\u00f3d jagodowy<\/a><\/li>\n<li><a href=\"https:\/\/fizzyvape.eu\/pl\/produkt\/fizzy-twins-peach-mango-watermelon-strawberry-banana-50000-puffow-10-sztuk\/\">Brzoskwinia Mango Arbuz &amp; Truskawka Banan<\/a><\/li>\n<li><a href=\"https:\/\/fizzyvape.eu\/pl\/produkt\/fizzy-twins-raspberry-watermelon-kiwi-passion-fruit-guava-50000-puffow-10-sztuk\/\">Malina, arbuz i kiwi, marakuja, guawa<\/a><\/li>\n<li><a href=\"https:\/\/fizzyvape.eu\/pl\/produkt\/fizzy-twins-pineapple-peach-passion-fruit-blueberry-raspberry-50000-puffow-10-sztuk\/\">Ananas Brzoskwinia Marakuja &amp; Jagoda Malina<\/a><\/li>\n<li><a href=\"https:\/\/fizzyvape.eu\/pl\/produkt\/fizzy-twins-watermelon-ice-lemon-lime-50000-puffow-10-sztuk\/\">L\u00f3d arbuzowy i limonka cytrynowa<\/a><\/li>\n<li><a href=\"https:\/\/fizzyvape.eu\/pl\/produkt\/fizzy-twins-mixed-berry-peach-ice-50000-puffow-10-sztuk\/\">L\u00f3d jagodowo-brzoskwiniowy<\/a><\/li>\n<li><a href=\"https:\/\/fizzyvape.eu\/pl\/produkt\/fizzy-twins-strawberry-ice-fizzy-cherry-50000-puffow-10-sztuk\/\">Strawberry Ice &amp; Fizzy Cherry<\/a><\/li>\n<li><a href=\"https:\/\/fizzyvape.eu\/pl\/produkt\/fizzy-twins-raspberry-lemonade-strawberry-ice-50000-puffow-10-sztuk\/\">Lemoniada malinowa i l\u00f3d truskawkowy<\/a><\/li>\n<li>Fizzy Cola &amp; Watermelon Ice<\/li>\n<li>Love 66 i cukierki truskawkowo-malinowe<\/li>\n<li>Guma do \u017cucia Red Bull Truskawka i Arbuz<\/li>\n<\/ol>\n<h2><strong>Dlaczego warto wybra\u0107 Fizzy Twins 50000 Puffs?<\/strong><\/h2>\n<ul>\n<li>Dwa r\u00f3\u017cne smaki w jednym urz\u0105dzeniu<\/li>\n<li>Niezwykle wysoka wydajno\u015b\u0107 nadmuchu<\/li>\n<li>Mo\u017cliwo\u015b\u0107 \u0142adowania i d\u0142uga \u017cywotno\u015b\u0107<\/li>\n<li>Szybka wysy\u0142ka do UE i 100% oryginalno\u015bci<\/li>\n<li>Idealna r\u00f3wnowaga mi\u0119dzy r\u00f3\u017cnorodno\u015bci\u0105 smak\u00f3w i wygod\u0105<\/li>\n<\/ul>\n<p>Niezale\u017cnie od tego, czy jeste\u015b odkrywc\u0105 smaku, czy codziennym waperem, to urz\u0105dzenie oferuje bezkonkurencyjn\u0105 warto\u015b\u0107.<\/p>\n<h2>\ud83d\ude4b\u200d\u2642\ufe0f <strong>FAQ<\/strong><\/h2>\n<p><strong>P: Jak d\u0142ugo dzia\u0142a Fizzy Twins 50000 Puffs?<\/strong><br \/>\nO: Do 50 000 zaci\u0105gni\u0119\u0107, co zazwyczaj wystarcza na kilka tygodni w zale\u017cno\u015bci od sposobu u\u017cytkowania.<\/p>\n<p><strong>P: Czy mo\u017cna go \u0142adowa\u0107?<\/strong><br \/>\nO: Tak, zawiera port \u0142adowania typu C zapewniaj\u0105cy d\u0142u\u017csz\u0105 \u017cywotno\u015b\u0107.<\/p>\n<p><strong>P: Czy jest autentyczny?<\/strong><br \/>\nOczywi\u015bcie. Wszystkie sprzedawane przez nas produkty Fizzy Vape s\u0105 w 100% oryginalne i wysy\u0142ane z naszego magazynu w Chinach.<\/p>\n<p>&nbsp;<\/p>\n","protected":false},"excerpt":{"rendered":"[html_block id=\"37680\"]\n","protected":false},"featured_media":29444,"comment_status":"open","ping_status":"closed","template":"","meta":{"iawp_total_views":33},"product_brand":[],"product_cat":[958,752],"product_tag":[],"class_list":{"0":"post-36576","1":"product","2":"type-product","3":"status-publish","4":"has-post-thumbnail","6":"product_cat-hot-selling-vape-pl","7":"product_cat-magazyn-w-chinach","9":"first","10":"outofstock","11":"shipping-taxable","12":"purchasable","13":"product-type-variable"},"yoast_head":"<!-- This site is optimized with the Yoast SEO Premium plugin v24.8 (Yoast SEO v27.4) - https:\/\/yoast.com\/product\/yoast-seo-premium-wordpress\/ -->\n<title>Fizzy Twins 50000 Puffs - Vape z akumulatorem o dw\u00f3ch smakach<\/title>\n<meta name=\"description\" content=\"Odkryj jednorazowy waporyzator Fizzy Twins 50000 Puffs o dw\u00f3ch smakach. 2 smaki w 1, 50 tys. zaci\u0105gni\u0119\u0107, cewka siatkowa, akumulator typu C, 100% autentyczno\u015bci.\" \/>\n<meta name=\"robots\" content=\"index, follow, max-snippet:-1, max-image-preview:large, max-video-preview:-1\" \/>\n<link rel=\"canonical\" href=\"https:\/\/fizzyvape.eu\/pl\/produkt\/fizzy-twins-50000-puffs-dual-flavor\/\" \/>\n<meta property=\"og:locale\" content=\"pl_PL\" \/>\n<meta property=\"og:type\" content=\"article\" \/>\n<meta property=\"og:title\" content=\"Fizzy Twins 50000 Puffs Dual Flavor\" \/>\n<meta property=\"og:description\" content=\"Odkryj jednorazowy waporyzator Fizzy Twins 50000 Puffs o dw\u00f3ch smakach. 2 smaki w 1, 50 tys. zaci\u0105gni\u0119\u0107, cewka siatkowa, akumulator typu C, 100% autentyczno\u015bci.\" \/>\n<meta property=\"og:url\" content=\"https:\/\/fizzyvape.eu\/pl\/produkt\/fizzy-twins-50000-puffs-dual-flavor\/\" \/>\n<meta property=\"og:site_name\" content=\"fizzyvape.eu\" \/>\n<meta property=\"article:modified_time\" content=\"2025-12-04T07:36:12+00:00\" \/>\n<meta property=\"og:image\" content=\"https:\/\/fizzyvape.eu\/wp-content\/uploads\/2025\/04\/Fizzy-Twins-50000Puffs-34.webp\" \/>\n\t<meta property=\"og:image:width\" content=\"800\" \/>\n\t<meta property=\"og:image:height\" content=\"800\" \/>\n\t<meta property=\"og:image:type\" content=\"image\/webp\" \/>\n<meta name=\"twitter:card\" content=\"summary_large_image\" \/>\n<meta name=\"twitter:label1\" content=\"Dost\u0119pno\u015b\u0107\" \/>\n\t<meta name=\"twitter:data1\" content=\"Brak w magazynie\" \/>\n<script type=\"application\/ld+json\" class=\"yoast-schema-graph\">{\"@context\":\"https:\\\/\\\/schema.org\",\"@graph\":[{\"@type\":\"WebPage\",\"@id\":\"https:\\\/\\\/fizzyvape.eu\\\/pl\\\/produkt\\\/fizzy-twins-50000-puffs-dual-flavor\\\/\",\"url\":\"https:\\\/\\\/fizzyvape.eu\\\/pl\\\/produkt\\\/fizzy-twins-50000-puffs-dual-flavor\\\/\",\"name\":\"Fizzy Twins 50000 Puffs - Vape z akumulatorem o dw\u00f3ch smakach\",\"isPartOf\":{\"@id\":\"https:\\\/\\\/www.fizzyvape.eu\\\/pl\\\/#website\"},\"primaryImageOfPage\":{\"@id\":\"https:\\\/\\\/fizzyvape.eu\\\/pl\\\/produkt\\\/fizzy-twins-50000-puffs-dual-flavor\\\/#primaryimage\"},\"image\":{\"@id\":\"https:\\\/\\\/fizzyvape.eu\\\/pl\\\/produkt\\\/fizzy-twins-50000-puffs-dual-flavor\\\/#primaryimage\"},\"thumbnailUrl\":\"https:\\\/\\\/fizzyvape.eu\\\/wp-content\\\/uploads\\\/2025\\\/04\\\/Fizzy-Twins-50000Puffs-34.webp\",\"datePublished\":\"2025-11-24T07:50:11+00:00\",\"dateModified\":\"2025-12-04T07:36:12+00:00\",\"description\":\"Odkryj jednorazowy waporyzator Fizzy Twins 50000 Puffs o dw\u00f3ch smakach. 2 smaki w 1, 50 tys. zaci\u0105gni\u0119\u0107, cewka siatkowa, akumulator typu C, 100% autentyczno\u015bci.\",\"breadcrumb\":{\"@id\":\"https:\\\/\\\/fizzyvape.eu\\\/pl\\\/produkt\\\/fizzy-twins-50000-puffs-dual-flavor\\\/#breadcrumb\"},\"inLanguage\":\"pl-PL\",\"potentialAction\":[{\"@type\":\"ReadAction\",\"target\":[\"https:\\\/\\\/fizzyvape.eu\\\/pl\\\/produkt\\\/fizzy-twins-50000-puffs-dual-flavor\\\/\"]}]},{\"@type\":\"ImageObject\",\"inLanguage\":\"pl-PL\",\"@id\":\"https:\\\/\\\/fizzyvape.eu\\\/pl\\\/produkt\\\/fizzy-twins-50000-puffs-dual-flavor\\\/#primaryimage\",\"url\":\"https:\\\/\\\/fizzyvape.eu\\\/wp-content\\\/uploads\\\/2025\\\/04\\\/Fizzy-Twins-50000Puffs-34.webp\",\"contentUrl\":\"https:\\\/\\\/fizzyvape.eu\\\/wp-content\\\/uploads\\\/2025\\\/04\\\/Fizzy-Twins-50000Puffs-34.webp\",\"width\":800,\"height\":800,\"caption\":\"Fizzy Twins 50000 Puffs jednorazowe Vape\"},{\"@type\":\"BreadcrumbList\",\"@id\":\"https:\\\/\\\/fizzyvape.eu\\\/pl\\\/produkt\\\/fizzy-twins-50000-puffs-dual-flavor\\\/#breadcrumb\",\"itemListElement\":[{\"@type\":\"ListItem\",\"position\":1,\"name\":\"Home\",\"item\":\"https:\\\/\\\/fizzyvape.eu\\\/pl\\\/\"},{\"@type\":\"ListItem\",\"position\":2,\"name\":\"Sklep\",\"item\":\"https:\\\/\\\/fizzyvape.eu\\\/pl\\\/sklep\\\/\"},{\"@type\":\"ListItem\",\"position\":3,\"name\":\"Fizzy Twins 50000 Puffs Dual Flavor\"}]},{\"@type\":\"WebSite\",\"@id\":\"https:\\\/\\\/www.fizzyvape.eu\\\/pl\\\/#website\",\"url\":\"https:\\\/\\\/www.fizzyvape.eu\\\/pl\\\/\",\"name\":\"fizzyvape.eu\",\"description\":\"Refreshing Vapes. Unforgettable Taste.\",\"publisher\":{\"@id\":\"https:\\\/\\\/www.fizzyvape.eu\\\/pl\\\/#organization\"},\"potentialAction\":[{\"@type\":\"SearchAction\",\"target\":{\"@type\":\"EntryPoint\",\"urlTemplate\":\"https:\\\/\\\/www.fizzyvape.eu\\\/pl\\\/?s={search_term_string}\"},\"query-input\":{\"@type\":\"PropertyValueSpecification\",\"valueRequired\":true,\"valueName\":\"search_term_string\"}}],\"inLanguage\":\"pl-PL\"},{\"@type\":\"Organization\",\"@id\":\"https:\\\/\\\/www.fizzyvape.eu\\\/pl\\\/#organization\",\"name\":\"fizzyvape.eu\",\"url\":\"https:\\\/\\\/www.fizzyvape.eu\\\/pl\\\/\",\"logo\":{\"@type\":\"ImageObject\",\"inLanguage\":\"pl-PL\",\"@id\":\"https:\\\/\\\/www.fizzyvape.eu\\\/pl\\\/#\\\/schema\\\/logo\\\/image\\\/\",\"url\":\"https:\\\/\\\/fizzyvape.eu\\\/wp-content\\\/uploads\\\/2019\\\/06\\\/print-1.svg\",\"contentUrl\":\"https:\\\/\\\/fizzyvape.eu\\\/wp-content\\\/uploads\\\/2019\\\/06\\\/print-1.svg\",\"width\":124,\"height\":37,\"caption\":\"fizzyvape.eu\"},\"image\":{\"@id\":\"https:\\\/\\\/www.fizzyvape.eu\\\/pl\\\/#\\\/schema\\\/logo\\\/image\\\/\"}}]}<\/script>\n<meta property=\"og:availability\" content=\"out of stock\" \/>\n<meta property=\"product:availability\" content=\"out of stock\" \/>\n<meta property=\"product:condition\" content=\"new\" \/>\n<!-- \/ Yoast SEO Premium plugin. -->","yoast_head_json":{"title":"Fizzy Twins 50000 Puffs - Vape z akumulatorem o dw\u00f3ch smakach","description":"Odkryj jednorazowy waporyzator Fizzy Twins 50000 Puffs o dw\u00f3ch smakach. 2 smaki w 1, 50 tys. zaci\u0105gni\u0119\u0107, cewka siatkowa, akumulator typu C, 100% autentyczno\u015bci.","robots":{"index":"index","follow":"follow","max-snippet":"max-snippet:-1","max-image-preview":"max-image-preview:large","max-video-preview":"max-video-preview:-1"},"canonical":"https:\/\/fizzyvape.eu\/pl\/produkt\/fizzy-twins-50000-puffs-dual-flavor\/","og_locale":"pl_PL","og_type":"article","og_title":"Fizzy Twins 50000 Puffs Dual Flavor","og_description":"Odkryj jednorazowy waporyzator Fizzy Twins 50000 Puffs o dw\u00f3ch smakach. 2 smaki w 1, 50 tys. zaci\u0105gni\u0119\u0107, cewka siatkowa, akumulator typu C, 100% autentyczno\u015bci.","og_url":"https:\/\/fizzyvape.eu\/pl\/produkt\/fizzy-twins-50000-puffs-dual-flavor\/","og_site_name":"fizzyvape.eu","article_modified_time":"2025-12-04T07:36:12+00:00","og_image":[{"width":800,"height":800,"url":"https:\/\/fizzyvape.eu\/wp-content\/uploads\/2025\/04\/Fizzy-Twins-50000Puffs-34.webp","type":"image\/webp"}],"twitter_card":"summary_large_image","twitter_misc":{"Dost\u0119pno\u015b\u0107":"Brak w magazynie"},"schema":{"@context":"https:\/\/schema.org","@graph":[{"@type":"WebPage","@id":"https:\/\/fizzyvape.eu\/pl\/produkt\/fizzy-twins-50000-puffs-dual-flavor\/","url":"https:\/\/fizzyvape.eu\/pl\/produkt\/fizzy-twins-50000-puffs-dual-flavor\/","name":"Fizzy Twins 50000 Puffs - Vape z akumulatorem o dw\u00f3ch smakach","isPartOf":{"@id":"https:\/\/www.fizzyvape.eu\/pl\/#website"},"primaryImageOfPage":{"@id":"https:\/\/fizzyvape.eu\/pl\/produkt\/fizzy-twins-50000-puffs-dual-flavor\/#primaryimage"},"image":{"@id":"https:\/\/fizzyvape.eu\/pl\/produkt\/fizzy-twins-50000-puffs-dual-flavor\/#primaryimage"},"thumbnailUrl":"https:\/\/fizzyvape.eu\/wp-content\/uploads\/2025\/04\/Fizzy-Twins-50000Puffs-34.webp","datePublished":"2025-11-24T07:50:11+00:00","dateModified":"2025-12-04T07:36:12+00:00","description":"Odkryj jednorazowy waporyzator Fizzy Twins 50000 Puffs o dw\u00f3ch smakach. 2 smaki w 1, 50 tys. zaci\u0105gni\u0119\u0107, cewka siatkowa, akumulator typu C, 100% autentyczno\u015bci.","breadcrumb":{"@id":"https:\/\/fizzyvape.eu\/pl\/produkt\/fizzy-twins-50000-puffs-dual-flavor\/#breadcrumb"},"inLanguage":"pl-PL","potentialAction":[{"@type":"ReadAction","target":["https:\/\/fizzyvape.eu\/pl\/produkt\/fizzy-twins-50000-puffs-dual-flavor\/"]}]},{"@type":"ImageObject","inLanguage":"pl-PL","@id":"https:\/\/fizzyvape.eu\/pl\/produkt\/fizzy-twins-50000-puffs-dual-flavor\/#primaryimage","url":"https:\/\/fizzyvape.eu\/wp-content\/uploads\/2025\/04\/Fizzy-Twins-50000Puffs-34.webp","contentUrl":"https:\/\/fizzyvape.eu\/wp-content\/uploads\/2025\/04\/Fizzy-Twins-50000Puffs-34.webp","width":800,"height":800,"caption":"Fizzy Twins 50000 Puffs jednorazowe Vape"},{"@type":"BreadcrumbList","@id":"https:\/\/fizzyvape.eu\/pl\/produkt\/fizzy-twins-50000-puffs-dual-flavor\/#breadcrumb","itemListElement":[{"@type":"ListItem","position":1,"name":"Home","item":"https:\/\/fizzyvape.eu\/pl\/"},{"@type":"ListItem","position":2,"name":"Sklep","item":"https:\/\/fizzyvape.eu\/pl\/sklep\/"},{"@type":"ListItem","position":3,"name":"Fizzy Twins 50000 Puffs Dual Flavor"}]},{"@type":"WebSite","@id":"https:\/\/www.fizzyvape.eu\/pl\/#website","url":"https:\/\/www.fizzyvape.eu\/pl\/","name":"fizzyvape.eu","description":"Refreshing Vapes. Unforgettable Taste.","publisher":{"@id":"https:\/\/www.fizzyvape.eu\/pl\/#organization"},"potentialAction":[{"@type":"SearchAction","target":{"@type":"EntryPoint","urlTemplate":"https:\/\/www.fizzyvape.eu\/pl\/?s={search_term_string}"},"query-input":{"@type":"PropertyValueSpecification","valueRequired":true,"valueName":"search_term_string"}}],"inLanguage":"pl-PL"},{"@type":"Organization","@id":"https:\/\/www.fizzyvape.eu\/pl\/#organization","name":"fizzyvape.eu","url":"https:\/\/www.fizzyvape.eu\/pl\/","logo":{"@type":"ImageObject","inLanguage":"pl-PL","@id":"https:\/\/www.fizzyvape.eu\/pl\/#\/schema\/logo\/image\/","url":"https:\/\/fizzyvape.eu\/wp-content\/uploads\/2019\/06\/print-1.svg","contentUrl":"https:\/\/fizzyvape.eu\/wp-content\/uploads\/2019\/06\/print-1.svg","width":124,"height":37,"caption":"fizzyvape.eu"},"image":{"@id":"https:\/\/www.fizzyvape.eu\/pl\/#\/schema\/logo\/image\/"}}]},"og_availability":"out of stock","product_availability":"out of stock","product_condition":"new"},"tiered_pricing_type":"fixed","tiered_pricing_fixed_rules":[],"tiered_pricing_product_settings":{"layout":"default","base_unit_name":{"singular":null,"plural":null},"default_variation":null},"tiered_pricing_minimum_quantity":null,"tiered_pricing_roles_data":[],"tiered_pricing_percentage_rules":[],"tiered_pricing_maximum_quantity":null,"tiered_pricing_quantity_step":null,"_links":{"self":[{"href":"https:\/\/fizzyvape.eu\/pl\/wp-json\/wp\/v2\/product\/36576","targetHints":{"allow":["GET"]}}],"collection":[{"href":"https:\/\/fizzyvape.eu\/pl\/wp-json\/wp\/v2\/product"}],"about":[{"href":"https:\/\/fizzyvape.eu\/pl\/wp-json\/wp\/v2\/types\/product"}],"replies":[{"embeddable":true,"href":"https:\/\/fizzyvape.eu\/pl\/wp-json\/wp\/v2\/comments?post=36576"}],"version-history":[{"count":2,"href":"https:\/\/fizzyvape.eu\/pl\/wp-json\/wp\/v2\/product\/36576\/revisions"}],"predecessor-version":[{"id":37747,"href":"https:\/\/fizzyvape.eu\/pl\/wp-json\/wp\/v2\/product\/36576\/revisions\/37747"}],"wp:featuredmedia":[{"embeddable":true,"href":"https:\/\/fizzyvape.eu\/pl\/wp-json\/wp\/v2\/media\/29444"}],"wp:attachment":[{"href":"https:\/\/fizzyvape.eu\/pl\/wp-json\/wp\/v2\/media?parent=36576"}],"wp:term":[{"taxonomy":"product_brand","embeddable":true,"href":"https:\/\/fizzyvape.eu\/pl\/wp-json\/wp\/v2\/product_brand?post=36576"},{"taxonomy":"product_cat","embeddable":true,"href":"https:\/\/fizzyvape.eu\/pl\/wp-json\/wp\/v2\/product_cat?post=36576"},{"taxonomy":"product_tag","embeddable":true,"href":"https:\/\/fizzyvape.eu\/pl\/wp-json\/wp\/v2\/product_tag?post=36576"}],"curies":[{"name":"wp","href":"https:\/\/api.w.org\/{rel}","templated":true}]}}