{"id":36995,"date":"2025-11-24T15:39:49","date_gmt":"2025-11-24T07:39:49","guid":{"rendered":"https:\/\/fizzyvape.eu\/product\/fizzy-max-iii-6in1-60000-puffs\/"},"modified":"2025-12-04T15:23:39","modified_gmt":"2025-12-04T07:23:39","slug":"fizzy-max-iii-6in1-60000-puffs","status":"publish","type":"product","link":"https:\/\/fizzyvape.eu\/pl\/produkt\/fizzy-max-iii-6in1-60000-puffs\/","title":{"rendered":"Fizzy Max III 6in1 60000 Puffs"},"content":{"rendered":"<div style=\"width: 853px;\" class=\"wp-video\"><!--[if lt IE 9]><script>document.createElement('video');<\/script><![endif]-->\n<video class=\"wp-video-shortcode\" id=\"video-36995-1\" width=\"853\" height=\"480\" preload=\"metadata\" controls=\"controls\"><source type=\"video\/mp4\" src=\"https:\/\/fizzyvape.eu\/wp-content\/uploads\/2025\/08\/fizzy-max-iii-60000-puff-disposable-vape-wholesal-trusted-pro-disposable-vape-supplier.mp4?_=1\" \/><a href=\"https:\/\/fizzyvape.eu\/wp-content\/uploads\/2025\/08\/fizzy-max-iii-60000-puff-disposable-vape-wholesal-trusted-pro-disposable-vape-supplier.mp4\">https:\/\/fizzyvape.eu\/wp-content\/uploads\/2025\/08\/fizzy-max-iii-60000-puff-disposable-vape-wholesal-trusted-pro-disposable-vape-supplier.mp4<\/a><\/video><\/div>\n<h1>Fizzy Max III 6in1 60000 Puffs &#8211; 6 smak\u00f3w w 1 inteligentnym jednorazowym Vape<\/h1>\n<p><strong>Fizzy Max 60000 Puffs (Fizzy Max 60K)<\/strong> to jednorazowy waporyzator nowej generacji zaprojektowany z my\u015bl\u0105 o u\u017cytkownikach oczekuj\u0105cych <strong>maksymalnej r\u00f3\u017cnorodno\u015bci smak\u00f3w, ogromnej pojemno\u015bci puff\u00f3w i najwy\u017cszej wydajno\u015bci<\/strong>.<br \/>\nJego charakterystyczny <strong>system rotacji smak\u00f3w 6 w 1<\/strong> pozwala prze\u0142\u0105cza\u0107 si\u0119 mi\u0119dzy sze\u015bcioma r\u00f3\u017cnymi smakami w jednym urz\u0105dzeniu, zapewniaj\u0105c \u015bwie\u017ce doznania za ka\u017cdym razem, gdy wapujesz.<\/p>\n<p>Dzi\u0119ki <strong>akumulatorowi typu C<\/strong>, <strong>inteligentnemu ekranowi LED<\/strong> i <strong>zaawansowanej technologii cewki siatkowej<\/strong>, Fizzy Max 60000 Puffs oferuje wyj\u0105tkow\u0105 jako\u015b\u0107 pary, d\u0142ugotrwa\u0142\u0105 wytrzyma\u0142o\u015b\u0107 i najwy\u017csz\u0105 wygod\u0119 &#8211; idealn\u0105 dla intensywnych u\u017cytkownik\u00f3w i mi\u0142o\u015bnik\u00f3w smaku.<\/p>\n<h2><strong>Kluczowe cechy<\/strong><\/h2>\n<h4><strong>6 smak\u00f3w w 1 urz\u0105dzeniu<\/strong><\/h4>\n<p>Obrotowy selektor smaku pozwala natychmiast cieszy\u0107 si\u0119 sze\u015bcioma unikalnymi smakami.<br \/>\nJedno urz\u0105dzenie = sze\u015b\u0107 jednorazowych waporyzator\u00f3w.<\/p>\n<h4><strong>Ogromne 60 000 puff\u00f3w<\/strong><\/h4>\n<p>Wyj\u0105tkowa trwa\u0142o\u015b\u0107, kt\u00f3ra utrzymuje si\u0119 przez tygodnie, a nawet miesi\u0105ce w zale\u017cno\u015bci od u\u017cytkowania.<br \/>\nJeden z dost\u0119pnych waporyzator\u00f3w jednorazowych o najwi\u0119kszej pojemno\u015bci.<\/p>\n<h4><strong>Konstrukcja umo\u017cliwiaj\u0105ca \u0142adowanie typu C<\/strong><\/h4>\n<p>Na\u0142aduj i kontynuuj wapowanie &#8211; nie ma potrzeby przedwczesnej wymiany urz\u0105dzenia.<\/p>\n<h4><strong>Inteligentny wy\u015bwietlacz LED<\/strong><\/h4>\n<p>Pokazy:<\/p>\n<ul>\n<li>Poziom na\u0142adowania baterii (%)<\/li>\n<li>Wska\u017anik poziomu e-cieczy<\/li>\n<\/ul>\n<p>Ciesz si\u0119 pe\u0142n\u0105 kontrol\u0105 i zero zgadywania.<\/p>\n<h4><strong>Technologia cewki siatkowej<\/strong><\/h4>\n<p>Zapewnia p\u0142ynn\u0105 par\u0119, sta\u0142\u0105 wydajno\u015b\u0107 i bogaty smak.<\/p>\n<p><img decoding=\"async\" class=\"alignnone wp-image-36206 size-full\" src=\"https:\/\/fizzyvape.eu\/wp-content\/uploads\/2025\/08\/Fizzy-Max-III-6in1-60000-Puffs-Disposable-Vape-Flavors.jpg\" alt=\"Fizzy Max III 6in1 60000 Puffs jednorazowe smaki Vape\" width=\"1920\" height=\"1920\" srcset=\"https:\/\/fizzyvape.eu\/wp-content\/uploads\/2025\/08\/Fizzy-Max-III-6in1-60000-Puffs-Disposable-Vape-Flavors.jpg 1920w, https:\/\/fizzyvape.eu\/wp-content\/uploads\/2025\/08\/Fizzy-Max-III-6in1-60000-Puffs-Disposable-Vape-Flavors-300x300.jpg 300w, https:\/\/fizzyvape.eu\/wp-content\/uploads\/2025\/08\/Fizzy-Max-III-6in1-60000-Puffs-Disposable-Vape-Flavors-800x800.jpg 800w, https:\/\/fizzyvape.eu\/wp-content\/uploads\/2025\/08\/Fizzy-Max-III-6in1-60000-Puffs-Disposable-Vape-Flavors-150x150.jpg 150w, https:\/\/fizzyvape.eu\/wp-content\/uploads\/2025\/08\/Fizzy-Max-III-6in1-60000-Puffs-Disposable-Vape-Flavors-768x768.jpg 768w, https:\/\/fizzyvape.eu\/wp-content\/uploads\/2025\/08\/Fizzy-Max-III-6in1-60000-Puffs-Disposable-Vape-Flavors-1536x1536.jpg 1536w, https:\/\/fizzyvape.eu\/wp-content\/uploads\/2025\/08\/Fizzy-Max-III-6in1-60000-Puffs-Disposable-Vape-Flavors-430x430.jpg 430w, https:\/\/fizzyvape.eu\/wp-content\/uploads\/2025\/08\/Fizzy-Max-III-6in1-60000-Puffs-Disposable-Vape-Flavors-700x700.jpg 700w\" sizes=\"(max-width: 1920px) 100vw, 1920px\" \/><\/p>\n<h3><strong>Fizzy Max III 6in1 60K Puffs Jednorazowy Vape Lista smak\u00f3w:<\/strong><\/h3>\n<ol>\n<li><a href=\"https:\/\/fizzyvape.eu\/pl\/produkt\/fizzy-max-iii-6w1-60k-60000-puff-jednorazowy-akumulator-vape-truskawka-malina-mango-brzoskwinia-jagoda-arbuz-10-szt\/\">Truskawka Malina &amp; Mango Brzoskwinia &amp; Jagoda Arbuz<\/a><\/li>\n<li><a href=\"https:\/\/fizzyvape.eu\/pl\/produkt\/fizzy-max-iii-6w1-60k-60000-puff-jednorazowy-akumulator-vape-mixed-berry-kiwi-passion-fruit-guava-strawberry-watermelon-10szt\/\">Mixed Berry &amp; Kiwi Passion Fruit Guava &amp; Strawberry Watermelon<\/a><\/li>\n<li><a href=\"https:\/\/fizzyvape.eu\/pl\/produkt\/fizzy-max-iii-6w1-60k-60000-puffs-jednorazowy-akumulator-vape-blueberry-raspberry-triple-melon-strawberry-ice-10szt\/\">Blueberry Raspberry &amp; Triple Melon &amp; Strawberry Ice<\/a><\/li>\n<li><a href=\"https:\/\/fizzyvape.eu\/pl\/produkt\/fizzy-max-iii-6w1-60k-60000-puff-jednorazowy-akumulator-vape-truskawkowy-smoczy-owoc-red-bull-malinowy-arbuz-10szt\/\">Smoczy owoc truskawkowy &amp; Red Bull &amp; arbuz malinowy<\/a><\/li>\n<li><a href=\"https:\/\/fizzyvape.eu\/pl\/produkt\/fizzy-max-iii-6w1-60k-60000-puff-jednorazowy-akumulator-vape-truskawka-kiwi-jagoda-i-arbuz-10-sztuk\/\">Strawberry Kiwi &amp; Blueberry Ice &amp; Watermelon Ice<\/a><\/li>\n<li><a href=\"https:\/\/fizzyvape.eu\/pl\/produkt\/fizzy-max-iii-6w1-60k-60000-puff-jednorazowy-akumulator-vape-blueberry-ice-fizzy-cherry-raspberry-lemon-10szt\/\">Blueberry Ice &amp; Fizzy Cherry &amp; Raspberry Lemon<\/a><\/li>\n<li><a href=\"https:\/\/fizzyvape.eu\/pl\/produkt\/fizzy-max-iii-6in1-60k-60000-puffs-jednorazowy-akumulator-vape-watermelon-ice-strawberry-vanilla-coke-mixed-berry-10szt\/\">Watermelon Ice &amp; Strawberry Vanilla Coke &amp; Mixed<\/a><\/li>\n<li><a href=\"https:\/\/fizzyvape.eu\/pl\/produkt\/fizzy-max-iii-6w1-60k-60000-puff-jednorazowy-akumulator-vape-truskawka-winogrono-jagoda-kokos-i-brzoskwinia-cytryna-10-szt\/\">Truskawka Winogrono &amp; Jagoda Kokos &amp; Brzoskwinia Cytryna<\/a><\/li>\n<li><a href=\"https:\/\/fizzyvape.eu\/pl\/produkt\/fizzy-max-iii-6w1-60k-60000-puff-jednorazowy-akumulator-vape-blue-razz-ice-strawberry-kiwi-sour-pineapple-orange-10szt\/\">Blue Razz Ice &amp; Strawberry Kiwi &amp; Sour Pineapple Orange<\/a><\/li>\n<li><a href=\"https:\/\/fizzyvape.eu\/pl\/produkt\/fizzy-max-iii-6w1-60k-60000-puff-jednorazowy-akumulator-vape-truskawka-arbuz-cytryna-limonka-i-jagoda-kokos-10-szt\/\">Arbuz truskawkowy &amp; Limonka cytrynowa &amp; Kokos jagodowy<\/a><\/li>\n<li>Love 66 &amp; Red Bull Watermelon &amp; Strawberry Raspberry<\/li>\n<li>Strawberry Ice &amp; Fizzy Cola &amp; Watermelon Bubble Gum<\/li>\n<\/ol>\n<h2><strong>Dlaczego warto wybra\u0107 Fizzy Max 60000 Puffs?<\/strong><\/h2>\n<ul>\n<li>6 smak\u00f3w w jednym urz\u0105dzeniu &#8211; niezr\u00f3wnana wygoda<\/li>\n<li>Bardzo du\u017ca pojemno\u015b\u0107 dmuchania dla d\u0142ugotrwa\u0142ego u\u017cytkowania<\/li>\n<li>Inteligentny wy\u015bwietlacz sprawia, \u017ce waporyzacja jest bardziej intuicyjna<\/li>\n<li>Wysokiej jako\u015bci konstrukcja z cewk\u0105 siatkow\u0105<\/li>\n<li>W 100% autentyczny produkt Fizzy Vape, wysy\u0142any z magazynu w Chinach<\/li>\n<\/ul>\n<p>Idealny dla d\u0142ugoterminowych u\u017cytkownik\u00f3w, odkrywc\u00f3w smak\u00f3w i ka\u017cdego, kto potrzebuje wydajnego, wygodnego urz\u0105dzenia typu &#8220;wszystko w jednym&#8221;.<\/p>\n<h2><strong>\ud83d\ude4b\u200d\u2642\ufe0f Najcz\u0119\u015bciej zadawane pytania<\/strong><\/h2>\n<p><strong>P: Jak d\u0142ugo dzia\u0142a Fizzy Max 60000 Puffs?<\/strong><br \/>\nO: Zapewnia do 60 000 zaci\u0105gni\u0119\u0107 i mo\u017ce dzia\u0142a\u0107 przez tygodnie lub miesi\u0105ce, w zale\u017cno\u015bci od cz\u0119stotliwo\u015bci waporyzacji.<\/p>\n<p><strong>P: Czy mo\u017cna go \u0142adowa\u0107?<\/strong><br \/>\nO: Tak, jest wyposa\u017cony w port \u0142adowania typu C, kt\u00f3ry zapewnia d\u0142u\u017cszy czas u\u017cytkowania.<\/p>\n<p><strong>P: Czy pokazuje poziom na\u0142adowania baterii i poziom e-liquidu?<\/strong><br \/>\nO: Tak, inteligentny ekran LED wy\u015bwietla zar\u00f3wno procent baterii, jak i stan e-liquidu.<\/p>\n<p><strong>P: Czy s\u0105 autentyczne?<\/strong><br \/>\nOczywi\u015bcie. Sprzedajemy wy\u0142\u0105cznie w 100% oryginalne produkty Fizzy Vape wysy\u0142ane z naszego magazynu w Chinach.<\/p>\n","protected":false},"excerpt":{"rendered":"[html_block id=\"37685\"]\n","protected":false},"featured_media":32581,"comment_status":"open","ping_status":"closed","template":"","meta":{"iawp_total_views":42},"product_brand":[],"product_cat":[958,752],"product_tag":[],"class_list":{"0":"post-36995","1":"product","2":"type-product","3":"status-publish","4":"has-post-thumbnail","6":"product_cat-hot-selling-vape-pl","7":"product_cat-magazyn-w-chinach","9":"first","10":"outofstock","11":"shipping-taxable","12":"purchasable","13":"product-type-variable"},"yoast_head":"<!-- This site is optimized with the Yoast SEO Premium plugin v24.8 (Yoast SEO v27.4) - https:\/\/yoast.com\/product\/yoast-seo-premium-wordpress\/ -->\n<title>Fizzy Max III 60k 60000 Puffs - 6 smak\u00f3w w 1 inteligentnym jednorazowym Vape<\/title>\n<meta name=\"description\" content=\"Odkryj Fizzy Max III 60k 60000 Puffs z 6 smakami w 1 urz\u0105dzeniu, inteligentnym ekranem LED, cewk\u0105 siatkow\u0105 i \u0142adowaniem Type-C. W 100% autentyczny. Szybka wysy\u0142ka na terenie UE.\" \/>\n<meta name=\"robots\" content=\"index, follow, max-snippet:-1, max-image-preview:large, max-video-preview:-1\" \/>\n<link rel=\"canonical\" href=\"https:\/\/fizzyvape.eu\/pl\/produkt\/fizzy-max-iii-6in1-60000-puffs\/\" \/>\n<meta property=\"og:locale\" content=\"pl_PL\" \/>\n<meta property=\"og:type\" content=\"article\" \/>\n<meta property=\"og:title\" content=\"Fizzy Max III 6in1 60000 Puffs\" \/>\n<meta property=\"og:description\" content=\"Odkryj Fizzy Max III 60k 60000 Puffs z 6 smakami w 1 urz\u0105dzeniu, inteligentnym ekranem LED, cewk\u0105 siatkow\u0105 i \u0142adowaniem Type-C. W 100% autentyczny. Szybka wysy\u0142ka na terenie UE.\" \/>\n<meta property=\"og:url\" content=\"https:\/\/fizzyvape.eu\/pl\/produkt\/fizzy-max-iii-6in1-60000-puffs\/\" \/>\n<meta property=\"og:site_name\" content=\"fizzyvape.eu\" \/>\n<meta property=\"article:modified_time\" content=\"2025-12-04T07:23:39+00:00\" \/>\n<meta property=\"og:image\" content=\"https:\/\/fizzyvape.eu\/wp-content\/uploads\/2025\/06\/Fizzy-Max-III-6in1-60K-60000-Puffs-7-1.webp\" \/>\n\t<meta property=\"og:image:width\" content=\"800\" \/>\n\t<meta property=\"og:image:height\" content=\"800\" \/>\n\t<meta property=\"og:image:type\" content=\"image\/webp\" \/>\n<meta name=\"twitter:card\" content=\"summary_large_image\" \/>\n<meta name=\"twitter:label1\" content=\"Dost\u0119pno\u015b\u0107\" \/>\n\t<meta name=\"twitter:data1\" content=\"Brak w magazynie\" \/>\n<script type=\"application\/ld+json\" class=\"yoast-schema-graph\">{\"@context\":\"https:\\\/\\\/schema.org\",\"@graph\":[{\"@type\":\"WebPage\",\"@id\":\"https:\\\/\\\/fizzyvape.eu\\\/pl\\\/produkt\\\/fizzy-max-iii-6in1-60000-puffs\\\/\",\"url\":\"https:\\\/\\\/fizzyvape.eu\\\/pl\\\/produkt\\\/fizzy-max-iii-6in1-60000-puffs\\\/\",\"name\":\"Fizzy Max III 60k 60000 Puffs - 6 smak\u00f3w w 1 inteligentnym jednorazowym Vape\",\"isPartOf\":{\"@id\":\"https:\\\/\\\/www.fizzyvape.eu\\\/pl\\\/#website\"},\"primaryImageOfPage\":{\"@id\":\"https:\\\/\\\/fizzyvape.eu\\\/pl\\\/produkt\\\/fizzy-max-iii-6in1-60000-puffs\\\/#primaryimage\"},\"image\":{\"@id\":\"https:\\\/\\\/fizzyvape.eu\\\/pl\\\/produkt\\\/fizzy-max-iii-6in1-60000-puffs\\\/#primaryimage\"},\"thumbnailUrl\":\"https:\\\/\\\/fizzyvape.eu\\\/wp-content\\\/uploads\\\/2025\\\/06\\\/Fizzy-Max-III-6in1-60K-60000-Puffs-7-1.webp\",\"datePublished\":\"2025-11-24T07:39:49+00:00\",\"dateModified\":\"2025-12-04T07:23:39+00:00\",\"description\":\"Odkryj Fizzy Max III 60k 60000 Puffs z 6 smakami w 1 urz\u0105dzeniu, inteligentnym ekranem LED, cewk\u0105 siatkow\u0105 i \u0142adowaniem Type-C. W 100% autentyczny. Szybka wysy\u0142ka na terenie UE.\",\"breadcrumb\":{\"@id\":\"https:\\\/\\\/fizzyvape.eu\\\/pl\\\/produkt\\\/fizzy-max-iii-6in1-60000-puffs\\\/#breadcrumb\"},\"inLanguage\":\"pl-PL\",\"potentialAction\":[{\"@type\":\"ReadAction\",\"target\":[\"https:\\\/\\\/fizzyvape.eu\\\/pl\\\/produkt\\\/fizzy-max-iii-6in1-60000-puffs\\\/\"]}]},{\"@type\":\"ImageObject\",\"inLanguage\":\"pl-PL\",\"@id\":\"https:\\\/\\\/fizzyvape.eu\\\/pl\\\/produkt\\\/fizzy-max-iii-6in1-60000-puffs\\\/#primaryimage\",\"url\":\"https:\\\/\\\/fizzyvape.eu\\\/wp-content\\\/uploads\\\/2025\\\/06\\\/Fizzy-Max-III-6in1-60K-60000-Puffs-7-1.webp\",\"contentUrl\":\"https:\\\/\\\/fizzyvape.eu\\\/wp-content\\\/uploads\\\/2025\\\/06\\\/Fizzy-Max-III-6in1-60K-60000-Puffs-7-1.webp\",\"width\":800,\"height\":800,\"caption\":\"Fizzy Max III 6in1 60K 60000 Puffs-7-1\"},{\"@type\":\"BreadcrumbList\",\"@id\":\"https:\\\/\\\/fizzyvape.eu\\\/pl\\\/produkt\\\/fizzy-max-iii-6in1-60000-puffs\\\/#breadcrumb\",\"itemListElement\":[{\"@type\":\"ListItem\",\"position\":1,\"name\":\"Home\",\"item\":\"https:\\\/\\\/fizzyvape.eu\\\/pl\\\/\"},{\"@type\":\"ListItem\",\"position\":2,\"name\":\"Sklep\",\"item\":\"https:\\\/\\\/fizzyvape.eu\\\/pl\\\/sklep\\\/\"},{\"@type\":\"ListItem\",\"position\":3,\"name\":\"Fizzy Max III 6in1 60000 Puffs\"}]},{\"@type\":\"WebSite\",\"@id\":\"https:\\\/\\\/www.fizzyvape.eu\\\/pl\\\/#website\",\"url\":\"https:\\\/\\\/www.fizzyvape.eu\\\/pl\\\/\",\"name\":\"fizzyvape.eu\",\"description\":\"Refreshing Vapes. Unforgettable Taste.\",\"publisher\":{\"@id\":\"https:\\\/\\\/www.fizzyvape.eu\\\/pl\\\/#organization\"},\"potentialAction\":[{\"@type\":\"SearchAction\",\"target\":{\"@type\":\"EntryPoint\",\"urlTemplate\":\"https:\\\/\\\/www.fizzyvape.eu\\\/pl\\\/?s={search_term_string}\"},\"query-input\":{\"@type\":\"PropertyValueSpecification\",\"valueRequired\":true,\"valueName\":\"search_term_string\"}}],\"inLanguage\":\"pl-PL\"},{\"@type\":\"Organization\",\"@id\":\"https:\\\/\\\/www.fizzyvape.eu\\\/pl\\\/#organization\",\"name\":\"fizzyvape.eu\",\"url\":\"https:\\\/\\\/www.fizzyvape.eu\\\/pl\\\/\",\"logo\":{\"@type\":\"ImageObject\",\"inLanguage\":\"pl-PL\",\"@id\":\"https:\\\/\\\/www.fizzyvape.eu\\\/pl\\\/#\\\/schema\\\/logo\\\/image\\\/\",\"url\":\"https:\\\/\\\/fizzyvape.eu\\\/wp-content\\\/uploads\\\/2019\\\/06\\\/print-1.svg\",\"contentUrl\":\"https:\\\/\\\/fizzyvape.eu\\\/wp-content\\\/uploads\\\/2019\\\/06\\\/print-1.svg\",\"width\":124,\"height\":37,\"caption\":\"fizzyvape.eu\"},\"image\":{\"@id\":\"https:\\\/\\\/www.fizzyvape.eu\\\/pl\\\/#\\\/schema\\\/logo\\\/image\\\/\"}}]}<\/script>\n<meta property=\"og:availability\" content=\"out of stock\" \/>\n<meta property=\"product:availability\" content=\"out of stock\" \/>\n<meta property=\"product:condition\" content=\"new\" \/>\n<!-- \/ Yoast SEO Premium plugin. -->","yoast_head_json":{"title":"Fizzy Max III 60k 60000 Puffs - 6 smak\u00f3w w 1 inteligentnym jednorazowym Vape","description":"Odkryj Fizzy Max III 60k 60000 Puffs z 6 smakami w 1 urz\u0105dzeniu, inteligentnym ekranem LED, cewk\u0105 siatkow\u0105 i \u0142adowaniem Type-C. W 100% autentyczny. Szybka wysy\u0142ka na terenie UE.","robots":{"index":"index","follow":"follow","max-snippet":"max-snippet:-1","max-image-preview":"max-image-preview:large","max-video-preview":"max-video-preview:-1"},"canonical":"https:\/\/fizzyvape.eu\/pl\/produkt\/fizzy-max-iii-6in1-60000-puffs\/","og_locale":"pl_PL","og_type":"article","og_title":"Fizzy Max III 6in1 60000 Puffs","og_description":"Odkryj Fizzy Max III 60k 60000 Puffs z 6 smakami w 1 urz\u0105dzeniu, inteligentnym ekranem LED, cewk\u0105 siatkow\u0105 i \u0142adowaniem Type-C. W 100% autentyczny. Szybka wysy\u0142ka na terenie UE.","og_url":"https:\/\/fizzyvape.eu\/pl\/produkt\/fizzy-max-iii-6in1-60000-puffs\/","og_site_name":"fizzyvape.eu","article_modified_time":"2025-12-04T07:23:39+00:00","og_image":[{"width":800,"height":800,"url":"https:\/\/fizzyvape.eu\/wp-content\/uploads\/2025\/06\/Fizzy-Max-III-6in1-60K-60000-Puffs-7-1.webp","type":"image\/webp"}],"twitter_card":"summary_large_image","twitter_misc":{"Dost\u0119pno\u015b\u0107":"Brak w magazynie"},"schema":{"@context":"https:\/\/schema.org","@graph":[{"@type":"WebPage","@id":"https:\/\/fizzyvape.eu\/pl\/produkt\/fizzy-max-iii-6in1-60000-puffs\/","url":"https:\/\/fizzyvape.eu\/pl\/produkt\/fizzy-max-iii-6in1-60000-puffs\/","name":"Fizzy Max III 60k 60000 Puffs - 6 smak\u00f3w w 1 inteligentnym jednorazowym Vape","isPartOf":{"@id":"https:\/\/www.fizzyvape.eu\/pl\/#website"},"primaryImageOfPage":{"@id":"https:\/\/fizzyvape.eu\/pl\/produkt\/fizzy-max-iii-6in1-60000-puffs\/#primaryimage"},"image":{"@id":"https:\/\/fizzyvape.eu\/pl\/produkt\/fizzy-max-iii-6in1-60000-puffs\/#primaryimage"},"thumbnailUrl":"https:\/\/fizzyvape.eu\/wp-content\/uploads\/2025\/06\/Fizzy-Max-III-6in1-60K-60000-Puffs-7-1.webp","datePublished":"2025-11-24T07:39:49+00:00","dateModified":"2025-12-04T07:23:39+00:00","description":"Odkryj Fizzy Max III 60k 60000 Puffs z 6 smakami w 1 urz\u0105dzeniu, inteligentnym ekranem LED, cewk\u0105 siatkow\u0105 i \u0142adowaniem Type-C. W 100% autentyczny. Szybka wysy\u0142ka na terenie UE.","breadcrumb":{"@id":"https:\/\/fizzyvape.eu\/pl\/produkt\/fizzy-max-iii-6in1-60000-puffs\/#breadcrumb"},"inLanguage":"pl-PL","potentialAction":[{"@type":"ReadAction","target":["https:\/\/fizzyvape.eu\/pl\/produkt\/fizzy-max-iii-6in1-60000-puffs\/"]}]},{"@type":"ImageObject","inLanguage":"pl-PL","@id":"https:\/\/fizzyvape.eu\/pl\/produkt\/fizzy-max-iii-6in1-60000-puffs\/#primaryimage","url":"https:\/\/fizzyvape.eu\/wp-content\/uploads\/2025\/06\/Fizzy-Max-III-6in1-60K-60000-Puffs-7-1.webp","contentUrl":"https:\/\/fizzyvape.eu\/wp-content\/uploads\/2025\/06\/Fizzy-Max-III-6in1-60K-60000-Puffs-7-1.webp","width":800,"height":800,"caption":"Fizzy Max III 6in1 60K 60000 Puffs-7-1"},{"@type":"BreadcrumbList","@id":"https:\/\/fizzyvape.eu\/pl\/produkt\/fizzy-max-iii-6in1-60000-puffs\/#breadcrumb","itemListElement":[{"@type":"ListItem","position":1,"name":"Home","item":"https:\/\/fizzyvape.eu\/pl\/"},{"@type":"ListItem","position":2,"name":"Sklep","item":"https:\/\/fizzyvape.eu\/pl\/sklep\/"},{"@type":"ListItem","position":3,"name":"Fizzy Max III 6in1 60000 Puffs"}]},{"@type":"WebSite","@id":"https:\/\/www.fizzyvape.eu\/pl\/#website","url":"https:\/\/www.fizzyvape.eu\/pl\/","name":"fizzyvape.eu","description":"Refreshing Vapes. Unforgettable Taste.","publisher":{"@id":"https:\/\/www.fizzyvape.eu\/pl\/#organization"},"potentialAction":[{"@type":"SearchAction","target":{"@type":"EntryPoint","urlTemplate":"https:\/\/www.fizzyvape.eu\/pl\/?s={search_term_string}"},"query-input":{"@type":"PropertyValueSpecification","valueRequired":true,"valueName":"search_term_string"}}],"inLanguage":"pl-PL"},{"@type":"Organization","@id":"https:\/\/www.fizzyvape.eu\/pl\/#organization","name":"fizzyvape.eu","url":"https:\/\/www.fizzyvape.eu\/pl\/","logo":{"@type":"ImageObject","inLanguage":"pl-PL","@id":"https:\/\/www.fizzyvape.eu\/pl\/#\/schema\/logo\/image\/","url":"https:\/\/fizzyvape.eu\/wp-content\/uploads\/2019\/06\/print-1.svg","contentUrl":"https:\/\/fizzyvape.eu\/wp-content\/uploads\/2019\/06\/print-1.svg","width":124,"height":37,"caption":"fizzyvape.eu"},"image":{"@id":"https:\/\/www.fizzyvape.eu\/pl\/#\/schema\/logo\/image\/"}}]},"og_availability":"out of stock","product_availability":"out of stock","product_condition":"new"},"tiered_pricing_type":"fixed","tiered_pricing_fixed_rules":[],"tiered_pricing_product_settings":{"layout":"default","base_unit_name":{"singular":null,"plural":null},"default_variation":null},"tiered_pricing_minimum_quantity":null,"tiered_pricing_roles_data":[],"tiered_pricing_percentage_rules":[],"tiered_pricing_maximum_quantity":null,"tiered_pricing_quantity_step":null,"_links":{"self":[{"href":"https:\/\/fizzyvape.eu\/pl\/wp-json\/wp\/v2\/product\/36995","targetHints":{"allow":["GET"]}}],"collection":[{"href":"https:\/\/fizzyvape.eu\/pl\/wp-json\/wp\/v2\/product"}],"about":[{"href":"https:\/\/fizzyvape.eu\/pl\/wp-json\/wp\/v2\/types\/product"}],"replies":[{"embeddable":true,"href":"https:\/\/fizzyvape.eu\/pl\/wp-json\/wp\/v2\/comments?post=36995"}],"version-history":[{"count":1,"href":"https:\/\/fizzyvape.eu\/pl\/wp-json\/wp\/v2\/product\/36995\/revisions"}],"predecessor-version":[{"id":37739,"href":"https:\/\/fizzyvape.eu\/pl\/wp-json\/wp\/v2\/product\/36995\/revisions\/37739"}],"wp:featuredmedia":[{"embeddable":true,"href":"https:\/\/fizzyvape.eu\/pl\/wp-json\/wp\/v2\/media\/32581"}],"wp:attachment":[{"href":"https:\/\/fizzyvape.eu\/pl\/wp-json\/wp\/v2\/media?parent=36995"}],"wp:term":[{"taxonomy":"product_brand","embeddable":true,"href":"https:\/\/fizzyvape.eu\/pl\/wp-json\/wp\/v2\/product_brand?post=36995"},{"taxonomy":"product_cat","embeddable":true,"href":"https:\/\/fizzyvape.eu\/pl\/wp-json\/wp\/v2\/product_cat?post=36995"},{"taxonomy":"product_tag","embeddable":true,"href":"https:\/\/fizzyvape.eu\/pl\/wp-json\/wp\/v2\/product_tag?post=36995"}],"curies":[{"name":"wp","href":"https:\/\/api.w.org\/{rel}","templated":true}]}}