{"id":39013,"date":"2026-01-19T17:52:51","date_gmt":"2026-01-19T09:52:51","guid":{"rendered":"https:\/\/fizzyvape.eu\/product\/150k-puffs-red-bull-strawberry-kiwi-pomegranate-blueberry-ice-pineapple-coconut\/"},"modified":"2026-01-19T17:52:51","modified_gmt":"2026-01-19T09:52:51","slug":"150k-puffs-red-bull-strawberry-kiwi-pomegranate-blueberry-ice-pineapple-coconut","status":"publish","type":"product","link":"https:\/\/fizzyvape.eu\/pl\/produkt\/150k-puffs-red-bull-strawberry-kiwi-pomegranate-blueberry-ice-pineapple-coconut\/","title":{"rendered":"150K Puffs &#8211; Red Bull &amp; Strawberry Kiwi Pomegranate &amp; Blueberry Ice &amp; Pineapple Coconut"},"content":{"rendered":"<p><img decoding=\"async\" class=\"wp-image-38824 size-large\" src=\"https:\/\/fizzyvape.eu\/wp-content\/uploads\/2026\/01\/Fizzy-15-in-1-150K-Puffs-Rechargeable-Disposable-Vape-Flavors-3-1-800x800.jpg\" alt=\"Fizzy 15-in-1 150K Puffs Jednorazowy akumulator Vape Flavors 3\" width=\"800\" height=\"800\" srcset=\"https:\/\/fizzyvape.eu\/wp-content\/uploads\/2026\/01\/Fizzy-15-in-1-150K-Puffs-Rechargeable-Disposable-Vape-Flavors-3-1-800x800.jpg 800w, https:\/\/fizzyvape.eu\/wp-content\/uploads\/2026\/01\/Fizzy-15-in-1-150K-Puffs-Rechargeable-Disposable-Vape-Flavors-3-1-300x300.jpg 300w, https:\/\/fizzyvape.eu\/wp-content\/uploads\/2026\/01\/Fizzy-15-in-1-150K-Puffs-Rechargeable-Disposable-Vape-Flavors-3-1-150x150.jpg 150w, https:\/\/fizzyvape.eu\/wp-content\/uploads\/2026\/01\/Fizzy-15-in-1-150K-Puffs-Rechargeable-Disposable-Vape-Flavors-3-1-768x768.jpg 768w, https:\/\/fizzyvape.eu\/wp-content\/uploads\/2026\/01\/Fizzy-15-in-1-150K-Puffs-Rechargeable-Disposable-Vape-Flavors-3-1-100x100.jpg 100w, https:\/\/fizzyvape.eu\/wp-content\/uploads\/2026\/01\/Fizzy-15-in-1-150K-Puffs-Rechargeable-Disposable-Vape-Flavors-3-1-200x200.jpg 200w, https:\/\/fizzyvape.eu\/wp-content\/uploads\/2026\/01\/Fizzy-15-in-1-150K-Puffs-Rechargeable-Disposable-Vape-Flavors-3-1-400x400.jpg 400w, https:\/\/fizzyvape.eu\/wp-content\/uploads\/2026\/01\/Fizzy-15-in-1-150K-Puffs-Rechargeable-Disposable-Vape-Flavors-3-1-500x500.jpg 500w, https:\/\/fizzyvape.eu\/wp-content\/uploads\/2026\/01\/Fizzy-15-in-1-150K-Puffs-Rechargeable-Disposable-Vape-Flavors-3-1-430x430.jpg 430w, https:\/\/fizzyvape.eu\/wp-content\/uploads\/2026\/01\/Fizzy-15-in-1-150K-Puffs-Rechargeable-Disposable-Vape-Flavors-3-1-700x700.jpg 700w, https:\/\/fizzyvape.eu\/wp-content\/uploads\/2026\/01\/Fizzy-15-in-1-150K-Puffs-Rechargeable-Disposable-Vape-Flavors-3-1.jpg 1000w\" sizes=\"(max-width: 800px) 100vw, 800px\" \/><\/p>\n<h2>Fizzy 150000 Puffs jednorazowe Vape &#8211; Red Bull &amp; Strawberry Kiwi Pomegranate &amp; Blueberry Ice &amp; Pineapple Coconut<\/h2>\n<p><b>150 000 puff\u00f3w. 15 smak\u00f3w. Jedno legendarne urz\u0105dzenie.  <\/b><\/p>\n<p><b>Fizzy 150000 Puffs<\/b> to pierwszy na \u015bwiecie <b>15-w-1 Smart Multi-Flavor Vape<\/b>, zaprojektowany, aby zapewni\u0107 pe\u0142n\u0105 kontrol\u0119 nad do\u015bwiadczeniem waporyzacji. Dzi\u0119ki ogromnej <b>pojemno\u015bci 80 ml e-liquidu<\/b> i rewolucyjnemu <b>systemowi 4-pod<\/b>, urz\u0105dzenie to dzia\u0142a d\u0142u\u017cej ni\u017c cokolwiek innego na rynku, oferuj\u0105c jednocze\u015bnie r\u00f3\u017cnorodne smaki, mi\u0119dzy kt\u00f3rymi mo\u017cna si\u0119 natychmiast prze\u0142\u0105cza\u0107. <\/p>\n<h2><b>  Mistrzowska lista 4 smak\u00f3w<\/b><\/h2>\n<p>Ta konkretna jednostka Fizzy 150K zawiera cztery kultowe smaki. Mo\u017cna je wapowa\u0107 pojedynczo lub u\u017cy\u0107 inteligentnego prze\u0142\u0105cznika, aby <b>po\u0142\u0105czy\u0107 je w 15 r\u00f3\u017cnych smak\u00f3w hybrydowych<\/b>: <\/p>\n<ul>\n<li><b>Red Bull:<\/b> Ten niepowtarzalny, ostry nap\u00f3j energetyczny, kt\u00f3ry pobudzi Ci\u0119 do dzia\u0142ania.<\/li>\n<li><b>Truskawka Kiwi Granat:<\/b> S\u0142odka i pikantna eksplozja egzotycznych superowoc\u00f3w.<\/li>\n<li><b>\u2744\ufe0f Blueberry Ice:<\/b> r\u0119cznie zbierane g\u00f3rskie jagody z rze\u015bkim, orze\u017awiaj\u0105cym mentolowym finiszem.<\/li>\n<li><b>Pineapple Coconut:<\/b> Kremowa, zalana s\u0142o\u0144cem tropikalna ucieczka w ka\u017cdym zaci\u0105gni\u0119ciu.<\/li>\n<\/ul>\n<p><img decoding=\"async\" class=\"wp-image-38407 size-full\" src=\"https:\/\/fizzyvape.eu\/wp-content\/uploads\/2025\/12\/Fizzy-150K-Puffs-Disposable-Vape-5-scaled.jpg\" alt=\"Fizzy 150K Puffs jednorazowe Vape - 5\" width=\"1663\" height=\"2560\" srcset=\"https:\/\/fizzyvape.eu\/wp-content\/uploads\/2025\/12\/Fizzy-150K-Puffs-Disposable-Vape-5-scaled.jpg 1663w, https:\/\/fizzyvape.eu\/wp-content\/uploads\/2025\/12\/Fizzy-150K-Puffs-Disposable-Vape-5-195x300.jpg 195w, https:\/\/fizzyvape.eu\/wp-content\/uploads\/2025\/12\/Fizzy-150K-Puffs-Disposable-Vape-5-520x800.jpg 520w, https:\/\/fizzyvape.eu\/wp-content\/uploads\/2025\/12\/Fizzy-150K-Puffs-Disposable-Vape-5-768x1182.jpg 768w, https:\/\/fizzyvape.eu\/wp-content\/uploads\/2025\/12\/Fizzy-150K-Puffs-Disposable-Vape-5-998x1536.jpg 998w, https:\/\/fizzyvape.eu\/wp-content\/uploads\/2025\/12\/Fizzy-150K-Puffs-Disposable-Vape-5-1330x2048.jpg 1330w, https:\/\/fizzyvape.eu\/wp-content\/uploads\/2025\/12\/Fizzy-150K-Puffs-Disposable-Vape-5-430x662.jpg 430w, https:\/\/fizzyvape.eu\/wp-content\/uploads\/2025\/12\/Fizzy-150K-Puffs-Disposable-Vape-5-700x1078.jpg 700w, https:\/\/fizzyvape.eu\/wp-content\/uploads\/2025\/12\/Fizzy-150K-Puffs-Disposable-Vape-5-150x231.jpg 150w\" sizes=\"(max-width: 1663px) 100vw, 1663px\" \/><\/p>\n<h2><b>Specyfikacja<\/b><\/h2>\n<table>\n<thead>\n<tr>\n<td><strong>Funkcja<\/strong><\/td>\n<td><strong>Dane techniczne B2B<\/strong><\/td>\n<\/tr>\n<\/thead>\n<tbody>\n<tr>\n<td><b>Liczba zaci\u0105gni\u0119\u0107<\/b><\/td>\n<td>Do 150 000 zaci\u0105gni\u0119\u0107<\/td>\n<\/tr>\n<tr>\n<td><b>Pojemno\u015b\u0107 e-p\u0142ynu<\/b><\/td>\n<td><b>\u0141\u0105cznie 80 ml (20 ml x 4 niezale\u017cne kapsu\u0142ki)<\/b><\/td>\n<\/tr>\n<tr>\n<td><b>Bateria<\/b><\/td>\n<td>1000 mAh Pure Cobalt (akumulator typu C)<\/td>\n<\/tr>\n<tr>\n<td><b>Tryby smaku<\/b><\/td>\n<td><b>15 inteligentnych kombinacji (A\/B\/C\/D + hybrydy)<\/b><\/td>\n<\/tr>\n<tr>\n<td><b>System cewek<\/b><\/td>\n<td>Quad-Mesh 1.0\u03a9 (wysoka sp\u00f3jno\u015b\u0107 dostarczania)<\/td>\n<\/tr>\n<tr>\n<td><b>Opakowania<\/b><\/td>\n<td>Gotowe do sprzeda\u017cy detalicznej pude\u0142ka ekspozycyjne<\/td>\n<\/tr>\n<\/tbody>\n<\/table>\n<h2><b>\ud83c\udfa8Fizzy<\/b>15-in-1 150K Puffs <strong>Jednorazowy<\/strong> akumulator <strong>Vape Lista smak\u00f3w:<\/strong><\/h2>\n<ol>\n<li><a href=\"https:\/\/fizzyvape.eu\/pl\/produkt\/150k-puffs-watermelon-ice-red-bull-strawberry-raspberry-triple-melon-ice\/\">l\u00f3d arbuzowy &amp; red bull &amp; malina truskawkowa &amp; potr\u00f3jny l\u00f3d melonowy<\/a><\/li>\n<li><a href=\"https:\/\/fizzyvape.eu\/pl\/produkt\/150k-puffs-strawberry-ice-kiwi-passion-fruit-guava-peach-mango-watermelon-grape-burst\/\">l\u00f3d truskawkowy i kiwi marakuja guawa i brzoskwinia mango arbuz i winogrono burst<\/a><\/li>\n<li><a href=\"https:\/\/fizzyvape.eu\/pl\/produkt\/150k-puffs-red-bull-strawberry-kiwi-pomegranate-blueberry-ice-pineapple-coconut\/\">red bull &amp; truskawka kiwi granat &amp; jagoda l\u00f3d &amp; ananas kokos<\/a><\/li>\n<li><a href=\"https:\/\/fizzyvape.eu\/produkt\/fizzy-150k-puffs-strawberry-kiwi-mixed-berry-set\/\">truskawka kiwi &amp; mieszanka jag\u00f3d &amp; arbuz bubblegum &amp; soczysta brzoskwinia<\/a><\/li>\n<li><a href=\"https:\/\/fizzyvape.eu\/produkt\/fizzy-150k-puffs-blueberry-raspberry-candy-set\/\">jagoda malina &amp; truskawka ice &amp; lemoniada blue razz &amp; arbuz gummy bear<\/a><\/li>\n<li><a href=\"https:\/\/fizzyvape.eu\/produkt\/fizzy-150k-puffs-tropical-fruit-punch-set\/\">poncz z owoc\u00f3w tropikalnych &amp; arbuz malina &amp; jagoda kokos &amp; truskawka skittles<\/a><\/li>\n<li><a href=\"https:\/\/fizzyvape.eu\/produkt\/fizzy-150k-puffs-love-66-strawberry-kiwi-set\/\">love 66 &amp; truskawka kiwi &amp; arbuz jagoda &amp; malina lemoniada<\/a><\/li>\n<li><a href=\"https:\/\/fizzyvape.eu\/produkt\/fizzy-150k-puffs-fizzy-cola-berry-set\/\">mieszanka jag\u00f3d i ananasa brzoskwinia marakuja i gazowana cola truskawka malina<\/a><\/li>\n<li><a href=\"https:\/\/fizzyvape.eu\/produkt\/fizzy-150k-puffs-blue-razz-raspberry-set\/\">blue razz rapsberry &amp; watermelon cherry ice &amp; strawberry grape &amp;passion fruit orange peach<\/a><\/li>\n<li><a href=\"https:\/\/fizzyvape.eu\/produkt\/fizzy-150k-puffs-fizzy-cherry-citrus-set\/\">musuj\u0105ca wi\u015bnia &amp; truskawka smoczy owoc &amp; cytryna limonka &amp; arbuz jagoda<\/a><\/li>\n<li><a href=\"https:\/\/fizzyvape.eu\/produkt\/fizzy-150k-puffs-vanilla-coke-berry-set\/\">truskawka z col\u0105 waniliow\u0105 &amp; malina z jagodami &amp; arbuz z lodem &amp; wi\u015bnia z jagodami<\/a><\/li>\n<li><a href=\"https:\/\/fizzyvape.eu\/produkt\/fizzy-150k-puffs-mojito-ice-set\/\">l\u00f3d jagodowy &amp; truskawka arbuz &amp; mojito &amp; kiwi marakuja guawa<\/a><\/li>\n<\/ol>\n<h3 data-start=\"2198\" data-end=\"2222\">Dlaczego warto wybra\u0107 Fizzy 150K?<\/h3>\n<p> <b> 150 000 zaci\u0105gni\u0119\u0107:<\/b> Najd\u0142u\u017cej dzia\u0142aj\u0105cy waporyzator na rynku.<\/p>\n<p> <b> Smaki 15 w 1:<\/b> 4 niezale\u017cne kapsu\u0142ki; natychmiast prze\u0142\u0105czaj lub mieszaj smaki<b>.<\/b> <\/p>\n<p> <b> Inteligentny ekran:<\/b> Monitorowanie baterii i e-cieczy w czasie rzeczywistym.<\/p>\n<p> <b> Technologia Quad-Mesh:<\/b> 4 cewki zapewniaj\u0105 zerowy spadek aromatu i ogromne chmury.<\/p>\n<h2><b>Specyfikacja produktu<\/b><\/h2>\n<table>\n<thead>\n<tr>\n<td><strong>Cecha<\/strong><\/td>\n<td><strong>Szczeg\u00f3\u0142y<\/strong><\/td>\n<\/tr>\n<\/thead>\n<tbody>\n<tr>\n<td><b>Ca\u0142kowita liczba zaci\u0105gni\u0119\u0107<\/b><\/td>\n<td><b>Do 150 000 zaci\u0105gni\u0119\u0107<\/b><\/td>\n<\/tr>\n<tr>\n<td><b>Pojemno\u015b\u0107 e-p\u0142ynu<\/b><\/td>\n<td><b>80 ml (20 ml na kapsu\u0142k\u0119 x 4)<\/b><\/td>\n<\/tr>\n<tr>\n<td><b>System aromat\u00f3w<\/b><\/td>\n<td><b>Prze\u0142\u0105cznik wielu smak\u00f3w 15 w 1<\/b><\/td>\n<\/tr>\n<tr>\n<td><b>Akumulator<\/b><\/td>\n<td>Akumulator 1000 mAh (czysty kobalt)<\/td>\n<\/tr>\n<tr>\n<td><b>\u0141adowanie<\/b><\/td>\n<td>Szybki port typu C<\/td>\n<\/tr>\n<tr>\n<td><b>Technologia cewki<\/b><\/td>\n<td><b>Quad-Mesh (1,0\u03a9 x4)<\/b><\/td>\n<\/tr>\n<tr>\n<td><b>Wy\u015bwietlacz<\/b><\/td>\n<td>Pe\u0142nokolorowy inteligentny ekran LED<\/td>\n<\/tr>\n<\/tbody>\n<\/table>\n<h2><b>FAQ-Fizzy<\/b>150000 puff\u00f3w jednorazowych Vape<\/h2>\n<p>P: Jak zmieni\u0107 smak?<\/p>\n<p>O: U\u017cyj inteligentnego prze\u0142\u0105cznika na urz\u0105dzeniu, aby prze\u0142\u0105cza\u0107 si\u0119 mi\u0119dzy kapsu\u0142kami A, B, C lub D. Mo\u017cesz tak\u017ce wybra\u0107 tryb &#8220;Combo&#8221;, aby miesza\u0107 smaki!<\/p>\n<p>P: Czy pod koniec smak ulega przypaleniu?<\/p>\n<p>O: Nie! Dzi\u0119ki systemowi Quad-Mesh ka\u017cda kapsu\u0142ka ma w\u0142asn\u0105 \u015bwie\u017c\u0105 cewk\u0119. Smak pozostaje czysty i pyszny przez ca\u0142y okres 150 000 zaci\u0105gni\u0119\u0107.  <\/p>\n<p>P: Jak d\u0142ugo dzia\u0142a bateria?<\/p>\n<p>O: Bateria o pojemno\u015bci 1000 mAh zosta\u0142a zaprojektowana z my\u015bl\u0105 o ca\u0142odziennym u\u017cytkowaniu. Gdy poziom na\u0142adowania jest niski, wystarczy pod\u0142\u0105czy\u0107 dowolny kabel typu C, aby uzyska\u0107 szybkie \u0142adowanie (ok. 45-60 minut do pe\u0142nego na\u0142adowania). <\/p>\n","protected":false},"excerpt":{"rendered":"[html_block id=\"38779\"]\n","protected":false},"featured_media":38829,"comment_status":"open","ping_status":"closed","template":"","meta":{"iawp_total_views":1},"product_brand":[],"product_cat":[998],"product_tag":[],"class_list":{"0":"post-39013","1":"product","2":"type-product","3":"status-publish","4":"has-post-thumbnail","6":"product_cat-fizzy-150k-150-000-zaciagniec-15-w-1-jednorazowy-ladowalny-e-papieros","8":"first","9":"instock","10":"sale","11":"shipping-taxable","12":"purchasable","13":"product-type-variable"},"yoast_head":"<!-- This site is optimized with the Yoast SEO Premium plugin v24.8 (Yoast SEO v27.4) - https:\/\/yoast.com\/product\/yoast-seo-premium-wordpress\/ -->\n<title>Red Bull &amp; Blueberry Ice | Fizzy 150K Puffs Vape - smaki 15 w 1<\/title>\n<meta name=\"description\" content=\"Jednorazowy vape Fizzy 150K Puffs o smaku Red Bulla, truskawki z kiwi, granatu, jag\u00f3d i ananasa z kokosem. 150 000 zaci\u0105gni\u0119\u0107, bogaty smak.\" \/>\n<meta name=\"robots\" content=\"index, follow, max-snippet:-1, max-image-preview:large, max-video-preview:-1\" \/>\n<link rel=\"canonical\" href=\"https:\/\/fizzyvape.eu\/pl\/produkt\/150k-puffs-red-bull-strawberry-kiwi-pomegranate-blueberry-ice-pineapple-coconut\/\" \/>\n<meta property=\"og:locale\" content=\"pl_PL\" \/>\n<meta property=\"og:type\" content=\"article\" \/>\n<meta property=\"og:title\" content=\"150K Puffs - Red Bull &amp; Strawberry Kiwi Pomegranate &amp; Blueberry Ice &amp; Pineapple Coconut\" \/>\n<meta property=\"og:description\" content=\"Jednorazowy vape Fizzy 150K Puffs o smaku Red Bulla, truskawki z kiwi, granatu, jag\u00f3d i ananasa z kokosem. 150 000 zaci\u0105gni\u0119\u0107, bogaty smak.\" \/>\n<meta property=\"og:url\" content=\"https:\/\/fizzyvape.eu\/pl\/produkt\/150k-puffs-red-bull-strawberry-kiwi-pomegranate-blueberry-ice-pineapple-coconut\/\" \/>\n<meta property=\"og:site_name\" content=\"fizzyvape.eu\" \/>\n<meta property=\"og:image\" content=\"https:\/\/fizzyvape.eu\/wp-content\/uploads\/2026\/01\/Fizzy-15-in-1-150K-Puffs-Rechargeable-Disposable-Vape-Flavors-3-1.jpg\" \/>\n\t<meta property=\"og:image:width\" content=\"1000\" \/>\n\t<meta property=\"og:image:height\" content=\"1000\" \/>\n\t<meta property=\"og:image:type\" content=\"image\/jpeg\" \/>\n<meta name=\"twitter:card\" content=\"summary_large_image\" \/>\n<meta name=\"twitter:label1\" content=\"Dost\u0119pno\u015b\u0107\" \/>\n\t<meta name=\"twitter:data1\" content=\"Dost\u0119pny\" \/>\n<script type=\"application\/ld+json\" class=\"yoast-schema-graph\">{\"@context\":\"https:\\\/\\\/schema.org\",\"@graph\":[{\"@type\":\"WebPage\",\"@id\":\"https:\\\/\\\/fizzyvape.eu\\\/pl\\\/produkt\\\/150k-puffs-red-bull-strawberry-kiwi-pomegranate-blueberry-ice-pineapple-coconut\\\/\",\"url\":\"https:\\\/\\\/fizzyvape.eu\\\/pl\\\/produkt\\\/150k-puffs-red-bull-strawberry-kiwi-pomegranate-blueberry-ice-pineapple-coconut\\\/\",\"name\":\"Red Bull & Blueberry Ice | Fizzy 150K Puffs Vape - smaki 15 w 1\",\"isPartOf\":{\"@id\":\"https:\\\/\\\/www.fizzyvape.eu\\\/pl\\\/#website\"},\"primaryImageOfPage\":{\"@id\":\"https:\\\/\\\/fizzyvape.eu\\\/pl\\\/produkt\\\/150k-puffs-red-bull-strawberry-kiwi-pomegranate-blueberry-ice-pineapple-coconut\\\/#primaryimage\"},\"image\":{\"@id\":\"https:\\\/\\\/fizzyvape.eu\\\/pl\\\/produkt\\\/150k-puffs-red-bull-strawberry-kiwi-pomegranate-blueberry-ice-pineapple-coconut\\\/#primaryimage\"},\"thumbnailUrl\":\"https:\\\/\\\/fizzyvape.eu\\\/wp-content\\\/uploads\\\/2026\\\/01\\\/Fizzy-15-in-1-150K-Puffs-Rechargeable-Disposable-Vape-Flavors-3-1.jpg\",\"datePublished\":\"2026-01-19T09:52:51+00:00\",\"description\":\"Jednorazowy vape Fizzy 150K Puffs o smaku Red Bulla, truskawki z kiwi, granatu, jag\u00f3d i ananasa z kokosem. 150 000 zaci\u0105gni\u0119\u0107, bogaty smak.\",\"breadcrumb\":{\"@id\":\"https:\\\/\\\/fizzyvape.eu\\\/pl\\\/produkt\\\/150k-puffs-red-bull-strawberry-kiwi-pomegranate-blueberry-ice-pineapple-coconut\\\/#breadcrumb\"},\"inLanguage\":\"pl-PL\",\"potentialAction\":[{\"@type\":\"ReadAction\",\"target\":[\"https:\\\/\\\/fizzyvape.eu\\\/pl\\\/produkt\\\/150k-puffs-red-bull-strawberry-kiwi-pomegranate-blueberry-ice-pineapple-coconut\\\/\"]}]},{\"@type\":\"ImageObject\",\"inLanguage\":\"pl-PL\",\"@id\":\"https:\\\/\\\/fizzyvape.eu\\\/pl\\\/produkt\\\/150k-puffs-red-bull-strawberry-kiwi-pomegranate-blueberry-ice-pineapple-coconut\\\/#primaryimage\",\"url\":\"https:\\\/\\\/fizzyvape.eu\\\/wp-content\\\/uploads\\\/2026\\\/01\\\/Fizzy-15-in-1-150K-Puffs-Rechargeable-Disposable-Vape-Flavors-3-1.jpg\",\"contentUrl\":\"https:\\\/\\\/fizzyvape.eu\\\/wp-content\\\/uploads\\\/2026\\\/01\\\/Fizzy-15-in-1-150K-Puffs-Rechargeable-Disposable-Vape-Flavors-3-1.jpg\",\"width\":1000,\"height\":1000,\"caption\":\"Fizzy 15-in-1 150K Puffs Jednorazowy akumulator Vape Flavors 3\"},{\"@type\":\"BreadcrumbList\",\"@id\":\"https:\\\/\\\/fizzyvape.eu\\\/pl\\\/produkt\\\/150k-puffs-red-bull-strawberry-kiwi-pomegranate-blueberry-ice-pineapple-coconut\\\/#breadcrumb\",\"itemListElement\":[{\"@type\":\"ListItem\",\"position\":1,\"name\":\"Home\",\"item\":\"https:\\\/\\\/fizzyvape.eu\\\/pl\\\/\"},{\"@type\":\"ListItem\",\"position\":2,\"name\":\"Sklep\",\"item\":\"https:\\\/\\\/fizzyvape.eu\\\/pl\\\/sklep\\\/\"},{\"@type\":\"ListItem\",\"position\":3,\"name\":\"150K Puffs &#8211; Red Bull &amp; Strawberry Kiwi Pomegranate &amp; Blueberry Ice &amp; Pineapple Coconut\"}]},{\"@type\":\"WebSite\",\"@id\":\"https:\\\/\\\/www.fizzyvape.eu\\\/pl\\\/#website\",\"url\":\"https:\\\/\\\/www.fizzyvape.eu\\\/pl\\\/\",\"name\":\"fizzyvape.eu\",\"description\":\"Refreshing Vapes. Unforgettable Taste.\",\"publisher\":{\"@id\":\"https:\\\/\\\/www.fizzyvape.eu\\\/pl\\\/#organization\"},\"potentialAction\":[{\"@type\":\"SearchAction\",\"target\":{\"@type\":\"EntryPoint\",\"urlTemplate\":\"https:\\\/\\\/www.fizzyvape.eu\\\/pl\\\/?s={search_term_string}\"},\"query-input\":{\"@type\":\"PropertyValueSpecification\",\"valueRequired\":true,\"valueName\":\"search_term_string\"}}],\"inLanguage\":\"pl-PL\"},{\"@type\":\"Organization\",\"@id\":\"https:\\\/\\\/www.fizzyvape.eu\\\/pl\\\/#organization\",\"name\":\"fizzyvape.eu\",\"url\":\"https:\\\/\\\/www.fizzyvape.eu\\\/pl\\\/\",\"logo\":{\"@type\":\"ImageObject\",\"inLanguage\":\"pl-PL\",\"@id\":\"https:\\\/\\\/www.fizzyvape.eu\\\/pl\\\/#\\\/schema\\\/logo\\\/image\\\/\",\"url\":\"https:\\\/\\\/fizzyvape.eu\\\/wp-content\\\/uploads\\\/2019\\\/06\\\/print-1.svg\",\"contentUrl\":\"https:\\\/\\\/fizzyvape.eu\\\/wp-content\\\/uploads\\\/2019\\\/06\\\/print-1.svg\",\"width\":124,\"height\":37,\"caption\":\"fizzyvape.eu\"},\"image\":{\"@id\":\"https:\\\/\\\/www.fizzyvape.eu\\\/pl\\\/#\\\/schema\\\/logo\\\/image\\\/\"}}]}<\/script>\n<meta property=\"og:availability\" content=\"instock\" \/>\n<meta property=\"product:availability\" content=\"instock\" \/>\n<meta property=\"product:condition\" content=\"new\" \/>\n<!-- \/ Yoast SEO Premium plugin. -->","yoast_head_json":{"title":"Red Bull & Blueberry Ice | Fizzy 150K Puffs Vape - smaki 15 w 1","description":"Jednorazowy vape Fizzy 150K Puffs o smaku Red Bulla, truskawki z kiwi, granatu, jag\u00f3d i ananasa z kokosem. 150 000 zaci\u0105gni\u0119\u0107, bogaty smak.","robots":{"index":"index","follow":"follow","max-snippet":"max-snippet:-1","max-image-preview":"max-image-preview:large","max-video-preview":"max-video-preview:-1"},"canonical":"https:\/\/fizzyvape.eu\/pl\/produkt\/150k-puffs-red-bull-strawberry-kiwi-pomegranate-blueberry-ice-pineapple-coconut\/","og_locale":"pl_PL","og_type":"article","og_title":"150K Puffs - Red Bull &amp; Strawberry Kiwi Pomegranate &amp; Blueberry Ice &amp; Pineapple Coconut","og_description":"Jednorazowy vape Fizzy 150K Puffs o smaku Red Bulla, truskawki z kiwi, granatu, jag\u00f3d i ananasa z kokosem. 150 000 zaci\u0105gni\u0119\u0107, bogaty smak.","og_url":"https:\/\/fizzyvape.eu\/pl\/produkt\/150k-puffs-red-bull-strawberry-kiwi-pomegranate-blueberry-ice-pineapple-coconut\/","og_site_name":"fizzyvape.eu","og_image":[{"width":1000,"height":1000,"url":"https:\/\/fizzyvape.eu\/wp-content\/uploads\/2026\/01\/Fizzy-15-in-1-150K-Puffs-Rechargeable-Disposable-Vape-Flavors-3-1.jpg","type":"image\/jpeg"}],"twitter_card":"summary_large_image","twitter_misc":{"Dost\u0119pno\u015b\u0107":"Dost\u0119pny"},"schema":{"@context":"https:\/\/schema.org","@graph":[{"@type":"WebPage","@id":"https:\/\/fizzyvape.eu\/pl\/produkt\/150k-puffs-red-bull-strawberry-kiwi-pomegranate-blueberry-ice-pineapple-coconut\/","url":"https:\/\/fizzyvape.eu\/pl\/produkt\/150k-puffs-red-bull-strawberry-kiwi-pomegranate-blueberry-ice-pineapple-coconut\/","name":"Red Bull & Blueberry Ice | Fizzy 150K Puffs Vape - smaki 15 w 1","isPartOf":{"@id":"https:\/\/www.fizzyvape.eu\/pl\/#website"},"primaryImageOfPage":{"@id":"https:\/\/fizzyvape.eu\/pl\/produkt\/150k-puffs-red-bull-strawberry-kiwi-pomegranate-blueberry-ice-pineapple-coconut\/#primaryimage"},"image":{"@id":"https:\/\/fizzyvape.eu\/pl\/produkt\/150k-puffs-red-bull-strawberry-kiwi-pomegranate-blueberry-ice-pineapple-coconut\/#primaryimage"},"thumbnailUrl":"https:\/\/fizzyvape.eu\/wp-content\/uploads\/2026\/01\/Fizzy-15-in-1-150K-Puffs-Rechargeable-Disposable-Vape-Flavors-3-1.jpg","datePublished":"2026-01-19T09:52:51+00:00","description":"Jednorazowy vape Fizzy 150K Puffs o smaku Red Bulla, truskawki z kiwi, granatu, jag\u00f3d i ananasa z kokosem. 150 000 zaci\u0105gni\u0119\u0107, bogaty smak.","breadcrumb":{"@id":"https:\/\/fizzyvape.eu\/pl\/produkt\/150k-puffs-red-bull-strawberry-kiwi-pomegranate-blueberry-ice-pineapple-coconut\/#breadcrumb"},"inLanguage":"pl-PL","potentialAction":[{"@type":"ReadAction","target":["https:\/\/fizzyvape.eu\/pl\/produkt\/150k-puffs-red-bull-strawberry-kiwi-pomegranate-blueberry-ice-pineapple-coconut\/"]}]},{"@type":"ImageObject","inLanguage":"pl-PL","@id":"https:\/\/fizzyvape.eu\/pl\/produkt\/150k-puffs-red-bull-strawberry-kiwi-pomegranate-blueberry-ice-pineapple-coconut\/#primaryimage","url":"https:\/\/fizzyvape.eu\/wp-content\/uploads\/2026\/01\/Fizzy-15-in-1-150K-Puffs-Rechargeable-Disposable-Vape-Flavors-3-1.jpg","contentUrl":"https:\/\/fizzyvape.eu\/wp-content\/uploads\/2026\/01\/Fizzy-15-in-1-150K-Puffs-Rechargeable-Disposable-Vape-Flavors-3-1.jpg","width":1000,"height":1000,"caption":"Fizzy 15-in-1 150K Puffs Jednorazowy akumulator Vape Flavors 3"},{"@type":"BreadcrumbList","@id":"https:\/\/fizzyvape.eu\/pl\/produkt\/150k-puffs-red-bull-strawberry-kiwi-pomegranate-blueberry-ice-pineapple-coconut\/#breadcrumb","itemListElement":[{"@type":"ListItem","position":1,"name":"Home","item":"https:\/\/fizzyvape.eu\/pl\/"},{"@type":"ListItem","position":2,"name":"Sklep","item":"https:\/\/fizzyvape.eu\/pl\/sklep\/"},{"@type":"ListItem","position":3,"name":"150K Puffs &#8211; Red Bull &amp; Strawberry Kiwi Pomegranate &amp; Blueberry Ice &amp; Pineapple Coconut"}]},{"@type":"WebSite","@id":"https:\/\/www.fizzyvape.eu\/pl\/#website","url":"https:\/\/www.fizzyvape.eu\/pl\/","name":"fizzyvape.eu","description":"Refreshing Vapes. Unforgettable Taste.","publisher":{"@id":"https:\/\/www.fizzyvape.eu\/pl\/#organization"},"potentialAction":[{"@type":"SearchAction","target":{"@type":"EntryPoint","urlTemplate":"https:\/\/www.fizzyvape.eu\/pl\/?s={search_term_string}"},"query-input":{"@type":"PropertyValueSpecification","valueRequired":true,"valueName":"search_term_string"}}],"inLanguage":"pl-PL"},{"@type":"Organization","@id":"https:\/\/www.fizzyvape.eu\/pl\/#organization","name":"fizzyvape.eu","url":"https:\/\/www.fizzyvape.eu\/pl\/","logo":{"@type":"ImageObject","inLanguage":"pl-PL","@id":"https:\/\/www.fizzyvape.eu\/pl\/#\/schema\/logo\/image\/","url":"https:\/\/fizzyvape.eu\/wp-content\/uploads\/2019\/06\/print-1.svg","contentUrl":"https:\/\/fizzyvape.eu\/wp-content\/uploads\/2019\/06\/print-1.svg","width":124,"height":37,"caption":"fizzyvape.eu"},"image":{"@id":"https:\/\/www.fizzyvape.eu\/pl\/#\/schema\/logo\/image\/"}}]},"og_availability":"instock","product_availability":"instock","product_condition":"new"},"tiered_pricing_type":"fixed","tiered_pricing_fixed_rules":[],"tiered_pricing_product_settings":{"layout":"default","base_unit_name":{"singular":null,"plural":null},"default_variation":null},"tiered_pricing_minimum_quantity":null,"tiered_pricing_roles_data":[],"tiered_pricing_percentage_rules":[],"tiered_pricing_maximum_quantity":null,"tiered_pricing_quantity_step":null,"_links":{"self":[{"href":"https:\/\/fizzyvape.eu\/pl\/wp-json\/wp\/v2\/product\/39013","targetHints":{"allow":["GET"]}}],"collection":[{"href":"https:\/\/fizzyvape.eu\/pl\/wp-json\/wp\/v2\/product"}],"about":[{"href":"https:\/\/fizzyvape.eu\/pl\/wp-json\/wp\/v2\/types\/product"}],"replies":[{"embeddable":true,"href":"https:\/\/fizzyvape.eu\/pl\/wp-json\/wp\/v2\/comments?post=39013"}],"version-history":[{"count":0,"href":"https:\/\/fizzyvape.eu\/pl\/wp-json\/wp\/v2\/product\/39013\/revisions"}],"wp:featuredmedia":[{"embeddable":true,"href":"https:\/\/fizzyvape.eu\/pl\/wp-json\/wp\/v2\/media\/38829"}],"wp:attachment":[{"href":"https:\/\/fizzyvape.eu\/pl\/wp-json\/wp\/v2\/media?parent=39013"}],"wp:term":[{"taxonomy":"product_brand","embeddable":true,"href":"https:\/\/fizzyvape.eu\/pl\/wp-json\/wp\/v2\/product_brand?post=39013"},{"taxonomy":"product_cat","embeddable":true,"href":"https:\/\/fizzyvape.eu\/pl\/wp-json\/wp\/v2\/product_cat?post=39013"},{"taxonomy":"product_tag","embeddable":true,"href":"https:\/\/fizzyvape.eu\/pl\/wp-json\/wp\/v2\/product_tag?post=39013"}],"curies":[{"name":"wp","href":"https:\/\/api.w.org\/{rel}","templated":true}]}}