{"id":39030,"date":"2026-01-19T17:53:48","date_gmt":"2026-01-19T09:53:48","guid":{"rendered":"https:\/\/fizzyvape.eu\/product\/150k-puffs-truskawka-kiwi-mixed-berry-arbuz-bubblegum-soczysta-brzoskwinia\/"},"modified":"2026-01-19T17:53:48","modified_gmt":"2026-01-19T09:53:48","slug":"150k-puffs-truskawka-kiwi-mixed-berry-arbuz-bubblegum-soczysta-brzoskwinia","status":"publish","type":"product","link":"https:\/\/fizzyvape.eu\/pl\/produkt\/150k-puffs-truskawka-kiwi-mixed-berry-arbuz-bubblegum-soczysta-brzoskwinia\/","title":{"rendered":"150K Puffs &#8211; Truskawka Kiwi &amp; Mixed Berry &amp; Arbuz Bubblegum &amp; Soczysta Brzoskwinia"},"content":{"rendered":"<p><img decoding=\"async\" class=\"wp-image-38833 size-large\" src=\"https:\/\/fizzyvape.eu\/wp-content\/uploads\/2026\/01\/Fizzy-15-in-1-150K-Puffs-Rechargeable-Disposable-Vape-Flavors-4-1-800x800.jpg\" alt=\"Fizzy 15-in-1 150K Puffs Jednorazowy akumulator Vape Smaki 4\" width=\"800\" height=\"800\" srcset=\"https:\/\/fizzyvape.eu\/wp-content\/uploads\/2026\/01\/Fizzy-15-in-1-150K-Puffs-Rechargeable-Disposable-Vape-Flavors-4-1-800x800.jpg 800w, https:\/\/fizzyvape.eu\/wp-content\/uploads\/2026\/01\/Fizzy-15-in-1-150K-Puffs-Rechargeable-Disposable-Vape-Flavors-4-1-300x300.jpg 300w, https:\/\/fizzyvape.eu\/wp-content\/uploads\/2026\/01\/Fizzy-15-in-1-150K-Puffs-Rechargeable-Disposable-Vape-Flavors-4-1-150x150.jpg 150w, https:\/\/fizzyvape.eu\/wp-content\/uploads\/2026\/01\/Fizzy-15-in-1-150K-Puffs-Rechargeable-Disposable-Vape-Flavors-4-1-768x768.jpg 768w, https:\/\/fizzyvape.eu\/wp-content\/uploads\/2026\/01\/Fizzy-15-in-1-150K-Puffs-Rechargeable-Disposable-Vape-Flavors-4-1-100x100.jpg 100w, https:\/\/fizzyvape.eu\/wp-content\/uploads\/2026\/01\/Fizzy-15-in-1-150K-Puffs-Rechargeable-Disposable-Vape-Flavors-4-1-200x200.jpg 200w, https:\/\/fizzyvape.eu\/wp-content\/uploads\/2026\/01\/Fizzy-15-in-1-150K-Puffs-Rechargeable-Disposable-Vape-Flavors-4-1-400x400.jpg 400w, https:\/\/fizzyvape.eu\/wp-content\/uploads\/2026\/01\/Fizzy-15-in-1-150K-Puffs-Rechargeable-Disposable-Vape-Flavors-4-1-500x500.jpg 500w, https:\/\/fizzyvape.eu\/wp-content\/uploads\/2026\/01\/Fizzy-15-in-1-150K-Puffs-Rechargeable-Disposable-Vape-Flavors-4-1-430x430.jpg 430w, https:\/\/fizzyvape.eu\/wp-content\/uploads\/2026\/01\/Fizzy-15-in-1-150K-Puffs-Rechargeable-Disposable-Vape-Flavors-4-1-700x700.jpg 700w, https:\/\/fizzyvape.eu\/wp-content\/uploads\/2026\/01\/Fizzy-15-in-1-150K-Puffs-Rechargeable-Disposable-Vape-Flavors-4-1.jpg 1000w\" sizes=\"(max-width: 800px) 100vw, 800px\" \/><\/p>\n<h2>Fizzy 150K Puffs &#8211; Strawberry Kiwi &amp; Mixed Berry &amp; Watermelon Bubblegum &amp; Juicy Peach<\/h2>\n<p><b>150 000 puff\u00f3w. 15 smak\u00f3w. Ostateczna s\u0142odka ucieczka.  <\/b><\/p>\n<p>Poznaj przysz\u0142o\u015b\u0107 waporyzacji dzi\u0119ki <b>Fizzy 150K Puffs<\/b>. To nie tylko waporyzator; to zaawansowana technologicznie stacja smakowa o ogromnej <b>pojemno\u015bci 80 ml<\/b> i pierwszym na \u015bwiecie <b>inteligentnym systemie prze\u0142\u0105czania 15 w 1<\/b>. Ta specjalna edycja jest przeznaczona dla mi\u0142o\u015bnik\u00f3w s\u0142odkich, soczystych i inspirowanych cukierkami profili, zapewniaj\u0105c tygodnie wysokiej jako\u015bci pary w jednym eleganckim urz\u0105dzeniu.  <\/p>\n<h2><b>Paleta smak\u00f3w 4-Pod<\/b><\/h2>\n<p>Ta jednostka Fizzy 150K zawiera cztery legendarne smaki bazowe. Mo\u017cna je wapowa\u0107 pojedynczo lub u\u017cy\u0107 prze\u0142\u0105cznika, aby <b>po\u0142\u0105czy\u0107 je w 15 r\u00f3\u017cnych smak\u00f3w hybrydowych<\/b>: <\/p>\n<ul>\n<li><b>Strawberry Kiwi:<\/b> Idealna r\u00f3wnowaga dojrza\u0142ych w s\u0142o\u0144cu truskawek i pikantnego kiwi.<\/li>\n<li><b>Mixed Berry:<\/b> Bogata, ciemna mieszanka le\u015bnych je\u017cyn, malin i jag\u00f3d.<\/li>\n<li><b>Watermelon Bubblegum:<\/b> Nostalgiczny, s\u0142odki przysmak z orze\u017awiaj\u0105cym arbuzowym akcentem.<\/li>\n<li><b>Soczysta brzoskwinia:<\/b> Mi\u0119kki, aksamitny i pe\u0142en s\u0142odkiego nektaru brzoskwiniowego.<\/li>\n<\/ul>\n<p><img decoding=\"async\" class=\"wp-image-38407 size-full\" src=\"https:\/\/fizzyvape.eu\/wp-content\/uploads\/2025\/12\/Fizzy-150K-Puffs-Disposable-Vape-5-scaled.jpg\" alt=\"Fizzy 150K Puffs jednorazowe Vape - 5\" width=\"1663\" height=\"2560\" srcset=\"https:\/\/fizzyvape.eu\/wp-content\/uploads\/2025\/12\/Fizzy-150K-Puffs-Disposable-Vape-5-scaled.jpg 1663w, https:\/\/fizzyvape.eu\/wp-content\/uploads\/2025\/12\/Fizzy-150K-Puffs-Disposable-Vape-5-195x300.jpg 195w, https:\/\/fizzyvape.eu\/wp-content\/uploads\/2025\/12\/Fizzy-150K-Puffs-Disposable-Vape-5-520x800.jpg 520w, https:\/\/fizzyvape.eu\/wp-content\/uploads\/2025\/12\/Fizzy-150K-Puffs-Disposable-Vape-5-768x1182.jpg 768w, https:\/\/fizzyvape.eu\/wp-content\/uploads\/2025\/12\/Fizzy-150K-Puffs-Disposable-Vape-5-998x1536.jpg 998w, https:\/\/fizzyvape.eu\/wp-content\/uploads\/2025\/12\/Fizzy-150K-Puffs-Disposable-Vape-5-1330x2048.jpg 1330w, https:\/\/fizzyvape.eu\/wp-content\/uploads\/2025\/12\/Fizzy-150K-Puffs-Disposable-Vape-5-430x662.jpg 430w, https:\/\/fizzyvape.eu\/wp-content\/uploads\/2025\/12\/Fizzy-150K-Puffs-Disposable-Vape-5-700x1078.jpg 700w, https:\/\/fizzyvape.eu\/wp-content\/uploads\/2025\/12\/Fizzy-150K-Puffs-Disposable-Vape-5-150x231.jpg 150w\" sizes=\"(max-width: 1663px) 100vw, 1663px\" \/><\/p>\n<h2><b>Specyfikacja<\/b><\/h2>\n<table>\n<thead>\n<tr>\n<td><strong>Funkcja<\/strong><\/td>\n<td><strong>Dane techniczne B2B<\/strong><\/td>\n<\/tr>\n<\/thead>\n<tbody>\n<tr>\n<td><b>Liczba zaci\u0105gni\u0119\u0107<\/b><\/td>\n<td>Do 150 000 zaci\u0105gni\u0119\u0107<\/td>\n<\/tr>\n<tr>\n<td><b>Pojemno\u015b\u0107 e-p\u0142ynu<\/b><\/td>\n<td><b>\u0141\u0105cznie 80 ml (20 ml x 4 niezale\u017cne kapsu\u0142ki)<\/b><\/td>\n<\/tr>\n<tr>\n<td><b>Bateria<\/b><\/td>\n<td>1000 mAh Pure Cobalt (akumulator typu C)<\/td>\n<\/tr>\n<tr>\n<td><b>Tryby smaku<\/b><\/td>\n<td><b>15 inteligentnych kombinacji (A\/B\/C\/D + hybrydy)<\/b><\/td>\n<\/tr>\n<tr>\n<td><b>System cewek<\/b><\/td>\n<td>Quad-Mesh 1.0\u03a9 (wysoka sp\u00f3jno\u015b\u0107 dostarczania)<\/td>\n<\/tr>\n<tr>\n<td><b>Opakowania<\/b><\/td>\n<td>Gotowe do sprzeda\u017cy detalicznej pude\u0142ka ekspozycyjne<\/td>\n<\/tr>\n<\/tbody>\n<\/table>\n<h2><b>\ud83c\udfa8Fizzy<\/b>15-in-1 150K Puffs <strong>Jednorazowy<\/strong> akumulator <strong>Vape Lista smak\u00f3w:<\/strong><\/h2>\n<ol>\n<li><a href=\"https:\/\/fizzyvape.eu\/pl\/produkt\/150k-puffs-watermelon-ice-red-bull-strawberry-raspberry-triple-melon-ice\/\">l\u00f3d arbuzowy &amp; red bull &amp; malina truskawkowa &amp; potr\u00f3jny l\u00f3d melonowy<\/a><\/li>\n<li><a href=\"https:\/\/fizzyvape.eu\/pl\/produkt\/150k-puffs-strawberry-ice-kiwi-passion-fruit-guava-peach-mango-watermelon-grape-burst\/\">l\u00f3d truskawkowy i kiwi marakuja guawa i brzoskwinia mango arbuz i winogrono burst<\/a><\/li>\n<li><a href=\"https:\/\/fizzyvape.eu\/pl\/produkt\/150k-puffs-red-bull-strawberry-kiwi-pomegranate-blueberry-ice-pineapple-coconut\/\">red bull &amp; truskawka kiwi granat &amp; jagoda l\u00f3d &amp; ananas kokos<\/a><\/li>\n<li><a href=\"https:\/\/fizzyvape.eu\/pl\/produkt\/150k-puffs-truskawka-kiwi-mixed-berry-arbuz-bubblegum-soczysta-brzoskwinia\/\">truskawka kiwi &amp; mieszanka jag\u00f3d &amp; arbuz bubblegum &amp; soczysta brzoskwinia<\/a><\/li>\n<li><a href=\"https:\/\/fizzyvape.eu\/pl\/produkt\/150k-puffs-blueberry-raspberry-strawberry-ice-blue-razz-lemonade-watermelon-gummy-bear\/\">jagoda malina &amp; truskawka ice &amp; lemoniada blue razz &amp; arbuz gummy bear<\/a><\/li>\n<li><a href=\"https:\/\/fizzyvape.eu\/produkt\/fizzy-150k-puffs-tropical-fruit-punch-set\/\">poncz z owoc\u00f3w tropikalnych &amp; arbuz malina &amp; jagoda kokos &amp; truskawka skittles<\/a><\/li>\n<li><a href=\"https:\/\/fizzyvape.eu\/produkt\/fizzy-150k-puffs-love-66-strawberry-kiwi-set\/\">love 66 &amp; truskawka kiwi &amp; arbuz jagoda &amp; malina lemoniada<\/a><\/li>\n<li><a href=\"https:\/\/fizzyvape.eu\/produkt\/fizzy-150k-puffs-fizzy-cola-berry-set\/\">mieszanka jag\u00f3d i ananasa brzoskwinia marakuja i gazowana cola truskawka malina<\/a><\/li>\n<li><a href=\"https:\/\/fizzyvape.eu\/produkt\/fizzy-150k-puffs-blue-razz-raspberry-set\/\">blue razz rapsberry &amp; watermelon cherry ice &amp; strawberry grape &amp;passion fruit orange peach<\/a><\/li>\n<li><a href=\"https:\/\/fizzyvape.eu\/produkt\/fizzy-150k-puffs-fizzy-cherry-citrus-set\/\">musuj\u0105ca wi\u015bnia &amp; truskawka smoczy owoc &amp; cytryna limonka &amp; arbuz jagoda<\/a><\/li>\n<li><a href=\"https:\/\/fizzyvape.eu\/produkt\/fizzy-150k-puffs-vanilla-coke-berry-set\/\">truskawka z col\u0105 waniliow\u0105 &amp; malina z jagodami &amp; arbuz z lodem &amp; wi\u015bnia z jagodami<\/a><\/li>\n<li><a href=\"https:\/\/fizzyvape.eu\/produkt\/fizzy-150k-puffs-mojito-ice-set\/\">l\u00f3d jagodowy &amp; truskawka arbuz &amp; mojito &amp; kiwi marakuja guawa<\/a><\/li>\n<\/ol>\n<h2><b>\ud83d\udc8e Dlaczego Fizzy 150K zmienia zasady gry?<\/b><\/h2>\n<ul>\n<li><b>150 000 zaci\u0105gni\u0119\u0107:<\/b> Najd\u0142u\u017cej dzia\u0142aj\u0105cy waporyzator na rynku. Jedno urz\u0105dzenie zast\u0119puje tygodnie standardowych jednoraz\u00f3wek. <\/li>\n<li><b>Smaki 15 w 1:<\/b> 4 niezale\u017cne kapsu\u0142ki w jednym urz\u0105dzeniu. B\u0142yskawicznie zmieniaj smaki lub tw\u00f3rz mieszanki hybrydowe. <\/li>\n<li><b>Inteligentny ekran:<\/b> Wy\u015bwietlacz LED o wysokiej rozdzielczo\u015bci pokazuje <b>% baterii<\/b> i <b>poziom soku<\/b> dla ka\u017cdej z 4 kapsu\u0142ek.<\/li>\n<li><b>Technologia Quad-Mesh:<\/b> 4 dedykowane cewki zapewniaj\u0105, \u017ce Peach nigdy nie smakuje jak Berry. Czysty smak od pocz\u0105tku do ko\u0144ca. <\/li>\n<li><b>Szybkie \u0142adowanie:<\/b> bateria 1000 mAh z szybkim \u0142adowaniem typu C, aby\u015b m\u00f3g\u0142 wapowa\u0107 bez czekania<b>.<\/b> <\/li>\n<\/ul>\n<h2><b>Szybkie FAQ<\/b><\/h2>\n<p><b>P: Jak zmieni\u0107 smak?<\/b><\/p>\n<p>O: Wystarczy u\u017cy\u0107 prze\u0142\u0105cznika na urz\u0105dzeniu! Mo\u017cesz wybra\u0107 kapsu\u0142k\u0119 A, B, C lub D lub wybra\u0107 tryb &#8220;Combo&#8221;, aby zmiesza\u0107 ze sob\u0105 dwa lub wi\u0119cej smak\u00f3w. <\/p>\n<p><b>P: Sk\u0105d mam wiedzie\u0107, kiedy jest pusty?<\/b><\/p>\n<p>O: Ekran Smart LED pokazuje cztery indywidualne paski dla e-cieczy. Gdy pasek osi\u0105gnie 0%, oznacza to, \u017ce dana kapsu\u0142ka smakowa jest gotowa. <\/p>\n<p><b>P: Czy jest autentyczny?<\/b><\/p>\n<p>Tak! Ka\u017cdy Fizzy 150K sprzedawany za po\u015brednictwem naszego sklepu posiada unikalny kod zdrapki zabezpieczaj\u0105cej w celu oficjalnego uwierzytelnienia. <\/p>\n","protected":false},"excerpt":{"rendered":"[html_block id=\"38779\"]\n","protected":false},"featured_media":38838,"comment_status":"open","ping_status":"closed","template":"","meta":{"iawp_total_views":3},"product_brand":[],"product_cat":[998],"product_tag":[],"class_list":{"0":"post-39030","1":"product","2":"type-product","3":"status-publish","4":"has-post-thumbnail","6":"product_cat-fizzy-150k-150-000-zaciagniec-15-w-1-jednorazowy-ladowalny-e-papieros","8":"first","9":"instock","10":"sale","11":"shipping-taxable","12":"purchasable","13":"product-type-variable"},"yoast_head":"<!-- This site is optimized with the Yoast SEO Premium plugin v24.8 (Yoast SEO v27.4) - https:\/\/yoast.com\/product\/yoast-seo-premium-wordpress\/ -->\n<title>Strawberry Kiwi &amp; Mixed Berry | Fizzy 150K Puffs - smaki 15 w 1<\/title>\n<meta name=\"description\" content=\"Taste Fizzy 150K Puffs jednorazowe vape z truskawk\u0105 kiwi, mieszank\u0105 jag\u00f3d, arbuzem Bubblegum i soczyst\u0105 brzoskwini\u0105. Akumulator, g\u0142adkie uderzenia, odwa\u017cna s\u0142odycz.\" \/>\n<meta name=\"robots\" content=\"index, follow, max-snippet:-1, max-image-preview:large, max-video-preview:-1\" \/>\n<link rel=\"canonical\" href=\"https:\/\/fizzyvape.eu\/pl\/produkt\/150k-puffs-truskawka-kiwi-mixed-berry-arbuz-bubblegum-soczysta-brzoskwinia\/\" \/>\n<meta property=\"og:locale\" content=\"pl_PL\" \/>\n<meta property=\"og:type\" content=\"article\" \/>\n<meta property=\"og:title\" content=\"150K Puffs - Truskawka Kiwi &amp; Mixed Berry &amp; Arbuz Bubblegum &amp; Soczysta Brzoskwinia\" \/>\n<meta property=\"og:description\" content=\"Taste Fizzy 150K Puffs jednorazowe vape z truskawk\u0105 kiwi, mieszank\u0105 jag\u00f3d, arbuzem Bubblegum i soczyst\u0105 brzoskwini\u0105. Akumulator, g\u0142adkie uderzenia, odwa\u017cna s\u0142odycz.\" \/>\n<meta property=\"og:url\" content=\"https:\/\/fizzyvape.eu\/pl\/produkt\/150k-puffs-truskawka-kiwi-mixed-berry-arbuz-bubblegum-soczysta-brzoskwinia\/\" \/>\n<meta property=\"og:site_name\" content=\"fizzyvape.eu\" \/>\n<meta property=\"og:image\" content=\"https:\/\/fizzyvape.eu\/wp-content\/uploads\/2026\/01\/Fizzy-15-in-1-150K-Puffs-Rechargeable-Disposable-Vape-Flavors-4-1.jpg\" \/>\n\t<meta property=\"og:image:width\" content=\"1000\" \/>\n\t<meta property=\"og:image:height\" content=\"1000\" \/>\n\t<meta property=\"og:image:type\" content=\"image\/jpeg\" \/>\n<meta name=\"twitter:card\" content=\"summary_large_image\" \/>\n<meta name=\"twitter:label1\" content=\"Dost\u0119pno\u015b\u0107\" \/>\n\t<meta name=\"twitter:data1\" content=\"Dost\u0119pny\" \/>\n<script type=\"application\/ld+json\" class=\"yoast-schema-graph\">{\"@context\":\"https:\\\/\\\/schema.org\",\"@graph\":[{\"@type\":\"WebPage\",\"@id\":\"https:\\\/\\\/fizzyvape.eu\\\/pl\\\/produkt\\\/150k-puffs-truskawka-kiwi-mixed-berry-arbuz-bubblegum-soczysta-brzoskwinia\\\/\",\"url\":\"https:\\\/\\\/fizzyvape.eu\\\/pl\\\/produkt\\\/150k-puffs-truskawka-kiwi-mixed-berry-arbuz-bubblegum-soczysta-brzoskwinia\\\/\",\"name\":\"Strawberry Kiwi & Mixed Berry | Fizzy 150K Puffs - smaki 15 w 1\",\"isPartOf\":{\"@id\":\"https:\\\/\\\/www.fizzyvape.eu\\\/pl\\\/#website\"},\"primaryImageOfPage\":{\"@id\":\"https:\\\/\\\/fizzyvape.eu\\\/pl\\\/produkt\\\/150k-puffs-truskawka-kiwi-mixed-berry-arbuz-bubblegum-soczysta-brzoskwinia\\\/#primaryimage\"},\"image\":{\"@id\":\"https:\\\/\\\/fizzyvape.eu\\\/pl\\\/produkt\\\/150k-puffs-truskawka-kiwi-mixed-berry-arbuz-bubblegum-soczysta-brzoskwinia\\\/#primaryimage\"},\"thumbnailUrl\":\"https:\\\/\\\/fizzyvape.eu\\\/wp-content\\\/uploads\\\/2026\\\/01\\\/Fizzy-15-in-1-150K-Puffs-Rechargeable-Disposable-Vape-Flavors-4-1.jpg\",\"datePublished\":\"2026-01-19T09:53:48+00:00\",\"description\":\"Taste Fizzy 150K Puffs jednorazowe vape z truskawk\u0105 kiwi, mieszank\u0105 jag\u00f3d, arbuzem Bubblegum i soczyst\u0105 brzoskwini\u0105. Akumulator, g\u0142adkie uderzenia, odwa\u017cna s\u0142odycz.\",\"breadcrumb\":{\"@id\":\"https:\\\/\\\/fizzyvape.eu\\\/pl\\\/produkt\\\/150k-puffs-truskawka-kiwi-mixed-berry-arbuz-bubblegum-soczysta-brzoskwinia\\\/#breadcrumb\"},\"inLanguage\":\"pl-PL\",\"potentialAction\":[{\"@type\":\"ReadAction\",\"target\":[\"https:\\\/\\\/fizzyvape.eu\\\/pl\\\/produkt\\\/150k-puffs-truskawka-kiwi-mixed-berry-arbuz-bubblegum-soczysta-brzoskwinia\\\/\"]}]},{\"@type\":\"ImageObject\",\"inLanguage\":\"pl-PL\",\"@id\":\"https:\\\/\\\/fizzyvape.eu\\\/pl\\\/produkt\\\/150k-puffs-truskawka-kiwi-mixed-berry-arbuz-bubblegum-soczysta-brzoskwinia\\\/#primaryimage\",\"url\":\"https:\\\/\\\/fizzyvape.eu\\\/wp-content\\\/uploads\\\/2026\\\/01\\\/Fizzy-15-in-1-150K-Puffs-Rechargeable-Disposable-Vape-Flavors-4-1.jpg\",\"contentUrl\":\"https:\\\/\\\/fizzyvape.eu\\\/wp-content\\\/uploads\\\/2026\\\/01\\\/Fizzy-15-in-1-150K-Puffs-Rechargeable-Disposable-Vape-Flavors-4-1.jpg\",\"width\":1000,\"height\":1000,\"caption\":\"Fizzy 15-in-1 150K Puffs Jednorazowy akumulator Vape Smaki 4\"},{\"@type\":\"BreadcrumbList\",\"@id\":\"https:\\\/\\\/fizzyvape.eu\\\/pl\\\/produkt\\\/150k-puffs-truskawka-kiwi-mixed-berry-arbuz-bubblegum-soczysta-brzoskwinia\\\/#breadcrumb\",\"itemListElement\":[{\"@type\":\"ListItem\",\"position\":1,\"name\":\"Home\",\"item\":\"https:\\\/\\\/fizzyvape.eu\\\/pl\\\/\"},{\"@type\":\"ListItem\",\"position\":2,\"name\":\"Sklep\",\"item\":\"https:\\\/\\\/fizzyvape.eu\\\/pl\\\/sklep\\\/\"},{\"@type\":\"ListItem\",\"position\":3,\"name\":\"150K Puffs &#8211; Truskawka Kiwi &amp; Mixed Berry &amp; Arbuz Bubblegum &amp; Soczysta Brzoskwinia\"}]},{\"@type\":\"WebSite\",\"@id\":\"https:\\\/\\\/www.fizzyvape.eu\\\/pl\\\/#website\",\"url\":\"https:\\\/\\\/www.fizzyvape.eu\\\/pl\\\/\",\"name\":\"fizzyvape.eu\",\"description\":\"Refreshing Vapes. Unforgettable Taste.\",\"publisher\":{\"@id\":\"https:\\\/\\\/www.fizzyvape.eu\\\/pl\\\/#organization\"},\"potentialAction\":[{\"@type\":\"SearchAction\",\"target\":{\"@type\":\"EntryPoint\",\"urlTemplate\":\"https:\\\/\\\/www.fizzyvape.eu\\\/pl\\\/?s={search_term_string}\"},\"query-input\":{\"@type\":\"PropertyValueSpecification\",\"valueRequired\":true,\"valueName\":\"search_term_string\"}}],\"inLanguage\":\"pl-PL\"},{\"@type\":\"Organization\",\"@id\":\"https:\\\/\\\/www.fizzyvape.eu\\\/pl\\\/#organization\",\"name\":\"fizzyvape.eu\",\"url\":\"https:\\\/\\\/www.fizzyvape.eu\\\/pl\\\/\",\"logo\":{\"@type\":\"ImageObject\",\"inLanguage\":\"pl-PL\",\"@id\":\"https:\\\/\\\/www.fizzyvape.eu\\\/pl\\\/#\\\/schema\\\/logo\\\/image\\\/\",\"url\":\"https:\\\/\\\/fizzyvape.eu\\\/wp-content\\\/uploads\\\/2019\\\/06\\\/print-1.svg\",\"contentUrl\":\"https:\\\/\\\/fizzyvape.eu\\\/wp-content\\\/uploads\\\/2019\\\/06\\\/print-1.svg\",\"width\":124,\"height\":37,\"caption\":\"fizzyvape.eu\"},\"image\":{\"@id\":\"https:\\\/\\\/www.fizzyvape.eu\\\/pl\\\/#\\\/schema\\\/logo\\\/image\\\/\"}}]}<\/script>\n<meta property=\"og:availability\" content=\"instock\" \/>\n<meta property=\"product:availability\" content=\"instock\" \/>\n<meta property=\"product:condition\" content=\"new\" \/>\n<!-- \/ Yoast SEO Premium plugin. -->","yoast_head_json":{"title":"Strawberry Kiwi & Mixed Berry | Fizzy 150K Puffs - smaki 15 w 1","description":"Taste Fizzy 150K Puffs jednorazowe vape z truskawk\u0105 kiwi, mieszank\u0105 jag\u00f3d, arbuzem Bubblegum i soczyst\u0105 brzoskwini\u0105. Akumulator, g\u0142adkie uderzenia, odwa\u017cna s\u0142odycz.","robots":{"index":"index","follow":"follow","max-snippet":"max-snippet:-1","max-image-preview":"max-image-preview:large","max-video-preview":"max-video-preview:-1"},"canonical":"https:\/\/fizzyvape.eu\/pl\/produkt\/150k-puffs-truskawka-kiwi-mixed-berry-arbuz-bubblegum-soczysta-brzoskwinia\/","og_locale":"pl_PL","og_type":"article","og_title":"150K Puffs - Truskawka Kiwi &amp; Mixed Berry &amp; Arbuz Bubblegum &amp; Soczysta Brzoskwinia","og_description":"Taste Fizzy 150K Puffs jednorazowe vape z truskawk\u0105 kiwi, mieszank\u0105 jag\u00f3d, arbuzem Bubblegum i soczyst\u0105 brzoskwini\u0105. Akumulator, g\u0142adkie uderzenia, odwa\u017cna s\u0142odycz.","og_url":"https:\/\/fizzyvape.eu\/pl\/produkt\/150k-puffs-truskawka-kiwi-mixed-berry-arbuz-bubblegum-soczysta-brzoskwinia\/","og_site_name":"fizzyvape.eu","og_image":[{"width":1000,"height":1000,"url":"https:\/\/fizzyvape.eu\/wp-content\/uploads\/2026\/01\/Fizzy-15-in-1-150K-Puffs-Rechargeable-Disposable-Vape-Flavors-4-1.jpg","type":"image\/jpeg"}],"twitter_card":"summary_large_image","twitter_misc":{"Dost\u0119pno\u015b\u0107":"Dost\u0119pny"},"schema":{"@context":"https:\/\/schema.org","@graph":[{"@type":"WebPage","@id":"https:\/\/fizzyvape.eu\/pl\/produkt\/150k-puffs-truskawka-kiwi-mixed-berry-arbuz-bubblegum-soczysta-brzoskwinia\/","url":"https:\/\/fizzyvape.eu\/pl\/produkt\/150k-puffs-truskawka-kiwi-mixed-berry-arbuz-bubblegum-soczysta-brzoskwinia\/","name":"Strawberry Kiwi & Mixed Berry | Fizzy 150K Puffs - smaki 15 w 1","isPartOf":{"@id":"https:\/\/www.fizzyvape.eu\/pl\/#website"},"primaryImageOfPage":{"@id":"https:\/\/fizzyvape.eu\/pl\/produkt\/150k-puffs-truskawka-kiwi-mixed-berry-arbuz-bubblegum-soczysta-brzoskwinia\/#primaryimage"},"image":{"@id":"https:\/\/fizzyvape.eu\/pl\/produkt\/150k-puffs-truskawka-kiwi-mixed-berry-arbuz-bubblegum-soczysta-brzoskwinia\/#primaryimage"},"thumbnailUrl":"https:\/\/fizzyvape.eu\/wp-content\/uploads\/2026\/01\/Fizzy-15-in-1-150K-Puffs-Rechargeable-Disposable-Vape-Flavors-4-1.jpg","datePublished":"2026-01-19T09:53:48+00:00","description":"Taste Fizzy 150K Puffs jednorazowe vape z truskawk\u0105 kiwi, mieszank\u0105 jag\u00f3d, arbuzem Bubblegum i soczyst\u0105 brzoskwini\u0105. Akumulator, g\u0142adkie uderzenia, odwa\u017cna s\u0142odycz.","breadcrumb":{"@id":"https:\/\/fizzyvape.eu\/pl\/produkt\/150k-puffs-truskawka-kiwi-mixed-berry-arbuz-bubblegum-soczysta-brzoskwinia\/#breadcrumb"},"inLanguage":"pl-PL","potentialAction":[{"@type":"ReadAction","target":["https:\/\/fizzyvape.eu\/pl\/produkt\/150k-puffs-truskawka-kiwi-mixed-berry-arbuz-bubblegum-soczysta-brzoskwinia\/"]}]},{"@type":"ImageObject","inLanguage":"pl-PL","@id":"https:\/\/fizzyvape.eu\/pl\/produkt\/150k-puffs-truskawka-kiwi-mixed-berry-arbuz-bubblegum-soczysta-brzoskwinia\/#primaryimage","url":"https:\/\/fizzyvape.eu\/wp-content\/uploads\/2026\/01\/Fizzy-15-in-1-150K-Puffs-Rechargeable-Disposable-Vape-Flavors-4-1.jpg","contentUrl":"https:\/\/fizzyvape.eu\/wp-content\/uploads\/2026\/01\/Fizzy-15-in-1-150K-Puffs-Rechargeable-Disposable-Vape-Flavors-4-1.jpg","width":1000,"height":1000,"caption":"Fizzy 15-in-1 150K Puffs Jednorazowy akumulator Vape Smaki 4"},{"@type":"BreadcrumbList","@id":"https:\/\/fizzyvape.eu\/pl\/produkt\/150k-puffs-truskawka-kiwi-mixed-berry-arbuz-bubblegum-soczysta-brzoskwinia\/#breadcrumb","itemListElement":[{"@type":"ListItem","position":1,"name":"Home","item":"https:\/\/fizzyvape.eu\/pl\/"},{"@type":"ListItem","position":2,"name":"Sklep","item":"https:\/\/fizzyvape.eu\/pl\/sklep\/"},{"@type":"ListItem","position":3,"name":"150K Puffs &#8211; Truskawka Kiwi &amp; Mixed Berry &amp; Arbuz Bubblegum &amp; Soczysta Brzoskwinia"}]},{"@type":"WebSite","@id":"https:\/\/www.fizzyvape.eu\/pl\/#website","url":"https:\/\/www.fizzyvape.eu\/pl\/","name":"fizzyvape.eu","description":"Refreshing Vapes. Unforgettable Taste.","publisher":{"@id":"https:\/\/www.fizzyvape.eu\/pl\/#organization"},"potentialAction":[{"@type":"SearchAction","target":{"@type":"EntryPoint","urlTemplate":"https:\/\/www.fizzyvape.eu\/pl\/?s={search_term_string}"},"query-input":{"@type":"PropertyValueSpecification","valueRequired":true,"valueName":"search_term_string"}}],"inLanguage":"pl-PL"},{"@type":"Organization","@id":"https:\/\/www.fizzyvape.eu\/pl\/#organization","name":"fizzyvape.eu","url":"https:\/\/www.fizzyvape.eu\/pl\/","logo":{"@type":"ImageObject","inLanguage":"pl-PL","@id":"https:\/\/www.fizzyvape.eu\/pl\/#\/schema\/logo\/image\/","url":"https:\/\/fizzyvape.eu\/wp-content\/uploads\/2019\/06\/print-1.svg","contentUrl":"https:\/\/fizzyvape.eu\/wp-content\/uploads\/2019\/06\/print-1.svg","width":124,"height":37,"caption":"fizzyvape.eu"},"image":{"@id":"https:\/\/www.fizzyvape.eu\/pl\/#\/schema\/logo\/image\/"}}]},"og_availability":"instock","product_availability":"instock","product_condition":"new"},"tiered_pricing_type":"fixed","tiered_pricing_fixed_rules":[],"tiered_pricing_product_settings":{"layout":"default","base_unit_name":{"singular":null,"plural":null},"default_variation":null},"tiered_pricing_minimum_quantity":null,"tiered_pricing_roles_data":[],"tiered_pricing_percentage_rules":[],"tiered_pricing_maximum_quantity":null,"tiered_pricing_quantity_step":null,"_links":{"self":[{"href":"https:\/\/fizzyvape.eu\/pl\/wp-json\/wp\/v2\/product\/39030","targetHints":{"allow":["GET"]}}],"collection":[{"href":"https:\/\/fizzyvape.eu\/pl\/wp-json\/wp\/v2\/product"}],"about":[{"href":"https:\/\/fizzyvape.eu\/pl\/wp-json\/wp\/v2\/types\/product"}],"replies":[{"embeddable":true,"href":"https:\/\/fizzyvape.eu\/pl\/wp-json\/wp\/v2\/comments?post=39030"}],"version-history":[{"count":0,"href":"https:\/\/fizzyvape.eu\/pl\/wp-json\/wp\/v2\/product\/39030\/revisions"}],"wp:featuredmedia":[{"embeddable":true,"href":"https:\/\/fizzyvape.eu\/pl\/wp-json\/wp\/v2\/media\/38838"}],"wp:attachment":[{"href":"https:\/\/fizzyvape.eu\/pl\/wp-json\/wp\/v2\/media?parent=39030"}],"wp:term":[{"taxonomy":"product_brand","embeddable":true,"href":"https:\/\/fizzyvape.eu\/pl\/wp-json\/wp\/v2\/product_brand?post=39030"},{"taxonomy":"product_cat","embeddable":true,"href":"https:\/\/fizzyvape.eu\/pl\/wp-json\/wp\/v2\/product_cat?post=39030"},{"taxonomy":"product_tag","embeddable":true,"href":"https:\/\/fizzyvape.eu\/pl\/wp-json\/wp\/v2\/product_tag?post=39030"}],"curies":[{"name":"wp","href":"https:\/\/api.w.org\/{rel}","templated":true}]}}