{"id":39066,"date":"2026-01-19T18:20:30","date_gmt":"2026-01-19T10:20:30","guid":{"rendered":"https:\/\/fizzyvape.eu\/product\/150k-puffs-tropical-fruit-punch-watermelon-raspberry-blueberry-coconut-strawberry-skittles\/"},"modified":"2026-01-19T18:20:30","modified_gmt":"2026-01-19T10:20:30","slug":"150k-puffs-tropical-fruit-punch-watermelon-raspberry-blueberry-coconut-strawberry-skittles","status":"publish","type":"product","link":"https:\/\/fizzyvape.eu\/pl\/produkt\/150k-puffs-tropical-fruit-punch-watermelon-raspberry-blueberry-coconut-strawberry-skittles\/","title":{"rendered":"150K Puffs &#8211; Tropical Fruit Punch &amp; Watermelon Raspberry &amp; Blueberry Coconut &amp; Strawberry Skittles"},"content":{"rendered":"<p><img decoding=\"async\" class=\"wp-image-38851 size-large\" src=\"https:\/\/fizzyvape.eu\/wp-content\/uploads\/2026\/01\/Fizzy-15-in-1-150K-Puffs-Rechargeable-Disposable-Vape-Flavors-6-1-800x800.jpg\" alt=\"Fizzy 15-in-1 150K Puffs Jednorazowy akumulator Vape Smaki 6\" width=\"800\" height=\"800\" srcset=\"https:\/\/fizzyvape.eu\/wp-content\/uploads\/2026\/01\/Fizzy-15-in-1-150K-Puffs-Rechargeable-Disposable-Vape-Flavors-6-1-800x800.jpg 800w, https:\/\/fizzyvape.eu\/wp-content\/uploads\/2026\/01\/Fizzy-15-in-1-150K-Puffs-Rechargeable-Disposable-Vape-Flavors-6-1-300x300.jpg 300w, https:\/\/fizzyvape.eu\/wp-content\/uploads\/2026\/01\/Fizzy-15-in-1-150K-Puffs-Rechargeable-Disposable-Vape-Flavors-6-1-150x150.jpg 150w, https:\/\/fizzyvape.eu\/wp-content\/uploads\/2026\/01\/Fizzy-15-in-1-150K-Puffs-Rechargeable-Disposable-Vape-Flavors-6-1-768x768.jpg 768w, https:\/\/fizzyvape.eu\/wp-content\/uploads\/2026\/01\/Fizzy-15-in-1-150K-Puffs-Rechargeable-Disposable-Vape-Flavors-6-1-100x100.jpg 100w, https:\/\/fizzyvape.eu\/wp-content\/uploads\/2026\/01\/Fizzy-15-in-1-150K-Puffs-Rechargeable-Disposable-Vape-Flavors-6-1-200x200.jpg 200w, https:\/\/fizzyvape.eu\/wp-content\/uploads\/2026\/01\/Fizzy-15-in-1-150K-Puffs-Rechargeable-Disposable-Vape-Flavors-6-1-400x400.jpg 400w, https:\/\/fizzyvape.eu\/wp-content\/uploads\/2026\/01\/Fizzy-15-in-1-150K-Puffs-Rechargeable-Disposable-Vape-Flavors-6-1-500x500.jpg 500w, https:\/\/fizzyvape.eu\/wp-content\/uploads\/2026\/01\/Fizzy-15-in-1-150K-Puffs-Rechargeable-Disposable-Vape-Flavors-6-1-430x430.jpg 430w, https:\/\/fizzyvape.eu\/wp-content\/uploads\/2026\/01\/Fizzy-15-in-1-150K-Puffs-Rechargeable-Disposable-Vape-Flavors-6-1-700x700.jpg 700w, https:\/\/fizzyvape.eu\/wp-content\/uploads\/2026\/01\/Fizzy-15-in-1-150K-Puffs-Rechargeable-Disposable-Vape-Flavors-6-1.jpg 1000w\" sizes=\"(max-width: 800px) 100vw, 800px\" \/><\/p>\n<h2 data-start=\"5776\" data-end=\"5809\">Fizzy 150K Puffs <b>jednorazowe vape<\/b> &#8211; Tropical Fruit Punch &amp; Watermelon Raspberry &amp; Blueberry Coconut &amp; Strawberry Skittles<\/h2>\n<p><b>\ud83c\udfdd\ufe0f 150,000 Puffs. 15 smak\u00f3w. Jedna ostateczna tropikalna ucieczka.  <\/b><\/p>\n<p><b>Jednorazowy waporyzator Fizzy 150K Puffs<\/b> oficjalnie ustanowi\u0142 nowy globalny standard wytrzyma\u0142o\u015bci i r\u00f3\u017cnorodno\u015bci. Wyposa\u017cone w ogromny <b>zbiornik o pojemno\u015bci 80 ml<\/b> i opatentowany <b>inteligentny system prze\u0142\u0105czania 15 w 1<\/b>, to pot\u0119\u017cne urz\u0105dzenie zapewnia tygodnie najwy\u017cszej jako\u015bci pary. Ta konkretna edycja to raj dla mi\u0142o\u015bnik\u00f3w owoc\u00f3w, \u0142\u0105cz\u0105cy egzotyczne tropikalne uderzenia z nostalgiczn\u0105 s\u0142odycz\u0105 cukierk\u00f3w i kremowymi nutami kokosa.  <\/p>\n<hr>\n<h2><b>Paleta smak\u00f3w 4-Pod<\/b><\/h2>\n<p>Wewn\u0105trz tego <b>jednorazowego waporyzatora 150K Puffs<\/b> znajduj\u0105 si\u0119 cztery niezale\u017cne kapsu\u0142ki o pojemno\u015bci 20 ml. Mo\u017cesz cieszy\u0107 si\u0119 nimi solo lub u\u017cy\u0107 prze\u0142\u0105cznika, aby <b>po\u0142\u0105czy\u0107 je w 15 unikalnych kombinacji hybrydowych<\/b>: <\/p>\n<ul>\n<li><b>Tropical Fruit Punch:<\/b> Wibruj\u0105ca, zalana s\u0142o\u0144cem eksplozja ananasa, pomara\u0144czy i egzotycznych owoc\u00f3w.<\/li>\n<li><b>Watermelon Raspberry:<\/b> Orze\u017awiaj\u0105cy duet soczystego arbuza i cierpkich, dojrza\u0142ych malin.<\/li>\n<li><b>Blueberry Coconut:<\/b> G\u0142adka, kremowa mieszanka g\u00f3rskich jag\u00f3d i aksamitnego mleka kokosowego.<\/li>\n<li><b>Truskawkowe cukierki Skittles:<\/b> Nostalgiczny, s\u0142odki smak ulubionych t\u0119czowych cukierk\u00f3w owocowych.<\/li>\n<\/ul>\n<p><img decoding=\"async\" class=\"wp-image-38407 size-full\" src=\"https:\/\/fizzyvape.eu\/wp-content\/uploads\/2025\/12\/Fizzy-150K-Puffs-Disposable-Vape-5-scaled.jpg\" alt=\"Fizzy 150K Puffs jednorazowe Vape - 5\" width=\"1663\" height=\"2560\" srcset=\"https:\/\/fizzyvape.eu\/wp-content\/uploads\/2025\/12\/Fizzy-150K-Puffs-Disposable-Vape-5-scaled.jpg 1663w, https:\/\/fizzyvape.eu\/wp-content\/uploads\/2025\/12\/Fizzy-150K-Puffs-Disposable-Vape-5-195x300.jpg 195w, https:\/\/fizzyvape.eu\/wp-content\/uploads\/2025\/12\/Fizzy-150K-Puffs-Disposable-Vape-5-520x800.jpg 520w, https:\/\/fizzyvape.eu\/wp-content\/uploads\/2025\/12\/Fizzy-150K-Puffs-Disposable-Vape-5-768x1182.jpg 768w, https:\/\/fizzyvape.eu\/wp-content\/uploads\/2025\/12\/Fizzy-150K-Puffs-Disposable-Vape-5-998x1536.jpg 998w, https:\/\/fizzyvape.eu\/wp-content\/uploads\/2025\/12\/Fizzy-150K-Puffs-Disposable-Vape-5-1330x2048.jpg 1330w, https:\/\/fizzyvape.eu\/wp-content\/uploads\/2025\/12\/Fizzy-150K-Puffs-Disposable-Vape-5-430x662.jpg 430w, https:\/\/fizzyvape.eu\/wp-content\/uploads\/2025\/12\/Fizzy-150K-Puffs-Disposable-Vape-5-700x1078.jpg 700w, https:\/\/fizzyvape.eu\/wp-content\/uploads\/2025\/12\/Fizzy-150K-Puffs-Disposable-Vape-5-150x231.jpg 150w\" sizes=\"(max-width: 1663px) 100vw, 1663px\" \/><\/p>\n<h2><b>Specyfikacja<\/b><\/h2>\n<table>\n<thead>\n<tr>\n<td><strong>Funkcja<\/strong><\/td>\n<td><strong>Dane techniczne B2B<\/strong><\/td>\n<\/tr>\n<\/thead>\n<tbody>\n<tr>\n<td><b>Liczba zaci\u0105gni\u0119\u0107<\/b><\/td>\n<td>Do 150 000 zaci\u0105gni\u0119\u0107<\/td>\n<\/tr>\n<tr>\n<td><b>Pojemno\u015b\u0107 e-p\u0142ynu<\/b><\/td>\n<td><b>\u0141\u0105cznie 80 ml (20 ml x 4 niezale\u017cne kapsu\u0142ki)<\/b><\/td>\n<\/tr>\n<tr>\n<td><b>Bateria<\/b><\/td>\n<td>1000 mAh Pure Cobalt (akumulator typu C)<\/td>\n<\/tr>\n<tr>\n<td><b>Tryby smaku<\/b><\/td>\n<td><b>15 inteligentnych kombinacji (A\/B\/C\/D + hybrydy)<\/b><\/td>\n<\/tr>\n<tr>\n<td><b>System cewek<\/b><\/td>\n<td>Quad-Mesh 1.0\u03a9 (wysoka sp\u00f3jno\u015b\u0107 dostarczania)<\/td>\n<\/tr>\n<tr>\n<td><b>Opakowania<\/b><\/td>\n<td>Gotowe do sprzeda\u017cy detalicznej pude\u0142ka ekspozycyjne<\/td>\n<\/tr>\n<\/tbody>\n<\/table>\n<h2><b>\ud83c\udfa8Fizzy<\/b>15-in-1 150K Puffs <strong>Jednorazowy<\/strong> akumulator <strong>Vape Lista smak\u00f3w:<\/strong><\/h2>\n<ol>\n<li><a href=\"https:\/\/fizzyvape.eu\/pl\/produkt\/150k-puffs-watermelon-ice-red-bull-strawberry-raspberry-triple-melon-ice\/\">l\u00f3d arbuzowy &amp; red bull &amp; malina truskawkowa &amp; potr\u00f3jny l\u00f3d melonowy<\/a><\/li>\n<li><a href=\"https:\/\/fizzyvape.eu\/pl\/produkt\/150k-puffs-strawberry-ice-kiwi-passion-fruit-guava-peach-mango-watermelon-grape-burst\/\">l\u00f3d truskawkowy i kiwi marakuja guawa i brzoskwinia mango arbuz i winogrono burst<\/a><\/li>\n<li><a href=\"https:\/\/fizzyvape.eu\/pl\/produkt\/150k-puffs-red-bull-strawberry-kiwi-pomegranate-blueberry-ice-pineapple-coconut\/\">red bull &amp; truskawka kiwi granat &amp; jagoda l\u00f3d &amp; ananas kokos<\/a><\/li>\n<li><a href=\"https:\/\/fizzyvape.eu\/pl\/produkt\/150k-puffs-truskawka-kiwi-mixed-berry-arbuz-bubblegum-soczysta-brzoskwinia\/\">truskawka kiwi &amp; mieszanka jag\u00f3d &amp; arbuz bubblegum &amp; soczysta brzoskwinia<\/a><\/li>\n<li><a href=\"https:\/\/fizzyvape.eu\/pl\/produkt\/150k-puffs-blueberry-raspberry-strawberry-ice-blue-razz-lemonade-watermelon-gummy-bear\/\">jagoda malina &amp; truskawka ice &amp; lemoniada blue razz &amp; arbuz gummy bear<\/a><\/li>\n<li><a href=\"https:\/\/fizzyvape.eu\/pl\/produkt\/150k-puffs-tropical-fruit-punch-watermelon-raspberry-blueberry-coconut-strawberry-skittles\/\">poncz z owoc\u00f3w tropikalnych &amp; arbuz malina &amp; jagoda kokos &amp; truskawka skittles<\/a><\/li>\n<li><a href=\"https:\/\/fizzyvape.eu\/produkt\/fizzy-150k-puffs-love-66-strawberry-kiwi-set\/\">love 66 &amp; truskawka kiwi &amp; arbuz jagoda &amp; malina lemoniada<\/a><\/li>\n<li><a href=\"https:\/\/fizzyvape.eu\/produkt\/fizzy-150k-puffs-fizzy-cola-berry-set\/\">mieszanka jag\u00f3d i ananasa brzoskwinia marakuja i gazowana cola truskawka malina<\/a><\/li>\n<li><a href=\"https:\/\/fizzyvape.eu\/produkt\/fizzy-150k-puffs-blue-razz-raspberry-set\/\">blue razz rapsberry &amp; watermelon cherry ice &amp; strawberry grape &amp;passion fruit orange peach<\/a><\/li>\n<li><a href=\"https:\/\/fizzyvape.eu\/produkt\/fizzy-150k-puffs-fizzy-cherry-citrus-set\/\">musuj\u0105ca wi\u015bnia &amp; truskawka smoczy owoc &amp; cytryna limonka &amp; arbuz jagoda<\/a><\/li>\n<li><a href=\"https:\/\/fizzyvape.eu\/produkt\/fizzy-150k-puffs-vanilla-coke-berry-set\/\">truskawka z col\u0105 waniliow\u0105 &amp; malina z jagodami &amp; arbuz z lodem &amp; wi\u015bnia z jagodami<\/a><\/li>\n<li><a href=\"https:\/\/fizzyvape.eu\/produkt\/fizzy-150k-puffs-mojito-ice-set\/\">l\u00f3d jagodowy &amp; truskawka arbuz &amp; mojito &amp; kiwi marakuja guawa<\/a><\/li>\n<\/ol>\n<hr>\n<h2><b>Dlaczego Fizzy 150K to najlepszy wyb\u00f3r?<\/b><\/h2>\n<ul>\n<li><b>150 000 zaci\u0105gni\u0119\u0107:<\/b> Jest to <b>jednorazowy vape<\/b> o najwi\u0119kszej dost\u0119pnej pojemno\u015bci <b>150 000 Puffs<\/b>. Zast\u0119puje do 20-30 standardowych jednoraz\u00f3wek, oszcz\u0119dzaj\u0105c pieni\u0105dze i k\u0142opoty. <\/li>\n<li><b>Inteligentny prze\u0142\u0105cznik 15 w 1:<\/b> Prze\u0142\u0105czaj si\u0119 mi\u0119dzy 4 podstawowymi kapsu\u0142kami lub odblokuj &#8220;Tryby Combo&#8221;, aby natychmiast tworzy\u0107 w\u0142asne mieszanki owoc\u00f3w.<\/li>\n<li><b>Inteligentna inteligencja LED:<\/b> Ekran o wysokiej rozdzielczo\u015bci monitoruje <b>procent baterii<\/b> i <b>poziom soku<\/b> dla ka\u017cdego kapsu\u0142ki, dzi\u0119ki czemu nigdy nie zostaniesz zaskoczony.<\/li>\n<li><b>Wydajno\u015b\u0107 Quad-Mesh:<\/b> Wyposa\u017cony w <b>4 dedykowane cewki siatkowe (1,0 \u03a9<\/b>), dzi\u0119ki czemu Tropical Punch pozostaje chrupi\u0105cy, a kokos pozostaje kremowy bez mieszania si\u0119 smak\u00f3w.<\/li>\n<li><b>Szybkie \u0142adowanie:<\/b> Akumulator o pojemno\u015bci 1000 mAh z czystego kobaltu obs\u0142uguje szybkie \u0142adowanie typu C, zapewniaj\u0105c sta\u0142e dostarczanie energii.<\/li>\n<\/ul>\n<h2><b>\u2753 FAQ &#8211; <\/b> <b>Jednorazowy vape<\/b> 150K Puffs<\/h2>\n<p><b>P: Czy jednorazowy vape Fizzy 150K Puffs jest niepor\u0119czny?<\/b><\/p>\n<p>O: Pomimo ogromnej pojemno\u015bci 80 ml, posiada ergonomiczn\u0105 konstrukcj\u0119 &#8220;Smart Station&#8221;, kt\u00f3ra wygodnie mie\u015bci si\u0119 w d\u0142oni, dzi\u0119ki czemu jest znacznie bardziej przeno\u015bna ni\u017c noszenie 4 oddzielnych urz\u0105dze\u0144.<\/p>\n<p><b>P: Czy mog\u0119 zmiesza\u0107 Blueberry Coconut ze Strawberry Skittles?<\/b><\/p>\n<p>Tak! Inteligentny prze\u0142\u0105cznik pozwala aktywowa\u0107 wiele kapsu\u0142ek jednocze\u015bnie, tworz\u0105c unikalny kremowo-cukrowy smak hybrydowy. <\/p>\n<p><b>P: Sk\u0105d mam wiedzie\u0107, kiedy go na\u0142adowa\u0107?<\/b><\/p>\n<p>O: Inteligentny ekran LED wy\u015bwietla dok\u0142adny procent baterii. Zalecamy \u0142adowanie po osi\u0105gni\u0119ciu 10-20%, aby utrzyma\u0107 optymaln\u0105 g\u0119sto\u015b\u0107 pary. <\/p>\n","protected":false},"excerpt":{"rendered":"[html_block id=\"38779\"]\n","protected":false},"featured_media":38856,"comment_status":"open","ping_status":"closed","template":"","meta":{"iawp_total_views":2},"product_brand":[],"product_cat":[998],"product_tag":[],"class_list":{"0":"post-39066","1":"product","2":"type-product","3":"status-publish","4":"has-post-thumbnail","6":"product_cat-fizzy-150k-150-000-zaciagniec-15-w-1-jednorazowy-ladowalny-e-papieros","8":"first","9":"instock","10":"sale","11":"shipping-taxable","12":"purchasable","13":"product-type-variable"},"yoast_head":"<!-- This site is optimized with the Yoast SEO Premium plugin v24.8 (Yoast SEO v27.4) - https:\/\/yoast.com\/product\/yoast-seo-premium-wordpress\/ -->\n<title>Tropical Fruit Punch | Fizzy 150K Puffs Vape - smaki 15 w 1<\/title>\n<meta name=\"description\" content=\"Odkryj jednorazowe vape Fizzy 150K Puffs o smakach Tropical Fruit Punch, Watermelon Raspberry, Blueberry Coconut i Strawberry Skittles. 150 tysi\u0119cy zaci\u0105gni\u0119\u0107, smak premium.\" \/>\n<meta name=\"robots\" content=\"index, follow, max-snippet:-1, max-image-preview:large, max-video-preview:-1\" \/>\n<link rel=\"canonical\" href=\"https:\/\/fizzyvape.eu\/pl\/produkt\/150k-puffs-tropical-fruit-punch-watermelon-raspberry-blueberry-coconut-strawberry-skittles\/\" \/>\n<meta property=\"og:locale\" content=\"pl_PL\" \/>\n<meta property=\"og:type\" content=\"article\" \/>\n<meta property=\"og:title\" content=\"150K Puffs - Tropical Fruit Punch &amp; Watermelon Raspberry &amp; Blueberry Coconut &amp; Strawberry Skittles\" \/>\n<meta property=\"og:description\" content=\"Odkryj jednorazowe vape Fizzy 150K Puffs o smakach Tropical Fruit Punch, Watermelon Raspberry, Blueberry Coconut i Strawberry Skittles. 150 tysi\u0119cy zaci\u0105gni\u0119\u0107, smak premium.\" \/>\n<meta property=\"og:url\" content=\"https:\/\/fizzyvape.eu\/pl\/produkt\/150k-puffs-tropical-fruit-punch-watermelon-raspberry-blueberry-coconut-strawberry-skittles\/\" \/>\n<meta property=\"og:site_name\" content=\"fizzyvape.eu\" \/>\n<meta property=\"og:image\" content=\"https:\/\/fizzyvape.eu\/wp-content\/uploads\/2026\/01\/Fizzy-15-in-1-150K-Puffs-Rechargeable-Disposable-Vape-Flavors-6-1.jpg\" \/>\n\t<meta property=\"og:image:width\" content=\"1000\" \/>\n\t<meta property=\"og:image:height\" content=\"1000\" \/>\n\t<meta property=\"og:image:type\" content=\"image\/jpeg\" \/>\n<meta name=\"twitter:card\" content=\"summary_large_image\" \/>\n<meta name=\"twitter:label1\" content=\"Dost\u0119pno\u015b\u0107\" \/>\n\t<meta name=\"twitter:data1\" content=\"Dost\u0119pny\" \/>\n<script type=\"application\/ld+json\" class=\"yoast-schema-graph\">{\"@context\":\"https:\\\/\\\/schema.org\",\"@graph\":[{\"@type\":\"WebPage\",\"@id\":\"https:\\\/\\\/fizzyvape.eu\\\/pl\\\/produkt\\\/150k-puffs-tropical-fruit-punch-watermelon-raspberry-blueberry-coconut-strawberry-skittles\\\/\",\"url\":\"https:\\\/\\\/fizzyvape.eu\\\/pl\\\/produkt\\\/150k-puffs-tropical-fruit-punch-watermelon-raspberry-blueberry-coconut-strawberry-skittles\\\/\",\"name\":\"Tropical Fruit Punch | Fizzy 150K Puffs Vape - smaki 15 w 1\",\"isPartOf\":{\"@id\":\"https:\\\/\\\/www.fizzyvape.eu\\\/pl\\\/#website\"},\"primaryImageOfPage\":{\"@id\":\"https:\\\/\\\/fizzyvape.eu\\\/pl\\\/produkt\\\/150k-puffs-tropical-fruit-punch-watermelon-raspberry-blueberry-coconut-strawberry-skittles\\\/#primaryimage\"},\"image\":{\"@id\":\"https:\\\/\\\/fizzyvape.eu\\\/pl\\\/produkt\\\/150k-puffs-tropical-fruit-punch-watermelon-raspberry-blueberry-coconut-strawberry-skittles\\\/#primaryimage\"},\"thumbnailUrl\":\"https:\\\/\\\/fizzyvape.eu\\\/wp-content\\\/uploads\\\/2026\\\/01\\\/Fizzy-15-in-1-150K-Puffs-Rechargeable-Disposable-Vape-Flavors-6-1.jpg\",\"datePublished\":\"2026-01-19T10:20:30+00:00\",\"description\":\"Odkryj jednorazowe vape Fizzy 150K Puffs o smakach Tropical Fruit Punch, Watermelon Raspberry, Blueberry Coconut i Strawberry Skittles. 150 tysi\u0119cy zaci\u0105gni\u0119\u0107, smak premium.\",\"breadcrumb\":{\"@id\":\"https:\\\/\\\/fizzyvape.eu\\\/pl\\\/produkt\\\/150k-puffs-tropical-fruit-punch-watermelon-raspberry-blueberry-coconut-strawberry-skittles\\\/#breadcrumb\"},\"inLanguage\":\"pl-PL\",\"potentialAction\":[{\"@type\":\"ReadAction\",\"target\":[\"https:\\\/\\\/fizzyvape.eu\\\/pl\\\/produkt\\\/150k-puffs-tropical-fruit-punch-watermelon-raspberry-blueberry-coconut-strawberry-skittles\\\/\"]}]},{\"@type\":\"ImageObject\",\"inLanguage\":\"pl-PL\",\"@id\":\"https:\\\/\\\/fizzyvape.eu\\\/pl\\\/produkt\\\/150k-puffs-tropical-fruit-punch-watermelon-raspberry-blueberry-coconut-strawberry-skittles\\\/#primaryimage\",\"url\":\"https:\\\/\\\/fizzyvape.eu\\\/wp-content\\\/uploads\\\/2026\\\/01\\\/Fizzy-15-in-1-150K-Puffs-Rechargeable-Disposable-Vape-Flavors-6-1.jpg\",\"contentUrl\":\"https:\\\/\\\/fizzyvape.eu\\\/wp-content\\\/uploads\\\/2026\\\/01\\\/Fizzy-15-in-1-150K-Puffs-Rechargeable-Disposable-Vape-Flavors-6-1.jpg\",\"width\":1000,\"height\":1000,\"caption\":\"Fizzy 15-in-1 150K Puffs Jednorazowy akumulator Vape Smaki 6\"},{\"@type\":\"BreadcrumbList\",\"@id\":\"https:\\\/\\\/fizzyvape.eu\\\/pl\\\/produkt\\\/150k-puffs-tropical-fruit-punch-watermelon-raspberry-blueberry-coconut-strawberry-skittles\\\/#breadcrumb\",\"itemListElement\":[{\"@type\":\"ListItem\",\"position\":1,\"name\":\"Home\",\"item\":\"https:\\\/\\\/fizzyvape.eu\\\/pl\\\/\"},{\"@type\":\"ListItem\",\"position\":2,\"name\":\"Sklep\",\"item\":\"https:\\\/\\\/fizzyvape.eu\\\/pl\\\/sklep\\\/\"},{\"@type\":\"ListItem\",\"position\":3,\"name\":\"150K Puffs &#8211; Tropical Fruit Punch &amp; Watermelon Raspberry &amp; Blueberry Coconut &amp; Strawberry Skittles\"}]},{\"@type\":\"WebSite\",\"@id\":\"https:\\\/\\\/www.fizzyvape.eu\\\/pl\\\/#website\",\"url\":\"https:\\\/\\\/www.fizzyvape.eu\\\/pl\\\/\",\"name\":\"fizzyvape.eu\",\"description\":\"Refreshing Vapes. Unforgettable Taste.\",\"publisher\":{\"@id\":\"https:\\\/\\\/www.fizzyvape.eu\\\/pl\\\/#organization\"},\"potentialAction\":[{\"@type\":\"SearchAction\",\"target\":{\"@type\":\"EntryPoint\",\"urlTemplate\":\"https:\\\/\\\/www.fizzyvape.eu\\\/pl\\\/?s={search_term_string}\"},\"query-input\":{\"@type\":\"PropertyValueSpecification\",\"valueRequired\":true,\"valueName\":\"search_term_string\"}}],\"inLanguage\":\"pl-PL\"},{\"@type\":\"Organization\",\"@id\":\"https:\\\/\\\/www.fizzyvape.eu\\\/pl\\\/#organization\",\"name\":\"fizzyvape.eu\",\"url\":\"https:\\\/\\\/www.fizzyvape.eu\\\/pl\\\/\",\"logo\":{\"@type\":\"ImageObject\",\"inLanguage\":\"pl-PL\",\"@id\":\"https:\\\/\\\/www.fizzyvape.eu\\\/pl\\\/#\\\/schema\\\/logo\\\/image\\\/\",\"url\":\"https:\\\/\\\/fizzyvape.eu\\\/wp-content\\\/uploads\\\/2019\\\/06\\\/print-1.svg\",\"contentUrl\":\"https:\\\/\\\/fizzyvape.eu\\\/wp-content\\\/uploads\\\/2019\\\/06\\\/print-1.svg\",\"width\":124,\"height\":37,\"caption\":\"fizzyvape.eu\"},\"image\":{\"@id\":\"https:\\\/\\\/www.fizzyvape.eu\\\/pl\\\/#\\\/schema\\\/logo\\\/image\\\/\"}}]}<\/script>\n<meta property=\"og:availability\" content=\"instock\" \/>\n<meta property=\"product:availability\" content=\"instock\" \/>\n<meta property=\"product:condition\" content=\"new\" \/>\n<!-- \/ Yoast SEO Premium plugin. -->","yoast_head_json":{"title":"Tropical Fruit Punch | Fizzy 150K Puffs Vape - smaki 15 w 1","description":"Odkryj jednorazowe vape Fizzy 150K Puffs o smakach Tropical Fruit Punch, Watermelon Raspberry, Blueberry Coconut i Strawberry Skittles. 150 tysi\u0119cy zaci\u0105gni\u0119\u0107, smak premium.","robots":{"index":"index","follow":"follow","max-snippet":"max-snippet:-1","max-image-preview":"max-image-preview:large","max-video-preview":"max-video-preview:-1"},"canonical":"https:\/\/fizzyvape.eu\/pl\/produkt\/150k-puffs-tropical-fruit-punch-watermelon-raspberry-blueberry-coconut-strawberry-skittles\/","og_locale":"pl_PL","og_type":"article","og_title":"150K Puffs - Tropical Fruit Punch &amp; Watermelon Raspberry &amp; Blueberry Coconut &amp; Strawberry Skittles","og_description":"Odkryj jednorazowe vape Fizzy 150K Puffs o smakach Tropical Fruit Punch, Watermelon Raspberry, Blueberry Coconut i Strawberry Skittles. 150 tysi\u0119cy zaci\u0105gni\u0119\u0107, smak premium.","og_url":"https:\/\/fizzyvape.eu\/pl\/produkt\/150k-puffs-tropical-fruit-punch-watermelon-raspberry-blueberry-coconut-strawberry-skittles\/","og_site_name":"fizzyvape.eu","og_image":[{"width":1000,"height":1000,"url":"https:\/\/fizzyvape.eu\/wp-content\/uploads\/2026\/01\/Fizzy-15-in-1-150K-Puffs-Rechargeable-Disposable-Vape-Flavors-6-1.jpg","type":"image\/jpeg"}],"twitter_card":"summary_large_image","twitter_misc":{"Dost\u0119pno\u015b\u0107":"Dost\u0119pny"},"schema":{"@context":"https:\/\/schema.org","@graph":[{"@type":"WebPage","@id":"https:\/\/fizzyvape.eu\/pl\/produkt\/150k-puffs-tropical-fruit-punch-watermelon-raspberry-blueberry-coconut-strawberry-skittles\/","url":"https:\/\/fizzyvape.eu\/pl\/produkt\/150k-puffs-tropical-fruit-punch-watermelon-raspberry-blueberry-coconut-strawberry-skittles\/","name":"Tropical Fruit Punch | Fizzy 150K Puffs Vape - smaki 15 w 1","isPartOf":{"@id":"https:\/\/www.fizzyvape.eu\/pl\/#website"},"primaryImageOfPage":{"@id":"https:\/\/fizzyvape.eu\/pl\/produkt\/150k-puffs-tropical-fruit-punch-watermelon-raspberry-blueberry-coconut-strawberry-skittles\/#primaryimage"},"image":{"@id":"https:\/\/fizzyvape.eu\/pl\/produkt\/150k-puffs-tropical-fruit-punch-watermelon-raspberry-blueberry-coconut-strawberry-skittles\/#primaryimage"},"thumbnailUrl":"https:\/\/fizzyvape.eu\/wp-content\/uploads\/2026\/01\/Fizzy-15-in-1-150K-Puffs-Rechargeable-Disposable-Vape-Flavors-6-1.jpg","datePublished":"2026-01-19T10:20:30+00:00","description":"Odkryj jednorazowe vape Fizzy 150K Puffs o smakach Tropical Fruit Punch, Watermelon Raspberry, Blueberry Coconut i Strawberry Skittles. 150 tysi\u0119cy zaci\u0105gni\u0119\u0107, smak premium.","breadcrumb":{"@id":"https:\/\/fizzyvape.eu\/pl\/produkt\/150k-puffs-tropical-fruit-punch-watermelon-raspberry-blueberry-coconut-strawberry-skittles\/#breadcrumb"},"inLanguage":"pl-PL","potentialAction":[{"@type":"ReadAction","target":["https:\/\/fizzyvape.eu\/pl\/produkt\/150k-puffs-tropical-fruit-punch-watermelon-raspberry-blueberry-coconut-strawberry-skittles\/"]}]},{"@type":"ImageObject","inLanguage":"pl-PL","@id":"https:\/\/fizzyvape.eu\/pl\/produkt\/150k-puffs-tropical-fruit-punch-watermelon-raspberry-blueberry-coconut-strawberry-skittles\/#primaryimage","url":"https:\/\/fizzyvape.eu\/wp-content\/uploads\/2026\/01\/Fizzy-15-in-1-150K-Puffs-Rechargeable-Disposable-Vape-Flavors-6-1.jpg","contentUrl":"https:\/\/fizzyvape.eu\/wp-content\/uploads\/2026\/01\/Fizzy-15-in-1-150K-Puffs-Rechargeable-Disposable-Vape-Flavors-6-1.jpg","width":1000,"height":1000,"caption":"Fizzy 15-in-1 150K Puffs Jednorazowy akumulator Vape Smaki 6"},{"@type":"BreadcrumbList","@id":"https:\/\/fizzyvape.eu\/pl\/produkt\/150k-puffs-tropical-fruit-punch-watermelon-raspberry-blueberry-coconut-strawberry-skittles\/#breadcrumb","itemListElement":[{"@type":"ListItem","position":1,"name":"Home","item":"https:\/\/fizzyvape.eu\/pl\/"},{"@type":"ListItem","position":2,"name":"Sklep","item":"https:\/\/fizzyvape.eu\/pl\/sklep\/"},{"@type":"ListItem","position":3,"name":"150K Puffs &#8211; Tropical Fruit Punch &amp; Watermelon Raspberry &amp; Blueberry Coconut &amp; Strawberry Skittles"}]},{"@type":"WebSite","@id":"https:\/\/www.fizzyvape.eu\/pl\/#website","url":"https:\/\/www.fizzyvape.eu\/pl\/","name":"fizzyvape.eu","description":"Refreshing Vapes. Unforgettable Taste.","publisher":{"@id":"https:\/\/www.fizzyvape.eu\/pl\/#organization"},"potentialAction":[{"@type":"SearchAction","target":{"@type":"EntryPoint","urlTemplate":"https:\/\/www.fizzyvape.eu\/pl\/?s={search_term_string}"},"query-input":{"@type":"PropertyValueSpecification","valueRequired":true,"valueName":"search_term_string"}}],"inLanguage":"pl-PL"},{"@type":"Organization","@id":"https:\/\/www.fizzyvape.eu\/pl\/#organization","name":"fizzyvape.eu","url":"https:\/\/www.fizzyvape.eu\/pl\/","logo":{"@type":"ImageObject","inLanguage":"pl-PL","@id":"https:\/\/www.fizzyvape.eu\/pl\/#\/schema\/logo\/image\/","url":"https:\/\/fizzyvape.eu\/wp-content\/uploads\/2019\/06\/print-1.svg","contentUrl":"https:\/\/fizzyvape.eu\/wp-content\/uploads\/2019\/06\/print-1.svg","width":124,"height":37,"caption":"fizzyvape.eu"},"image":{"@id":"https:\/\/www.fizzyvape.eu\/pl\/#\/schema\/logo\/image\/"}}]},"og_availability":"instock","product_availability":"instock","product_condition":"new"},"tiered_pricing_type":"fixed","tiered_pricing_fixed_rules":[],"tiered_pricing_product_settings":{"layout":"default","base_unit_name":{"singular":null,"plural":null},"default_variation":null},"tiered_pricing_minimum_quantity":null,"tiered_pricing_roles_data":[],"tiered_pricing_percentage_rules":[],"tiered_pricing_maximum_quantity":null,"tiered_pricing_quantity_step":null,"_links":{"self":[{"href":"https:\/\/fizzyvape.eu\/pl\/wp-json\/wp\/v2\/product\/39066","targetHints":{"allow":["GET"]}}],"collection":[{"href":"https:\/\/fizzyvape.eu\/pl\/wp-json\/wp\/v2\/product"}],"about":[{"href":"https:\/\/fizzyvape.eu\/pl\/wp-json\/wp\/v2\/types\/product"}],"replies":[{"embeddable":true,"href":"https:\/\/fizzyvape.eu\/pl\/wp-json\/wp\/v2\/comments?post=39066"}],"version-history":[{"count":0,"href":"https:\/\/fizzyvape.eu\/pl\/wp-json\/wp\/v2\/product\/39066\/revisions"}],"wp:featuredmedia":[{"embeddable":true,"href":"https:\/\/fizzyvape.eu\/pl\/wp-json\/wp\/v2\/media\/38856"}],"wp:attachment":[{"href":"https:\/\/fizzyvape.eu\/pl\/wp-json\/wp\/v2\/media?parent=39066"}],"wp:term":[{"taxonomy":"product_brand","embeddable":true,"href":"https:\/\/fizzyvape.eu\/pl\/wp-json\/wp\/v2\/product_brand?post=39066"},{"taxonomy":"product_cat","embeddable":true,"href":"https:\/\/fizzyvape.eu\/pl\/wp-json\/wp\/v2\/product_cat?post=39066"},{"taxonomy":"product_tag","embeddable":true,"href":"https:\/\/fizzyvape.eu\/pl\/wp-json\/wp\/v2\/product_tag?post=39066"}],"curies":[{"name":"wp","href":"https:\/\/api.w.org\/{rel}","templated":true}]}}