{"id":39084,"date":"2026-01-19T18:20:33","date_gmt":"2026-01-19T10:20:33","guid":{"rendered":"https:\/\/fizzyvape.eu\/product\/150k-puffs-love-66-truskawka-kiwi-arbuz-jagoda-malina-lemoniada\/"},"modified":"2026-01-19T18:20:33","modified_gmt":"2026-01-19T10:20:33","slug":"150k-puffs-love-66-truskawka-kiwi-arbuz-jagoda-malina-lemoniada","status":"publish","type":"product","link":"https:\/\/fizzyvape.eu\/pl\/produkt\/150k-puffs-love-66-truskawka-kiwi-arbuz-jagoda-malina-lemoniada\/","title":{"rendered":"150K Puffs &#8211; Love 66 &amp; Truskawka Kiwi &amp; Arbuz Jagoda &amp; Malina Lemoniada"},"content":{"rendered":"<p><img decoding=\"async\" class=\"wp-image-38860 size-large\" src=\"https:\/\/fizzyvape.eu\/wp-content\/uploads\/2026\/01\/Fizzy-15-in-1-150K-Puffs-Rechargeable-Disposable-Vape-Flavors-7-1-800x800.jpg\" alt=\"Fizzy 15-in-1 150K Puffs Jednorazowy akumulator Vape Flavors 7\" width=\"800\" height=\"800\" srcset=\"https:\/\/fizzyvape.eu\/wp-content\/uploads\/2026\/01\/Fizzy-15-in-1-150K-Puffs-Rechargeable-Disposable-Vape-Flavors-7-1-800x800.jpg 800w, https:\/\/fizzyvape.eu\/wp-content\/uploads\/2026\/01\/Fizzy-15-in-1-150K-Puffs-Rechargeable-Disposable-Vape-Flavors-7-1-300x300.jpg 300w, https:\/\/fizzyvape.eu\/wp-content\/uploads\/2026\/01\/Fizzy-15-in-1-150K-Puffs-Rechargeable-Disposable-Vape-Flavors-7-1-150x150.jpg 150w, https:\/\/fizzyvape.eu\/wp-content\/uploads\/2026\/01\/Fizzy-15-in-1-150K-Puffs-Rechargeable-Disposable-Vape-Flavors-7-1-768x768.jpg 768w, https:\/\/fizzyvape.eu\/wp-content\/uploads\/2026\/01\/Fizzy-15-in-1-150K-Puffs-Rechargeable-Disposable-Vape-Flavors-7-1-100x100.jpg 100w, https:\/\/fizzyvape.eu\/wp-content\/uploads\/2026\/01\/Fizzy-15-in-1-150K-Puffs-Rechargeable-Disposable-Vape-Flavors-7-1-200x200.jpg 200w, https:\/\/fizzyvape.eu\/wp-content\/uploads\/2026\/01\/Fizzy-15-in-1-150K-Puffs-Rechargeable-Disposable-Vape-Flavors-7-1-400x400.jpg 400w, https:\/\/fizzyvape.eu\/wp-content\/uploads\/2026\/01\/Fizzy-15-in-1-150K-Puffs-Rechargeable-Disposable-Vape-Flavors-7-1-500x500.jpg 500w, https:\/\/fizzyvape.eu\/wp-content\/uploads\/2026\/01\/Fizzy-15-in-1-150K-Puffs-Rechargeable-Disposable-Vape-Flavors-7-1-430x430.jpg 430w, https:\/\/fizzyvape.eu\/wp-content\/uploads\/2026\/01\/Fizzy-15-in-1-150K-Puffs-Rechargeable-Disposable-Vape-Flavors-7-1-700x700.jpg 700w, https:\/\/fizzyvape.eu\/wp-content\/uploads\/2026\/01\/Fizzy-15-in-1-150K-Puffs-Rechargeable-Disposable-Vape-Flavors-7-1.jpg 1000w\" sizes=\"(max-width: 800px) 100vw, 800px\" \/><\/p>\n<h2>Fizzy 150K Puffs &#8211; Love 66 &amp; Strawberry Kiwi &amp; Watermelon Blueberry &amp; Raspberry Lemonade<\/h2>\n<p><b>\ud83c\udf2c\ufe0f 150,000 Puffs. 15 smak\u00f3w. Najwy\u017csza jako\u015b\u0107 nowoczesnej shishy.  <\/b><\/p>\n<p>Podnie\u015b poziom waporyzacji dzi\u0119ki <b>jednorazowemu waporyzatorowi Fizzy 150K Puffs<\/b>, niekwestionowanemu kr\u00f3lowi pojemno\u015bci i r\u00f3\u017cnorodno\u015bci. Ta edycja \u0142\u0105czy legendarny klimat shishy &#8220;Love 66&#8221; z orze\u017awiaj\u0105c\u0105 lini\u0105 jag\u00f3d i lemoniady. Dzi\u0119ki ogromnemu <b>zbiornikowi o pojemno\u015bci 80 ml<\/b> i <b>inteligentnemu systemowi prze\u0142\u0105czania 15 w 1<\/b>, urz\u0105dzenie to gwarantuje, \u017ce ju\u017c nigdy nie b\u0119dziesz musia\u0142 zadowala\u0107 si\u0119 tylko jednym smakiem.  <\/p>\n<h2><b>4-Pod Master Blend<\/b><\/h2>\n<p>Ten <b>jednorazowy waporyzator 150K Puffs<\/b> zawiera cztery r\u00f3\u017cne kapsu\u0142ki smakowe o pojemno\u015bci 20 ml. Mo\u017cna prze\u0142\u0105cza\u0107 si\u0119 mi\u0119dzy nimi lub <b>miesza\u0107 je w 15 unikalnych kombinacji hybrydowych<\/b>: <\/p>\n<ul>\n<li><b><span class=\"citation-3\">\u2764\ufe0f Love 66:<\/span><\/b><span class=\"citation-3 citation-end-3\"> Znana na ca\u0142ym \u015bwiecie mieszanka shishy ze s\u0142odkim melonem, tropikaln\u0105 marakuj\u0105 i nut\u0105 ch\u0142odnej mi\u0119ty.<\/span><\/li>\n<li><b>Strawberry Kiwi:<\/b> Klasyczna, orze\u017awiaj\u0105ca r\u00f3wnowaga s\u0142odkich truskawek polnych i pikantnego kiwi.<\/li>\n<li><b>Watermelon Blueberry:<\/b> Soczysta eksplozja letniego arbuza w po\u0142\u0105czeniu z dojrza\u0142ymi, s\u0142odkimi jagodami.<\/li>\n<li><b>Lemoniada Malinowa:<\/b> Pikantna, gazowana lemoniada na bazie cierpkich, r\u0119cznie zbieranych malin.<\/li>\n<\/ul>\n<p><img decoding=\"async\" class=\"wp-image-38407 size-full\" src=\"https:\/\/fizzyvape.eu\/wp-content\/uploads\/2025\/12\/Fizzy-150K-Puffs-Disposable-Vape-5-scaled.jpg\" alt=\"Fizzy 150K Puffs jednorazowe Vape - 5\" width=\"1663\" height=\"2560\" srcset=\"https:\/\/fizzyvape.eu\/wp-content\/uploads\/2025\/12\/Fizzy-150K-Puffs-Disposable-Vape-5-scaled.jpg 1663w, https:\/\/fizzyvape.eu\/wp-content\/uploads\/2025\/12\/Fizzy-150K-Puffs-Disposable-Vape-5-195x300.jpg 195w, https:\/\/fizzyvape.eu\/wp-content\/uploads\/2025\/12\/Fizzy-150K-Puffs-Disposable-Vape-5-520x800.jpg 520w, https:\/\/fizzyvape.eu\/wp-content\/uploads\/2025\/12\/Fizzy-150K-Puffs-Disposable-Vape-5-768x1182.jpg 768w, https:\/\/fizzyvape.eu\/wp-content\/uploads\/2025\/12\/Fizzy-150K-Puffs-Disposable-Vape-5-998x1536.jpg 998w, https:\/\/fizzyvape.eu\/wp-content\/uploads\/2025\/12\/Fizzy-150K-Puffs-Disposable-Vape-5-1330x2048.jpg 1330w, https:\/\/fizzyvape.eu\/wp-content\/uploads\/2025\/12\/Fizzy-150K-Puffs-Disposable-Vape-5-430x662.jpg 430w, https:\/\/fizzyvape.eu\/wp-content\/uploads\/2025\/12\/Fizzy-150K-Puffs-Disposable-Vape-5-700x1078.jpg 700w, https:\/\/fizzyvape.eu\/wp-content\/uploads\/2025\/12\/Fizzy-150K-Puffs-Disposable-Vape-5-150x231.jpg 150w\" sizes=\"(max-width: 1663px) 100vw, 1663px\" \/><\/p>\n<h2><b>Specyfikacja<\/b><\/h2>\n<table>\n<thead>\n<tr>\n<td><strong>Funkcja<\/strong><\/td>\n<td><strong>Dane techniczne B2B<\/strong><\/td>\n<\/tr>\n<\/thead>\n<tbody>\n<tr>\n<td><b>Liczba zaci\u0105gni\u0119\u0107<\/b><\/td>\n<td>Do 150 000 zaci\u0105gni\u0119\u0107<\/td>\n<\/tr>\n<tr>\n<td><b>Pojemno\u015b\u0107 e-p\u0142ynu<\/b><\/td>\n<td><b>\u0141\u0105cznie 80 ml (20 ml x 4 niezale\u017cne kapsu\u0142ki)<\/b><\/td>\n<\/tr>\n<tr>\n<td><b>Bateria<\/b><\/td>\n<td>1000 mAh Pure Cobalt (akumulator typu C)<\/td>\n<\/tr>\n<tr>\n<td><b>Tryby smaku<\/b><\/td>\n<td><b>15 inteligentnych kombinacji (A\/B\/C\/D + hybrydy)<\/b><\/td>\n<\/tr>\n<tr>\n<td><b>System cewek<\/b><\/td>\n<td>Quad-Mesh 1.0\u03a9 (wysoka sp\u00f3jno\u015b\u0107 dostarczania)<\/td>\n<\/tr>\n<tr>\n<td><b>Opakowania<\/b><\/td>\n<td>Gotowe do sprzeda\u017cy detalicznej pude\u0142ka ekspozycyjne<\/td>\n<\/tr>\n<\/tbody>\n<\/table>\n<h2><b>\ud83c\udfa8Fizzy<\/b>15-in-1 150K Puffs <strong>Jednorazowy<\/strong> akumulator <strong>Vape Lista smak\u00f3w:<\/strong><\/h2>\n<ol>\n<li><a href=\"https:\/\/fizzyvape.eu\/pl\/produkt\/150k-puffs-watermelon-ice-red-bull-strawberry-raspberry-triple-melon-ice\/\">l\u00f3d arbuzowy &amp; red bull &amp; malina truskawkowa &amp; potr\u00f3jny l\u00f3d melonowy<\/a><\/li>\n<li><a href=\"https:\/\/fizzyvape.eu\/pl\/produkt\/150k-puffs-strawberry-ice-kiwi-passion-fruit-guava-peach-mango-watermelon-grape-burst\/\">l\u00f3d truskawkowy i kiwi marakuja guawa i brzoskwinia mango arbuz i winogrono burst<\/a><\/li>\n<li><a href=\"https:\/\/fizzyvape.eu\/pl\/produkt\/150k-puffs-red-bull-strawberry-kiwi-pomegranate-blueberry-ice-pineapple-coconut\/\">red bull &amp; truskawka kiwi granat &amp; jagoda l\u00f3d &amp; ananas kokos<\/a><\/li>\n<li><a href=\"https:\/\/fizzyvape.eu\/pl\/produkt\/150k-puffs-truskawka-kiwi-mixed-berry-arbuz-bubblegum-soczysta-brzoskwinia\/\">truskawka kiwi &amp; mieszanka jag\u00f3d &amp; arbuz bubblegum &amp; soczysta brzoskwinia<\/a><\/li>\n<li><a href=\"https:\/\/fizzyvape.eu\/pl\/produkt\/150k-puffs-blueberry-raspberry-strawberry-ice-blue-razz-lemonade-watermelon-gummy-bear\/\">jagoda malina &amp; truskawka ice &amp; lemoniada blue razz &amp; arbuz gummy bear<\/a><\/li>\n<li><a href=\"https:\/\/fizzyvape.eu\/pl\/produkt\/150k-puffs-tropical-fruit-punch-watermelon-raspberry-blueberry-coconut-strawberry-skittles\/\">poncz z owoc\u00f3w tropikalnych &amp; arbuz malina &amp; jagoda kokos &amp; truskawka skittles<\/a><\/li>\n<li><a href=\"https:\/\/fizzyvape.eu\/pl\/produkt\/150k-puffs-love-66-truskawka-kiwi-arbuz-jagoda-malina-lemoniada\/\">love 66 &amp; truskawka kiwi &amp; arbuz jagoda &amp; malina lemoniada<\/a><\/li>\n<li><a href=\"https:\/\/fizzyvape.eu\/produkt\/fizzy-150k-puffs-fizzy-cola-berry-set\/\">mieszanka jag\u00f3d i ananasa brzoskwinia marakuja i gazowana cola truskawka malina<\/a><\/li>\n<li><a href=\"https:\/\/fizzyvape.eu\/produkt\/fizzy-150k-puffs-blue-razz-raspberry-set\/\">blue razz rapsberry &amp; watermelon cherry ice &amp; strawberry grape &amp;passion fruit orange peach<\/a><\/li>\n<li><a href=\"https:\/\/fizzyvape.eu\/produkt\/fizzy-150k-puffs-fizzy-cherry-citrus-set\/\">musuj\u0105ca wi\u015bnia &amp; truskawka smoczy owoc &amp; cytryna limonka &amp; arbuz jagoda<\/a><\/li>\n<li><a href=\"https:\/\/fizzyvape.eu\/produkt\/fizzy-150k-puffs-vanilla-coke-berry-set\/\">truskawka z col\u0105 waniliow\u0105 &amp; malina z jagodami &amp; arbuz z lodem &amp; wi\u015bnia z jagodami<\/a><\/li>\n<li><a href=\"https:\/\/fizzyvape.eu\/produkt\/fizzy-150k-puffs-mojito-ice-set\/\">l\u00f3d jagodowy &amp; truskawka arbuz &amp; mojito &amp; kiwi marakuja guawa<\/a><\/li>\n<\/ol>\n<h2><b>Dlaczego Fizzy 150K to najlepszy wyb\u00f3r?<\/b><\/h2>\n<ul>\n<li><b>150 000 zaci\u0105gni\u0119\u0107:<\/b> Posiadaj najtrwalszy <b>jednorazowy waporyzator 150K P<\/b> uffs na rynku. Oferuje niesamowit\u0105 warto\u015b\u0107, dzia\u0142aj\u0105c d\u0142u\u017cej ni\u017c 20 standardowych jednoraz\u00f3wek razem wzi\u0119tych. <\/li>\n<li><b>Technologia smaku 15 w 1:<\/b> Po co nosi\u0107 ze sob\u0105 cztery waporyzatory? Prze\u0142\u0105czaj si\u0119 mi\u0119dzy niezale\u017cnymi kapsu\u0142kami lub mieszaj je, aby natychmiast stworzy\u0107 w\u0142asne mieszanki &#8220;Love 66 Lemonade&#8221; lub &#8220;Strawberry Blueberry&#8221;. <\/li>\n<li><b>Smart LED Hub:<\/b> Zachowaj kontrol\u0119 dzi\u0119ki ekranowi o wysokiej rozdzielczo\u015bci pokazuj\u0105cemu <b>procent baterii<\/b> i <b>poziom soku<\/b> dla ka\u017cdego z 4 pojedynczych kapsu\u0142ek.<\/li>\n<li><b>Wydajno\u015b\u0107 Quad-Mesh:<\/b> Wyposa\u017cony w <b>4 niezale\u017cne cewki siatkowe 1,0\u03a9<\/b>. Ka\u017cdy smak pozostaje czysty, wyra\u017any i oddzielny, zapewniaj\u0105c zerowe zanieczyszczenie smaku. <\/li>\n<li><b>Ogromna moc:<\/b> Czysta bateria kobaltowa o pojemno\u015bci 1000 mAh w po\u0142\u0105czeniu z szybkim \u0142adowaniem typu C zapewnia zasilanie przez ca\u0142y tydzie\u0144.<\/li>\n<\/ul>\n<h2><b>Szybkie FAQ<\/b><\/h2>\n<p><b>P: Czym jest smak &#8220;Love 66&#8221;?<\/b><\/p>\n<p><span class=\"citation-2 citation-end-2\">O: Love 66 to popularny smak inspirowany shish\u0105, znany z mieszanki melona spadziowego, marakui i nut kwiatowych z ch\u0142odz\u0105cym wyko\u0144czeniem.<\/span> Jest to jeden z najbardziej poszukiwanych profili w tej <b>jednorazowej<\/b> edycji <b>150K Puffs<\/b>.<\/p>\n<p><b>P: Czy mog\u0119 miesza\u0107 wszystkie 4 smaki jednocze\u015bnie?<\/b><\/p>\n<p>Tak! Inteligentny prze\u0142\u0105cznik pozwala aktywowa\u0107 wiele kapsu\u0142ek jednocze\u015bnie, aby tworzy\u0107 z\u0142o\u017cone, wielowarstwowe &#8220;super mieszanki&#8221;. <\/p>\n<p><b>P: Czy jest autentyczny?<\/b><\/p>\n<p>Oczywi\u015bcie. Ka\u017cde urz\u0105dzenie Fizzy sprzedawane tutaj zawiera unikalny kod zdrapki zabezpieczaj\u0105cej do oficjalnej weryfikacji na stronie internetowej Fizzy. <\/p>\n","protected":false},"excerpt":{"rendered":"[html_block id=\"38779\"]\n","protected":false},"featured_media":38865,"comment_status":"open","ping_status":"closed","template":"","meta":{"iawp_total_views":1},"product_brand":[],"product_cat":[998],"product_tag":[],"class_list":{"0":"post-39084","1":"product","2":"type-product","3":"status-publish","4":"has-post-thumbnail","6":"product_cat-fizzy-150k-150-000-zaciagniec-15-w-1-jednorazowy-ladowalny-e-papieros","8":"first","9":"instock","10":"sale","11":"shipping-taxable","12":"purchasable","13":"product-type-variable"},"yoast_head":"<!-- This site is optimized with the Yoast SEO Premium plugin v24.8 (Yoast SEO v27.4) - https:\/\/yoast.com\/product\/yoast-seo-premium-wordpress\/ -->\n<title>Love 66 &amp; Raspberry Lemonade | Fizzy 150K Vape<\/title>\n<meta name=\"description\" content=\"Jednorazowy waporyzator Fizzy 150K Puffs zawieraj\u0105cy Love 66, Strawberry Kiwi, Watermelon Blueberry i Raspberry Lemonade. Urz\u0105dzenie akumulatorowe z p\u0142ynnym przep\u0142ywem powietrza.\" \/>\n<meta name=\"robots\" content=\"index, follow, max-snippet:-1, max-image-preview:large, max-video-preview:-1\" \/>\n<link rel=\"canonical\" href=\"https:\/\/fizzyvape.eu\/pl\/produkt\/150k-puffs-love-66-truskawka-kiwi-arbuz-jagoda-malina-lemoniada\/\" \/>\n<meta property=\"og:locale\" content=\"pl_PL\" \/>\n<meta property=\"og:type\" content=\"article\" \/>\n<meta property=\"og:title\" content=\"150K Puffs - Love 66 &amp; Truskawka Kiwi &amp; Arbuz Jagoda &amp; Malina Lemoniada\" \/>\n<meta property=\"og:description\" content=\"Jednorazowy waporyzator Fizzy 150K Puffs zawieraj\u0105cy Love 66, Strawberry Kiwi, Watermelon Blueberry i Raspberry Lemonade. Urz\u0105dzenie akumulatorowe z p\u0142ynnym przep\u0142ywem powietrza.\" \/>\n<meta property=\"og:url\" content=\"https:\/\/fizzyvape.eu\/pl\/produkt\/150k-puffs-love-66-truskawka-kiwi-arbuz-jagoda-malina-lemoniada\/\" \/>\n<meta property=\"og:site_name\" content=\"fizzyvape.eu\" \/>\n<meta property=\"og:image\" content=\"https:\/\/fizzyvape.eu\/wp-content\/uploads\/2026\/01\/Fizzy-15-in-1-150K-Puffs-Rechargeable-Disposable-Vape-Flavors-7-1.jpg\" \/>\n\t<meta property=\"og:image:width\" content=\"1000\" \/>\n\t<meta property=\"og:image:height\" content=\"1000\" \/>\n\t<meta property=\"og:image:type\" content=\"image\/jpeg\" \/>\n<meta name=\"twitter:card\" content=\"summary_large_image\" \/>\n<meta name=\"twitter:label1\" content=\"Dost\u0119pno\u015b\u0107\" \/>\n\t<meta name=\"twitter:data1\" content=\"Dost\u0119pny\" \/>\n<script type=\"application\/ld+json\" class=\"yoast-schema-graph\">{\"@context\":\"https:\\\/\\\/schema.org\",\"@graph\":[{\"@type\":\"WebPage\",\"@id\":\"https:\\\/\\\/fizzyvape.eu\\\/pl\\\/produkt\\\/150k-puffs-love-66-truskawka-kiwi-arbuz-jagoda-malina-lemoniada\\\/\",\"url\":\"https:\\\/\\\/fizzyvape.eu\\\/pl\\\/produkt\\\/150k-puffs-love-66-truskawka-kiwi-arbuz-jagoda-malina-lemoniada\\\/\",\"name\":\"Love 66 & Raspberry Lemonade | Fizzy 150K Vape\",\"isPartOf\":{\"@id\":\"https:\\\/\\\/www.fizzyvape.eu\\\/pl\\\/#website\"},\"primaryImageOfPage\":{\"@id\":\"https:\\\/\\\/fizzyvape.eu\\\/pl\\\/produkt\\\/150k-puffs-love-66-truskawka-kiwi-arbuz-jagoda-malina-lemoniada\\\/#primaryimage\"},\"image\":{\"@id\":\"https:\\\/\\\/fizzyvape.eu\\\/pl\\\/produkt\\\/150k-puffs-love-66-truskawka-kiwi-arbuz-jagoda-malina-lemoniada\\\/#primaryimage\"},\"thumbnailUrl\":\"https:\\\/\\\/fizzyvape.eu\\\/wp-content\\\/uploads\\\/2026\\\/01\\\/Fizzy-15-in-1-150K-Puffs-Rechargeable-Disposable-Vape-Flavors-7-1.jpg\",\"datePublished\":\"2026-01-19T10:20:33+00:00\",\"description\":\"Jednorazowy waporyzator Fizzy 150K Puffs zawieraj\u0105cy Love 66, Strawberry Kiwi, Watermelon Blueberry i Raspberry Lemonade. Urz\u0105dzenie akumulatorowe z p\u0142ynnym przep\u0142ywem powietrza.\",\"breadcrumb\":{\"@id\":\"https:\\\/\\\/fizzyvape.eu\\\/pl\\\/produkt\\\/150k-puffs-love-66-truskawka-kiwi-arbuz-jagoda-malina-lemoniada\\\/#breadcrumb\"},\"inLanguage\":\"pl-PL\",\"potentialAction\":[{\"@type\":\"ReadAction\",\"target\":[\"https:\\\/\\\/fizzyvape.eu\\\/pl\\\/produkt\\\/150k-puffs-love-66-truskawka-kiwi-arbuz-jagoda-malina-lemoniada\\\/\"]}]},{\"@type\":\"ImageObject\",\"inLanguage\":\"pl-PL\",\"@id\":\"https:\\\/\\\/fizzyvape.eu\\\/pl\\\/produkt\\\/150k-puffs-love-66-truskawka-kiwi-arbuz-jagoda-malina-lemoniada\\\/#primaryimage\",\"url\":\"https:\\\/\\\/fizzyvape.eu\\\/wp-content\\\/uploads\\\/2026\\\/01\\\/Fizzy-15-in-1-150K-Puffs-Rechargeable-Disposable-Vape-Flavors-7-1.jpg\",\"contentUrl\":\"https:\\\/\\\/fizzyvape.eu\\\/wp-content\\\/uploads\\\/2026\\\/01\\\/Fizzy-15-in-1-150K-Puffs-Rechargeable-Disposable-Vape-Flavors-7-1.jpg\",\"width\":1000,\"height\":1000,\"caption\":\"Fizzy 15-in-1 150K Puffs Jednorazowy akumulator Vape Flavors 7\"},{\"@type\":\"BreadcrumbList\",\"@id\":\"https:\\\/\\\/fizzyvape.eu\\\/pl\\\/produkt\\\/150k-puffs-love-66-truskawka-kiwi-arbuz-jagoda-malina-lemoniada\\\/#breadcrumb\",\"itemListElement\":[{\"@type\":\"ListItem\",\"position\":1,\"name\":\"Home\",\"item\":\"https:\\\/\\\/fizzyvape.eu\\\/pl\\\/\"},{\"@type\":\"ListItem\",\"position\":2,\"name\":\"Sklep\",\"item\":\"https:\\\/\\\/fizzyvape.eu\\\/pl\\\/sklep\\\/\"},{\"@type\":\"ListItem\",\"position\":3,\"name\":\"150K Puffs &#8211; Love 66 &amp; Truskawka Kiwi &amp; Arbuz Jagoda &amp; Malina Lemoniada\"}]},{\"@type\":\"WebSite\",\"@id\":\"https:\\\/\\\/www.fizzyvape.eu\\\/pl\\\/#website\",\"url\":\"https:\\\/\\\/www.fizzyvape.eu\\\/pl\\\/\",\"name\":\"fizzyvape.eu\",\"description\":\"Refreshing Vapes. Unforgettable Taste.\",\"publisher\":{\"@id\":\"https:\\\/\\\/www.fizzyvape.eu\\\/pl\\\/#organization\"},\"potentialAction\":[{\"@type\":\"SearchAction\",\"target\":{\"@type\":\"EntryPoint\",\"urlTemplate\":\"https:\\\/\\\/www.fizzyvape.eu\\\/pl\\\/?s={search_term_string}\"},\"query-input\":{\"@type\":\"PropertyValueSpecification\",\"valueRequired\":true,\"valueName\":\"search_term_string\"}}],\"inLanguage\":\"pl-PL\"},{\"@type\":\"Organization\",\"@id\":\"https:\\\/\\\/www.fizzyvape.eu\\\/pl\\\/#organization\",\"name\":\"fizzyvape.eu\",\"url\":\"https:\\\/\\\/www.fizzyvape.eu\\\/pl\\\/\",\"logo\":{\"@type\":\"ImageObject\",\"inLanguage\":\"pl-PL\",\"@id\":\"https:\\\/\\\/www.fizzyvape.eu\\\/pl\\\/#\\\/schema\\\/logo\\\/image\\\/\",\"url\":\"https:\\\/\\\/fizzyvape.eu\\\/wp-content\\\/uploads\\\/2019\\\/06\\\/print-1.svg\",\"contentUrl\":\"https:\\\/\\\/fizzyvape.eu\\\/wp-content\\\/uploads\\\/2019\\\/06\\\/print-1.svg\",\"width\":124,\"height\":37,\"caption\":\"fizzyvape.eu\"},\"image\":{\"@id\":\"https:\\\/\\\/www.fizzyvape.eu\\\/pl\\\/#\\\/schema\\\/logo\\\/image\\\/\"}}]}<\/script>\n<meta property=\"og:availability\" content=\"instock\" \/>\n<meta property=\"product:availability\" content=\"instock\" \/>\n<meta property=\"product:condition\" content=\"new\" \/>\n<!-- \/ Yoast SEO Premium plugin. -->","yoast_head_json":{"title":"Love 66 & Raspberry Lemonade | Fizzy 150K Vape","description":"Jednorazowy waporyzator Fizzy 150K Puffs zawieraj\u0105cy Love 66, Strawberry Kiwi, Watermelon Blueberry i Raspberry Lemonade. Urz\u0105dzenie akumulatorowe z p\u0142ynnym przep\u0142ywem powietrza.","robots":{"index":"index","follow":"follow","max-snippet":"max-snippet:-1","max-image-preview":"max-image-preview:large","max-video-preview":"max-video-preview:-1"},"canonical":"https:\/\/fizzyvape.eu\/pl\/produkt\/150k-puffs-love-66-truskawka-kiwi-arbuz-jagoda-malina-lemoniada\/","og_locale":"pl_PL","og_type":"article","og_title":"150K Puffs - Love 66 &amp; Truskawka Kiwi &amp; Arbuz Jagoda &amp; Malina Lemoniada","og_description":"Jednorazowy waporyzator Fizzy 150K Puffs zawieraj\u0105cy Love 66, Strawberry Kiwi, Watermelon Blueberry i Raspberry Lemonade. Urz\u0105dzenie akumulatorowe z p\u0142ynnym przep\u0142ywem powietrza.","og_url":"https:\/\/fizzyvape.eu\/pl\/produkt\/150k-puffs-love-66-truskawka-kiwi-arbuz-jagoda-malina-lemoniada\/","og_site_name":"fizzyvape.eu","og_image":[{"width":1000,"height":1000,"url":"https:\/\/fizzyvape.eu\/wp-content\/uploads\/2026\/01\/Fizzy-15-in-1-150K-Puffs-Rechargeable-Disposable-Vape-Flavors-7-1.jpg","type":"image\/jpeg"}],"twitter_card":"summary_large_image","twitter_misc":{"Dost\u0119pno\u015b\u0107":"Dost\u0119pny"},"schema":{"@context":"https:\/\/schema.org","@graph":[{"@type":"WebPage","@id":"https:\/\/fizzyvape.eu\/pl\/produkt\/150k-puffs-love-66-truskawka-kiwi-arbuz-jagoda-malina-lemoniada\/","url":"https:\/\/fizzyvape.eu\/pl\/produkt\/150k-puffs-love-66-truskawka-kiwi-arbuz-jagoda-malina-lemoniada\/","name":"Love 66 & Raspberry Lemonade | Fizzy 150K Vape","isPartOf":{"@id":"https:\/\/www.fizzyvape.eu\/pl\/#website"},"primaryImageOfPage":{"@id":"https:\/\/fizzyvape.eu\/pl\/produkt\/150k-puffs-love-66-truskawka-kiwi-arbuz-jagoda-malina-lemoniada\/#primaryimage"},"image":{"@id":"https:\/\/fizzyvape.eu\/pl\/produkt\/150k-puffs-love-66-truskawka-kiwi-arbuz-jagoda-malina-lemoniada\/#primaryimage"},"thumbnailUrl":"https:\/\/fizzyvape.eu\/wp-content\/uploads\/2026\/01\/Fizzy-15-in-1-150K-Puffs-Rechargeable-Disposable-Vape-Flavors-7-1.jpg","datePublished":"2026-01-19T10:20:33+00:00","description":"Jednorazowy waporyzator Fizzy 150K Puffs zawieraj\u0105cy Love 66, Strawberry Kiwi, Watermelon Blueberry i Raspberry Lemonade. Urz\u0105dzenie akumulatorowe z p\u0142ynnym przep\u0142ywem powietrza.","breadcrumb":{"@id":"https:\/\/fizzyvape.eu\/pl\/produkt\/150k-puffs-love-66-truskawka-kiwi-arbuz-jagoda-malina-lemoniada\/#breadcrumb"},"inLanguage":"pl-PL","potentialAction":[{"@type":"ReadAction","target":["https:\/\/fizzyvape.eu\/pl\/produkt\/150k-puffs-love-66-truskawka-kiwi-arbuz-jagoda-malina-lemoniada\/"]}]},{"@type":"ImageObject","inLanguage":"pl-PL","@id":"https:\/\/fizzyvape.eu\/pl\/produkt\/150k-puffs-love-66-truskawka-kiwi-arbuz-jagoda-malina-lemoniada\/#primaryimage","url":"https:\/\/fizzyvape.eu\/wp-content\/uploads\/2026\/01\/Fizzy-15-in-1-150K-Puffs-Rechargeable-Disposable-Vape-Flavors-7-1.jpg","contentUrl":"https:\/\/fizzyvape.eu\/wp-content\/uploads\/2026\/01\/Fizzy-15-in-1-150K-Puffs-Rechargeable-Disposable-Vape-Flavors-7-1.jpg","width":1000,"height":1000,"caption":"Fizzy 15-in-1 150K Puffs Jednorazowy akumulator Vape Flavors 7"},{"@type":"BreadcrumbList","@id":"https:\/\/fizzyvape.eu\/pl\/produkt\/150k-puffs-love-66-truskawka-kiwi-arbuz-jagoda-malina-lemoniada\/#breadcrumb","itemListElement":[{"@type":"ListItem","position":1,"name":"Home","item":"https:\/\/fizzyvape.eu\/pl\/"},{"@type":"ListItem","position":2,"name":"Sklep","item":"https:\/\/fizzyvape.eu\/pl\/sklep\/"},{"@type":"ListItem","position":3,"name":"150K Puffs &#8211; Love 66 &amp; Truskawka Kiwi &amp; Arbuz Jagoda &amp; Malina Lemoniada"}]},{"@type":"WebSite","@id":"https:\/\/www.fizzyvape.eu\/pl\/#website","url":"https:\/\/www.fizzyvape.eu\/pl\/","name":"fizzyvape.eu","description":"Refreshing Vapes. Unforgettable Taste.","publisher":{"@id":"https:\/\/www.fizzyvape.eu\/pl\/#organization"},"potentialAction":[{"@type":"SearchAction","target":{"@type":"EntryPoint","urlTemplate":"https:\/\/www.fizzyvape.eu\/pl\/?s={search_term_string}"},"query-input":{"@type":"PropertyValueSpecification","valueRequired":true,"valueName":"search_term_string"}}],"inLanguage":"pl-PL"},{"@type":"Organization","@id":"https:\/\/www.fizzyvape.eu\/pl\/#organization","name":"fizzyvape.eu","url":"https:\/\/www.fizzyvape.eu\/pl\/","logo":{"@type":"ImageObject","inLanguage":"pl-PL","@id":"https:\/\/www.fizzyvape.eu\/pl\/#\/schema\/logo\/image\/","url":"https:\/\/fizzyvape.eu\/wp-content\/uploads\/2019\/06\/print-1.svg","contentUrl":"https:\/\/fizzyvape.eu\/wp-content\/uploads\/2019\/06\/print-1.svg","width":124,"height":37,"caption":"fizzyvape.eu"},"image":{"@id":"https:\/\/www.fizzyvape.eu\/pl\/#\/schema\/logo\/image\/"}}]},"og_availability":"instock","product_availability":"instock","product_condition":"new"},"tiered_pricing_type":"fixed","tiered_pricing_fixed_rules":[],"tiered_pricing_product_settings":{"layout":"default","base_unit_name":{"singular":null,"plural":null},"default_variation":null},"tiered_pricing_minimum_quantity":null,"tiered_pricing_roles_data":[],"tiered_pricing_percentage_rules":[],"tiered_pricing_maximum_quantity":null,"tiered_pricing_quantity_step":null,"_links":{"self":[{"href":"https:\/\/fizzyvape.eu\/pl\/wp-json\/wp\/v2\/product\/39084","targetHints":{"allow":["GET"]}}],"collection":[{"href":"https:\/\/fizzyvape.eu\/pl\/wp-json\/wp\/v2\/product"}],"about":[{"href":"https:\/\/fizzyvape.eu\/pl\/wp-json\/wp\/v2\/types\/product"}],"replies":[{"embeddable":true,"href":"https:\/\/fizzyvape.eu\/pl\/wp-json\/wp\/v2\/comments?post=39084"}],"version-history":[{"count":0,"href":"https:\/\/fizzyvape.eu\/pl\/wp-json\/wp\/v2\/product\/39084\/revisions"}],"wp:featuredmedia":[{"embeddable":true,"href":"https:\/\/fizzyvape.eu\/pl\/wp-json\/wp\/v2\/media\/38865"}],"wp:attachment":[{"href":"https:\/\/fizzyvape.eu\/pl\/wp-json\/wp\/v2\/media?parent=39084"}],"wp:term":[{"taxonomy":"product_brand","embeddable":true,"href":"https:\/\/fizzyvape.eu\/pl\/wp-json\/wp\/v2\/product_brand?post=39084"},{"taxonomy":"product_cat","embeddable":true,"href":"https:\/\/fizzyvape.eu\/pl\/wp-json\/wp\/v2\/product_cat?post=39084"},{"taxonomy":"product_tag","embeddable":true,"href":"https:\/\/fizzyvape.eu\/pl\/wp-json\/wp\/v2\/product_tag?post=39084"}],"curies":[{"name":"wp","href":"https:\/\/api.w.org\/{rel}","templated":true}]}}