{"id":39168,"date":"2026-01-19T18:20:41","date_gmt":"2026-01-19T10:20:41","guid":{"rendered":"https:\/\/fizzyvape.eu\/product\/150k-puffs-fizzy-cherry-strawberry-dragon-fruit-lemon-lime-watermelon-blueberry\/"},"modified":"2026-01-19T18:20:41","modified_gmt":"2026-01-19T10:20:41","slug":"150k-puffs-fizzy-cherry-strawberry-dragon-fruit-lemon-lime-watermelon-blueberry","status":"publish","type":"product","link":"https:\/\/fizzyvape.eu\/pl\/produkt\/150k-puffs-fizzy-cherry-strawberry-dragon-fruit-lemon-lime-watermelon-blueberry\/","title":{"rendered":"150K Puffs &#8211; Fizzy Cherry &amp; Strawberry Dragon Fruit &amp; Lemon Lime &amp; Watermelon Blueberry"},"content":{"rendered":"<p><img decoding=\"async\" class=\"wp-image-38887 size-large\" src=\"https:\/\/fizzyvape.eu\/wp-content\/uploads\/2026\/01\/Fizzy-15-in-1-150K-Puffs-Rechargeable-Disposable-Vape-Flavors-10-1-800x800.jpg\" alt=\"Fizzy 15-in-1 150K Puffs Jednorazowy akumulator Vape Smaki 10\" width=\"800\" height=\"800\" srcset=\"https:\/\/fizzyvape.eu\/wp-content\/uploads\/2026\/01\/Fizzy-15-in-1-150K-Puffs-Rechargeable-Disposable-Vape-Flavors-10-1-800x800.jpg 800w, https:\/\/fizzyvape.eu\/wp-content\/uploads\/2026\/01\/Fizzy-15-in-1-150K-Puffs-Rechargeable-Disposable-Vape-Flavors-10-1-300x300.jpg 300w, https:\/\/fizzyvape.eu\/wp-content\/uploads\/2026\/01\/Fizzy-15-in-1-150K-Puffs-Rechargeable-Disposable-Vape-Flavors-10-1-150x150.jpg 150w, https:\/\/fizzyvape.eu\/wp-content\/uploads\/2026\/01\/Fizzy-15-in-1-150K-Puffs-Rechargeable-Disposable-Vape-Flavors-10-1-768x768.jpg 768w, https:\/\/fizzyvape.eu\/wp-content\/uploads\/2026\/01\/Fizzy-15-in-1-150K-Puffs-Rechargeable-Disposable-Vape-Flavors-10-1-100x100.jpg 100w, https:\/\/fizzyvape.eu\/wp-content\/uploads\/2026\/01\/Fizzy-15-in-1-150K-Puffs-Rechargeable-Disposable-Vape-Flavors-10-1-200x200.jpg 200w, https:\/\/fizzyvape.eu\/wp-content\/uploads\/2026\/01\/Fizzy-15-in-1-150K-Puffs-Rechargeable-Disposable-Vape-Flavors-10-1-400x400.jpg 400w, https:\/\/fizzyvape.eu\/wp-content\/uploads\/2026\/01\/Fizzy-15-in-1-150K-Puffs-Rechargeable-Disposable-Vape-Flavors-10-1-500x500.jpg 500w, https:\/\/fizzyvape.eu\/wp-content\/uploads\/2026\/01\/Fizzy-15-in-1-150K-Puffs-Rechargeable-Disposable-Vape-Flavors-10-1-430x430.jpg 430w, https:\/\/fizzyvape.eu\/wp-content\/uploads\/2026\/01\/Fizzy-15-in-1-150K-Puffs-Rechargeable-Disposable-Vape-Flavors-10-1-700x700.jpg 700w, https:\/\/fizzyvape.eu\/wp-content\/uploads\/2026\/01\/Fizzy-15-in-1-150K-Puffs-Rechargeable-Disposable-Vape-Flavors-10-1.jpg 1000w\" sizes=\"(max-width: 800px) 100vw, 800px\" \/><\/p>\n<h2>Fizzy 150K Puffs &#8211; Fizzy Cherry &amp; Strawberry Dragon Fruit &amp; Lemon Lime &amp; Watermelon Blueberry<\/h2>\n<p><span class=\"\">Wkrocz w przysz\u0142o\u015b\u0107 waporyzacji z urz\u0105dzeniem  <\/span><b>Jednorazowe vape Fizzy 150K Puffs<\/b><span class=\"\">,<\/span><span class=\"\">  niekwestionowany kr\u00f3l pojemno\u015bci i r\u00f3\u017cnorodno\u015bci.<\/span><span class=\"\">  Wyposa\u017cony w masywny  <\/span><b>Zbiornik e-liquidu o pojemno\u015bci 80 ml<\/b><span class=\"\">  i opatentowany  <\/span><b>Inteligentny system prze\u0142\u0105czania 15 w 1<\/b><span class=\"\">,<\/span><span class=\"\">  To pot\u0119\u017cne urz\u0105dzenie zapewnia tygodnie doskona\u0142ej pary.<\/span><span class=\"\">  Ta konkretna edycja to mistrzowska klasa r\u00f3wnowagi,<\/span><span class=\"\">  Po\u0142\u0105czenie odwa\u017cnego popu  <\/span><b>Fizzy Cherry<\/b><span class=\"\">  z egzotyczn\u0105 kremow\u0105 konsystencj\u0105  <\/span><b>Smoczy owoc truskawkowy<\/b><span class=\"\">  i ostra sk\u00f3rka  <\/span><b>Lemon Lime<\/b><span class=\"\">.<\/span><\/p>\n<h2><b>Paleta smak\u00f3w 4-Pod<\/b><\/h2>\n<p><span class=\"\">Wewn\u0105trz tego <\/span><b>Jednorazowy vape 150K Puffs<\/b><span class=\"\">,<\/span><span class=\"\"> znajduj\u0105 si\u0119 cztery niezale\u017cne kapsu\u0142ki o pojemno\u015bci 20 ml.<\/span><span class=\"\"> Ciesz si\u0119 nimi jako samodzielnymi smakami,<\/span><span class=\"\"> lub u\u017cyj inteligentnego prze\u0142\u0105cznika, aby <\/span><b>po\u0142\u0105czy\u0107 je w 15 unikalnych kombinacji hybrydowych<\/b><span class=\"\">:<\/span><\/p>\n<ul>\n<li><b>Fizzy Cherry:<\/b><span class=\"\"> Jasny,<\/span><span class=\"\"> musuj\u0105cy smak sody wi\u015bniowej z musuj\u0105cym,<\/span><span class=\"\"> s\u0142odkim wyko\u0144czeniem.<\/span><\/li>\n<li><b>Smoczy owoc truskawkowy:<\/b><span class=\"\"> Egzotyczna,<\/span><span class=\"\"> aksamitna mieszanka dojrza\u0142ych w s\u0142o\u0144cu truskawek i kremowego r\u00f3\u017cowego smoczego owocu.<\/span><\/li>\n<li><b>Lemon Lime:<\/b><span class=\"\"> Ostra,<\/span><span class=\"\"> cytrusowa eksplozja soczystych cytryn i pikantnych limonek dla czystego,<\/span><span class=\"\"> orze\u017awiaj\u0105cy smak.<\/span><\/li>\n<li><b>Watermelon Blueberry:<\/b><span class=\"\"> Soczysty,<\/span><span class=\"\"> letni duet chrupi\u0105cego arbuza i s\u0142odkich,<\/span><span class=\"\"> dojrza\u0142ych g\u00f3rskich jag\u00f3d.<\/span><\/li>\n<\/ul>\n<p><img decoding=\"async\" class=\"wp-image-38407 size-full\" src=\"https:\/\/fizzyvape.eu\/wp-content\/uploads\/2025\/12\/Fizzy-150K-Puffs-Disposable-Vape-5-scaled.jpg\" alt=\"Fizzy 150K Puffs jednorazowe Vape - 5\" width=\"1663\" height=\"2560\" srcset=\"https:\/\/fizzyvape.eu\/wp-content\/uploads\/2025\/12\/Fizzy-150K-Puffs-Disposable-Vape-5-scaled.jpg 1663w, https:\/\/fizzyvape.eu\/wp-content\/uploads\/2025\/12\/Fizzy-150K-Puffs-Disposable-Vape-5-195x300.jpg 195w, https:\/\/fizzyvape.eu\/wp-content\/uploads\/2025\/12\/Fizzy-150K-Puffs-Disposable-Vape-5-520x800.jpg 520w, https:\/\/fizzyvape.eu\/wp-content\/uploads\/2025\/12\/Fizzy-150K-Puffs-Disposable-Vape-5-768x1182.jpg 768w, https:\/\/fizzyvape.eu\/wp-content\/uploads\/2025\/12\/Fizzy-150K-Puffs-Disposable-Vape-5-998x1536.jpg 998w, https:\/\/fizzyvape.eu\/wp-content\/uploads\/2025\/12\/Fizzy-150K-Puffs-Disposable-Vape-5-1330x2048.jpg 1330w, https:\/\/fizzyvape.eu\/wp-content\/uploads\/2025\/12\/Fizzy-150K-Puffs-Disposable-Vape-5-430x662.jpg 430w, https:\/\/fizzyvape.eu\/wp-content\/uploads\/2025\/12\/Fizzy-150K-Puffs-Disposable-Vape-5-700x1078.jpg 700w, https:\/\/fizzyvape.eu\/wp-content\/uploads\/2025\/12\/Fizzy-150K-Puffs-Disposable-Vape-5-150x231.jpg 150w\" sizes=\"(max-width: 1663px) 100vw, 1663px\" \/><\/p>\n<h2><b>Specyfikacja<\/b><\/h2>\n<table>\n<thead>\n<tr>\n<td><strong>Funkcja<\/strong><\/td>\n<td><strong>Dane techniczne B2B<\/strong><\/td>\n<\/tr>\n<\/thead>\n<tbody>\n<tr>\n<td><b>Liczba zaci\u0105gni\u0119\u0107<\/b><\/td>\n<td>Do 150 000 zaci\u0105gni\u0119\u0107<\/td>\n<\/tr>\n<tr>\n<td><b>Pojemno\u015b\u0107 e-p\u0142ynu<\/b><\/td>\n<td><b>\u0141\u0105cznie 80 ml (20 ml x 4 niezale\u017cne kapsu\u0142ki)<\/b><\/td>\n<\/tr>\n<tr>\n<td><b>Bateria<\/b><\/td>\n<td>1000 mAh Pure Cobalt (akumulator typu C)<\/td>\n<\/tr>\n<tr>\n<td><b>Tryby smaku<\/b><\/td>\n<td><b>15 inteligentnych kombinacji (A\/B\/C\/D + hybrydy)<\/b><\/td>\n<\/tr>\n<tr>\n<td><b>System cewek<\/b><\/td>\n<td>Quad-Mesh 1.0\u03a9 (wysoka sp\u00f3jno\u015b\u0107 dostarczania)<\/td>\n<\/tr>\n<tr>\n<td><b>Opakowania<\/b><\/td>\n<td>Gotowe do sprzeda\u017cy detalicznej pude\u0142ka ekspozycyjne<\/td>\n<\/tr>\n<\/tbody>\n<\/table>\n<h2><b>\ud83c\udfa8Fizzy<\/b>15-in-1 150K Puffs <strong>Jednorazowy<\/strong> akumulator <strong>Vape Lista smak\u00f3w:<\/strong><\/h2>\n<ol>\n<li><a href=\"https:\/\/fizzyvape.eu\/pl\/produkt\/150k-puffs-watermelon-ice-red-bull-strawberry-raspberry-triple-melon-ice\/\">l\u00f3d arbuzowy &amp; red bull &amp; malina truskawkowa &amp; potr\u00f3jny l\u00f3d melonowy<\/a><\/li>\n<li><a href=\"https:\/\/fizzyvape.eu\/pl\/produkt\/150k-puffs-strawberry-ice-kiwi-passion-fruit-guava-peach-mango-watermelon-grape-burst\/\">l\u00f3d truskawkowy i kiwi marakuja guawa i brzoskwinia mango arbuz i winogrono burst<\/a><\/li>\n<li><a href=\"https:\/\/fizzyvape.eu\/pl\/produkt\/150k-puffs-red-bull-strawberry-kiwi-pomegranate-blueberry-ice-pineapple-coconut\/\">red bull &amp; truskawka kiwi granat &amp; jagoda l\u00f3d &amp; ananas kokos<\/a><\/li>\n<li><a href=\"https:\/\/fizzyvape.eu\/pl\/produkt\/150k-puffs-truskawka-kiwi-mixed-berry-arbuz-bubblegum-soczysta-brzoskwinia\/\">truskawka kiwi &amp; mieszanka jag\u00f3d &amp; arbuz bubblegum &amp; soczysta brzoskwinia<\/a><\/li>\n<li><a href=\"https:\/\/fizzyvape.eu\/pl\/produkt\/150k-puffs-blueberry-raspberry-strawberry-ice-blue-razz-lemonade-watermelon-gummy-bear\/\">jagoda malina &amp; truskawka ice &amp; lemoniada blue razz &amp; arbuz gummy bear<\/a><\/li>\n<li><a href=\"https:\/\/fizzyvape.eu\/pl\/produkt\/150k-puffs-tropical-fruit-punch-watermelon-raspberry-blueberry-coconut-strawberry-skittles\/\">poncz z owoc\u00f3w tropikalnych &amp; arbuz malina &amp; jagoda kokos &amp; truskawka skittles<\/a><\/li>\n<li><a href=\"https:\/\/fizzyvape.eu\/pl\/produkt\/150k-puffs-love-66-truskawka-kiwi-arbuz-jagoda-malina-lemoniada\/\">love 66 &amp; truskawka kiwi &amp; arbuz jagoda &amp; malina lemoniada<\/a><\/li>\n<li><a href=\"https:\/\/fizzyvape.eu\/pl\/produkt\/150k-puffs-mixed-berry-pineapple-peach-passion-fruit-fizzy-cola-strawberry-raspberry\/\">mieszanka jag\u00f3d i ananasa brzoskwinia marakuja i gazowana cola truskawka malina<\/a><\/li>\n<li><a href=\"https:\/\/fizzyvape.eu\/pl\/produkt\/150k-puffs-blue-razz-rapsberry-watermelon-cherry-ice-strawberry-grape-passion-fruit-orange-peach\/\">blue razz rapsberry &amp; watermelon cherry ice &amp; strawberry grape &amp;passion fruit orange peach<\/a><\/li>\n<li><a href=\"https:\/\/fizzyvape.eu\/pl\/produkt\/150k-puffs-fizzy-cherry-strawberry-dragon-fruit-lemon-lime-watermelon-blueberry\/\">musuj\u0105ca wi\u015bnia &amp; truskawka smoczy owoc &amp; cytryna limonka &amp; arbuz jagoda<\/a><\/li>\n<li><a href=\"https:\/\/fizzyvape.eu\/produkt\/fizzy-150k-puffs-vanilla-coke-berry-set\/\">truskawka z col\u0105 waniliow\u0105 &amp; malina z jagodami &amp; arbuz z lodem &amp; wi\u015bnia z jagodami<\/a><\/li>\n<li><a href=\"https:\/\/fizzyvape.eu\/produkt\/fizzy-150k-puffs-mojito-ice-set\/\">l\u00f3d jagodowy &amp; truskawka arbuz &amp; mojito &amp; kiwi marakuja guawa<\/a><\/li>\n<\/ol>\n<h2><b>Szybkie FAQ<\/b><\/h2>\n<p><b>P: Jak zmieni\u0107 smak w Fizzy 150K?<\/b><\/p>\n<p>O: U\u017cyj inteligentnego prze\u0142\u0105cznika na urz\u0105dzeniu, aby prze\u0142\u0105cza\u0107 si\u0119 mi\u0119dzy kapsu\u0142kami A, B, C i D. Mo\u017cesz tak\u017ce wybra\u0107 tryb &#8220;Combo&#8221;, aby miesza\u0107 smaki kapsu\u0142ek, aby uzyska\u0107 ca\u0142kowicie unikaln\u0105 palet\u0119 15 smak\u00f3w.<\/p>\n<p><b>P: Czy jednorazowy vape 150K Puffs jest autentyczny?<\/b><\/p>\n<p>Tak. Ka\u017cdy Fizzy 150K zawiera unikalny kod zdrapki zabezpieczaj\u0105cej. Kod nale\u017cy wprowadzi\u0107 na oficjalnej stronie Fizzy, aby potwierdzi\u0107, \u017ce urz\u0105dzenie jest w 100% oryginalne.  <\/p>\n<p><b>P: Sk\u0105d mam wiedzie\u0107, kiedy poziom e-liquidu jest niski?<\/b><\/p>\n<p>O: Inteligentny ekran LED wy\u015bwietla cztery indywidualne wska\u017aniki e-liquidu. Gdy wska\u017anik jest pusty, odpowiednia kapsu\u0142ka smakowa o pojemno\u015bci 20 ml jest gotowa. <\/p>\n","protected":false},"excerpt":{"rendered":"[html_block id=\"38779\"]\n","protected":false},"featured_media":38892,"comment_status":"open","ping_status":"closed","template":"","meta":{"iawp_total_views":1},"product_brand":[],"product_cat":[998],"product_tag":[],"class_list":{"0":"post-39168","1":"product","2":"type-product","3":"status-publish","4":"has-post-thumbnail","6":"product_cat-fizzy-150k-150-000-zaciagniec-15-w-1-jednorazowy-ladowalny-e-papieros","8":"first","9":"instock","10":"sale","11":"shipping-taxable","12":"purchasable","13":"product-type-variable"},"yoast_head":"<!-- This site is optimized with the Yoast SEO Premium plugin v24.8 (Yoast SEO v27.4) - https:\/\/yoast.com\/product\/yoast-seo-premium-wordpress\/ -->\n<title>Fizzy Cherry &amp; Lemon Lime | Fizzy 150K Vape - smaki 15 w 1<\/title>\n<meta name=\"description\" content=\"Odkryj jednorazowe vape Fizzy 150K Puffs z Fizzy Cherry, Strawberry Dragon Fruit, Lemon Lime i Watermelon Blueberry. G\u0142adkie uderzenia, ogromna liczba zaci\u0105gni\u0119\u0107.\" \/>\n<meta name=\"robots\" content=\"index, follow, max-snippet:-1, max-image-preview:large, max-video-preview:-1\" \/>\n<link rel=\"canonical\" href=\"https:\/\/fizzyvape.eu\/pl\/produkt\/150k-puffs-fizzy-cherry-strawberry-dragon-fruit-lemon-lime-watermelon-blueberry\/\" \/>\n<meta property=\"og:locale\" content=\"pl_PL\" \/>\n<meta property=\"og:type\" content=\"article\" \/>\n<meta property=\"og:title\" content=\"150K Puffs - Fizzy Cherry &amp; Strawberry Dragon Fruit &amp; Lemon Lime &amp; Watermelon Blueberry\" \/>\n<meta property=\"og:description\" content=\"Odkryj jednorazowe vape Fizzy 150K Puffs z Fizzy Cherry, Strawberry Dragon Fruit, Lemon Lime i Watermelon Blueberry. G\u0142adkie uderzenia, ogromna liczba zaci\u0105gni\u0119\u0107.\" \/>\n<meta property=\"og:url\" content=\"https:\/\/fizzyvape.eu\/pl\/produkt\/150k-puffs-fizzy-cherry-strawberry-dragon-fruit-lemon-lime-watermelon-blueberry\/\" \/>\n<meta property=\"og:site_name\" content=\"fizzyvape.eu\" \/>\n<meta property=\"og:image\" content=\"https:\/\/fizzyvape.eu\/wp-content\/uploads\/2026\/01\/Fizzy-15-in-1-150K-Puffs-Rechargeable-Disposable-Vape-Flavors-10-1.jpg\" \/>\n\t<meta property=\"og:image:width\" content=\"1000\" \/>\n\t<meta property=\"og:image:height\" content=\"1000\" \/>\n\t<meta property=\"og:image:type\" content=\"image\/jpeg\" \/>\n<meta name=\"twitter:card\" content=\"summary_large_image\" \/>\n<meta name=\"twitter:label1\" content=\"Dost\u0119pno\u015b\u0107\" \/>\n\t<meta name=\"twitter:data1\" content=\"Dost\u0119pny\" \/>\n<script type=\"application\/ld+json\" class=\"yoast-schema-graph\">{\"@context\":\"https:\\\/\\\/schema.org\",\"@graph\":[{\"@type\":\"WebPage\",\"@id\":\"https:\\\/\\\/fizzyvape.eu\\\/pl\\\/produkt\\\/150k-puffs-fizzy-cherry-strawberry-dragon-fruit-lemon-lime-watermelon-blueberry\\\/\",\"url\":\"https:\\\/\\\/fizzyvape.eu\\\/pl\\\/produkt\\\/150k-puffs-fizzy-cherry-strawberry-dragon-fruit-lemon-lime-watermelon-blueberry\\\/\",\"name\":\"Fizzy Cherry & Lemon Lime | Fizzy 150K Vape - smaki 15 w 1\",\"isPartOf\":{\"@id\":\"https:\\\/\\\/www.fizzyvape.eu\\\/pl\\\/#website\"},\"primaryImageOfPage\":{\"@id\":\"https:\\\/\\\/fizzyvape.eu\\\/pl\\\/produkt\\\/150k-puffs-fizzy-cherry-strawberry-dragon-fruit-lemon-lime-watermelon-blueberry\\\/#primaryimage\"},\"image\":{\"@id\":\"https:\\\/\\\/fizzyvape.eu\\\/pl\\\/produkt\\\/150k-puffs-fizzy-cherry-strawberry-dragon-fruit-lemon-lime-watermelon-blueberry\\\/#primaryimage\"},\"thumbnailUrl\":\"https:\\\/\\\/fizzyvape.eu\\\/wp-content\\\/uploads\\\/2026\\\/01\\\/Fizzy-15-in-1-150K-Puffs-Rechargeable-Disposable-Vape-Flavors-10-1.jpg\",\"datePublished\":\"2026-01-19T10:20:41+00:00\",\"description\":\"Odkryj jednorazowe vape Fizzy 150K Puffs z Fizzy Cherry, Strawberry Dragon Fruit, Lemon Lime i Watermelon Blueberry. G\u0142adkie uderzenia, ogromna liczba zaci\u0105gni\u0119\u0107.\",\"breadcrumb\":{\"@id\":\"https:\\\/\\\/fizzyvape.eu\\\/pl\\\/produkt\\\/150k-puffs-fizzy-cherry-strawberry-dragon-fruit-lemon-lime-watermelon-blueberry\\\/#breadcrumb\"},\"inLanguage\":\"pl-PL\",\"potentialAction\":[{\"@type\":\"ReadAction\",\"target\":[\"https:\\\/\\\/fizzyvape.eu\\\/pl\\\/produkt\\\/150k-puffs-fizzy-cherry-strawberry-dragon-fruit-lemon-lime-watermelon-blueberry\\\/\"]}]},{\"@type\":\"ImageObject\",\"inLanguage\":\"pl-PL\",\"@id\":\"https:\\\/\\\/fizzyvape.eu\\\/pl\\\/produkt\\\/150k-puffs-fizzy-cherry-strawberry-dragon-fruit-lemon-lime-watermelon-blueberry\\\/#primaryimage\",\"url\":\"https:\\\/\\\/fizzyvape.eu\\\/wp-content\\\/uploads\\\/2026\\\/01\\\/Fizzy-15-in-1-150K-Puffs-Rechargeable-Disposable-Vape-Flavors-10-1.jpg\",\"contentUrl\":\"https:\\\/\\\/fizzyvape.eu\\\/wp-content\\\/uploads\\\/2026\\\/01\\\/Fizzy-15-in-1-150K-Puffs-Rechargeable-Disposable-Vape-Flavors-10-1.jpg\",\"width\":1000,\"height\":1000,\"caption\":\"Fizzy 15-in-1 150K Puffs Jednorazowy akumulator Vape Smaki 10\"},{\"@type\":\"BreadcrumbList\",\"@id\":\"https:\\\/\\\/fizzyvape.eu\\\/pl\\\/produkt\\\/150k-puffs-fizzy-cherry-strawberry-dragon-fruit-lemon-lime-watermelon-blueberry\\\/#breadcrumb\",\"itemListElement\":[{\"@type\":\"ListItem\",\"position\":1,\"name\":\"Home\",\"item\":\"https:\\\/\\\/fizzyvape.eu\\\/pl\\\/\"},{\"@type\":\"ListItem\",\"position\":2,\"name\":\"Sklep\",\"item\":\"https:\\\/\\\/fizzyvape.eu\\\/pl\\\/sklep\\\/\"},{\"@type\":\"ListItem\",\"position\":3,\"name\":\"150K Puffs &#8211; Fizzy Cherry &amp; Strawberry Dragon Fruit &amp; Lemon Lime &amp; Watermelon Blueberry\"}]},{\"@type\":\"WebSite\",\"@id\":\"https:\\\/\\\/www.fizzyvape.eu\\\/pl\\\/#website\",\"url\":\"https:\\\/\\\/www.fizzyvape.eu\\\/pl\\\/\",\"name\":\"fizzyvape.eu\",\"description\":\"Refreshing Vapes. Unforgettable Taste.\",\"publisher\":{\"@id\":\"https:\\\/\\\/www.fizzyvape.eu\\\/pl\\\/#organization\"},\"potentialAction\":[{\"@type\":\"SearchAction\",\"target\":{\"@type\":\"EntryPoint\",\"urlTemplate\":\"https:\\\/\\\/www.fizzyvape.eu\\\/pl\\\/?s={search_term_string}\"},\"query-input\":{\"@type\":\"PropertyValueSpecification\",\"valueRequired\":true,\"valueName\":\"search_term_string\"}}],\"inLanguage\":\"pl-PL\"},{\"@type\":\"Organization\",\"@id\":\"https:\\\/\\\/www.fizzyvape.eu\\\/pl\\\/#organization\",\"name\":\"fizzyvape.eu\",\"url\":\"https:\\\/\\\/www.fizzyvape.eu\\\/pl\\\/\",\"logo\":{\"@type\":\"ImageObject\",\"inLanguage\":\"pl-PL\",\"@id\":\"https:\\\/\\\/www.fizzyvape.eu\\\/pl\\\/#\\\/schema\\\/logo\\\/image\\\/\",\"url\":\"https:\\\/\\\/fizzyvape.eu\\\/wp-content\\\/uploads\\\/2019\\\/06\\\/print-1.svg\",\"contentUrl\":\"https:\\\/\\\/fizzyvape.eu\\\/wp-content\\\/uploads\\\/2019\\\/06\\\/print-1.svg\",\"width\":124,\"height\":37,\"caption\":\"fizzyvape.eu\"},\"image\":{\"@id\":\"https:\\\/\\\/www.fizzyvape.eu\\\/pl\\\/#\\\/schema\\\/logo\\\/image\\\/\"}}]}<\/script>\n<meta property=\"og:availability\" content=\"instock\" \/>\n<meta property=\"product:availability\" content=\"instock\" \/>\n<meta property=\"product:condition\" content=\"new\" \/>\n<!-- \/ Yoast SEO Premium plugin. -->","yoast_head_json":{"title":"Fizzy Cherry & Lemon Lime | Fizzy 150K Vape - smaki 15 w 1","description":"Odkryj jednorazowe vape Fizzy 150K Puffs z Fizzy Cherry, Strawberry Dragon Fruit, Lemon Lime i Watermelon Blueberry. G\u0142adkie uderzenia, ogromna liczba zaci\u0105gni\u0119\u0107.","robots":{"index":"index","follow":"follow","max-snippet":"max-snippet:-1","max-image-preview":"max-image-preview:large","max-video-preview":"max-video-preview:-1"},"canonical":"https:\/\/fizzyvape.eu\/pl\/produkt\/150k-puffs-fizzy-cherry-strawberry-dragon-fruit-lemon-lime-watermelon-blueberry\/","og_locale":"pl_PL","og_type":"article","og_title":"150K Puffs - Fizzy Cherry &amp; Strawberry Dragon Fruit &amp; Lemon Lime &amp; Watermelon Blueberry","og_description":"Odkryj jednorazowe vape Fizzy 150K Puffs z Fizzy Cherry, Strawberry Dragon Fruit, Lemon Lime i Watermelon Blueberry. G\u0142adkie uderzenia, ogromna liczba zaci\u0105gni\u0119\u0107.","og_url":"https:\/\/fizzyvape.eu\/pl\/produkt\/150k-puffs-fizzy-cherry-strawberry-dragon-fruit-lemon-lime-watermelon-blueberry\/","og_site_name":"fizzyvape.eu","og_image":[{"width":1000,"height":1000,"url":"https:\/\/fizzyvape.eu\/wp-content\/uploads\/2026\/01\/Fizzy-15-in-1-150K-Puffs-Rechargeable-Disposable-Vape-Flavors-10-1.jpg","type":"image\/jpeg"}],"twitter_card":"summary_large_image","twitter_misc":{"Dost\u0119pno\u015b\u0107":"Dost\u0119pny"},"schema":{"@context":"https:\/\/schema.org","@graph":[{"@type":"WebPage","@id":"https:\/\/fizzyvape.eu\/pl\/produkt\/150k-puffs-fizzy-cherry-strawberry-dragon-fruit-lemon-lime-watermelon-blueberry\/","url":"https:\/\/fizzyvape.eu\/pl\/produkt\/150k-puffs-fizzy-cherry-strawberry-dragon-fruit-lemon-lime-watermelon-blueberry\/","name":"Fizzy Cherry & Lemon Lime | Fizzy 150K Vape - smaki 15 w 1","isPartOf":{"@id":"https:\/\/www.fizzyvape.eu\/pl\/#website"},"primaryImageOfPage":{"@id":"https:\/\/fizzyvape.eu\/pl\/produkt\/150k-puffs-fizzy-cherry-strawberry-dragon-fruit-lemon-lime-watermelon-blueberry\/#primaryimage"},"image":{"@id":"https:\/\/fizzyvape.eu\/pl\/produkt\/150k-puffs-fizzy-cherry-strawberry-dragon-fruit-lemon-lime-watermelon-blueberry\/#primaryimage"},"thumbnailUrl":"https:\/\/fizzyvape.eu\/wp-content\/uploads\/2026\/01\/Fizzy-15-in-1-150K-Puffs-Rechargeable-Disposable-Vape-Flavors-10-1.jpg","datePublished":"2026-01-19T10:20:41+00:00","description":"Odkryj jednorazowe vape Fizzy 150K Puffs z Fizzy Cherry, Strawberry Dragon Fruit, Lemon Lime i Watermelon Blueberry. G\u0142adkie uderzenia, ogromna liczba zaci\u0105gni\u0119\u0107.","breadcrumb":{"@id":"https:\/\/fizzyvape.eu\/pl\/produkt\/150k-puffs-fizzy-cherry-strawberry-dragon-fruit-lemon-lime-watermelon-blueberry\/#breadcrumb"},"inLanguage":"pl-PL","potentialAction":[{"@type":"ReadAction","target":["https:\/\/fizzyvape.eu\/pl\/produkt\/150k-puffs-fizzy-cherry-strawberry-dragon-fruit-lemon-lime-watermelon-blueberry\/"]}]},{"@type":"ImageObject","inLanguage":"pl-PL","@id":"https:\/\/fizzyvape.eu\/pl\/produkt\/150k-puffs-fizzy-cherry-strawberry-dragon-fruit-lemon-lime-watermelon-blueberry\/#primaryimage","url":"https:\/\/fizzyvape.eu\/wp-content\/uploads\/2026\/01\/Fizzy-15-in-1-150K-Puffs-Rechargeable-Disposable-Vape-Flavors-10-1.jpg","contentUrl":"https:\/\/fizzyvape.eu\/wp-content\/uploads\/2026\/01\/Fizzy-15-in-1-150K-Puffs-Rechargeable-Disposable-Vape-Flavors-10-1.jpg","width":1000,"height":1000,"caption":"Fizzy 15-in-1 150K Puffs Jednorazowy akumulator Vape Smaki 10"},{"@type":"BreadcrumbList","@id":"https:\/\/fizzyvape.eu\/pl\/produkt\/150k-puffs-fizzy-cherry-strawberry-dragon-fruit-lemon-lime-watermelon-blueberry\/#breadcrumb","itemListElement":[{"@type":"ListItem","position":1,"name":"Home","item":"https:\/\/fizzyvape.eu\/pl\/"},{"@type":"ListItem","position":2,"name":"Sklep","item":"https:\/\/fizzyvape.eu\/pl\/sklep\/"},{"@type":"ListItem","position":3,"name":"150K Puffs &#8211; Fizzy Cherry &amp; Strawberry Dragon Fruit &amp; Lemon Lime &amp; Watermelon Blueberry"}]},{"@type":"WebSite","@id":"https:\/\/www.fizzyvape.eu\/pl\/#website","url":"https:\/\/www.fizzyvape.eu\/pl\/","name":"fizzyvape.eu","description":"Refreshing Vapes. Unforgettable Taste.","publisher":{"@id":"https:\/\/www.fizzyvape.eu\/pl\/#organization"},"potentialAction":[{"@type":"SearchAction","target":{"@type":"EntryPoint","urlTemplate":"https:\/\/www.fizzyvape.eu\/pl\/?s={search_term_string}"},"query-input":{"@type":"PropertyValueSpecification","valueRequired":true,"valueName":"search_term_string"}}],"inLanguage":"pl-PL"},{"@type":"Organization","@id":"https:\/\/www.fizzyvape.eu\/pl\/#organization","name":"fizzyvape.eu","url":"https:\/\/www.fizzyvape.eu\/pl\/","logo":{"@type":"ImageObject","inLanguage":"pl-PL","@id":"https:\/\/www.fizzyvape.eu\/pl\/#\/schema\/logo\/image\/","url":"https:\/\/fizzyvape.eu\/wp-content\/uploads\/2019\/06\/print-1.svg","contentUrl":"https:\/\/fizzyvape.eu\/wp-content\/uploads\/2019\/06\/print-1.svg","width":124,"height":37,"caption":"fizzyvape.eu"},"image":{"@id":"https:\/\/www.fizzyvape.eu\/pl\/#\/schema\/logo\/image\/"}}]},"og_availability":"instock","product_availability":"instock","product_condition":"new"},"tiered_pricing_type":"fixed","tiered_pricing_fixed_rules":[],"tiered_pricing_product_settings":{"layout":"default","base_unit_name":{"singular":null,"plural":null},"default_variation":null},"tiered_pricing_minimum_quantity":null,"tiered_pricing_roles_data":[],"tiered_pricing_percentage_rules":[],"tiered_pricing_maximum_quantity":null,"tiered_pricing_quantity_step":null,"_links":{"self":[{"href":"https:\/\/fizzyvape.eu\/pl\/wp-json\/wp\/v2\/product\/39168","targetHints":{"allow":["GET"]}}],"collection":[{"href":"https:\/\/fizzyvape.eu\/pl\/wp-json\/wp\/v2\/product"}],"about":[{"href":"https:\/\/fizzyvape.eu\/pl\/wp-json\/wp\/v2\/types\/product"}],"replies":[{"embeddable":true,"href":"https:\/\/fizzyvape.eu\/pl\/wp-json\/wp\/v2\/comments?post=39168"}],"version-history":[{"count":0,"href":"https:\/\/fizzyvape.eu\/pl\/wp-json\/wp\/v2\/product\/39168\/revisions"}],"wp:featuredmedia":[{"embeddable":true,"href":"https:\/\/fizzyvape.eu\/pl\/wp-json\/wp\/v2\/media\/38892"}],"wp:attachment":[{"href":"https:\/\/fizzyvape.eu\/pl\/wp-json\/wp\/v2\/media?parent=39168"}],"wp:term":[{"taxonomy":"product_brand","embeddable":true,"href":"https:\/\/fizzyvape.eu\/pl\/wp-json\/wp\/v2\/product_brand?post=39168"},{"taxonomy":"product_cat","embeddable":true,"href":"https:\/\/fizzyvape.eu\/pl\/wp-json\/wp\/v2\/product_cat?post=39168"},{"taxonomy":"product_tag","embeddable":true,"href":"https:\/\/fizzyvape.eu\/pl\/wp-json\/wp\/v2\/product_tag?post=39168"}],"curies":[{"name":"wp","href":"https:\/\/api.w.org\/{rel}","templated":true}]}}