{"id":39204,"date":"2026-01-19T18:20:47","date_gmt":"2026-01-19T10:20:47","guid":{"rendered":"https:\/\/fizzyvape.eu\/product\/150k-puffs-blueberry-ice-strawberry-watermelon-mojito-kiwi-passion-fruit-guava\/"},"modified":"2026-01-19T18:20:47","modified_gmt":"2026-01-19T10:20:47","slug":"150k-puffs-blueberry-ice-strawberry-watermelon-mojito-kiwi-passion-fruit-guava","status":"publish","type":"product","link":"https:\/\/fizzyvape.eu\/pl\/produkt\/150k-puffs-blueberry-ice-strawberry-watermelon-mojito-kiwi-passion-fruit-guava\/","title":{"rendered":"150K Puffs &#8211; Blueberry Ice &amp; Strawberry Watermelon &amp; Mojito &amp; Kiwi Passion Fruit Guava"},"content":{"rendered":"<p><img decoding=\"async\" class=\"aligncenter wp-image-38905 size-large\" src=\"https:\/\/fizzyvape.eu\/wp-content\/uploads\/2026\/01\/Fizzy-15-in-1-150K-Puffs-Rechargeable-Disposable-Vape-Flavors-12-1-800x800.jpg\" alt=\"Fizzy 15-in-1 150K Puffs Jednorazowy akumulator Vape Smaki 12\" width=\"800\" height=\"800\" srcset=\"https:\/\/fizzyvape.eu\/wp-content\/uploads\/2026\/01\/Fizzy-15-in-1-150K-Puffs-Rechargeable-Disposable-Vape-Flavors-12-1-800x800.jpg 800w, https:\/\/fizzyvape.eu\/wp-content\/uploads\/2026\/01\/Fizzy-15-in-1-150K-Puffs-Rechargeable-Disposable-Vape-Flavors-12-1-300x300.jpg 300w, https:\/\/fizzyvape.eu\/wp-content\/uploads\/2026\/01\/Fizzy-15-in-1-150K-Puffs-Rechargeable-Disposable-Vape-Flavors-12-1-150x150.jpg 150w, https:\/\/fizzyvape.eu\/wp-content\/uploads\/2026\/01\/Fizzy-15-in-1-150K-Puffs-Rechargeable-Disposable-Vape-Flavors-12-1-768x768.jpg 768w, https:\/\/fizzyvape.eu\/wp-content\/uploads\/2026\/01\/Fizzy-15-in-1-150K-Puffs-Rechargeable-Disposable-Vape-Flavors-12-1-100x100.jpg 100w, https:\/\/fizzyvape.eu\/wp-content\/uploads\/2026\/01\/Fizzy-15-in-1-150K-Puffs-Rechargeable-Disposable-Vape-Flavors-12-1-200x200.jpg 200w, https:\/\/fizzyvape.eu\/wp-content\/uploads\/2026\/01\/Fizzy-15-in-1-150K-Puffs-Rechargeable-Disposable-Vape-Flavors-12-1-400x400.jpg 400w, https:\/\/fizzyvape.eu\/wp-content\/uploads\/2026\/01\/Fizzy-15-in-1-150K-Puffs-Rechargeable-Disposable-Vape-Flavors-12-1-500x500.jpg 500w, https:\/\/fizzyvape.eu\/wp-content\/uploads\/2026\/01\/Fizzy-15-in-1-150K-Puffs-Rechargeable-Disposable-Vape-Flavors-12-1-430x430.jpg 430w, https:\/\/fizzyvape.eu\/wp-content\/uploads\/2026\/01\/Fizzy-15-in-1-150K-Puffs-Rechargeable-Disposable-Vape-Flavors-12-1-700x700.jpg 700w, https:\/\/fizzyvape.eu\/wp-content\/uploads\/2026\/01\/Fizzy-15-in-1-150K-Puffs-Rechargeable-Disposable-Vape-Flavors-12-1.jpg 1000w\" sizes=\"(max-width: 800px) 100vw, 800px\" \/><\/p>\n<h2>Fizzy 150K Puffs jednorazowe Vape &#8211; Blueberry Ice &amp; Strawberry Watermelon &amp; Mojito &amp; Kiwi Passion Fruit Guava<\/h2>\n<p><b>\u2744\ufe0f 150,000 Puffs. 15 smak\u00f3w. Najlepsze orze\u017awienie na ca\u0142y dzie\u0144.  <\/b><\/p>\n<p>Poznaj nowego tytana \u015bwiata waporyzacji: <b>jednorazowy waporyzator Fizzy 150K Puffs<\/b>. Zaprojektowane z my\u015bl\u0105 o tych, kt\u00f3rzy wymagaj\u0105 ekstremalnej trwa\u0142o\u015bci i elastyczno\u015bci smaku, urz\u0105dzenie to posiada ogromny <b>zbiornik e-liquidu o pojemno\u015bci 80 ml<\/b> i pierwszy na \u015bwiecie <b>inteligentny system prze\u0142\u0105czania 15 w 1<\/b>. Ta specjalna edycja jest przeznaczona dla fan\u00f3w profili &#8220;Ice&#8221; i &#8220;Cocktail&#8221;, oferuj\u0105c wyra\u017ane, orze\u017awiaj\u0105ce doznania, kt\u00f3re przewy\u017cszaj\u0105 wszystko inne na rynku.  <\/p>\n<h2><b>Wyb\u00f3r 4 smak\u00f3w w kapsu\u0142kach<\/b><\/h2>\n<p>Wewn\u0105trz tego <b>jednorazowego waporyzatora 150K Puffs<\/b> znajduj\u0105 si\u0119 cztery niezale\u017cne kapsu\u0142ki o pojemno\u015bci 20 ml. Mo\u017cesz prze\u0142\u0105cza\u0107 si\u0119 mi\u0119dzy nimi indywidualnie lub u\u017cy\u0107 inteligentnego prze\u0142\u0105cznika, aby <b>po\u0142\u0105czy\u0107 je w 15 unikalnych kombinacji hybrydowych<\/b>: <\/p>\n<ul>\n<li><b>\u2744\ufe0f Blueberry Ice:<\/b> Pulchne, s\u0142odkie g\u00f3rskie jagody z g\u0142\u0119bokim finiszem arktycznego mrozu.<\/li>\n<li><b>Truskawkowy arbuz:<\/b> Kwintesencja letniego duetu &#8211; soczysty arbuz i dojrza\u0142e w s\u0142o\u0144cu truskawki.<\/li>\n<li><b>Mojito:<\/b> Pikantna, wyrafinowana mieszanka \u015bwie\u017cej limonki, mi\u0119ty ogrodowej i odrobiny musuj\u0105cej s\u0142odyczy.<\/li>\n<li><b>Kiwi Passion Fruit Guava:<\/b> Tropikalna trifecta, kt\u00f3ra jest cierpka, s\u0142odka i niezwykle aromatyczna.<\/li>\n<\/ul>\n<p><img decoding=\"async\" class=\"wp-image-38407 size-full\" src=\"https:\/\/fizzyvape.eu\/wp-content\/uploads\/2025\/12\/Fizzy-150K-Puffs-Disposable-Vape-5-scaled.jpg\" alt=\"Fizzy 150K Puffs jednorazowe Vape - 5\" width=\"1663\" height=\"2560\" srcset=\"https:\/\/fizzyvape.eu\/wp-content\/uploads\/2025\/12\/Fizzy-150K-Puffs-Disposable-Vape-5-scaled.jpg 1663w, https:\/\/fizzyvape.eu\/wp-content\/uploads\/2025\/12\/Fizzy-150K-Puffs-Disposable-Vape-5-195x300.jpg 195w, https:\/\/fizzyvape.eu\/wp-content\/uploads\/2025\/12\/Fizzy-150K-Puffs-Disposable-Vape-5-520x800.jpg 520w, https:\/\/fizzyvape.eu\/wp-content\/uploads\/2025\/12\/Fizzy-150K-Puffs-Disposable-Vape-5-768x1182.jpg 768w, https:\/\/fizzyvape.eu\/wp-content\/uploads\/2025\/12\/Fizzy-150K-Puffs-Disposable-Vape-5-998x1536.jpg 998w, https:\/\/fizzyvape.eu\/wp-content\/uploads\/2025\/12\/Fizzy-150K-Puffs-Disposable-Vape-5-1330x2048.jpg 1330w, https:\/\/fizzyvape.eu\/wp-content\/uploads\/2025\/12\/Fizzy-150K-Puffs-Disposable-Vape-5-430x662.jpg 430w, https:\/\/fizzyvape.eu\/wp-content\/uploads\/2025\/12\/Fizzy-150K-Puffs-Disposable-Vape-5-700x1078.jpg 700w, https:\/\/fizzyvape.eu\/wp-content\/uploads\/2025\/12\/Fizzy-150K-Puffs-Disposable-Vape-5-150x231.jpg 150w\" sizes=\"(max-width: 1663px) 100vw, 1663px\" \/><\/p>\n<h2><b>Specyfikacja<\/b><\/h2>\n<table>\n<thead>\n<tr>\n<td><strong>Funkcja<\/strong><\/td>\n<td><strong>Dane techniczne B2B<\/strong><\/td>\n<\/tr>\n<\/thead>\n<tbody>\n<tr>\n<td><b>Liczba zaci\u0105gni\u0119\u0107<\/b><\/td>\n<td>Do 150 000 zaci\u0105gni\u0119\u0107<\/td>\n<\/tr>\n<tr>\n<td><b>Pojemno\u015b\u0107 e-p\u0142ynu<\/b><\/td>\n<td><b>\u0141\u0105cznie 80 ml (20 ml x 4 niezale\u017cne kapsu\u0142ki)<\/b><\/td>\n<\/tr>\n<tr>\n<td><b>Bateria<\/b><\/td>\n<td>1000 mAh Pure Cobalt (akumulator typu C)<\/td>\n<\/tr>\n<tr>\n<td><b>Tryby smaku<\/b><\/td>\n<td><b>15 inteligentnych kombinacji (A\/B\/C\/D + hybrydy)<\/b><\/td>\n<\/tr>\n<tr>\n<td><b>System cewek<\/b><\/td>\n<td>Quad-Mesh 1.0\u03a9 (wysoka sp\u00f3jno\u015b\u0107 dostarczania)<\/td>\n<\/tr>\n<tr>\n<td><b>Opakowania<\/b><\/td>\n<td>Gotowe do sprzeda\u017cy detalicznej pude\u0142ka ekspozycyjne<\/td>\n<\/tr>\n<\/tbody>\n<\/table>\n<h2><b>\ud83c\udfa8Fizzy<\/b>15-in-1 150K Puffs <strong>Jednorazowy<\/strong> akumulator <strong>Vape Lista smak\u00f3w:<\/strong><\/h2>\n<ol>\n<li><a href=\"https:\/\/fizzyvape.eu\/pl\/produkt\/150k-puffs-watermelon-ice-red-bull-strawberry-raspberry-triple-melon-ice\/\">l\u00f3d arbuzowy &amp; red bull &amp; malina truskawkowa &amp; potr\u00f3jny l\u00f3d melonowy<\/a><\/li>\n<li><a href=\"https:\/\/fizzyvape.eu\/pl\/produkt\/150k-puffs-strawberry-ice-kiwi-passion-fruit-guava-peach-mango-watermelon-grape-burst\/\">l\u00f3d truskawkowy i kiwi marakuja guawa i brzoskwinia mango arbuz i winogrono burst<\/a><\/li>\n<li><a href=\"https:\/\/fizzyvape.eu\/pl\/produkt\/150k-puffs-red-bull-strawberry-kiwi-pomegranate-blueberry-ice-pineapple-coconut\/\">red bull &amp; truskawka kiwi granat &amp; jagoda l\u00f3d &amp; ananas kokos<\/a><\/li>\n<li><a href=\"https:\/\/fizzyvape.eu\/pl\/produkt\/150k-puffs-truskawka-kiwi-mixed-berry-arbuz-bubblegum-soczysta-brzoskwinia\/\">truskawka kiwi &amp; mieszanka jag\u00f3d &amp; arbuz bubblegum &amp; soczysta brzoskwinia<\/a><\/li>\n<li><a href=\"https:\/\/fizzyvape.eu\/pl\/produkt\/150k-puffs-blueberry-raspberry-strawberry-ice-blue-razz-lemonade-watermelon-gummy-bear\/\">jagoda malina &amp; truskawka ice &amp; lemoniada blue razz &amp; arbuz gummy bear<\/a><\/li>\n<li><a href=\"https:\/\/fizzyvape.eu\/pl\/produkt\/150k-puffs-tropical-fruit-punch-watermelon-raspberry-blueberry-coconut-strawberry-skittles\/\">poncz z owoc\u00f3w tropikalnych &amp; arbuz malina &amp; jagoda kokos &amp; truskawka skittles<\/a><\/li>\n<li><a href=\"https:\/\/fizzyvape.eu\/pl\/produkt\/150k-puffs-love-66-truskawka-kiwi-arbuz-jagoda-malina-lemoniada\/\">love 66 &amp; truskawka kiwi &amp; arbuz jagoda &amp; malina lemoniada<\/a><\/li>\n<li><a href=\"https:\/\/fizzyvape.eu\/pl\/produkt\/150k-puffs-mixed-berry-pineapple-peach-passion-fruit-fizzy-cola-strawberry-raspberry\/\">mieszanka jag\u00f3d i ananasa brzoskwinia marakuja i gazowana cola truskawka malina<\/a><\/li>\n<li><a href=\"https:\/\/fizzyvape.eu\/pl\/produkt\/150k-puffs-blue-razz-rapsberry-watermelon-cherry-ice-strawberry-grape-passion-fruit-orange-peach\/\">blue razz rapsberry &amp; watermelon cherry ice &amp; strawberry grape &amp;passion fruit orange peach<\/a><\/li>\n<li><a href=\"https:\/\/fizzyvape.eu\/pl\/produkt\/150k-puffs-fizzy-cherry-strawberry-dragon-fruit-lemon-lime-watermelon-blueberry\/\">musuj\u0105ca wi\u015bnia &amp; truskawka smoczy owoc &amp; cytryna limonka &amp; arbuz jagoda<\/a><\/li>\n<li><a href=\"https:\/\/fizzyvape.eu\/pl\/produkt\/150k-puffow-truskawkowa-waniliowa-cola-jagodowa-malina-arbuzowy-lod-wisniowa-jagoda\/\">truskawka z col\u0105 waniliow\u0105 &amp; malina z jagodami &amp; arbuz z lodem &amp; wi\u015bnia z jagodami<\/a><\/li>\n<li><a href=\"https:\/\/fizzyvape.eu\/pl\/produkt\/150k-puffs-blueberry-ice-strawberry-watermelon-mojito-kiwi-passion-fruit-guava\/\">l\u00f3d jagodowy &amp; truskawka arbuz &amp; mojito &amp; kiwi marakuja guawa<\/a><\/li>\n<\/ol>\n<h2><b>Szybkie FAQ<\/b><\/h2>\n<p><b>P: Czy mog\u0119 zmiesza\u0107 Mojito z Blueberry Ice?<\/b><\/p>\n<p>O: Tak! Na tym w\u0142a\u015bnie polega magia <b>jednorazowego waporyzatora 150K Puffs<\/b>. Wybieraj\u0105c tryb hybrydowy dla kapsu\u0142ek A i C, mo\u017cesz stworzy\u0107 wyj\u0105tkowy smak Blueberry Mint Mojito.  <\/p>\n<p><b>P: Jak d\u0142ugo trwa \u0142adowanie?<\/b><\/p>\n<p>O: Dzi\u0119ki szybkiemu \u0142adowaniu typu C bateria o pojemno\u015bci 1000 mAh mo\u017ce osi\u0105gn\u0105\u0107 pe\u0142n\u0105 moc w oko\u0142o 45-60 minut.<\/p>\n<p><b>P: Czy poziom nikotyny mo\u017cna regulowa\u0107?<\/b><\/p>\n<p>To urz\u0105dzenie jest dost\u0119pne w sta\u0142ych st\u0119\u017ceniach (zazwyczaj 2% lub 5%). Wybierz preferowan\u0105 moc z menu rozwijanego przed dodaniem do koszyka. <\/p>\n","protected":false},"excerpt":{"rendered":"[html_block id=\"38779\"]\n","protected":false},"featured_media":38910,"comment_status":"open","ping_status":"closed","template":"","meta":{"iawp_total_views":4},"product_brand":[],"product_cat":[998],"product_tag":[],"class_list":{"0":"post-39204","1":"product","2":"type-product","3":"status-publish","4":"has-post-thumbnail","6":"product_cat-fizzy-150k-150-000-zaciagniec-15-w-1-jednorazowy-ladowalny-e-papieros","8":"first","9":"instock","10":"sale","11":"shipping-taxable","12":"purchasable","13":"product-type-variable"},"yoast_head":"<!-- This site is optimized with the Yoast SEO Premium plugin v24.8 (Yoast SEO v27.4) - https:\/\/yoast.com\/product\/yoast-seo-premium-wordpress\/ -->\n<title>Blueberry Ice &amp; Mojito | Fizzy 150K Puffs Vape - smaki 15 w 1<\/title>\n<meta name=\"description\" content=\"Ciesz si\u0119 jednorazowym vape Fizzy 150K Puffs z Blueberry Ice, Strawberry Watermelon, Mojito i Kiwi Passion Fruit Guava. 150 tysi\u0119cy zaci\u0105gni\u0119\u0107, orze\u017awiaj\u0105cy smak.\" \/>\n<meta name=\"robots\" content=\"index, follow, max-snippet:-1, max-image-preview:large, max-video-preview:-1\" \/>\n<link rel=\"canonical\" href=\"https:\/\/fizzyvape.eu\/pl\/produkt\/150k-puffs-blueberry-ice-strawberry-watermelon-mojito-kiwi-passion-fruit-guava\/\" \/>\n<meta property=\"og:locale\" content=\"pl_PL\" \/>\n<meta property=\"og:type\" content=\"article\" \/>\n<meta property=\"og:title\" content=\"150K Puffs - Blueberry Ice &amp; Strawberry Watermelon &amp; Mojito &amp; Kiwi Passion Fruit Guava\" \/>\n<meta property=\"og:description\" content=\"Ciesz si\u0119 jednorazowym vape Fizzy 150K Puffs z Blueberry Ice, Strawberry Watermelon, Mojito i Kiwi Passion Fruit Guava. 150 tysi\u0119cy zaci\u0105gni\u0119\u0107, orze\u017awiaj\u0105cy smak.\" \/>\n<meta property=\"og:url\" content=\"https:\/\/fizzyvape.eu\/pl\/produkt\/150k-puffs-blueberry-ice-strawberry-watermelon-mojito-kiwi-passion-fruit-guava\/\" \/>\n<meta property=\"og:site_name\" content=\"fizzyvape.eu\" \/>\n<meta property=\"og:image\" content=\"https:\/\/fizzyvape.eu\/wp-content\/uploads\/2026\/01\/Fizzy-15-in-1-150K-Puffs-Rechargeable-Disposable-Vape-Flavors-12-1.jpg\" \/>\n\t<meta property=\"og:image:width\" content=\"1000\" \/>\n\t<meta property=\"og:image:height\" content=\"1000\" \/>\n\t<meta property=\"og:image:type\" content=\"image\/jpeg\" \/>\n<meta name=\"twitter:card\" content=\"summary_large_image\" \/>\n<meta name=\"twitter:label1\" content=\"Dost\u0119pno\u015b\u0107\" \/>\n\t<meta name=\"twitter:data1\" content=\"Dost\u0119pny\" \/>\n<script type=\"application\/ld+json\" class=\"yoast-schema-graph\">{\"@context\":\"https:\\\/\\\/schema.org\",\"@graph\":[{\"@type\":\"WebPage\",\"@id\":\"https:\\\/\\\/fizzyvape.eu\\\/pl\\\/produkt\\\/150k-puffs-blueberry-ice-strawberry-watermelon-mojito-kiwi-passion-fruit-guava\\\/\",\"url\":\"https:\\\/\\\/fizzyvape.eu\\\/pl\\\/produkt\\\/150k-puffs-blueberry-ice-strawberry-watermelon-mojito-kiwi-passion-fruit-guava\\\/\",\"name\":\"Blueberry Ice & Mojito | Fizzy 150K Puffs Vape - smaki 15 w 1\",\"isPartOf\":{\"@id\":\"https:\\\/\\\/www.fizzyvape.eu\\\/pl\\\/#website\"},\"primaryImageOfPage\":{\"@id\":\"https:\\\/\\\/fizzyvape.eu\\\/pl\\\/produkt\\\/150k-puffs-blueberry-ice-strawberry-watermelon-mojito-kiwi-passion-fruit-guava\\\/#primaryimage\"},\"image\":{\"@id\":\"https:\\\/\\\/fizzyvape.eu\\\/pl\\\/produkt\\\/150k-puffs-blueberry-ice-strawberry-watermelon-mojito-kiwi-passion-fruit-guava\\\/#primaryimage\"},\"thumbnailUrl\":\"https:\\\/\\\/fizzyvape.eu\\\/wp-content\\\/uploads\\\/2026\\\/01\\\/Fizzy-15-in-1-150K-Puffs-Rechargeable-Disposable-Vape-Flavors-12-1.jpg\",\"datePublished\":\"2026-01-19T10:20:47+00:00\",\"description\":\"Ciesz si\u0119 jednorazowym vape Fizzy 150K Puffs z Blueberry Ice, Strawberry Watermelon, Mojito i Kiwi Passion Fruit Guava. 150 tysi\u0119cy zaci\u0105gni\u0119\u0107, orze\u017awiaj\u0105cy smak.\",\"breadcrumb\":{\"@id\":\"https:\\\/\\\/fizzyvape.eu\\\/pl\\\/produkt\\\/150k-puffs-blueberry-ice-strawberry-watermelon-mojito-kiwi-passion-fruit-guava\\\/#breadcrumb\"},\"inLanguage\":\"pl-PL\",\"potentialAction\":[{\"@type\":\"ReadAction\",\"target\":[\"https:\\\/\\\/fizzyvape.eu\\\/pl\\\/produkt\\\/150k-puffs-blueberry-ice-strawberry-watermelon-mojito-kiwi-passion-fruit-guava\\\/\"]}]},{\"@type\":\"ImageObject\",\"inLanguage\":\"pl-PL\",\"@id\":\"https:\\\/\\\/fizzyvape.eu\\\/pl\\\/produkt\\\/150k-puffs-blueberry-ice-strawberry-watermelon-mojito-kiwi-passion-fruit-guava\\\/#primaryimage\",\"url\":\"https:\\\/\\\/fizzyvape.eu\\\/wp-content\\\/uploads\\\/2026\\\/01\\\/Fizzy-15-in-1-150K-Puffs-Rechargeable-Disposable-Vape-Flavors-12-1.jpg\",\"contentUrl\":\"https:\\\/\\\/fizzyvape.eu\\\/wp-content\\\/uploads\\\/2026\\\/01\\\/Fizzy-15-in-1-150K-Puffs-Rechargeable-Disposable-Vape-Flavors-12-1.jpg\",\"width\":1000,\"height\":1000,\"caption\":\"Fizzy 15-in-1 150K Puffs Jednorazowy akumulator Vape Smaki 12\"},{\"@type\":\"BreadcrumbList\",\"@id\":\"https:\\\/\\\/fizzyvape.eu\\\/pl\\\/produkt\\\/150k-puffs-blueberry-ice-strawberry-watermelon-mojito-kiwi-passion-fruit-guava\\\/#breadcrumb\",\"itemListElement\":[{\"@type\":\"ListItem\",\"position\":1,\"name\":\"Home\",\"item\":\"https:\\\/\\\/fizzyvape.eu\\\/pl\\\/\"},{\"@type\":\"ListItem\",\"position\":2,\"name\":\"Sklep\",\"item\":\"https:\\\/\\\/fizzyvape.eu\\\/pl\\\/sklep\\\/\"},{\"@type\":\"ListItem\",\"position\":3,\"name\":\"150K Puffs &#8211; Blueberry Ice &amp; Strawberry Watermelon &amp; Mojito &amp; Kiwi Passion Fruit Guava\"}]},{\"@type\":\"WebSite\",\"@id\":\"https:\\\/\\\/www.fizzyvape.eu\\\/pl\\\/#website\",\"url\":\"https:\\\/\\\/www.fizzyvape.eu\\\/pl\\\/\",\"name\":\"fizzyvape.eu\",\"description\":\"Refreshing Vapes. Unforgettable Taste.\",\"publisher\":{\"@id\":\"https:\\\/\\\/www.fizzyvape.eu\\\/pl\\\/#organization\"},\"potentialAction\":[{\"@type\":\"SearchAction\",\"target\":{\"@type\":\"EntryPoint\",\"urlTemplate\":\"https:\\\/\\\/www.fizzyvape.eu\\\/pl\\\/?s={search_term_string}\"},\"query-input\":{\"@type\":\"PropertyValueSpecification\",\"valueRequired\":true,\"valueName\":\"search_term_string\"}}],\"inLanguage\":\"pl-PL\"},{\"@type\":\"Organization\",\"@id\":\"https:\\\/\\\/www.fizzyvape.eu\\\/pl\\\/#organization\",\"name\":\"fizzyvape.eu\",\"url\":\"https:\\\/\\\/www.fizzyvape.eu\\\/pl\\\/\",\"logo\":{\"@type\":\"ImageObject\",\"inLanguage\":\"pl-PL\",\"@id\":\"https:\\\/\\\/www.fizzyvape.eu\\\/pl\\\/#\\\/schema\\\/logo\\\/image\\\/\",\"url\":\"https:\\\/\\\/fizzyvape.eu\\\/wp-content\\\/uploads\\\/2019\\\/06\\\/print-1.svg\",\"contentUrl\":\"https:\\\/\\\/fizzyvape.eu\\\/wp-content\\\/uploads\\\/2019\\\/06\\\/print-1.svg\",\"width\":124,\"height\":37,\"caption\":\"fizzyvape.eu\"},\"image\":{\"@id\":\"https:\\\/\\\/www.fizzyvape.eu\\\/pl\\\/#\\\/schema\\\/logo\\\/image\\\/\"}}]}<\/script>\n<meta property=\"og:availability\" content=\"instock\" \/>\n<meta property=\"product:availability\" content=\"instock\" \/>\n<meta property=\"product:condition\" content=\"new\" \/>\n<!-- \/ Yoast SEO Premium plugin. -->","yoast_head_json":{"title":"Blueberry Ice & Mojito | Fizzy 150K Puffs Vape - smaki 15 w 1","description":"Ciesz si\u0119 jednorazowym vape Fizzy 150K Puffs z Blueberry Ice, Strawberry Watermelon, Mojito i Kiwi Passion Fruit Guava. 150 tysi\u0119cy zaci\u0105gni\u0119\u0107, orze\u017awiaj\u0105cy smak.","robots":{"index":"index","follow":"follow","max-snippet":"max-snippet:-1","max-image-preview":"max-image-preview:large","max-video-preview":"max-video-preview:-1"},"canonical":"https:\/\/fizzyvape.eu\/pl\/produkt\/150k-puffs-blueberry-ice-strawberry-watermelon-mojito-kiwi-passion-fruit-guava\/","og_locale":"pl_PL","og_type":"article","og_title":"150K Puffs - Blueberry Ice &amp; Strawberry Watermelon &amp; Mojito &amp; Kiwi Passion Fruit Guava","og_description":"Ciesz si\u0119 jednorazowym vape Fizzy 150K Puffs z Blueberry Ice, Strawberry Watermelon, Mojito i Kiwi Passion Fruit Guava. 150 tysi\u0119cy zaci\u0105gni\u0119\u0107, orze\u017awiaj\u0105cy smak.","og_url":"https:\/\/fizzyvape.eu\/pl\/produkt\/150k-puffs-blueberry-ice-strawberry-watermelon-mojito-kiwi-passion-fruit-guava\/","og_site_name":"fizzyvape.eu","og_image":[{"width":1000,"height":1000,"url":"https:\/\/fizzyvape.eu\/wp-content\/uploads\/2026\/01\/Fizzy-15-in-1-150K-Puffs-Rechargeable-Disposable-Vape-Flavors-12-1.jpg","type":"image\/jpeg"}],"twitter_card":"summary_large_image","twitter_misc":{"Dost\u0119pno\u015b\u0107":"Dost\u0119pny"},"schema":{"@context":"https:\/\/schema.org","@graph":[{"@type":"WebPage","@id":"https:\/\/fizzyvape.eu\/pl\/produkt\/150k-puffs-blueberry-ice-strawberry-watermelon-mojito-kiwi-passion-fruit-guava\/","url":"https:\/\/fizzyvape.eu\/pl\/produkt\/150k-puffs-blueberry-ice-strawberry-watermelon-mojito-kiwi-passion-fruit-guava\/","name":"Blueberry Ice & Mojito | Fizzy 150K Puffs Vape - smaki 15 w 1","isPartOf":{"@id":"https:\/\/www.fizzyvape.eu\/pl\/#website"},"primaryImageOfPage":{"@id":"https:\/\/fizzyvape.eu\/pl\/produkt\/150k-puffs-blueberry-ice-strawberry-watermelon-mojito-kiwi-passion-fruit-guava\/#primaryimage"},"image":{"@id":"https:\/\/fizzyvape.eu\/pl\/produkt\/150k-puffs-blueberry-ice-strawberry-watermelon-mojito-kiwi-passion-fruit-guava\/#primaryimage"},"thumbnailUrl":"https:\/\/fizzyvape.eu\/wp-content\/uploads\/2026\/01\/Fizzy-15-in-1-150K-Puffs-Rechargeable-Disposable-Vape-Flavors-12-1.jpg","datePublished":"2026-01-19T10:20:47+00:00","description":"Ciesz si\u0119 jednorazowym vape Fizzy 150K Puffs z Blueberry Ice, Strawberry Watermelon, Mojito i Kiwi Passion Fruit Guava. 150 tysi\u0119cy zaci\u0105gni\u0119\u0107, orze\u017awiaj\u0105cy smak.","breadcrumb":{"@id":"https:\/\/fizzyvape.eu\/pl\/produkt\/150k-puffs-blueberry-ice-strawberry-watermelon-mojito-kiwi-passion-fruit-guava\/#breadcrumb"},"inLanguage":"pl-PL","potentialAction":[{"@type":"ReadAction","target":["https:\/\/fizzyvape.eu\/pl\/produkt\/150k-puffs-blueberry-ice-strawberry-watermelon-mojito-kiwi-passion-fruit-guava\/"]}]},{"@type":"ImageObject","inLanguage":"pl-PL","@id":"https:\/\/fizzyvape.eu\/pl\/produkt\/150k-puffs-blueberry-ice-strawberry-watermelon-mojito-kiwi-passion-fruit-guava\/#primaryimage","url":"https:\/\/fizzyvape.eu\/wp-content\/uploads\/2026\/01\/Fizzy-15-in-1-150K-Puffs-Rechargeable-Disposable-Vape-Flavors-12-1.jpg","contentUrl":"https:\/\/fizzyvape.eu\/wp-content\/uploads\/2026\/01\/Fizzy-15-in-1-150K-Puffs-Rechargeable-Disposable-Vape-Flavors-12-1.jpg","width":1000,"height":1000,"caption":"Fizzy 15-in-1 150K Puffs Jednorazowy akumulator Vape Smaki 12"},{"@type":"BreadcrumbList","@id":"https:\/\/fizzyvape.eu\/pl\/produkt\/150k-puffs-blueberry-ice-strawberry-watermelon-mojito-kiwi-passion-fruit-guava\/#breadcrumb","itemListElement":[{"@type":"ListItem","position":1,"name":"Home","item":"https:\/\/fizzyvape.eu\/pl\/"},{"@type":"ListItem","position":2,"name":"Sklep","item":"https:\/\/fizzyvape.eu\/pl\/sklep\/"},{"@type":"ListItem","position":3,"name":"150K Puffs &#8211; Blueberry Ice &amp; Strawberry Watermelon &amp; Mojito &amp; Kiwi Passion Fruit Guava"}]},{"@type":"WebSite","@id":"https:\/\/www.fizzyvape.eu\/pl\/#website","url":"https:\/\/www.fizzyvape.eu\/pl\/","name":"fizzyvape.eu","description":"Refreshing Vapes. Unforgettable Taste.","publisher":{"@id":"https:\/\/www.fizzyvape.eu\/pl\/#organization"},"potentialAction":[{"@type":"SearchAction","target":{"@type":"EntryPoint","urlTemplate":"https:\/\/www.fizzyvape.eu\/pl\/?s={search_term_string}"},"query-input":{"@type":"PropertyValueSpecification","valueRequired":true,"valueName":"search_term_string"}}],"inLanguage":"pl-PL"},{"@type":"Organization","@id":"https:\/\/www.fizzyvape.eu\/pl\/#organization","name":"fizzyvape.eu","url":"https:\/\/www.fizzyvape.eu\/pl\/","logo":{"@type":"ImageObject","inLanguage":"pl-PL","@id":"https:\/\/www.fizzyvape.eu\/pl\/#\/schema\/logo\/image\/","url":"https:\/\/fizzyvape.eu\/wp-content\/uploads\/2019\/06\/print-1.svg","contentUrl":"https:\/\/fizzyvape.eu\/wp-content\/uploads\/2019\/06\/print-1.svg","width":124,"height":37,"caption":"fizzyvape.eu"},"image":{"@id":"https:\/\/www.fizzyvape.eu\/pl\/#\/schema\/logo\/image\/"}}]},"og_availability":"instock","product_availability":"instock","product_condition":"new"},"tiered_pricing_type":"fixed","tiered_pricing_fixed_rules":[],"tiered_pricing_product_settings":{"layout":"default","base_unit_name":{"singular":null,"plural":null},"default_variation":null},"tiered_pricing_minimum_quantity":null,"tiered_pricing_roles_data":[],"tiered_pricing_percentage_rules":[],"tiered_pricing_maximum_quantity":null,"tiered_pricing_quantity_step":null,"_links":{"self":[{"href":"https:\/\/fizzyvape.eu\/pl\/wp-json\/wp\/v2\/product\/39204","targetHints":{"allow":["GET"]}}],"collection":[{"href":"https:\/\/fizzyvape.eu\/pl\/wp-json\/wp\/v2\/product"}],"about":[{"href":"https:\/\/fizzyvape.eu\/pl\/wp-json\/wp\/v2\/types\/product"}],"replies":[{"embeddable":true,"href":"https:\/\/fizzyvape.eu\/pl\/wp-json\/wp\/v2\/comments?post=39204"}],"version-history":[{"count":0,"href":"https:\/\/fizzyvape.eu\/pl\/wp-json\/wp\/v2\/product\/39204\/revisions"}],"wp:featuredmedia":[{"embeddable":true,"href":"https:\/\/fizzyvape.eu\/pl\/wp-json\/wp\/v2\/media\/38910"}],"wp:attachment":[{"href":"https:\/\/fizzyvape.eu\/pl\/wp-json\/wp\/v2\/media?parent=39204"}],"wp:term":[{"taxonomy":"product_brand","embeddable":true,"href":"https:\/\/fizzyvape.eu\/pl\/wp-json\/wp\/v2\/product_brand?post=39204"},{"taxonomy":"product_cat","embeddable":true,"href":"https:\/\/fizzyvape.eu\/pl\/wp-json\/wp\/v2\/product_cat?post=39204"},{"taxonomy":"product_tag","embeddable":true,"href":"https:\/\/fizzyvape.eu\/pl\/wp-json\/wp\/v2\/product_tag?post=39204"}],"curies":[{"name":"wp","href":"https:\/\/api.w.org\/{rel}","templated":true}]}}