{"id":23532,"date":"2025-03-25T14:53:27","date_gmt":"2025-03-25T06:53:27","guid":{"rendered":"https:\/\/fizzyvape.eu\/termos-e-condicoes\/"},"modified":"2025-04-14T15:16:27","modified_gmt":"2025-04-14T07:16:27","slug":"termos-e-condicoes","status":"publish","type":"page","link":"https:\/\/fizzyvape.eu\/pt-pt\/termos-e-condicoes\/","title":{"rendered":"Termos e condi\u00e7\u00f5es"},"content":{"rendered":"\n<p><strong>Data de entrada em vigor: Domingo, 15 de dezembro de 2024<\/strong><\/p>\n\n<p>Bem-vindo ao <a href=\"https:\/\/fizzyvape.eu\/pt-pt\/\">fizzyvape.eu<\/a>. Ao acederes ou utilizares este site, concordas em ficar vinculado a estes Termos e Condi\u00e7\u00f5es, que incluem a nossa Pol\u00edtica de Privacidade e Aviso de Cookies, e quaisquer outros termos aqui referidos (coletivamente, os &#8220;Termos e Condi\u00e7\u00f5es&#8221;). L\u00ea-os com aten\u00e7\u00e3o. Se n\u00e3o concordares com estes Termos e Condi\u00e7\u00f5es, interrompe imediatamente a utiliza\u00e7\u00e3o do s\u00edtio.   <\/p>\n\n<hr class=\"wp-block-separator has-alpha-channel-opacity\"\/>\n\n<h3 class=\"wp-block-heading\" id=\"h-1-general-terms\"><strong>1. Termos gerais<\/strong><\/h3>\n\n<ul class=\"wp-block-list\">\n<li>Ao utilizar este s\u00edtio, o utilizador declara que tem pelo menos a idade da maioridade na sua jurisdi\u00e7\u00e3o. \u00c9 da tua responsabilidade garantir o cumprimento da legisla\u00e7\u00e3o local relativa \u00e0 idade m\u00ednima para aceder, comprar ou utilizar o s\u00edtio. <\/li>\n\n\n\n<li>Estes Termos e Condi\u00e7\u00f5es aplicam-se a todos os utilizadores, incluindo navegadores, fornecedores, clientes e contribuidores de conte\u00fados.<\/li>\n\n\n\n<li>Reservamo-nos o direito de alterar estes Termos e Condi\u00e7\u00f5es em qualquer altura sem aviso pr\u00e9vio. A tua utiliza\u00e7\u00e3o continuada do s\u00edtio constitui a aceita\u00e7\u00e3o de tais altera\u00e7\u00f5es. <\/li>\n<\/ul>\n\n<hr class=\"wp-block-separator has-alpha-channel-opacity\"\/>\n\n<h3 class=\"wp-block-heading\" id=\"h-2-use-of-the-site\"><strong>2. Utiliza\u00e7\u00e3o do s\u00edtio<\/strong><\/h3>\n\n<p>Est\u00e1s autorizado a navegar, imprimir e transferir materiais apenas para uso pessoal e n\u00e3o comercial, desde que os direitos de autor e outros avisos n\u00e3o sejam removidos. N\u00e3o podes: <\/p>\n\n<ul class=\"wp-block-list\">\n<li>Copia, distribui ou exibe materiais para fins comerciais.<\/li>\n\n\n\n<li>Alterar, transmitir ou criar trabalhos derivados do conte\u00fado do site.<\/li>\n\n\n\n<li>Utilizar o s\u00edtio ou o seu conte\u00fado para qualquer fim ilegal.<\/li>\n<\/ul>\n\n<hr class=\"wp-block-separator has-alpha-channel-opacity\"\/>\n\n<h3 class=\"wp-block-heading\" id=\"h-3-prohibited-activities\"><strong>3. Actividades proibidas<\/strong><\/h3>\n\n<p>N\u00e3o podes utilizar o s\u00edtio para:<\/p>\n\n<ul class=\"wp-block-list\">\n<li>Participa em actividades ilegais.<\/li>\n\n\n\n<li>Violar quaisquer leis ou regulamentos.<\/li>\n\n\n\n<li>Transmitir c\u00f3digo malicioso, v\u00edrus ou qualquer conte\u00fado prejudicial.<\/li>\n\n\n\n<li>Recolher ou utilizar indevidamente informa\u00e7\u00f5es pessoais.<\/li>\n\n\n\n<li>Assediar, abusar ou discriminar outras pessoas.<\/li>\n<\/ul>\n\n<hr class=\"wp-block-separator has-alpha-channel-opacity\"\/>\n\n<h3 class=\"wp-block-heading\" id=\"h-4-links-to-third-party-sites\"><strong>4. Liga\u00e7\u00f5es a s\u00edtios de terceiros<\/strong><\/h3>\n\n<p>Este site pode conter links para sites de terceiros para tua conveni\u00eancia. N\u00e3o nos responsabilizamos por: <\/p>\n\n<ul class=\"wp-block-list\">\n<li>Conte\u00fado, produtos ou servi\u00e7os nesses s\u00edtios.<\/li>\n\n\n\n<li>Quaisquer altera\u00e7\u00f5es ou actualiza\u00e7\u00f5es dos s\u00edtios ligados.<\/li>\n\n\n\n<li>Quest\u00f5es decorrentes da utiliza\u00e7\u00e3o de ferramentas de terceiros acedidas atrav\u00e9s do s\u00edtio.<\/li>\n<\/ul>\n\n<p>A utiliza\u00e7\u00e3o de tais liga\u00e7\u00f5es \u00e9 feita por tua conta e risco e podem aplicar-se termos diferentes a esses s\u00edtios.<\/p>\n\n<hr class=\"wp-block-separator has-alpha-channel-opacity\"\/>\n\n<h3 class=\"wp-block-heading\" id=\"h-5-accuracy-of-information\"><strong>5. Exatid\u00e3o das informa\u00e7\u00f5es<\/strong><\/h3>\n\n<ul class=\"wp-block-list\">\n<li>As informa\u00e7\u00f5es contidas neste s\u00edtio s\u00e3o fornecidas apenas para fins gerais e podem n\u00e3o ser exactas, completas ou actuais.<\/li>\n\n\n\n<li>As informa\u00e7\u00f5es hist\u00f3ricas s\u00e3o fornecidas apenas para refer\u00eancia e podem n\u00e3o refletir a situa\u00e7\u00e3o atual.<\/li>\n\n\n\n<li>Reservamo-nos o direito de atualizar o conte\u00fado do s\u00edtio sem obriga\u00e7\u00e3o de notificar os utilizadores.<\/li>\n<\/ul>\n\n<hr class=\"wp-block-separator has-alpha-channel-opacity\"\/>\n\n<h3 class=\"wp-block-heading\" id=\"h-6-shopping-and-ordering\"><strong>6. Compras e encomendas<\/strong><\/h3>\n\n<ul class=\"wp-block-list\">\n<li>Reservamo-nos o direito de recusar o servi\u00e7o ou cancelar encomendas por qualquer motivo.<\/li>\n\n\n\n<li>Os pre\u00e7os e a disponibilidade dos produtos est\u00e3o sujeitos a altera\u00e7\u00f5es sem aviso pr\u00e9vio.<\/li>\n\n\n\n<li>Os produtos apresentados podem ter cores ou aspeto diferentes consoante as defini\u00e7\u00f5es do monitor.<\/li>\n\n\n\n<li>As encomendas perdidas ou roubadas assinaladas como entregues s\u00e3o da responsabilidade do cliente e devem ser resolvidas com a transportadora.<\/li>\n<\/ul>\n\n<p>Tens de fornecer informa\u00e7\u00f5es de fatura\u00e7\u00e3o exactas e verdadeiras. Quaisquer imprecis\u00f5es podem resultar no cancelamento ou atraso da encomenda. <\/p>\n\n<hr class=\"wp-block-separator has-alpha-channel-opacity\"\/>\n\n<h3 class=\"wp-block-heading\" id=\"h-7-intellectual-property\"><strong>7. Propriedade intelectual<\/strong><\/h3>\n\n<p>Todo o conte\u00fado deste s\u00edtio, incluindo texto, imagens e marcas comerciais, \u00e9 propriedade nossa ou dos nossos licenciantes. A utiliza\u00e7\u00e3o n\u00e3o autorizada de qualquer material \u00e9 estritamente proibida. <\/p>\n\n<hr class=\"wp-block-separator has-alpha-channel-opacity\"\/>\n\n<h3 class=\"wp-block-heading\" id=\"h-8-comments-and-feedback\"><strong>8. Coment\u00e1rios e reac\u00e7\u00f5es<\/strong><\/h3>\n\n<p>Enviando coment\u00e1rios, feedback ou ideias:<\/p>\n\n<ul class=\"wp-block-list\">\n<li>Concede-nos uma licen\u00e7a n\u00e3o exclusiva e irrevog\u00e1vel para os utilizar.<\/li>\n\n\n\n<li>N\u00e3o somos obrigados a manter a confidencialidade ou a pagar uma indemniza\u00e7\u00e3o.<\/li>\n\n\n\n<li>Tens de garantir que os teus envios n\u00e3o infringem os direitos de terceiros.<\/li>\n<\/ul>\n\n<hr class=\"wp-block-separator has-alpha-channel-opacity\"\/>\n\n<h3 class=\"wp-block-heading\" id=\"h-9-account-security\"><strong>9. Seguran\u00e7a da conta<\/strong><\/h3>\n\n<p>Se criares uma conta neste s\u00edtio:<\/p>\n\n<ul class=\"wp-block-list\">\n<li>\u00c9s respons\u00e1vel por manter a confidencialidade das tuas credenciais de in\u00edcio de sess\u00e3o.<\/li>\n\n\n\n<li>Notifica-nos imediatamente sobre a utiliza\u00e7\u00e3o n\u00e3o autorizada da tua conta.<\/li>\n\n\n\n<li>N\u00e3o nos responsabilizamos por perdas incorridas devido a acesso n\u00e3o autorizado \u00e0 conta.<\/li>\n<\/ul>\n\n<hr class=\"wp-block-separator has-alpha-channel-opacity\"\/>\n\n<h3 class=\"wp-block-heading\" id=\"h-10-counterfeiting\"><strong>10. Contrafa\u00e7\u00e3o<\/strong><\/h3>\n\n<p>Estamos empenhados em combater a contrafa\u00e7\u00e3o de produtos. N\u00e3o nos responsabilizamos por compras efectuadas a vendedores n\u00e3o autorizados e recomendamos vivamente que nos comuniques produtos falsificados. <\/p>\n\n<hr class=\"wp-block-separator has-alpha-channel-opacity\"\/>\n\n<h3 class=\"wp-block-heading\" id=\"h-11-use-of-google-analytics\"><strong>11. Utiliza\u00e7\u00e3o do Google Analytics<\/strong><\/h3>\n\n<p>Este s\u00edtio utiliza o Google Analytics para analisar a utiliza\u00e7\u00e3o. Ao utilizar este s\u00edtio, consente a recolha e o processamento de dados conforme descrito no nosso Aviso de Cookies. <\/p>\n\n<hr class=\"wp-block-separator has-alpha-channel-opacity\"\/>\n\n<h3 class=\"wp-block-heading\" id=\"h-12-disclaimers-and-limitation-of-liability\"><strong>12. Ren\u00fancias e limita\u00e7\u00e3o de responsabilidade<\/strong><\/h3>\n\n<ul class=\"wp-block-list\">\n<li>O s\u00edtio \u00e9 fornecido &#8220;tal como est\u00e1&#8221; e &#8220;conforme dispon\u00edvel&#8221; sem garantias de qualquer tipo.<\/li>\n\n\n\n<li>N\u00e3o aceitamos quaisquer garantias, incluindo, mas n\u00e3o se limitando a, comercializa\u00e7\u00e3o, adequa\u00e7\u00e3o a um determinado fim e n\u00e3o infra\u00e7\u00e3o.<\/li>\n\n\n\n<li>N\u00e3o nos responsabilizamos por quaisquer danos resultantes da tua utiliza\u00e7\u00e3o do site, incluindo, mas n\u00e3o se limitando a, perda de dados, interrup\u00e7\u00f5es de servi\u00e7o ou acesso n\u00e3o autorizado.<\/li>\n<\/ul>\n\n<hr class=\"wp-block-separator has-alpha-channel-opacity\"\/>\n\n<h3 class=\"wp-block-heading\" id=\"h-13-governing-law\"><strong>13. Direito aplic\u00e1vel<\/strong><\/h3>\n\n<p>Estes Termos e Condi\u00e7\u00f5es s\u00e3o regidos pelas leis de [Inserir Jurisdi\u00e7\u00e3o], sem ter em conta os princ\u00edpios de conflito de leis.<\/p>\n\n<hr class=\"wp-block-separator has-alpha-channel-opacity\"\/>\n\n<h3 class=\"wp-block-heading\" id=\"h-14-contact-information\"><strong>14. Informa\u00e7\u00f5es de contacto<\/strong><\/h3>\n\n<p>Se tiveres alguma d\u00favida sobre esta <span style=\"margin: 0px; padding: 0px;\">pol\u00edtica de cookies<\/span>, contacta-nos atrav\u00e9s da p\u00e1gina Contacte-nos ou envia-nos um e-mail para <a><strong><a>[shop@fizzyvape.com]<\/a><\/strong>.<\/a><\/p>\n\n<p><\/p>\n","protected":false},"excerpt":{"rendered":"<p>Data de entrada em vigor: Domingo, 15 de dezembro de 2024 Bem-vindo ao fizzyvape.eu. Ao acederes ou utilizares este site,<\/p>\n","protected":false},"author":3,"featured_media":0,"parent":0,"menu_order":0,"comment_status":"closed","ping_status":"closed","template":"","meta":{"iawp_total_views":1,"footnotes":""},"class_list":["post-23532","page","type-page","status-publish","hentry"],"yoast_head":"<!-- This site is optimized with the Yoast SEO Premium plugin v24.8 (Yoast SEO v24.8) - https:\/\/yoast.com\/wordpress\/plugins\/seo\/ -->\n<title>Termos e condi\u00e7\u00f5es - fizzyvape.eu<\/title>\n<meta name=\"robots\" content=\"index, follow, max-snippet:-1, max-image-preview:large, max-video-preview:-1\" \/>\n<link rel=\"canonical\" href=\"https:\/\/fizzyvape.eu\/pt-pt\/termos-e-condicoes\/\" \/>\n<meta property=\"og:locale\" content=\"pt_PT\" \/>\n<meta property=\"og:type\" content=\"article\" \/>\n<meta property=\"og:title\" content=\"Termos e condi\u00e7\u00f5es\" \/>\n<meta property=\"og:description\" content=\"Data de entrada em vigor: Domingo, 15 de dezembro de 2024 Bem-vindo ao fizzyvape.eu. Ao acederes ou utilizares este site,\" \/>\n<meta property=\"og:url\" content=\"https:\/\/fizzyvape.eu\/pt-pt\/termos-e-condicoes\/\" \/>\n<meta property=\"og:site_name\" content=\"fizzyvape.eu\" \/>\n<meta property=\"article:modified_time\" content=\"2025-04-14T07:16:27+00:00\" \/>\n<meta name=\"twitter:card\" content=\"summary_large_image\" \/>\n<meta name=\"twitter:label1\" content=\"Tempo estimado de leitura\" \/>\n\t<meta name=\"twitter:data1\" content=\"4 minutos\" \/>\n<script type=\"application\/ld+json\" class=\"yoast-schema-graph\">{\"@context\":\"https:\/\/schema.org\",\"@graph\":[{\"@type\":\"WebPage\",\"@id\":\"https:\/\/fizzyvape.eu\/pt-pt\/termos-e-condicoes\/\",\"url\":\"https:\/\/fizzyvape.eu\/pt-pt\/termos-e-condicoes\/\",\"name\":\"Termos e condi\u00e7\u00f5es - fizzyvape.eu\",\"isPartOf\":{\"@id\":\"https:\/\/www.fizzyvape.eu\/pt-pt\/#website\"},\"datePublished\":\"2025-03-25T06:53:27+00:00\",\"dateModified\":\"2025-04-14T07:16:27+00:00\",\"breadcrumb\":{\"@id\":\"https:\/\/fizzyvape.eu\/pt-pt\/termos-e-condicoes\/#breadcrumb\"},\"inLanguage\":\"pt-PT\",\"potentialAction\":[{\"@type\":\"ReadAction\",\"target\":[\"https:\/\/fizzyvape.eu\/pt-pt\/termos-e-condicoes\/\"]}]},{\"@type\":\"BreadcrumbList\",\"@id\":\"https:\/\/fizzyvape.eu\/pt-pt\/termos-e-condicoes\/#breadcrumb\",\"itemListElement\":[{\"@type\":\"ListItem\",\"position\":1,\"name\":\"Home\",\"item\":\"https:\/\/fizzyvape.eu\/pt-pt\/\"},{\"@type\":\"ListItem\",\"position\":2,\"name\":\"Termos e condi\u00e7\u00f5es\"}]},{\"@type\":\"WebSite\",\"@id\":\"https:\/\/www.fizzyvape.eu\/pt-pt\/#website\",\"url\":\"https:\/\/www.fizzyvape.eu\/pt-pt\/\",\"name\":\"fizzyvape.eu\",\"description\":\"Refreshing Vapes. Unforgettable Taste.\",\"publisher\":{\"@id\":\"https:\/\/www.fizzyvape.eu\/pt-pt\/#organization\"},\"potentialAction\":[{\"@type\":\"SearchAction\",\"target\":{\"@type\":\"EntryPoint\",\"urlTemplate\":\"https:\/\/www.fizzyvape.eu\/pt-pt\/?s={search_term_string}\"},\"query-input\":{\"@type\":\"PropertyValueSpecification\",\"valueRequired\":true,\"valueName\":\"search_term_string\"}}],\"inLanguage\":\"pt-PT\"},{\"@type\":\"Organization\",\"@id\":\"https:\/\/www.fizzyvape.eu\/pt-pt\/#organization\",\"name\":\"fizzyvape.eu\",\"url\":\"https:\/\/www.fizzyvape.eu\/pt-pt\/\",\"logo\":{\"@type\":\"ImageObject\",\"inLanguage\":\"pt-PT\",\"@id\":\"https:\/\/www.fizzyvape.eu\/pt-pt\/#\/schema\/logo\/image\/\",\"url\":\"https:\/\/fizzyvape.eu\/wp-content\/uploads\/2019\/06\/print-1.svg\",\"contentUrl\":\"https:\/\/fizzyvape.eu\/wp-content\/uploads\/2019\/06\/print-1.svg\",\"width\":124,\"height\":37,\"caption\":\"fizzyvape.eu\"},\"image\":{\"@id\":\"https:\/\/www.fizzyvape.eu\/pt-pt\/#\/schema\/logo\/image\/\"}}]}<\/script>\n<!-- \/ Yoast SEO Premium plugin. -->","yoast_head_json":{"title":"Termos e condi\u00e7\u00f5es - fizzyvape.eu","robots":{"index":"index","follow":"follow","max-snippet":"max-snippet:-1","max-image-preview":"max-image-preview:large","max-video-preview":"max-video-preview:-1"},"canonical":"https:\/\/fizzyvape.eu\/pt-pt\/termos-e-condicoes\/","og_locale":"pt_PT","og_type":"article","og_title":"Termos e condi\u00e7\u00f5es","og_description":"Data de entrada em vigor: Domingo, 15 de dezembro de 2024 Bem-vindo ao fizzyvape.eu. Ao acederes ou utilizares este site,","og_url":"https:\/\/fizzyvape.eu\/pt-pt\/termos-e-condicoes\/","og_site_name":"fizzyvape.eu","article_modified_time":"2025-04-14T07:16:27+00:00","twitter_card":"summary_large_image","twitter_misc":{"Tempo estimado de leitura":"4 minutos"},"schema":{"@context":"https:\/\/schema.org","@graph":[{"@type":"WebPage","@id":"https:\/\/fizzyvape.eu\/pt-pt\/termos-e-condicoes\/","url":"https:\/\/fizzyvape.eu\/pt-pt\/termos-e-condicoes\/","name":"Termos e condi\u00e7\u00f5es - fizzyvape.eu","isPartOf":{"@id":"https:\/\/www.fizzyvape.eu\/pt-pt\/#website"},"datePublished":"2025-03-25T06:53:27+00:00","dateModified":"2025-04-14T07:16:27+00:00","breadcrumb":{"@id":"https:\/\/fizzyvape.eu\/pt-pt\/termos-e-condicoes\/#breadcrumb"},"inLanguage":"pt-PT","potentialAction":[{"@type":"ReadAction","target":["https:\/\/fizzyvape.eu\/pt-pt\/termos-e-condicoes\/"]}]},{"@type":"BreadcrumbList","@id":"https:\/\/fizzyvape.eu\/pt-pt\/termos-e-condicoes\/#breadcrumb","itemListElement":[{"@type":"ListItem","position":1,"name":"Home","item":"https:\/\/fizzyvape.eu\/pt-pt\/"},{"@type":"ListItem","position":2,"name":"Termos e condi\u00e7\u00f5es"}]},{"@type":"WebSite","@id":"https:\/\/www.fizzyvape.eu\/pt-pt\/#website","url":"https:\/\/www.fizzyvape.eu\/pt-pt\/","name":"fizzyvape.eu","description":"Refreshing Vapes. Unforgettable Taste.","publisher":{"@id":"https:\/\/www.fizzyvape.eu\/pt-pt\/#organization"},"potentialAction":[{"@type":"SearchAction","target":{"@type":"EntryPoint","urlTemplate":"https:\/\/www.fizzyvape.eu\/pt-pt\/?s={search_term_string}"},"query-input":{"@type":"PropertyValueSpecification","valueRequired":true,"valueName":"search_term_string"}}],"inLanguage":"pt-PT"},{"@type":"Organization","@id":"https:\/\/www.fizzyvape.eu\/pt-pt\/#organization","name":"fizzyvape.eu","url":"https:\/\/www.fizzyvape.eu\/pt-pt\/","logo":{"@type":"ImageObject","inLanguage":"pt-PT","@id":"https:\/\/www.fizzyvape.eu\/pt-pt\/#\/schema\/logo\/image\/","url":"https:\/\/fizzyvape.eu\/wp-content\/uploads\/2019\/06\/print-1.svg","contentUrl":"https:\/\/fizzyvape.eu\/wp-content\/uploads\/2019\/06\/print-1.svg","width":124,"height":37,"caption":"fizzyvape.eu"},"image":{"@id":"https:\/\/www.fizzyvape.eu\/pt-pt\/#\/schema\/logo\/image\/"}}]}},"_links":{"self":[{"href":"https:\/\/fizzyvape.eu\/pt-pt\/wp-json\/wp\/v2\/pages\/23532","targetHints":{"allow":["GET"]}}],"collection":[{"href":"https:\/\/fizzyvape.eu\/pt-pt\/wp-json\/wp\/v2\/pages"}],"about":[{"href":"https:\/\/fizzyvape.eu\/pt-pt\/wp-json\/wp\/v2\/types\/page"}],"author":[{"embeddable":true,"href":"https:\/\/fizzyvape.eu\/pt-pt\/wp-json\/wp\/v2\/users\/3"}],"replies":[{"embeddable":true,"href":"https:\/\/fizzyvape.eu\/pt-pt\/wp-json\/wp\/v2\/comments?post=23532"}],"version-history":[{"count":0,"href":"https:\/\/fizzyvape.eu\/pt-pt\/wp-json\/wp\/v2\/pages\/23532\/revisions"}],"wp:attachment":[{"href":"https:\/\/fizzyvape.eu\/pt-pt\/wp-json\/wp\/v2\/media?parent=23532"}],"curies":[{"name":"wp","href":"https:\/\/api.w.org\/{rel}","templated":true}]}}