{"id":24550,"date":"2025-04-09T09:36:02","date_gmt":"2025-04-09T01:36:02","guid":{"rendered":"https:\/\/fizzyvape.eu\/product\/fizzy-great-10000-puffs-50pcs\/"},"modified":"2025-04-09T09:36:02","modified_gmt":"2025-04-09T01:36:02","slug":"fizzy-great-10000-puffs-50pcs","status":"publish","type":"product","link":"https:\/\/fizzyvape.eu\/pt-pt\/produto\/fizzy-great-10000-puffs-50pcs\/","title":{"rendered":"Fizzy Great 10000 puffs &#8211; 50pcs"},"content":{"rendered":"<div>\n<h1><strong>Fizzy Great 10000 Puffs &#8211; 50pcs Caixa cega com sabor misterioso<\/strong><\/h1>\n<p>Desembrulha a emo\u00e7\u00e3o de <strong>50 vapes descart\u00e1veis de primeira qualidade<\/strong> numa <strong>caixa cega de<\/strong> edi\u00e7\u00e3o limitada <strong>Fizzy Great Mystery Flavor<\/strong>! Cada dispositivo fornece <strong>10.000 baforadas ultra-suaves<\/strong> de sabores perfeitos criados em laborat\u00f3rio &#8211; selecionados aleatoriamente da linha de sabores mais vendidos da Fizzy Great. Vais receber <strong>Juicy Watermelon<\/strong>, <strong>Tropical Pineapple Peach<\/strong>, ou <strong>Icy Blueberry<\/strong>? A emo\u00e7\u00e3o faz parte da experi\u00eancia!  <\/p>\n<h2><strong>Carater\u00edsticas principais<\/strong><\/h2>\n<p><strong>50 x 10.000 Puffs<\/strong> &#8211; Um pacote de grande valor (mais de 500.000 puffs no total!)<br \/>\n<strong>10 Sabores Premium<\/strong> &#8211; Aleatoriamente escolhidos entre os mais vendidos da Fizzy Great (v\u00ea a lista completa abaixo)<br \/>\n<strong>Manuten\u00e7\u00e3o zero<\/strong> &#8211; Pr\u00e9-cheio, pr\u00e9-carregado e pronto a usar<br \/>\n<strong>Tecnologia de bobina de malha<\/strong> &#8211; Sabor rico e consistente e nuvens densas<br \/>\n<strong>Compacto e f\u00e1cil de viajar<\/strong> &#8211; compat\u00edvel com a TSA (quando permitido) <\/p>\n<h3><strong>Porqu\u00ea escolher a Mystery Blind Box?<\/strong><\/h3>\n<p>\ud83c\udf81 <strong>Elemento Surpresa<\/strong>: Nunca te aborre\u00e7as &#8211; cada dispositivo \u00e9 uma aventura saborosa!<br \/>\n\ud83d\udcb0 <strong>Poupan\u00e7a em massa<\/strong>: 50 dispositivos por uma fra\u00e7\u00e3o do custo de retalho.<br \/>\n\ud83d\udce6 <strong>Preparado para revendedor<\/strong>: Produto de elevada procura com um apelo irresist\u00edvel de desembalagem.<\/p>\n<\/div>\n<div>\n<h3>Especifica\u00e7\u00f5es<\/h3>\n<table>\n<tbody>\n<tr>\n<td>Puffs<\/td>\n<td><strong>Mais de 10000 Puffs<\/strong><\/td>\n<\/tr>\n<tr>\n<td>Capacidade do E-l\u00edquido<\/td>\n<td><strong>18ml<\/strong><\/td>\n<\/tr>\n<tr>\n<td>Capacidade da bateria<\/td>\n<td><strong>650mAh<\/strong><\/td>\n<\/tr>\n<tr>\n<td>Bobina de malha<\/td>\n<td><strong>1.4\u03a9<\/strong><\/td>\n<\/tr>\n<tr>\n<td>Tamanho<\/td>\n<td><strong>53*30*85,3mm<\/strong><\/td>\n<\/tr>\n<tr>\n<td>Descart\u00e1vel ou n\u00e3o<\/td>\n<td><strong>Descart\u00e1vel<\/strong><\/td>\n<\/tr>\n<tr>\n<td>M\u00e9todo de carregamento<\/td>\n<td><strong>Cabo<\/strong><\/td>\n<\/tr>\n<tr>\n<td>M\u00e9todo de ativa\u00e7\u00e3o<\/td>\n<td><strong>AcidSensor<\/strong><\/td>\n<\/tr>\n<tr>\n<td>N\u00edvel de nicotina<\/td>\n<td><strong>2% (20mg\/ml) e 5% (50mg\/ml)<\/strong><\/td>\n<\/tr>\n<tr>\n<td>Aromas<\/td>\n<td><strong>10<\/strong><\/td>\n<\/tr>\n<tr>\n<td>Embalagem<\/td>\n<td><strong>1 embalagem<\/strong><\/td>\n<\/tr>\n<tr>\n<td>Tempo de carregamento<\/td>\n<td><strong>2 horas<\/strong><\/td>\n<\/tr>\n<tr>\n<td>Armazenamento<\/td>\n<td><strong>Evita ambientes com temperaturas elevadas e armazena em local fresco e seco.<\/strong><\/td>\n<\/tr>\n<tr>\n<td>Pessoas proibidas de usar<\/td>\n<td><strong>Menores de idade, mulheres gr\u00e1vidas e pessoas al\u00e9rgicas aos ingredientes do produto.<\/strong><\/td>\n<\/tr>\n<tr>\n<td>Cuidado<\/td>\n<td><strong>N\u00e3o engulas esta subst\u00e2ncia. Em caso de ingest\u00e3o, lava imediata e abundantemente a boca. Se te sentires mal, procura assist\u00eancia m\u00e9dica.  <\/strong><\/td>\n<\/tr>\n<\/tbody>\n<\/table>\n<h3>Lista de sabores de <strong>Fizzy Great<\/strong> 10000 Puffs:<\/h3>\n<ol>\n<li><a href=\"https:\/\/fizzyvape.eu\/pt-pt\/produto\/fizzy-great-watermelon-10000-puffs\/\">Melancia<\/a><\/li>\n<li><a href=\"https:\/\/fizzyvape.eu\/pt-pt\/produto\/fizzy-great-blueberry-ice-10000-puffs\/\">Gelo de mirtilo<\/a><\/li>\n<li><a href=\"https:\/\/fizzyvape.eu\/pt-pt\/produto\/fizzy-great-grape-ice-10000-puffs\/\">Gelo de uva<\/a><\/li>\n<li><a href=\"https:\/\/fizzyvape.eu\/pt-pt\/produto\/fizzy-great-lychee-lemon-10000-puffs\/\">Lichia Lim\u00e3o<\/a><\/li>\n<li><a href=\"https:\/\/fizzyvape.eu\/pt-pt\/produto\/fizzy-great-ananas-pessego-maracuja-10000-puffs\/\">Anan\u00e1s P\u00eassego Maracuj\u00e1<\/a><\/li>\n<li><a href=\"https:\/\/fizzyvape.eu\/pt-pt\/produto\/fizzy-great-raspberry-grape-10000-puffs\/\">Framboesa Uva<\/a><\/li>\n<li><a href=\"https:\/\/fizzyvape.eu\/pt-pt\/produto\/fizzy-great-peach-10000-puffs\/\">P\u00eassego<\/a><\/li>\n<li><a href=\"https:\/\/fizzyvape.eu\/pt-pt\/produto\/fizzy-great-manga-pessego-10000-puffs\/\">Manga P\u00eassego<\/a><\/li>\n<li><a href=\"https:\/\/fizzyvape.eu\/pt-pt\/produto\/fizzy-great-mixed-berry-10000-puffs\/\">Baga mista<\/a><\/li>\n<li><a href=\"https:\/\/fizzyvape.eu\/pt-pt\/produto\/fizzy-great-watermelon-strawberry-lemonade-10000-puffs\/\">Limonada de melancia e morango<\/a><\/li>\n<\/ol>\n<h3><strong>FAQ sobre <\/strong><strong>Fizzy Great 10000 Puffs <\/strong><strong>Vaporizador<\/strong><\/h3>\n<p>1.  <strong>Qu\u00e3o aleat\u00f3rios s\u00e3o os sabores da caixa cega?<\/strong><br \/>\nCada dispositivo Fizzy Great 10000 Puffs na caixa cega \u00e9 aleatorizado individualmente entre os nossos 10 sabores mais vendidos &#8211; n\u00e3o h\u00e1 duplicados garantidos numa \u00fanica caixa! Poder\u00e1s ter na caixa uma mistura de sabores frutados, gelados e tropicais para uma variedade infinita. <\/p>\n<p>2.<strong> Esta caixa cega vale o pre\u00e7o em compara\u00e7\u00e3o com a compra de sabores individuais?<\/strong><br \/>\nAbsolutamente! Este pacote de 50 unidades oferece mais de 500.000 puffs a um desconto significativo (at\u00e9 30% do pre\u00e7o de retalho). Al\u00e9m disso, o elemento mist\u00e9rio acrescenta divers\u00e3o para uso pessoal ou valor de revenda.  <\/p>\n<p><strong>3. Posso pedir sabores espec\u00edficos ou evitar alguns?<\/strong><br \/>\nA caixa cega foi concebida para surpreender e descobrir, por isso n\u00e3o podes pedir sabores. No entanto, todos os 10 sabores s\u00e3o os favoritos dos clientes &#8211; desde a doce Melancia ao refrescante Blueberry Ice &#8211; por isso n\u00e3o h\u00e1 nenhuma escolha &#8220;m\u00e1&#8221;! <\/p>\n<p><strong>4. Quanto tempo duram 50 aparelhos para uma pessoa?<\/strong><br \/>\nPara vapers moderados (~500 baforadas\/dia), este pacote dura mais de 6 meses. Os utilizadores intensivos (~1.000 baforadas\/dia) obt\u00eam mais de 3 meses de prazer &#8211; perfeito para armazenar ou partilhar com os amigos! <\/p>\n<\/div>\n","protected":false},"excerpt":{"rendered":"<p><strong>Fizzy Great 10000 Puffs &#8211; 50pc Mystery Flavor Blind Box<\/strong><br \/>\nDesembrulha <strong>50 vapes descart\u00e1veis de primeira qualidade<\/strong> neste <strong>pacote mist\u00e9rio de edi\u00e7\u00e3o limitada &#8211; cada um<\/strong>com <strong>10.000 baforadas ultra-suaves<\/strong> de sabores perfeitos criados em laborat\u00f3rio! Obt\u00e9m uma mistura emocionante de <strong>10 sabores campe\u00f5es de vendas<\/strong>, como <strong>Juicy Watermelon, Icy Blueberry e Tropical Pineapple Peach &#8211; todos<\/strong>aleat\u00f3rios para surpresa e variedade. Desfruta de um <strong>total de mais de 500.000 baforadas<\/strong>, <strong>sem manuten\u00e7\u00e3o<\/strong> e com <strong>nuvens ricas numa bobina de rede<\/strong>, num design <strong>amigo do ambiente<\/strong>. Perfeito para <strong>exploradores de sabores, compradores a granel e revendedores<\/strong>!   <\/p>\n<p>\ud83d\udd25 <strong>Oferta limitada: Obt\u00e9m 50 unidades a um pre\u00e7o especial com desconto!<\/strong> \ud83d\udd25<\/p>\n","protected":false},"featured_media":22594,"comment_status":"open","ping_status":"closed","template":"","meta":{"iawp_total_views":0},"product_brand":[],"product_cat":[674,274],"product_tag":[275,276],"class_list":{"0":"post-24550","1":"product","2":"type-product","3":"status-publish","4":"has-post-thumbnail","6":"product_cat-bulk-deals-2-pt-pt","7":"product_cat-great-pt-pt","8":"product_tag-10000-baforadas","9":"product_tag-limonada-de-melancia-e-morango","11":"first","12":"outofstock","13":"sale","14":"shipping-taxable","15":"purchasable","16":"product-type-variable"},"yoast_head":"<!-- This site is optimized with the Yoast SEO Premium plugin v24.8 (Yoast SEO v24.8) - https:\/\/yoast.com\/wordpress\/plugins\/seo\/ -->\n<title>Fizzy Great 10000 puffs - 50pcs - fizzyvape.eu<\/title>\n<meta name=\"description\" content=\"Fizzy Great Watermelon Strawberry Lemonade 10000 Puffs - vape de ver\u00e3o com melancia sumarenta, morango e limonada picante. 50pcs Pre\u00e7o especial!\" \/>\n<meta name=\"robots\" content=\"index, follow, max-snippet:-1, max-image-preview:large, max-video-preview:-1\" \/>\n<link rel=\"canonical\" href=\"https:\/\/fizzyvape.eu\/pt-pt\/produto\/fizzy-great-10000-puffs-50pcs\/\" \/>\n<meta property=\"og:locale\" content=\"pt_PT\" \/>\n<meta property=\"og:type\" content=\"article\" \/>\n<meta property=\"og:title\" content=\"Fizzy Great 10000 puffs - 50pcs\" \/>\n<meta property=\"og:description\" content=\"Fizzy Great Watermelon Strawberry Lemonade 10000 Puffs - vape de ver\u00e3o com melancia sumarenta, morango e limonada picante. 50pcs Pre\u00e7o especial!\" \/>\n<meta property=\"og:url\" content=\"https:\/\/fizzyvape.eu\/pt-pt\/produto\/fizzy-great-10000-puffs-50pcs\/\" \/>\n<meta property=\"og:site_name\" content=\"fizzyvape.eu\" \/>\n<meta property=\"og:image\" content=\"https:\/\/fizzyvape.eu\/wp-content\/uploads\/2025\/04\/FizzyVape-Great-10KPuff-Main08.jpg\" \/>\n\t<meta property=\"og:image:width\" content=\"1057\" \/>\n\t<meta property=\"og:image:height\" content=\"1037\" \/>\n\t<meta property=\"og:image:type\" content=\"image\/jpeg\" \/>\n<meta name=\"twitter:card\" content=\"summary_large_image\" \/>\n<meta name=\"twitter:label1\" content=\"Disponibilidade\" \/>\n\t<meta name=\"twitter:data1\" content=\"Esgotado\" \/>\n<script type=\"application\/ld+json\" class=\"yoast-schema-graph\">{\"@context\":\"https:\/\/schema.org\",\"@graph\":[{\"@type\":\"WebPage\",\"@id\":\"https:\/\/fizzyvape.eu\/pt-pt\/produto\/fizzy-great-10000-puffs-50pcs\/\",\"url\":\"https:\/\/fizzyvape.eu\/pt-pt\/produto\/fizzy-great-10000-puffs-50pcs\/\",\"name\":\"Fizzy Great 10000 puffs - 50pcs - fizzyvape.eu\",\"isPartOf\":{\"@id\":\"https:\/\/www.fizzyvape.eu\/pt-pt\/#website\"},\"primaryImageOfPage\":{\"@id\":\"https:\/\/fizzyvape.eu\/pt-pt\/produto\/fizzy-great-10000-puffs-50pcs\/#primaryimage\"},\"image\":{\"@id\":\"https:\/\/fizzyvape.eu\/pt-pt\/produto\/fizzy-great-10000-puffs-50pcs\/#primaryimage\"},\"thumbnailUrl\":\"https:\/\/fizzyvape.eu\/wp-content\/uploads\/2025\/04\/FizzyVape-Great-10KPuff-Main08.jpg\",\"datePublished\":\"2025-04-09T01:36:02+00:00\",\"description\":\"Fizzy Great Watermelon Strawberry Lemonade 10000 Puffs - vape de ver\u00e3o com melancia sumarenta, morango e limonada picante. 50pcs Pre\u00e7o especial!\",\"breadcrumb\":{\"@id\":\"https:\/\/fizzyvape.eu\/pt-pt\/produto\/fizzy-great-10000-puffs-50pcs\/#breadcrumb\"},\"inLanguage\":\"pt-PT\",\"potentialAction\":[{\"@type\":\"ReadAction\",\"target\":[\"https:\/\/fizzyvape.eu\/pt-pt\/produto\/fizzy-great-10000-puffs-50pcs\/\"]}]},{\"@type\":\"ImageObject\",\"inLanguage\":\"pt-PT\",\"@id\":\"https:\/\/fizzyvape.eu\/pt-pt\/produto\/fizzy-great-10000-puffs-50pcs\/#primaryimage\",\"url\":\"https:\/\/fizzyvape.eu\/wp-content\/uploads\/2025\/04\/FizzyVape-Great-10KPuff-Main08.jpg\",\"contentUrl\":\"https:\/\/fizzyvape.eu\/wp-content\/uploads\/2025\/04\/FizzyVape-Great-10KPuff-Main08.jpg\",\"width\":1057,\"height\":1037},{\"@type\":\"BreadcrumbList\",\"@id\":\"https:\/\/fizzyvape.eu\/pt-pt\/produto\/fizzy-great-10000-puffs-50pcs\/#breadcrumb\",\"itemListElement\":[{\"@type\":\"ListItem\",\"position\":1,\"name\":\"Home\",\"item\":\"https:\/\/fizzyvape.eu\/pt-pt\/\"},{\"@type\":\"ListItem\",\"position\":2,\"name\":\"Shop\",\"item\":\"https:\/\/www.fizzyvape.eu\/pt-pt\/shop\/\"},{\"@type\":\"ListItem\",\"position\":3,\"name\":\"Fizzy Great 10000 puffs &#8211; 50pcs\"}]},{\"@type\":\"WebSite\",\"@id\":\"https:\/\/www.fizzyvape.eu\/pt-pt\/#website\",\"url\":\"https:\/\/www.fizzyvape.eu\/pt-pt\/\",\"name\":\"fizzyvape.eu\",\"description\":\"Refreshing Vapes. Unforgettable Taste.\",\"publisher\":{\"@id\":\"https:\/\/www.fizzyvape.eu\/pt-pt\/#organization\"},\"potentialAction\":[{\"@type\":\"SearchAction\",\"target\":{\"@type\":\"EntryPoint\",\"urlTemplate\":\"https:\/\/www.fizzyvape.eu\/pt-pt\/?s={search_term_string}\"},\"query-input\":{\"@type\":\"PropertyValueSpecification\",\"valueRequired\":true,\"valueName\":\"search_term_string\"}}],\"inLanguage\":\"pt-PT\"},{\"@type\":\"Organization\",\"@id\":\"https:\/\/www.fizzyvape.eu\/pt-pt\/#organization\",\"name\":\"fizzyvape.eu\",\"url\":\"https:\/\/www.fizzyvape.eu\/pt-pt\/\",\"logo\":{\"@type\":\"ImageObject\",\"inLanguage\":\"pt-PT\",\"@id\":\"https:\/\/www.fizzyvape.eu\/pt-pt\/#\/schema\/logo\/image\/\",\"url\":\"https:\/\/fizzyvape.eu\/wp-content\/uploads\/2019\/06\/print-1.svg\",\"contentUrl\":\"https:\/\/fizzyvape.eu\/wp-content\/uploads\/2019\/06\/print-1.svg\",\"width\":124,\"height\":37,\"caption\":\"fizzyvape.eu\"},\"image\":{\"@id\":\"https:\/\/www.fizzyvape.eu\/pt-pt\/#\/schema\/logo\/image\/\"}}]}<\/script>\n<meta property=\"og:availability\" content=\"out of stock\" \/>\n<meta property=\"product:availability\" content=\"out of stock\" \/>\n<meta property=\"product:condition\" content=\"new\" \/>\n<!-- \/ Yoast SEO Premium plugin. -->","yoast_head_json":{"title":"Fizzy Great 10000 puffs - 50pcs - fizzyvape.eu","description":"Fizzy Great Watermelon Strawberry Lemonade 10000 Puffs - vape de ver\u00e3o com melancia sumarenta, morango e limonada picante. 50pcs Pre\u00e7o especial!","robots":{"index":"index","follow":"follow","max-snippet":"max-snippet:-1","max-image-preview":"max-image-preview:large","max-video-preview":"max-video-preview:-1"},"canonical":"https:\/\/fizzyvape.eu\/pt-pt\/produto\/fizzy-great-10000-puffs-50pcs\/","og_locale":"pt_PT","og_type":"article","og_title":"Fizzy Great 10000 puffs - 50pcs","og_description":"Fizzy Great Watermelon Strawberry Lemonade 10000 Puffs - vape de ver\u00e3o com melancia sumarenta, morango e limonada picante. 50pcs Pre\u00e7o especial!","og_url":"https:\/\/fizzyvape.eu\/pt-pt\/produto\/fizzy-great-10000-puffs-50pcs\/","og_site_name":"fizzyvape.eu","og_image":[{"width":1057,"height":1037,"url":"https:\/\/fizzyvape.eu\/wp-content\/uploads\/2025\/04\/FizzyVape-Great-10KPuff-Main08.jpg","type":"image\/jpeg"}],"twitter_card":"summary_large_image","twitter_misc":{"Disponibilidade":"Esgotado"},"schema":{"@context":"https:\/\/schema.org","@graph":[{"@type":"WebPage","@id":"https:\/\/fizzyvape.eu\/pt-pt\/produto\/fizzy-great-10000-puffs-50pcs\/","url":"https:\/\/fizzyvape.eu\/pt-pt\/produto\/fizzy-great-10000-puffs-50pcs\/","name":"Fizzy Great 10000 puffs - 50pcs - fizzyvape.eu","isPartOf":{"@id":"https:\/\/www.fizzyvape.eu\/pt-pt\/#website"},"primaryImageOfPage":{"@id":"https:\/\/fizzyvape.eu\/pt-pt\/produto\/fizzy-great-10000-puffs-50pcs\/#primaryimage"},"image":{"@id":"https:\/\/fizzyvape.eu\/pt-pt\/produto\/fizzy-great-10000-puffs-50pcs\/#primaryimage"},"thumbnailUrl":"https:\/\/fizzyvape.eu\/wp-content\/uploads\/2025\/04\/FizzyVape-Great-10KPuff-Main08.jpg","datePublished":"2025-04-09T01:36:02+00:00","description":"Fizzy Great Watermelon Strawberry Lemonade 10000 Puffs - vape de ver\u00e3o com melancia sumarenta, morango e limonada picante. 50pcs Pre\u00e7o especial!","breadcrumb":{"@id":"https:\/\/fizzyvape.eu\/pt-pt\/produto\/fizzy-great-10000-puffs-50pcs\/#breadcrumb"},"inLanguage":"pt-PT","potentialAction":[{"@type":"ReadAction","target":["https:\/\/fizzyvape.eu\/pt-pt\/produto\/fizzy-great-10000-puffs-50pcs\/"]}]},{"@type":"ImageObject","inLanguage":"pt-PT","@id":"https:\/\/fizzyvape.eu\/pt-pt\/produto\/fizzy-great-10000-puffs-50pcs\/#primaryimage","url":"https:\/\/fizzyvape.eu\/wp-content\/uploads\/2025\/04\/FizzyVape-Great-10KPuff-Main08.jpg","contentUrl":"https:\/\/fizzyvape.eu\/wp-content\/uploads\/2025\/04\/FizzyVape-Great-10KPuff-Main08.jpg","width":1057,"height":1037},{"@type":"BreadcrumbList","@id":"https:\/\/fizzyvape.eu\/pt-pt\/produto\/fizzy-great-10000-puffs-50pcs\/#breadcrumb","itemListElement":[{"@type":"ListItem","position":1,"name":"Home","item":"https:\/\/fizzyvape.eu\/pt-pt\/"},{"@type":"ListItem","position":2,"name":"Shop","item":"https:\/\/www.fizzyvape.eu\/pt-pt\/shop\/"},{"@type":"ListItem","position":3,"name":"Fizzy Great 10000 puffs &#8211; 50pcs"}]},{"@type":"WebSite","@id":"https:\/\/www.fizzyvape.eu\/pt-pt\/#website","url":"https:\/\/www.fizzyvape.eu\/pt-pt\/","name":"fizzyvape.eu","description":"Refreshing Vapes. Unforgettable Taste.","publisher":{"@id":"https:\/\/www.fizzyvape.eu\/pt-pt\/#organization"},"potentialAction":[{"@type":"SearchAction","target":{"@type":"EntryPoint","urlTemplate":"https:\/\/www.fizzyvape.eu\/pt-pt\/?s={search_term_string}"},"query-input":{"@type":"PropertyValueSpecification","valueRequired":true,"valueName":"search_term_string"}}],"inLanguage":"pt-PT"},{"@type":"Organization","@id":"https:\/\/www.fizzyvape.eu\/pt-pt\/#organization","name":"fizzyvape.eu","url":"https:\/\/www.fizzyvape.eu\/pt-pt\/","logo":{"@type":"ImageObject","inLanguage":"pt-PT","@id":"https:\/\/www.fizzyvape.eu\/pt-pt\/#\/schema\/logo\/image\/","url":"https:\/\/fizzyvape.eu\/wp-content\/uploads\/2019\/06\/print-1.svg","contentUrl":"https:\/\/fizzyvape.eu\/wp-content\/uploads\/2019\/06\/print-1.svg","width":124,"height":37,"caption":"fizzyvape.eu"},"image":{"@id":"https:\/\/www.fizzyvape.eu\/pt-pt\/#\/schema\/logo\/image\/"}}]},"og_availability":"out of stock","product_availability":"out of stock","product_condition":"new"},"tiered_pricing_type":"fixed","tiered_pricing_fixed_rules":[],"tiered_pricing_product_settings":{"layout":"default","base_unit_name":{"singular":null,"plural":null},"default_variation":null},"tiered_pricing_minimum_quantity":null,"tiered_pricing_roles_data":[],"tiered_pricing_percentage_rules":[],"tiered_pricing_maximum_quantity":null,"tiered_pricing_quantity_step":null,"_links":{"self":[{"href":"https:\/\/fizzyvape.eu\/pt-pt\/wp-json\/wp\/v2\/product\/24550","targetHints":{"allow":["GET"]}}],"collection":[{"href":"https:\/\/fizzyvape.eu\/pt-pt\/wp-json\/wp\/v2\/product"}],"about":[{"href":"https:\/\/fizzyvape.eu\/pt-pt\/wp-json\/wp\/v2\/types\/product"}],"replies":[{"embeddable":true,"href":"https:\/\/fizzyvape.eu\/pt-pt\/wp-json\/wp\/v2\/comments?post=24550"}],"version-history":[{"count":0,"href":"https:\/\/fizzyvape.eu\/pt-pt\/wp-json\/wp\/v2\/product\/24550\/revisions"}],"wp:featuredmedia":[{"embeddable":true,"href":"https:\/\/fizzyvape.eu\/pt-pt\/wp-json\/wp\/v2\/media\/22594"}],"wp:attachment":[{"href":"https:\/\/fizzyvape.eu\/pt-pt\/wp-json\/wp\/v2\/media?parent=24550"}],"wp:term":[{"taxonomy":"product_brand","embeddable":true,"href":"https:\/\/fizzyvape.eu\/pt-pt\/wp-json\/wp\/v2\/product_brand?post=24550"},{"taxonomy":"product_cat","embeddable":true,"href":"https:\/\/fizzyvape.eu\/pt-pt\/wp-json\/wp\/v2\/product_cat?post=24550"},{"taxonomy":"product_tag","embeddable":true,"href":"https:\/\/fizzyvape.eu\/pt-pt\/wp-json\/wp\/v2\/product_tag?post=24550"}],"curies":[{"name":"wp","href":"https:\/\/api.w.org\/{rel}","templated":true}]}}