{"id":24569,"date":"2025-04-10T11:10:26","date_gmt":"2025-04-10T03:10:26","guid":{"rendered":"https:\/\/fizzyvape.eu\/product\/fizzy-pandora-12000-puffs-50pcs\/"},"modified":"2025-04-10T11:10:26","modified_gmt":"2025-04-10T03:10:26","slug":"fizzy-pandora-12000-puffs-50pcs","status":"publish","type":"product","link":"https:\/\/fizzyvape.eu\/pt-pt\/produto\/fizzy-pandora-12000-puffs-50pcs\/","title":{"rendered":"Fizzy Pandora &#8211; 12000 Puffs &#8211; 50pcs"},"content":{"rendered":"<div>\n<h2>Fizzy Pandora 12000 Puffs Caixa Cega (50pcs) &#8211; Sabores Aleat\u00f3rios, Surpresas Premium<\/h2>\n<p>Descobre a emo\u00e7\u00e3o de <strong>50 vapes descart\u00e1veis Fizzy Pandora de primeira qualidade<\/strong> nesta caixa mist\u00e9rio de edi\u00e7\u00e3o limitada &#8211; cada um com <strong>12.000 baforadas ultra-suaves<\/strong> de sabor aperfei\u00e7oado em laborat\u00f3rio! Vais receber o <strong>Tropical Mango<\/strong>, <strong>o Berry Blast<\/strong> ou o <strong>Crisp Ice Mint<\/strong>? Cada caixa \u00e9 uma aventura cheia de sabor.  <\/p>\n<h3><strong>Carater\u00edsticas principais<\/strong><\/h3>\n<p>\ud83d\udd25 <strong>50 x 12.000 baforadas<\/strong> &#8211; <strong>Mais de 600.000 baforadas no total<\/strong> (dura meses!)<br \/>\n\ud83c\udf08 <strong>12 Sabores Premium<\/strong> &#8211; Escolhe aleatoriamente entre os mais vendidos da Fizzy Pandora<br \/>\n\u26a1 <strong>Recarreg\u00e1vel por USB-C<\/strong> &#8211; N\u00e3o desperdi\u00e7a e-l\u00edquido (capacidade de 20 ml por dispositivo)<br \/>\n\ud83c\udf00 <strong>Mesh Coil Tech<\/strong> &#8211; Sabor rico e consistente e nuvens densas<br \/>\n\u2708\ufe0f <strong>Pronto para viajar<\/strong> &#8211; Compacto (48\u00d720,6\u00d788mm) e \u00e0 prova de fugas <\/p>\n<h3>Porqu\u00ea escolher a caixa cega Fizzy Pandora?<\/h3>\n<p>\ud83c\udf81 <strong>50 unidades de surpresa:<\/strong> Cada caixa inclui uma mistura aleat\u00f3ria de 50 vapes Fizzy Pandora aut\u00eanticos, com <strong>12 sabores \u00fanicos<\/strong><br \/>\n\ud83c\udf08 <strong>Aventura de sabores:<\/strong> Espera misturas como Strawberry Kiwi Pomegranate, Blueberry Raspberry e Ice Mint &#8211; cada caixa \u00e9 uma nova experi\u00eancia<br \/>\n\ud83d\udca8 <strong>Massive 12,000 Puffs per Device:<\/strong> Concebido com tecnologia de bobina de malha e uma bateria recarreg\u00e1vel de 650mAh<br \/>\n\ud83d\udd0b <strong>Recarga r\u00e1pida USB-C:<\/strong> Cada dispositivo fornece aprox. 4.000 baforadas por carregamento<br \/>\n\ud83d\udeab <strong>Design \u00e0 prova de fugas e pronto para viajar:<\/strong> Constru\u00eddo com uma constru\u00e7\u00e3o selada para seguran\u00e7a e portabilidade<br \/>\n\ud83e\uddca <strong>Smooth 5% Nicotine Salt:<\/strong> Equilibrado para satisfa\u00e7\u00e3o sem batidas fortes na garganta    <\/p>\n<\/div>\n<div>\n<h3>Especifica\u00e7\u00f5es<\/h3>\n<table>\n<tbody>\n<tr>\n<td>Puffs<\/td>\n<td><strong>Mais de 12000 Puffs<\/strong><\/td>\n<\/tr>\n<tr>\n<td>Capacidade do E-l\u00edquido<\/td>\n<td><strong>20ml<\/strong><\/td>\n<\/tr>\n<tr>\n<td>Capacidade da bateria<\/td>\n<td><strong>650mAh<\/strong><\/td>\n<\/tr>\n<tr>\n<td>Bobina de malha<\/td>\n<td><strong>1.4\u03a9<\/strong><\/td>\n<\/tr>\n<tr>\n<td>Tamanho<\/td>\n<td><strong>48*20,6*88mm<\/strong><\/td>\n<\/tr>\n<tr>\n<td>Descart\u00e1vel ou n\u00e3o<\/td>\n<td><strong>Descart\u00e1vel<\/strong><\/td>\n<\/tr>\n<tr>\n<td>M\u00e9todo de carregamento<\/td>\n<td><strong>Cabo<\/strong><\/td>\n<\/tr>\n<tr>\n<td>M\u00e9todo de ativa\u00e7\u00e3o<\/td>\n<td><strong>Sensor<\/strong><\/td>\n<\/tr>\n<tr>\n<td>N\u00edvel de nicotina<\/td>\n<td><strong>2% (20mg\/ml) e 5% (50mg\/ml)<\/strong><\/td>\n<\/tr>\n<tr>\n<td>Aromas<\/td>\n<td><strong>12<\/strong><\/td>\n<\/tr>\n<tr>\n<td>Embalagem<\/td>\n<td><strong>1 embalagem<\/strong><\/td>\n<\/tr>\n<tr>\n<td>Tempo de carregamento<\/td>\n<td><strong>2 horas<\/strong><\/td>\n<\/tr>\n<tr>\n<td>Armazenamento<\/td>\n<td><strong>Evita ambientes com temperaturas elevadas e armazena em local fresco e seco.<\/strong><\/td>\n<\/tr>\n<tr>\n<td>Pessoas proibidas de usar<\/td>\n<td><strong>Menores de idade, mulheres gr\u00e1vidas e pessoas al\u00e9rgicas aos ingredientes do produto.<\/strong><\/td>\n<\/tr>\n<tr>\n<td>Cuidado<\/td>\n<td><strong>N\u00e3o engulas esta subst\u00e2ncia. Em caso de ingest\u00e3o, lava imediata e abundantemente a boca. Se te sentires mal, procura assist\u00eancia m\u00e9dica.  <\/strong><\/td>\n<\/tr>\n<\/tbody>\n<\/table>\n<h3>Lista de sabores de <strong>Fizzy Pandora <\/strong>12000 Puffs:<\/h3>\n<ol>\n<li><a href=\"https:\/\/fizzyvape.eu\/pt-pt\/produto\/fizzy-pandora-melancia-12000-puffs\/\">Melancia<\/a><\/li>\n<li><a href=\"https:\/\/fizzyvape.eu\/pt-pt\/produto\/fizzy-pandora-manga-12000-puffs\/\">Manga<\/a><\/li>\n<li><a href=\"https:\/\/fizzyvape.eu\/pt-pt\/produto\/fizzy-pandora-uva-12000-puffs\/\">Uva<\/a><\/li>\n<li><a href=\"https:\/\/fizzyvape.eu\/pt-pt\/produto\/fizzy-pandora-roma-12000-puffs\/\">Rom\u00e3<\/a><\/li>\n<li><a href=\"https:\/\/fizzyvape.eu\/pt-pt\/produto\/fizzy-pandora-pessego-12000-puffs\/\">P\u00eassego<\/a><\/li>\n<li><a href=\"https:\/\/fizzyvape.eu\/pt-pt\/produto\/fizzy-pandora-mirtilo-framboesa-12000-puffs\/\">Mirtilo Framboesa<\/a><\/li>\n<li><a href=\"https:\/\/fizzyvape.eu\/pt-pt\/produto\/fizzy-pandora-laranja-manga-melancia-12000-puffs\/\">Laranja Manga Melancia<\/a><\/li>\n<li><a href=\"https:\/\/fizzyvape.eu\/pt-pt\/produto\/fizzy-pandora-ice-mint-12000-pastilhas\/\">Menta gelada<\/a><\/li>\n<li><a href=\"https:\/\/fizzyvape.eu\/pt-pt\/produto\/fizzy-pandora-morango-kiwi-roma-12000-puffs\/\">Morango Kiwi Rom\u00e3<\/a><\/li>\n<li><a href=\"https:\/\/fizzyvape.eu\/pt-pt\/produto\/fizzy-pandora-blueberry-12000-puffs\/\">Mirtilo<\/a><\/li>\n<li><a href=\"https:\/\/fizzyvape.eu\/pt-pt\/produto\/fizzy-pandora-morango-12000-puffs\/\">Morango<\/a><\/li>\n<li><a href=\"https:\/\/fizzyvape.eu\/pt-pt\/produto\/fizzy-pandora-melancia-mirtilo-12000-puffs\/\">Melancia Mirtilo<\/a><\/li>\n<\/ol>\n<h3>Perguntas frequentes sobre a caixa cega Fizzy Pandora 12000 Puffs (50pcs)<\/h3>\n<p><strong>Receberei v\u00e1rios sabores na caixa?<\/strong><br \/>\nCada caixa cega \u00e9 selecionada para minimizar a repeti\u00e7\u00e3o e maximizar a variedade. Espera uma sele\u00e7\u00e3o equilibrada. <\/p>\n<p><strong>Os aparelhos est\u00e3o pr\u00e9-carregados?<\/strong><br \/>\nSim &#8211; cada dispositivo chega pronto a utilizar, com recarga USB-C dispon\u00edvel para uma utiliza\u00e7\u00e3o prolongada.<\/p>\n<p><strong>Esta caixa cega \u00e9 adequada para revenda?<\/strong><br \/>\nPodes crer. Cada dispositivo \u00e9 embalado para venda a retalho, o que o torna ideal para prateleiras de lojas, quiosques ou vendas online. <\/p>\n<p><strong>\u00c9 melhor do que comprar sabores avulsos?<\/strong><br \/>\nSim! <strong>50 aparelhos = mais de 600 mil baforadas<\/strong> com um desconto a granel + a divers\u00e3o dos sabores surpresa.<\/p>\n<\/div>\n","protected":false},"excerpt":{"rendered":"<p><strong>Desembrulha a derradeira experi\u00eancia vape com a caixa cega Fizzy Pandora 12000 Puffs (50 unidades)<\/strong> &#8211; uma mistura misteriosa de 12 sabores favoritos do p\u00fablico. Cada descart\u00e1vel fornece <strong>12.000 baforadas ultra-suaves<\/strong>, alimentadas por <strong>carregamento r\u00e1pido USB-C<\/strong> e <strong>tecnologia avan\u00e7ada de bobina de malha<\/strong>. Perfeito para compradores a granel, retalhistas ou exploradores de sabores &#8211; mais de <strong>600.000 baforadas por caixa<\/strong>!  <\/p>\n<p>\ud83d\udd25 <strong>Oferta limitada: Obt\u00e9m 50 unidades a um pre\u00e7o especial com desconto!<\/strong> \ud83d\udd25<\/p>\n","protected":false},"featured_media":22505,"comment_status":"open","ping_status":"closed","template":"","meta":{"iawp_total_views":0},"product_brand":[],"product_cat":[674,292],"product_tag":[294],"class_list":{"0":"post-24569","1":"product","2":"type-product","3":"status-publish","4":"has-post-thumbnail","6":"product_cat-bulk-deals-2-pt-pt","7":"product_cat-pandora-pt-pt","8":"product_tag-12000-puffs-pt-pt","10":"first","11":"outofstock","12":"sale","13":"shipping-taxable","14":"purchasable","15":"product-type-variable"},"yoast_head":"<!-- This site is optimized with the Yoast SEO Premium plugin v24.8 (Yoast SEO v24.8) - https:\/\/yoast.com\/wordpress\/plugins\/seo\/ -->\n<title>Fizzy Pandora - 12000 Puffs - 50pcs - fizzyvape.eu<\/title>\n<meta name=\"description\" content=\"50 vapes premium, 12000 baforadas cada. Descobre 12 sabores surpresa no volume de vape descart\u00e1vel Fizzy Pandora - uma aventura de vape duradoura e cheia de sabor.\" \/>\n<meta name=\"robots\" content=\"index, follow, max-snippet:-1, max-image-preview:large, max-video-preview:-1\" \/>\n<link rel=\"canonical\" href=\"https:\/\/fizzyvape.eu\/pt-pt\/produto\/fizzy-pandora-12000-puffs-50pcs\/\" \/>\n<meta property=\"og:locale\" content=\"pt_PT\" \/>\n<meta property=\"og:type\" content=\"article\" \/>\n<meta property=\"og:title\" content=\"Fizzy Pandora - 12000 Puffs - 50pcs\" \/>\n<meta property=\"og:description\" content=\"50 vapes premium, 12000 baforadas cada. Descobre 12 sabores surpresa no volume de vape descart\u00e1vel Fizzy Pandora - uma aventura de vape duradoura e cheia de sabor.\" \/>\n<meta property=\"og:url\" content=\"https:\/\/fizzyvape.eu\/pt-pt\/produto\/fizzy-pandora-12000-puffs-50pcs\/\" \/>\n<meta property=\"og:site_name\" content=\"fizzyvape.eu\" \/>\n<meta property=\"og:image\" content=\"https:\/\/fizzyvape.eu\/wp-content\/uploads\/2025\/04\/Fizzy-Pandora-12000PUFF.jpg\" \/>\n\t<meta property=\"og:image:width\" content=\"1057\" \/>\n\t<meta property=\"og:image:height\" content=\"1037\" \/>\n\t<meta property=\"og:image:type\" content=\"image\/jpeg\" \/>\n<meta name=\"twitter:card\" content=\"summary_large_image\" \/>\n<meta name=\"twitter:label1\" content=\"Disponibilidade\" \/>\n\t<meta name=\"twitter:data1\" content=\"Esgotado\" \/>\n<script type=\"application\/ld+json\" class=\"yoast-schema-graph\">{\"@context\":\"https:\/\/schema.org\",\"@graph\":[{\"@type\":\"WebPage\",\"@id\":\"https:\/\/fizzyvape.eu\/pt-pt\/produto\/fizzy-pandora-12000-puffs-50pcs\/\",\"url\":\"https:\/\/fizzyvape.eu\/pt-pt\/produto\/fizzy-pandora-12000-puffs-50pcs\/\",\"name\":\"Fizzy Pandora - 12000 Puffs - 50pcs - fizzyvape.eu\",\"isPartOf\":{\"@id\":\"https:\/\/www.fizzyvape.eu\/pt-pt\/#website\"},\"primaryImageOfPage\":{\"@id\":\"https:\/\/fizzyvape.eu\/pt-pt\/produto\/fizzy-pandora-12000-puffs-50pcs\/#primaryimage\"},\"image\":{\"@id\":\"https:\/\/fizzyvape.eu\/pt-pt\/produto\/fizzy-pandora-12000-puffs-50pcs\/#primaryimage\"},\"thumbnailUrl\":\"https:\/\/fizzyvape.eu\/wp-content\/uploads\/2025\/04\/Fizzy-Pandora-12000PUFF.jpg\",\"datePublished\":\"2025-04-10T03:10:26+00:00\",\"description\":\"50 vapes premium, 12000 baforadas cada. Descobre 12 sabores surpresa no volume de vape descart\u00e1vel Fizzy Pandora - uma aventura de vape duradoura e cheia de sabor.\",\"breadcrumb\":{\"@id\":\"https:\/\/fizzyvape.eu\/pt-pt\/produto\/fizzy-pandora-12000-puffs-50pcs\/#breadcrumb\"},\"inLanguage\":\"pt-PT\",\"potentialAction\":[{\"@type\":\"ReadAction\",\"target\":[\"https:\/\/fizzyvape.eu\/pt-pt\/produto\/fizzy-pandora-12000-puffs-50pcs\/\"]}]},{\"@type\":\"ImageObject\",\"inLanguage\":\"pt-PT\",\"@id\":\"https:\/\/fizzyvape.eu\/pt-pt\/produto\/fizzy-pandora-12000-puffs-50pcs\/#primaryimage\",\"url\":\"https:\/\/fizzyvape.eu\/wp-content\/uploads\/2025\/04\/Fizzy-Pandora-12000PUFF.jpg\",\"contentUrl\":\"https:\/\/fizzyvape.eu\/wp-content\/uploads\/2025\/04\/Fizzy-Pandora-12000PUFF.jpg\",\"width\":1057,\"height\":1037,\"caption\":\"Fizzy-Pandora-12000PUFF\"},{\"@type\":\"BreadcrumbList\",\"@id\":\"https:\/\/fizzyvape.eu\/pt-pt\/produto\/fizzy-pandora-12000-puffs-50pcs\/#breadcrumb\",\"itemListElement\":[{\"@type\":\"ListItem\",\"position\":1,\"name\":\"Home\",\"item\":\"https:\/\/fizzyvape.eu\/pt-pt\/\"},{\"@type\":\"ListItem\",\"position\":2,\"name\":\"Shop\",\"item\":\"https:\/\/www.fizzyvape.eu\/pt-pt\/shop\/\"},{\"@type\":\"ListItem\",\"position\":3,\"name\":\"Fizzy Pandora &#8211; 12000 Puffs &#8211; 50pcs\"}]},{\"@type\":\"WebSite\",\"@id\":\"https:\/\/www.fizzyvape.eu\/pt-pt\/#website\",\"url\":\"https:\/\/www.fizzyvape.eu\/pt-pt\/\",\"name\":\"fizzyvape.eu\",\"description\":\"Refreshing Vapes. Unforgettable Taste.\",\"publisher\":{\"@id\":\"https:\/\/www.fizzyvape.eu\/pt-pt\/#organization\"},\"potentialAction\":[{\"@type\":\"SearchAction\",\"target\":{\"@type\":\"EntryPoint\",\"urlTemplate\":\"https:\/\/www.fizzyvape.eu\/pt-pt\/?s={search_term_string}\"},\"query-input\":{\"@type\":\"PropertyValueSpecification\",\"valueRequired\":true,\"valueName\":\"search_term_string\"}}],\"inLanguage\":\"pt-PT\"},{\"@type\":\"Organization\",\"@id\":\"https:\/\/www.fizzyvape.eu\/pt-pt\/#organization\",\"name\":\"fizzyvape.eu\",\"url\":\"https:\/\/www.fizzyvape.eu\/pt-pt\/\",\"logo\":{\"@type\":\"ImageObject\",\"inLanguage\":\"pt-PT\",\"@id\":\"https:\/\/www.fizzyvape.eu\/pt-pt\/#\/schema\/logo\/image\/\",\"url\":\"https:\/\/fizzyvape.eu\/wp-content\/uploads\/2019\/06\/print-1.svg\",\"contentUrl\":\"https:\/\/fizzyvape.eu\/wp-content\/uploads\/2019\/06\/print-1.svg\",\"width\":124,\"height\":37,\"caption\":\"fizzyvape.eu\"},\"image\":{\"@id\":\"https:\/\/www.fizzyvape.eu\/pt-pt\/#\/schema\/logo\/image\/\"}}]}<\/script>\n<meta property=\"og:availability\" content=\"out of stock\" \/>\n<meta property=\"product:availability\" content=\"out of stock\" \/>\n<meta property=\"product:condition\" content=\"new\" \/>\n<!-- \/ Yoast SEO Premium plugin. -->","yoast_head_json":{"title":"Fizzy Pandora - 12000 Puffs - 50pcs - fizzyvape.eu","description":"50 vapes premium, 12000 baforadas cada. Descobre 12 sabores surpresa no volume de vape descart\u00e1vel Fizzy Pandora - uma aventura de vape duradoura e cheia de sabor.","robots":{"index":"index","follow":"follow","max-snippet":"max-snippet:-1","max-image-preview":"max-image-preview:large","max-video-preview":"max-video-preview:-1"},"canonical":"https:\/\/fizzyvape.eu\/pt-pt\/produto\/fizzy-pandora-12000-puffs-50pcs\/","og_locale":"pt_PT","og_type":"article","og_title":"Fizzy Pandora - 12000 Puffs - 50pcs","og_description":"50 vapes premium, 12000 baforadas cada. Descobre 12 sabores surpresa no volume de vape descart\u00e1vel Fizzy Pandora - uma aventura de vape duradoura e cheia de sabor.","og_url":"https:\/\/fizzyvape.eu\/pt-pt\/produto\/fizzy-pandora-12000-puffs-50pcs\/","og_site_name":"fizzyvape.eu","og_image":[{"width":1057,"height":1037,"url":"https:\/\/fizzyvape.eu\/wp-content\/uploads\/2025\/04\/Fizzy-Pandora-12000PUFF.jpg","type":"image\/jpeg"}],"twitter_card":"summary_large_image","twitter_misc":{"Disponibilidade":"Esgotado"},"schema":{"@context":"https:\/\/schema.org","@graph":[{"@type":"WebPage","@id":"https:\/\/fizzyvape.eu\/pt-pt\/produto\/fizzy-pandora-12000-puffs-50pcs\/","url":"https:\/\/fizzyvape.eu\/pt-pt\/produto\/fizzy-pandora-12000-puffs-50pcs\/","name":"Fizzy Pandora - 12000 Puffs - 50pcs - fizzyvape.eu","isPartOf":{"@id":"https:\/\/www.fizzyvape.eu\/pt-pt\/#website"},"primaryImageOfPage":{"@id":"https:\/\/fizzyvape.eu\/pt-pt\/produto\/fizzy-pandora-12000-puffs-50pcs\/#primaryimage"},"image":{"@id":"https:\/\/fizzyvape.eu\/pt-pt\/produto\/fizzy-pandora-12000-puffs-50pcs\/#primaryimage"},"thumbnailUrl":"https:\/\/fizzyvape.eu\/wp-content\/uploads\/2025\/04\/Fizzy-Pandora-12000PUFF.jpg","datePublished":"2025-04-10T03:10:26+00:00","description":"50 vapes premium, 12000 baforadas cada. Descobre 12 sabores surpresa no volume de vape descart\u00e1vel Fizzy Pandora - uma aventura de vape duradoura e cheia de sabor.","breadcrumb":{"@id":"https:\/\/fizzyvape.eu\/pt-pt\/produto\/fizzy-pandora-12000-puffs-50pcs\/#breadcrumb"},"inLanguage":"pt-PT","potentialAction":[{"@type":"ReadAction","target":["https:\/\/fizzyvape.eu\/pt-pt\/produto\/fizzy-pandora-12000-puffs-50pcs\/"]}]},{"@type":"ImageObject","inLanguage":"pt-PT","@id":"https:\/\/fizzyvape.eu\/pt-pt\/produto\/fizzy-pandora-12000-puffs-50pcs\/#primaryimage","url":"https:\/\/fizzyvape.eu\/wp-content\/uploads\/2025\/04\/Fizzy-Pandora-12000PUFF.jpg","contentUrl":"https:\/\/fizzyvape.eu\/wp-content\/uploads\/2025\/04\/Fizzy-Pandora-12000PUFF.jpg","width":1057,"height":1037,"caption":"Fizzy-Pandora-12000PUFF"},{"@type":"BreadcrumbList","@id":"https:\/\/fizzyvape.eu\/pt-pt\/produto\/fizzy-pandora-12000-puffs-50pcs\/#breadcrumb","itemListElement":[{"@type":"ListItem","position":1,"name":"Home","item":"https:\/\/fizzyvape.eu\/pt-pt\/"},{"@type":"ListItem","position":2,"name":"Shop","item":"https:\/\/www.fizzyvape.eu\/pt-pt\/shop\/"},{"@type":"ListItem","position":3,"name":"Fizzy Pandora &#8211; 12000 Puffs &#8211; 50pcs"}]},{"@type":"WebSite","@id":"https:\/\/www.fizzyvape.eu\/pt-pt\/#website","url":"https:\/\/www.fizzyvape.eu\/pt-pt\/","name":"fizzyvape.eu","description":"Refreshing Vapes. Unforgettable Taste.","publisher":{"@id":"https:\/\/www.fizzyvape.eu\/pt-pt\/#organization"},"potentialAction":[{"@type":"SearchAction","target":{"@type":"EntryPoint","urlTemplate":"https:\/\/www.fizzyvape.eu\/pt-pt\/?s={search_term_string}"},"query-input":{"@type":"PropertyValueSpecification","valueRequired":true,"valueName":"search_term_string"}}],"inLanguage":"pt-PT"},{"@type":"Organization","@id":"https:\/\/www.fizzyvape.eu\/pt-pt\/#organization","name":"fizzyvape.eu","url":"https:\/\/www.fizzyvape.eu\/pt-pt\/","logo":{"@type":"ImageObject","inLanguage":"pt-PT","@id":"https:\/\/www.fizzyvape.eu\/pt-pt\/#\/schema\/logo\/image\/","url":"https:\/\/fizzyvape.eu\/wp-content\/uploads\/2019\/06\/print-1.svg","contentUrl":"https:\/\/fizzyvape.eu\/wp-content\/uploads\/2019\/06\/print-1.svg","width":124,"height":37,"caption":"fizzyvape.eu"},"image":{"@id":"https:\/\/www.fizzyvape.eu\/pt-pt\/#\/schema\/logo\/image\/"}}]},"og_availability":"out of stock","product_availability":"out of stock","product_condition":"new"},"tiered_pricing_type":"fixed","tiered_pricing_fixed_rules":[],"tiered_pricing_product_settings":{"layout":"default","base_unit_name":{"singular":null,"plural":null},"default_variation":null},"tiered_pricing_minimum_quantity":null,"tiered_pricing_roles_data":[],"tiered_pricing_percentage_rules":[],"tiered_pricing_maximum_quantity":null,"tiered_pricing_quantity_step":null,"_links":{"self":[{"href":"https:\/\/fizzyvape.eu\/pt-pt\/wp-json\/wp\/v2\/product\/24569","targetHints":{"allow":["GET"]}}],"collection":[{"href":"https:\/\/fizzyvape.eu\/pt-pt\/wp-json\/wp\/v2\/product"}],"about":[{"href":"https:\/\/fizzyvape.eu\/pt-pt\/wp-json\/wp\/v2\/types\/product"}],"replies":[{"embeddable":true,"href":"https:\/\/fizzyvape.eu\/pt-pt\/wp-json\/wp\/v2\/comments?post=24569"}],"version-history":[{"count":0,"href":"https:\/\/fizzyvape.eu\/pt-pt\/wp-json\/wp\/v2\/product\/24569\/revisions"}],"wp:featuredmedia":[{"embeddable":true,"href":"https:\/\/fizzyvape.eu\/pt-pt\/wp-json\/wp\/v2\/media\/22505"}],"wp:attachment":[{"href":"https:\/\/fizzyvape.eu\/pt-pt\/wp-json\/wp\/v2\/media?parent=24569"}],"wp:term":[{"taxonomy":"product_brand","embeddable":true,"href":"https:\/\/fizzyvape.eu\/pt-pt\/wp-json\/wp\/v2\/product_brand?post=24569"},{"taxonomy":"product_cat","embeddable":true,"href":"https:\/\/fizzyvape.eu\/pt-pt\/wp-json\/wp\/v2\/product_cat?post=24569"},{"taxonomy":"product_tag","embeddable":true,"href":"https:\/\/fizzyvape.eu\/pt-pt\/wp-json\/wp\/v2\/product_tag?post=24569"}],"curies":[{"name":"wp","href":"https:\/\/api.w.org\/{rel}","templated":true}]}}