{"id":24637,"date":"2025-04-10T14:15:15","date_gmt":"2025-04-10T06:15:15","guid":{"rendered":"https:\/\/fizzyvape.eu\/product\/fizzy-luxury-15000-puffs-30pcs\/"},"modified":"2025-10-31T18:01:37","modified_gmt":"2025-10-31T10:01:37","slug":"fizzy-luxury-15000-puffs-30pcs","status":"publish","type":"product","link":"https:\/\/fizzyvape.eu\/pt-pt\/produto\/fizzy-luxury-15000-puffs-30pcs\/","title":{"rendered":"Fizzy Luxury &#8211; 15000 Puffs &#8211; 50pcs"},"content":{"rendered":"<div>\n<h2><strong>Fizzy Luxury 15000 Puffs &#8211; 50pcs Caixa Cega Sabor Mist\u00e9rio<\/strong><\/h2>\n<p>Rejuvenesce os teus sentidos com o <strong>Fizzy Luxury Lemon Lime 15000 Puffs<\/strong> &#8211; onde a vibrante raspa de lim\u00e3o (7\/10) se encontra com a frescura da lima (5\/10), tudo envolto no nosso corpo de metal premium com controlo preciso do fluxo de ar. Este descart\u00e1vel de elite oferece <strong>15.000 baforadas ultra-suaves<\/strong> de um sabor c\u00edtrico perfeitamente equilibrado, com o nosso revolucion\u00e1rio <strong>sistema de bobina de quartzo de malha dupla<\/strong> para um sabor cristalino e um vapor aveludado. <\/p>\n<h3>Porqu\u00ea escolher a caixa cega Fizzy Luxury (50pcs)?<\/h3>\n<p>\ud83d\udd39 <strong>50 Dispositivos Premium<\/strong> &#8211; Cada caixa cega cont\u00e9m 50 vapes Fizzy Luxury com sabores aleat\u00f3rios dos nossos bestsellers<br \/>\n\ud83d\udd39 <strong>Total de 450.000+ baforadas<\/strong> &#8211; 22mL por dispositivo, constru\u00eddo para um prazer duradouro<br \/>\n\ud83d\udd39 <strong>Constru\u00e7\u00e3o de luxo<\/strong> &#8211; Corpo em metal aeroespacial maquinado em CNC com regulador de fluxo de ar ajust\u00e1vel<br \/>\n\ud83d\udd39 <strong>SilkFlow Dual Quartz Mesh<\/strong> &#8211; Proporciona um vapor 50% mais suave e um sabor mais limpo<br \/>\n\ud83d\udd39 <strong>Recarreg\u00e1vel por USB-C<\/strong> &#8211; Usa at\u00e9 \u00e0 \u00faltima gota de e-l\u00edquido sem desperd\u00edcio<br \/>\n\ud83d\udd39 Flavor <strong>Adventure<\/strong> &#8211; Inclui perfis arrojados como Raspberry Lemonade, Fizzy Cherry, Kiwi Passion Fruit Guava, e muito mais <\/p>\n<h3><strong>Op\u00e7\u00f5es de nicotina:<\/strong><\/h3>\n<p>&#8211; <strong>2% (20mg\/mL)<\/strong> &#8211; Ideal para uma experi\u00eancia de vaporiza\u00e7\u00e3o suave e saborosa<br \/>\n&#8211; <strong>5% (50mg\/mL)<\/strong> &#8211; Concebido para um efeito de garganta mais forte e satisfat\u00f3rio <\/p>\n<\/div>\n<div>\n<h3>Especifica\u00e7\u00f5es<\/h3>\n<table style=\"height: 449px;\" width=\"1340\">\n<tbody>\n<tr>\n<td>Puffs<\/td>\n<td><strong>Mais de 15000 Puffs<\/strong><\/td>\n<\/tr>\n<tr>\n<td>Capacidade do E-l\u00edquido<\/td>\n<td><strong>22ml<\/strong><\/td>\n<\/tr>\n<tr>\n<td>Capacidade da bateria<\/td>\n<td><strong>650mAh<\/strong><\/td>\n<\/tr>\n<tr>\n<td>Bobina de malha<\/td>\n<td><strong>1.4\u03a9<\/strong><\/td>\n<\/tr>\n<tr>\n<td>Tamanho<\/td>\n<td><strong>53*30*85,3mm<\/strong><\/td>\n<\/tr>\n<tr>\n<td>Descart\u00e1vel ou n\u00e3o<\/td>\n<td><strong>Descart\u00e1vel<\/strong><\/td>\n<\/tr>\n<tr>\n<td>M\u00e9todo de carregamento<\/td>\n<td><strong>Cabo<\/strong><\/td>\n<\/tr>\n<tr>\n<td>M\u00e9todo de ativa\u00e7\u00e3o<\/td>\n<td><strong>Sensor<\/strong><\/td>\n<\/tr>\n<tr>\n<td>Material<\/td>\n<td><strong>Metal<\/strong><\/td>\n<\/tr>\n<tr>\n<td>N\u00edvel de nicotina<\/td>\n<td><strong>2% (20mg\/mL) e 5% (50mg\/mL)<\/strong><\/td>\n<\/tr>\n<tr>\n<td>Aromas<\/td>\n<td><strong>15<\/strong><\/td>\n<\/tr>\n<tr>\n<td>Embalagem<\/td>\n<td><strong>1 embalagem<\/strong><\/td>\n<\/tr>\n<tr>\n<td>Tempo de carregamento<\/td>\n<td><strong>2 horas<\/strong><\/td>\n<\/tr>\n<tr>\n<td>Armazenamento<\/td>\n<td><strong>Evita ambientes com temperaturas elevadas e armazena em local fresco e seco.<\/strong><\/td>\n<\/tr>\n<tr>\n<td>Pessoas proibidas de usar<\/td>\n<td><strong>Menores de idade, mulheres gr\u00e1vidas e pessoas al\u00e9rgicas aos ingredientes do produto.<\/strong><\/td>\n<\/tr>\n<tr>\n<td>Cuidado<\/td>\n<td><strong>N\u00e3o engulas esta subst\u00e2ncia. Em caso de ingest\u00e3o, lava imediata e abundantemente a boca. Se te sentires mal, procura assist\u00eancia m\u00e9dica.  <\/strong><\/td>\n<\/tr>\n<\/tbody>\n<\/table>\n<h3>Lista de sabores de <strong>Fizzy Luxury <\/strong>15000 Puffs:<\/h3>\n<ol>\n<li><a href=\"https:\/\/fizzyvape.eu\/pt-pt\/produto\/fizzy-luxury-mirtilo-framboesa-15000-puffs\/\">Mirtilo Framboesa<\/a><\/li>\n<li><a href=\"https:\/\/fizzyvape.eu\/pt-pt\/produto\/fizzy-luxury-peach-15000-puffs\/\">P\u00eassego<\/a><\/li>\n<li><a href=\"https:\/\/fizzyvape.eu\/pt-pt\/produto\/fizzy-luxury-uva-15000-puffs\/\">Uva<\/a><\/li>\n<li><a href=\"https:\/\/fizzyvape.eu\/pt-pt\/produto\/fizzy-luxury-blueberry-15000-puffs\/\">Mirtilo<\/a><\/li>\n<li><a href=\"https:\/\/fizzyvape.eu\/pt-pt\/produto\/fizzy-luxury-morango-15000-puffs\/\">Morango<\/a><\/li>\n<li><a href=\"https:\/\/fizzyvape.eu\/pt-pt\/produto\/fizzy-luxury-fizzy-cherry-15000-puffs\/\">Cereja com g\u00e1s<\/a><\/li>\n<li><a href=\"https:\/\/fizzyvape.eu\/pt-pt\/produto\/fizzy-luxury-limonada-de-framboesa-15000-puffs\/\">Limonada de framboesa<\/a><\/li>\n<li><a href=\"https:\/\/fizzyvape.eu\/pt-pt\/produto\/fizzy-luxury-maca-acida-15000-puffs\/\">Ma\u00e7\u00e3 \u00e1cida<\/a><\/li>\n<li><a href=\"https:\/\/fizzyvape.eu\/pt-pt\/produto\/fizzy-luxury-morango-kiwi-roma-15000-puffs\/\">Morango Kiwi Rom\u00e3<\/a><\/li>\n<li><a href=\"https:\/\/fizzyvape.eu\/pt-pt\/produto\/fizzy-luxury-lima-limao-15000-puffs\/\">Lim\u00e3o Lima<\/a><\/li>\n<li><a href=\"https:\/\/fizzyvape.eu\/pt-pt\/produto\/fizzy-luxo-morango-banana-15000-puffs\/\">Morango e banana<\/a><\/li>\n<li><a href=\"https:\/\/fizzyvape.eu\/pt-pt\/produto\/fizzy-luxury-laranja-manga-melancia-15000-puffs\/\">Laranja Manga Melancia<\/a><\/li>\n<li><a href=\"https:\/\/fizzyvape.eu\/pt-pt\/produto\/fizzy-luxury-red-bull-15000-puffs\/\">Red Bull<\/a><\/li>\n<li><a href=\"https:\/\/fizzyvape.eu\/pt-pt\/produto\/fizzy-luxury-pink-lemonade-15000-puffs\/\">Limonada cor-de-rosa<\/a><\/li>\n<li><a href=\"https:\/\/fizzyvape.eu\/pt-pt\/produto\/fizzy-luxury-kiwi-maracuja-goiaba-15000-puffs\/\">Kiwi Maracuj\u00e1 Goiaba<\/a><\/li>\n<\/ol>\n<h3>Perguntas frequentes sobre o Fizzy Luxury 15000 Puffs Vape<\/h3>\n<p><strong>1. Que sabores vou receber na Caixa Cega Mystery Flavor 50pcs?<\/strong><br \/>\nCada caixa cont\u00e9m uma mistura aleat\u00f3ria de 50 vapes Fizzy Luxury selecionados entre 15 sabores de primeira qualidade, tais como Limonada de Framboesa, Cereja Fizzy, Goiaba de Maracuj\u00e1 Kiwi e muito mais. Cada caixa \u00e9 uma aventura de sabores \u00fanicos! <\/p>\n<p><strong>2. Os 50 aparelhos t\u00eam todos a mesma concentra\u00e7\u00e3o de nicotina?<\/strong><br \/>\nSim. Quando encomendares, podes escolher entre <strong>2% (20mg\/mL)<\/strong> para um vape mais suave ou <strong>5% (50mg\/mL)<\/strong> para um efeito mais forte na garganta. Todos os 50 vapes da caixa corresponder\u00e3o \u00e0 for\u00e7a selecionada.  <\/p>\n<p><strong>3. Quanto tempo duram os 50 aparelhos Fizzy Luxury?<\/strong><br \/>\nCada aparelho d\u00e1-te <strong>mais de 15.000 baforadas<\/strong>, totalizando <strong>mais de 450.000 baforadas por caixa<\/strong>. Para utilizadores moderados (~500 baforadas\/dia), isto equivale a <strong>2,5-3 meses<\/strong> de uso cont\u00ednuo! <\/p>\n<p><strong>4. Os aparelhos s\u00e3o recarreg\u00e1veis?<\/strong><br \/>\nPodes crer! Cada vape tem uma <strong>porta de carregamento USB-C<\/strong> e pode ser recarregado v\u00e1rias vezes para aproveitares todos os <strong>22 ml<\/strong> de e-l\u00edquido que cont\u00e9m. <\/p>\n<p><strong>5. Posso revender os vapes desta caixa cega?<\/strong><br \/>\nSim, cada dispositivo \u00e9 embalado individualmente e est\u00e1 pronto para ser vendido a retalho, o que torna esta caixa cega ideal para <strong>revendedores, propriet\u00e1rios de lojas<\/strong> ou <strong>compradores a granel<\/strong> que procuram oferecer vapes descart\u00e1veis de alta qualidade e com margens elevadas.<\/p>\n<\/div>\n","protected":false},"excerpt":{"rendered":"<p>O <strong>Fizzy Luxury 15000 Puffs<\/strong> &#8211; <strong>50pcs<\/strong> Mystery Flavor Blind Box oferece-te 50 vapes de corpo met\u00e1lico de primeira qualidade, cada um com 15.000 puffs de vapor suave e saboroso. Com sabores aleat\u00f3rios, bobinas de quartzo de malha dupla, capacidade de 22 ml, recarregabilidade USB-C e design de luxo, este pacote \u00e9 ideal para revendedores e entusiastas de vape. <\/p>\n<p>\ud83d\udd25 <strong>Oferta limitada: Obt\u00e9m 50 unidades a um pre\u00e7o especial com desconto!<\/strong> \ud83d\udd25<\/p>\n","protected":false},"featured_media":22577,"comment_status":"open","ping_status":"closed","template":"","meta":{"iawp_total_views":0},"product_brand":[],"product_cat":[674,338],"product_tag":[339],"class_list":{"0":"post-24637","1":"product","2":"type-product","3":"status-publish","4":"has-post-thumbnail","6":"product_cat-bulk-deals-2-pt-pt","7":"product_cat-luxury-pt-pt","8":"product_tag-15000-baforadas","10":"first","11":"outofstock","12":"sale","13":"shipping-taxable","14":"purchasable","15":"product-type-variable"},"yoast_head":"<!-- This site is optimized with the Yoast SEO Premium plugin v24.8 (Yoast SEO v24.8) - https:\/\/yoast.com\/wordpress\/plugins\/seo\/ -->\n<title>Fizzy Luxury - 15000 Puffs - 50pcs - fizzyvape.eu<\/title>\n<meta name=\"description\" content=\"Explora a caixa cega Fizzy Luxury 15000 Puffs (50pcs) - vapes descart\u00e1veis premium com sabores arrojados, vapor suave e recarga USB-C. Perfeito para revendedores!\" \/>\n<meta name=\"robots\" content=\"index, follow, max-snippet:-1, max-image-preview:large, max-video-preview:-1\" \/>\n<link rel=\"canonical\" href=\"https:\/\/fizzyvape.eu\/pt-pt\/produto\/fizzy-luxury-15000-puffs-30pcs\/\" \/>\n<meta property=\"og:locale\" content=\"pt_PT\" \/>\n<meta property=\"og:type\" content=\"article\" \/>\n<meta property=\"og:title\" content=\"Fizzy Luxury - 15000 Puffs - 50pcs\" \/>\n<meta property=\"og:description\" content=\"Explora a caixa cega Fizzy Luxury 15000 Puffs (50pcs) - vapes descart\u00e1veis premium com sabores arrojados, vapor suave e recarga USB-C. Perfeito para revendedores!\" \/>\n<meta property=\"og:url\" content=\"https:\/\/fizzyvape.eu\/pt-pt\/produto\/fizzy-luxury-15000-puffs-30pcs\/\" \/>\n<meta property=\"og:site_name\" content=\"fizzyvape.eu\" \/>\n<meta property=\"article:modified_time\" content=\"2025-10-31T10:01:37+00:00\" \/>\n<meta property=\"og:image\" content=\"https:\/\/fizzyvape.eu\/wp-content\/uploads\/2025\/04\/FizzyVape-Luxury-15Kpuff-Main019.jpg\" \/>\n\t<meta property=\"og:image:width\" content=\"1500\" \/>\n\t<meta property=\"og:image:height\" content=\"1500\" \/>\n\t<meta property=\"og:image:type\" content=\"image\/jpeg\" \/>\n<meta name=\"twitter:card\" content=\"summary_large_image\" \/>\n<meta name=\"twitter:label1\" content=\"Disponibilidade\" \/>\n\t<meta name=\"twitter:data1\" content=\"Esgotado\" \/>\n<script type=\"application\/ld+json\" class=\"yoast-schema-graph\">{\"@context\":\"https:\/\/schema.org\",\"@graph\":[{\"@type\":\"WebPage\",\"@id\":\"https:\/\/fizzyvape.eu\/pt-pt\/produto\/fizzy-luxury-15000-puffs-30pcs\/\",\"url\":\"https:\/\/fizzyvape.eu\/pt-pt\/produto\/fizzy-luxury-15000-puffs-30pcs\/\",\"name\":\"Fizzy Luxury - 15000 Puffs - 50pcs - fizzyvape.eu\",\"isPartOf\":{\"@id\":\"https:\/\/www.fizzyvape.eu\/pt-pt\/#website\"},\"primaryImageOfPage\":{\"@id\":\"https:\/\/fizzyvape.eu\/pt-pt\/produto\/fizzy-luxury-15000-puffs-30pcs\/#primaryimage\"},\"image\":{\"@id\":\"https:\/\/fizzyvape.eu\/pt-pt\/produto\/fizzy-luxury-15000-puffs-30pcs\/#primaryimage\"},\"thumbnailUrl\":\"https:\/\/fizzyvape.eu\/wp-content\/uploads\/2025\/04\/FizzyVape-Luxury-15Kpuff-Main019.jpg\",\"datePublished\":\"2025-04-10T06:15:15+00:00\",\"dateModified\":\"2025-10-31T10:01:37+00:00\",\"description\":\"Explora a caixa cega Fizzy Luxury 15000 Puffs (50pcs) - vapes descart\u00e1veis premium com sabores arrojados, vapor suave e recarga USB-C. Perfeito para revendedores!\",\"breadcrumb\":{\"@id\":\"https:\/\/fizzyvape.eu\/pt-pt\/produto\/fizzy-luxury-15000-puffs-30pcs\/#breadcrumb\"},\"inLanguage\":\"pt-PT\",\"potentialAction\":[{\"@type\":\"ReadAction\",\"target\":[\"https:\/\/fizzyvape.eu\/pt-pt\/produto\/fizzy-luxury-15000-puffs-30pcs\/\"]}]},{\"@type\":\"ImageObject\",\"inLanguage\":\"pt-PT\",\"@id\":\"https:\/\/fizzyvape.eu\/pt-pt\/produto\/fizzy-luxury-15000-puffs-30pcs\/#primaryimage\",\"url\":\"https:\/\/fizzyvape.eu\/wp-content\/uploads\/2025\/04\/FizzyVape-Luxury-15Kpuff-Main019.jpg\",\"contentUrl\":\"https:\/\/fizzyvape.eu\/wp-content\/uploads\/2025\/04\/FizzyVape-Luxury-15Kpuff-Main019.jpg\",\"width\":1500,\"height\":1500,\"caption\":\"FizzyVape-Luxury-15Kpuff\"},{\"@type\":\"BreadcrumbList\",\"@id\":\"https:\/\/fizzyvape.eu\/pt-pt\/produto\/fizzy-luxury-15000-puffs-30pcs\/#breadcrumb\",\"itemListElement\":[{\"@type\":\"ListItem\",\"position\":1,\"name\":\"Home\",\"item\":\"https:\/\/fizzyvape.eu\/pt-pt\/\"},{\"@type\":\"ListItem\",\"position\":2,\"name\":\"Shop\",\"item\":\"https:\/\/www.fizzyvape.eu\/pt-pt\/shop\/\"},{\"@type\":\"ListItem\",\"position\":3,\"name\":\"Fizzy Luxury &#8211; 15000 Puffs &#8211; 50pcs\"}]},{\"@type\":\"WebSite\",\"@id\":\"https:\/\/www.fizzyvape.eu\/pt-pt\/#website\",\"url\":\"https:\/\/www.fizzyvape.eu\/pt-pt\/\",\"name\":\"fizzyvape.eu\",\"description\":\"Refreshing Vapes. Unforgettable Taste.\",\"publisher\":{\"@id\":\"https:\/\/www.fizzyvape.eu\/pt-pt\/#organization\"},\"potentialAction\":[{\"@type\":\"SearchAction\",\"target\":{\"@type\":\"EntryPoint\",\"urlTemplate\":\"https:\/\/www.fizzyvape.eu\/pt-pt\/?s={search_term_string}\"},\"query-input\":{\"@type\":\"PropertyValueSpecification\",\"valueRequired\":true,\"valueName\":\"search_term_string\"}}],\"inLanguage\":\"pt-PT\"},{\"@type\":\"Organization\",\"@id\":\"https:\/\/www.fizzyvape.eu\/pt-pt\/#organization\",\"name\":\"fizzyvape.eu\",\"url\":\"https:\/\/www.fizzyvape.eu\/pt-pt\/\",\"logo\":{\"@type\":\"ImageObject\",\"inLanguage\":\"pt-PT\",\"@id\":\"https:\/\/www.fizzyvape.eu\/pt-pt\/#\/schema\/logo\/image\/\",\"url\":\"https:\/\/fizzyvape.eu\/wp-content\/uploads\/2019\/06\/print-1.svg\",\"contentUrl\":\"https:\/\/fizzyvape.eu\/wp-content\/uploads\/2019\/06\/print-1.svg\",\"width\":124,\"height\":37,\"caption\":\"fizzyvape.eu\"},\"image\":{\"@id\":\"https:\/\/www.fizzyvape.eu\/pt-pt\/#\/schema\/logo\/image\/\"}}]}<\/script>\n<meta property=\"og:availability\" content=\"out of stock\" \/>\n<meta property=\"product:availability\" content=\"out of stock\" \/>\n<meta property=\"product:condition\" content=\"new\" \/>\n<!-- \/ Yoast SEO Premium plugin. -->","yoast_head_json":{"title":"Fizzy Luxury - 15000 Puffs - 50pcs - fizzyvape.eu","description":"Explora a caixa cega Fizzy Luxury 15000 Puffs (50pcs) - vapes descart\u00e1veis premium com sabores arrojados, vapor suave e recarga USB-C. Perfeito para revendedores!","robots":{"index":"index","follow":"follow","max-snippet":"max-snippet:-1","max-image-preview":"max-image-preview:large","max-video-preview":"max-video-preview:-1"},"canonical":"https:\/\/fizzyvape.eu\/pt-pt\/produto\/fizzy-luxury-15000-puffs-30pcs\/","og_locale":"pt_PT","og_type":"article","og_title":"Fizzy Luxury - 15000 Puffs - 50pcs","og_description":"Explora a caixa cega Fizzy Luxury 15000 Puffs (50pcs) - vapes descart\u00e1veis premium com sabores arrojados, vapor suave e recarga USB-C. Perfeito para revendedores!","og_url":"https:\/\/fizzyvape.eu\/pt-pt\/produto\/fizzy-luxury-15000-puffs-30pcs\/","og_site_name":"fizzyvape.eu","article_modified_time":"2025-10-31T10:01:37+00:00","og_image":[{"width":1500,"height":1500,"url":"https:\/\/fizzyvape.eu\/wp-content\/uploads\/2025\/04\/FizzyVape-Luxury-15Kpuff-Main019.jpg","type":"image\/jpeg"}],"twitter_card":"summary_large_image","twitter_misc":{"Disponibilidade":"Esgotado"},"schema":{"@context":"https:\/\/schema.org","@graph":[{"@type":"WebPage","@id":"https:\/\/fizzyvape.eu\/pt-pt\/produto\/fizzy-luxury-15000-puffs-30pcs\/","url":"https:\/\/fizzyvape.eu\/pt-pt\/produto\/fizzy-luxury-15000-puffs-30pcs\/","name":"Fizzy Luxury - 15000 Puffs - 50pcs - fizzyvape.eu","isPartOf":{"@id":"https:\/\/www.fizzyvape.eu\/pt-pt\/#website"},"primaryImageOfPage":{"@id":"https:\/\/fizzyvape.eu\/pt-pt\/produto\/fizzy-luxury-15000-puffs-30pcs\/#primaryimage"},"image":{"@id":"https:\/\/fizzyvape.eu\/pt-pt\/produto\/fizzy-luxury-15000-puffs-30pcs\/#primaryimage"},"thumbnailUrl":"https:\/\/fizzyvape.eu\/wp-content\/uploads\/2025\/04\/FizzyVape-Luxury-15Kpuff-Main019.jpg","datePublished":"2025-04-10T06:15:15+00:00","dateModified":"2025-10-31T10:01:37+00:00","description":"Explora a caixa cega Fizzy Luxury 15000 Puffs (50pcs) - vapes descart\u00e1veis premium com sabores arrojados, vapor suave e recarga USB-C. Perfeito para revendedores!","breadcrumb":{"@id":"https:\/\/fizzyvape.eu\/pt-pt\/produto\/fizzy-luxury-15000-puffs-30pcs\/#breadcrumb"},"inLanguage":"pt-PT","potentialAction":[{"@type":"ReadAction","target":["https:\/\/fizzyvape.eu\/pt-pt\/produto\/fizzy-luxury-15000-puffs-30pcs\/"]}]},{"@type":"ImageObject","inLanguage":"pt-PT","@id":"https:\/\/fizzyvape.eu\/pt-pt\/produto\/fizzy-luxury-15000-puffs-30pcs\/#primaryimage","url":"https:\/\/fizzyvape.eu\/wp-content\/uploads\/2025\/04\/FizzyVape-Luxury-15Kpuff-Main019.jpg","contentUrl":"https:\/\/fizzyvape.eu\/wp-content\/uploads\/2025\/04\/FizzyVape-Luxury-15Kpuff-Main019.jpg","width":1500,"height":1500,"caption":"FizzyVape-Luxury-15Kpuff"},{"@type":"BreadcrumbList","@id":"https:\/\/fizzyvape.eu\/pt-pt\/produto\/fizzy-luxury-15000-puffs-30pcs\/#breadcrumb","itemListElement":[{"@type":"ListItem","position":1,"name":"Home","item":"https:\/\/fizzyvape.eu\/pt-pt\/"},{"@type":"ListItem","position":2,"name":"Shop","item":"https:\/\/www.fizzyvape.eu\/pt-pt\/shop\/"},{"@type":"ListItem","position":3,"name":"Fizzy Luxury &#8211; 15000 Puffs &#8211; 50pcs"}]},{"@type":"WebSite","@id":"https:\/\/www.fizzyvape.eu\/pt-pt\/#website","url":"https:\/\/www.fizzyvape.eu\/pt-pt\/","name":"fizzyvape.eu","description":"Refreshing Vapes. Unforgettable Taste.","publisher":{"@id":"https:\/\/www.fizzyvape.eu\/pt-pt\/#organization"},"potentialAction":[{"@type":"SearchAction","target":{"@type":"EntryPoint","urlTemplate":"https:\/\/www.fizzyvape.eu\/pt-pt\/?s={search_term_string}"},"query-input":{"@type":"PropertyValueSpecification","valueRequired":true,"valueName":"search_term_string"}}],"inLanguage":"pt-PT"},{"@type":"Organization","@id":"https:\/\/www.fizzyvape.eu\/pt-pt\/#organization","name":"fizzyvape.eu","url":"https:\/\/www.fizzyvape.eu\/pt-pt\/","logo":{"@type":"ImageObject","inLanguage":"pt-PT","@id":"https:\/\/www.fizzyvape.eu\/pt-pt\/#\/schema\/logo\/image\/","url":"https:\/\/fizzyvape.eu\/wp-content\/uploads\/2019\/06\/print-1.svg","contentUrl":"https:\/\/fizzyvape.eu\/wp-content\/uploads\/2019\/06\/print-1.svg","width":124,"height":37,"caption":"fizzyvape.eu"},"image":{"@id":"https:\/\/www.fizzyvape.eu\/pt-pt\/#\/schema\/logo\/image\/"}}]},"og_availability":"out of stock","product_availability":"out of stock","product_condition":"new"},"tiered_pricing_type":"fixed","tiered_pricing_fixed_rules":[],"tiered_pricing_product_settings":{"layout":"default","base_unit_name":{"singular":null,"plural":null},"default_variation":null},"tiered_pricing_minimum_quantity":null,"tiered_pricing_roles_data":[],"tiered_pricing_percentage_rules":[],"tiered_pricing_maximum_quantity":null,"tiered_pricing_quantity_step":null,"_links":{"self":[{"href":"https:\/\/fizzyvape.eu\/pt-pt\/wp-json\/wp\/v2\/product\/24637","targetHints":{"allow":["GET"]}}],"collection":[{"href":"https:\/\/fizzyvape.eu\/pt-pt\/wp-json\/wp\/v2\/product"}],"about":[{"href":"https:\/\/fizzyvape.eu\/pt-pt\/wp-json\/wp\/v2\/types\/product"}],"replies":[{"embeddable":true,"href":"https:\/\/fizzyvape.eu\/pt-pt\/wp-json\/wp\/v2\/comments?post=24637"}],"version-history":[{"count":0,"href":"https:\/\/fizzyvape.eu\/pt-pt\/wp-json\/wp\/v2\/product\/24637\/revisions"}],"wp:featuredmedia":[{"embeddable":true,"href":"https:\/\/fizzyvape.eu\/pt-pt\/wp-json\/wp\/v2\/media\/22577"}],"wp:attachment":[{"href":"https:\/\/fizzyvape.eu\/pt-pt\/wp-json\/wp\/v2\/media?parent=24637"}],"wp:term":[{"taxonomy":"product_brand","embeddable":true,"href":"https:\/\/fizzyvape.eu\/pt-pt\/wp-json\/wp\/v2\/product_brand?post=24637"},{"taxonomy":"product_cat","embeddable":true,"href":"https:\/\/fizzyvape.eu\/pt-pt\/wp-json\/wp\/v2\/product_cat?post=24637"},{"taxonomy":"product_tag","embeddable":true,"href":"https:\/\/fizzyvape.eu\/pt-pt\/wp-json\/wp\/v2\/product_tag?post=24637"}],"curies":[{"name":"wp","href":"https:\/\/api.w.org\/{rel}","templated":true}]}}