{"id":24652,"date":"2025-03-31T17:46:38","date_gmt":"2025-03-31T09:46:38","guid":{"rendered":"https:\/\/fizzyvape.eu\/product\/fizzy-twins-gelado-bagas-mistas-e-pessego-50000-puffs-10pcs\/"},"modified":"2026-03-26T16:47:33","modified_gmt":"2026-03-26T08:47:33","slug":"fizzy-twins-gelado-bagas-mistas-e-pessego-50000-puffs-10pcs","status":"publish","type":"product","link":"https:\/\/fizzyvape.eu\/pt-pt\/produto\/fizzy-twins-gelado-bagas-mistas-e-pessego-50000-puffs-10pcs\/","title":{"rendered":"Fizzy Twins Gelado Bagas Mistas e P\u00eassego &#8211; 50000 Puffs &#8211; 10pcs"},"content":{"rendered":"<div>\n<h2>Fizzy Twins Mixed Berry &amp; Peach Ice 50000 Puffs &#8211; Vape descart\u00e1vel refrescante de sabor duplo<\/h2>\n<p>Mergulha numa deliciosa fus\u00e3o de sabores com o <strong>Fizzy Twins Mixed Berry &amp; Peach Ice 50000 Puffs<\/strong>! Este vape descart\u00e1vel de primeira qualidade oferece-te uma mistura irresistivelmente refrescante de frutos silvestres doces e p\u00eassego gelado, proporcionando-te uma experi\u00eancia de vaporiza\u00e7\u00e3o \u00fanica. Com umas impressionantes<strong> 50.000 baforadas ultra-suaves<\/strong>, alimentadas por uma bateria recarreg\u00e1vel de 850mAh com carregamento r\u00e1pido USB-C, desfruta de um prazer de vaporiza\u00e7\u00e3o ininterrupto onde quer que v\u00e1s. <\/p>\n<h3>Carater\u00edsticas principais:<\/h3>\n<p>\u2705 <strong>50.000 baforadas<\/strong> &#8211; Desfruta de semanas de prazer vaporizador duradouro com uma vida \u00fatil prolongada.<br \/>\n\u2705 <strong>Sistema de duplo sabor<\/strong> &#8211; Alterna entre <strong>Mixed Berry<\/strong> (doce e picante) e <strong>Peach Ice<\/strong> (fresco e sumarento) para uma experi\u00eancia refrescante.<br \/>\n\u2705 <strong>Tecnologia Dual Tank<\/strong> &#8211; As c\u00e2maras de e-l\u00edquido separadas preservam os sabores distintos e n\u00e3o misturados.<br \/>\n\u2705 <strong>Bateria recarreg\u00e1vel de 850mAh<\/strong> &#8211; Disp\u00f5e de carregamento r\u00e1pido por USB-C para carregamentos r\u00e1pidos e eficientes.<br \/>\n\u2705 <strong>50ML E-Liquid pr\u00e9-cheio<\/strong> &#8211; N\u00e3o precisas de recargas &#8211; apenas vaporiza e desfruta!<br \/>\n\u2705 <strong>Fluxo de ar ajust\u00e1vel<\/strong> &#8211; Personaliza a tua inspira\u00e7\u00e3o para uma tragada mais suave ou mais intensa.<br \/>\n\u2705 <strong>Modos de alimenta\u00e7\u00e3o duplos<\/strong> &#8211; Escolhe entre <strong>o modo ECO<\/strong> (sabor equilibrado) ou <strong>o modo Boost<\/strong> (produ\u00e7\u00e3o de vapor melhorada).<br \/>\n\u2705 <strong>Concha met\u00e1lica de qualidade superior<\/strong> &#8211; Dur\u00e1vel, elegante e ergonomicamente concebida para o m\u00e1ximo conforto.<\/p>\n<h3><strong>Porqu\u00ea escolher Fizzy Twins Dual Flavor Vape 50000 Puffs?<\/strong><\/h3>\n<p>\ud83d\udd25 <strong>Dois sabores num s\u00f3 aparelho<\/strong> &#8211; Desfruta da variedade sem teres de mudar de aparelho.<br \/>\n\ud83d\udd25 <strong>Capacidade enorme de E-Liquid<\/strong> &#8211; A capacidade de 50ML garante-te semanas de prazer cont\u00ednuo a vaporizar.<br \/>\n\ud83d\udd25 <strong>Experi\u00eancia de vaporiza\u00e7\u00e3o personaliz\u00e1vel<\/strong> &#8211; Configura\u00e7\u00f5es ajust\u00e1veis de fluxo de ar e pot\u00eancia para uma sess\u00e3o de vaporiza\u00e7\u00e3o perfeita.<br \/>\n\ud83d\udd25 <strong>Constru\u00e7\u00e3o Premium e design \u00e0 prova de fugas<\/strong> &#8211; Concebido para uma experi\u00eancia de vaporiza\u00e7\u00e3o suave e sem problemas.<\/p>\n<\/div>\n<div>\n<h3><strong>Op\u00e7\u00f5es de nicotina:<\/strong><\/h3>\n<p>&#8211; <strong>2% (20mg\/mL)<\/strong> &#8211; Ideal para uma experi\u00eancia de vaporiza\u00e7\u00e3o suave e saborosa<br \/>\n&#8211; <strong>5% (50mg\/mL)<\/strong> &#8211; Concebido para um efeito de garganta mais forte e satisfat\u00f3rio <\/p>\n<h3>Especifica\u00e7\u00f5es<\/h3>\n<table style=\"height: 449px;\" width=\"1340\">\n<tbody>\n<tr>\n<td>Puffs<\/td>\n<td><strong>Mais de 50000 Puffs<\/strong><\/td>\n<\/tr>\n<tr>\n<td>Capacidade do E-l\u00edquido<\/td>\n<td><strong>50mL (25mL por sabor)<\/strong><\/td>\n<\/tr>\n<tr>\n<td>Capacidade da bateria<\/td>\n<td><strong>850mAh<\/strong><\/td>\n<\/tr>\n<tr>\n<td>Tamanho<\/td>\n<td><strong>55,9*27,3*119,8mm<\/strong><\/td>\n<\/tr>\n<tr>\n<td>Descart\u00e1vel ou n\u00e3o<\/td>\n<td><strong>Descart\u00e1vel<\/strong><\/td>\n<\/tr>\n<tr>\n<td>Pot\u00eancia ajust\u00e1vel<\/td>\n<td><strong>SIM<\/strong><\/td>\n<\/tr>\n<tr>\n<td>M\u00e9todo de ativa\u00e7\u00e3o<\/td>\n<td><strong>Sensor<\/strong><\/td>\n<\/tr>\n<tr>\n<td>Material<\/td>\n<td><strong>PCTG<\/strong><\/td>\n<\/tr>\n<tr>\n<td>N\u00edvel de nicotina<\/td>\n<td><strong>2% (20mg\/mL) e 5% (50mg\/mL)<\/strong><\/td>\n<\/tr>\n<tr>\n<td>Aromas<\/td>\n<td><strong>12<\/strong><\/td>\n<\/tr>\n<tr>\n<td>Embalagem<\/td>\n<td><strong>1 embalagem<\/strong><\/td>\n<\/tr>\n<tr>\n<td>Tempo de carregamento<\/td>\n<td><strong>2 horas<\/strong><\/td>\n<\/tr>\n<tr>\n<td>Armazenamento<\/td>\n<td><strong>Evita ambientes com temperaturas elevadas e armazena em local fresco e seco.<\/strong><\/td>\n<\/tr>\n<tr>\n<td>Pessoas proibidas de usar<\/td>\n<td><strong>Menores de idade, mulheres gr\u00e1vidas e pessoas al\u00e9rgicas aos ingredientes do produto.<\/strong><\/td>\n<\/tr>\n<tr>\n<td>Cuidado<\/td>\n<td><strong>N\u00e3o engulas esta subst\u00e2ncia. Em caso de ingest\u00e3o, lava imediata e abundantemente a boca. Se te sentires mal, procura assist\u00eancia m\u00e9dica.  <\/strong><\/td>\n<\/tr>\n<\/tbody>\n<\/table>\n<h3>Lista de sabores dos <strong>Fizzy Twins <\/strong>50000 Puffs:<\/h3>\n<ol>\n<li><a href=\"https:\/\/fizzyvape.eu\/pt-pt\/produto\/fizzy-twins-melancia-ice-morango-kiwi-50000-puffs-10pcs\/\">Melancia Ice &amp; Morango Kiwi<\/a><\/li>\n<li><a href=\"https:\/\/fizzyvape.eu\/pt-pt\/produto\/fizzy-twins-morango-kiwi-roma-red-bull-50000-pastilhas-10pcs\/\">Morango, Kiwi, Rom\u00e3 e Red Bull<\/a><\/li>\n<li><a href=\"https:\/\/fizzyvape.eu\/pt-pt\/produto\/fizzy-twins-blueberry-coconut-grape-ice-50000-puffs-10pcs\/\">Gelo de mirtilo, coco e uva<\/a><\/li>\n<li><a href=\"https:\/\/fizzyvape.eu\/pt-pt\/produto\/fizzy-twins-blue-razz-limonada-triple-melon-50000-puffs-10pcs\/\">Limonada Blue Razz e Mel\u00e3o Triplo<\/a><\/li>\n<li><a href=\"https:\/\/fizzyvape.eu\/pt-pt\/produto\/fizzy-twins-morango-melancia-e-mirtilo-ice-50000-puffs-10pcs\/\">Gelado de morango, melancia e mirtilo<\/a><\/li>\n<li><a href=\"https:\/\/fizzyvape.eu\/pt-pt\/produto\/fizzy-twins-pessego-manga-melancia-morango-banana-50000-puffs-10pcs\/\">P\u00eassego, Manga, Melancia e Morango, Banana<\/a><\/li>\n<li><a href=\"\/product\/fizzy-twins-raspberry-watermenlon-kiwi-passion-fruit-guava-50000-puffs-10pcs\/\">Framboesa Melancia e Kiwi Maracuj\u00e1 Goiaba<\/a><\/li>\n<li><a href=\"https:\/\/fizzyvape.eu\/pt-pt\/produto\/fizzy-twins-ananas-pessego-maracuja-mirtilo-framboesa-50000-puffs-10pcs\/\">Anan\u00e1s P\u00eassego Maracuj\u00e1 e mirtilo Framboesa<\/a><\/li>\n<li><a href=\"https:\/\/fizzyvape.eu\/pt-pt\/produto\/fizzy-twins-melancia-ice-lima-limao-50000-puffs-10pcs\/\">Gelo de melancia e lima-lim\u00e3o<\/a><\/li>\n<li><a href=\"https:\/\/fizzyvape.eu\/pt-pt\/produto\/fizzy-twins-gelado-bagas-mistas-e-pessego-50000-puffs-10pcs\/\">Gelado de frutos silvestres e p\u00eassego<\/a><\/li>\n<li><a href=\"https:\/\/fizzyvape.eu\/pt-pt\/produto\/fizzy-twins-morango-gelado-cereja-gelada-50000-puffs-10pcs\/\">Gelo de morango e cereja com g\u00e1s<\/a><\/li>\n<li><a href=\"https:\/\/fizzyvape.eu\/pt-pt\/produto\/fizzy-twins-limonada-de-framboesa-e-gelo-de-morango-50000-puffs-10pcs\/\">Limonada de framboesa e gelo de morango<\/a><\/li>\n<\/ol>\n<h3>Perguntas frequentes sobre Fizzy Twins Mixed Berry &amp; Peach Ice 50000 Puffs Vape<\/h3>\n<ul>\n<li><strong>Como \u00e9 que mudo entre os sabores de Bagas Mistas e P\u00eassego Gelado?<\/strong><br \/>\nO sistema de dep\u00f3sito duplo permite-te alternar sem esfor\u00e7o. Basta premires o bot\u00e3o de mudan\u00e7a de sabor para alternares entre o doce <strong>Mixed Berry<\/strong> e o fresco <strong>Peach Ice<\/strong>. <\/li>\n<li><strong>Quanto tempo duram as 50.000 baforadas?<\/strong><br \/>\nCom 50 ml de e-l\u00edquido, a maioria dos utilizadores pode esperar 3-4 semanas de vaporiza\u00e7\u00e3o. Os utilizadores intensivos podem precisar de uma substitui\u00e7\u00e3o ap\u00f3s 2-3 semanas. <\/li>\n<li><strong>Qual \u00e9 a diferen\u00e7a entre os modos de alimenta\u00e7\u00e3o Standard e Boost?<\/strong><br \/>\n<strong>O modo Standard<\/strong> oferece um sabor e uma produ\u00e7\u00e3o de vapor equilibrados, enquanto <strong>o modo Boost<\/strong> intensifica ambos para obteres uma batida mais forte e nuvens mais espessas.<\/li>\n<li><strong>Que concentra\u00e7\u00e3o de nicotina devo escolher?<\/strong>\n<ul>\n<li><strong>2% (20mg\/mL)<\/strong> \u00e9 perfeito para principiantes ou vapers casuais que procuram uma experi\u00eancia suave e saborosa.<\/li>\n<li><strong>5% (50mg\/mL)<\/strong> \u00e9 ideal para ex-fumadores que procuram um efeito mais forte na garganta.<\/li>\n<\/ul>\n<\/li>\n<\/ul>\n<\/div>\n","protected":false},"excerpt":{"rendered":"<p>Desfruta da mistura perfeita de frutos silvestres doces e p\u00eassego gelado com o vape descart\u00e1vel <strong data-start=\"101\" data-end=\"152\">Fizzy Twins Mixed Berry &amp; Peach Ice 50000 Puffs<\/strong>. Com 50.000 baforadas ultra-suaves, uma bateria recarreg\u00e1vel de 850mAh e um fluxo de ar ajust\u00e1vel, este dispositivo garante um prazer de vaporiza\u00e7\u00e3o duradouro e personaliz\u00e1vel. Ideal para quem procura uma experi\u00eancia refrescante e saborosa.  <\/p>\n","protected":false},"featured_media":29755,"comment_status":"open","ping_status":"closed","template":"","meta":{"iawp_total_views":0},"product_brand":[],"product_cat":[267],"product_tag":[243],"class_list":{"0":"post-24652","1":"product","2":"type-product","3":"status-publish","4":"has-post-thumbnail","6":"product_cat-twins-cigarros-eletronicos-recarregaveis-50000-puffs-pt-pt","7":"product_tag-50000puffs-pt-pt","9":"first","10":"outofstock","11":"sale","12":"shipping-taxable","13":"purchasable","14":"product-type-variable"},"yoast_head":"<!-- This site is optimized with the Yoast SEO Premium plugin v24.8 (Yoast SEO v24.8) - https:\/\/yoast.com\/wordpress\/plugins\/seo\/ -->\n<title>Fizzy Twins Gelado Bagas Mistas e P\u00eassego - 50000 Puffs - 10pcs - fizzyvape.eu<\/title>\n<meta name=\"description\" content=\"Desfruta de um vape descart\u00e1vel de 10pcs Fizzy Twins Mixed Berry &amp; Peach Ice 50.000 Puffs! Dois sabores, bateria recarreg\u00e1vel e fluxo de ar ajust\u00e1vel. Compra agora!\" \/>\n<meta name=\"robots\" content=\"index, follow, max-snippet:-1, max-image-preview:large, max-video-preview:-1\" \/>\n<link rel=\"canonical\" href=\"https:\/\/fizzyvape.eu\/pt-pt\/produto\/fizzy-twins-gelado-bagas-mistas-e-pessego-50000-puffs-10pcs\/\" \/>\n<meta property=\"og:locale\" content=\"pt_PT\" \/>\n<meta property=\"og:type\" content=\"article\" \/>\n<meta property=\"og:title\" content=\"Fizzy Twins Gelado Bagas Mistas e P\u00eassego - 50000 Puffs - 10pcs\" \/>\n<meta property=\"og:description\" content=\"Desfruta de um vape descart\u00e1vel de 10pcs Fizzy Twins Mixed Berry &amp; Peach Ice 50.000 Puffs! Dois sabores, bateria recarreg\u00e1vel e fluxo de ar ajust\u00e1vel. Compra agora!\" \/>\n<meta property=\"og:url\" content=\"https:\/\/fizzyvape.eu\/pt-pt\/produto\/fizzy-twins-gelado-bagas-mistas-e-pessego-50000-puffs-10pcs\/\" \/>\n<meta property=\"og:site_name\" content=\"fizzyvape.eu\" \/>\n<meta property=\"article:modified_time\" content=\"2026-03-26T08:47:33+00:00\" \/>\n<meta property=\"og:image\" content=\"https:\/\/fizzyvape.eu\/wp-content\/uploads\/2025\/04\/fizzy-twins-50000Puffs-mixed-berrypeach-ice-1.webp\" \/>\n\t<meta property=\"og:image:width\" content=\"800\" \/>\n\t<meta property=\"og:image:height\" content=\"800\" \/>\n\t<meta property=\"og:image:type\" content=\"image\/webp\" \/>\n<meta name=\"twitter:card\" content=\"summary_large_image\" \/>\n<meta name=\"twitter:label1\" content=\"Disponibilidade\" \/>\n\t<meta name=\"twitter:data1\" content=\"Esgotado\" \/>\n<script type=\"application\/ld+json\" class=\"yoast-schema-graph\">{\"@context\":\"https:\/\/schema.org\",\"@graph\":[{\"@type\":\"WebPage\",\"@id\":\"https:\/\/fizzyvape.eu\/pt-pt\/produto\/fizzy-twins-gelado-bagas-mistas-e-pessego-50000-puffs-10pcs\/\",\"url\":\"https:\/\/fizzyvape.eu\/pt-pt\/produto\/fizzy-twins-gelado-bagas-mistas-e-pessego-50000-puffs-10pcs\/\",\"name\":\"Fizzy Twins Gelado Bagas Mistas e P\u00eassego - 50000 Puffs - 10pcs - fizzyvape.eu\",\"isPartOf\":{\"@id\":\"https:\/\/www.fizzyvape.eu\/pt-pt\/#website\"},\"primaryImageOfPage\":{\"@id\":\"https:\/\/fizzyvape.eu\/pt-pt\/produto\/fizzy-twins-gelado-bagas-mistas-e-pessego-50000-puffs-10pcs\/#primaryimage\"},\"image\":{\"@id\":\"https:\/\/fizzyvape.eu\/pt-pt\/produto\/fizzy-twins-gelado-bagas-mistas-e-pessego-50000-puffs-10pcs\/#primaryimage\"},\"thumbnailUrl\":\"https:\/\/fizzyvape.eu\/wp-content\/uploads\/2025\/03\/Fizzy-Twins-50000-Puffs-Disposable-Vape-12.webp\",\"datePublished\":\"2025-03-31T09:46:38+00:00\",\"dateModified\":\"2026-03-26T08:47:33+00:00\",\"description\":\"Desfruta de um vape descart\u00e1vel de 10pcs Fizzy Twins Mixed Berry & Peach Ice 50.000 Puffs! Dois sabores, bateria recarreg\u00e1vel e fluxo de ar ajust\u00e1vel. Compra agora!\",\"breadcrumb\":{\"@id\":\"https:\/\/fizzyvape.eu\/pt-pt\/produto\/fizzy-twins-gelado-bagas-mistas-e-pessego-50000-puffs-10pcs\/#breadcrumb\"},\"inLanguage\":\"pt-PT\",\"potentialAction\":[{\"@type\":\"ReadAction\",\"target\":[\"https:\/\/fizzyvape.eu\/pt-pt\/produto\/fizzy-twins-gelado-bagas-mistas-e-pessego-50000-puffs-10pcs\/\"]}]},{\"@type\":\"ImageObject\",\"inLanguage\":\"pt-PT\",\"@id\":\"https:\/\/fizzyvape.eu\/pt-pt\/produto\/fizzy-twins-gelado-bagas-mistas-e-pessego-50000-puffs-10pcs\/#primaryimage\",\"url\":\"https:\/\/fizzyvape.eu\/wp-content\/uploads\/2025\/03\/Fizzy-Twins-50000-Puffs-Disposable-Vape-12.webp\",\"contentUrl\":\"https:\/\/fizzyvape.eu\/wp-content\/uploads\/2025\/03\/Fizzy-Twins-50000-Puffs-Disposable-Vape-12.webp\",\"width\":800,\"height\":800,\"caption\":\"Fizzy Twins 50000 Puffs Disposable Vape 12\"},{\"@type\":\"BreadcrumbList\",\"@id\":\"https:\/\/fizzyvape.eu\/pt-pt\/produto\/fizzy-twins-gelado-bagas-mistas-e-pessego-50000-puffs-10pcs\/#breadcrumb\",\"itemListElement\":[{\"@type\":\"ListItem\",\"position\":1,\"name\":\"Home\",\"item\":\"https:\/\/fizzyvape.eu\/pt-pt\/\"},{\"@type\":\"ListItem\",\"position\":2,\"name\":\"Shop\",\"item\":\"https:\/\/www.fizzyvape.eu\/pt-pt\/shop\/\"},{\"@type\":\"ListItem\",\"position\":3,\"name\":\"Fizzy Twins Gelado Bagas Mistas e P\u00eassego &#8211; 50000 Puffs &#8211; 10pcs\"}]},{\"@type\":\"WebSite\",\"@id\":\"https:\/\/www.fizzyvape.eu\/pt-pt\/#website\",\"url\":\"https:\/\/www.fizzyvape.eu\/pt-pt\/\",\"name\":\"fizzyvape.eu\",\"description\":\"Refreshing Vapes. Unforgettable Taste.\",\"publisher\":{\"@id\":\"https:\/\/www.fizzyvape.eu\/pt-pt\/#organization\"},\"potentialAction\":[{\"@type\":\"SearchAction\",\"target\":{\"@type\":\"EntryPoint\",\"urlTemplate\":\"https:\/\/www.fizzyvape.eu\/pt-pt\/?s={search_term_string}\"},\"query-input\":{\"@type\":\"PropertyValueSpecification\",\"valueRequired\":true,\"valueName\":\"search_term_string\"}}],\"inLanguage\":\"pt-PT\"},{\"@type\":\"Organization\",\"@id\":\"https:\/\/www.fizzyvape.eu\/pt-pt\/#organization\",\"name\":\"fizzyvape.eu\",\"url\":\"https:\/\/www.fizzyvape.eu\/pt-pt\/\",\"logo\":{\"@type\":\"ImageObject\",\"inLanguage\":\"pt-PT\",\"@id\":\"https:\/\/www.fizzyvape.eu\/pt-pt\/#\/schema\/logo\/image\/\",\"url\":\"https:\/\/fizzyvape.eu\/wp-content\/uploads\/2019\/06\/print-1.svg\",\"contentUrl\":\"https:\/\/fizzyvape.eu\/wp-content\/uploads\/2019\/06\/print-1.svg\",\"width\":124,\"height\":37,\"caption\":\"fizzyvape.eu\"},\"image\":{\"@id\":\"https:\/\/www.fizzyvape.eu\/pt-pt\/#\/schema\/logo\/image\/\"}}]}<\/script>\n<meta property=\"og:availability\" content=\"out of stock\" \/>\n<meta property=\"product:availability\" content=\"out of stock\" \/>\n<meta property=\"product:condition\" content=\"new\" \/>\n<!-- \/ Yoast SEO Premium plugin. -->","yoast_head_json":{"title":"Fizzy Twins Gelado Bagas Mistas e P\u00eassego - 50000 Puffs - 10pcs - fizzyvape.eu","description":"Desfruta de um vape descart\u00e1vel de 10pcs Fizzy Twins Mixed Berry & Peach Ice 50.000 Puffs! Dois sabores, bateria recarreg\u00e1vel e fluxo de ar ajust\u00e1vel. Compra agora!","robots":{"index":"index","follow":"follow","max-snippet":"max-snippet:-1","max-image-preview":"max-image-preview:large","max-video-preview":"max-video-preview:-1"},"canonical":"https:\/\/fizzyvape.eu\/pt-pt\/produto\/fizzy-twins-gelado-bagas-mistas-e-pessego-50000-puffs-10pcs\/","og_locale":"pt_PT","og_type":"article","og_title":"Fizzy Twins Gelado Bagas Mistas e P\u00eassego - 50000 Puffs - 10pcs","og_description":"Desfruta de um vape descart\u00e1vel de 10pcs Fizzy Twins Mixed Berry & Peach Ice 50.000 Puffs! Dois sabores, bateria recarreg\u00e1vel e fluxo de ar ajust\u00e1vel. Compra agora!","og_url":"https:\/\/fizzyvape.eu\/pt-pt\/produto\/fizzy-twins-gelado-bagas-mistas-e-pessego-50000-puffs-10pcs\/","og_site_name":"fizzyvape.eu","article_modified_time":"2026-03-26T08:47:33+00:00","og_image":[{"width":800,"height":800,"url":"https:\/\/fizzyvape.eu\/wp-content\/uploads\/2025\/04\/fizzy-twins-50000Puffs-mixed-berrypeach-ice-1.webp","type":"image\/webp"}],"twitter_card":"summary_large_image","twitter_misc":{"Disponibilidade":"Esgotado"},"schema":{"@context":"https:\/\/schema.org","@graph":[{"@type":"WebPage","@id":"https:\/\/fizzyvape.eu\/pt-pt\/produto\/fizzy-twins-gelado-bagas-mistas-e-pessego-50000-puffs-10pcs\/","url":"https:\/\/fizzyvape.eu\/pt-pt\/produto\/fizzy-twins-gelado-bagas-mistas-e-pessego-50000-puffs-10pcs\/","name":"Fizzy Twins Gelado Bagas Mistas e P\u00eassego - 50000 Puffs - 10pcs - fizzyvape.eu","isPartOf":{"@id":"https:\/\/www.fizzyvape.eu\/pt-pt\/#website"},"primaryImageOfPage":{"@id":"https:\/\/fizzyvape.eu\/pt-pt\/produto\/fizzy-twins-gelado-bagas-mistas-e-pessego-50000-puffs-10pcs\/#primaryimage"},"image":{"@id":"https:\/\/fizzyvape.eu\/pt-pt\/produto\/fizzy-twins-gelado-bagas-mistas-e-pessego-50000-puffs-10pcs\/#primaryimage"},"thumbnailUrl":"https:\/\/fizzyvape.eu\/wp-content\/uploads\/2025\/03\/Fizzy-Twins-50000-Puffs-Disposable-Vape-12.webp","datePublished":"2025-03-31T09:46:38+00:00","dateModified":"2026-03-26T08:47:33+00:00","description":"Desfruta de um vape descart\u00e1vel de 10pcs Fizzy Twins Mixed Berry & Peach Ice 50.000 Puffs! Dois sabores, bateria recarreg\u00e1vel e fluxo de ar ajust\u00e1vel. Compra agora!","breadcrumb":{"@id":"https:\/\/fizzyvape.eu\/pt-pt\/produto\/fizzy-twins-gelado-bagas-mistas-e-pessego-50000-puffs-10pcs\/#breadcrumb"},"inLanguage":"pt-PT","potentialAction":[{"@type":"ReadAction","target":["https:\/\/fizzyvape.eu\/pt-pt\/produto\/fizzy-twins-gelado-bagas-mistas-e-pessego-50000-puffs-10pcs\/"]}]},{"@type":"ImageObject","inLanguage":"pt-PT","@id":"https:\/\/fizzyvape.eu\/pt-pt\/produto\/fizzy-twins-gelado-bagas-mistas-e-pessego-50000-puffs-10pcs\/#primaryimage","url":"https:\/\/fizzyvape.eu\/wp-content\/uploads\/2025\/03\/Fizzy-Twins-50000-Puffs-Disposable-Vape-12.webp","contentUrl":"https:\/\/fizzyvape.eu\/wp-content\/uploads\/2025\/03\/Fizzy-Twins-50000-Puffs-Disposable-Vape-12.webp","width":800,"height":800,"caption":"Fizzy Twins 50000 Puffs Disposable Vape 12"},{"@type":"BreadcrumbList","@id":"https:\/\/fizzyvape.eu\/pt-pt\/produto\/fizzy-twins-gelado-bagas-mistas-e-pessego-50000-puffs-10pcs\/#breadcrumb","itemListElement":[{"@type":"ListItem","position":1,"name":"Home","item":"https:\/\/fizzyvape.eu\/pt-pt\/"},{"@type":"ListItem","position":2,"name":"Shop","item":"https:\/\/www.fizzyvape.eu\/pt-pt\/shop\/"},{"@type":"ListItem","position":3,"name":"Fizzy Twins Gelado Bagas Mistas e P\u00eassego &#8211; 50000 Puffs &#8211; 10pcs"}]},{"@type":"WebSite","@id":"https:\/\/www.fizzyvape.eu\/pt-pt\/#website","url":"https:\/\/www.fizzyvape.eu\/pt-pt\/","name":"fizzyvape.eu","description":"Refreshing Vapes. Unforgettable Taste.","publisher":{"@id":"https:\/\/www.fizzyvape.eu\/pt-pt\/#organization"},"potentialAction":[{"@type":"SearchAction","target":{"@type":"EntryPoint","urlTemplate":"https:\/\/www.fizzyvape.eu\/pt-pt\/?s={search_term_string}"},"query-input":{"@type":"PropertyValueSpecification","valueRequired":true,"valueName":"search_term_string"}}],"inLanguage":"pt-PT"},{"@type":"Organization","@id":"https:\/\/www.fizzyvape.eu\/pt-pt\/#organization","name":"fizzyvape.eu","url":"https:\/\/www.fizzyvape.eu\/pt-pt\/","logo":{"@type":"ImageObject","inLanguage":"pt-PT","@id":"https:\/\/www.fizzyvape.eu\/pt-pt\/#\/schema\/logo\/image\/","url":"https:\/\/fizzyvape.eu\/wp-content\/uploads\/2019\/06\/print-1.svg","contentUrl":"https:\/\/fizzyvape.eu\/wp-content\/uploads\/2019\/06\/print-1.svg","width":124,"height":37,"caption":"fizzyvape.eu"},"image":{"@id":"https:\/\/www.fizzyvape.eu\/pt-pt\/#\/schema\/logo\/image\/"}}]},"og_availability":"out of stock","product_availability":"out of stock","product_condition":"new"},"tiered_pricing_type":"fixed","tiered_pricing_fixed_rules":[],"tiered_pricing_product_settings":{"layout":"default","base_unit_name":{"singular":null,"plural":null},"default_variation":null},"tiered_pricing_minimum_quantity":null,"tiered_pricing_roles_data":[],"tiered_pricing_percentage_rules":[],"tiered_pricing_maximum_quantity":null,"tiered_pricing_quantity_step":null,"_links":{"self":[{"href":"https:\/\/fizzyvape.eu\/pt-pt\/wp-json\/wp\/v2\/product\/24652","targetHints":{"allow":["GET"]}}],"collection":[{"href":"https:\/\/fizzyvape.eu\/pt-pt\/wp-json\/wp\/v2\/product"}],"about":[{"href":"https:\/\/fizzyvape.eu\/pt-pt\/wp-json\/wp\/v2\/types\/product"}],"replies":[{"embeddable":true,"href":"https:\/\/fizzyvape.eu\/pt-pt\/wp-json\/wp\/v2\/comments?post=24652"}],"version-history":[{"count":0,"href":"https:\/\/fizzyvape.eu\/pt-pt\/wp-json\/wp\/v2\/product\/24652\/revisions"}],"wp:featuredmedia":[{"embeddable":true,"href":"https:\/\/fizzyvape.eu\/pt-pt\/wp-json\/wp\/v2\/media\/29755"}],"wp:attachment":[{"href":"https:\/\/fizzyvape.eu\/pt-pt\/wp-json\/wp\/v2\/media?parent=24652"}],"wp:term":[{"taxonomy":"product_brand","embeddable":true,"href":"https:\/\/fizzyvape.eu\/pt-pt\/wp-json\/wp\/v2\/product_brand?post=24652"},{"taxonomy":"product_cat","embeddable":true,"href":"https:\/\/fizzyvape.eu\/pt-pt\/wp-json\/wp\/v2\/product_cat?post=24652"},{"taxonomy":"product_tag","embeddable":true,"href":"https:\/\/fizzyvape.eu\/pt-pt\/wp-json\/wp\/v2\/product_tag?post=24652"}],"curies":[{"name":"wp","href":"https:\/\/api.w.org\/{rel}","templated":true}]}}