{"id":24705,"date":"2025-04-02T11:54:58","date_gmt":"2025-04-02T03:54:58","guid":{"rendered":"https:\/\/fizzyvape.eu\/product\/fizzy-nova-plus-40000-puffs-30pcs\/"},"modified":"2025-10-31T18:03:08","modified_gmt":"2025-10-31T10:03:08","slug":"fizzy-nova-plus-40000-puffs-30pcs","status":"publish","type":"product","link":"https:\/\/fizzyvape.eu\/pt-pt\/produto\/fizzy-nova-plus-40000-puffs-30pcs\/","title":{"rendered":"Fizzy Nova Plus 40000 Puffs &#8211; 30pcs"},"content":{"rendered":"<div>\n<h1><strong>Fizzy Nova Plus 40000 Puffs Vape Descart\u00e1vel &#8211; Vaping Premium Redefinido<\/strong><\/h1>\n<p>O <strong>Fizzy Nova Plus 40000 Puffs Disposable Vape<\/strong> estabelece um novo padr\u00e3o para a tecnologia de vaporiza\u00e7\u00e3o de alta qualidade. Concebido para vapers exigentes que se recusam a fazer concess\u00f5es, este dispositivo revolucion\u00e1rio oferece uma combina\u00e7\u00e3o sem precedentes de <strong>longevidade prolongada, sabor rico e carater\u00edsticas de ponta<\/strong> num design elegante e port\u00e1til. <\/p>\n<h3>Carater\u00edsticas principais:<\/h3>\n<p>\ud83d\udd39 <strong>Ultra-High Puff<\/strong> Count &#8211; Oferece <strong>40.000 baforadas<\/strong>, garantindo uma experi\u00eancia de vaporiza\u00e7\u00e3o duradoura e satisfat\u00f3ria.<br \/>\n\ud83d\udd39 <strong>Grande capacidade de e-l\u00edquido<\/strong> &#8211; <strong>40 ml de e-l\u00edquido pr\u00e9-cheio<\/strong> proporcionam-te <strong>semanas de prazer ininterrupto<\/strong>.<br \/>\n\ud83d\udd39 <strong>Tecnologia avan\u00e7ada de bobina de malha dupla<\/strong> &#8211; Produz <strong>sabores mais ricos e vapor mais denso<\/strong> para uma sess\u00e3o de vaporiza\u00e7\u00e3o melhorada.<br \/>\n\ud83d\udd39 <strong>Modos de vaporiza\u00e7\u00e3o ajust\u00e1veis<\/strong> &#8211; Escolhe o <strong>modo Eco para maior longevidade<\/strong> ou <strong>o modo Turbo para intensificar o sabor e a produ\u00e7\u00e3o de vapor<\/strong>.<br \/>\n\ud83d\udd39 <strong>Visor LED inteligente<\/strong> &#8211; Indica <strong>o estado da bateria e os n\u00edveis de e-l\u00edquido<\/strong> para uma monitoriza\u00e7\u00e3o sem esfor\u00e7o.<br \/>\n\ud83d\udd39 <strong>Carregamento r\u00e1pido por USB-C<\/strong> &#8211; Equipado com uma <strong>bateria de 850mAh<\/strong>, <strong>recarrega<\/strong> totalmente <strong>em apenas 2 horas<\/strong> para utiliza\u00e7\u00e3o cont\u00ednua.<\/p>\n<h3>Porqu\u00ea escolher Fizzy Nova Plus?<\/h3>\n<p>\ud83d\udd25 <strong>Durabilidade l\u00edder na ind\u00fastria<\/strong> &#8211; A capacidade de 40.000 baforadas supera os descart\u00e1veis normais em 300-400%, proporcionando um valor excecional<br \/>\n\ud83d\udc8e <strong>Engenharia Premium<\/strong> &#8211; Possui materiais de qualidade aeroespacial com um elegante acabamento met\u00e1lico que combina durabilidade com um estilo sofisticado<br \/>\n\ud83d\udc51 <strong>Dom\u00ednio do sabor<\/strong> &#8211; Cada mistura \u00e9 meticulosamente elaborada por mestres mixologistas para proporcionar perfis de sabor aut\u00eanticos e perfeitamente equilibrados<br \/>\n\u26a1 <strong>Desempenho personalizado<\/strong> &#8211; O inovador sistema de modo duplo permite-te personalizar cada sess\u00e3o de acordo com a tua disposi\u00e7\u00e3o e prefer\u00eancias <\/p>\n<\/div>\n<div>\n<h3><strong>Op\u00e7\u00f5es de nicotina:<\/strong><\/h3>\n<p>&#8211; <strong>2% (20mg\/mL)<\/strong> &#8211; Ideal para uma experi\u00eancia de vaporiza\u00e7\u00e3o suave e saborosa<br \/>\n&#8211; <strong>5% (50mg\/mL)<\/strong> &#8211; Concebido para um efeito de garganta mais forte e satisfat\u00f3rio <\/p>\n<h3>Especifica\u00e7\u00f5es<\/h3>\n<table style=\"height: 449px;\" width=\"1340\">\n<tbody>\n<tr>\n<td>Puffs<\/td>\n<td><strong>Mais de 40000 Puffs<\/strong><\/td>\n<\/tr>\n<tr>\n<td>Capacidade do E-l\u00edquido<\/td>\n<td><strong>40ml<\/strong><\/td>\n<\/tr>\n<tr>\n<td>Capacidade da bateria<\/td>\n<td><strong>850mAh<\/strong><\/td>\n<\/tr>\n<tr>\n<td>Tamanho<\/td>\n<td><strong>52,5*24,5*104,3mm<\/strong><\/td>\n<\/tr>\n<tr>\n<td>Descart\u00e1vel ou n\u00e3o<\/td>\n<td><strong>Descart\u00e1vel<\/strong><\/td>\n<\/tr>\n<tr>\n<td>M\u00e9todo de carregamento<\/td>\n<td><strong>Cabo<\/strong><\/td>\n<\/tr>\n<tr>\n<td>M\u00e9todo de ativa\u00e7\u00e3o<\/td>\n<td><strong>Sensor<\/strong><\/td>\n<\/tr>\n<tr>\n<td>Material<\/td>\n<td><strong>PCTG<\/strong><\/td>\n<\/tr>\n<tr>\n<td>N\u00edvel de nicotina<\/td>\n<td><strong>2% (20mg\/mL) e 5% (50mg\/mL)<\/strong><\/td>\n<\/tr>\n<tr>\n<td>Aromas<\/td>\n<td><strong>12<\/strong><\/td>\n<\/tr>\n<tr>\n<td>Embalagem<\/td>\n<td><strong>1 embalagem<\/strong><\/td>\n<\/tr>\n<tr>\n<td>Tempo de carregamento<\/td>\n<td><strong>2 horas<\/strong><\/td>\n<\/tr>\n<tr>\n<td>Armazenamento<\/td>\n<td><strong>Evita ambientes com temperaturas elevadas e armazena em local fresco e seco.<\/strong><\/td>\n<\/tr>\n<tr>\n<td>Pessoas proibidas de usar<\/td>\n<td><strong>Menores de idade, mulheres gr\u00e1vidas e pessoas al\u00e9rgicas aos ingredientes do produto.<\/strong><\/td>\n<\/tr>\n<tr>\n<td>Cuidado<\/td>\n<td><strong>N\u00e3o engulas esta subst\u00e2ncia. Em caso de ingest\u00e3o, lava imediata e abundantemente a boca. Se te sentires mal, procura assist\u00eancia m\u00e9dica.  <\/strong><\/td>\n<\/tr>\n<\/tbody>\n<\/table>\n<h3>Lista de sabores de <strong>Fizzy Nova Plus <\/strong>40000 Puffs:<\/h3>\n<ol>\n<li><a href=\"https:\/\/fizzyvape.eu\/product\/nova-plus-strawberry-kiwi-40000-puffs-10pcs\/\">Morango Kiwi<\/a><\/li>\n<li><a href=\"https:\/\/fizzyvape.eu\/product\/nova-plus-blueberry-ice-40000-puffs-10pcs\/\">Gelo de mirtilo<\/a><\/li>\n<li><a href=\"https:\/\/fizzyvape.eu\/product\/nova-plus-watermelon-ice-40000-puffs-10pcs\/\">Gelo de melancia<\/a><\/li>\n<li><a href=\"https:\/\/fizzyvape.eu\/product\/nova-plus-peach-mango-watermelon-40000-puffs-10pcs\/\">P\u00eassego Manga Melancia<\/a><\/li>\n<li><a href=\"https:\/\/fizzyvape.eu\/product\/nova-plus-kiwi-passion-fruit-guava-40000-puffs-10pcs\/\">Kiwi Maracuj\u00e1 Goiaba<\/a><\/li>\n<li><a href=\"https:\/\/fizzyvape.eu\/product\/nova-plus-raspberry-lemon-40000-puffs-10pcs\/\">Framboesa Lim\u00e3o<\/a><\/li>\n<li><a href=\"https:\/\/fizzyvape.eu\/product\/nova-plus-triple-berry-40000-puffs-10pcs\/\">Baga tripla<\/a><\/li>\n<li><a href=\"https:\/\/fizzyvape.eu\/product\/nova-plus-peach-ice-40000-puffs-10pcs\/\">Gelo de p\u00eassego<\/a><\/li>\n<li><a href=\"https:\/\/fizzyvape.eu\/product\/nova-plus-grape-lime-40000-puffs-10pcs\/\">Uva lima<\/a><\/li>\n<li><a href=\"https:\/\/fizzyvape.eu\/product\/nova-plus-blue-razz-lemonade-40000-puffs-10pcs\/\">Limonada Blue Razz<\/a><\/li>\n<li><a href=\"https:\/\/fizzyvape.eu\/product\/nova-plus-strawberry-ice-40000-puffs-10pcs\/\">Gelo de morango<\/a><\/li>\n<li><a href=\"https:\/\/fizzyvape.eu\/product\/nova-plus-blueberry-coconut-40000-puffs-10pcs\/\">Coco com mirtilo<\/a><\/li>\n<\/ol>\n<h3>Perguntas frequentes sobre o Fizzy Nova Plus 40000 Puffs Vape descart\u00e1vel<\/h3>\n<h4>1. <strong>Quanto tempo dura um aparelho Fizzy Nova Plus?<\/strong><\/h4>\n<p>Cada dispositivo proporciona umas impressionantes <strong>40.000 baforadas<\/strong>, ultrapassando significativamente os descart\u00e1veis normais. Com uma utiliza\u00e7\u00e3o regular, pode durar <strong>v\u00e1rias semanas<\/strong>, o que o torna um dos vapes descart\u00e1veis mais duradouros dispon\u00edveis. <\/p>\n<h4>2. <strong>O que torna o Fizzy Nova Plus diferente dos outros vapes descart\u00e1veis?<\/strong><\/h4>\n<p>A <strong>Fizzy Nova Plus<\/strong> destaca-se pela sua <strong>tecnologia de bobina de malha dupla<\/strong>, <strong>modos Eco e Turbo ajust\u00e1veis<\/strong>, <strong>enorme capacidade de 40 ml de e-l\u00edquido<\/strong> e <strong>visor LED inteligente<\/strong>, oferecendo uma <strong>experi\u00eancia de vaporiza\u00e7\u00e3o personaliz\u00e1vel e premium<\/strong>.  <\/p>\n<h4>3. <strong>Qual \u00e9 a diferen\u00e7a entre o modo Eco e o modo Turbo?<\/strong><\/h4>\n<ul>\n<li><strong>Modo Eco<\/strong>: Prolonga a dura\u00e7\u00e3o da bateria e a utiliza\u00e7\u00e3o do e-l\u00edquido, perfeito para sess\u00f5es mais longas.<\/li>\n<li><strong>Modo Turbo<\/strong>: Aumenta <strong>a intensidade do sabor e a produ\u00e7\u00e3o de vapor<\/strong>, ideal para aqueles que preferem <strong>uma batida mais potente<\/strong>.<\/li>\n<\/ul>\n<h4>4. <strong>Que dosagens de nicotina est\u00e3o dispon\u00edveis?<\/strong><\/h4>\n<p>O <strong>Fizzy Nova Plus 40000 Puffs Disposable Vape<\/strong> est\u00e1 dispon\u00edvel em duas op\u00e7\u00f5es de nicotina: <\/p>\n<ul data-is-last-node=\"\" data-is-only-node=\"\">\n<li><strong>2% (20mg\/mL)<\/strong> &#8211; Proporciona uma experi\u00eancia de vaporiza\u00e7\u00e3o <strong>suave e equilibrada<\/strong>.<\/li>\n<li><strong>5% (50mg\/mL)<\/strong> &#8211; Oferece um <strong>efeito mais forte na garganta<\/strong> e uma satisfa\u00e7\u00e3o mais intensa com a nicotina.<\/li>\n<\/ul>\n<\/div>\n","protected":false},"excerpt":{"rendered":"<p><strong>Fizzy Nova Plus 40,000 Puffs Vape Descart\u00e1vel<\/strong> &#8211; <strong>30-Pack<\/strong> (Oferta Limitada)! Desfruta de uma vaporiza\u00e7\u00e3o premium com longevidade l\u00edder na ind\u00fastria<strong>(40.000 baforadas por dispositivo<\/strong>), capacidade de <strong>40 ml de e-l\u00edquido<\/strong> e bobinas de malha dupla para um sabor rico. Inclui carregamento r\u00e1pido <strong>por USB-C<\/strong>, ecr\u00e3 LED inteligente e <strong>modos Eco\/Turbo<\/strong> ajust\u00e1veis. Perfeito para retalhistas ou vapers experientes &#8211; poupa a granel por tempo limitado!   <\/p>\n<p><strong style=\"color: red;\">Por favor, toma nota do sabor e da quantidade quando fizeres a encomenda!<\/strong><\/p>\n","protected":false},"featured_media":30091,"comment_status":"open","ping_status":"closed","template":"","meta":{"iawp_total_views":1},"product_brand":[],"product_cat":[674],"product_tag":[349],"class_list":{"0":"post-24705","1":"product","2":"type-product","3":"status-publish","4":"has-post-thumbnail","6":"product_cat-bulk-deals-2-pt-pt","7":"product_tag-40000-puffs-pt-pt","9":"first","10":"outofstock","11":"sale","12":"shipping-taxable","13":"purchasable","14":"product-type-variable"},"yoast_head":"<!-- This site is optimized with the Yoast SEO Premium plugin v24.8 (Yoast SEO v24.8) - https:\/\/yoast.com\/wordpress\/plugins\/seo\/ -->\n<title>Fizzy Nova Plus 40000 Puffs - 30pcs - fizzyvape.eu<\/title>\n<meta name=\"description\" content=\"Pacote de 30pcs Fizzy Nova Plus 40K puffs por atacado! Sabores premium, carregamento USB-C, descontos por atacado. Oferta por tempo limitado - encomenda j\u00e1!\" \/>\n<meta name=\"robots\" content=\"index, follow, max-snippet:-1, max-image-preview:large, max-video-preview:-1\" \/>\n<link rel=\"canonical\" href=\"https:\/\/fizzyvape.eu\/pt-pt\/produto\/fizzy-nova-plus-40000-puffs-30pcs\/\" \/>\n<meta property=\"og:locale\" content=\"pt_PT\" \/>\n<meta property=\"og:type\" content=\"article\" \/>\n<meta property=\"og:title\" content=\"Fizzy Nova Plus 40000 Puffs - 30pcs\" \/>\n<meta property=\"og:description\" content=\"Pacote de 30pcs Fizzy Nova Plus 40K puffs por atacado! Sabores premium, carregamento USB-C, descontos por atacado. Oferta por tempo limitado - encomenda j\u00e1!\" \/>\n<meta property=\"og:url\" content=\"https:\/\/fizzyvape.eu\/pt-pt\/produto\/fizzy-nova-plus-40000-puffs-30pcs\/\" \/>\n<meta property=\"og:site_name\" content=\"fizzyvape.eu\" \/>\n<meta property=\"article:modified_time\" content=\"2025-10-31T10:03:08+00:00\" \/>\n<meta property=\"og:image\" content=\"https:\/\/fizzyvape.eu\/wp-content\/uploads\/2025\/04\/Fizzy-Nova-Plus-40000Puffs-30pcs-4.webp\" \/>\n\t<meta property=\"og:image:width\" content=\"800\" \/>\n\t<meta property=\"og:image:height\" content=\"800\" \/>\n\t<meta property=\"og:image:type\" content=\"image\/webp\" \/>\n<meta name=\"twitter:card\" content=\"summary_large_image\" \/>\n<meta name=\"twitter:label1\" content=\"Disponibilidade\" \/>\n\t<meta name=\"twitter:data1\" content=\"Esgotado\" \/>\n<script type=\"application\/ld+json\" class=\"yoast-schema-graph\">{\"@context\":\"https:\/\/schema.org\",\"@graph\":[{\"@type\":\"WebPage\",\"@id\":\"https:\/\/fizzyvape.eu\/pt-pt\/produto\/fizzy-nova-plus-40000-puffs-30pcs\/\",\"url\":\"https:\/\/fizzyvape.eu\/pt-pt\/produto\/fizzy-nova-plus-40000-puffs-30pcs\/\",\"name\":\"Fizzy Nova Plus 40000 Puffs - 30pcs - fizzyvape.eu\",\"isPartOf\":{\"@id\":\"https:\/\/www.fizzyvape.eu\/pt-pt\/#website\"},\"primaryImageOfPage\":{\"@id\":\"https:\/\/fizzyvape.eu\/pt-pt\/produto\/fizzy-nova-plus-40000-puffs-30pcs\/#primaryimage\"},\"image\":{\"@id\":\"https:\/\/fizzyvape.eu\/pt-pt\/produto\/fizzy-nova-plus-40000-puffs-30pcs\/#primaryimage\"},\"thumbnailUrl\":\"https:\/\/fizzyvape.eu\/wp-content\/uploads\/2025\/04\/Fizzy-Nova-Plus-40000-Puffs-30pcs.webp\",\"datePublished\":\"2025-04-02T03:54:58+00:00\",\"dateModified\":\"2025-10-31T10:03:08+00:00\",\"description\":\"Pacote de 30pcs Fizzy Nova Plus 40K puffs por atacado! Sabores premium, carregamento USB-C, descontos por atacado. Oferta por tempo limitado - encomenda j\u00e1!\",\"breadcrumb\":{\"@id\":\"https:\/\/fizzyvape.eu\/pt-pt\/produto\/fizzy-nova-plus-40000-puffs-30pcs\/#breadcrumb\"},\"inLanguage\":\"pt-PT\",\"potentialAction\":[{\"@type\":\"ReadAction\",\"target\":[\"https:\/\/fizzyvape.eu\/pt-pt\/produto\/fizzy-nova-plus-40000-puffs-30pcs\/\"]}]},{\"@type\":\"ImageObject\",\"inLanguage\":\"pt-PT\",\"@id\":\"https:\/\/fizzyvape.eu\/pt-pt\/produto\/fizzy-nova-plus-40000-puffs-30pcs\/#primaryimage\",\"url\":\"https:\/\/fizzyvape.eu\/wp-content\/uploads\/2025\/04\/Fizzy-Nova-Plus-40000-Puffs-30pcs.webp\",\"contentUrl\":\"https:\/\/fizzyvape.eu\/wp-content\/uploads\/2025\/04\/Fizzy-Nova-Plus-40000-Puffs-30pcs.webp\",\"width\":800,\"height\":800,\"caption\":\"Fizzy Nova Plus 40000 Puffs 30pcs\"},{\"@type\":\"BreadcrumbList\",\"@id\":\"https:\/\/fizzyvape.eu\/pt-pt\/produto\/fizzy-nova-plus-40000-puffs-30pcs\/#breadcrumb\",\"itemListElement\":[{\"@type\":\"ListItem\",\"position\":1,\"name\":\"Home\",\"item\":\"https:\/\/fizzyvape.eu\/pt-pt\/\"},{\"@type\":\"ListItem\",\"position\":2,\"name\":\"Shop\",\"item\":\"https:\/\/www.fizzyvape.eu\/pt-pt\/shop\/\"},{\"@type\":\"ListItem\",\"position\":3,\"name\":\"Fizzy Nova Plus 40000 Puffs &#8211; 30pcs\"}]},{\"@type\":\"WebSite\",\"@id\":\"https:\/\/www.fizzyvape.eu\/pt-pt\/#website\",\"url\":\"https:\/\/www.fizzyvape.eu\/pt-pt\/\",\"name\":\"fizzyvape.eu\",\"description\":\"Refreshing Vapes. Unforgettable Taste.\",\"publisher\":{\"@id\":\"https:\/\/www.fizzyvape.eu\/pt-pt\/#organization\"},\"potentialAction\":[{\"@type\":\"SearchAction\",\"target\":{\"@type\":\"EntryPoint\",\"urlTemplate\":\"https:\/\/www.fizzyvape.eu\/pt-pt\/?s={search_term_string}\"},\"query-input\":{\"@type\":\"PropertyValueSpecification\",\"valueRequired\":true,\"valueName\":\"search_term_string\"}}],\"inLanguage\":\"pt-PT\"},{\"@type\":\"Organization\",\"@id\":\"https:\/\/www.fizzyvape.eu\/pt-pt\/#organization\",\"name\":\"fizzyvape.eu\",\"url\":\"https:\/\/www.fizzyvape.eu\/pt-pt\/\",\"logo\":{\"@type\":\"ImageObject\",\"inLanguage\":\"pt-PT\",\"@id\":\"https:\/\/www.fizzyvape.eu\/pt-pt\/#\/schema\/logo\/image\/\",\"url\":\"https:\/\/fizzyvape.eu\/wp-content\/uploads\/2019\/06\/print-1.svg\",\"contentUrl\":\"https:\/\/fizzyvape.eu\/wp-content\/uploads\/2019\/06\/print-1.svg\",\"width\":124,\"height\":37,\"caption\":\"fizzyvape.eu\"},\"image\":{\"@id\":\"https:\/\/www.fizzyvape.eu\/pt-pt\/#\/schema\/logo\/image\/\"}}]}<\/script>\n<meta property=\"og:availability\" content=\"out of stock\" \/>\n<meta property=\"product:availability\" content=\"out of stock\" \/>\n<meta property=\"product:condition\" content=\"new\" \/>\n<!-- \/ Yoast SEO Premium plugin. -->","yoast_head_json":{"title":"Fizzy Nova Plus 40000 Puffs - 30pcs - fizzyvape.eu","description":"Pacote de 30pcs Fizzy Nova Plus 40K puffs por atacado! Sabores premium, carregamento USB-C, descontos por atacado. Oferta por tempo limitado - encomenda j\u00e1!","robots":{"index":"index","follow":"follow","max-snippet":"max-snippet:-1","max-image-preview":"max-image-preview:large","max-video-preview":"max-video-preview:-1"},"canonical":"https:\/\/fizzyvape.eu\/pt-pt\/produto\/fizzy-nova-plus-40000-puffs-30pcs\/","og_locale":"pt_PT","og_type":"article","og_title":"Fizzy Nova Plus 40000 Puffs - 30pcs","og_description":"Pacote de 30pcs Fizzy Nova Plus 40K puffs por atacado! Sabores premium, carregamento USB-C, descontos por atacado. Oferta por tempo limitado - encomenda j\u00e1!","og_url":"https:\/\/fizzyvape.eu\/pt-pt\/produto\/fizzy-nova-plus-40000-puffs-30pcs\/","og_site_name":"fizzyvape.eu","article_modified_time":"2025-10-31T10:03:08+00:00","og_image":[{"width":800,"height":800,"url":"https:\/\/fizzyvape.eu\/wp-content\/uploads\/2025\/04\/Fizzy-Nova-Plus-40000Puffs-30pcs-4.webp","type":"image\/webp"}],"twitter_card":"summary_large_image","twitter_misc":{"Disponibilidade":"Esgotado"},"schema":{"@context":"https:\/\/schema.org","@graph":[{"@type":"WebPage","@id":"https:\/\/fizzyvape.eu\/pt-pt\/produto\/fizzy-nova-plus-40000-puffs-30pcs\/","url":"https:\/\/fizzyvape.eu\/pt-pt\/produto\/fizzy-nova-plus-40000-puffs-30pcs\/","name":"Fizzy Nova Plus 40000 Puffs - 30pcs - fizzyvape.eu","isPartOf":{"@id":"https:\/\/www.fizzyvape.eu\/pt-pt\/#website"},"primaryImageOfPage":{"@id":"https:\/\/fizzyvape.eu\/pt-pt\/produto\/fizzy-nova-plus-40000-puffs-30pcs\/#primaryimage"},"image":{"@id":"https:\/\/fizzyvape.eu\/pt-pt\/produto\/fizzy-nova-plus-40000-puffs-30pcs\/#primaryimage"},"thumbnailUrl":"https:\/\/fizzyvape.eu\/wp-content\/uploads\/2025\/04\/Fizzy-Nova-Plus-40000-Puffs-30pcs.webp","datePublished":"2025-04-02T03:54:58+00:00","dateModified":"2025-10-31T10:03:08+00:00","description":"Pacote de 30pcs Fizzy Nova Plus 40K puffs por atacado! Sabores premium, carregamento USB-C, descontos por atacado. Oferta por tempo limitado - encomenda j\u00e1!","breadcrumb":{"@id":"https:\/\/fizzyvape.eu\/pt-pt\/produto\/fizzy-nova-plus-40000-puffs-30pcs\/#breadcrumb"},"inLanguage":"pt-PT","potentialAction":[{"@type":"ReadAction","target":["https:\/\/fizzyvape.eu\/pt-pt\/produto\/fizzy-nova-plus-40000-puffs-30pcs\/"]}]},{"@type":"ImageObject","inLanguage":"pt-PT","@id":"https:\/\/fizzyvape.eu\/pt-pt\/produto\/fizzy-nova-plus-40000-puffs-30pcs\/#primaryimage","url":"https:\/\/fizzyvape.eu\/wp-content\/uploads\/2025\/04\/Fizzy-Nova-Plus-40000-Puffs-30pcs.webp","contentUrl":"https:\/\/fizzyvape.eu\/wp-content\/uploads\/2025\/04\/Fizzy-Nova-Plus-40000-Puffs-30pcs.webp","width":800,"height":800,"caption":"Fizzy Nova Plus 40000 Puffs 30pcs"},{"@type":"BreadcrumbList","@id":"https:\/\/fizzyvape.eu\/pt-pt\/produto\/fizzy-nova-plus-40000-puffs-30pcs\/#breadcrumb","itemListElement":[{"@type":"ListItem","position":1,"name":"Home","item":"https:\/\/fizzyvape.eu\/pt-pt\/"},{"@type":"ListItem","position":2,"name":"Shop","item":"https:\/\/www.fizzyvape.eu\/pt-pt\/shop\/"},{"@type":"ListItem","position":3,"name":"Fizzy Nova Plus 40000 Puffs &#8211; 30pcs"}]},{"@type":"WebSite","@id":"https:\/\/www.fizzyvape.eu\/pt-pt\/#website","url":"https:\/\/www.fizzyvape.eu\/pt-pt\/","name":"fizzyvape.eu","description":"Refreshing Vapes. Unforgettable Taste.","publisher":{"@id":"https:\/\/www.fizzyvape.eu\/pt-pt\/#organization"},"potentialAction":[{"@type":"SearchAction","target":{"@type":"EntryPoint","urlTemplate":"https:\/\/www.fizzyvape.eu\/pt-pt\/?s={search_term_string}"},"query-input":{"@type":"PropertyValueSpecification","valueRequired":true,"valueName":"search_term_string"}}],"inLanguage":"pt-PT"},{"@type":"Organization","@id":"https:\/\/www.fizzyvape.eu\/pt-pt\/#organization","name":"fizzyvape.eu","url":"https:\/\/www.fizzyvape.eu\/pt-pt\/","logo":{"@type":"ImageObject","inLanguage":"pt-PT","@id":"https:\/\/www.fizzyvape.eu\/pt-pt\/#\/schema\/logo\/image\/","url":"https:\/\/fizzyvape.eu\/wp-content\/uploads\/2019\/06\/print-1.svg","contentUrl":"https:\/\/fizzyvape.eu\/wp-content\/uploads\/2019\/06\/print-1.svg","width":124,"height":37,"caption":"fizzyvape.eu"},"image":{"@id":"https:\/\/www.fizzyvape.eu\/pt-pt\/#\/schema\/logo\/image\/"}}]},"og_availability":"out of stock","product_availability":"out of stock","product_condition":"new"},"tiered_pricing_type":"fixed","tiered_pricing_fixed_rules":[],"tiered_pricing_product_settings":{"layout":"default","base_unit_name":{"singular":null,"plural":null},"default_variation":null},"tiered_pricing_minimum_quantity":null,"tiered_pricing_roles_data":[],"tiered_pricing_percentage_rules":[],"tiered_pricing_maximum_quantity":null,"tiered_pricing_quantity_step":null,"_links":{"self":[{"href":"https:\/\/fizzyvape.eu\/pt-pt\/wp-json\/wp\/v2\/product\/24705","targetHints":{"allow":["GET"]}}],"collection":[{"href":"https:\/\/fizzyvape.eu\/pt-pt\/wp-json\/wp\/v2\/product"}],"about":[{"href":"https:\/\/fizzyvape.eu\/pt-pt\/wp-json\/wp\/v2\/types\/product"}],"replies":[{"embeddable":true,"href":"https:\/\/fizzyvape.eu\/pt-pt\/wp-json\/wp\/v2\/comments?post=24705"}],"version-history":[{"count":0,"href":"https:\/\/fizzyvape.eu\/pt-pt\/wp-json\/wp\/v2\/product\/24705\/revisions"}],"wp:featuredmedia":[{"embeddable":true,"href":"https:\/\/fizzyvape.eu\/pt-pt\/wp-json\/wp\/v2\/media\/30091"}],"wp:attachment":[{"href":"https:\/\/fizzyvape.eu\/pt-pt\/wp-json\/wp\/v2\/media?parent=24705"}],"wp:term":[{"taxonomy":"product_brand","embeddable":true,"href":"https:\/\/fizzyvape.eu\/pt-pt\/wp-json\/wp\/v2\/product_brand?post=24705"},{"taxonomy":"product_cat","embeddable":true,"href":"https:\/\/fizzyvape.eu\/pt-pt\/wp-json\/wp\/v2\/product_cat?post=24705"},{"taxonomy":"product_tag","embeddable":true,"href":"https:\/\/fizzyvape.eu\/pt-pt\/wp-json\/wp\/v2\/product_tag?post=24705"}],"curies":[{"name":"wp","href":"https:\/\/api.w.org\/{rel}","templated":true}]}}