{"id":25232,"date":"2025-03-30T21:15:18","date_gmt":"2025-03-30T13:15:18","guid":{"rendered":"https:\/\/fizzyvape.eu\/product\/fizzy-nova-plus-kiwi-maracuja-goiaba-40000-puffs-10pcs\/"},"modified":"2026-01-12T09:48:37","modified_gmt":"2026-01-12T01:48:37","slug":"fizzy-nova-plus-kiwi-maracuja-goiaba-40000-puffs-10pcs","status":"publish","type":"product","link":"https:\/\/fizzyvape.eu\/pt-pt\/produto\/fizzy-nova-plus-kiwi-maracuja-goiaba-40000-puffs-10pcs\/","title":{"rendered":"Fizzy Nova Plus Kiwi Maracuj\u00e1 Goiaba &#8211; 40000 Puffs &#8211; 10pcs"},"content":{"rendered":"<div>\n<h1><strong>Fizzy Nova Plus Kiwi Maracuj\u00e1 Goiaba 40000 Puffs &#8211; Vape descart\u00e1vel de fus\u00e3o tropical ex\u00f3tica<\/strong><\/h1>\n<p>Deixa-te levar por uma aventura tropical vibrante com o <strong>Fizzy Nova Plus Kiwi Passion Fruit Guava 40000 Puffs &#8211; onde<\/strong>o kiwi saboroso (40%), o maracuj\u00e1 picante (30%) e a goiaba cremosa (30%) se misturam numa sinfonia ex\u00f3tica perfeitamente equilibrada. Este vape descart\u00e1vel de primeira qualidade oferece <strong>40.000 baforadas ultra-suaves<\/strong> da nossa fus\u00e3o de frutas mais estimulante, captando a ess\u00eancia de um para\u00edso ensolarado em cada nuvem. <\/p>\n<h3>Carater\u00edsticas principais:<\/h3>\n<p>\ud83d\udd39 <strong>40.000 baforadas<\/strong> &#8211; A melhor contagem de baforadas da ind\u00fastria para uma experi\u00eancia de vaporiza\u00e7\u00e3o prolongada e satisfat\u00f3ria<br \/>\n\ud83d\udd39 <strong>40mL de E-Liquid pr\u00e9-cheio<\/strong> &#8211; Grande capacidade de e-sumo para semanas de prazer ininterrupto<br \/>\n\ud83d\udd39 <strong>Sistema de bobina de malha dupla<\/strong> &#8211; Sabor mais rico e vapor mais denso para uma sess\u00e3o de vaporiza\u00e7\u00e3o premium<br \/>\n\ud83d\udd39 <strong>Modos Eco e Turbo<\/strong> &#8211; Alterna entre tragos suaves e consistentes ou tragos intensos e potentes<br \/>\n\ud83d\udd39 <strong>Ecr\u00e3 LED inteligente<\/strong> &#8211; Controla a dura\u00e7\u00e3o da bateria e os n\u00edveis de e-l\u00edquido para uma utiliza\u00e7\u00e3o sem complica\u00e7\u00f5es<br \/>\n\ud83d\udd39 <strong>Carregamento r\u00e1pido tipo C<\/strong> &#8211; Recarrega rapidamente a <strong>bateria de 850mAh<\/strong> com o moderno USB-C  <\/p>\n<h3><strong>Perfil de sabor:<\/strong><\/h3>\n<p>\ud83e\udd5d <strong>Primeira Nota:<\/strong> kiwi brilhante e picante (40%)<br \/>\n\ud83c\udf48 <strong>Paladar m\u00e9dio:<\/strong> Delicioso, maracuj\u00e1 tropical (30%)<br \/>\n\ud83c\udf50 <strong>Final:<\/strong> Suave, goiaba doce (30%)<br \/>\n\u2728 <strong>Experimenta:<\/strong> Uma mistura ex\u00f3tica perfeitamente estratificada, sem sabor artificial <\/p>\n<h3>Porqu\u00ea escolher Fizzy Nova Plus?<\/h3>\n<p>\ud83d\udd25 <strong>Longevidade sem igual<\/strong> &#8211; Com <strong>40.000 baforadas<\/strong>, supera a maioria dos vapes descart\u00e1veis do mercado.<br \/>\n\ud83d\udc8e <strong>Qualidade de constru\u00e7\u00e3o superior<\/strong> &#8211; <strong>Corpo<\/strong> elegante em <strong>PCTG<\/strong> com um acabamento met\u00e1lico para maior durabilidade e estilo.<br \/>\n\ud83d\udc51 <strong>Sabor misturado com m<\/strong> estria &#8211; Criado por mixologistas profissionais para um sabor rico e aut\u00eantico.<br \/>\n\u26a1 <strong>Vaping personaliz\u00e1vel<\/strong> &#8211; Ajusta entre os modos <strong>Eco<\/strong> (relaxado) e <strong>Turbo<\/strong> (intenso) para obteres a batida perfeita.<\/p>\n<\/div>\n<div>\n<h3><strong>Op\u00e7\u00f5es de nicotina:<\/strong><\/h3>\n<p>&#8211; <strong>2% (20mg\/mL)<\/strong> &#8211; Ideal para uma experi\u00eancia de vaporiza\u00e7\u00e3o suave e saborosa<br \/>\n&#8211; <strong>5% (50mg\/mL)<\/strong> &#8211; Concebido para um efeito de garganta mais forte e satisfat\u00f3rio <\/p>\n<h3>Especifica\u00e7\u00f5es<\/h3>\n<table style=\"height: 449px;\" width=\"1340\">\n<tbody>\n<tr>\n<td>Puffs<\/td>\n<td><strong>Mais de 40000 Puffs<\/strong><\/td>\n<\/tr>\n<tr>\n<td>Capacidade do E-l\u00edquido<\/td>\n<td><strong>40ml<\/strong><\/td>\n<\/tr>\n<tr>\n<td>Capacidade da bateria<\/td>\n<td><strong>850mAh<\/strong><\/td>\n<\/tr>\n<tr>\n<td>Tamanho<\/td>\n<td><strong>52,5*24,5*104,3mm<\/strong><\/td>\n<\/tr>\n<tr>\n<td>Descart\u00e1vel ou n\u00e3o<\/td>\n<td><strong>Descart\u00e1vel<\/strong><\/td>\n<\/tr>\n<tr>\n<td>M\u00e9todo de carregamento<\/td>\n<td><strong>Cabo<\/strong><\/td>\n<\/tr>\n<tr>\n<td>M\u00e9todo de ativa\u00e7\u00e3o<\/td>\n<td><strong>Sensor<\/strong><\/td>\n<\/tr>\n<tr>\n<td>Material<\/td>\n<td><strong>PCTG<\/strong><\/td>\n<\/tr>\n<tr>\n<td>N\u00edvel de nicotina<\/td>\n<td><strong>2% (20mg\/mL) e 5% (50mg\/mL)<\/strong><\/td>\n<\/tr>\n<tr>\n<td>Aromas<\/td>\n<td><strong>12<\/strong><\/td>\n<\/tr>\n<tr>\n<td>Embalagem<\/td>\n<td><strong>1 embalagem<\/strong><\/td>\n<\/tr>\n<tr>\n<td>Tempo de carregamento<\/td>\n<td><strong>2 horas<\/strong><\/td>\n<\/tr>\n<tr>\n<td>Armazenamento<\/td>\n<td><strong>Evita ambientes com temperaturas elevadas e armazena em local fresco e seco.<\/strong><\/td>\n<\/tr>\n<tr>\n<td>Pessoas proibidas de usar<\/td>\n<td><strong>Menores de idade, mulheres gr\u00e1vidas e pessoas al\u00e9rgicas aos ingredientes do produto.<\/strong><\/td>\n<\/tr>\n<tr>\n<td>Cuidado<\/td>\n<td><strong>N\u00e3o engulas esta subst\u00e2ncia. Em caso de ingest\u00e3o, lava imediata e abundantemente a boca. Se te sentires mal, procura assist\u00eancia m\u00e9dica.  <\/strong><\/td>\n<\/tr>\n<\/tbody>\n<\/table>\n<h3>Lista de sabores de <strong>Fizzy Nova Plus <\/strong>40000 Puffs:<\/h3>\n<ol>\n<li><a href=\"https:\/\/fizzyvape.eu\/pt-pt\/produto\/fizzy-nova-plus-morango-kiwi-40000-puffs-10pcs\/\">Morango Kiwi<\/a><\/li>\n<li><a href=\"https:\/\/fizzyvape.eu\/pt-pt\/produto\/fizzy-nova-plus-blueberry-ice-40000-puffs-10pcs\/\">Gelo de mirtilo<\/a><\/li>\n<li><a href=\"https:\/\/fizzyvape.eu\/pt-pt\/produto\/fizzy-nova-plus-gelo-de-melancia-40000-puffs-10pcs\/\">Gelo de melancia<\/a><\/li>\n<li><a href=\"https:\/\/fizzyvape.eu\/pt-pt\/produto\/fizzy-nova-plus-pessego-manga-melancia-40000-puffs-10pcs\/\">P\u00eassego Manga Melancia<\/a><\/li>\n<li><a href=\"https:\/\/fizzyvape.eu\/pt-pt\/produto\/fizzy-nova-plus-kiwi-maracuja-goiaba-40000-puffs-10pcs\/\">Kiwi Maracuj\u00e1 Goiaba<\/a><\/li>\n<li><a href=\"https:\/\/fizzyvape.eu\/pt-pt\/produto\/fizzy-nova-plus-framboesa-limao-40000-puffs-10pcs\/\">Framboesa Lim\u00e3o<\/a><\/li>\n<li><a href=\"https:\/\/fizzyvape.eu\/pt-pt\/produto\/fizzy-nova-plus-triple-berry-40000-puffs-10pcs\/\">Baga tripla<\/a><\/li>\n<li><a href=\"https:\/\/fizzyvape.eu\/pt-pt\/produto\/fizzy-nova-plus-peach-ice-40000-puffs-10pcs\/\">Gelo de p\u00eassego<\/a><\/li>\n<li><a href=\"https:\/\/fizzyvape.eu\/pt-pt\/produto\/fizzy-nova-plus-lima-uva-40000-puffs-10pcs\/\">Uva lima<\/a><\/li>\n<li><a href=\"https:\/\/fizzyvape.eu\/pt-pt\/produto\/fizzy-nova-plus-blue-razz-lemonade-40000-puffs-10pcs\/\">Limonada Blue Razz<\/a><\/li>\n<li><a href=\"https:\/\/fizzyvape.eu\/pt-pt\/produto\/fizzy-nova-plus-gelo-de-morango-40000-puffs-10pcs\/\">Gelo de morango<\/a><\/li>\n<li><a href=\"https:\/\/fizzyvape.eu\/pt-pt\/produto\/fizzy-nova-plus-mirtilo-coco-40000-puffs-10pcs\/\">Coco com mirtilo<\/a><\/li>\n<\/ol>\n<h3>Perguntas frequentes sobre o Fizzy Nova Plus Kiwi Maracuj\u00e1 Goiaba 40000 Puffs Vape<\/h3>\n<p><strong>1. Quanto tempo dura o vaporizador Fizzy Nova Plus 40,000 Puffs?<\/strong><\/p>\n<p>O tempo de vida depende da utiliza\u00e7\u00e3o, mas com <strong>40.000 baforadas<\/strong>, dura normalmente <strong>semanas a meses<\/strong> para os vapers m\u00e9dios. Os utilizadores intensivos podem acabar com ele mais cedo, enquanto os utilizadores moderados podem usufruir dele durante um per\u00edodo mais longo. <\/p>\n<p><strong>2. Como \u00e9 que sei quando a bateria ou o e-l\u00edquido est\u00e3o fracos?<\/strong><\/p>\n<p>O <strong>ecr\u00e3 LED inteligente<\/strong> mostra os n\u00edveis da bateria e do sumo eletr\u00f3nico em tempo real:<\/p>\n<ul>\n<li><strong>Indicador de bateria:<\/strong> Mostra a carga restante.<\/li>\n<li><strong>Indicador de E-l\u00edquido:<\/strong> Avisa-te quando o sumo est\u00e1 a acabar.<\/li>\n<\/ul>\n<p><strong>3. Qual \u00e9 a diferen\u00e7a entre o modo Eco e o modo Turbo?<\/strong><\/p>\n<ul>\n<li><strong>Modo Eco:<\/strong> Tiragens suaves e consistentes com <strong>maior dura\u00e7\u00e3o da bateria<\/strong>.<\/li>\n<li><strong>Modo Turbo:<\/strong> Produz <strong>vapor e sabor<\/strong> mais <strong>intensos<\/strong> para uma batida mais forte.<\/li>\n<\/ul>\n<p><strong>4. Como \u00e9 que carrego a Fizzy Nova Plus?<\/strong><\/p>\n<p>Utiliza o <strong>cabo USB Tipo C<\/strong> inclu\u00eddo para um carregamento r\u00e1pido. A <strong>bateria de 850mAh<\/strong> demora normalmente <strong>cerca de 60-90 minutos<\/strong> a recarregar totalmente. <\/p>\n<\/div>\n","protected":false},"excerpt":{"rendered":"<p><strong>Fizzy Nova Plus Kiwi Passion Fruit Guava 40000 Puffs<\/strong> &#8211; Experimenta uma fus\u00e3o tropical ex\u00f3tica com kiwi picante, maracuj\u00e1 picante e goiaba cremosa neste vape descart\u00e1vel de longa dura\u00e7\u00e3o. Desfruta de <strong>40.000 baforadas ultra-suaves<\/strong>, bobinas de malha dupla, ecr\u00e3 LED inteligente e carregamento r\u00e1pido tipo C para uma vaporiza\u00e7\u00e3o de qualidade superior. <\/p>\n","protected":false},"featured_media":30006,"comment_status":"open","ping_status":"closed","template":"","meta":{"iawp_total_views":0},"product_brand":[],"product_cat":[351],"product_tag":[349],"class_list":{"0":"post-25232","1":"product","2":"type-product","3":"status-publish","4":"has-post-thumbnail","6":"product_cat-nova-plus-cigarros-eletronicos-recarregaveis-40000-puffs-pt-pt","7":"product_tag-40000-puffs-pt-pt","9":"first","10":"outofstock","11":"sale","12":"shipping-taxable","13":"purchasable","14":"product-type-variable"},"yoast_head":"<!-- This site is optimized with the Yoast SEO Premium plugin v24.8 (Yoast SEO v24.8) - https:\/\/yoast.com\/wordpress\/plugins\/seo\/ -->\n<title>Fizzy Nova Plus Kiwi Maracuj\u00e1 Goiaba - 40000 Puffs - 10pcs - fizzyvape.eu<\/title>\n<meta name=\"description\" content=\"Obt\u00e9m 10pcs Fizzy Nova Kiwi Passion Guava-40000 puff vape descart\u00e1vel de sabor tropical ex\u00f3tico com batidas suaves, nuvens ousadas e desempenho duradouro.\" \/>\n<meta name=\"robots\" content=\"index, follow, max-snippet:-1, max-image-preview:large, max-video-preview:-1\" \/>\n<link rel=\"canonical\" href=\"https:\/\/fizzyvape.eu\/pt-pt\/produto\/fizzy-nova-plus-kiwi-maracuja-goiaba-40000-puffs-10pcs\/\" \/>\n<meta property=\"og:locale\" content=\"pt_PT\" \/>\n<meta property=\"og:type\" content=\"article\" \/>\n<meta property=\"og:title\" content=\"Fizzy Nova Plus Kiwi Maracuj\u00e1 Goiaba - 40000 Puffs - 10pcs\" \/>\n<meta property=\"og:description\" content=\"Obt\u00e9m 10pcs Fizzy Nova Kiwi Passion Guava-40000 puff vape descart\u00e1vel de sabor tropical ex\u00f3tico com batidas suaves, nuvens ousadas e desempenho duradouro.\" \/>\n<meta property=\"og:url\" content=\"https:\/\/fizzyvape.eu\/pt-pt\/produto\/fizzy-nova-plus-kiwi-maracuja-goiaba-40000-puffs-10pcs\/\" \/>\n<meta property=\"og:site_name\" content=\"fizzyvape.eu\" \/>\n<meta property=\"article:modified_time\" content=\"2026-01-12T01:48:37+00:00\" \/>\n<meta property=\"og:image\" content=\"https:\/\/fizzyvape.eu\/wp-content\/uploads\/2025\/04\/Fizzy-Nova-Plus-Peach-Mango-Watermelon-40000Puffs-Kiwi-Passion-Fruit-Guava.webp\" \/>\n\t<meta property=\"og:image:width\" content=\"800\" \/>\n\t<meta property=\"og:image:height\" content=\"800\" \/>\n\t<meta property=\"og:image:type\" content=\"image\/webp\" \/>\n<meta name=\"twitter:card\" content=\"summary_large_image\" \/>\n<meta name=\"twitter:label1\" content=\"Disponibilidade\" \/>\n\t<meta name=\"twitter:data1\" content=\"Esgotado\" \/>\n<script type=\"application\/ld+json\" class=\"yoast-schema-graph\">{\"@context\":\"https:\/\/schema.org\",\"@graph\":[{\"@type\":\"WebPage\",\"@id\":\"https:\/\/fizzyvape.eu\/pt-pt\/produto\/fizzy-nova-plus-kiwi-maracuja-goiaba-40000-puffs-10pcs\/\",\"url\":\"https:\/\/fizzyvape.eu\/pt-pt\/produto\/fizzy-nova-plus-kiwi-maracuja-goiaba-40000-puffs-10pcs\/\",\"name\":\"Fizzy Nova Plus Kiwi Maracuj\u00e1 Goiaba - 40000 Puffs - 10pcs - fizzyvape.eu\",\"isPartOf\":{\"@id\":\"https:\/\/www.fizzyvape.eu\/pt-pt\/#website\"},\"primaryImageOfPage\":{\"@id\":\"https:\/\/fizzyvape.eu\/pt-pt\/produto\/fizzy-nova-plus-kiwi-maracuja-goiaba-40000-puffs-10pcs\/#primaryimage\"},\"image\":{\"@id\":\"https:\/\/fizzyvape.eu\/pt-pt\/produto\/fizzy-nova-plus-kiwi-maracuja-goiaba-40000-puffs-10pcs\/#primaryimage\"},\"thumbnailUrl\":\"https:\/\/fizzyvape.eu\/wp-content\/uploads\/2025\/03\/Fizzy-Nova-Plus-40000-Puffs-Kiwi-Passion-Fruit-Guava-10pcs.webp\",\"datePublished\":\"2025-03-30T13:15:18+00:00\",\"dateModified\":\"2026-01-12T01:48:37+00:00\",\"description\":\"Obt\u00e9m 10pcs Fizzy Nova Kiwi Passion Guava-40000 puff vape descart\u00e1vel de sabor tropical ex\u00f3tico com batidas suaves, nuvens ousadas e desempenho duradouro.\",\"breadcrumb\":{\"@id\":\"https:\/\/fizzyvape.eu\/pt-pt\/produto\/fizzy-nova-plus-kiwi-maracuja-goiaba-40000-puffs-10pcs\/#breadcrumb\"},\"inLanguage\":\"pt-PT\",\"potentialAction\":[{\"@type\":\"ReadAction\",\"target\":[\"https:\/\/fizzyvape.eu\/pt-pt\/produto\/fizzy-nova-plus-kiwi-maracuja-goiaba-40000-puffs-10pcs\/\"]}]},{\"@type\":\"ImageObject\",\"inLanguage\":\"pt-PT\",\"@id\":\"https:\/\/fizzyvape.eu\/pt-pt\/produto\/fizzy-nova-plus-kiwi-maracuja-goiaba-40000-puffs-10pcs\/#primaryimage\",\"url\":\"https:\/\/fizzyvape.eu\/wp-content\/uploads\/2025\/03\/Fizzy-Nova-Plus-40000-Puffs-Kiwi-Passion-Fruit-Guava-10pcs.webp\",\"contentUrl\":\"https:\/\/fizzyvape.eu\/wp-content\/uploads\/2025\/03\/Fizzy-Nova-Plus-40000-Puffs-Kiwi-Passion-Fruit-Guava-10pcs.webp\",\"width\":800,\"height\":800,\"caption\":\"Fizzy Nova Plus 40000 Puffs Kiwi Maracuj\u00e1 Goiaba 10pcs\"},{\"@type\":\"BreadcrumbList\",\"@id\":\"https:\/\/fizzyvape.eu\/pt-pt\/produto\/fizzy-nova-plus-kiwi-maracuja-goiaba-40000-puffs-10pcs\/#breadcrumb\",\"itemListElement\":[{\"@type\":\"ListItem\",\"position\":1,\"name\":\"Home\",\"item\":\"https:\/\/fizzyvape.eu\/pt-pt\/\"},{\"@type\":\"ListItem\",\"position\":2,\"name\":\"Shop\",\"item\":\"https:\/\/www.fizzyvape.eu\/pt-pt\/shop\/\"},{\"@type\":\"ListItem\",\"position\":3,\"name\":\"Fizzy Nova Plus Kiwi Maracuj\u00e1 Goiaba &#8211; 40000 Puffs &#8211; 10pcs\"}]},{\"@type\":\"WebSite\",\"@id\":\"https:\/\/www.fizzyvape.eu\/pt-pt\/#website\",\"url\":\"https:\/\/www.fizzyvape.eu\/pt-pt\/\",\"name\":\"fizzyvape.eu\",\"description\":\"Refreshing Vapes. Unforgettable Taste.\",\"publisher\":{\"@id\":\"https:\/\/www.fizzyvape.eu\/pt-pt\/#organization\"},\"potentialAction\":[{\"@type\":\"SearchAction\",\"target\":{\"@type\":\"EntryPoint\",\"urlTemplate\":\"https:\/\/www.fizzyvape.eu\/pt-pt\/?s={search_term_string}\"},\"query-input\":{\"@type\":\"PropertyValueSpecification\",\"valueRequired\":true,\"valueName\":\"search_term_string\"}}],\"inLanguage\":\"pt-PT\"},{\"@type\":\"Organization\",\"@id\":\"https:\/\/www.fizzyvape.eu\/pt-pt\/#organization\",\"name\":\"fizzyvape.eu\",\"url\":\"https:\/\/www.fizzyvape.eu\/pt-pt\/\",\"logo\":{\"@type\":\"ImageObject\",\"inLanguage\":\"pt-PT\",\"@id\":\"https:\/\/www.fizzyvape.eu\/pt-pt\/#\/schema\/logo\/image\/\",\"url\":\"https:\/\/fizzyvape.eu\/wp-content\/uploads\/2019\/06\/print-1.svg\",\"contentUrl\":\"https:\/\/fizzyvape.eu\/wp-content\/uploads\/2019\/06\/print-1.svg\",\"width\":124,\"height\":37,\"caption\":\"fizzyvape.eu\"},\"image\":{\"@id\":\"https:\/\/www.fizzyvape.eu\/pt-pt\/#\/schema\/logo\/image\/\"}}]}<\/script>\n<meta property=\"og:availability\" content=\"out of stock\" \/>\n<meta property=\"product:availability\" content=\"out of stock\" \/>\n<meta property=\"product:condition\" content=\"new\" \/>\n<!-- \/ Yoast SEO Premium plugin. -->","yoast_head_json":{"title":"Fizzy Nova Plus Kiwi Maracuj\u00e1 Goiaba - 40000 Puffs - 10pcs - fizzyvape.eu","description":"Obt\u00e9m 10pcs Fizzy Nova Kiwi Passion Guava-40000 puff vape descart\u00e1vel de sabor tropical ex\u00f3tico com batidas suaves, nuvens ousadas e desempenho duradouro.","robots":{"index":"index","follow":"follow","max-snippet":"max-snippet:-1","max-image-preview":"max-image-preview:large","max-video-preview":"max-video-preview:-1"},"canonical":"https:\/\/fizzyvape.eu\/pt-pt\/produto\/fizzy-nova-plus-kiwi-maracuja-goiaba-40000-puffs-10pcs\/","og_locale":"pt_PT","og_type":"article","og_title":"Fizzy Nova Plus Kiwi Maracuj\u00e1 Goiaba - 40000 Puffs - 10pcs","og_description":"Obt\u00e9m 10pcs Fizzy Nova Kiwi Passion Guava-40000 puff vape descart\u00e1vel de sabor tropical ex\u00f3tico com batidas suaves, nuvens ousadas e desempenho duradouro.","og_url":"https:\/\/fizzyvape.eu\/pt-pt\/produto\/fizzy-nova-plus-kiwi-maracuja-goiaba-40000-puffs-10pcs\/","og_site_name":"fizzyvape.eu","article_modified_time":"2026-01-12T01:48:37+00:00","og_image":[{"width":800,"height":800,"url":"https:\/\/fizzyvape.eu\/wp-content\/uploads\/2025\/04\/Fizzy-Nova-Plus-Peach-Mango-Watermelon-40000Puffs-Kiwi-Passion-Fruit-Guava.webp","type":"image\/webp"}],"twitter_card":"summary_large_image","twitter_misc":{"Disponibilidade":"Esgotado"},"schema":{"@context":"https:\/\/schema.org","@graph":[{"@type":"WebPage","@id":"https:\/\/fizzyvape.eu\/pt-pt\/produto\/fizzy-nova-plus-kiwi-maracuja-goiaba-40000-puffs-10pcs\/","url":"https:\/\/fizzyvape.eu\/pt-pt\/produto\/fizzy-nova-plus-kiwi-maracuja-goiaba-40000-puffs-10pcs\/","name":"Fizzy Nova Plus Kiwi Maracuj\u00e1 Goiaba - 40000 Puffs - 10pcs - fizzyvape.eu","isPartOf":{"@id":"https:\/\/www.fizzyvape.eu\/pt-pt\/#website"},"primaryImageOfPage":{"@id":"https:\/\/fizzyvape.eu\/pt-pt\/produto\/fizzy-nova-plus-kiwi-maracuja-goiaba-40000-puffs-10pcs\/#primaryimage"},"image":{"@id":"https:\/\/fizzyvape.eu\/pt-pt\/produto\/fizzy-nova-plus-kiwi-maracuja-goiaba-40000-puffs-10pcs\/#primaryimage"},"thumbnailUrl":"https:\/\/fizzyvape.eu\/wp-content\/uploads\/2025\/03\/Fizzy-Nova-Plus-40000-Puffs-Kiwi-Passion-Fruit-Guava-10pcs.webp","datePublished":"2025-03-30T13:15:18+00:00","dateModified":"2026-01-12T01:48:37+00:00","description":"Obt\u00e9m 10pcs Fizzy Nova Kiwi Passion Guava-40000 puff vape descart\u00e1vel de sabor tropical ex\u00f3tico com batidas suaves, nuvens ousadas e desempenho duradouro.","breadcrumb":{"@id":"https:\/\/fizzyvape.eu\/pt-pt\/produto\/fizzy-nova-plus-kiwi-maracuja-goiaba-40000-puffs-10pcs\/#breadcrumb"},"inLanguage":"pt-PT","potentialAction":[{"@type":"ReadAction","target":["https:\/\/fizzyvape.eu\/pt-pt\/produto\/fizzy-nova-plus-kiwi-maracuja-goiaba-40000-puffs-10pcs\/"]}]},{"@type":"ImageObject","inLanguage":"pt-PT","@id":"https:\/\/fizzyvape.eu\/pt-pt\/produto\/fizzy-nova-plus-kiwi-maracuja-goiaba-40000-puffs-10pcs\/#primaryimage","url":"https:\/\/fizzyvape.eu\/wp-content\/uploads\/2025\/03\/Fizzy-Nova-Plus-40000-Puffs-Kiwi-Passion-Fruit-Guava-10pcs.webp","contentUrl":"https:\/\/fizzyvape.eu\/wp-content\/uploads\/2025\/03\/Fizzy-Nova-Plus-40000-Puffs-Kiwi-Passion-Fruit-Guava-10pcs.webp","width":800,"height":800,"caption":"Fizzy Nova Plus 40000 Puffs Kiwi Maracuj\u00e1 Goiaba 10pcs"},{"@type":"BreadcrumbList","@id":"https:\/\/fizzyvape.eu\/pt-pt\/produto\/fizzy-nova-plus-kiwi-maracuja-goiaba-40000-puffs-10pcs\/#breadcrumb","itemListElement":[{"@type":"ListItem","position":1,"name":"Home","item":"https:\/\/fizzyvape.eu\/pt-pt\/"},{"@type":"ListItem","position":2,"name":"Shop","item":"https:\/\/www.fizzyvape.eu\/pt-pt\/shop\/"},{"@type":"ListItem","position":3,"name":"Fizzy Nova Plus Kiwi Maracuj\u00e1 Goiaba &#8211; 40000 Puffs &#8211; 10pcs"}]},{"@type":"WebSite","@id":"https:\/\/www.fizzyvape.eu\/pt-pt\/#website","url":"https:\/\/www.fizzyvape.eu\/pt-pt\/","name":"fizzyvape.eu","description":"Refreshing Vapes. Unforgettable Taste.","publisher":{"@id":"https:\/\/www.fizzyvape.eu\/pt-pt\/#organization"},"potentialAction":[{"@type":"SearchAction","target":{"@type":"EntryPoint","urlTemplate":"https:\/\/www.fizzyvape.eu\/pt-pt\/?s={search_term_string}"},"query-input":{"@type":"PropertyValueSpecification","valueRequired":true,"valueName":"search_term_string"}}],"inLanguage":"pt-PT"},{"@type":"Organization","@id":"https:\/\/www.fizzyvape.eu\/pt-pt\/#organization","name":"fizzyvape.eu","url":"https:\/\/www.fizzyvape.eu\/pt-pt\/","logo":{"@type":"ImageObject","inLanguage":"pt-PT","@id":"https:\/\/www.fizzyvape.eu\/pt-pt\/#\/schema\/logo\/image\/","url":"https:\/\/fizzyvape.eu\/wp-content\/uploads\/2019\/06\/print-1.svg","contentUrl":"https:\/\/fizzyvape.eu\/wp-content\/uploads\/2019\/06\/print-1.svg","width":124,"height":37,"caption":"fizzyvape.eu"},"image":{"@id":"https:\/\/www.fizzyvape.eu\/pt-pt\/#\/schema\/logo\/image\/"}}]},"og_availability":"out of stock","product_availability":"out of stock","product_condition":"new"},"tiered_pricing_type":"fixed","tiered_pricing_fixed_rules":[],"tiered_pricing_product_settings":{"layout":"default","base_unit_name":{"singular":null,"plural":null},"default_variation":null},"tiered_pricing_minimum_quantity":null,"tiered_pricing_roles_data":[],"tiered_pricing_percentage_rules":[],"tiered_pricing_maximum_quantity":null,"tiered_pricing_quantity_step":null,"_links":{"self":[{"href":"https:\/\/fizzyvape.eu\/pt-pt\/wp-json\/wp\/v2\/product\/25232","targetHints":{"allow":["GET"]}}],"collection":[{"href":"https:\/\/fizzyvape.eu\/pt-pt\/wp-json\/wp\/v2\/product"}],"about":[{"href":"https:\/\/fizzyvape.eu\/pt-pt\/wp-json\/wp\/v2\/types\/product"}],"replies":[{"embeddable":true,"href":"https:\/\/fizzyvape.eu\/pt-pt\/wp-json\/wp\/v2\/comments?post=25232"}],"version-history":[{"count":0,"href":"https:\/\/fizzyvape.eu\/pt-pt\/wp-json\/wp\/v2\/product\/25232\/revisions"}],"wp:featuredmedia":[{"embeddable":true,"href":"https:\/\/fizzyvape.eu\/pt-pt\/wp-json\/wp\/v2\/media\/30006"}],"wp:attachment":[{"href":"https:\/\/fizzyvape.eu\/pt-pt\/wp-json\/wp\/v2\/media?parent=25232"}],"wp:term":[{"taxonomy":"product_brand","embeddable":true,"href":"https:\/\/fizzyvape.eu\/pt-pt\/wp-json\/wp\/v2\/product_brand?post=25232"},{"taxonomy":"product_cat","embeddable":true,"href":"https:\/\/fizzyvape.eu\/pt-pt\/wp-json\/wp\/v2\/product_cat?post=25232"},{"taxonomy":"product_tag","embeddable":true,"href":"https:\/\/fizzyvape.eu\/pt-pt\/wp-json\/wp\/v2\/product_tag?post=25232"}],"curies":[{"name":"wp","href":"https:\/\/api.w.org\/{rel}","templated":true}]}}