{"id":25344,"date":"2025-03-31T00:28:29","date_gmt":"2025-03-30T16:28:29","guid":{"rendered":"https:\/\/fizzyvape.eu\/product\/fizzy-nova-plus-lima-uva-40000-puffs-10pcs\/"},"modified":"2025-12-31T14:06:02","modified_gmt":"2025-12-31T06:06:02","slug":"fizzy-nova-plus-lima-uva-40000-puffs-10pcs","status":"publish","type":"product","link":"https:\/\/fizzyvape.eu\/pt-pt\/produto\/fizzy-nova-plus-lima-uva-40000-puffs-10pcs\/","title":{"rendered":"Fizzy Nova Plus Lima Uva &#8211; 40000 Puffs &#8211; 10pcs"},"content":{"rendered":"<div>\n<h1><strong>Fizzy Nova Plus Grape Lime 40000 Puffs &#8211; Vape descart\u00e1vel Premium Citrus Fusion<\/strong><\/h1>\n<p>Embarca numa viagem de sabores arrojados com o <strong>Fizzy Nova Plus Grape Lime 40.000 Puffs.<\/strong> Este vaporizador inovador oferece umas extraordin\u00e1rias <strong>40.000 baforadas<\/strong> da nossa fus\u00e3o de uva doce e lima picante, criando uma experi\u00eancia doce e picante perfeitamente equilibrada que continua a ser consistentemente satisfat\u00f3ria. Com a sua contagem de baforadas l\u00edder na ind\u00fastria, o <strong>Fizzy Nova Plus Grape Lime<\/strong> garante-te sess\u00f5es de vaporiza\u00e7\u00e3o prolongadas, com um sabor vibrante e frutado em cada baforada. <\/p>\n<h3>Carater\u00edsticas principais:<\/h3>\n<p>\ud83d\udd39 <strong>40.000 baforadas, l\u00edder na ind\u00fastria<\/strong> &#8211; Experimenta a satisfa\u00e7\u00e3o de vaporiza\u00e7\u00e3o prolongada que dura semanas mais do que os descart\u00e1veis normais<br \/>\n\ud83d\udd39 <strong>Generoso reservat\u00f3rio de 40 ml de E-l\u00edquido<\/strong> &#8211; Desfruta de uma vaporiza\u00e7\u00e3o ininterrupta com a nossa enorme capacidade de pr\u00e9-cheio<br \/>\n\ud83d\udd39 <strong>Tecnologia avan\u00e7ada de bobina de malha dupla<\/strong> &#8211; Proporciona um sabor mais rico e intenso em cada tragada<br \/>\n\ud83d\udd39 <strong>Sistema inteligente de modo duplo<\/strong> &#8211; Personaliza a tua experi\u00eancia com as op\u00e7\u00f5es Eco (poupan\u00e7a de bateria) ou Turbo (aumento do sabor)<br \/>\n\ud83d\udd39 <strong>Ecr\u00e3 LED inteligente<\/strong> &#8211; Mant\u00e9m-te informado com a monitoriza\u00e7\u00e3o da bateria e do sumo eletr\u00f3nico em tempo real<br \/>\n\ud83d\udd39 <strong>Carregamento r\u00e1pido tipo C<\/strong> &#8211; Carrega rapidamente com o nosso sistema de bateria de 850mAh de alta efici\u00eancia <\/p>\n<h3>Porqu\u00ea escolher Fizzy Nova Plus?<\/h3>\n<p>\ud83d\udd25 <strong>Resist\u00eancia incompar\u00e1vel<\/strong> &#8211; 3 vezes a vida \u00fatil dos vapes descart\u00e1veis normais<br \/>\n\ud83d\udc8e <strong>Acabamento de qualidade superior<\/strong> &#8211; Constru\u00e7\u00e3o em liga met\u00e1lica de qualidade aeroespacial com design ergon\u00f3mico<br \/>\n\ud83d\udc51 <strong>Perfei\u00e7\u00e3o de<\/strong> sabores &#8211; Criado com mestria por especialistas em sabores de classe mundial para um sabor aut\u00eantico <\/p>\n<\/div>\n<div>\n<h3><strong>Op\u00e7\u00f5es de nicotina:<\/strong><\/h3>\n<p>&#8211; <strong>2% (20mg\/mL)<\/strong> &#8211; Ideal para uma experi\u00eancia de vaporiza\u00e7\u00e3o suave e saborosa<br \/>\n&#8211; <strong>5% (50mg\/mL)<\/strong> &#8211; Concebido para um efeito de garganta mais forte e satisfat\u00f3rio <\/p>\n<h3>Especifica\u00e7\u00f5es<\/h3>\n<table style=\"height: 449px;\" width=\"1340\">\n<tbody>\n<tr>\n<td>Puffs<\/td>\n<td><strong>Mais de 40000 Puffs<\/strong><\/td>\n<\/tr>\n<tr>\n<td>Capacidade do E-l\u00edquido<\/td>\n<td><strong>40ml<\/strong><\/td>\n<\/tr>\n<tr>\n<td>Capacidade da bateria<\/td>\n<td><strong>850mAh<\/strong><\/td>\n<\/tr>\n<tr>\n<td>Tamanho<\/td>\n<td><strong>52,5*24,5*104,3mm<\/strong><\/td>\n<\/tr>\n<tr>\n<td>Descart\u00e1vel ou n\u00e3o<\/td>\n<td><strong>Descart\u00e1vel<\/strong><\/td>\n<\/tr>\n<tr>\n<td>M\u00e9todo de carregamento<\/td>\n<td><strong>Cabo<\/strong><\/td>\n<\/tr>\n<tr>\n<td>M\u00e9todo de ativa\u00e7\u00e3o<\/td>\n<td><strong>Sensor<\/strong><\/td>\n<\/tr>\n<tr>\n<td>Material<\/td>\n<td><strong>PCTG<\/strong><\/td>\n<\/tr>\n<tr>\n<td>N\u00edvel de nicotina<\/td>\n<td><strong>2% (20mg\/mL) e 5% (50mg\/mL)<\/strong><\/td>\n<\/tr>\n<tr>\n<td>Aromas<\/td>\n<td><strong>12<\/strong><\/td>\n<\/tr>\n<tr>\n<td>Embalagem<\/td>\n<td><strong>1 embalagem<\/strong><\/td>\n<\/tr>\n<tr>\n<td>Tempo de carregamento<\/td>\n<td><strong>2 horas<\/strong><\/td>\n<\/tr>\n<tr>\n<td>Armazenamento<\/td>\n<td><strong>Evita ambientes com temperaturas elevadas e armazena em local fresco e seco.<\/strong><\/td>\n<\/tr>\n<tr>\n<td>Pessoas proibidas de usar<\/td>\n<td><strong>Menores de idade, mulheres gr\u00e1vidas e pessoas al\u00e9rgicas aos ingredientes do produto.<\/strong><\/td>\n<\/tr>\n<tr>\n<td>Cuidado<\/td>\n<td><strong>N\u00e3o engulas esta subst\u00e2ncia. Em caso de ingest\u00e3o, lava imediata e abundantemente a boca. Se te sentires mal, procura assist\u00eancia m\u00e9dica.  <\/strong><\/td>\n<\/tr>\n<\/tbody>\n<\/table>\n<h3>Lista de sabores de <strong>Fizzy Nova Plus <\/strong>40000 Puffs:<\/h3>\n<ol>\n<li><a href=\"https:\/\/fizzyvape.eu\/pt-pt\/produto\/fizzy-nova-plus-morango-kiwi-40000-puffs-10pcs\/\">Morango Kiwi<\/a><\/li>\n<li><a href=\"https:\/\/fizzyvape.eu\/pt-pt\/produto\/fizzy-nova-plus-blueberry-ice-40000-puffs-10pcs\/\">Gelo de mirtilo<\/a><\/li>\n<li><a href=\"https:\/\/fizzyvape.eu\/pt-pt\/produto\/fizzy-nova-plus-gelo-de-melancia-40000-puffs-10pcs\/\">Gelo de melancia<\/a><\/li>\n<li><a href=\"https:\/\/fizzyvape.eu\/pt-pt\/produto\/fizzy-nova-plus-pessego-manga-melancia-40000-puffs-10pcs\/\">P\u00eassego Manga Melancia<\/a><\/li>\n<li><a href=\"https:\/\/fizzyvape.eu\/pt-pt\/produto\/fizzy-nova-plus-kiwi-maracuja-goiaba-40000-puffs-10pcs\/\">Kiwi Maracuj\u00e1 Goiaba<\/a><\/li>\n<li><a href=\"https:\/\/fizzyvape.eu\/pt-pt\/produto\/fizzy-nova-plus-framboesa-limao-40000-puffs-10pcs\/\">Framboesa Lim\u00e3o<\/a><\/li>\n<li><a href=\"https:\/\/fizzyvape.eu\/pt-pt\/produto\/fizzy-nova-plus-triple-berry-40000-puffs-10pcs\/\">Baga tripla<\/a><\/li>\n<li><a href=\"https:\/\/fizzyvape.eu\/pt-pt\/produto\/fizzy-nova-plus-peach-ice-40000-puffs-10pcs\/\">Gelo de p\u00eassego<\/a><\/li>\n<li><a href=\"https:\/\/fizzyvape.eu\/pt-pt\/produto\/fizzy-nova-plus-lima-uva-40000-puffs-10pcs\/\">Uva lima<\/a><\/li>\n<li><a href=\"https:\/\/fizzyvape.eu\/pt-pt\/produto\/fizzy-nova-plus-blue-razz-lemonade-40000-puffs-10pcs\/\">Limonada Blue Razz<\/a><\/li>\n<li><a href=\"https:\/\/fizzyvape.eu\/pt-pt\/produto\/fizzy-nova-plus-gelo-de-morango-40000-puffs-10pcs\/\">Gelo de morango<\/a><\/li>\n<li><a href=\"https:\/\/fizzyvape.eu\/pt-pt\/produto\/fizzy-nova-plus-mirtilo-coco-40000-puffs-10pcs\/\">Coco com mirtilo<\/a><\/li>\n<\/ol>\n<h3>Perguntas frequentes sobre o Fizzy Nova Plus Grape Lime 40000 Puffs Vape<\/h3>\n<ol start=\"1\">\n<li><strong>O que torna o sabor da Grape Lime \u00fanico em compara\u00e7\u00e3o com outros vapes de fruta?<\/strong><br \/>\nO nosso sabor Grape Lime combina o doce da uva Concord (60%) com o azedo da lima (40%) para um perfil doce e azedo perfeitamente equilibrado que \u00e9 simultaneamente refrescante e satisfat\u00f3rio. O sabor foi desenvolvido pelos nossos mestres mixologistas para te dar um sabor aut\u00eantico a fruta sem tons artificiais. <\/li>\n<li><strong>Como \u00e9 que a tecnologia de bobina de malha dupla melhora a minha experi\u00eancia de vaporiza\u00e7\u00e3o?<\/strong><br \/>\nAs avan\u00e7adas bobinas de malha dupla aquecem simultaneamente o e-l\u00edquido de forma mais uniforme, produzindo:<\/li>\n<\/ol>\n<ul>\n<li>30% mais volume de vapor<\/li>\n<li>Extra\u00e7\u00e3o de sabor mais rica e com mais nuances<\/li>\n<li>Desempenho consistente ao longo de todas as 40.000 baforadas<\/li>\n<\/ul>\n<ol start=\"3\">\n<li><strong>Qual \u00e9 a dura\u00e7\u00e3o real das 40.000 baforadas?<\/strong><br \/>\nPara utilizadores m\u00e9dios (cerca de 500 baforadas\/dia), dura aproximadamente 2-3 meses. Os utilizadores intensivos (mais de 800 baforadas\/dia) podem esperar 6-8 semanas, enquanto os utilizadores casuais podem desfrutar dele durante 4+ meses. <\/li>\n<li><strong>Como posso alternar entre os modos Eco e Turbo?<\/strong><br \/>\nBasta premir rapidamente o bot\u00e3o de alimenta\u00e7\u00e3o tr\u00eas vezes para alternar entre:<\/li>\n<\/ol>\n<ul>\n<li>Modo Eco: Prolonga a dura\u00e7\u00e3o da bateria em 25% com batidas ligeiramente mais suaves<\/li>\n<li>Modo Turbo: Aumenta a intensidade do sabor e a produ\u00e7\u00e3o de vapor em 40%<\/li>\n<\/ul>\n<\/div>\n","protected":false},"excerpt":{"rendered":"<p><strong>Fizzy Nova Plus Grape Lime 40000 Puffs<\/strong> &#8211; Experimenta a fus\u00e3o perfeita de uva doce e lima picante neste vape descart\u00e1vel de alta qualidade.<\/p>\n","protected":false},"featured_media":29997,"comment_status":"open","ping_status":"closed","template":"","meta":{"iawp_total_views":0},"product_brand":[],"product_cat":[351],"product_tag":[349],"class_list":{"0":"post-25344","1":"product","2":"type-product","3":"status-publish","4":"has-post-thumbnail","6":"product_cat-nova-plus-cigarros-eletronicos-recarregaveis-40000-puffs-pt-pt","7":"product_tag-40000-puffs-pt-pt","9":"first","10":"outofstock","11":"sale","12":"shipping-taxable","13":"purchasable","14":"product-type-variable"},"yoast_head":"<!-- This site is optimized with the Yoast SEO Premium plugin v24.8 (Yoast SEO v24.8) - https:\/\/yoast.com\/wordpress\/plugins\/seo\/ -->\n<title>Fizzy Nova Plus Lima Uva - 40000 Puffs - 10pcs - fizzyvape.eu<\/title>\n<meta name=\"description\" content=\"Fizzy Nova Plus Grape Lime 40000 Puffs Vape - fus\u00e3o de uva doce e lima picante. 40mL e-liquid, bobinas de malha dupla. Desconto de 10 unidades!\" \/>\n<meta name=\"robots\" content=\"index, follow, max-snippet:-1, max-image-preview:large, max-video-preview:-1\" \/>\n<link rel=\"canonical\" href=\"https:\/\/fizzyvape.eu\/pt-pt\/produto\/fizzy-nova-plus-lima-uva-40000-puffs-10pcs\/\" \/>\n<meta property=\"og:locale\" content=\"pt_PT\" \/>\n<meta property=\"og:type\" content=\"article\" \/>\n<meta property=\"og:title\" content=\"Fizzy Nova Plus Lima Uva - 40000 Puffs - 10pcs\" \/>\n<meta property=\"og:description\" content=\"Fizzy Nova Plus Grape Lime 40000 Puffs Vape - fus\u00e3o de uva doce e lima picante. 40mL e-liquid, bobinas de malha dupla. Desconto de 10 unidades!\" \/>\n<meta property=\"og:url\" content=\"https:\/\/fizzyvape.eu\/pt-pt\/produto\/fizzy-nova-plus-lima-uva-40000-puffs-10pcs\/\" \/>\n<meta property=\"og:site_name\" content=\"fizzyvape.eu\" \/>\n<meta property=\"article:modified_time\" content=\"2025-12-31T06:06:02+00:00\" \/>\n<meta property=\"og:image\" content=\"https:\/\/www.fizzyvape.eu\/wp-content\/uploads\/2025\/04\/Fizzy-Nova-Plus-Grape-Lime-40000Puffs-1.webp\" \/>\n\t<meta property=\"og:image:width\" content=\"800\" \/>\n\t<meta property=\"og:image:height\" content=\"800\" \/>\n\t<meta property=\"og:image:type\" content=\"image\/webp\" \/>\n<meta name=\"twitter:card\" content=\"summary_large_image\" \/>\n<meta name=\"twitter:label1\" content=\"Disponibilidade\" \/>\n\t<meta name=\"twitter:data1\" content=\"Esgotado\" \/>\n<script type=\"application\/ld+json\" class=\"yoast-schema-graph\">{\"@context\":\"https:\/\/schema.org\",\"@graph\":[{\"@type\":\"WebPage\",\"@id\":\"https:\/\/fizzyvape.eu\/pt-pt\/produto\/fizzy-nova-plus-lima-uva-40000-puffs-10pcs\/\",\"url\":\"https:\/\/fizzyvape.eu\/pt-pt\/produto\/fizzy-nova-plus-lima-uva-40000-puffs-10pcs\/\",\"name\":\"Fizzy Nova Plus Lima Uva - 40000 Puffs - 10pcs - fizzyvape.eu\",\"isPartOf\":{\"@id\":\"https:\/\/www.fizzyvape.eu\/pt-pt\/#website\"},\"primaryImageOfPage\":{\"@id\":\"https:\/\/fizzyvape.eu\/pt-pt\/produto\/fizzy-nova-plus-lima-uva-40000-puffs-10pcs\/#primaryimage\"},\"image\":{\"@id\":\"https:\/\/fizzyvape.eu\/pt-pt\/produto\/fizzy-nova-plus-lima-uva-40000-puffs-10pcs\/#primaryimage\"},\"thumbnailUrl\":\"https:\/\/fizzyvape.eu\/wp-content\/uploads\/2025\/03\/Fizzy-Nova-Plus-40000-Puffs-Grape-Lime-10pcs.webp\",\"datePublished\":\"2025-03-30T16:28:29+00:00\",\"dateModified\":\"2025-12-31T06:06:02+00:00\",\"description\":\"Fizzy Nova Plus Grape Lime 40000 Puffs Vape - fus\u00e3o de uva doce e lima picante. 40mL e-liquid, bobinas de malha dupla. Desconto de 10 unidades!\",\"breadcrumb\":{\"@id\":\"https:\/\/fizzyvape.eu\/pt-pt\/produto\/fizzy-nova-plus-lima-uva-40000-puffs-10pcs\/#breadcrumb\"},\"inLanguage\":\"pt-PT\",\"potentialAction\":[{\"@type\":\"ReadAction\",\"target\":[\"https:\/\/fizzyvape.eu\/pt-pt\/produto\/fizzy-nova-plus-lima-uva-40000-puffs-10pcs\/\"]}]},{\"@type\":\"ImageObject\",\"inLanguage\":\"pt-PT\",\"@id\":\"https:\/\/fizzyvape.eu\/pt-pt\/produto\/fizzy-nova-plus-lima-uva-40000-puffs-10pcs\/#primaryimage\",\"url\":\"https:\/\/fizzyvape.eu\/wp-content\/uploads\/2025\/03\/Fizzy-Nova-Plus-40000-Puffs-Grape-Lime-10pcs.webp\",\"contentUrl\":\"https:\/\/fizzyvape.eu\/wp-content\/uploads\/2025\/03\/Fizzy-Nova-Plus-40000-Puffs-Grape-Lime-10pcs.webp\",\"width\":800,\"height\":800,\"caption\":\"Fizzy Nova Plus 40000 Puffs Uva Lima 10pcs\"},{\"@type\":\"BreadcrumbList\",\"@id\":\"https:\/\/fizzyvape.eu\/pt-pt\/produto\/fizzy-nova-plus-lima-uva-40000-puffs-10pcs\/#breadcrumb\",\"itemListElement\":[{\"@type\":\"ListItem\",\"position\":1,\"name\":\"Home\",\"item\":\"https:\/\/fizzyvape.eu\/pt-pt\/\"},{\"@type\":\"ListItem\",\"position\":2,\"name\":\"Shop\",\"item\":\"https:\/\/www.fizzyvape.eu\/pt-pt\/shop\/\"},{\"@type\":\"ListItem\",\"position\":3,\"name\":\"Fizzy Nova Plus Lima Uva &#8211; 40000 Puffs &#8211; 10pcs\"}]},{\"@type\":\"WebSite\",\"@id\":\"https:\/\/www.fizzyvape.eu\/pt-pt\/#website\",\"url\":\"https:\/\/www.fizzyvape.eu\/pt-pt\/\",\"name\":\"fizzyvape.eu\",\"description\":\"Refreshing Vapes. Unforgettable Taste.\",\"publisher\":{\"@id\":\"https:\/\/www.fizzyvape.eu\/pt-pt\/#organization\"},\"potentialAction\":[{\"@type\":\"SearchAction\",\"target\":{\"@type\":\"EntryPoint\",\"urlTemplate\":\"https:\/\/www.fizzyvape.eu\/pt-pt\/?s={search_term_string}\"},\"query-input\":{\"@type\":\"PropertyValueSpecification\",\"valueRequired\":true,\"valueName\":\"search_term_string\"}}],\"inLanguage\":\"pt-PT\"},{\"@type\":\"Organization\",\"@id\":\"https:\/\/www.fizzyvape.eu\/pt-pt\/#organization\",\"name\":\"fizzyvape.eu\",\"url\":\"https:\/\/www.fizzyvape.eu\/pt-pt\/\",\"logo\":{\"@type\":\"ImageObject\",\"inLanguage\":\"pt-PT\",\"@id\":\"https:\/\/www.fizzyvape.eu\/pt-pt\/#\/schema\/logo\/image\/\",\"url\":\"https:\/\/fizzyvape.eu\/wp-content\/uploads\/2019\/06\/print-1.svg\",\"contentUrl\":\"https:\/\/fizzyvape.eu\/wp-content\/uploads\/2019\/06\/print-1.svg\",\"width\":124,\"height\":37,\"caption\":\"fizzyvape.eu\"},\"image\":{\"@id\":\"https:\/\/www.fizzyvape.eu\/pt-pt\/#\/schema\/logo\/image\/\"}}]}<\/script>\n<meta property=\"og:availability\" content=\"out of stock\" \/>\n<meta property=\"product:availability\" content=\"out of stock\" \/>\n<meta property=\"product:condition\" content=\"new\" \/>\n<!-- \/ Yoast SEO Premium plugin. -->","yoast_head_json":{"title":"Fizzy Nova Plus Lima Uva - 40000 Puffs - 10pcs - fizzyvape.eu","description":"Fizzy Nova Plus Grape Lime 40000 Puffs Vape - fus\u00e3o de uva doce e lima picante. 40mL e-liquid, bobinas de malha dupla. Desconto de 10 unidades!","robots":{"index":"index","follow":"follow","max-snippet":"max-snippet:-1","max-image-preview":"max-image-preview:large","max-video-preview":"max-video-preview:-1"},"canonical":"https:\/\/fizzyvape.eu\/pt-pt\/produto\/fizzy-nova-plus-lima-uva-40000-puffs-10pcs\/","og_locale":"pt_PT","og_type":"article","og_title":"Fizzy Nova Plus Lima Uva - 40000 Puffs - 10pcs","og_description":"Fizzy Nova Plus Grape Lime 40000 Puffs Vape - fus\u00e3o de uva doce e lima picante. 40mL e-liquid, bobinas de malha dupla. Desconto de 10 unidades!","og_url":"https:\/\/fizzyvape.eu\/pt-pt\/produto\/fizzy-nova-plus-lima-uva-40000-puffs-10pcs\/","og_site_name":"fizzyvape.eu","article_modified_time":"2025-12-31T06:06:02+00:00","og_image":[{"width":800,"height":800,"url":"https:\/\/www.fizzyvape.eu\/wp-content\/uploads\/2025\/04\/Fizzy-Nova-Plus-Grape-Lime-40000Puffs-1.webp","type":"image\/webp"}],"twitter_card":"summary_large_image","twitter_misc":{"Disponibilidade":"Esgotado"},"schema":{"@context":"https:\/\/schema.org","@graph":[{"@type":"WebPage","@id":"https:\/\/fizzyvape.eu\/pt-pt\/produto\/fizzy-nova-plus-lima-uva-40000-puffs-10pcs\/","url":"https:\/\/fizzyvape.eu\/pt-pt\/produto\/fizzy-nova-plus-lima-uva-40000-puffs-10pcs\/","name":"Fizzy Nova Plus Lima Uva - 40000 Puffs - 10pcs - fizzyvape.eu","isPartOf":{"@id":"https:\/\/www.fizzyvape.eu\/pt-pt\/#website"},"primaryImageOfPage":{"@id":"https:\/\/fizzyvape.eu\/pt-pt\/produto\/fizzy-nova-plus-lima-uva-40000-puffs-10pcs\/#primaryimage"},"image":{"@id":"https:\/\/fizzyvape.eu\/pt-pt\/produto\/fizzy-nova-plus-lima-uva-40000-puffs-10pcs\/#primaryimage"},"thumbnailUrl":"https:\/\/fizzyvape.eu\/wp-content\/uploads\/2025\/03\/Fizzy-Nova-Plus-40000-Puffs-Grape-Lime-10pcs.webp","datePublished":"2025-03-30T16:28:29+00:00","dateModified":"2025-12-31T06:06:02+00:00","description":"Fizzy Nova Plus Grape Lime 40000 Puffs Vape - fus\u00e3o de uva doce e lima picante. 40mL e-liquid, bobinas de malha dupla. Desconto de 10 unidades!","breadcrumb":{"@id":"https:\/\/fizzyvape.eu\/pt-pt\/produto\/fizzy-nova-plus-lima-uva-40000-puffs-10pcs\/#breadcrumb"},"inLanguage":"pt-PT","potentialAction":[{"@type":"ReadAction","target":["https:\/\/fizzyvape.eu\/pt-pt\/produto\/fizzy-nova-plus-lima-uva-40000-puffs-10pcs\/"]}]},{"@type":"ImageObject","inLanguage":"pt-PT","@id":"https:\/\/fizzyvape.eu\/pt-pt\/produto\/fizzy-nova-plus-lima-uva-40000-puffs-10pcs\/#primaryimage","url":"https:\/\/fizzyvape.eu\/wp-content\/uploads\/2025\/03\/Fizzy-Nova-Plus-40000-Puffs-Grape-Lime-10pcs.webp","contentUrl":"https:\/\/fizzyvape.eu\/wp-content\/uploads\/2025\/03\/Fizzy-Nova-Plus-40000-Puffs-Grape-Lime-10pcs.webp","width":800,"height":800,"caption":"Fizzy Nova Plus 40000 Puffs Uva Lima 10pcs"},{"@type":"BreadcrumbList","@id":"https:\/\/fizzyvape.eu\/pt-pt\/produto\/fizzy-nova-plus-lima-uva-40000-puffs-10pcs\/#breadcrumb","itemListElement":[{"@type":"ListItem","position":1,"name":"Home","item":"https:\/\/fizzyvape.eu\/pt-pt\/"},{"@type":"ListItem","position":2,"name":"Shop","item":"https:\/\/www.fizzyvape.eu\/pt-pt\/shop\/"},{"@type":"ListItem","position":3,"name":"Fizzy Nova Plus Lima Uva &#8211; 40000 Puffs &#8211; 10pcs"}]},{"@type":"WebSite","@id":"https:\/\/www.fizzyvape.eu\/pt-pt\/#website","url":"https:\/\/www.fizzyvape.eu\/pt-pt\/","name":"fizzyvape.eu","description":"Refreshing Vapes. Unforgettable Taste.","publisher":{"@id":"https:\/\/www.fizzyvape.eu\/pt-pt\/#organization"},"potentialAction":[{"@type":"SearchAction","target":{"@type":"EntryPoint","urlTemplate":"https:\/\/www.fizzyvape.eu\/pt-pt\/?s={search_term_string}"},"query-input":{"@type":"PropertyValueSpecification","valueRequired":true,"valueName":"search_term_string"}}],"inLanguage":"pt-PT"},{"@type":"Organization","@id":"https:\/\/www.fizzyvape.eu\/pt-pt\/#organization","name":"fizzyvape.eu","url":"https:\/\/www.fizzyvape.eu\/pt-pt\/","logo":{"@type":"ImageObject","inLanguage":"pt-PT","@id":"https:\/\/www.fizzyvape.eu\/pt-pt\/#\/schema\/logo\/image\/","url":"https:\/\/fizzyvape.eu\/wp-content\/uploads\/2019\/06\/print-1.svg","contentUrl":"https:\/\/fizzyvape.eu\/wp-content\/uploads\/2019\/06\/print-1.svg","width":124,"height":37,"caption":"fizzyvape.eu"},"image":{"@id":"https:\/\/www.fizzyvape.eu\/pt-pt\/#\/schema\/logo\/image\/"}}]},"og_availability":"out of stock","product_availability":"out of stock","product_condition":"new"},"tiered_pricing_type":"fixed","tiered_pricing_fixed_rules":[],"tiered_pricing_product_settings":{"layout":"default","base_unit_name":{"singular":null,"plural":null},"default_variation":null},"tiered_pricing_minimum_quantity":null,"tiered_pricing_roles_data":[],"tiered_pricing_percentage_rules":[],"tiered_pricing_maximum_quantity":null,"tiered_pricing_quantity_step":null,"_links":{"self":[{"href":"https:\/\/fizzyvape.eu\/pt-pt\/wp-json\/wp\/v2\/product\/25344","targetHints":{"allow":["GET"]}}],"collection":[{"href":"https:\/\/fizzyvape.eu\/pt-pt\/wp-json\/wp\/v2\/product"}],"about":[{"href":"https:\/\/fizzyvape.eu\/pt-pt\/wp-json\/wp\/v2\/types\/product"}],"replies":[{"embeddable":true,"href":"https:\/\/fizzyvape.eu\/pt-pt\/wp-json\/wp\/v2\/comments?post=25344"}],"version-history":[{"count":0,"href":"https:\/\/fizzyvape.eu\/pt-pt\/wp-json\/wp\/v2\/product\/25344\/revisions"}],"wp:featuredmedia":[{"embeddable":true,"href":"https:\/\/fizzyvape.eu\/pt-pt\/wp-json\/wp\/v2\/media\/29997"}],"wp:attachment":[{"href":"https:\/\/fizzyvape.eu\/pt-pt\/wp-json\/wp\/v2\/media?parent=25344"}],"wp:term":[{"taxonomy":"product_brand","embeddable":true,"href":"https:\/\/fizzyvape.eu\/pt-pt\/wp-json\/wp\/v2\/product_brand?post=25344"},{"taxonomy":"product_cat","embeddable":true,"href":"https:\/\/fizzyvape.eu\/pt-pt\/wp-json\/wp\/v2\/product_cat?post=25344"},{"taxonomy":"product_tag","embeddable":true,"href":"https:\/\/fizzyvape.eu\/pt-pt\/wp-json\/wp\/v2\/product_tag?post=25344"}],"curies":[{"name":"wp","href":"https:\/\/api.w.org\/{rel}","templated":true}]}}