{"id":25654,"date":"2025-03-28T14:31:57","date_gmt":"2025-03-28T06:31:57","guid":{"rendered":"https:\/\/fizzyvape.eu\/product\/fizzy-boom-blueberry-watermelon-bubblegum-13000-puffs\/"},"modified":"2025-03-28T14:31:57","modified_gmt":"2025-03-28T06:31:57","slug":"fizzy-boom-blueberry-watermelon-bubblegum-13000-puffs","status":"publish","type":"product","link":"https:\/\/fizzyvape.eu\/pt-pt\/produto\/fizzy-boom-blueberry-watermelon-bubblegum-13000-puffs\/","title":{"rendered":"Fizzy Boom Blueberry Watermelon Bubblegum &#8211; 13000 Puffs"},"content":{"rendered":"<div>\n<h2><strong>Fizzy Boom Blueberry Watermelon Bubblegum 13000 Puffs &#8211; Vape descart\u00e1vel de fus\u00e3o de frutas nost\u00e1lgico de alta qualidade<\/strong><\/h2>\n<p>Experimenta o <strong>Fizzy Boom Blueberry Watermelon Bubblegum 13000 Puffs<\/strong> &#8211; onde a acidez do mirtilo (6\/10) colide com a suculenta do\u00e7ura da melancia (7\/10), tudo envolto num toque de chiclete favorito da inf\u00e2ncia (5\/10), terminado com uma divertida exala\u00e7\u00e3o gelada de 4\/10. Este descart\u00e1vel de primeira qualidade oferece-te <strong>13.000 baforadas ultra-suaves<\/strong> deste sabor inspirado no Carnaval, no nosso design <strong>elegante e<\/strong> com <strong>acabamento mate<\/strong>, com <strong>bobinas de malha dupla<\/strong> para o m\u00e1ximo sabor e produ\u00e7\u00e3o de nuvens. <\/p>\n<h3><strong>Porqu\u00ea escolher Fizzy Boom Blueberry Watermelon Bubblegum 13000 Puffs?<\/strong><\/h3>\n<p>\ud83e\uded0 <strong>Triple Flavor Wonder<\/strong> land &#8211; 40% de acidez de mirtilo, 40% de sucul\u00eancia de melancia, 20% de nostalgia de pastilha el\u00e1stica (sem sabor artificial)<br \/>\n\ud83c\udf6c <strong>Acabamento Gelado L\u00fadico<\/strong> &#8211; 4\/10 O n\u00edvel de arrefecimento mant\u00e9m-no divertido e refrescante<br \/>\n\u26a1 <strong>Extended 13,000 Puffs<\/strong> &#8211; Dura 3-4 semanas (melhor do que os descart\u00e1veis normais)<br \/>\n\ud83d\udd0b <strong>Carregamento USB-C inteligente<\/strong> &#8211; Totalmente recarreg\u00e1vel para desfrutares de todos os 21mL de e-l\u00edquido<br \/>\n\ud83d\udc8e <strong>Design Premium Circus-Tent<\/strong> &#8211; esquema de cores vibrantes com constru\u00e7\u00e3o \u00e0 prova de fugas <\/p>\n<h3><strong>Op\u00e7\u00f5es de nicotina:<\/strong><\/h3>\n<p>&#8211; 2% (20mg\/mL) &#8211; Experi\u00eancia suave para vapers casuais<br \/>\n&#8211; 5% (50mg\/mL) &#8211; Satisfaz a garganta dos antigos fumadores<\/p>\n<\/div>\n<div>\n<h3>Especifica\u00e7\u00f5es<\/h3>\n<table>\n<tbody>\n<tr>\n<td>Puffs<\/td>\n<td><strong>Mais de 13000 Puffs<\/strong><\/td>\n<\/tr>\n<tr>\n<td>Capacidade do E-l\u00edquido<\/td>\n<td><strong>21ml<\/strong><\/td>\n<\/tr>\n<tr>\n<td>Capacidade da bateria<\/td>\n<td><strong>650mAh<\/strong><\/td>\n<\/tr>\n<tr>\n<td>Bobina de malha<\/td>\n<td><strong>1.4\u03a9<\/strong><\/td>\n<\/tr>\n<tr>\n<td>Tamanho<\/td>\n<td><strong>52,8*76,5*25mm<\/strong><\/td>\n<\/tr>\n<tr>\n<td>Descart\u00e1vel ou n\u00e3o<\/td>\n<td><strong>Descart\u00e1vel<\/strong><\/td>\n<\/tr>\n<tr>\n<td>M\u00e9todo de carregamento<\/td>\n<td><strong>Cabo<\/strong><\/td>\n<\/tr>\n<tr>\n<td>M\u00e9todo de ativa\u00e7\u00e3o<\/td>\n<td><strong>Sensor<\/strong><\/td>\n<\/tr>\n<tr>\n<td>N\u00edvel de nicotina<\/td>\n<td><strong>2% (20mg\/mL) e 5% (50mg\/mL)<\/strong><\/td>\n<\/tr>\n<tr>\n<td>Sabores<\/td>\n<td><strong>12<\/strong><\/td>\n<\/tr>\n<tr>\n<td>Embalagem<\/td>\n<td><strong>1 embalagem<\/strong><\/td>\n<\/tr>\n<tr>\n<td>Tempo de carregamento<\/td>\n<td><strong>2 horas<\/strong><\/td>\n<\/tr>\n<tr>\n<td>Armazenamento<\/td>\n<td><strong>Evita ambientes com temperaturas elevadas e armazena em local fresco e seco.<\/strong><\/td>\n<\/tr>\n<tr>\n<td>Pessoas proibidas de usar<\/td>\n<td><strong>Menores de idade, mulheres gr\u00e1vidas e pessoas al\u00e9rgicas aos ingredientes do produto.<\/strong><\/td>\n<\/tr>\n<tr>\n<td>Cuidado<\/td>\n<td><strong>N\u00e3o engulas esta subst\u00e2ncia. Em caso de ingest\u00e3o, lava imediata e abundantemente a boca. Se te sentires mal, procura assist\u00eancia m\u00e9dica.  <\/strong><\/td>\n<\/tr>\n<\/tbody>\n<\/table>\n<h3>Lista de sabores de <strong>Fizzy Boom <\/strong>13000 Puffs:<\/h3>\n<ol>\n<li><a href=\"https:\/\/fizzyvape.eu\/product\/fizzy-boom-peach-13000-puffs\/\">P\u00eassego<\/a><\/li>\n<li><a href=\"https:\/\/fizzyvape.eu\/product\/fizzy-boom-blueberry-ice-13000-puffs\/\">Gelo de mirtilo<\/a><\/li>\n<li><a href=\"https:\/\/fizzyvape.eu\/product\/fizzy-boom-grape-ice-13000-puffs\/\">Gelo de uva<\/a><\/li>\n<li><a href=\"https:\/\/fizzyvape.eu\/product\/fizzy-boom-strawberry-13000-puffs\/\">Morango<\/a><\/li>\n<li><a href=\"https:\/\/fizzyvape.eu\/product\/fizzy-boom-watermelon-ice-13000-puffs\/\">Gelo de melancia<\/a><\/li>\n<li><a href=\"https:\/\/fizzyvape.eu\/pt-pt\/produto\/fizzy-boom-blueberry-watermelon-bubblegum-13000-puffs\/\">Amora Melancia Pastilha el\u00e1stica<\/a><\/li>\n<li><a href=\"https:\/\/fizzyvape.eu\/product\/fizzy-boom-sour-apple-13000-puffs\/\">Ma\u00e7\u00e3 \u00e1cida<\/a><\/li>\n<li><a href=\"https:\/\/fizzyvape.eu\/product\/fizzy-boom-watermelon-cherry-13000-puffs\/\">Melancia Cereja<\/a><\/li>\n<li><a href=\"https:\/\/fizzyvape.eu\/product\/fizzy-boom-blueberry-melon-13000-puffs\/\">Mel\u00e3o com mirtilo<\/a><\/li>\n<li><a href=\"https:\/\/fizzyvape.eu\/product\/fizzy-boom-kiwi-berry-ice-13000-puffs\/\">Gelo de bagas de kiwi<\/a><\/li>\n<li><a href=\"https:\/\/fizzyvape.eu\/product\/fizzy-boom-blueberry-raspberry-lemon-13000-puffs\/\">Mirtilo Framboesa Lim\u00e3o<\/a><\/li>\n<li><a href=\"https:\/\/fizzyvape.eu\/product\/fizzy-boom-strawberry-watermelon-pomegranate-13000-puffs\/\">Morango Melancia Rom\u00e3<\/a><\/li>\n<\/ol>\n<h3>Perguntas frequentes sobre o Fizzy Boom Blueberry Watermelon Bubblegum Vape<\/h3>\n<ul>\n<li class=\"\" data-start=\"68\" data-end=\"336\">\n<p class=\"\" data-start=\"71\" data-end=\"336\"><strong data-start=\"71\" data-end=\"153\">Que sabores posso esperar do Fizzy Great Pineapple Peach Passion Fruit Vape?<\/strong><br data-start=\"153\" data-end=\"156\">Fizzy Great oferece uma mistura tropical de anan\u00e1s picante, p\u00eassego sumarento e maracuj\u00e1 ex\u00f3tico, perfeitamente equilibrada com uma exala\u00e7\u00e3o refrescante e gelada para uma experi\u00eancia de vaporiza\u00e7\u00e3o suave.<\/p>\n<\/li>\n<li class=\"\" data-start=\"338\" data-end=\"556\">\n<p class=\"\" data-start=\"341\" data-end=\"556\"><strong data-start=\"341\" data-end=\"415\">Quanto tempo dura o Fizzy Great Pineapple Peach Passion Fruit Vape?<\/strong><br data-start=\"415\" data-end=\"418\">Com um design de alta capacidade, este vape descart\u00e1vel d\u00e1-te <strong data-start=\"480\" data-end=\"497\">mais de 13.000 baforadas<\/strong>, durando aproximadamente <strong data-start=\"521\" data-end=\"534\">3-4 semanas<\/strong>, dependendo da utiliza\u00e7\u00e3o.<\/p>\n<\/li>\n<li class=\"\" data-start=\"558\" data-end=\"739\">\n<p class=\"\" data-start=\"561\" data-end=\"739\"><strong data-start=\"561\" data-end=\"602\">O Fizzy Great vape \u00e9 recarreg\u00e1vel?<\/strong><br data-start=\"602\" data-end=\"605\">Sim! Possui <strong data-start=\"625\" data-end=\"648\">carregamento r\u00e1pido USB-C<\/strong>, garantindo que aproveitas ao m\u00e1ximo a sua <strong data-start=\"687\" data-end=\"713\">capacidade de 21 ml de e-l\u00edquido<\/strong> sem desperdi\u00e7ar uma gota. <\/p>\n<\/li>\n<li class=\"\" data-start=\"741\" data-end=\"949\">\n<p class=\"\" data-start=\"744\" data-end=\"949\"><strong data-start=\"744\" data-end=\"786\">Que dosagens de nicotina est\u00e3o dispon\u00edveis?<\/strong><br data-start=\"786\" data-end=\"789\">Este vape est\u00e1 dispon\u00edvel em duas op\u00e7\u00f5es: <strong data-start=\"824\" data-end=\"840\">2% (20mg\/mL)<\/strong> para uma experi\u00eancia suave e <strong data-start=\"869\" data-end=\"885\">5% (50mg\/mL)<\/strong> para um efeito mais forte na garganta, atendendo a diferentes prefer\u00eancias.<\/p>\n<\/li>\n<\/ul>\n<\/div>\n","protected":false},"excerpt":{"rendered":"<p>Experimenta o <strong>Fizzy Boom Blueberry Watermelon Bubblegum 13.000 Puffs<\/strong>, uma mistura de sabores de mirtilo, melancia frutada e chiclete cl\u00e1ssico com 4\/10 de gelo fresco, mais de 13.000 puffs de fumo suave e carregamento USB-C para uma vida \u00fatil duradoura!<\/p>\n","protected":false},"featured_media":21175,"comment_status":"open","ping_status":"closed","template":"","meta":{"iawp_total_views":0},"product_brand":[],"product_cat":[306],"product_tag":[307],"class_list":{"0":"post-25654","1":"product","2":"type-product","3":"status-publish","4":"has-post-thumbnail","6":"product_cat-boom-pt-pt","7":"product_tag-13000-puffs-pt-pt","9":"first","10":"outofstock","11":"shipping-taxable","12":"purchasable","13":"product-type-variable"},"yoast_head":"<!-- This site is optimized with the Yoast SEO Premium plugin v24.8 (Yoast SEO v24.8) - https:\/\/yoast.com\/wordpress\/plugins\/seo\/ -->\n<title>Fizzy Boom Blueberry Watermelon Bubblegum - 13000 Puffs - fizzyvape.eu<\/title>\n<meta name=\"robots\" content=\"index, follow, max-snippet:-1, max-image-preview:large, max-video-preview:-1\" \/>\n<link rel=\"canonical\" href=\"https:\/\/fizzyvape.eu\/pt-pt\/produto\/fizzy-boom-blueberry-watermelon-bubblegum-13000-puffs\/\" \/>\n<meta property=\"og:locale\" content=\"pt_PT\" \/>\n<meta property=\"og:type\" content=\"article\" \/>\n<meta property=\"og:title\" content=\"Fizzy Boom Blueberry Watermelon Bubblegum - 13000 Puffs\" \/>\n<meta property=\"og:description\" content=\"Experimenta o Fizzy Boom Blueberry Watermelon Bubblegum 13.000 Puffs, uma mistura de sabores de mirtilo, melancia frutada e chiclete cl\u00e1ssico com 4\/10 de gelo fresco, mais de 13.000 puffs de fumo suave e carregamento USB-C para uma vida \u00fatil duradoura!\" \/>\n<meta property=\"og:url\" content=\"https:\/\/fizzyvape.eu\/pt-pt\/produto\/fizzy-boom-blueberry-watermelon-bubblegum-13000-puffs\/\" \/>\n<meta property=\"og:site_name\" content=\"fizzyvape.eu\" \/>\n<meta property=\"og:image\" content=\"https:\/\/www.fizzyvape.eu\/wp-content\/uploads\/2025\/03\/FizzyVape-Boom-Blueberry-Watermelon-Bubblegum-13000puff-4.jpg\" \/>\n\t<meta property=\"og:image:width\" content=\"1500\" \/>\n\t<meta property=\"og:image:height\" content=\"1500\" \/>\n\t<meta property=\"og:image:type\" content=\"image\/jpeg\" \/>\n<meta name=\"twitter:card\" content=\"summary_large_image\" \/>\n<meta name=\"twitter:label1\" content=\"Disponibilidade\" \/>\n\t<meta name=\"twitter:data1\" content=\"Esgotado\" \/>\n<script type=\"application\/ld+json\" class=\"yoast-schema-graph\">{\"@context\":\"https:\/\/schema.org\",\"@graph\":[{\"@type\":\"WebPage\",\"@id\":\"https:\/\/fizzyvape.eu\/pt-pt\/produto\/fizzy-boom-blueberry-watermelon-bubblegum-13000-puffs\/\",\"url\":\"https:\/\/fizzyvape.eu\/pt-pt\/produto\/fizzy-boom-blueberry-watermelon-bubblegum-13000-puffs\/\",\"name\":\"Fizzy Boom Blueberry Watermelon Bubblegum - 13000 Puffs - fizzyvape.eu\",\"isPartOf\":{\"@id\":\"https:\/\/www.fizzyvape.eu\/pt-pt\/#website\"},\"primaryImageOfPage\":{\"@id\":\"https:\/\/fizzyvape.eu\/pt-pt\/produto\/fizzy-boom-blueberry-watermelon-bubblegum-13000-puffs\/#primaryimage\"},\"image\":{\"@id\":\"https:\/\/fizzyvape.eu\/pt-pt\/produto\/fizzy-boom-blueberry-watermelon-bubblegum-13000-puffs\/#primaryimage\"},\"thumbnailUrl\":\"https:\/\/fizzyvape.eu\/wp-content\/uploads\/2025\/03\/FizzyVape-Boom-Blueberry-Watermelon-Bubblegum-13000puff-4.jpg\",\"datePublished\":\"2025-03-28T06:31:57+00:00\",\"breadcrumb\":{\"@id\":\"https:\/\/fizzyvape.eu\/pt-pt\/produto\/fizzy-boom-blueberry-watermelon-bubblegum-13000-puffs\/#breadcrumb\"},\"inLanguage\":\"pt-PT\",\"potentialAction\":[{\"@type\":\"ReadAction\",\"target\":[\"https:\/\/fizzyvape.eu\/pt-pt\/produto\/fizzy-boom-blueberry-watermelon-bubblegum-13000-puffs\/\"]}]},{\"@type\":\"ImageObject\",\"inLanguage\":\"pt-PT\",\"@id\":\"https:\/\/fizzyvape.eu\/pt-pt\/produto\/fizzy-boom-blueberry-watermelon-bubblegum-13000-puffs\/#primaryimage\",\"url\":\"https:\/\/fizzyvape.eu\/wp-content\/uploads\/2025\/03\/FizzyVape-Boom-Blueberry-Watermelon-Bubblegum-13000puff-4.jpg\",\"contentUrl\":\"https:\/\/fizzyvape.eu\/wp-content\/uploads\/2025\/03\/FizzyVape-Boom-Blueberry-Watermelon-Bubblegum-13000puff-4.jpg\",\"width\":1500,\"height\":1500,\"caption\":\"FizzyVape-Boom-Blueberry Watermelon-Bubblegum-13000puff\"},{\"@type\":\"BreadcrumbList\",\"@id\":\"https:\/\/fizzyvape.eu\/pt-pt\/produto\/fizzy-boom-blueberry-watermelon-bubblegum-13000-puffs\/#breadcrumb\",\"itemListElement\":[{\"@type\":\"ListItem\",\"position\":1,\"name\":\"Home\",\"item\":\"https:\/\/fizzyvape.eu\/pt-pt\/\"},{\"@type\":\"ListItem\",\"position\":2,\"name\":\"Shop\",\"item\":\"https:\/\/www.fizzyvape.eu\/pt-pt\/shop\/\"},{\"@type\":\"ListItem\",\"position\":3,\"name\":\"Fizzy Boom Blueberry Watermelon Bubblegum &#8211; 13000 Puffs\"}]},{\"@type\":\"WebSite\",\"@id\":\"https:\/\/www.fizzyvape.eu\/pt-pt\/#website\",\"url\":\"https:\/\/www.fizzyvape.eu\/pt-pt\/\",\"name\":\"fizzyvape.eu\",\"description\":\"Refreshing Vapes. Unforgettable Taste.\",\"publisher\":{\"@id\":\"https:\/\/www.fizzyvape.eu\/pt-pt\/#organization\"},\"potentialAction\":[{\"@type\":\"SearchAction\",\"target\":{\"@type\":\"EntryPoint\",\"urlTemplate\":\"https:\/\/www.fizzyvape.eu\/pt-pt\/?s={search_term_string}\"},\"query-input\":{\"@type\":\"PropertyValueSpecification\",\"valueRequired\":true,\"valueName\":\"search_term_string\"}}],\"inLanguage\":\"pt-PT\"},{\"@type\":\"Organization\",\"@id\":\"https:\/\/www.fizzyvape.eu\/pt-pt\/#organization\",\"name\":\"fizzyvape.eu\",\"url\":\"https:\/\/www.fizzyvape.eu\/pt-pt\/\",\"logo\":{\"@type\":\"ImageObject\",\"inLanguage\":\"pt-PT\",\"@id\":\"https:\/\/www.fizzyvape.eu\/pt-pt\/#\/schema\/logo\/image\/\",\"url\":\"https:\/\/fizzyvape.eu\/wp-content\/uploads\/2019\/06\/print-1.svg\",\"contentUrl\":\"https:\/\/fizzyvape.eu\/wp-content\/uploads\/2019\/06\/print-1.svg\",\"width\":124,\"height\":37,\"caption\":\"fizzyvape.eu\"},\"image\":{\"@id\":\"https:\/\/www.fizzyvape.eu\/pt-pt\/#\/schema\/logo\/image\/\"}}]}<\/script>\n<meta property=\"og:availability\" content=\"out of stock\" \/>\n<meta property=\"product:availability\" content=\"out of stock\" \/>\n<meta property=\"product:condition\" content=\"new\" \/>\n<!-- \/ Yoast SEO Premium plugin. -->","yoast_head_json":{"title":"Fizzy Boom Blueberry Watermelon Bubblegum - 13000 Puffs - fizzyvape.eu","robots":{"index":"index","follow":"follow","max-snippet":"max-snippet:-1","max-image-preview":"max-image-preview:large","max-video-preview":"max-video-preview:-1"},"canonical":"https:\/\/fizzyvape.eu\/pt-pt\/produto\/fizzy-boom-blueberry-watermelon-bubblegum-13000-puffs\/","og_locale":"pt_PT","og_type":"article","og_title":"Fizzy Boom Blueberry Watermelon Bubblegum - 13000 Puffs","og_description":"Experimenta o Fizzy Boom Blueberry Watermelon Bubblegum 13.000 Puffs, uma mistura de sabores de mirtilo, melancia frutada e chiclete cl\u00e1ssico com 4\/10 de gelo fresco, mais de 13.000 puffs de fumo suave e carregamento USB-C para uma vida \u00fatil duradoura!","og_url":"https:\/\/fizzyvape.eu\/pt-pt\/produto\/fizzy-boom-blueberry-watermelon-bubblegum-13000-puffs\/","og_site_name":"fizzyvape.eu","og_image":[{"width":1500,"height":1500,"url":"https:\/\/www.fizzyvape.eu\/wp-content\/uploads\/2025\/03\/FizzyVape-Boom-Blueberry-Watermelon-Bubblegum-13000puff-4.jpg","type":"image\/jpeg"}],"twitter_card":"summary_large_image","twitter_misc":{"Disponibilidade":"Esgotado"},"schema":{"@context":"https:\/\/schema.org","@graph":[{"@type":"WebPage","@id":"https:\/\/fizzyvape.eu\/pt-pt\/produto\/fizzy-boom-blueberry-watermelon-bubblegum-13000-puffs\/","url":"https:\/\/fizzyvape.eu\/pt-pt\/produto\/fizzy-boom-blueberry-watermelon-bubblegum-13000-puffs\/","name":"Fizzy Boom Blueberry Watermelon Bubblegum - 13000 Puffs - fizzyvape.eu","isPartOf":{"@id":"https:\/\/www.fizzyvape.eu\/pt-pt\/#website"},"primaryImageOfPage":{"@id":"https:\/\/fizzyvape.eu\/pt-pt\/produto\/fizzy-boom-blueberry-watermelon-bubblegum-13000-puffs\/#primaryimage"},"image":{"@id":"https:\/\/fizzyvape.eu\/pt-pt\/produto\/fizzy-boom-blueberry-watermelon-bubblegum-13000-puffs\/#primaryimage"},"thumbnailUrl":"https:\/\/fizzyvape.eu\/wp-content\/uploads\/2025\/03\/FizzyVape-Boom-Blueberry-Watermelon-Bubblegum-13000puff-4.jpg","datePublished":"2025-03-28T06:31:57+00:00","breadcrumb":{"@id":"https:\/\/fizzyvape.eu\/pt-pt\/produto\/fizzy-boom-blueberry-watermelon-bubblegum-13000-puffs\/#breadcrumb"},"inLanguage":"pt-PT","potentialAction":[{"@type":"ReadAction","target":["https:\/\/fizzyvape.eu\/pt-pt\/produto\/fizzy-boom-blueberry-watermelon-bubblegum-13000-puffs\/"]}]},{"@type":"ImageObject","inLanguage":"pt-PT","@id":"https:\/\/fizzyvape.eu\/pt-pt\/produto\/fizzy-boom-blueberry-watermelon-bubblegum-13000-puffs\/#primaryimage","url":"https:\/\/fizzyvape.eu\/wp-content\/uploads\/2025\/03\/FizzyVape-Boom-Blueberry-Watermelon-Bubblegum-13000puff-4.jpg","contentUrl":"https:\/\/fizzyvape.eu\/wp-content\/uploads\/2025\/03\/FizzyVape-Boom-Blueberry-Watermelon-Bubblegum-13000puff-4.jpg","width":1500,"height":1500,"caption":"FizzyVape-Boom-Blueberry Watermelon-Bubblegum-13000puff"},{"@type":"BreadcrumbList","@id":"https:\/\/fizzyvape.eu\/pt-pt\/produto\/fizzy-boom-blueberry-watermelon-bubblegum-13000-puffs\/#breadcrumb","itemListElement":[{"@type":"ListItem","position":1,"name":"Home","item":"https:\/\/fizzyvape.eu\/pt-pt\/"},{"@type":"ListItem","position":2,"name":"Shop","item":"https:\/\/www.fizzyvape.eu\/pt-pt\/shop\/"},{"@type":"ListItem","position":3,"name":"Fizzy Boom Blueberry Watermelon Bubblegum &#8211; 13000 Puffs"}]},{"@type":"WebSite","@id":"https:\/\/www.fizzyvape.eu\/pt-pt\/#website","url":"https:\/\/www.fizzyvape.eu\/pt-pt\/","name":"fizzyvape.eu","description":"Refreshing Vapes. Unforgettable Taste.","publisher":{"@id":"https:\/\/www.fizzyvape.eu\/pt-pt\/#organization"},"potentialAction":[{"@type":"SearchAction","target":{"@type":"EntryPoint","urlTemplate":"https:\/\/www.fizzyvape.eu\/pt-pt\/?s={search_term_string}"},"query-input":{"@type":"PropertyValueSpecification","valueRequired":true,"valueName":"search_term_string"}}],"inLanguage":"pt-PT"},{"@type":"Organization","@id":"https:\/\/www.fizzyvape.eu\/pt-pt\/#organization","name":"fizzyvape.eu","url":"https:\/\/www.fizzyvape.eu\/pt-pt\/","logo":{"@type":"ImageObject","inLanguage":"pt-PT","@id":"https:\/\/www.fizzyvape.eu\/pt-pt\/#\/schema\/logo\/image\/","url":"https:\/\/fizzyvape.eu\/wp-content\/uploads\/2019\/06\/print-1.svg","contentUrl":"https:\/\/fizzyvape.eu\/wp-content\/uploads\/2019\/06\/print-1.svg","width":124,"height":37,"caption":"fizzyvape.eu"},"image":{"@id":"https:\/\/www.fizzyvape.eu\/pt-pt\/#\/schema\/logo\/image\/"}}]},"og_availability":"out of stock","product_availability":"out of stock","product_condition":"new"},"tiered_pricing_type":"fixed","tiered_pricing_fixed_rules":[],"tiered_pricing_product_settings":{"layout":"default","base_unit_name":{"singular":null,"plural":null},"default_variation":null},"tiered_pricing_minimum_quantity":null,"tiered_pricing_roles_data":[],"tiered_pricing_percentage_rules":[],"tiered_pricing_maximum_quantity":null,"tiered_pricing_quantity_step":null,"_links":{"self":[{"href":"https:\/\/fizzyvape.eu\/pt-pt\/wp-json\/wp\/v2\/product\/25654","targetHints":{"allow":["GET"]}}],"collection":[{"href":"https:\/\/fizzyvape.eu\/pt-pt\/wp-json\/wp\/v2\/product"}],"about":[{"href":"https:\/\/fizzyvape.eu\/pt-pt\/wp-json\/wp\/v2\/types\/product"}],"replies":[{"embeddable":true,"href":"https:\/\/fizzyvape.eu\/pt-pt\/wp-json\/wp\/v2\/comments?post=25654"}],"version-history":[{"count":0,"href":"https:\/\/fizzyvape.eu\/pt-pt\/wp-json\/wp\/v2\/product\/25654\/revisions"}],"wp:featuredmedia":[{"embeddable":true,"href":"https:\/\/fizzyvape.eu\/pt-pt\/wp-json\/wp\/v2\/media\/21175"}],"wp:attachment":[{"href":"https:\/\/fizzyvape.eu\/pt-pt\/wp-json\/wp\/v2\/media?parent=25654"}],"wp:term":[{"taxonomy":"product_brand","embeddable":true,"href":"https:\/\/fizzyvape.eu\/pt-pt\/wp-json\/wp\/v2\/product_brand?post=25654"},{"taxonomy":"product_cat","embeddable":true,"href":"https:\/\/fizzyvape.eu\/pt-pt\/wp-json\/wp\/v2\/product_cat?post=25654"},{"taxonomy":"product_tag","embeddable":true,"href":"https:\/\/fizzyvape.eu\/pt-pt\/wp-json\/wp\/v2\/product_tag?post=25654"}],"curies":[{"name":"wp","href":"https:\/\/api.w.org\/{rel}","templated":true}]}}